{"id":177,"date":"2026-01-19T13:57:32","date_gmt":"2026-01-19T13:57:32","guid":{"rendered":"https:\/\/www.transtoyou.com\/fi\/?page_id=177"},"modified":"2026-01-26T08:04:55","modified_gmt":"2026-01-26T08:04:55","slug":"verkkolaakari","status":"publish","type":"page","link":"https:\/\/www.transtoyou.com\/fi\/verkkolaakari\/","title":{"rendered":"Verkkol\u00e4\u00e4k\u00e4ri"},"content":{"rendered":"","protected":false},"excerpt":{"rendered":"","protected":false},"author":13,"featured_media":178,"parent":0,"menu_order":0,"comment_status":"closed","ping_status":"closed","template":"","meta":{"footnotes":""},"class_list":["post-177","page","type-page","status-publish","has-post-thumbnail","hentry"],"yoast_head":"<!-- This site is optimized with the Yoast SEO plugin v27.0 - https:\/\/yoast.com\/product\/yoast-seo-wordpress\/ -->\n<title>Verkko-asiantuntijakonsultaatiot ja reseptit - Transtoyou<\/title>\n<meta name=\"description\" content=\"Yhdist\u00e4 lisensoituihin l\u00e4\u00e4k\u00e4reihin verkossa Transtoyou&#039;ssa turvallisten konsultaation, reseptien ja terveydenhuollon tuotteiden saamiseksi. Aina l\u00e4\u00e4k\u00e4rin tarkistamia ja s\u00e4\u00e4deltyj\u00e4.\" \/>\n<meta name=\"robots\" content=\"noindex, follow, max-snippet:-1, max-image-preview:large, max-video-preview:-1\" \/>\n<meta property=\"og:locale\" content=\"fi_FI\" \/>\n<meta property=\"og:type\" content=\"article\" \/>\n<meta property=\"og:title\" content=\"Online Doctor Consultations and Prescriptions - Transtoyou\" \/>\n<meta property=\"og:description\" content=\"Yhdist\u00e4 lisensoituihin l\u00e4\u00e4k\u00e4reihin verkossa Transtoyou&#039;ssa turvallisten konsultaation, reseptien ja terveydenhuollon tuotteiden saamiseksi. Aina l\u00e4\u00e4k\u00e4rin tarkistamia ja s\u00e4\u00e4deltyj\u00e4.\" \/>\n<meta property=\"og:url\" content=\"https:\/\/www.transtoyou.com\/fi\/verkkolaakari\/\" \/>\n<meta property=\"og:site_name\" content=\"Transtoyou - FI\" \/>\n<meta property=\"article:modified_time\" content=\"2026-01-26T08:04:55+00:00\" \/>\n<meta property=\"og:image\" content=\"https:\/\/www.transtoyou.com\/fi\/wp-content\/uploads\/sites\/16\/2026\/01\/Logo-500x500-bg-13.png\" \/>\n\t<meta property=\"og:image:width\" content=\"500\" \/>\n\t<meta property=\"og:image:height\" content=\"500\" \/>\n\t<meta property=\"og:image:type\" content=\"image\/png\" \/>\n<meta name=\"twitter:card\" content=\"summary_large_image\" \/>\n<meta name=\"twitter:title\" content=\"Online Doctor Consultations and Prescriptions - Transtoyou\" \/>\n<meta name=\"twitter:label1\" content=\"Arvioitu lukuaika\" \/>\n\t<meta name=\"twitter:data1\" content=\"1 minuutti\" \/>\n<script type=\"application\/ld+json\" class=\"yoast-schema-graph\">{\"@context\":\"https:\/\/schema.org\",\"@graph\":[{\"@type\":\"WebPage\",\"@id\":\"https:\/\/www.transtoyou.com\/fi\/verkkolaakari\/\",\"url\":\"https:\/\/www.transtoyou.com\/fi\/verkkolaakari\/\",\"name\":\"Verkko-asiantuntijakonsultaatiot ja reseptit - Transtoyou\",\"isPartOf\":{\"@id\":\"https:\/\/www.transtoyou.com\/fi\/#website\"},\"primaryImageOfPage\":{\"@id\":\"https:\/\/www.transtoyou.com\/fi\/verkkolaakari\/#primaryimage\"},\"image\":{\"@id\":\"https:\/\/www.transtoyou.com\/fi\/verkkolaakari\/#primaryimage\"},\"thumbnailUrl\":\"https:\/\/www.transtoyou.com\/fi\/wp-content\/uploads\/sites\/16\/2026\/01\/Logo-500x500-bg-13.png\",\"datePublished\":\"2026-01-19T13:57:32+00:00\",\"dateModified\":\"2026-01-26T08:04:55+00:00\",\"description\":\"Yhdist\u00e4 lisensoituihin l\u00e4\u00e4k\u00e4reihin verkossa Transtoyou'ssa turvallisten konsultaation, reseptien ja terveydenhuollon tuotteiden saamiseksi. Aina l\u00e4\u00e4k\u00e4rin tarkistamia ja s\u00e4\u00e4deltyj\u00e4.\",\"breadcrumb\":{\"@id\":\"https:\/\/www.transtoyou.com\/fi\/verkkolaakari\/#breadcrumb\"},\"inLanguage\":\"fi\",\"potentialAction\":[{\"@type\":\"ReadAction\",\"target\":[\"https:\/\/www.transtoyou.com\/fi\/verkkolaakari\/\"]}]},{\"@type\":\"ImageObject\",\"inLanguage\":\"fi\",\"@id\":\"https:\/\/www.transtoyou.com\/fi\/verkkolaakari\/#primaryimage\",\"url\":\"https:\/\/www.transtoyou.com\/fi\/wp-content\/uploads\/sites\/16\/2026\/01\/Logo-500x500-bg-13.png\",\"contentUrl\":\"https:\/\/www.transtoyou.com\/fi\/wp-content\/uploads\/sites\/16\/2026\/01\/Logo-500x500-bg-13.png\",\"width\":500,\"height\":500,\"caption\":\"Transtoyou-logo\"},{\"@type\":\"WebSite\",\"@id\":\"https:\/\/www.transtoyou.com\/fi\/#website\",\"url\":\"https:\/\/www.transtoyou.com\/fi\/\",\"name\":\"Transtoyou - FI\",\"description\":\"\",\"publisher\":{\"@id\":\"https:\/\/www.transtoyou.com\/fi\/#organization\"},\"potentialAction\":[{\"@type\":\"SearchAction\",\"target\":{\"@type\":\"EntryPoint\",\"urlTemplate\":\"https:\/\/www.transtoyou.com\/fi\/?s={search_term_string}\"},\"query-input\":{\"@type\":\"PropertyValueSpecification\",\"valueRequired\":true,\"valueName\":\"search_term_string\"}}],\"inLanguage\":\"fi\"},{\"@type\":\"Organization\",\"@id\":\"https:\/\/www.transtoyou.com\/fi\/#organization\",\"name\":\"Transtoyou - FI\",\"url\":\"https:\/\/www.transtoyou.com\/fi\/\",\"logo\":{\"@type\":\"ImageObject\",\"inLanguage\":\"fi\",\"@id\":\"https:\/\/www.transtoyou.com\/fi\/#\/schema\/logo\/image\/\",\"url\":\"https:\/\/www.transtoyou.com\/fi\/wp-content\/uploads\/sites\/16\/2026\/01\/logo-tty-menu-bar-300x87-1.webp\",\"contentUrl\":\"https:\/\/www.transtoyou.com\/fi\/wp-content\/uploads\/sites\/16\/2026\/01\/logo-tty-menu-bar-300x87-1.webp\",\"width\":300,\"height\":87,\"caption\":\"Transtoyou - FI\"},\"image\":{\"@id\":\"https:\/\/www.transtoyou.com\/fi\/#\/schema\/logo\/image\/\"}}]}<\/script>\n<!-- \/ Yoast SEO plugin. -->","yoast_head_json":{"title":"Verkko-asiantuntijakonsultaatiot ja reseptit - Transtoyou","description":"Yhdist\u00e4 lisensoituihin l\u00e4\u00e4k\u00e4reihin verkossa Transtoyou'ssa turvallisten konsultaation, reseptien ja terveydenhuollon tuotteiden saamiseksi. Aina l\u00e4\u00e4k\u00e4rin tarkistamia ja s\u00e4\u00e4deltyj\u00e4.","robots":{"index":"noindex","follow":"follow","max-snippet":"max-snippet:-1","max-image-preview":"max-image-preview:large","max-video-preview":"max-video-preview:-1"},"og_locale":"fi_FI","og_type":"article","og_title":"Online Doctor Consultations and Prescriptions - Transtoyou","og_description":"Yhdist\u00e4 lisensoituihin l\u00e4\u00e4k\u00e4reihin verkossa Transtoyou'ssa turvallisten konsultaation, reseptien ja terveydenhuollon tuotteiden saamiseksi. Aina l\u00e4\u00e4k\u00e4rin tarkistamia ja s\u00e4\u00e4deltyj\u00e4.","og_url":"https:\/\/www.transtoyou.com\/fi\/verkkolaakari\/","og_site_name":"Transtoyou - FI","article_modified_time":"2026-01-26T08:04:55+00:00","og_image":[{"width":500,"height":500,"url":"https:\/\/www.transtoyou.com\/fi\/wp-content\/uploads\/sites\/16\/2026\/01\/Logo-500x500-bg-13.png","type":"image\/png"}],"twitter_card":"summary_large_image","twitter_title":"Online Doctor Consultations and Prescriptions - Transtoyou","twitter_misc":{"Arvioitu lukuaika":"1 minuutti"},"schema":{"@context":"https:\/\/schema.org","@graph":[{"@type":"WebPage","@id":"https:\/\/www.transtoyou.com\/fi\/verkkolaakari\/","url":"https:\/\/www.transtoyou.com\/fi\/verkkolaakari\/","name":"Verkko-asiantuntijakonsultaatiot ja reseptit - Transtoyou","isPartOf":{"@id":"https:\/\/www.transtoyou.com\/fi\/#website"},"primaryImageOfPage":{"@id":"https:\/\/www.transtoyou.com\/fi\/verkkolaakari\/#primaryimage"},"image":{"@id":"https:\/\/www.transtoyou.com\/fi\/verkkolaakari\/#primaryimage"},"thumbnailUrl":"https:\/\/www.transtoyou.com\/fi\/wp-content\/uploads\/sites\/16\/2026\/01\/Logo-500x500-bg-13.png","datePublished":"2026-01-19T13:57:32+00:00","dateModified":"2026-01-26T08:04:55+00:00","description":"Yhdist\u00e4 lisensoituihin l\u00e4\u00e4k\u00e4reihin verkossa Transtoyou'ssa turvallisten konsultaation, reseptien ja terveydenhuollon tuotteiden saamiseksi. Aina l\u00e4\u00e4k\u00e4rin tarkistamia ja s\u00e4\u00e4deltyj\u00e4.","breadcrumb":{"@id":"https:\/\/www.transtoyou.com\/fi\/verkkolaakari\/#breadcrumb"},"inLanguage":"fi","potentialAction":[{"@type":"ReadAction","target":["https:\/\/www.transtoyou.com\/fi\/verkkolaakari\/"]}]},{"@type":"ImageObject","inLanguage":"fi","@id":"https:\/\/www.transtoyou.com\/fi\/verkkolaakari\/#primaryimage","url":"https:\/\/www.transtoyou.com\/fi\/wp-content\/uploads\/sites\/16\/2026\/01\/Logo-500x500-bg-13.png","contentUrl":"https:\/\/www.transtoyou.com\/fi\/wp-content\/uploads\/sites\/16\/2026\/01\/Logo-500x500-bg-13.png","width":500,"height":500,"caption":"Transtoyou-logo"},{"@type":"WebSite","@id":"https:\/\/www.transtoyou.com\/fi\/#website","url":"https:\/\/www.transtoyou.com\/fi\/","name":"Transtoyou - FI","description":"","publisher":{"@id":"https:\/\/www.transtoyou.com\/fi\/#organization"},"potentialAction":[{"@type":"SearchAction","target":{"@type":"EntryPoint","urlTemplate":"https:\/\/www.transtoyou.com\/fi\/?s={search_term_string}"},"query-input":{"@type":"PropertyValueSpecification","valueRequired":true,"valueName":"search_term_string"}}],"inLanguage":"fi"},{"@type":"Organization","@id":"https:\/\/www.transtoyou.com\/fi\/#organization","name":"Transtoyou - FI","url":"https:\/\/www.transtoyou.com\/fi\/","logo":{"@type":"ImageObject","inLanguage":"fi","@id":"https:\/\/www.transtoyou.com\/fi\/#\/schema\/logo\/image\/","url":"https:\/\/www.transtoyou.com\/fi\/wp-content\/uploads\/sites\/16\/2026\/01\/logo-tty-menu-bar-300x87-1.webp","contentUrl":"https:\/\/www.transtoyou.com\/fi\/wp-content\/uploads\/sites\/16\/2026\/01\/logo-tty-menu-bar-300x87-1.webp","width":300,"height":87,"caption":"Transtoyou - FI"},"image":{"@id":"https:\/\/www.transtoyou.com\/fi\/#\/schema\/logo\/image\/"}}]}},"_links":{"self":[{"href":"https:\/\/www.transtoyou.com\/fi\/wp-json\/wp\/v2\/pages\/177","targetHints":{"allow":["GET"]}}],"collection":[{"href":"https:\/\/www.transtoyou.com\/fi\/wp-json\/wp\/v2\/pages"}],"about":[{"href":"https:\/\/www.transtoyou.com\/fi\/wp-json\/wp\/v2\/types\/page"}],"author":[{"embeddable":true,"href":"https:\/\/www.transtoyou.com\/fi\/wp-json\/wp\/v2\/users\/13"}],"replies":[{"embeddable":true,"href":"https:\/\/www.transtoyou.com\/fi\/wp-json\/wp\/v2\/comments?post=177"}],"version-history":[{"count":1,"href":"https:\/\/www.transtoyou.com\/fi\/wp-json\/wp\/v2\/pages\/177\/revisions"}],"predecessor-version":[{"id":179,"href":"https:\/\/www.transtoyou.com\/fi\/wp-json\/wp\/v2\/pages\/177\/revisions\/179"}],"wp:featuredmedia":[{"embeddable":true,"href":"https:\/\/www.transtoyou.com\/fi\/wp-json\/wp\/v2\/media\/178"}],"wp:attachment":[{"href":"https:\/\/www.transtoyou.com\/fi\/wp-json\/wp\/v2\/media?parent=177"}],"curies":[{"name":"wp","href":"https:\/\/api.w.org\/{rel}","templated":true}]}}