{"id":183,"date":"2026-01-19T13:57:55","date_gmt":"2026-01-19T13:57:55","guid":{"rendered":"https:\/\/www.transtoyou.com\/fi\/?page_id=183"},"modified":"2026-01-26T07:59:19","modified_gmt":"2026-01-26T07:59:19","slug":"konsultaatio-prosessi","status":"publish","type":"page","link":"https:\/\/www.transtoyou.com\/fi\/konsultaatio-prosessi\/","title":{"rendered":"Konsultaatio Prosessi"},"content":{"rendered":"","protected":false},"excerpt":{"rendered":"","protected":false},"author":13,"featured_media":184,"parent":0,"menu_order":0,"comment_status":"closed","ping_status":"closed","template":"","meta":{"footnotes":""},"class_list":["post-183","page","type-page","status-publish","has-post-thumbnail","hentry"],"yoast_head":"<!-- This site is optimized with the Yoast SEO plugin v27.0 - https:\/\/yoast.com\/product\/yoast-seo-wordpress\/ -->\n<title>Konsultaatio Prosessin Yhteenveto - Transtoyou<\/title>\n<meta name=\"description\" content=\"Tutustu Transtoyoun konsultointiprosessiin: yhdist\u00e4 lisensoituihin l\u00e4\u00e4k\u00e4reihin, saa henkil\u00f6kohtaisia l\u00e4\u00e4k\u00e4rinarvioita ja tutustu resepti- ja hyvinvointil\u00e4\u00e4kkeisiin.\" \/>\n<meta name=\"robots\" content=\"noindex, follow, max-snippet:-1, max-image-preview:large, max-video-preview:-1\" \/>\n<meta property=\"og:locale\" content=\"fi_FI\" \/>\n<meta property=\"og:type\" content=\"article\" \/>\n<meta property=\"og:title\" content=\"Konsultaatio Prosessin Yhteenveto - Transtoyou\" \/>\n<meta property=\"og:description\" content=\"Tutustu Transtoyoun konsultointiprosessiin: yhdist\u00e4 lisensoituihin l\u00e4\u00e4k\u00e4reihin, saa henkil\u00f6kohtaisia l\u00e4\u00e4k\u00e4rinarvioita ja tutustu resepti- ja hyvinvointil\u00e4\u00e4kkeisiin.\" \/>\n<meta property=\"og:url\" content=\"https:\/\/www.transtoyou.com\/fi\/konsultaatio-prosessi\/\" \/>\n<meta property=\"og:site_name\" content=\"Transtoyou - FI\" \/>\n<meta property=\"article:modified_time\" content=\"2026-01-26T07:59:19+00:00\" \/>\n<meta property=\"og:image\" content=\"https:\/\/www.transtoyou.com\/fi\/wp-content\/uploads\/sites\/16\/2026\/01\/Logo-500x500-bg-15.png\" \/>\n\t<meta property=\"og:image:width\" content=\"500\" \/>\n\t<meta property=\"og:image:height\" content=\"500\" \/>\n\t<meta property=\"og:image:type\" content=\"image\/png\" \/>\n<meta name=\"twitter:card\" content=\"summary_large_image\" \/>\n<meta name=\"twitter:label1\" content=\"Arvioitu lukuaika\" \/>\n\t<meta name=\"twitter:data1\" content=\"1 minuutti\" \/>\n<script type=\"application\/ld+json\" class=\"yoast-schema-graph\">{\"@context\":\"https:\/\/schema.org\",\"@graph\":[{\"@type\":\"WebPage\",\"@id\":\"https:\/\/www.transtoyou.com\/fi\/konsultaatio-prosessi\/\",\"url\":\"https:\/\/www.transtoyou.com\/fi\/konsultaatio-prosessi\/\",\"name\":\"Konsultaatio Prosessin Yhteenveto - Transtoyou\",\"isPartOf\":{\"@id\":\"https:\/\/www.transtoyou.com\/fi\/#website\"},\"primaryImageOfPage\":{\"@id\":\"https:\/\/www.transtoyou.com\/fi\/konsultaatio-prosessi\/#primaryimage\"},\"image\":{\"@id\":\"https:\/\/www.transtoyou.com\/fi\/konsultaatio-prosessi\/#primaryimage\"},\"thumbnailUrl\":\"https:\/\/www.transtoyou.com\/fi\/wp-content\/uploads\/sites\/16\/2026\/01\/Logo-500x500-bg-15.png\",\"datePublished\":\"2026-01-19T13:57:55+00:00\",\"dateModified\":\"2026-01-26T07:59:19+00:00\",\"description\":\"Tutustu Transtoyoun konsultointiprosessiin: yhdist\u00e4 lisensoituihin l\u00e4\u00e4k\u00e4reihin, saa henkil\u00f6kohtaisia l\u00e4\u00e4k\u00e4rinarvioita ja tutustu resepti- ja hyvinvointil\u00e4\u00e4kkeisiin.\",\"breadcrumb\":{\"@id\":\"https:\/\/www.transtoyou.com\/fi\/konsultaatio-prosessi\/#breadcrumb\"},\"inLanguage\":\"fi\",\"potentialAction\":[{\"@type\":\"ReadAction\",\"target\":[\"https:\/\/www.transtoyou.com\/fi\/konsultaatio-prosessi\/\"]}]},{\"@type\":\"ImageObject\",\"inLanguage\":\"fi\",\"@id\":\"https:\/\/www.transtoyou.com\/fi\/konsultaatio-prosessi\/#primaryimage\",\"url\":\"https:\/\/www.transtoyou.com\/fi\/wp-content\/uploads\/sites\/16\/2026\/01\/Logo-500x500-bg-15.png\",\"contentUrl\":\"https:\/\/www.transtoyou.com\/fi\/wp-content\/uploads\/sites\/16\/2026\/01\/Logo-500x500-bg-15.png\",\"width\":500,\"height\":500,\"caption\":\"Transtoyou-logo\"},{\"@type\":\"WebSite\",\"@id\":\"https:\/\/www.transtoyou.com\/fi\/#website\",\"url\":\"https:\/\/www.transtoyou.com\/fi\/\",\"name\":\"Transtoyou - FI\",\"description\":\"\",\"publisher\":{\"@id\":\"https:\/\/www.transtoyou.com\/fi\/#organization\"},\"potentialAction\":[{\"@type\":\"SearchAction\",\"target\":{\"@type\":\"EntryPoint\",\"urlTemplate\":\"https:\/\/www.transtoyou.com\/fi\/?s={search_term_string}\"},\"query-input\":{\"@type\":\"PropertyValueSpecification\",\"valueRequired\":true,\"valueName\":\"search_term_string\"}}],\"inLanguage\":\"fi\"},{\"@type\":\"Organization\",\"@id\":\"https:\/\/www.transtoyou.com\/fi\/#organization\",\"name\":\"Transtoyou - FI\",\"url\":\"https:\/\/www.transtoyou.com\/fi\/\",\"logo\":{\"@type\":\"ImageObject\",\"inLanguage\":\"fi\",\"@id\":\"https:\/\/www.transtoyou.com\/fi\/#\/schema\/logo\/image\/\",\"url\":\"https:\/\/www.transtoyou.com\/fi\/wp-content\/uploads\/sites\/16\/2026\/01\/logo-tty-menu-bar-300x87-1.webp\",\"contentUrl\":\"https:\/\/www.transtoyou.com\/fi\/wp-content\/uploads\/sites\/16\/2026\/01\/logo-tty-menu-bar-300x87-1.webp\",\"width\":300,\"height\":87,\"caption\":\"Transtoyou - FI\"},\"image\":{\"@id\":\"https:\/\/www.transtoyou.com\/fi\/#\/schema\/logo\/image\/\"}}]}<\/script>\n<!-- \/ Yoast SEO plugin. -->","yoast_head_json":{"title":"Konsultaatio Prosessin Yhteenveto - Transtoyou","description":"Tutustu Transtoyoun konsultointiprosessiin: yhdist\u00e4 lisensoituihin l\u00e4\u00e4k\u00e4reihin, saa henkil\u00f6kohtaisia l\u00e4\u00e4k\u00e4rinarvioita ja tutustu resepti- ja hyvinvointil\u00e4\u00e4kkeisiin.","robots":{"index":"noindex","follow":"follow","max-snippet":"max-snippet:-1","max-image-preview":"max-image-preview:large","max-video-preview":"max-video-preview:-1"},"og_locale":"fi_FI","og_type":"article","og_title":"Konsultaatio Prosessin Yhteenveto - Transtoyou","og_description":"Tutustu Transtoyoun konsultointiprosessiin: yhdist\u00e4 lisensoituihin l\u00e4\u00e4k\u00e4reihin, saa henkil\u00f6kohtaisia l\u00e4\u00e4k\u00e4rinarvioita ja tutustu resepti- ja hyvinvointil\u00e4\u00e4kkeisiin.","og_url":"https:\/\/www.transtoyou.com\/fi\/konsultaatio-prosessi\/","og_site_name":"Transtoyou - FI","article_modified_time":"2026-01-26T07:59:19+00:00","og_image":[{"width":500,"height":500,"url":"https:\/\/www.transtoyou.com\/fi\/wp-content\/uploads\/sites\/16\/2026\/01\/Logo-500x500-bg-15.png","type":"image\/png"}],"twitter_card":"summary_large_image","twitter_misc":{"Arvioitu lukuaika":"1 minuutti"},"schema":{"@context":"https:\/\/schema.org","@graph":[{"@type":"WebPage","@id":"https:\/\/www.transtoyou.com\/fi\/konsultaatio-prosessi\/","url":"https:\/\/www.transtoyou.com\/fi\/konsultaatio-prosessi\/","name":"Konsultaatio Prosessin Yhteenveto - Transtoyou","isPartOf":{"@id":"https:\/\/www.transtoyou.com\/fi\/#website"},"primaryImageOfPage":{"@id":"https:\/\/www.transtoyou.com\/fi\/konsultaatio-prosessi\/#primaryimage"},"image":{"@id":"https:\/\/www.transtoyou.com\/fi\/konsultaatio-prosessi\/#primaryimage"},"thumbnailUrl":"https:\/\/www.transtoyou.com\/fi\/wp-content\/uploads\/sites\/16\/2026\/01\/Logo-500x500-bg-15.png","datePublished":"2026-01-19T13:57:55+00:00","dateModified":"2026-01-26T07:59:19+00:00","description":"Tutustu Transtoyoun konsultointiprosessiin: yhdist\u00e4 lisensoituihin l\u00e4\u00e4k\u00e4reihin, saa henkil\u00f6kohtaisia l\u00e4\u00e4k\u00e4rinarvioita ja tutustu resepti- ja hyvinvointil\u00e4\u00e4kkeisiin.","breadcrumb":{"@id":"https:\/\/www.transtoyou.com\/fi\/konsultaatio-prosessi\/#breadcrumb"},"inLanguage":"fi","potentialAction":[{"@type":"ReadAction","target":["https:\/\/www.transtoyou.com\/fi\/konsultaatio-prosessi\/"]}]},{"@type":"ImageObject","inLanguage":"fi","@id":"https:\/\/www.transtoyou.com\/fi\/konsultaatio-prosessi\/#primaryimage","url":"https:\/\/www.transtoyou.com\/fi\/wp-content\/uploads\/sites\/16\/2026\/01\/Logo-500x500-bg-15.png","contentUrl":"https:\/\/www.transtoyou.com\/fi\/wp-content\/uploads\/sites\/16\/2026\/01\/Logo-500x500-bg-15.png","width":500,"height":500,"caption":"Transtoyou-logo"},{"@type":"WebSite","@id":"https:\/\/www.transtoyou.com\/fi\/#website","url":"https:\/\/www.transtoyou.com\/fi\/","name":"Transtoyou - FI","description":"","publisher":{"@id":"https:\/\/www.transtoyou.com\/fi\/#organization"},"potentialAction":[{"@type":"SearchAction","target":{"@type":"EntryPoint","urlTemplate":"https:\/\/www.transtoyou.com\/fi\/?s={search_term_string}"},"query-input":{"@type":"PropertyValueSpecification","valueRequired":true,"valueName":"search_term_string"}}],"inLanguage":"fi"},{"@type":"Organization","@id":"https:\/\/www.transtoyou.com\/fi\/#organization","name":"Transtoyou - FI","url":"https:\/\/www.transtoyou.com\/fi\/","logo":{"@type":"ImageObject","inLanguage":"fi","@id":"https:\/\/www.transtoyou.com\/fi\/#\/schema\/logo\/image\/","url":"https:\/\/www.transtoyou.com\/fi\/wp-content\/uploads\/sites\/16\/2026\/01\/logo-tty-menu-bar-300x87-1.webp","contentUrl":"https:\/\/www.transtoyou.com\/fi\/wp-content\/uploads\/sites\/16\/2026\/01\/logo-tty-menu-bar-300x87-1.webp","width":300,"height":87,"caption":"Transtoyou - FI"},"image":{"@id":"https:\/\/www.transtoyou.com\/fi\/#\/schema\/logo\/image\/"}}]}},"_links":{"self":[{"href":"https:\/\/www.transtoyou.com\/fi\/wp-json\/wp\/v2\/pages\/183","targetHints":{"allow":["GET"]}}],"collection":[{"href":"https:\/\/www.transtoyou.com\/fi\/wp-json\/wp\/v2\/pages"}],"about":[{"href":"https:\/\/www.transtoyou.com\/fi\/wp-json\/wp\/v2\/types\/page"}],"author":[{"embeddable":true,"href":"https:\/\/www.transtoyou.com\/fi\/wp-json\/wp\/v2\/users\/13"}],"replies":[{"embeddable":true,"href":"https:\/\/www.transtoyou.com\/fi\/wp-json\/wp\/v2\/comments?post=183"}],"version-history":[{"count":1,"href":"https:\/\/www.transtoyou.com\/fi\/wp-json\/wp\/v2\/pages\/183\/revisions"}],"predecessor-version":[{"id":185,"href":"https:\/\/www.transtoyou.com\/fi\/wp-json\/wp\/v2\/pages\/183\/revisions\/185"}],"wp:featuredmedia":[{"embeddable":true,"href":"https:\/\/www.transtoyou.com\/fi\/wp-json\/wp\/v2\/media\/184"}],"wp:attachment":[{"href":"https:\/\/www.transtoyou.com\/fi\/wp-json\/wp\/v2\/media?parent=183"}],"curies":[{"name":"wp","href":"https:\/\/api.w.org\/{rel}","templated":true}]}}