{"id":1022,"date":"2026-01-26T03:51:57","date_gmt":"2026-01-26T03:51:57","guid":{"rendered":"https:\/\/www.transtoyou.com\/fi\/product\/paracetamol-codeine\/"},"modified":"2026-03-01T10:27:14","modified_gmt":"2026-03-01T10:27:14","slug":"parasetamoli-kodeiini","status":"publish","type":"product","link":"https:\/\/www.transtoyou.com\/fi\/product\/parasetamoli-kodeiini\/","title":{"rendered":"Parasetamoli\/Kodeiini"},"content":{"rendered":"<p>Kipu on ei-toivottu kumppani p\u00e4ivitt\u00e4isess\u00e4 el\u00e4m\u00e4ss\u00e4, h\u00e4iritsee kaikkea ty\u00f6st\u00e4 yksinkertaisiin iloihin. Paracetamoli\/Codeiini on suunniteltu tarjoamaan helpotusta, kun tavalliset kipul\u00e4\u00e4kkeet, kuten ibuprofeeni tai pelkk\u00e4 paracetamoli, eiv\u00e4t riit\u00e4. T\u00e4m\u00e4 kaksitoiminen l\u00e4\u00e4ke yhdist\u00e4\u00e4 paracetamolin, laajalti k\u00e4ytetyn kipul\u00e4\u00e4kkeen ja kuumetta alentavan aineen, sek\u00e4 kodeiinin, liev\u00e4n opioidin, joka muuttaa kivun havaitsemista aivoissa. Yhdess\u00e4 ne tarjoavat tehokkaamman vasteen kohtuulliseen ja voimakkaaseen kipuun.<\/p>\n<p>Paracetamoli toimii v\u00e4hent\u00e4m\u00e4ll\u00e4 prostaglandiinien tuotantoa &#8211; kemikaaleja kehossa, jotka ovat vastuussa kivusta ja tulehduksesta. Samaan aikaan kodeiini sitoutuu opioidireseptoreihin aivoissa, muuttaen sit\u00e4, miten kipusignaalit k\u00e4sitell\u00e4\u00e4n ja parantaen kivunlievityst\u00e4. T\u00e4m\u00e4 yhdistelm\u00e4 on erityisen tehokas p\u00e4\u00e4ns\u00e4ryiss\u00e4, migreeniss\u00e4, hammaskivuissa, tuki- ja liikuntaelinkivuissa, leikkauksen j\u00e4lkeisess\u00e4 kivussa ja kuukautiskivuissa.<\/p>\n<p>Paracetamoli\/Codeiinin tarjoama helpotus alkaa tyypillisesti 30-60 minuutissa ja kest\u00e4\u00e4 useita tunteja, mik\u00e4 tekee siit\u00e4 luotettavan vaihtoehdon niille, jotka tarvitsevat tehokasta kivunhallintaa. On kuitenkin t\u00e4rke\u00e4\u00e4 k\u00e4ytt\u00e4\u00e4 t\u00e4t\u00e4 l\u00e4\u00e4kett\u00e4 vastuullisesti. Liiallinen paracetamolin k\u00e4ytt\u00f6 voi johtaa maksavaurioihin, kun taas pitk\u00e4aikainen kodeiinin k\u00e4ytt\u00f6 tuo mukanaan riippuvuuden riskin. Sit\u00e4 tulisi k\u00e4ytt\u00e4\u00e4 vain terveydenhuollon ammattilaisen ohjeiden mukaan, ja alkoholia tulisi v\u00e4ltt\u00e4\u00e4, jotta v\u00e4ltet\u00e4\u00e4n lis\u00e4\u00e4ntynyt uneliaisuus ja mahdollinen maksamyrkytys.<\/p>\n","protected":false},"excerpt":{"rendered":"<ul>\n<li>Kaksitoiminen kaava voimakkaampaan helpotukseen<\/li>\n<li>Nopeasti vaikuttava kipul\u00e4\u00e4kekombinaatio<\/li>\n<li>Auttaa, kun tavalliset kipul\u00e4\u00e4kkeet eiv\u00e4t tehoa<\/li>\n<\/ul>\n","protected":false},"featured_media":1024,"comment_status":"open","ping_status":"closed","template":"","meta":[],"product_brand":[],"product_cat":[104,134,128,110,62,51],"product_tag":[],"expert":[16],"class_list":{"0":"post-1022","1":"product","2":"type-product","3":"status-publish","4":"has-post-thumbnail","6":"product_cat-flunssa-yska-vilustumislaakkeet","7":"product_cat-hermokipu","8":"product_cat-kivuliaat-kuukautiset","9":"product_cat-paansarky-ja-migreeni","10":"product_cat-selka-lihas-ja-nivelkipu","11":"product_cat-vatsakipu","12":"expert-dr-c-alexandru","14":"first","15":"instock","16":"shipping-taxable","17":"product-type-variable"},"yoast_head":"<!-- This site is optimized with the Yoast SEO plugin v27.0 - https:\/\/yoast.com\/product\/yoast-seo-wordpress\/ -->\n<title>Osta parasetamolia kodeiinilla verkosta | Nopea helpotus - Transtoyou - FI<\/title>\n<meta name=\"description\" content=\"Tilaa Paracetamoli\/Codeiini verkossa nopeaa ja tehokasta kivunlievityst\u00e4 varten. Ihanteellinen kohtuulliseen ja voimakkaaseen kipuun, kun muut kipul\u00e4\u00e4kkeet eiv\u00e4t riit\u00e4.\" \/>\n<meta name=\"robots\" content=\"noindex, follow, max-snippet:-1, max-image-preview:large, max-video-preview:-1\" \/>\n<meta property=\"og:locale\" content=\"fi_FI\" \/>\n<meta property=\"og:type\" content=\"article\" \/>\n<meta property=\"og:title\" content=\"Osta parasetamolia kodeiinilla verkosta | Nopea helpotus - Transtoyou - FI\" \/>\n<meta property=\"og:description\" content=\"Tilaa Paracetamoli\/Codeiini verkossa nopeaa ja tehokasta kivunlievityst\u00e4 varten. Ihanteellinen kohtuulliseen ja voimakkaaseen kipuun, kun muut kipul\u00e4\u00e4kkeet eiv\u00e4t riit\u00e4.\" \/>\n<meta property=\"og:url\" content=\"https:\/\/www.transtoyou.com\/fi\/product\/paracetamol-codeine\/\" \/>\n<meta property=\"og:site_name\" content=\"Transtoyou - FI\" \/>\n<meta property=\"article:modified_time\" content=\"2026-03-01T10:27:14+00:00\" \/>\n<meta name=\"twitter:card\" content=\"summary_large_image\" \/>\n<meta name=\"twitter:label1\" content=\"Arvioitu lukuaika\" \/>\n\t<meta name=\"twitter:data1\" content=\"1 minuutti\" \/>\n<script type=\"application\/ld+json\" class=\"yoast-schema-graph\">{\"@context\":\"https:\/\/schema.org\",\"@graph\":[{\"@type\":\"WebPage\",\"@id\":\"https:\/\/www.transtoyou.com\/fi\/product\/paracetamol-codeine\/\",\"url\":\"https:\/\/www.transtoyou.com\/fi\/product\/paracetamol-codeine\/\",\"name\":\"Osta parasetamolia kodeiinilla verkosta | Nopea helpotus - Transtoyou - FI\",\"isPartOf\":{\"@id\":\"https:\/\/www.transtoyou.com\/fi\/#website\"},\"primaryImageOfPage\":{\"@id\":\"https:\/\/www.transtoyou.com\/fi\/product\/paracetamol-codeine\/#primaryimage\"},\"image\":{\"@id\":\"https:\/\/www.transtoyou.com\/fi\/product\/paracetamol-codeine\/#primaryimage\"},\"thumbnailUrl\":\"https:\/\/www.transtoyou.com\/fi\/wp-content\/uploads\/sites\/16\/2026\/01\/tty-no-product-image-184.webp\",\"datePublished\":\"2026-01-26T03:51:57+00:00\",\"dateModified\":\"2026-03-01T10:27:14+00:00\",\"description\":\"Tilaa Paracetamoli\/Codeiini verkossa nopeaa ja tehokasta kivunlievityst\u00e4 varten. Ihanteellinen kohtuulliseen ja voimakkaaseen kipuun, kun muut kipul\u00e4\u00e4kkeet eiv\u00e4t riit\u00e4.\",\"breadcrumb\":{\"@id\":\"https:\/\/www.transtoyou.com\/fi\/product\/paracetamol-codeine\/#breadcrumb\"},\"inLanguage\":\"fi\",\"potentialAction\":[{\"@type\":\"ReadAction\",\"target\":[\"https:\/\/www.transtoyou.com\/fi\/product\/paracetamol-codeine\/\"]}]},{\"@type\":\"ImageObject\",\"inLanguage\":\"fi\",\"@id\":\"https:\/\/www.transtoyou.com\/fi\/product\/paracetamol-codeine\/#primaryimage\",\"url\":\"https:\/\/www.transtoyou.com\/fi\/wp-content\/uploads\/sites\/16\/2026\/01\/tty-no-product-image-184.webp\",\"contentUrl\":\"https:\/\/www.transtoyou.com\/fi\/wp-content\/uploads\/sites\/16\/2026\/01\/tty-no-product-image-184.webp\",\"width\":1000,\"height\":1000,\"caption\":\"Oletusarvoinen tuotekuva\"},{\"@type\":\"WebSite\",\"@id\":\"https:\/\/www.transtoyou.com\/fi\/#website\",\"url\":\"https:\/\/www.transtoyou.com\/fi\/\",\"name\":\"Transtoyou - FI\",\"description\":\"\",\"publisher\":{\"@id\":\"https:\/\/www.transtoyou.com\/fi\/#organization\"},\"potentialAction\":[{\"@type\":\"SearchAction\",\"target\":{\"@type\":\"EntryPoint\",\"urlTemplate\":\"https:\/\/www.transtoyou.com\/fi\/?s={search_term_string}\"},\"query-input\":{\"@type\":\"PropertyValueSpecification\",\"valueRequired\":true,\"valueName\":\"search_term_string\"}}],\"inLanguage\":\"fi\"},{\"@type\":\"Organization\",\"@id\":\"https:\/\/www.transtoyou.com\/fi\/#organization\",\"name\":\"Transtoyou - FI\",\"url\":\"https:\/\/www.transtoyou.com\/fi\/\",\"logo\":{\"@type\":\"ImageObject\",\"inLanguage\":\"fi\",\"@id\":\"https:\/\/www.transtoyou.com\/fi\/#\/schema\/logo\/image\/\",\"url\":\"https:\/\/www.transtoyou.com\/fi\/wp-content\/uploads\/sites\/16\/2026\/01\/logo-tty-menu-bar-300x87-1.webp\",\"contentUrl\":\"https:\/\/www.transtoyou.com\/fi\/wp-content\/uploads\/sites\/16\/2026\/01\/logo-tty-menu-bar-300x87-1.webp\",\"width\":300,\"height\":87,\"caption\":\"Transtoyou - FI\"},\"image\":{\"@id\":\"https:\/\/www.transtoyou.com\/fi\/#\/schema\/logo\/image\/\"}}]}<\/script>\n<!-- \/ Yoast SEO plugin. -->","yoast_head_json":{"title":"Osta parasetamolia kodeiinilla verkosta | Nopea helpotus - Transtoyou - FI","description":"Tilaa Paracetamoli\/Codeiini verkossa nopeaa ja tehokasta kivunlievityst\u00e4 varten. Ihanteellinen kohtuulliseen ja voimakkaaseen kipuun, kun muut kipul\u00e4\u00e4kkeet eiv\u00e4t riit\u00e4.","robots":{"index":"noindex","follow":"follow","max-snippet":"max-snippet:-1","max-image-preview":"max-image-preview:large","max-video-preview":"max-video-preview:-1"},"og_locale":"fi_FI","og_type":"article","og_title":"Osta parasetamolia kodeiinilla verkosta | Nopea helpotus - Transtoyou - FI","og_description":"Tilaa Paracetamoli\/Codeiini verkossa nopeaa ja tehokasta kivunlievityst\u00e4 varten. Ihanteellinen kohtuulliseen ja voimakkaaseen kipuun, kun muut kipul\u00e4\u00e4kkeet eiv\u00e4t riit\u00e4.","og_url":"https:\/\/www.transtoyou.com\/fi\/product\/paracetamol-codeine\/","og_site_name":"Transtoyou - FI","article_modified_time":"2026-03-01T10:27:14+00:00","twitter_card":"summary_large_image","twitter_misc":{"Arvioitu lukuaika":"1 minuutti"},"schema":{"@context":"https:\/\/schema.org","@graph":[{"@type":"WebPage","@id":"https:\/\/www.transtoyou.com\/fi\/product\/paracetamol-codeine\/","url":"https:\/\/www.transtoyou.com\/fi\/product\/paracetamol-codeine\/","name":"Osta parasetamolia kodeiinilla verkosta | Nopea helpotus - Transtoyou - FI","isPartOf":{"@id":"https:\/\/www.transtoyou.com\/fi\/#website"},"primaryImageOfPage":{"@id":"https:\/\/www.transtoyou.com\/fi\/product\/paracetamol-codeine\/#primaryimage"},"image":{"@id":"https:\/\/www.transtoyou.com\/fi\/product\/paracetamol-codeine\/#primaryimage"},"thumbnailUrl":"https:\/\/www.transtoyou.com\/fi\/wp-content\/uploads\/sites\/16\/2026\/01\/tty-no-product-image-184.webp","datePublished":"2026-01-26T03:51:57+00:00","dateModified":"2026-03-01T10:27:14+00:00","description":"Tilaa Paracetamoli\/Codeiini verkossa nopeaa ja tehokasta kivunlievityst\u00e4 varten. Ihanteellinen kohtuulliseen ja voimakkaaseen kipuun, kun muut kipul\u00e4\u00e4kkeet eiv\u00e4t riit\u00e4.","breadcrumb":{"@id":"https:\/\/www.transtoyou.com\/fi\/product\/paracetamol-codeine\/#breadcrumb"},"inLanguage":"fi","potentialAction":[{"@type":"ReadAction","target":["https:\/\/www.transtoyou.com\/fi\/product\/paracetamol-codeine\/"]}]},{"@type":"ImageObject","inLanguage":"fi","@id":"https:\/\/www.transtoyou.com\/fi\/product\/paracetamol-codeine\/#primaryimage","url":"https:\/\/www.transtoyou.com\/fi\/wp-content\/uploads\/sites\/16\/2026\/01\/tty-no-product-image-184.webp","contentUrl":"https:\/\/www.transtoyou.com\/fi\/wp-content\/uploads\/sites\/16\/2026\/01\/tty-no-product-image-184.webp","width":1000,"height":1000,"caption":"Oletusarvoinen tuotekuva"},{"@type":"WebSite","@id":"https:\/\/www.transtoyou.com\/fi\/#website","url":"https:\/\/www.transtoyou.com\/fi\/","name":"Transtoyou - FI","description":"","publisher":{"@id":"https:\/\/www.transtoyou.com\/fi\/#organization"},"potentialAction":[{"@type":"SearchAction","target":{"@type":"EntryPoint","urlTemplate":"https:\/\/www.transtoyou.com\/fi\/?s={search_term_string}"},"query-input":{"@type":"PropertyValueSpecification","valueRequired":true,"valueName":"search_term_string"}}],"inLanguage":"fi"},{"@type":"Organization","@id":"https:\/\/www.transtoyou.com\/fi\/#organization","name":"Transtoyou - FI","url":"https:\/\/www.transtoyou.com\/fi\/","logo":{"@type":"ImageObject","inLanguage":"fi","@id":"https:\/\/www.transtoyou.com\/fi\/#\/schema\/logo\/image\/","url":"https:\/\/www.transtoyou.com\/fi\/wp-content\/uploads\/sites\/16\/2026\/01\/logo-tty-menu-bar-300x87-1.webp","contentUrl":"https:\/\/www.transtoyou.com\/fi\/wp-content\/uploads\/sites\/16\/2026\/01\/logo-tty-menu-bar-300x87-1.webp","width":300,"height":87,"caption":"Transtoyou - FI"},"image":{"@id":"https:\/\/www.transtoyou.com\/fi\/#\/schema\/logo\/image\/"}}]}},"_links":{"self":[{"href":"https:\/\/www.transtoyou.com\/fi\/wp-json\/wp\/v2\/product\/1022","targetHints":{"allow":["GET"]}}],"collection":[{"href":"https:\/\/www.transtoyou.com\/fi\/wp-json\/wp\/v2\/product"}],"about":[{"href":"https:\/\/www.transtoyou.com\/fi\/wp-json\/wp\/v2\/types\/product"}],"replies":[{"embeddable":true,"href":"https:\/\/www.transtoyou.com\/fi\/wp-json\/wp\/v2\/comments?post=1022"}],"wp:featuredmedia":[{"embeddable":true,"href":"https:\/\/www.transtoyou.com\/fi\/wp-json\/wp\/v2\/media\/1024"}],"wp:attachment":[{"href":"https:\/\/www.transtoyou.com\/fi\/wp-json\/wp\/v2\/media?parent=1022"}],"wp:term":[{"taxonomy":"product_brand","embeddable":true,"href":"https:\/\/www.transtoyou.com\/fi\/wp-json\/wp\/v2\/product_brand?post=1022"},{"taxonomy":"product_cat","embeddable":true,"href":"https:\/\/www.transtoyou.com\/fi\/wp-json\/wp\/v2\/product_cat?post=1022"},{"taxonomy":"product_tag","embeddable":true,"href":"https:\/\/www.transtoyou.com\/fi\/wp-json\/wp\/v2\/product_tag?post=1022"},{"taxonomy":"expert","embeddable":true,"href":"https:\/\/www.transtoyou.com\/fi\/wp-json\/wp\/v2\/expert?post=1022"}],"curies":[{"name":"wp","href":"https:\/\/api.w.org\/{rel}","templated":true}]}}