{"id":1538,"date":"2026-02-23T11:35:17","date_gmt":"2026-02-23T11:35:17","guid":{"rendered":"https:\/\/www.transtoyou.com\/fi\/product\/bricanyl\/"},"modified":"2026-02-23T11:51:57","modified_gmt":"2026-02-23T11:51:57","slug":"brikanyyli","status":"publish","type":"product","link":"https:\/\/www.transtoyou.com\/fi\/product\/brikanyyli\/","title":{"rendered":"Bricanyl"},"content":{"rendered":"<h2>Mik\u00e4 on Bricanyl Turbuhaler?<\/h2>\n<p>Bricanyl Turbuhaler on kuiva jauhe-inhalaattori, joka sis\u00e4lt\u00e4\u00e4 terbutaliinisulfaatin aktiivisena aineena. Terbutaliini kuuluu lyhytvaikutteisten beeta-2-adrenergisi\u00e4 agonisteja, joita kutsutaan usein keuhkoputkia laajentaviksi l\u00e4\u00e4kkeiksi.<\/p>\n<p>Keuhkoputkia laajentavat l\u00e4\u00e4kkeet rentouttavat hengitysteiden ymp\u00e4rill\u00e4 olevaa sile\u00e4\u00e4 lihasta. Kun n\u00e4m\u00e4 lihakset j\u00e4nnittyv\u00e4t, hengitysteist\u00e4 tulee kapeammat, mik\u00e4 johtaa hengitysvaikeuksiin, vinkumiseen ja rintakeh\u00e4n puristukseen. Inhalaation j\u00e4lkeen terbutaliini stimuloi erityisi\u00e4 reseptoreita hengitysteiden lihaksissa, mik\u00e4 saa ne rentoutumaan ja mahdollistaa ilman virtaamisen vapaammin.<\/p>\n<p>Bricanylin vaikutus alkaa minuuttien kuluessa inhalaation j\u00e4lkeen ja kest\u00e4\u00e4 tyypillisesti noin viisi kuusi tuntia. Koska se vaikuttaa nopeasti, sit\u00e4 k\u00e4ytet\u00e4\u00e4n ensisijaisesti oireiden nopeaan lievitt\u00e4miseen eik\u00e4 pitk\u00e4aikaiseen yll\u00e4pitohoitoon.<\/p>\n<p>Bricanyl Turbuhaler on saatavana 250 mikrogramman ja 500 mikrogramman annoksina per inhalaatio.<\/p>\n<h2>Mihin sit\u00e4 k\u00e4ytet\u00e4\u00e4n?<\/h2>\n<p>Bricanyl Turbuhaleria k\u00e4ytet\u00e4\u00e4n hengitysteiden kaventumisesta johtuvien oireiden lievitt\u00e4miseen. Sit\u00e4 voidaan m\u00e4\u00e4r\u00e4t\u00e4 seuraaviin:<\/p>\n<ul>\n<li>Astma<\/li>\n<li>Krooninen keuhkoputkentulehdus<\/li>\n<li>Emfyseema<\/li>\n<li>Muut keuhkoputkia est\u00e4v\u00e4t sairaudet, joissa on keuhkoputkien lihasten supistumista<\/li>\n<\/ul>\n<p>Astmassa hengitysteiden kaventuminen voi laukaista allergeenit, liikunta, kylm\u00e4 ilma tai hengitystieinfektiot. Bricanyl auttaa lievitt\u00e4m\u00e4\u00e4n n\u00e4it\u00e4 oireita rentouttamalla hengitysteiden lihaksia ja parantamalla ilmanvirtausta.<\/p>\n<p>Bricanylia k\u00e4ytet\u00e4\u00e4n yleens\u00e4 tarpeen mukaan oireiden lievitt\u00e4miseen. Se ei ole korvike s\u00e4\u00e4nn\u00f6lliselle tulehduskipul\u00e4\u00e4kkeelle, kuten inhalaattoreille m\u00e4\u00e4r\u00e4tyille kortikosteroideille.<\/p>\n<p>Jos lyhytvaikutteista keuhkoputkia laajentavaa l\u00e4\u00e4kett\u00e4, kuten Bricanylia, tarvitaan yli kaksi kertaa viikossa astman oireiden hallintaan, t\u00e4m\u00e4 voi viitata siihen, ett\u00e4 tila ei ole riitt\u00e4v\u00e4sti hallinnassa, ja l\u00e4\u00e4k\u00e4rin arviointi on suositeltavaa.<\/p>\n<h2>Kuinka Bricanyl Turbuhaler toimii?<\/h2>\n<p>Terbutaliini stimuloi beeta-2-reseptoreita, jotka sijaitsevat keuhkoputkien sile\u00e4ss\u00e4 lihaksessa. N\u00e4iden reseptoreiden aktivointi saa lihakset rentoutumaan, mik\u00e4 johtaa hengitysteiden laajentumiseen (keuhkoputkia laajentava vaikutus).<\/p>\n<p>Parantamalla ilmanvirtausta Bricanyl v\u00e4hent\u00e4\u00e4 oireita, kuten:<br \/>\n\u2022 Vinkuminen<br \/>\n\u2022 Hengitysvaikeudet<br \/>\n\u2022 Rintakeh\u00e4n puristus<br \/>\n\u2022 Ysk\u00e4, joka liittyy keuhkoputkien supistumiseen<\/p>\n<p>Koska l\u00e4\u00e4ke inhalaoidaan suoraan keuhkoihin, se vaikuttaa paikallisesti hengitysteiden kaventumispaikassa. Keuhkoputkia laajentava vaikutus alkaa minuuttien kuluessa ja kest\u00e4\u00e4 tyypillisesti viisi kuusi tuntia.<\/p>\n<p>Lyhytvaikutteisten keuhkoputkia laajentavien l\u00e4\u00e4kkeiden liiallinen k\u00e4ytt\u00f6 voi viitata astman hallinnan heikkenemiseen. Pelastusinhalointien lis\u00e4\u00e4ntyv\u00e4\u00e4 k\u00e4ytt\u00f6\u00e4 tulee aina keskustella terveydenhuollon ammattilaisen kanssa.<\/p>\n<h2>Kuka ei saa k\u00e4ytt\u00e4\u00e4 Bricanyl Turbuhaleria?<\/h2>\n<p>Bricanylia ei saa k\u00e4ytt\u00e4\u00e4, jos:<\/p>\n<ul>\n<li>Olet allerginen terbutaliinisulfaatille tai jollekin inhalaattorin ainesosalle<\/li>\n<li>Sinulla on hypertrofinen kardiomyopatia (tila, jossa syd\u00e4nlihaksen paksuus lis\u00e4\u00e4ntyy)<\/li>\n<\/ul>\n<p>Erityist\u00e4 varovaisuutta on noudatettava, jos sinulla on:<\/p>\n<ul>\n<li>Syd\u00e4nsairaus, ep\u00e4s\u00e4\u00e4nn\u00f6llinen syd\u00e4men rytmi tai rintakipu<\/li>\n<li><a href=\"\/fi\/treatment\/high-blood-pressure\/\">Korkea verenpaine<\/a><\/li>\n<li><a href=\"\/fi\/treatment\/diabetes\">Diabetes<\/a><\/li>\n<li>Kilpirauhasen liikatoiminta<\/li>\n<li>Matala kaliumtaso<\/li>\n<li>Vaikeuksia virtsata<\/li>\n<\/ul>\n<p>Beeta-2-agonistit voivat nostaa syd\u00e4men sykett\u00e4 ja vaikuttaa kalium- tai verensokeritasoihin. Tietyiss\u00e4 potilaissa voi olla tarpeen seurata tilannetta.<\/p>\n<p>Bricanyl Turbuhaler sis\u00e4lt\u00e4\u00e4 laktoosia, joka saattaa sis\u00e4lt\u00e4\u00e4 pieni\u00e4 m\u00e4\u00e4ri\u00e4 maitoproteiineja. Vakavasta maitoproteiiniallergiasta k\u00e4rsivien tulee keskustella l\u00e4\u00e4k\u00e4rins\u00e4 kanssa ennen k\u00e4ytt\u00f6\u00e4.<\/p>\n<p>Jos oireet pahenevat nopeasti tai suurempia annoksia tarvitaan lievitykseen, hae v\u00e4litt\u00f6m\u00e4sti l\u00e4\u00e4k\u00e4rin apua.<\/p>\n<h2>K\u00e4ytt\u00f6ohjeet ja annostus<\/h2>\n<p>K\u00e4yt\u00e4 Bricanylia aina tarkasti l\u00e4\u00e4k\u00e4rin ohjeiden mukaan.<\/p>\n<p>Oireiden lievitt\u00e4miseen tavanomainen annos on:<\/p>\n<ul>\n<li>1\u20132 inhalaatiota Bricanylia 250 mikrogrammaa<br \/>\ntai<\/li>\n<li>1 inhalaatio Bricanylia 500 mikrogrammaa<\/li>\n<\/ul>\n<p>Maksimi p\u00e4ivitt\u00e4inen annos on 4000 mikrogrammaa. T\u00e4m\u00e4 vastaa:<\/p>\n<ul>\n<li>Enint\u00e4\u00e4n 16 inhalaatiota 250 mikrogrammaa<br \/>\ntai<\/li>\n<li>Enint\u00e4\u00e4n 8 inhalaatiota 500 mikrogrammaa<\/li>\n<\/ul>\n<p>Bricanylia k\u00e4ytet\u00e4\u00e4n tarpeen mukaan oireiden lievitt\u00e4miseen eik\u00e4 kiinte\u00e4ll\u00e4 p\u00e4ivitt\u00e4isell\u00e4 aikataululla.<\/p>\n<p>Jos unohdat annoksen, ota se tarpeen mukaan oireiden vuoksi. \u00c4l\u00e4 ylit\u00e4 m\u00e4\u00e4r\u00e4tty\u00e4 maksimiannosta.<\/p>\n<p>Jos koet \u00e4killist\u00e4 hengitysvaikeuden pahenemista, tarvitset lis\u00e4\u00e4 annoksia tai huomaat, ett\u00e4 inhalaattori tarjoaa v\u00e4hemm\u00e4n helpotusta kuin tavallisesti, hae l\u00e4\u00e4k\u00e4rin apua viipym\u00e4tt\u00e4.<\/p>\n<h2>Mahdolliset haittavaikutukset<\/h2>\n<p>Kuten kaikki l\u00e4\u00e4kkeet, Bricanyl voi aiheuttaa haittavaikutuksia, vaikka kaikki eiv\u00e4t niit\u00e4 koe.<\/p>\n<p>Eritt\u00e4in yleisi\u00e4 haittavaikutuksia voivat olla:<\/p>\n<ul>\n<li>Tremori<\/li>\n<li>P\u00e4\u00e4ns\u00e4rky<\/li>\n<\/ul>\n<p>Yleisi\u00e4 haittavaikutuksia voivat olla:<\/p>\n<ul>\n<li>Nopea syd\u00e4men syke (takykardia)<\/li>\n<li>Rintakipua<\/li>\n<li>Lihaskrampit<\/li>\n<li>Matala kaliumtaso (hypokalemia)<\/li>\n<\/ul>\n<p>Harvinaisia haittavaikutuksia voivat olla:<\/p>\n<ul>\n<li>Ahdistus tai unih\u00e4iri\u00f6t<\/li>\n<li>Syd\u00e4men rytmih\u00e4iri\u00f6t<\/li>\n<li>Keuhkoputkien supistuminen<\/li>\n<li>Pahoinvointi tai oksentaminen<\/li>\n<li>Iho-oireet tai nokkosihottuma<\/li>\n<\/ul>\n<p>Eritt\u00e4in harvinaisia mutta vakavia reaktioita voivat olla:<\/p>\n<ul>\n<li>Vakavat allergiset reaktiot (mukaan lukien angioedeema)<\/li>\n<li>Verenpaineen muutokset<\/li>\n<li>Rintakeh\u00e4n puristus<\/li>\n<\/ul>\n<p>Jos koet rintakipua, vakavia allergisia oireita tai hengitysvaikeuksien pahenemista k\u00e4yt\u00f6n j\u00e4lkeen, hae kiireellisesti l\u00e4\u00e4k\u00e4rin apua.<\/p>\n<h2>T\u00e4rke\u00e4\u00e4 turvallisuustietoa<\/h2>\n<p>Jos Bricanylia tarvitaan yli kaksi kertaa viikossa astman lievitt\u00e4miseen, t\u00e4m\u00e4 voi viitata riitt\u00e4m\u00e4tt\u00f6m\u00e4\u00e4n astman hallintaan. L\u00e4\u00e4k\u00e4rin arviointi tulisi j\u00e4rjest\u00e4\u00e4.<\/p>\n<p>Jos sinulle on m\u00e4\u00e4r\u00e4tty inhalaattoreita tai muita yll\u00e4pitohoitoja, jatka niiden k\u00e4ytt\u00f6\u00e4 s\u00e4\u00e4nn\u00f6llisesti ohjeiden mukaan, vaikka oireet paranevatkin.<\/p>\n<p>Bricanyl voi vaikuttaa verensokeri- ja kaliumtasoihin. Diabeetikoilla tai elektrolyyttitasapainoh\u00e4iri\u00f6ist\u00e4 k\u00e4rsivill\u00e4 potilailla voi olla tarpeen seurata tilannetta.<\/p>\n<p>Raskauden aikana Bricanylia tulisi k\u00e4ytt\u00e4\u00e4 vain l\u00e4\u00e4k\u00e4rin konsultoinnin j\u00e4lkeen. Sit\u00e4 voidaan k\u00e4ytt\u00e4\u00e4 imetyksen aikana ammattilaisen neuvon mukaan.<\/p>\n<p>V\u00e4lt\u00e4 suositellun annoksen ylitt\u00e4mist\u00e4, sill\u00e4 liiallinen k\u00e4ytt\u00f6 voi lis\u00e4t\u00e4 syd\u00e4n- ja verisuonihaittojen riski\u00e4.<\/p>\n<h2>Milloin hakea l\u00e4\u00e4k\u00e4rin apua<\/h2>\n<p>Hae kiireellist\u00e4 l\u00e4\u00e4k\u00e4rin apua, jos:<\/p>\n<ul>\n<li>Hengitys pahenee \u00e4killisesti<\/li>\n<li>Olet liian heng\u00e4stynyt puhumaan, sy\u00f6m\u00e4\u00e4n tai nukkumaan<\/li>\n<li>Rintakipua esiintyy<\/li>\n<li>Vakavia allergisia reaktioita esiintyy<\/li>\n<\/ul>\n<p>Ota yhteytt\u00e4 l\u00e4\u00e4k\u00e4riisi, jos:<\/p>\n<ul>\n<li>Tarvitset lis\u00e4\u00e4 annoksia lievitykseen<\/li>\n<li>K\u00e4yt\u00e4t Bricanylia yli kaksi kertaa viikossa astman hallintaan<\/li>\n<li>Inhalaattori vaikuttaa v\u00e4hemm\u00e4n tehokkaalta kuin tavallisesti<\/li>\n<\/ul>\n","protected":false},"excerpt":{"rendered":"<ul>\n<li>Bricanyl Turbuhaler on reseptil\u00e4\u00e4ke, lyhytvaikutteinen keuhkoputkia laajentava l\u00e4\u00e4ke, joka rentouttaa hengitysteiden lihaksia minuuteissa helpottaakseen hengitysvaikeuksia.<\/li>\n<li>Vaikuttava aine: Terbutaliinisulfaatti (250 tai 500 mikrogrammaa inhalaatiota kohden)<\/li>\n<li>K\u00e4ytet\u00e4\u00e4n: Hengitysteiden ahtauden lievitt\u00e4miseen astmassa, kroonisessa keuhkoputkentulehduksessa, keuhkoahtaumataudissa ja muissa tukkeutuvissa hengityselinsairauksissa<\/li>\n<\/ul>\n","protected":false},"featured_media":1540,"comment_status":"open","ping_status":"closed","template":"","meta":[],"product_brand":[],"product_cat":[61],"product_tag":[],"expert":[16],"class_list":{"0":"post-1538","1":"product","2":"type-product","3":"status-publish","4":"has-post-thumbnail","6":"product_cat-astma","7":"expert-dr-c-alexandru","9":"first","10":"instock","11":"shipping-taxable","12":"product-type-variable"},"yoast_head":"<!-- This site is optimized with the Yoast SEO plugin v27.0 - https:\/\/yoast.com\/product\/yoast-seo-wordpress\/ -->\n<title>Bricanyl Turbuhaler | Hoida astmaasi - Transtoyou<\/title>\n<meta name=\"description\" content=\"Bricanyl Turbuhaler sis\u00e4lt\u00e4\u00e4 terbutaliinia 250 tai 500 mikrogrammaa annosta kohden. L\u00e4\u00e4k\u00e4rin m\u00e4\u00e4r\u00e4\u00e4m\u00e4 keuhkoputkia laajentava astmaan, saatavilla Transtoyou.\" \/>\n<meta name=\"robots\" content=\"noindex, follow, max-snippet:-1, max-image-preview:large, max-video-preview:-1\" \/>\n<meta property=\"og:locale\" content=\"fi_FI\" \/>\n<meta property=\"og:type\" content=\"article\" \/>\n<meta property=\"og:title\" content=\"Bricanyl Turbuhaler | Hoida astmaasi - Transtoyou\" \/>\n<meta property=\"og:description\" content=\"Bricanyl Turbuhaler sis\u00e4lt\u00e4\u00e4 terbutaliinia 250 tai 500 mikrogrammaa annosta kohden. L\u00e4\u00e4k\u00e4rin m\u00e4\u00e4r\u00e4\u00e4m\u00e4 keuhkoputkia laajentava astmaan, saatavilla Transtoyou.\" \/>\n<meta property=\"og:url\" content=\"https:\/\/www.transtoyou.com\/fi\/product\/bricanyl\/\" \/>\n<meta property=\"og:site_name\" content=\"Transtoyou - FI\" \/>\n<meta property=\"article:modified_time\" content=\"2026-02-23T11:51:57+00:00\" \/>\n<meta name=\"twitter:card\" content=\"summary_large_image\" \/>\n<meta name=\"twitter:label1\" content=\"Arvioitu lukuaika\" \/>\n\t<meta name=\"twitter:data1\" content=\"4 minuuttia\" \/>\n<script type=\"application\/ld+json\" class=\"yoast-schema-graph\">{\"@context\":\"https:\/\/schema.org\",\"@graph\":[{\"@type\":\"WebPage\",\"@id\":\"https:\/\/www.transtoyou.com\/fi\/product\/bricanyl\/\",\"url\":\"https:\/\/www.transtoyou.com\/fi\/product\/bricanyl\/\",\"name\":\"Bricanyl Turbuhaler | Hoida astmaasi - Transtoyou\",\"isPartOf\":{\"@id\":\"https:\/\/www.transtoyou.com\/fi\/#website\"},\"primaryImageOfPage\":{\"@id\":\"https:\/\/www.transtoyou.com\/fi\/product\/bricanyl\/#primaryimage\"},\"image\":{\"@id\":\"https:\/\/www.transtoyou.com\/fi\/product\/bricanyl\/#primaryimage\"},\"thumbnailUrl\":\"https:\/\/www.transtoyou.com\/fi\/wp-content\/uploads\/sites\/16\/2026\/02\/tty-no-product-image-4.webp\",\"datePublished\":\"2026-02-23T11:35:17+00:00\",\"dateModified\":\"2026-02-23T11:51:57+00:00\",\"description\":\"Bricanyl Turbuhaler sis\u00e4lt\u00e4\u00e4 terbutaliinia 250 tai 500 mikrogrammaa annosta kohden. L\u00e4\u00e4k\u00e4rin m\u00e4\u00e4r\u00e4\u00e4m\u00e4 keuhkoputkia laajentava astmaan, saatavilla Transtoyou.\",\"breadcrumb\":{\"@id\":\"https:\/\/www.transtoyou.com\/fi\/product\/bricanyl\/#breadcrumb\"},\"inLanguage\":\"fi\",\"potentialAction\":[{\"@type\":\"ReadAction\",\"target\":[\"https:\/\/www.transtoyou.com\/fi\/product\/bricanyl\/\"]}]},{\"@type\":\"ImageObject\",\"inLanguage\":\"fi\",\"@id\":\"https:\/\/www.transtoyou.com\/fi\/product\/bricanyl\/#primaryimage\",\"url\":\"https:\/\/www.transtoyou.com\/fi\/wp-content\/uploads\/sites\/16\/2026\/02\/tty-no-product-image-4.webp\",\"contentUrl\":\"https:\/\/www.transtoyou.com\/fi\/wp-content\/uploads\/sites\/16\/2026\/02\/tty-no-product-image-4.webp\",\"width\":1000,\"height\":1000,\"caption\":\"Oletusarvoinen tuotekuva\"},{\"@type\":\"WebSite\",\"@id\":\"https:\/\/www.transtoyou.com\/fi\/#website\",\"url\":\"https:\/\/www.transtoyou.com\/fi\/\",\"name\":\"Transtoyou - FI\",\"description\":\"\",\"publisher\":{\"@id\":\"https:\/\/www.transtoyou.com\/fi\/#organization\"},\"potentialAction\":[{\"@type\":\"SearchAction\",\"target\":{\"@type\":\"EntryPoint\",\"urlTemplate\":\"https:\/\/www.transtoyou.com\/fi\/?s={search_term_string}\"},\"query-input\":{\"@type\":\"PropertyValueSpecification\",\"valueRequired\":true,\"valueName\":\"search_term_string\"}}],\"inLanguage\":\"fi\"},{\"@type\":\"Organization\",\"@id\":\"https:\/\/www.transtoyou.com\/fi\/#organization\",\"name\":\"Transtoyou - FI\",\"url\":\"https:\/\/www.transtoyou.com\/fi\/\",\"logo\":{\"@type\":\"ImageObject\",\"inLanguage\":\"fi\",\"@id\":\"https:\/\/www.transtoyou.com\/fi\/#\/schema\/logo\/image\/\",\"url\":\"https:\/\/www.transtoyou.com\/fi\/wp-content\/uploads\/sites\/16\/2026\/01\/logo-tty-menu-bar-300x87-1.webp\",\"contentUrl\":\"https:\/\/www.transtoyou.com\/fi\/wp-content\/uploads\/sites\/16\/2026\/01\/logo-tty-menu-bar-300x87-1.webp\",\"width\":300,\"height\":87,\"caption\":\"Transtoyou - FI\"},\"image\":{\"@id\":\"https:\/\/www.transtoyou.com\/fi\/#\/schema\/logo\/image\/\"}}]}<\/script>\n<!-- \/ Yoast SEO plugin. -->","yoast_head_json":{"title":"Bricanyl Turbuhaler | Hoida astmaasi - Transtoyou","description":"Bricanyl Turbuhaler sis\u00e4lt\u00e4\u00e4 terbutaliinia 250 tai 500 mikrogrammaa annosta kohden. L\u00e4\u00e4k\u00e4rin m\u00e4\u00e4r\u00e4\u00e4m\u00e4 keuhkoputkia laajentava astmaan, saatavilla Transtoyou.","robots":{"index":"noindex","follow":"follow","max-snippet":"max-snippet:-1","max-image-preview":"max-image-preview:large","max-video-preview":"max-video-preview:-1"},"og_locale":"fi_FI","og_type":"article","og_title":"Bricanyl Turbuhaler | Hoida astmaasi - Transtoyou","og_description":"Bricanyl Turbuhaler sis\u00e4lt\u00e4\u00e4 terbutaliinia 250 tai 500 mikrogrammaa annosta kohden. L\u00e4\u00e4k\u00e4rin m\u00e4\u00e4r\u00e4\u00e4m\u00e4 keuhkoputkia laajentava astmaan, saatavilla Transtoyou.","og_url":"https:\/\/www.transtoyou.com\/fi\/product\/bricanyl\/","og_site_name":"Transtoyou - FI","article_modified_time":"2026-02-23T11:51:57+00:00","twitter_card":"summary_large_image","twitter_misc":{"Arvioitu lukuaika":"4 minuuttia"},"schema":{"@context":"https:\/\/schema.org","@graph":[{"@type":"WebPage","@id":"https:\/\/www.transtoyou.com\/fi\/product\/bricanyl\/","url":"https:\/\/www.transtoyou.com\/fi\/product\/bricanyl\/","name":"Bricanyl Turbuhaler | Hoida astmaasi - Transtoyou","isPartOf":{"@id":"https:\/\/www.transtoyou.com\/fi\/#website"},"primaryImageOfPage":{"@id":"https:\/\/www.transtoyou.com\/fi\/product\/bricanyl\/#primaryimage"},"image":{"@id":"https:\/\/www.transtoyou.com\/fi\/product\/bricanyl\/#primaryimage"},"thumbnailUrl":"https:\/\/www.transtoyou.com\/fi\/wp-content\/uploads\/sites\/16\/2026\/02\/tty-no-product-image-4.webp","datePublished":"2026-02-23T11:35:17+00:00","dateModified":"2026-02-23T11:51:57+00:00","description":"Bricanyl Turbuhaler sis\u00e4lt\u00e4\u00e4 terbutaliinia 250 tai 500 mikrogrammaa annosta kohden. L\u00e4\u00e4k\u00e4rin m\u00e4\u00e4r\u00e4\u00e4m\u00e4 keuhkoputkia laajentava astmaan, saatavilla Transtoyou.","breadcrumb":{"@id":"https:\/\/www.transtoyou.com\/fi\/product\/bricanyl\/#breadcrumb"},"inLanguage":"fi","potentialAction":[{"@type":"ReadAction","target":["https:\/\/www.transtoyou.com\/fi\/product\/bricanyl\/"]}]},{"@type":"ImageObject","inLanguage":"fi","@id":"https:\/\/www.transtoyou.com\/fi\/product\/bricanyl\/#primaryimage","url":"https:\/\/www.transtoyou.com\/fi\/wp-content\/uploads\/sites\/16\/2026\/02\/tty-no-product-image-4.webp","contentUrl":"https:\/\/www.transtoyou.com\/fi\/wp-content\/uploads\/sites\/16\/2026\/02\/tty-no-product-image-4.webp","width":1000,"height":1000,"caption":"Oletusarvoinen tuotekuva"},{"@type":"WebSite","@id":"https:\/\/www.transtoyou.com\/fi\/#website","url":"https:\/\/www.transtoyou.com\/fi\/","name":"Transtoyou - FI","description":"","publisher":{"@id":"https:\/\/www.transtoyou.com\/fi\/#organization"},"potentialAction":[{"@type":"SearchAction","target":{"@type":"EntryPoint","urlTemplate":"https:\/\/www.transtoyou.com\/fi\/?s={search_term_string}"},"query-input":{"@type":"PropertyValueSpecification","valueRequired":true,"valueName":"search_term_string"}}],"inLanguage":"fi"},{"@type":"Organization","@id":"https:\/\/www.transtoyou.com\/fi\/#organization","name":"Transtoyou - FI","url":"https:\/\/www.transtoyou.com\/fi\/","logo":{"@type":"ImageObject","inLanguage":"fi","@id":"https:\/\/www.transtoyou.com\/fi\/#\/schema\/logo\/image\/","url":"https:\/\/www.transtoyou.com\/fi\/wp-content\/uploads\/sites\/16\/2026\/01\/logo-tty-menu-bar-300x87-1.webp","contentUrl":"https:\/\/www.transtoyou.com\/fi\/wp-content\/uploads\/sites\/16\/2026\/01\/logo-tty-menu-bar-300x87-1.webp","width":300,"height":87,"caption":"Transtoyou - FI"},"image":{"@id":"https:\/\/www.transtoyou.com\/fi\/#\/schema\/logo\/image\/"}}]}},"_links":{"self":[{"href":"https:\/\/www.transtoyou.com\/fi\/wp-json\/wp\/v2\/product\/1538","targetHints":{"allow":["GET"]}}],"collection":[{"href":"https:\/\/www.transtoyou.com\/fi\/wp-json\/wp\/v2\/product"}],"about":[{"href":"https:\/\/www.transtoyou.com\/fi\/wp-json\/wp\/v2\/types\/product"}],"replies":[{"embeddable":true,"href":"https:\/\/www.transtoyou.com\/fi\/wp-json\/wp\/v2\/comments?post=1538"}],"wp:featuredmedia":[{"embeddable":true,"href":"https:\/\/www.transtoyou.com\/fi\/wp-json\/wp\/v2\/media\/1540"}],"wp:attachment":[{"href":"https:\/\/www.transtoyou.com\/fi\/wp-json\/wp\/v2\/media?parent=1538"}],"wp:term":[{"taxonomy":"product_brand","embeddable":true,"href":"https:\/\/www.transtoyou.com\/fi\/wp-json\/wp\/v2\/product_brand?post=1538"},{"taxonomy":"product_cat","embeddable":true,"href":"https:\/\/www.transtoyou.com\/fi\/wp-json\/wp\/v2\/product_cat?post=1538"},{"taxonomy":"product_tag","embeddable":true,"href":"https:\/\/www.transtoyou.com\/fi\/wp-json\/wp\/v2\/product_tag?post=1538"},{"taxonomy":"expert","embeddable":true,"href":"https:\/\/www.transtoyou.com\/fi\/wp-json\/wp\/v2\/expert?post=1538"}],"curies":[{"name":"wp","href":"https:\/\/api.w.org\/{rel}","templated":true}]}}