{"id":1543,"date":"2026-02-23T12:50:07","date_gmt":"2026-02-23T12:50:07","guid":{"rendered":"https:\/\/www.transtoyou.com\/fi\/product\/colchicine\/"},"modified":"2026-02-26T14:42:03","modified_gmt":"2026-02-26T14:42:03","slug":"kolkisiini","status":"publish","type":"product","link":"https:\/\/www.transtoyou.com\/fi\/product\/kolkisiini\/","title":{"rendered":"Kolkisiini"},"content":{"rendered":"<h2>Mik\u00e4 on Kolkisiini 0,5 mg?<\/h2>\n<p>Kolkisiini on suun kautta otettava reseptil\u00e4\u00e4ke, joka sis\u00e4lt\u00e4\u00e4 kolkisiinia vaikuttavana aineena. Sit\u00e4 k\u00e4ytet\u00e4\u00e4n kihtiin ja tiettyihin perinn\u00f6llisiin tulehduksellisiin sairauksiin.<\/p>\n<p>Kihti on er\u00e4\u00e4nlainen tulehduksellinen niveltulehdus, joka johtuu virtsahappokiteiden kertymisest\u00e4 niveliss\u00e4. Kun n\u00e4m\u00e4 kiteet muodostuvat, immuunij\u00e4rjestelm\u00e4 reagoi voimakkaasti, mik\u00e4 johtaa \u00e4killiseen kipuun, punoitukseen ja turvotukseen.<\/p>\n<p>Kolkisiini ei poista virtsahappoa kehosta. Sen sijaan se v\u00e4hent\u00e4\u00e4 kehon tulehdusreaktiota n\u00e4ihin kiteisiin. T\u00e4m\u00e4 auttaa lievitt\u00e4m\u00e4\u00e4n oireita hy\u00f6kk\u00e4yksen aikana ja voi v\u00e4hent\u00e4\u00e4 uusien puhkeamisten riski\u00e4, kun sit\u00e4 k\u00e4ytet\u00e4\u00e4n ennaltaehk\u00e4isev\u00e4sti.<\/p>\n<p>Kolkisiinilla on kapea terapeuttinen ikkuna. T\u00e4m\u00e4 tarkoittaa, ett\u00e4 jopa pienet annosvirheet voivat lis\u00e4t\u00e4 haittavaikutusten riski\u00e4. T\u00e4m\u00e4n vuoksi sit\u00e4 tulisi k\u00e4ytt\u00e4\u00e4 vain tarkasti l\u00e4\u00e4k\u00e4rin ohjeiden mukaan.<\/p>\n<h2>Mihin kolkisiinia k\u00e4ytet\u00e4\u00e4n?<\/h2>\n<p>Kolkisiinia k\u00e4ytet\u00e4\u00e4n aikuisilla seuraaviin tarkoituksiin:<\/p>\n<ul>\n<li>Akuttien kihtihy\u00f6kk\u00e4ysten hoitoon<\/li>\n<li>Uusien kihtihy\u00f6kk\u00e4ysten ehk\u00e4isyyn<\/li>\n<li>Kihtikohtausten ehk\u00e4isyyn virtsahappoa alentavan hoidon alussa<\/li>\n<\/ul>\n<p>Kolkisiinia k\u00e4ytet\u00e4\u00e4n my\u00f6s perinn\u00f6llisen V\u00e4limeren kuumeen hallinnassa, joka on perinn\u00f6llinen tulehduksellinen sairaus, joka aiheuttaa toistuvia kuume- ja tulehdusjaksoja, jotka vaikuttavat vatsaan, rintaan tai niveliin.<\/p>\n<p>FMF-potilailla pitk\u00e4aikainen kolkisiinihoito voi merkitt\u00e4v\u00e4sti v\u00e4hent\u00e4\u00e4 hy\u00f6kk\u00e4ysten tiheytt\u00e4 ja alentaa amyloidoosin, vakavan komplikaation, riski\u00e4, joka voi vaikuttaa elimiin, kuten munuaisiin.<\/p>\n<p>Kolkisiini ei ole yleinen kipul\u00e4\u00e4ke. Se kohdistuu erityisesti kiteiden ker\u00e4\u00e4ntymiseen tai perinn\u00f6llisiin tulehduksellisiin sairauksiin liittyv\u00e4\u00e4n tulehdukseen.<\/p>\n<h2>Kuinka kolkisiini toimii?<\/h2>\n<p>Kun virtsahappokiteet ker\u00e4\u00e4ntyv\u00e4t nivelt\u00e4, immuunisolut siirtyv\u00e4t vaikuttavalle alueelle ja vapauttavat tulehdusaineita. T\u00e4m\u00e4 immuunivaste aiheuttaa turvotusta, l\u00e4mp\u00f6\u00e4 ja kipua.<\/p>\n<p>Kolkisiini toimii n\u00e4iden immuunisolujen sis\u00e4ll\u00e4. Se h\u00e4iritsee mikrotubulusten muodostumista, mik\u00e4 v\u00e4hent\u00e4\u00e4 tulehdussolujen liikkuvuutta ja aktivointia. T\u00e4m\u00e4n seurauksena tulehdusreaktio heikkenee ja oireet paranevat.<\/p>\n<p>Koska kolkisiini k\u00e4sitell\u00e4\u00e4n maksassa ja osittain eritet\u00e4\u00e4n munuaisista, heikentynyt elintoiminta tai tietyt l\u00e4\u00e4kkeiden yhteisvaikutukset voivat lis\u00e4t\u00e4 myrkyllisyyden riski\u00e4.<\/p>\n<h2>Kuka ei saa k\u00e4ytt\u00e4\u00e4 kolkisiinia?<\/h2>\n<p>\u00c4l\u00e4 k\u00e4yt\u00e4 kolkisiinia, jos:<\/p>\n<ul>\n<li>Olet allerginen kolkisiinille tai mille tahansa tabletin ainesosalle<\/li>\n<li>Sinulla on vaikea munuaisten vajaatoiminta<\/li>\n<li>Sinulla on vaikea maksan vajaatoiminta<\/li>\n<li>Sinulla on vakavia verih\u00e4iri\u00f6it\u00e4<\/li>\n<\/ul>\n<p>Kolkisiinia ei saa k\u00e4ytt\u00e4\u00e4 potilailla, joilla on munuais- tai maksavajaatoiminta ja jotka k\u00e4ytt\u00e4v\u00e4t my\u00f6s voimakkaita CYP3A4- tai P-glykoproteiinin est\u00e4ji\u00e4, sill\u00e4 t\u00e4m\u00e4 voi johtaa vaarallisen korkeisiin kolkisiinitasoihin.<\/p>\n<p>Sit\u00e4 ei my\u00f6sk\u00e4\u00e4n saa yhdist\u00e4\u00e4 tiettyihin l\u00e4\u00e4kkeisiin, jotka lis\u00e4\u00e4v\u00e4t merkitt\u00e4v\u00e4sti kolkisiinin pitoisuuksia, mukaan lukien:<\/p>\n<ul>\n<li>Makrolidiantibiootit, kuten klaritromysiini tai erytromysiini<\/li>\n<li>Asolifungaalit, kuten ketokonatsoli tai itrakonatsoli<\/li>\n<li>Tietyt kalsiumkanavan salpaajat, kuten verapamiili tai diltiatseemi<\/li>\n<li>Ritonavir ja muut voimakkaat antiviraaliset est\u00e4j\u00e4t<\/li>\n<li>Ciklosporiini<\/li>\n<\/ul>\n<p>N\u00e4m\u00e4 yhdistelm\u00e4t voivat johtaa vakavaan tai hengenvaaralliseen myrkyllisyyteen.<\/p>\n<h4>Raskaus ja hedelm\u00e4llisyys<\/h4>\n<p>K\u00e4ytt\u00f6 raskauden aikana vaatii erikoisl\u00e4\u00e4k\u00e4rin valvontaa. Hy\u00f6dyt ja riskit on arvioitava yksil\u00f6llisesti, erityisesti perinn\u00f6llisen V\u00e4limeren kuumeen potilailla, joissa jatkaminen voi olla tarpeen.<\/p>\n<p>Imetys tulisi tapahtua vain l\u00e4\u00e4k\u00e4rin ohjeiden mukaan.<\/p>\n<p>Miehille suositellaan yleens\u00e4, ettei he is\u00e4nnytt\u00e4isi hoidon aikana ja v\u00e4hint\u00e4\u00e4n kuuden kuukauden ajan hoidon lopettamisen j\u00e4lkeen.<\/p>\n<h2>Kolkisiiniannostus ja k\u00e4ytt\u00f6ohjeet<\/h2>\n<p>Ota kolkisiini aina tarkasti l\u00e4\u00e4k\u00e4risi m\u00e4\u00e4r\u00e4\u00e4m\u00e4ll\u00e4 tavalla. \u00c4l\u00e4 koskaan ylit\u00e4 m\u00e4\u00e4r\u00e4tty\u00e4 annosta.<\/p>\n<h4>Akutti kihtihy\u00f6kk\u00e4ys<\/h4>\n<p>Tavallinen aikuisannos on 0,5 mg kaksi tai kolme kertaa p\u00e4iv\u00e4ss\u00e4. Hoidon alussa voidaan antaa aloitusannos 1 mg.<\/p>\n<p>Hoito tulee lopettaa, jos:<\/p>\n<ul>\n<li>Merkitt\u00e4vi\u00e4 ruoansulatuskanavan oireita esiintyy<\/li>\n<li>Parannusta ei n\u00e4y kahden tai kolmen p\u00e4iv\u00e4n j\u00e4lkeen<\/li>\n<li>Kokonaisannos 6 mg on saavutettu yhdess\u00e4 hoitokurssissa<\/li>\n<\/ul>\n<p>\u00c4l\u00e4 toista hoitokurssia kolmen p\u00e4iv\u00e4n sis\u00e4ll\u00e4.<\/p>\n<h4>Kihtihy\u00f6kk\u00e4ysten ehk\u00e4isy<\/h4>\n<p>Tavallinen ennaltaehk\u00e4isev\u00e4 annos on 0,5 mg \u2013 1 mg p\u00e4iv\u00e4ss\u00e4.<\/p>\n<h4>Perinn\u00f6llinen V\u00e4limeren kuume<\/h4>\n<p>Tyypillinen aikuisannos vaihtelee 1 mg:sta 3 mg:aan p\u00e4iv\u00e4ss\u00e4. Yli 1 mg:n annokset jaetaan yleens\u00e4 p\u00e4iv\u00e4n aikana. Suositeltu enimm\u00e4isp\u00e4iv\u00e4annos on 3 mg.<\/p>\n<p>Koska kolkisiiniyliannostus voi olla kohtalokasta, m\u00e4\u00e4r\u00e4tyn annostusaikataulun tarkka noudattaminen on v\u00e4ltt\u00e4m\u00e4t\u00f6nt\u00e4.<\/p>\n<h2>Kolkisiinin haittavaikutukset<\/h2>\n<p>Ruoansulatuskanavan haittavaikutukset ovat yleisi\u00e4 ja voivat olla myrkyllisyyden varhaisia merkkej\u00e4.<\/p>\n<p>Eritt\u00e4in yleisi\u00e4 tai yleisi\u00e4 haittavaikutuksia ovat:<\/p>\n<ul>\n<li>Huimaus<\/li>\n<li>Oksentelu<\/li>\n<li>Vatsakipu<\/li>\n<li>Ripuli<\/li>\n<\/ul>\n<p>Jos n\u00e4it\u00e4 oireita esiintyy, l\u00e4\u00e4k\u00e4rin apua tulisi hakea.<\/p>\n<p>Harvinaisempia mutta vakavia haittavaikutuksia ovat:<\/p>\n<ul>\n<li>Luuydinsuppressio, joka johtaa valkosolujen v\u00e4henemiseen, anemiaan tai alhaisiin verihiutaleisiin<\/li>\n<li>Lihaskipu tai heikkous<\/li>\n<li>Rabdomyolyysi, vakava lihasten hajoamisen muoto<\/li>\n<li>Maksafunktioh\u00e4iri\u00f6<\/li>\n<li>Munuaisfunktion h\u00e4iri\u00f6<\/li>\n<li>Hiustenl\u00e4ht\u00f6<\/li>\n<li>Vitamin B12 -puutos<\/li>\n<\/ul>\n<p>Oireet, kuten kuume, kurkkukipu, ep\u00e4tavallinen mustelma tai verenvuoto, vaativat kiireellist\u00e4 l\u00e4\u00e4k\u00e4rin arviointia.<\/p>\n<h2>T\u00e4rkeit\u00e4 turvallisuustietoja<\/h2>\n<p>Kolkisiinilla on pieni turvallisuusmarginaali. M\u00e4\u00e4r\u00e4tyn annoksen ylitt\u00e4minen, jopa vahingossa, voi olla vaarallista.<\/p>\n<p>Tietyt l\u00e4\u00e4kkeet voivat nostaa kolkisiinin tasoja veress\u00e4 ja lis\u00e4t\u00e4 myrkyllisyyden riski\u00e4. N\u00e4it\u00e4 ovat jotkut antibiootit, antifungaaliset l\u00e4\u00e4kkeet, antiviraaliset l\u00e4\u00e4kkeet ja syd\u00e4nl\u00e4\u00e4kkeet. Ilmoita aina l\u00e4\u00e4k\u00e4rillesi kaikista k\u00e4ytt\u00e4mist\u00e4si l\u00e4\u00e4kkeist\u00e4.<\/p>\n<p>Greippi\u00e4 ja greippimehua tulisi v\u00e4ltt\u00e4\u00e4 hoidon aikana, sill\u00e4 ne voivat lis\u00e4t\u00e4 kolkisiinin m\u00e4\u00e4r\u00e4\u00e4 verenkiertoon.<\/p>\n<p>Jos sinulla on munuais- tai maksavaivoja, annostasi saatetaan joutua s\u00e4\u00e4t\u00e4m\u00e4\u00e4n. Vakavissa tapauksissa kolkisiini ei ehk\u00e4 ole sopiva.<\/p>\n<h2>Milloin hakea kiireellist\u00e4 l\u00e4\u00e4k\u00e4rinhoitoa<\/h2>\n<p>Hakeudu kiireelliseen l\u00e4\u00e4k\u00e4rinhoitoon, jos koet:<\/p>\n<ul>\n<li>Vakavaa tai jatkuvaa ripulia<\/li>\n<li>Jatkuvaa vatsakipua<\/li>\n<li>Infektion merkkej\u00e4, kuten kuumetta tai kurkkukipua<\/li>\n<li>Ep\u00e4tavallista mustelmaa tai verenvuotoa<\/li>\n<li>Lihaskipua yhdistettyn\u00e4 heikkouteen<\/li>\n<li>Tummaa virtsaa<\/li>\n<li>Ep\u00e4tavallinen yliannostus<\/li>\n<\/ul>\n<p>Kolkisiinimyrkytys voi kehitty\u00e4 nopeasti ja vaatii kiireellist\u00e4 l\u00e4\u00e4k\u00e4rinhoitoa.<\/p>\n<p>Jos uskot, ett\u00e4 kolkisiini voisi olla sopiva tilallesi, voit t\u00e4ytt\u00e4\u00e4 verkkopohjaisen l\u00e4\u00e4k\u00e4rikyselyn. EU:n lisensoidut l\u00e4\u00e4k\u00e4rit tarkistavat tietosi arvioidakseen, onko t\u00e4m\u00e4 hoito sopiva ja turvallinen sinulle. Jos hyv\u00e4ksyt\u00e4\u00e4n, reseptisi toimitetaan s\u00e4\u00e4nnellyst\u00e4 EU-apteekista ja se toimitetaan huomaamattomasti.<\/p>\n","protected":false},"excerpt":{"rendered":"<ul>\n<li>Colkisiini 0.5 mg tabletteja k\u00e4ytet\u00e4\u00e4n reseptil\u00e4\u00e4kkeen\u00e4 akuutin kihtikohtauksen hoitoon, toistuvien kihtikohtausten ehk\u00e4isyyn ja perinn\u00f6llisen v\u00e4limeren kuumeen (FMF) pitk\u00e4aikaiseen hoitoon.<\/li>\n<li>Vaikuttava aine: Colkisiini 0.5 mg per tabletti<\/li>\n<li>K\u00e4ytet\u00e4\u00e4n: Kihtikohtausten hoitoon ja ehk\u00e4isyyn sek\u00e4 perinn\u00f6llisen v\u00e4limeren kuumeen (FMF) hoitoon<\/li>\n<\/ul>\n","protected":false},"featured_media":1545,"comment_status":"open","ping_status":"closed","template":"","meta":[],"product_brand":[],"product_cat":[62],"product_tag":[],"expert":[19],"class_list":{"0":"post-1543","1":"product","2":"type-product","3":"status-publish","4":"has-post-thumbnail","6":"product_cat-selka-lihas-ja-nivelkipu","7":"expert-dr-j-vazquez","9":"first","10":"instock","11":"shipping-taxable","12":"product-type-variable"},"yoast_head":"<!-- This site is optimized with the Yoast SEO plugin v27.0 - https:\/\/yoast.com\/product\/yoast-seo-wordpress\/ -->\n<title>Kolkisiini | Tietoa kihtikohtauksen l\u00e4\u00e4kityksest\u00e4 - Transtoyou<\/title>\n<meta name=\"description\" content=\"Kolkisiini 0,5 mg kihtikohtauksen helpotukseen, vain reseptill\u00e4 Transtoyou- l\u00e4\u00e4k\u00e4rilt\u00e4. Opi, miten se toimii ja aloita arviointisi t\u00e4n\u00e4\u00e4n.\" \/>\n<meta name=\"robots\" content=\"noindex, follow, max-snippet:-1, max-image-preview:large, max-video-preview:-1\" \/>\n<meta property=\"og:locale\" content=\"fi_FI\" \/>\n<meta property=\"og:type\" content=\"article\" \/>\n<meta property=\"og:title\" content=\"Kolkisiini | Tietoa kihtikohtauksen l\u00e4\u00e4kityksest\u00e4 - Transtoyou\" \/>\n<meta property=\"og:description\" content=\"Kolkisiini 0,5 mg kihtikohtauksen helpotukseen, vain reseptill\u00e4 Transtoyou- l\u00e4\u00e4k\u00e4rilt\u00e4. Opi, miten se toimii ja aloita arviointisi t\u00e4n\u00e4\u00e4n.\" \/>\n<meta property=\"og:url\" content=\"https:\/\/www.transtoyou.com\/fi\/product\/colchicine\/\" \/>\n<meta property=\"og:site_name\" content=\"Transtoyou - FI\" \/>\n<meta property=\"article:modified_time\" content=\"2026-02-26T14:42:03+00:00\" \/>\n<meta name=\"twitter:card\" content=\"summary_large_image\" \/>\n<meta name=\"twitter:label1\" content=\"Arvioitu lukuaika\" \/>\n\t<meta name=\"twitter:data1\" content=\"5 minuuttia\" \/>\n<script type=\"application\/ld+json\" class=\"yoast-schema-graph\">{\"@context\":\"https:\/\/schema.org\",\"@graph\":[{\"@type\":\"WebPage\",\"@id\":\"https:\/\/www.transtoyou.com\/fi\/product\/colchicine\/\",\"url\":\"https:\/\/www.transtoyou.com\/fi\/product\/colchicine\/\",\"name\":\"Kolkisiini | Tietoa kihtikohtauksen l\u00e4\u00e4kityksest\u00e4 - Transtoyou\",\"isPartOf\":{\"@id\":\"https:\/\/www.transtoyou.com\/fi\/#website\"},\"primaryImageOfPage\":{\"@id\":\"https:\/\/www.transtoyou.com\/fi\/product\/colchicine\/#primaryimage\"},\"image\":{\"@id\":\"https:\/\/www.transtoyou.com\/fi\/product\/colchicine\/#primaryimage\"},\"thumbnailUrl\":\"https:\/\/www.transtoyou.com\/fi\/wp-content\/uploads\/sites\/16\/2026\/02\/tty-no-product-image-5.webp\",\"datePublished\":\"2026-02-23T12:50:07+00:00\",\"dateModified\":\"2026-02-26T14:42:03+00:00\",\"description\":\"Kolkisiini 0,5 mg kihtikohtauksen helpotukseen, vain reseptill\u00e4 Transtoyou- l\u00e4\u00e4k\u00e4rilt\u00e4. Opi, miten se toimii ja aloita arviointisi t\u00e4n\u00e4\u00e4n.\",\"breadcrumb\":{\"@id\":\"https:\/\/www.transtoyou.com\/fi\/product\/colchicine\/#breadcrumb\"},\"inLanguage\":\"fi\",\"potentialAction\":[{\"@type\":\"ReadAction\",\"target\":[\"https:\/\/www.transtoyou.com\/fi\/product\/colchicine\/\"]}]},{\"@type\":\"ImageObject\",\"inLanguage\":\"fi\",\"@id\":\"https:\/\/www.transtoyou.com\/fi\/product\/colchicine\/#primaryimage\",\"url\":\"https:\/\/www.transtoyou.com\/fi\/wp-content\/uploads\/sites\/16\/2026\/02\/tty-no-product-image-5.webp\",\"contentUrl\":\"https:\/\/www.transtoyou.com\/fi\/wp-content\/uploads\/sites\/16\/2026\/02\/tty-no-product-image-5.webp\",\"width\":1000,\"height\":1000,\"caption\":\"Oletusarvoinen tuotekuva\"},{\"@type\":\"WebSite\",\"@id\":\"https:\/\/www.transtoyou.com\/fi\/#website\",\"url\":\"https:\/\/www.transtoyou.com\/fi\/\",\"name\":\"Transtoyou - FI\",\"description\":\"\",\"publisher\":{\"@id\":\"https:\/\/www.transtoyou.com\/fi\/#organization\"},\"potentialAction\":[{\"@type\":\"SearchAction\",\"target\":{\"@type\":\"EntryPoint\",\"urlTemplate\":\"https:\/\/www.transtoyou.com\/fi\/?s={search_term_string}\"},\"query-input\":{\"@type\":\"PropertyValueSpecification\",\"valueRequired\":true,\"valueName\":\"search_term_string\"}}],\"inLanguage\":\"fi\"},{\"@type\":\"Organization\",\"@id\":\"https:\/\/www.transtoyou.com\/fi\/#organization\",\"name\":\"Transtoyou - FI\",\"url\":\"https:\/\/www.transtoyou.com\/fi\/\",\"logo\":{\"@type\":\"ImageObject\",\"inLanguage\":\"fi\",\"@id\":\"https:\/\/www.transtoyou.com\/fi\/#\/schema\/logo\/image\/\",\"url\":\"https:\/\/www.transtoyou.com\/fi\/wp-content\/uploads\/sites\/16\/2026\/01\/logo-tty-menu-bar-300x87-1.webp\",\"contentUrl\":\"https:\/\/www.transtoyou.com\/fi\/wp-content\/uploads\/sites\/16\/2026\/01\/logo-tty-menu-bar-300x87-1.webp\",\"width\":300,\"height\":87,\"caption\":\"Transtoyou - FI\"},\"image\":{\"@id\":\"https:\/\/www.transtoyou.com\/fi\/#\/schema\/logo\/image\/\"}}]}<\/script>\n<!-- \/ Yoast SEO plugin. -->","yoast_head_json":{"title":"Kolkisiini | Tietoa kihtikohtauksen l\u00e4\u00e4kityksest\u00e4 - Transtoyou","description":"Kolkisiini 0,5 mg kihtikohtauksen helpotukseen, vain reseptill\u00e4 Transtoyou- l\u00e4\u00e4k\u00e4rilt\u00e4. Opi, miten se toimii ja aloita arviointisi t\u00e4n\u00e4\u00e4n.","robots":{"index":"noindex","follow":"follow","max-snippet":"max-snippet:-1","max-image-preview":"max-image-preview:large","max-video-preview":"max-video-preview:-1"},"og_locale":"fi_FI","og_type":"article","og_title":"Kolkisiini | Tietoa kihtikohtauksen l\u00e4\u00e4kityksest\u00e4 - Transtoyou","og_description":"Kolkisiini 0,5 mg kihtikohtauksen helpotukseen, vain reseptill\u00e4 Transtoyou- l\u00e4\u00e4k\u00e4rilt\u00e4. Opi, miten se toimii ja aloita arviointisi t\u00e4n\u00e4\u00e4n.","og_url":"https:\/\/www.transtoyou.com\/fi\/product\/colchicine\/","og_site_name":"Transtoyou - FI","article_modified_time":"2026-02-26T14:42:03+00:00","twitter_card":"summary_large_image","twitter_misc":{"Arvioitu lukuaika":"5 minuuttia"},"schema":{"@context":"https:\/\/schema.org","@graph":[{"@type":"WebPage","@id":"https:\/\/www.transtoyou.com\/fi\/product\/colchicine\/","url":"https:\/\/www.transtoyou.com\/fi\/product\/colchicine\/","name":"Kolkisiini | Tietoa kihtikohtauksen l\u00e4\u00e4kityksest\u00e4 - Transtoyou","isPartOf":{"@id":"https:\/\/www.transtoyou.com\/fi\/#website"},"primaryImageOfPage":{"@id":"https:\/\/www.transtoyou.com\/fi\/product\/colchicine\/#primaryimage"},"image":{"@id":"https:\/\/www.transtoyou.com\/fi\/product\/colchicine\/#primaryimage"},"thumbnailUrl":"https:\/\/www.transtoyou.com\/fi\/wp-content\/uploads\/sites\/16\/2026\/02\/tty-no-product-image-5.webp","datePublished":"2026-02-23T12:50:07+00:00","dateModified":"2026-02-26T14:42:03+00:00","description":"Kolkisiini 0,5 mg kihtikohtauksen helpotukseen, vain reseptill\u00e4 Transtoyou- l\u00e4\u00e4k\u00e4rilt\u00e4. Opi, miten se toimii ja aloita arviointisi t\u00e4n\u00e4\u00e4n.","breadcrumb":{"@id":"https:\/\/www.transtoyou.com\/fi\/product\/colchicine\/#breadcrumb"},"inLanguage":"fi","potentialAction":[{"@type":"ReadAction","target":["https:\/\/www.transtoyou.com\/fi\/product\/colchicine\/"]}]},{"@type":"ImageObject","inLanguage":"fi","@id":"https:\/\/www.transtoyou.com\/fi\/product\/colchicine\/#primaryimage","url":"https:\/\/www.transtoyou.com\/fi\/wp-content\/uploads\/sites\/16\/2026\/02\/tty-no-product-image-5.webp","contentUrl":"https:\/\/www.transtoyou.com\/fi\/wp-content\/uploads\/sites\/16\/2026\/02\/tty-no-product-image-5.webp","width":1000,"height":1000,"caption":"Oletusarvoinen tuotekuva"},{"@type":"WebSite","@id":"https:\/\/www.transtoyou.com\/fi\/#website","url":"https:\/\/www.transtoyou.com\/fi\/","name":"Transtoyou - FI","description":"","publisher":{"@id":"https:\/\/www.transtoyou.com\/fi\/#organization"},"potentialAction":[{"@type":"SearchAction","target":{"@type":"EntryPoint","urlTemplate":"https:\/\/www.transtoyou.com\/fi\/?s={search_term_string}"},"query-input":{"@type":"PropertyValueSpecification","valueRequired":true,"valueName":"search_term_string"}}],"inLanguage":"fi"},{"@type":"Organization","@id":"https:\/\/www.transtoyou.com\/fi\/#organization","name":"Transtoyou - FI","url":"https:\/\/www.transtoyou.com\/fi\/","logo":{"@type":"ImageObject","inLanguage":"fi","@id":"https:\/\/www.transtoyou.com\/fi\/#\/schema\/logo\/image\/","url":"https:\/\/www.transtoyou.com\/fi\/wp-content\/uploads\/sites\/16\/2026\/01\/logo-tty-menu-bar-300x87-1.webp","contentUrl":"https:\/\/www.transtoyou.com\/fi\/wp-content\/uploads\/sites\/16\/2026\/01\/logo-tty-menu-bar-300x87-1.webp","width":300,"height":87,"caption":"Transtoyou - FI"},"image":{"@id":"https:\/\/www.transtoyou.com\/fi\/#\/schema\/logo\/image\/"}}]}},"_links":{"self":[{"href":"https:\/\/www.transtoyou.com\/fi\/wp-json\/wp\/v2\/product\/1543","targetHints":{"allow":["GET"]}}],"collection":[{"href":"https:\/\/www.transtoyou.com\/fi\/wp-json\/wp\/v2\/product"}],"about":[{"href":"https:\/\/www.transtoyou.com\/fi\/wp-json\/wp\/v2\/types\/product"}],"replies":[{"embeddable":true,"href":"https:\/\/www.transtoyou.com\/fi\/wp-json\/wp\/v2\/comments?post=1543"}],"wp:featuredmedia":[{"embeddable":true,"href":"https:\/\/www.transtoyou.com\/fi\/wp-json\/wp\/v2\/media\/1545"}],"wp:attachment":[{"href":"https:\/\/www.transtoyou.com\/fi\/wp-json\/wp\/v2\/media?parent=1543"}],"wp:term":[{"taxonomy":"product_brand","embeddable":true,"href":"https:\/\/www.transtoyou.com\/fi\/wp-json\/wp\/v2\/product_brand?post=1543"},{"taxonomy":"product_cat","embeddable":true,"href":"https:\/\/www.transtoyou.com\/fi\/wp-json\/wp\/v2\/product_cat?post=1543"},{"taxonomy":"product_tag","embeddable":true,"href":"https:\/\/www.transtoyou.com\/fi\/wp-json\/wp\/v2\/product_tag?post=1543"},{"taxonomy":"expert","embeddable":true,"href":"https:\/\/www.transtoyou.com\/fi\/wp-json\/wp\/v2\/expert?post=1543"}],"curies":[{"name":"wp","href":"https:\/\/api.w.org\/{rel}","templated":true}]}}