{"id":1546,"date":"2026-02-23T13:55:13","date_gmt":"2026-02-23T13:55:13","guid":{"rendered":"https:\/\/www.transtoyou.com\/fi\/product\/ecural-1-mg-g\/"},"modified":"2026-02-23T15:50:06","modified_gmt":"2026-02-23T15:50:06","slug":"ecural-1-mg-g","status":"publish","type":"product","link":"https:\/\/www.transtoyou.com\/fi\/product\/ecural-1-mg-g\/","title":{"rendered":"ECURAL\u00ae 1 mg\/g"},"content":{"rendered":"<h2>Mik\u00e4 on Ecural?<\/h2>\n<p>Ecural sis\u00e4lt\u00e4\u00e4 mometasonifuroaattia, synteettist\u00e4 kortikosteroidia, joka on samanlainen kuin kehon tuottama luonnollinen hormoni kortisoli. Sit\u00e4 levitet\u00e4\u00e4n suoraan iholle.<\/p>\n<p>Paikallisia kortikosteroideja k\u00e4ytet\u00e4\u00e4n tulehduksellisten ihoreaktioiden rauhoittamiseen. T\u00e4llaisissa tiloissa kuten <a href=\"\/fi\/treatment\/eczema\">ekseema<\/a> tai <a href=\"\/fi\/treatment\/psoriasis\">psoriasis<\/a> ihon immuunij\u00e4rjestelm\u00e4 ylireagoi. T\u00e4m\u00e4 johtaa punoitukseen, turvotukseen, hilseilyyn ja voimakkaaseen kutinaan. Ecural v\u00e4hent\u00e4\u00e4 t\u00e4t\u00e4 immuunivastetta ja auttaa palauttamaan ihon esteen.<\/p>\n<p>Ecural on voimakas kortikosteroidi. T\u00e4m\u00e4 tarkoittaa, ett\u00e4 se on tehokas kohtuullisissa ja vaikeissa tulehduksellisissa ihotiloissa, mutta sit\u00e4 on k\u00e4ytett\u00e4v\u00e4 varovaisesti ja rajoitetuissa jaksoissa.<\/p>\n<h2>Mihin sit\u00e4 k\u00e4ytet\u00e4\u00e4n?<\/h2>\n<p>Ecural m\u00e4\u00e4r\u00e4t\u00e4\u00e4n tulehduksellisille ja kutiseville ihotiloille, jotka reagoivat kortikosteroidik\u00e4sittelyyn, mukaan lukien:<\/p>\n<ul>\n<li>Psoriasis<\/li>\n<li>Atopinen dermatiitti (ekseema)<\/li>\n<li>Allerginen kontaktidermatiitti<\/li>\n<li>\u00c4rsytt\u00e4v\u00e4 kontaktidermatiitti<\/li>\n<\/ul>\n<p><strong>Voide<\/strong>muoto sopii erityisesti eritt\u00e4in kuivalle, paksuuntuneelle tai halkeilevalle iholle.<\/p>\n<p><strong>Rasvainen kerma<\/strong> sopii tulehtuneille, mutta v\u00e4hemm\u00e4n paksuuntuneille alueille.<\/p>\n<p><strong>Liuos<\/strong> on erityisesti tarkoitettu karvap\u00e4iden tulehduksellisille tiloille, kuten p\u00e4\u00e4nahan psoriaasille.<\/p>\n<p>Ecural ei sovellu hoitamattomiin bakteeri-, virus- tai sieni-infektioihin.<\/p>\n<h2>Kuinka Ecural toimii?<\/h2>\n<p>Tulehduksellisissa ihosairauksissa immuunisolut vapauttavat aineita, jotka aiheuttavat punoitusta, turvotusta ja kutinaa.<\/p>\n<p>Mometasonifuroaatti toimii:<\/p>\n<ul>\n<li>V\u00e4hent\u00e4m\u00e4ll\u00e4 tulehdusv\u00e4litt\u00e4jien vapautumista<\/li>\n<li>Est\u00e4m\u00e4ll\u00e4 liiallista immuunitoimintaa iholla<\/li>\n<li>V\u00e4hent\u00e4m\u00e4ll\u00e4 punoitusta ja turvotusta<\/li>\n<li>Helpottamalla kutinaa<\/li>\n<\/ul>\n<p>Rauhoittamalla tulehdusta Ecural auttaa katkaisemaan kutinan ja raapimisen kierteen ja mahdollistaa ihon paranemisen.<\/p>\n<p>Koska kortikosteroidit voivat imeyty\u00e4 ihon l\u00e4pi, erityisesti suurilla alueilla tai pitk\u00e4\u00e4n k\u00e4ytettyn\u00e4, l\u00e4\u00e4k\u00e4rin valvonta on t\u00e4rke\u00e4\u00e4.<\/p>\n<h2>Kuka ei saa k\u00e4ytt\u00e4\u00e4 Ecuralia?<\/h2>\n<p>\u00c4l\u00e4 k\u00e4yt\u00e4 Ecuralia, jos:<\/p>\n<ul>\n<li>Olet allerginen mometasonifuroaatille tai muille kortikosteroideille<\/li>\n<li>Sinulla on <a href=\"\/fi\/treatment\/rosacea\">rosacea<\/a> kasvoilla<\/li>\n<li>Sinulla on <a href=\"\/fi\/treament\/acne\">akne vulgaris<\/a><\/li>\n<li>Sinulla on perioraalidermatiitti<\/li>\n<li>Sinulla on hoitamattomia bakteeri-, virus- tai sieni-infektioita<\/li>\n<li>Sinulla on ihon atrofia<\/li>\n<li>Sinulla on tuberkuloosi tai syfilis, joka vaikuttaa ihoon<\/li>\n<li>Levit\u00e4t sit\u00e4 haavoihin tai ihohaavoihin<\/li>\n<\/ul>\n<p>Ecuralia ei saa levitt\u00e4\u00e4 silmien l\u00e4helle tai sis\u00e4lle.<\/p>\n<p>Alle 2-vuotiaat (kerma) tai alle 6-vuotiaat (voide ja liuos) eiv\u00e4t saa k\u00e4ytt\u00e4\u00e4 Ecuralia, ellei l\u00e4\u00e4k\u00e4ri erityisesti suosittele.<\/p>\n<h3>Raskaus ja hedelm\u00e4llisyys<\/h3>\n<p>K\u00e4ytt\u00f6 raskauden aikana tulisi tapahtua vain l\u00e4\u00e4k\u00e4rin arvioinnin j\u00e4lkeen. Paikalliset kortikosteroidit voivat imeyty\u00e4 verenkiertoon ja mahdollisesti vaikuttaa siki\u00f6\u00f6n, jos niit\u00e4 k\u00e4ytet\u00e4\u00e4n laajasti.<\/p>\n<p>Imetyksen aikana Ecuralia ei tulisi levitt\u00e4\u00e4 rinta-alueelle.<\/p>\n<p>Jos pitk\u00e4aikainen tai suurten annosten hoito on tarpeen, imetys saatetaan joutua keskeytt\u00e4m\u00e4\u00e4n.<\/p>\n<h2>Kuinka k\u00e4ytt\u00e4\u00e4 ja annostella<\/h2>\n<p>K\u00e4yt\u00e4 Ecuralia aina tarkasti l\u00e4\u00e4k\u00e4rin ohjeiden mukaan.<\/p>\n<p>Ecuralia levitet\u00e4\u00e4n kerran p\u00e4iv\u00e4ss\u00e4 ohuena kerroksena vaurioituneelle iholle.<\/p>\n<p>Hoitoaika ei yleens\u00e4 saisi ylitt\u00e4\u00e4 kolmea viikkoa.<\/p>\n<p>Kasvoille levitt\u00e4minen ei saisi ylitt\u00e4\u00e4 viitt\u00e4 p\u00e4iv\u00e4\u00e4.<\/p>\n<p>\u00c4l\u00e4 levit\u00e4 yli 20 prosentille kehon pinta-alasta.<\/p>\n<p>Yli hyv\u00e4ksytyn i\u00e4n omaaville lapsille hoidon tulisi olla mahdollisimman lyhyt ja rajoitettu alle 10 prosenttiin kehon pinta-alasta.<\/p>\n<p>Jos parannusta tapahtuu, l\u00e4\u00e4k\u00e4risi saattaa suositella siirtymist\u00e4 heikompaan kortikosteroidiin.<\/p>\n<h2>Mahdolliset haittavaikutukset<\/h2>\n<p>Yleisi\u00e4 haittavaikutuksia ovat:<\/p>\n<ul>\n<li>Pistely- tai polttava tunne<\/li>\n<li>Iho\u00e4rsytys<\/li>\n<li>Papulat tai pustulit<\/li>\n<\/ul>\n<p>Harvinaisempia mutta t\u00e4rkeit\u00e4 haittavaikutuksia ovat:<\/p>\n<ul>\n<li>Ihon ohentuminen (atrofia)<\/li>\n<li>Venym\u00e4arvet<\/li>\n<li>Lis\u00e4\u00e4ntynyt karvankasvu<\/li>\n<li>Ihon pigmentaation muutokset<\/li>\n<li>Toissijaiset infektiot<\/li>\n<\/ul>\n<p>Pitk\u00e4aikainen tai liiallinen k\u00e4ytt\u00f6 voi heikent\u00e4\u00e4 lis\u00e4munuaisten toimintaa tai johtaa Cushingin oireyhtym\u00e4\u00e4n, erityisesti lapsilla.<\/p>\n<p>H\u00e4ilyv\u00e4 n\u00e4k\u00f6 on raportoitu kortikosteroidien k\u00e4yt\u00f6n yhteydess\u00e4.<\/p>\n<p>Jos huomaat ep\u00e4tavallisia oireita tai ihotilasi pahenee, hae l\u00e4\u00e4k\u00e4rin apua.<\/p>\n<h2>T\u00e4rkeit\u00e4 turvallisuustietoja<\/h2>\n<p>Ecural on voimakas paikallinen kortikosteroidi. V\u00e4\u00e4rink\u00e4ytt\u00f6 tai pitk\u00e4aikainen k\u00e4ytt\u00f6 voi lis\u00e4t\u00e4 riski\u00e4:<\/p>\n<ul>\n<li>Ihon ohentuminen<\/li>\n<li>Hormonaalinen tukahduttaminen<\/li>\n<li>Viiv\u00e4stynyt haavan parantuminen<\/li>\n<li>Perussairauksien peitt\u00e4minen<\/li>\n<\/ul>\n<p>Sukupuoli- tai per\u00e4aukoalueella valkoista petrolatumia sis\u00e4lt\u00e4v\u00e4 voide tai kerma voi heikent\u00e4\u00e4 lateksikondomien tehoa.<\/p>\n<p>P\u00e4\u00e4nahan liuos sis\u00e4lt\u00e4\u00e4 propyleeniglykolia ja voi aiheuttaa ihon \u00e4rsytyst\u00e4 joillakin henkil\u00f6ill\u00e4.<\/p>\n<p>Noudata aina l\u00e4\u00e4k\u00e4rin ohjeita ja v\u00e4lt\u00e4 itsehoitoa hoitojakson pident\u00e4misess\u00e4.<\/p>\n<h2>Milloin hakea l\u00e4\u00e4k\u00e4rin apua<\/h2>\n<p>Ota yhteytt\u00e4 terveydenhuollon ammattilaiseen, jos koet:<\/p>\n<ul>\n<li>Vakavaa iho\u00e4rsytyst\u00e4<\/li>\n<li>Infektoitumisen merkkej\u00e4<\/li>\n<li>Ihon ohentumista tai venym\u00e4arpia<\/li>\n<li>N\u00e4k\u00f6h\u00e4iri\u00f6it\u00e4<\/li>\n<li>Ei parannusta m\u00e4\u00e4r\u00e4tyn hoitojakson j\u00e4lkeen<\/li>\n<\/ul>\n<p>Jos Ecuralia niell\u00e4\u00e4n vahingossa tai k\u00e4ytet\u00e4\u00e4n liikaa pitk\u00e4n ajan kuluessa, l\u00e4\u00e4k\u00e4rin arviointi on tarpeen systeemisten kortikosteroidivaikutusten riskin vuoksi.<\/p>\n","protected":false},"excerpt":{"rendered":"<ul>\n<li>Ecural v\u00e4hent\u00e4\u00e4 tulehdusta ja kutinaa steroidille herkiss\u00e4 ihosairauksissa. Sit\u00e4 tulisi k\u00e4ytt\u00e4\u00e4 kerran p\u00e4iv\u00e4ss\u00e4 lyhyin\u00e4 hoitojaksoina ihon ohenemisen ja systeemisen imeytymisen riskin vuoksi.<\/li>\n<li>Vaikuttava aine: Mometasonifuroaatti 1 mg per gramma<\/li>\n<li>K\u00e4ytet\u00e4\u00e4n: Psoriasis, atooppinen ihottuma, allerginen ja \u00e4rsytt\u00e4v\u00e4 kosketusihottuma<\/li>\n<\/ul>\n","protected":false},"featured_media":1548,"comment_status":"open","ping_status":"closed","template":"","meta":[],"product_brand":[],"product_cat":[90,140],"product_tag":[],"expert":[21],"class_list":{"0":"post-1546","1":"product","2":"type-product","3":"status-publish","4":"has-post-thumbnail","6":"product_cat-ekseema","7":"product_cat-psoriasis","8":"expert-dr-m-sharoyko","10":"first","11":"instock","12":"shipping-taxable","13":"product-type-variable"},"yoast_head":"<!-- This site is optimized with the Yoast SEO plugin v27.0 - https:\/\/yoast.com\/product\/yoast-seo-wordpress\/ -->\n<title>ECURAL\u00ae 1 mg\/g | Tehokas hoito ekseemalle ja psoriasikselle - Transtoyou<\/title>\n<meta name=\"description\" content=\"Transtoyou yhdist\u00e4\u00e4 potilaat l\u00e4\u00e4k\u00e4reihin ja apteekkeihin. Saat nopeasti online-konsultaatioita, reseptej\u00e4 ja terveysinfoa!\" \/>\n<meta name=\"robots\" content=\"noindex, follow, max-snippet:-1, max-image-preview:large, max-video-preview:-1\" \/>\n<meta property=\"og:locale\" content=\"fi_FI\" \/>\n<meta property=\"og:type\" content=\"article\" \/>\n<meta property=\"og:title\" content=\"ECURAL\u00ae 1 mg\/g | Tehokas hoito ekseemalle ja psoriasikselle - Transtoyou\" \/>\n<meta property=\"og:description\" content=\"Transtoyou yhdist\u00e4\u00e4 potilaat l\u00e4\u00e4k\u00e4reihin ja apteekkeihin. Saat nopeasti online-konsultaatioita, reseptej\u00e4 ja terveysinfoa!\" \/>\n<meta property=\"og:url\" content=\"https:\/\/www.transtoyou.com\/fi\/product\/ecural-1-mg-g\/\" \/>\n<meta property=\"og:site_name\" content=\"Transtoyou - FI\" \/>\n<meta property=\"article:modified_time\" content=\"2026-02-23T15:50:06+00:00\" \/>\n<meta name=\"twitter:card\" content=\"summary_large_image\" \/>\n<meta name=\"twitter:label1\" content=\"Arvioitu lukuaika\" \/>\n\t<meta name=\"twitter:data1\" content=\"3 minuuttia\" \/>\n<script type=\"application\/ld+json\" class=\"yoast-schema-graph\">{\"@context\":\"https:\/\/schema.org\",\"@graph\":[{\"@type\":\"WebPage\",\"@id\":\"https:\/\/www.transtoyou.com\/fi\/product\/ecural-1-mg-g\/\",\"url\":\"https:\/\/www.transtoyou.com\/fi\/product\/ecural-1-mg-g\/\",\"name\":\"ECURAL\u00ae 1 mg\/g | Tehokas hoito ekseemalle ja psoriasikselle - Transtoyou\",\"isPartOf\":{\"@id\":\"https:\/\/www.transtoyou.com\/fi\/#website\"},\"primaryImageOfPage\":{\"@id\":\"https:\/\/www.transtoyou.com\/fi\/product\/ecural-1-mg-g\/#primaryimage\"},\"image\":{\"@id\":\"https:\/\/www.transtoyou.com\/fi\/product\/ecural-1-mg-g\/#primaryimage\"},\"thumbnailUrl\":\"https:\/\/www.transtoyou.com\/fi\/wp-content\/uploads\/sites\/16\/2026\/02\/tty-no-product-image-6.webp\",\"datePublished\":\"2026-02-23T13:55:13+00:00\",\"dateModified\":\"2026-02-23T15:50:06+00:00\",\"description\":\"Transtoyou yhdist\u00e4\u00e4 potilaat l\u00e4\u00e4k\u00e4reihin ja apteekkeihin. Saat nopeasti online-konsultaatioita, reseptej\u00e4 ja terveysinfoa!\",\"breadcrumb\":{\"@id\":\"https:\/\/www.transtoyou.com\/fi\/product\/ecural-1-mg-g\/#breadcrumb\"},\"inLanguage\":\"fi\",\"potentialAction\":[{\"@type\":\"ReadAction\",\"target\":[\"https:\/\/www.transtoyou.com\/fi\/product\/ecural-1-mg-g\/\"]}]},{\"@type\":\"ImageObject\",\"inLanguage\":\"fi\",\"@id\":\"https:\/\/www.transtoyou.com\/fi\/product\/ecural-1-mg-g\/#primaryimage\",\"url\":\"https:\/\/www.transtoyou.com\/fi\/wp-content\/uploads\/sites\/16\/2026\/02\/tty-no-product-image-6.webp\",\"contentUrl\":\"https:\/\/www.transtoyou.com\/fi\/wp-content\/uploads\/sites\/16\/2026\/02\/tty-no-product-image-6.webp\",\"width\":1000,\"height\":1000,\"caption\":\"Oletusarvoinen tuotekuva\"},{\"@type\":\"WebSite\",\"@id\":\"https:\/\/www.transtoyou.com\/fi\/#website\",\"url\":\"https:\/\/www.transtoyou.com\/fi\/\",\"name\":\"Transtoyou - FI\",\"description\":\"\",\"publisher\":{\"@id\":\"https:\/\/www.transtoyou.com\/fi\/#organization\"},\"potentialAction\":[{\"@type\":\"SearchAction\",\"target\":{\"@type\":\"EntryPoint\",\"urlTemplate\":\"https:\/\/www.transtoyou.com\/fi\/?s={search_term_string}\"},\"query-input\":{\"@type\":\"PropertyValueSpecification\",\"valueRequired\":true,\"valueName\":\"search_term_string\"}}],\"inLanguage\":\"fi\"},{\"@type\":\"Organization\",\"@id\":\"https:\/\/www.transtoyou.com\/fi\/#organization\",\"name\":\"Transtoyou - FI\",\"url\":\"https:\/\/www.transtoyou.com\/fi\/\",\"logo\":{\"@type\":\"ImageObject\",\"inLanguage\":\"fi\",\"@id\":\"https:\/\/www.transtoyou.com\/fi\/#\/schema\/logo\/image\/\",\"url\":\"https:\/\/www.transtoyou.com\/fi\/wp-content\/uploads\/sites\/16\/2026\/01\/logo-tty-menu-bar-300x87-1.webp\",\"contentUrl\":\"https:\/\/www.transtoyou.com\/fi\/wp-content\/uploads\/sites\/16\/2026\/01\/logo-tty-menu-bar-300x87-1.webp\",\"width\":300,\"height\":87,\"caption\":\"Transtoyou - FI\"},\"image\":{\"@id\":\"https:\/\/www.transtoyou.com\/fi\/#\/schema\/logo\/image\/\"}}]}<\/script>\n<!-- \/ Yoast SEO plugin. -->","yoast_head_json":{"title":"ECURAL\u00ae 1 mg\/g | Tehokas hoito ekseemalle ja psoriasikselle - Transtoyou","description":"Transtoyou yhdist\u00e4\u00e4 potilaat l\u00e4\u00e4k\u00e4reihin ja apteekkeihin. Saat nopeasti online-konsultaatioita, reseptej\u00e4 ja terveysinfoa!","robots":{"index":"noindex","follow":"follow","max-snippet":"max-snippet:-1","max-image-preview":"max-image-preview:large","max-video-preview":"max-video-preview:-1"},"og_locale":"fi_FI","og_type":"article","og_title":"ECURAL\u00ae 1 mg\/g | Tehokas hoito ekseemalle ja psoriasikselle - Transtoyou","og_description":"Transtoyou yhdist\u00e4\u00e4 potilaat l\u00e4\u00e4k\u00e4reihin ja apteekkeihin. Saat nopeasti online-konsultaatioita, reseptej\u00e4 ja terveysinfoa!","og_url":"https:\/\/www.transtoyou.com\/fi\/product\/ecural-1-mg-g\/","og_site_name":"Transtoyou - FI","article_modified_time":"2026-02-23T15:50:06+00:00","twitter_card":"summary_large_image","twitter_misc":{"Arvioitu lukuaika":"3 minuuttia"},"schema":{"@context":"https:\/\/schema.org","@graph":[{"@type":"WebPage","@id":"https:\/\/www.transtoyou.com\/fi\/product\/ecural-1-mg-g\/","url":"https:\/\/www.transtoyou.com\/fi\/product\/ecural-1-mg-g\/","name":"ECURAL\u00ae 1 mg\/g | Tehokas hoito ekseemalle ja psoriasikselle - Transtoyou","isPartOf":{"@id":"https:\/\/www.transtoyou.com\/fi\/#website"},"primaryImageOfPage":{"@id":"https:\/\/www.transtoyou.com\/fi\/product\/ecural-1-mg-g\/#primaryimage"},"image":{"@id":"https:\/\/www.transtoyou.com\/fi\/product\/ecural-1-mg-g\/#primaryimage"},"thumbnailUrl":"https:\/\/www.transtoyou.com\/fi\/wp-content\/uploads\/sites\/16\/2026\/02\/tty-no-product-image-6.webp","datePublished":"2026-02-23T13:55:13+00:00","dateModified":"2026-02-23T15:50:06+00:00","description":"Transtoyou yhdist\u00e4\u00e4 potilaat l\u00e4\u00e4k\u00e4reihin ja apteekkeihin. Saat nopeasti online-konsultaatioita, reseptej\u00e4 ja terveysinfoa!","breadcrumb":{"@id":"https:\/\/www.transtoyou.com\/fi\/product\/ecural-1-mg-g\/#breadcrumb"},"inLanguage":"fi","potentialAction":[{"@type":"ReadAction","target":["https:\/\/www.transtoyou.com\/fi\/product\/ecural-1-mg-g\/"]}]},{"@type":"ImageObject","inLanguage":"fi","@id":"https:\/\/www.transtoyou.com\/fi\/product\/ecural-1-mg-g\/#primaryimage","url":"https:\/\/www.transtoyou.com\/fi\/wp-content\/uploads\/sites\/16\/2026\/02\/tty-no-product-image-6.webp","contentUrl":"https:\/\/www.transtoyou.com\/fi\/wp-content\/uploads\/sites\/16\/2026\/02\/tty-no-product-image-6.webp","width":1000,"height":1000,"caption":"Oletusarvoinen tuotekuva"},{"@type":"WebSite","@id":"https:\/\/www.transtoyou.com\/fi\/#website","url":"https:\/\/www.transtoyou.com\/fi\/","name":"Transtoyou - FI","description":"","publisher":{"@id":"https:\/\/www.transtoyou.com\/fi\/#organization"},"potentialAction":[{"@type":"SearchAction","target":{"@type":"EntryPoint","urlTemplate":"https:\/\/www.transtoyou.com\/fi\/?s={search_term_string}"},"query-input":{"@type":"PropertyValueSpecification","valueRequired":true,"valueName":"search_term_string"}}],"inLanguage":"fi"},{"@type":"Organization","@id":"https:\/\/www.transtoyou.com\/fi\/#organization","name":"Transtoyou - FI","url":"https:\/\/www.transtoyou.com\/fi\/","logo":{"@type":"ImageObject","inLanguage":"fi","@id":"https:\/\/www.transtoyou.com\/fi\/#\/schema\/logo\/image\/","url":"https:\/\/www.transtoyou.com\/fi\/wp-content\/uploads\/sites\/16\/2026\/01\/logo-tty-menu-bar-300x87-1.webp","contentUrl":"https:\/\/www.transtoyou.com\/fi\/wp-content\/uploads\/sites\/16\/2026\/01\/logo-tty-menu-bar-300x87-1.webp","width":300,"height":87,"caption":"Transtoyou - FI"},"image":{"@id":"https:\/\/www.transtoyou.com\/fi\/#\/schema\/logo\/image\/"}}]}},"_links":{"self":[{"href":"https:\/\/www.transtoyou.com\/fi\/wp-json\/wp\/v2\/product\/1546","targetHints":{"allow":["GET"]}}],"collection":[{"href":"https:\/\/www.transtoyou.com\/fi\/wp-json\/wp\/v2\/product"}],"about":[{"href":"https:\/\/www.transtoyou.com\/fi\/wp-json\/wp\/v2\/types\/product"}],"replies":[{"embeddable":true,"href":"https:\/\/www.transtoyou.com\/fi\/wp-json\/wp\/v2\/comments?post=1546"}],"wp:featuredmedia":[{"embeddable":true,"href":"https:\/\/www.transtoyou.com\/fi\/wp-json\/wp\/v2\/media\/1548"}],"wp:attachment":[{"href":"https:\/\/www.transtoyou.com\/fi\/wp-json\/wp\/v2\/media?parent=1546"}],"wp:term":[{"taxonomy":"product_brand","embeddable":true,"href":"https:\/\/www.transtoyou.com\/fi\/wp-json\/wp\/v2\/product_brand?post=1546"},{"taxonomy":"product_cat","embeddable":true,"href":"https:\/\/www.transtoyou.com\/fi\/wp-json\/wp\/v2\/product_cat?post=1546"},{"taxonomy":"product_tag","embeddable":true,"href":"https:\/\/www.transtoyou.com\/fi\/wp-json\/wp\/v2\/product_tag?post=1546"},{"taxonomy":"expert","embeddable":true,"href":"https:\/\/www.transtoyou.com\/fi\/wp-json\/wp\/v2\/expert?post=1546"}],"curies":[{"name":"wp","href":"https:\/\/api.w.org\/{rel}","templated":true}]}}