{"id":1594,"date":"2026-02-24T11:35:14","date_gmt":"2026-02-24T11:35:14","guid":{"rendered":"https:\/\/www.transtoyou.com\/fi\/product\/estramon-comp\/"},"modified":"2026-03-03T07:56:58","modified_gmt":"2026-03-03T07:56:58","slug":"estramon-yhdistelma","status":"publish","type":"product","link":"https:\/\/www.transtoyou.com\/fi\/product\/estramon-yhdistelma\/","title":{"rendered":"Estramon Comp"},"content":{"rendered":"<h2>Mitk\u00e4 ovat Estramon Comp?<\/h2>\n<p>Estramon Comp on sekvenssiyhdistetty <a href=\"\/fi\/treatment\/hormone-replacement-therapy\/\">hormonihoitoplaasteri (HRT)<\/a>, jota k\u00e4ytet\u00e4\u00e4n vaihdevuosien oireiden hoitoon. Se sis\u00e4lt\u00e4\u00e4 kahta hormonia: estradiolia, joka on estrogeenin muoto, ja norethisteroniasetaattia, joka on progesteronin tyyppi (tunnetaan my\u00f6s progestogeenina).<\/p>\n<p>Toisin kuin jatkuva yhdistetty HRT, Estramon Comp seuraa syklist\u00e4 tai sekvenssij\u00e4rjestelm\u00e4\u00e4. T\u00e4m\u00e4 tarkoittaa, ett\u00e4 k\u00e4yt\u00e4t estrogeenia yksin osan syklist\u00e4 ja estrogeenia yhdess\u00e4 progesteronin kanssa toisen osan aikana. T\u00e4m\u00e4n mallin vuoksi saatat kokea kuukausittaisen vieroitusvuodon, joka on samanlainen kuin kevyt kuukautisvuoto.<\/p>\n<p>Estramon Compia m\u00e4\u00e4r\u00e4t\u00e4\u00e4n tyypillisesti, jos:<\/p>\n<ul>\n<li>Olet perimenopaussissa (kuukautisesi ovat ep\u00e4s\u00e4\u00e4nn\u00f6lliset mutta eiv\u00e4t t\u00e4ysin loppuneet), tai<\/li>\n<li>Olet viimeisen luonnollisen kuukautisesi j\u00e4lkeen 12 kuukauden sis\u00e4ll\u00e4<\/li>\n<\/ul>\n<p>Se on suunniteltu naisille, joilla on edelleen kohtu ja jotka tarvitsevat sek\u00e4 estrogeenin korvausta ett\u00e4 suojaa kohdun limakalvolle.<\/p>\n<p>Estramon Comp on transdermaalinen HRT-plasteri, mik\u00e4 tarkoittaa, ett\u00e4 hormonit imeytyv\u00e4t ihon kautta suoraan verenkiertoon. T\u00e4m\u00e4 v\u00e4ltt\u00e4\u00e4 kulkemista ruoansulatusj\u00e4rjestelm\u00e4n l\u00e4pi ja tarjoaa tasaiset hormonitasot.<\/p>\n<h2>Mihin Estramon Compia k\u00e4ytet\u00e4\u00e4n?<\/h2>\n<p>Estramon Compia k\u00e4ytet\u00e4\u00e4n <a href=\"\/fi\/treatment\/menopause-pms-relief\/\">vaihdevuosioireiden lievitt\u00e4miseen<\/a>, joita aiheuttaa laskeva estrogeenitaso.<\/p>\n<p>Vaihdevuosien aikana estrogeenitasot laskevat merkitt\u00e4v\u00e4sti. T\u00e4m\u00e4 hormonaalinen muutos voi aiheuttaa:<\/p>\n<ul>\n<li>Kuumia aaltoja<\/li>\n<li>Y\u00f6hiostusta<\/li>\n<li>Univaikeuksia<\/li>\n<li>Tunnelman vaihteluita<\/li>\n<li>Em\u00e4ttimen kuivuutta<\/li>\n<li>Aivojen sumuisuutta<\/li>\n<li>V\u00e4symyst\u00e4<\/li>\n<li>V\u00e4hentynytt\u00e4 libidoa<\/li>\n<\/ul>\n<p>Kuumat aallot ja y\u00f6hiostus tunnetaan vasomotorisina oireina, mik\u00e4 tarkoittaa, ett\u00e4 kehosi l\u00e4mp\u00f6tilans\u00e4\u00e4telyj\u00e4rjestelm\u00e4 h\u00e4iriintyy hormonaalisten muutosten vuoksi.<\/p>\n<p>Estramon Comp voi my\u00f6s auttaa yll\u00e4pit\u00e4m\u00e4\u00e4n luuntiheytt\u00e4. Vaihdevuosien j\u00e4lkeen alhaisemmat estrogeenitasot lis\u00e4\u00e4v\u00e4t osteoporoosin riski\u00e4, joka on tila, jossa luut ohenevat ja muuttuvat hauraiksi. Hormonihoito voi auttaa hidastamaan luukatoa naisilla, jotka ovat riskiryhm\u00e4ss\u00e4.<\/p>\n<p>Estramon Comp on erityisen sopiva, jos koet edelleen satunnaisia kuukautisia tai olet varhaisessa vaihdevuosivaiheessa.<\/p>\n<h2>Kuinka Estramon Comp toimii?<\/h2>\n<p>Estramon Comp toimii korvaamalla hormonit, joita kehosi v\u00e4hitellen lakkaa tuottamasta vaihdevuosien aikana.<\/p>\n<h4>Estradioli (estrogeeni)<\/h4>\n<p>Estradioli on kemiallisesti samanlainen kuin estrogeeni, jota kehosi luonnollisesti tuottaa. Se auttaa:<\/p>\n<ul>\n<li>V\u00e4hent\u00e4m\u00e4\u00e4n kuumia aaltoja ja y\u00f6hiostusta<\/li>\n<li>Parantamaan em\u00e4ttimen kuivuutta<\/li>\n<li>Tukemaan mielialaa ja unta<\/li>\n<li>Yll\u00e4pit\u00e4m\u00e4\u00e4n luun vahvuutta<\/li>\n<\/ul>\n<h4>Norethisteroni (progestogeeni)<\/h4>\n<p>Jos sinulla on edelleen kohtu, pelkk\u00e4 estrogeeni voi aiheuttaa kohdun limakalvon (kutsutaan endometriumiksi) paksuuntumista liikaa. Ajan my\u00f6t\u00e4 t\u00e4m\u00e4 voi lis\u00e4t\u00e4 kohdun limakalvosy\u00f6v\u00e4n riski\u00e4.<\/p>\n<p>Norethisteroni suojaa kohtua est\u00e4m\u00e4ll\u00e4 limakalvon liiallista paksuuntumista. Sekvenssiyhdistetyss\u00e4 HRT:ss\u00e4, kuten Estramon Compissa, progesteronia lis\u00e4t\u00e4\u00e4n osan syklist\u00e4, mik\u00e4 voi johtaa aikataulutettuun kuukausittaiseen vuotoon.<\/p>\n<p>Koska laastari toimittaa hormoneja ihon kautta, saat tasaisen hormonin imeytymisen. T\u00e4m\u00e4 transdermaalinen toimitusj\u00e4rjestelm\u00e4 voi v\u00e4hent\u00e4\u00e4 hormonivaihteluita verrattuna suun kautta otettaviin tabletteihin.<\/p>\n<h2>Kuka ei saa k\u00e4ytt\u00e4\u00e4 Estramon Compia?<\/h2>\n<p>Et saa k\u00e4ytt\u00e4\u00e4 Estramon Compia, jos:<\/p>\n<ul>\n<li>Sinulla on tai on ollut rintasy\u00f6p\u00e4<\/li>\n<li>Sinulla on estrogeeniriippuvainen sy\u00f6p\u00e4 (kuten kohdun limakalvosy\u00f6p\u00e4)<\/li>\n<li>Sinulla on selitt\u00e4m\u00e4t\u00f6nt\u00e4 em\u00e4tinverenvuotoa<\/li>\n<li>Sinulla on hoitamattomia endometriumpaksuuntumia<\/li>\n<li>Sinulla on tai on ollut veritulppia<\/li>\n<li>Sinulla on veren hyytymish\u00e4iri\u00f6<\/li>\n<li>Olet \u00e4skett\u00e4in saanut syd\u00e4ninfarktin tai aivohalvauksen<\/li>\n<li>Sinulla on vakava maksasairaus<\/li>\n<li>Olet allerginen estradiolille tai norethisteronille<\/li>\n<\/ul>\n<p>Ilmoita aina l\u00e4\u00e4k\u00e4rillesi terveydentilastasi ennen hormonikorvaushoidon aloittamista.<\/p>\n<h3>Raskaus ja imetys<\/h3>\n<p>Estramon Comp ei ole ehk\u00e4isyvalmiste.<\/p>\n<p>Et saa k\u00e4ytt\u00e4\u00e4 t\u00e4t\u00e4 l\u00e4\u00e4kett\u00e4, jos olet raskaana tai ep\u00e4ilet olevasi raskaana. Vaikka hedelm\u00e4llisyys v\u00e4henee vaihdevuosien aikana, raskaus on edelleen mahdollista perimenopaussissa.<\/p>\n<p>Estramon Compia ei tule k\u00e4ytt\u00e4\u00e4 imetyksen aikana.<\/p>\n<p>Jos ep\u00e4ilet raskautta t\u00e4m\u00e4n laastarin k\u00e4yt\u00f6n aikana, poista se ja ota yhteytt\u00e4 l\u00e4\u00e4k\u00e4riisi.<\/p>\n<h2>Kuinka k\u00e4ytt\u00e4\u00e4 Estramon Compia ja annostus<\/h2>\n<p>K\u00e4yt\u00e4 aina Estramon Compia tarkasti l\u00e4\u00e4k\u00e4risi ohjeiden mukaan.<\/p>\n<p>Koska se on sekvenssiyhdistetty HRT-laastari, seuraat sykli\u00e4:<\/p>\n<ul>\n<li>Ensimm\u00e4inen vaihe: vain estrogeenilaastari<\/li>\n<li>Toinen vaihe: yhdistetty estrogeeni- ja progestogeeni-laastari<\/li>\n<\/ul>\n<p>L\u00e4\u00e4k\u00e4risi selitt\u00e4\u00e4 tarkat aikataulusi.<\/p>\n<p>Kuinka levitt\u00e4\u00e4:<\/p>\n<ul>\n<li>Levit\u00e4 puhtaalle, kuivalle, ehj\u00e4lle iholle<\/li>\n<li>Sopivia alueita ovat alavatsa tai pakarat<\/li>\n<li>\u00c4l\u00e4 levit\u00e4 rintoihisi<\/li>\n<li>Paina tiukasti v\u00e4hint\u00e4\u00e4n 10 sekuntia<\/li>\n<li>Vaihda laastarit m\u00e4\u00e4r\u00e4tyn aikataulun mukaan<\/li>\n<\/ul>\n<p>Vaihtoehtoiset levityspaikat v\u00e4hent\u00e4v\u00e4t ihon \u00e4rsytyst\u00e4.<\/p>\n<p>Saatat kokea ennakoitavaa kuukausittaista vuotoa progestogeeni-vaiheessa. T\u00e4m\u00e4 on normaalia sekvenssiyhdistetyss\u00e4 HRT:ss\u00e4.<\/p>\n<h2>Mahdolliset haittavaikutukset<\/h2>\n<p>Kuten kaikki l\u00e4\u00e4kkeet, Estramon Comp voi aiheuttaa haittavaikutuksia.<\/p>\n<p>Yleisi\u00e4 haittavaikutuksia ovat:<\/p>\n<ul>\n<li>Rintojen arkuus<\/li>\n<li>P\u00e4\u00e4ns\u00e4rky<\/li>\n<li>Pahoinvointi<\/li>\n<li>Mielialan muutokset<\/li>\n<li>Ihon \u00e4rsytys<\/li>\n<li>Aikataulutettu kuukausittainen vuoto<\/li>\n<li>Ep\u00e4s\u00e4\u00e4nn\u00f6llinen tiputtelu<\/li>\n<\/ul>\n<p>Vakavammat mutta harvinaisemmat hormonikorvaushoidon riskit ovat:<\/p>\n<ul>\n<li>Veritulpat<\/li>\n<li>Aivohalvaus<\/li>\n<li>Rintasy\u00f6p\u00e4<\/li>\n<li>Munasarjasy\u00f6p\u00e4<\/li>\n<li>Syd\u00e4nsairaus<\/li>\n<\/ul>\n<p>Yksil\u00f6llinen riskisi riippuu i\u00e4st\u00e4si, ajasta vaihdevuosista, perhesuhteista ja yleisest\u00e4 terveydest\u00e4si.<\/p>\n<p>S\u00e4\u00e4nn\u00f6llinen l\u00e4\u00e4k\u00e4rintarkastus on t\u00e4rke\u00e4\u00e4 hormonikorvaushoidon aikana.<\/p>\n<h2>T\u00e4rke\u00e4t turvallisuustiedot<\/h2>\n<p>Ennen Estramon Compin aloittamista sinun tulisi k\u00e4yd\u00e4 l\u00e4\u00e4k\u00e4rin konsultaatiossa.<\/p>\n<p>Kerro l\u00e4\u00e4k\u00e4rillesi, jos sinulla on:<\/p>\n<ul>\n<li><a href=\"\/fi\/treatment\/high-blood-pressure\">Korkea verenpaine<\/a><\/li>\n<li><a href=\"\/fi\/treatment\/diabetes\">Diabetes<\/a><\/li>\n<li><a href=\"\/fi\/treatment\/headache-and-migraines\/\">Migreeni<\/a><\/li>\n<li>Sapekivet<\/li>\n<li>Maksavaivat<\/li>\n<li>Myoomat<\/li>\n<li><a href=\"\/fi\/treatment\/endometriosis\/\">Endometrioosi<\/a><\/li>\n<li>Korkeat triglyseriditasot<\/li>\n<li>Perhesuhteet hormoniriippuvaisiin sy\u00f6piin<\/li>\n<\/ul>\n<p>Estramon Compin k\u00e4yt\u00f6n aikana:<\/p>\n<ul>\n<li>Osallistu s\u00e4\u00e4nn\u00f6llisiin tarkastuksiin<\/li>\n<li>Jatka rintasy\u00f6v\u00e4n seulontaa<\/li>\n<li>Suorita s\u00e4\u00e4nn\u00f6llisi\u00e4 itse-tarkastuksia rintojen osalta<\/li>\n<li>Ilmoita ep\u00e4tavallisesta verenvuodosta<\/li>\n<\/ul>\n<p>Hormonikorvaushoito tulisi tarkistaa v\u00e4hint\u00e4\u00e4n vuosittain.<\/p>\n<h2>Milloin hakea l\u00e4\u00e4k\u00e4rin apua<\/h2>\n<p>Lopeta Estramon Compin k\u00e4ytt\u00f6 ja hae kiireellist\u00e4 l\u00e4\u00e4k\u00e4rinhoitoa, jos kehit\u00e4t:<\/p>\n<ul>\n<li>Turvotusta tai kipua yhdess\u00e4 jalassa<\/li>\n<li>\u00c4killist\u00e4 rintakipua<\/li>\n<li>Hengitysvaikeuksia<\/li>\n<li>Vakavaa p\u00e4\u00e4ns\u00e4rky\u00e4<\/li>\n<li>\u00c4killisi\u00e4 n\u00e4k\u00f6- tai puheongelmia<\/li>\n<li>Ihon tai silmien keltaisuutta<\/li>\n<li>Vakavan allergisen reaktion merkkej\u00e4<\/li>\n<\/ul>\n<p>Ota yhteytt\u00e4 l\u00e4\u00e4k\u00e4riisi, jos huomaat:<\/p>\n<ul>\n<li>Odottamatonta voimakasta verenvuotoa<\/li>\n<li>Uuden rintakohouman<\/li>\n<li>Kest\u00e4v\u00e4\u00e4 vatsakipua<\/li>\n<li>Yht\u00e4kki\u00e4 tapahtuneita muutoksia terveydess\u00e4si<\/li>\n<\/ul>\n<p>Jos olet ep\u00e4varma oireista, hae aina l\u00e4\u00e4k\u00e4rin neuvoa.<\/p>\n","protected":false},"excerpt":{"rendered":"<ul>\n<li>Estramon Comp: Per\u00e4kk\u00e4inen hormonikorvaushoitoplasti, joka lievitt\u00e4\u00e4 vaihdevuosien oireita samalla suojaten kohtua.<\/li>\n<li>Vaikuttava aine: Estradioli (estrogeeni) ja Norethisteroni-asetaatti (progesteroni)<\/li>\n<li>K\u00e4ytet\u00e4\u00e4n: Hormonikorvaushoitoon (HRT)<\/li>\n<\/ul>\n","protected":false},"featured_media":1596,"comment_status":"open","ping_status":"closed","template":"","meta":[],"product_brand":[],"product_cat":[120,126],"product_tag":[],"expert":[20],"class_list":{"0":"post-1594","1":"product","2":"type-product","3":"status-publish","4":"has-post-thumbnail","6":"product_cat-hormonihoito-hrt","7":"product_cat-vaihdevuosi-ja-pms-helpotus","8":"expert-dr-m-ahmed","10":"first","11":"instock","12":"shipping-taxable","13":"product-type-variable"},"yoast_head":"<!-- This site is optimized with the Yoast SEO plugin v27.0 - https:\/\/yoast.com\/product\/yoast-seo-wordpress\/ -->\n<title>Estramon Comp | HRT-laastari vaihdevuosien hoitoon - Transtoyou<\/title>\n<meta name=\"description\" content=\"Estramon Comp HRT -laastarit vaihdevuosioireiden hoitoon, vain l\u00e4\u00e4k\u00e4rin reseptill\u00e4 Transtoyou -l\u00e4\u00e4k\u00e4reilt\u00e4. Tutustu, sopiiko t\u00e4m\u00e4 hoito sinulle.\" \/>\n<meta name=\"robots\" content=\"noindex, follow, max-snippet:-1, max-image-preview:large, max-video-preview:-1\" \/>\n<meta property=\"og:locale\" content=\"fi_FI\" \/>\n<meta property=\"og:type\" content=\"article\" \/>\n<meta property=\"og:title\" content=\"Estramon Comp | HRT-laastari vaihdevuosien hoitoon - Transtoyou\" \/>\n<meta property=\"og:description\" content=\"Estramon Comp HRT -laastarit vaihdevuosioireiden hoitoon, vain l\u00e4\u00e4k\u00e4rin reseptill\u00e4 Transtoyou -l\u00e4\u00e4k\u00e4reilt\u00e4. Tutustu, sopiiko t\u00e4m\u00e4 hoito sinulle.\" \/>\n<meta property=\"og:url\" content=\"https:\/\/www.transtoyou.com\/fi\/product\/estramon-comp\/\" \/>\n<meta property=\"og:site_name\" content=\"Transtoyou - FI\" \/>\n<meta property=\"article:modified_time\" content=\"2026-03-03T07:56:58+00:00\" \/>\n<meta name=\"twitter:card\" content=\"summary_large_image\" \/>\n<meta name=\"twitter:label1\" content=\"Arvioitu lukuaika\" \/>\n\t<meta name=\"twitter:data1\" content=\"4 minuuttia\" \/>\n<script type=\"application\/ld+json\" class=\"yoast-schema-graph\">{\"@context\":\"https:\/\/schema.org\",\"@graph\":[{\"@type\":\"WebPage\",\"@id\":\"https:\/\/www.transtoyou.com\/fi\/product\/estramon-comp\/\",\"url\":\"https:\/\/www.transtoyou.com\/fi\/product\/estramon-comp\/\",\"name\":\"Estramon Comp | HRT-laastari vaihdevuosien hoitoon - Transtoyou\",\"isPartOf\":{\"@id\":\"https:\/\/www.transtoyou.com\/fi\/#website\"},\"primaryImageOfPage\":{\"@id\":\"https:\/\/www.transtoyou.com\/fi\/product\/estramon-comp\/#primaryimage\"},\"image\":{\"@id\":\"https:\/\/www.transtoyou.com\/fi\/product\/estramon-comp\/#primaryimage\"},\"thumbnailUrl\":\"https:\/\/www.transtoyou.com\/fi\/wp-content\/uploads\/sites\/16\/2026\/02\/tty-no-product-image-9.webp\",\"datePublished\":\"2026-02-24T11:35:14+00:00\",\"dateModified\":\"2026-03-03T07:56:58+00:00\",\"description\":\"Estramon Comp HRT -laastarit vaihdevuosioireiden hoitoon, vain l\u00e4\u00e4k\u00e4rin reseptill\u00e4 Transtoyou -l\u00e4\u00e4k\u00e4reilt\u00e4. Tutustu, sopiiko t\u00e4m\u00e4 hoito sinulle.\",\"breadcrumb\":{\"@id\":\"https:\/\/www.transtoyou.com\/fi\/product\/estramon-comp\/#breadcrumb\"},\"inLanguage\":\"fi\",\"potentialAction\":[{\"@type\":\"ReadAction\",\"target\":[\"https:\/\/www.transtoyou.com\/fi\/product\/estramon-comp\/\"]}]},{\"@type\":\"ImageObject\",\"inLanguage\":\"fi\",\"@id\":\"https:\/\/www.transtoyou.com\/fi\/product\/estramon-comp\/#primaryimage\",\"url\":\"https:\/\/www.transtoyou.com\/fi\/wp-content\/uploads\/sites\/16\/2026\/02\/tty-no-product-image-9.webp\",\"contentUrl\":\"https:\/\/www.transtoyou.com\/fi\/wp-content\/uploads\/sites\/16\/2026\/02\/tty-no-product-image-9.webp\",\"width\":1000,\"height\":1000,\"caption\":\"Oletusarvoinen tuotekuva\"},{\"@type\":\"WebSite\",\"@id\":\"https:\/\/www.transtoyou.com\/fi\/#website\",\"url\":\"https:\/\/www.transtoyou.com\/fi\/\",\"name\":\"Transtoyou - FI\",\"description\":\"\",\"publisher\":{\"@id\":\"https:\/\/www.transtoyou.com\/fi\/#organization\"},\"potentialAction\":[{\"@type\":\"SearchAction\",\"target\":{\"@type\":\"EntryPoint\",\"urlTemplate\":\"https:\/\/www.transtoyou.com\/fi\/?s={search_term_string}\"},\"query-input\":{\"@type\":\"PropertyValueSpecification\",\"valueRequired\":true,\"valueName\":\"search_term_string\"}}],\"inLanguage\":\"fi\"},{\"@type\":\"Organization\",\"@id\":\"https:\/\/www.transtoyou.com\/fi\/#organization\",\"name\":\"Transtoyou - FI\",\"url\":\"https:\/\/www.transtoyou.com\/fi\/\",\"logo\":{\"@type\":\"ImageObject\",\"inLanguage\":\"fi\",\"@id\":\"https:\/\/www.transtoyou.com\/fi\/#\/schema\/logo\/image\/\",\"url\":\"https:\/\/www.transtoyou.com\/fi\/wp-content\/uploads\/sites\/16\/2026\/01\/logo-tty-menu-bar-300x87-1.webp\",\"contentUrl\":\"https:\/\/www.transtoyou.com\/fi\/wp-content\/uploads\/sites\/16\/2026\/01\/logo-tty-menu-bar-300x87-1.webp\",\"width\":300,\"height\":87,\"caption\":\"Transtoyou - FI\"},\"image\":{\"@id\":\"https:\/\/www.transtoyou.com\/fi\/#\/schema\/logo\/image\/\"}}]}<\/script>\n<!-- \/ Yoast SEO plugin. -->","yoast_head_json":{"title":"Estramon Comp | HRT-laastari vaihdevuosien hoitoon - Transtoyou","description":"Estramon Comp HRT -laastarit vaihdevuosioireiden hoitoon, vain l\u00e4\u00e4k\u00e4rin reseptill\u00e4 Transtoyou -l\u00e4\u00e4k\u00e4reilt\u00e4. Tutustu, sopiiko t\u00e4m\u00e4 hoito sinulle.","robots":{"index":"noindex","follow":"follow","max-snippet":"max-snippet:-1","max-image-preview":"max-image-preview:large","max-video-preview":"max-video-preview:-1"},"og_locale":"fi_FI","og_type":"article","og_title":"Estramon Comp | HRT-laastari vaihdevuosien hoitoon - Transtoyou","og_description":"Estramon Comp HRT -laastarit vaihdevuosioireiden hoitoon, vain l\u00e4\u00e4k\u00e4rin reseptill\u00e4 Transtoyou -l\u00e4\u00e4k\u00e4reilt\u00e4. Tutustu, sopiiko t\u00e4m\u00e4 hoito sinulle.","og_url":"https:\/\/www.transtoyou.com\/fi\/product\/estramon-comp\/","og_site_name":"Transtoyou - FI","article_modified_time":"2026-03-03T07:56:58+00:00","twitter_card":"summary_large_image","twitter_misc":{"Arvioitu lukuaika":"4 minuuttia"},"schema":{"@context":"https:\/\/schema.org","@graph":[{"@type":"WebPage","@id":"https:\/\/www.transtoyou.com\/fi\/product\/estramon-comp\/","url":"https:\/\/www.transtoyou.com\/fi\/product\/estramon-comp\/","name":"Estramon Comp | HRT-laastari vaihdevuosien hoitoon - Transtoyou","isPartOf":{"@id":"https:\/\/www.transtoyou.com\/fi\/#website"},"primaryImageOfPage":{"@id":"https:\/\/www.transtoyou.com\/fi\/product\/estramon-comp\/#primaryimage"},"image":{"@id":"https:\/\/www.transtoyou.com\/fi\/product\/estramon-comp\/#primaryimage"},"thumbnailUrl":"https:\/\/www.transtoyou.com\/fi\/wp-content\/uploads\/sites\/16\/2026\/02\/tty-no-product-image-9.webp","datePublished":"2026-02-24T11:35:14+00:00","dateModified":"2026-03-03T07:56:58+00:00","description":"Estramon Comp HRT -laastarit vaihdevuosioireiden hoitoon, vain l\u00e4\u00e4k\u00e4rin reseptill\u00e4 Transtoyou -l\u00e4\u00e4k\u00e4reilt\u00e4. Tutustu, sopiiko t\u00e4m\u00e4 hoito sinulle.","breadcrumb":{"@id":"https:\/\/www.transtoyou.com\/fi\/product\/estramon-comp\/#breadcrumb"},"inLanguage":"fi","potentialAction":[{"@type":"ReadAction","target":["https:\/\/www.transtoyou.com\/fi\/product\/estramon-comp\/"]}]},{"@type":"ImageObject","inLanguage":"fi","@id":"https:\/\/www.transtoyou.com\/fi\/product\/estramon-comp\/#primaryimage","url":"https:\/\/www.transtoyou.com\/fi\/wp-content\/uploads\/sites\/16\/2026\/02\/tty-no-product-image-9.webp","contentUrl":"https:\/\/www.transtoyou.com\/fi\/wp-content\/uploads\/sites\/16\/2026\/02\/tty-no-product-image-9.webp","width":1000,"height":1000,"caption":"Oletusarvoinen tuotekuva"},{"@type":"WebSite","@id":"https:\/\/www.transtoyou.com\/fi\/#website","url":"https:\/\/www.transtoyou.com\/fi\/","name":"Transtoyou - FI","description":"","publisher":{"@id":"https:\/\/www.transtoyou.com\/fi\/#organization"},"potentialAction":[{"@type":"SearchAction","target":{"@type":"EntryPoint","urlTemplate":"https:\/\/www.transtoyou.com\/fi\/?s={search_term_string}"},"query-input":{"@type":"PropertyValueSpecification","valueRequired":true,"valueName":"search_term_string"}}],"inLanguage":"fi"},{"@type":"Organization","@id":"https:\/\/www.transtoyou.com\/fi\/#organization","name":"Transtoyou - FI","url":"https:\/\/www.transtoyou.com\/fi\/","logo":{"@type":"ImageObject","inLanguage":"fi","@id":"https:\/\/www.transtoyou.com\/fi\/#\/schema\/logo\/image\/","url":"https:\/\/www.transtoyou.com\/fi\/wp-content\/uploads\/sites\/16\/2026\/01\/logo-tty-menu-bar-300x87-1.webp","contentUrl":"https:\/\/www.transtoyou.com\/fi\/wp-content\/uploads\/sites\/16\/2026\/01\/logo-tty-menu-bar-300x87-1.webp","width":300,"height":87,"caption":"Transtoyou - FI"},"image":{"@id":"https:\/\/www.transtoyou.com\/fi\/#\/schema\/logo\/image\/"}}]}},"_links":{"self":[{"href":"https:\/\/www.transtoyou.com\/fi\/wp-json\/wp\/v2\/product\/1594","targetHints":{"allow":["GET"]}}],"collection":[{"href":"https:\/\/www.transtoyou.com\/fi\/wp-json\/wp\/v2\/product"}],"about":[{"href":"https:\/\/www.transtoyou.com\/fi\/wp-json\/wp\/v2\/types\/product"}],"replies":[{"embeddable":true,"href":"https:\/\/www.transtoyou.com\/fi\/wp-json\/wp\/v2\/comments?post=1594"}],"wp:featuredmedia":[{"embeddable":true,"href":"https:\/\/www.transtoyou.com\/fi\/wp-json\/wp\/v2\/media\/1596"}],"wp:attachment":[{"href":"https:\/\/www.transtoyou.com\/fi\/wp-json\/wp\/v2\/media?parent=1594"}],"wp:term":[{"taxonomy":"product_brand","embeddable":true,"href":"https:\/\/www.transtoyou.com\/fi\/wp-json\/wp\/v2\/product_brand?post=1594"},{"taxonomy":"product_cat","embeddable":true,"href":"https:\/\/www.transtoyou.com\/fi\/wp-json\/wp\/v2\/product_cat?post=1594"},{"taxonomy":"product_tag","embeddable":true,"href":"https:\/\/www.transtoyou.com\/fi\/wp-json\/wp\/v2\/product_tag?post=1594"},{"taxonomy":"expert","embeddable":true,"href":"https:\/\/www.transtoyou.com\/fi\/wp-json\/wp\/v2\/expert?post=1594"}],"curies":[{"name":"wp","href":"https:\/\/api.w.org\/{rel}","templated":true}]}}