{"id":1600,"date":"2026-02-24T12:50:31","date_gmt":"2026-02-24T12:50:31","guid":{"rendered":"https:\/\/www.transtoyou.com\/fi\/product\/estramon-uno\/"},"modified":"2026-02-26T14:51:25","modified_gmt":"2026-02-26T14:51:25","slug":"estramon-yksi","status":"publish","type":"product","link":"https:\/\/www.transtoyou.com\/fi\/product\/estramon-yksi\/","title":{"rendered":"Estramon Uno"},"content":{"rendered":"<h2>Mik\u00e4 on Estramon Uno?<\/h2>\n<p>Estramon Uno on estrogeenia sis\u00e4lt\u00e4v\u00e4 <a href=\"\/fi\/treatment\/hormone-replacement-therapy\/\">hormonihoitolaastari (HRT)<\/a>, jota k\u00e4ytet\u00e4\u00e4n <a href=\"\/fi\/treatment\/menopause-pms-relief\/\">hoitamaan vaihdevuosien oireita<\/a>. Se sis\u00e4lt\u00e4\u00e4 estradiolia, joka on kemiallisesti identtinen kehosi luonnollisesti tuottaman estrogeenin kanssa ennen vaihdevuosia.<\/p>\n<p>Vaihdevuosien aikana munasarjasi lopettavat v\u00e4hitellen estrogeenin tuotannon. T\u00e4m\u00e4 hormonaalinen lasku voi aiheuttaa erilaisia oireita, jotka vaikuttavat mukavuuteesi, uneesi, mielialaan ja el\u00e4m\u00e4nlaatuusi. Estramon Uno auttaa korvaamalla estrogeenin, jota kehosi ei en\u00e4\u00e4 tuota riitt\u00e4v\u00e4sti.<\/p>\n<p>Estramon Uno on transdermaalinen HRT-laastari, mik\u00e4 tarkoittaa, ett\u00e4 se toimittaa estrogeenia ihosi kautta suoraan verenkiertoosi. Koska se ohittaa ruoansulatusj\u00e4rjestelm\u00e4si, se tarjoaa vakaat hormonitasot ja voi v\u00e4hent\u00e4\u00e4 tiettyj\u00e4 riskej\u00e4 verrattuna suun kautta otettaviin estrogeeni-tabletteihin.<\/p>\n<p>Estramon Uno m\u00e4\u00e4r\u00e4t\u00e4\u00e4n yleens\u00e4, jos:<\/p>\n<ul>\n<li>Olet vaihdevuosi-ik\u00e4inen (ei kuukautisia v\u00e4hint\u00e4\u00e4n 12 kuukauteen)<\/li>\n<li>Sinulle on tehty hysterektomia (kohdun poistaminen)<\/li>\n<\/ul>\n<p>Koska se sis\u00e4lt\u00e4\u00e4 vain estrogeenia eik\u00e4 progesteronia, se sopii yleens\u00e4 naisille, joilla ei en\u00e4\u00e4 ole kohtua.<\/p>\n<h2>Mihin Estramon Uno:ta k\u00e4ytet\u00e4\u00e4n?<\/h2>\n<p>Estramon Uno:ta k\u00e4ytet\u00e4\u00e4n vaihdevuosien oireiden hoitoon, jotka johtuvat matalista estrogeenitasoista.<\/p>\n<p>Yleisi\u00e4 vaihdevuosien oireita ovat:<\/p>\n<ul>\n<li>Kuumat aallot<\/li>\n<li>Y\u00f6hiostus<\/li>\n<li>Unih\u00e4iri\u00f6t<\/li>\n<li>Mielialan muutokset<\/li>\n<li>Em\u00e4ttimen kuivuus<\/li>\n<li>V\u00e4hentynyt libido<\/li>\n<li>V\u00e4symys<\/li>\n<\/ul>\n<p>Kuumia aaltoja ja y\u00f6hiostusta kutsutaan vaso-motorisiksi oireiksi. T\u00e4m\u00e4 tarkoittaa, ett\u00e4 sis\u00e4inen l\u00e4mp\u00f6tilans\u00e4\u00e4telyj\u00e4rjestelm\u00e4si on hormonaalisten muutosten vaikutuksen alaisena. Estrogeeni auttaa s\u00e4\u00e4telem\u00e4\u00e4n t\u00e4t\u00e4 j\u00e4rjestelm\u00e4\u00e4.<\/p>\n<p>Estramon Uno:ta voidaan my\u00f6s k\u00e4ytt\u00e4\u00e4 postmenopausaalisen osteoporoosin ehk\u00e4isemiseen. Osteoporoosi on tila, jossa luut ohenevat ja muuttuvat hauraiksi estrogeenin menetyksen vuoksi. T\u00e4m\u00e4 lis\u00e4\u00e4 murtumariski\u00e4, erityisesti lantiossa, selk\u00e4rangassa ja ranteissa.<\/p>\n<p>Palauttamalla estrogeenitasot Estramon Uno auttaa lievitt\u00e4m\u00e4\u00e4n vaihdevuosien oireita ja tukee luuston vahvuutta.<\/p>\n<h2>Kuinka Estramon Uno toimii?<\/h2>\n<p>Estramon Uno toimii korvaamalla estrogeeni\u00e4, p\u00e4\u00e4asiallista naishormonia, joka v\u00e4henee vaihdevuosien aikana.<\/p>\n<h3>Estradioli (estrogeeni)<\/h3>\n<p>Estradioli:<\/p>\n<ul>\n<li>Vakauttaa kehosi l\u00e4mp\u00f6tilans\u00e4\u00e4tely\u00e4<\/li>\n<li>V\u00e4hent\u00e4\u00e4 kuumia aaltoja ja y\u00f6hiostusta<\/li>\n<li>Parantaa em\u00e4ttimen kosteutta ja kimmoisuutta<\/li>\n<li>Tukee mielialaa ja unta<\/li>\n<li>Auttaa yll\u00e4pit\u00e4m\u00e4\u00e4n luuntiheytt\u00e4<\/li>\n<\/ul>\n<p>Vaihdevuosien j\u00e4lkeen matalat estrogeenitasot voivat vaikuttaa moniin kehosi j\u00e4rjestelmiin. Toimittamalla estradiolia tasaisesti ihon kautta Estramon Uno palauttaa vakaammat hormonitasot.<\/p>\n<p>Koska se toimitetaan transdermaalisena laastarina, hormoni p\u00e4\u00e4see verenkiertoosi v\u00e4hitellen. T\u00e4m\u00e4 tasainen imeytyminen v\u00e4ltt\u00e4\u00e4 suuria hormonaalisia huippuja ja voi v\u00e4hent\u00e4\u00e4 veritulppariskin verrattuna suun kautta otettavaan estrogeenihoitoon.<\/p>\n<p>Toisin kuin yhdistelm\u00e4-HRT, Estramon Uno ei sis\u00e4ll\u00e4 progesteronia. Progesteronia tarvitaan normaalisti kohdun limakalvon suojaamiseen. Jos sinulla on edelleen kohtu, pelkk\u00e4 estrogeenihoito voi lis\u00e4t\u00e4 kohdun limakalvosy\u00f6v\u00e4n riski\u00e4. Siksi Estramon Uno m\u00e4\u00e4r\u00e4t\u00e4\u00e4n yleens\u00e4 hysterektomian j\u00e4lkeen.<\/p>\n<h2>Kuka ei saa k\u00e4ytt\u00e4\u00e4 Estramon Uno:ta?<\/h2>\n<p>Et saa k\u00e4ytt\u00e4\u00e4 Estramon Uno:ta, jos:<\/p>\n<ul>\n<li>Sinulla on tai on ollut rintasy\u00f6p\u00e4<\/li>\n<li>Sinulla on estrogeeniherkk\u00e4 sy\u00f6p\u00e4<\/li>\n<li>Sinulla on selitt\u00e4m\u00e4t\u00f6nt\u00e4 em\u00e4tinverenvuotoa<\/li>\n<li>Sinulla on hoitamattomana endometriumpaksuuntuma<\/li>\n<li>Sinulla on tai on ollut veritulppia<\/li>\n<li>Sinulla on veritulppatauti<\/li>\n<li>Olet \u00e4skett\u00e4in saanut syd\u00e4nkohtauksen tai aivohalvauksen<\/li>\n<li>Sinulla on vakava maksasairaus<\/li>\n<li>Olet allerginen estradiolille<\/li>\n<\/ul>\n<p>Jos sinulla on edelleen kohtu, Estramon Uno:ta ei yleens\u00e4 suositella, ellei progesteronia ole my\u00f6s m\u00e4\u00e4r\u00e4tty.<\/p>\n<p>Keskustele aina t\u00e4ydellisest\u00e4 sairaushistoriastasi l\u00e4\u00e4k\u00e4risi kanssa ennen hormonikorvaushoidon aloittamista.<\/p>\n<h3>Raskaus ja imetys<\/h3>\n<p>Estramon Uno on tarkoitettu vain vaihdevuosi-ik\u00e4isille naisille.<\/p>\n<p>Et saa k\u00e4ytt\u00e4\u00e4 t\u00e4t\u00e4 l\u00e4\u00e4kett\u00e4, jos olet raskaana tai ep\u00e4ilet olevasi raskaana.<\/p>\n<p>Estramon Uno:ta ei tule k\u00e4ytt\u00e4\u00e4 imetyksen aikana.<\/p>\n<p>Jos raskaus tapahtuu t\u00e4m\u00e4n laastarin k\u00e4yt\u00f6n aikana, poista se heti ja ota yhteytt\u00e4 l\u00e4\u00e4k\u00e4riisi.<\/p>\n<h2>Kuinka k\u00e4ytt\u00e4\u00e4 Estramon Uno:ta ja annostus<\/h2>\n<p>K\u00e4yt\u00e4 aina Estramon Uno:ta tarkasti l\u00e4\u00e4k\u00e4rin ohjeiden mukaan.<\/p>\n<p>Laastari laitetaan tyypillisesti kerran viikossa, riippuen m\u00e4\u00e4r\u00e4tyst\u00e4 vahvuudesta.<\/p>\n<p>Kuinka laastari laitetaan:<\/p>\n<ul>\n<li>Levit\u00e4 puhtaalle, kuivalle, terveelle iholle<\/li>\n<li>Sopivat alueet ovat alavatsa tai pakarat<\/li>\n<li>\u00c4l\u00e4 laita rintoihisi<\/li>\n<li>Paina tiukasti v\u00e4hint\u00e4\u00e4n 10 sekuntia<\/li>\n<li>Vaihda laastari samana p\u00e4iv\u00e4n\u00e4 joka viikko<\/li>\n<\/ul>\n<p>Vaihtoehtoiset levitysalueet v\u00e4hent\u00e4v\u00e4t ihon \u00e4rsytyst\u00e4.<\/p>\n<p>Saattaa kest\u00e4\u00e4 useita viikkoja, ennen kuin huomaat t\u00e4ydellist\u00e4 oireiden helpotusta. L\u00e4\u00e4k\u00e4risi m\u00e4\u00e4r\u00e4\u00e4 alhaisimman tehokkaan annoksen oireidesi hallitsemiseksi ja tarkistaa hoitosi s\u00e4\u00e4nn\u00f6llisesti.<\/p>\n<h2>Mahdolliset haittavaikutukset<\/h2>\n<p>Kuten kaikki l\u00e4\u00e4kkeet, Estramon Uno voi aiheuttaa haittavaikutuksia.<\/p>\n<p>Yleisi\u00e4 haittavaikutuksia ovat:<\/p>\n<ul>\n<li>Rintojen arkuus<\/li>\n<li>P\u00e4\u00e4ns\u00e4rky<\/li>\n<li>Oksetus<\/li>\n<li>Kevyt nesteen kertyminen<\/li>\n<li>Ihon \u00e4rsytys levitysalueella<\/li>\n<\/ul>\n<p>Harvinaisempia mutta vakavampia riskej\u00e4, jotka liittyv\u00e4t estrogeenihoitoon, ovat:<\/p>\n<ul>\n<li>Veritulpat<\/li>\n<li>Aivohalvaus<\/li>\n<li>Rintasy\u00f6p\u00e4<\/li>\n<li>Munasarjasy\u00f6p\u00e4<\/li>\n<\/ul>\n<p>Riski riippuu i\u00e4st\u00e4si, terveydentilastasi, perhesuhteista ja hoidon kestosta. Terveill\u00e4 naisilla, jotka ovat alle 60-vuotiaita tai 10 vuoden sis\u00e4ll\u00e4 vaihdevuosista, absoluuttinen riski on yleens\u00e4 alhainen, kunhan sit\u00e4 seurataan asianmukaisesti.<\/p>\n<p>S\u00e4\u00e4nn\u00f6lliset l\u00e4\u00e4k\u00e4rintarkastukset ovat t\u00e4rkeit\u00e4 HRT:n k\u00e4yt\u00f6n aikana.<\/p>\n<h2>T\u00e4rkeit\u00e4 turvallisuustietoja<\/h2>\n<p>Ennen Estramon Uno:n aloittamista sinun tulisi k\u00e4yd\u00e4 t\u00e4ydellisess\u00e4 konsultaatiossa.<\/p>\n<p>Kerro l\u00e4\u00e4k\u00e4rillesi, jos sinulla on koskaan ollut:<\/p>\n<ul>\n<li><a href=\"\/fi\/treatment\/high-blood-pressure\">Korkea verenpaine<\/a><\/li>\n<li><a href=\"\/fi\/treatment\/diabetes\">Diabetes<\/a><\/li>\n<li><a href=\"\/fi\/treatment\/headache-and-migraines\/\">Migreeni<\/a><\/li>\n<li> sappikivet<\/li>\n<li> maksasairaus<\/li>\n<li> korkeat triglyseridit<\/li>\n<li> lupus<\/li>\n<li><a href=\"\/fi\/treatment\/asthma\">Astma<\/a><\/li>\n<li>Perhehistoria rintasy\u00f6v\u00e4st\u00e4<\/li>\n<\/ul>\n<p>Estramon Uno:n k\u00e4yt\u00f6n aikana:<\/p>\n<ul>\n<li>K\u00e4y s\u00e4\u00e4nn\u00f6llisiss\u00e4 tarkastuksissa<\/li>\n<li>Jatka rintasy\u00f6p\u00e4seulontoja<\/li>\n<li>Suorita s\u00e4\u00e4nn\u00f6llisi\u00e4 rintojen itse-tarkastuksia<\/li>\n<li>Ilmoita kaikista ep\u00e4tavallisista em\u00e4tinverenvuotoista<\/li>\n<\/ul>\n<p>Hormonikorvaushoito tulisi tarkistaa v\u00e4hint\u00e4\u00e4n kerran vuodessa.<\/p>\n<h2>Milloin hakea l\u00e4\u00e4k\u00e4rin apua<\/h2>\n<p>Lopeta Estramon Uno:n k\u00e4ytt\u00f6 ja hae v\u00e4lit\u00f6nt\u00e4 l\u00e4\u00e4k\u00e4rinhoitoa, jos koet:<\/p>\n<ul>\n<li>Turvotusta tai kipua yhdess\u00e4 jalassa<\/li>\n<li>\u00c4killist\u00e4 rintakipua<\/li>\n<li>Hengitysvaikeuksia<\/li>\n<li>Vakavaa \u00e4killist\u00e4 p\u00e4\u00e4ns\u00e4rky\u00e4<\/li>\n<li>N\u00e4k\u00f6- tai puheongelmia<\/li>\n<li>Heikkoutta kehosi yhdell\u00e4 puolella<\/li>\n<li>Ihon tai silmien keltaisuus<\/li>\n<li>Vakavan allergisen reaktion merkkej\u00e4<\/li>\n<\/ul>\n<p>Ota heti yhteytt\u00e4 l\u00e4\u00e4k\u00e4riisi, jos huomaat:<\/p>\n<ul>\n<li>Uuden rintapatin<\/li>\n<li>Odottamatonta em\u00e4tinverenvuotoa<\/li>\n<li>Jatkuvaa vatsakipua<\/li>\n<li>Kaikkia \u00e4killisi\u00e4 tai ep\u00e4tavallisia terveyden muutoksia<\/li>\n<\/ul>\n<p>Jos et ole varma, ovatko oireet yhteydess\u00e4 hormoniterapiaan, hae aina l\u00e4\u00e4k\u00e4rin neuvoja.<\/p>\n","protected":false},"excerpt":{"rendered":"<ul>\n<li>Estramon Uno: Ainoastaan estrogeenia sis\u00e4lt\u00e4v\u00e4 HRT-laastari vaihdevuosioireiden lievitt\u00e4miseen ja luuston terveyden tukemiseen hysterektomian j\u00e4lkeen.<\/li>\n<li>Vaikuttava aine: Estradioli (estrogeeni)<\/li>\n<li>K\u00e4ytet\u00e4\u00e4n: Hormonaalinen korvaushoito (HRT)<\/li>\n<\/ul>\n","protected":false},"featured_media":1602,"comment_status":"open","ping_status":"closed","template":"","meta":[],"product_brand":[],"product_cat":[120,126],"product_tag":[],"expert":[16],"class_list":{"0":"post-1600","1":"product","2":"type-product","3":"status-publish","4":"has-post-thumbnail","6":"product_cat-hormonihoito-hrt","7":"product_cat-vaihdevuosi-ja-pms-helpotus","8":"expert-dr-c-alexandru","10":"first","11":"instock","12":"shipping-taxable","13":"product-type-variable"},"yoast_head":"<!-- This site is optimized with the Yoast SEO plugin v27.0 - https:\/\/yoast.com\/product\/yoast-seo-wordpress\/ -->\n<title>Estramon Uno | Menopaussin Oireiden Helpotuslaastari - Transtoyou<\/title>\n<meta name=\"description\" content=\"Estramon Uno HRT-laastari vaihdevuosien oireiden lievitt\u00e4miseen, saatavilla Transtoyou:sta. Opi, miten se toimii ja sopiiko t\u00e4m\u00e4 hoito sinulle.\" \/>\n<meta name=\"robots\" content=\"noindex, follow, max-snippet:-1, max-image-preview:large, max-video-preview:-1\" \/>\n<meta property=\"og:locale\" content=\"fi_FI\" \/>\n<meta property=\"og:type\" content=\"article\" \/>\n<meta property=\"og:title\" content=\"Estramon Uno | Menopaussin Oireiden Helpotuslaastari - Transtoyou\" \/>\n<meta property=\"og:description\" content=\"Estramon Uno HRT-laastari vaihdevuosien oireiden lievitt\u00e4miseen, saatavilla Transtoyou:sta. Opi, miten se toimii ja sopiiko t\u00e4m\u00e4 hoito sinulle.\" \/>\n<meta property=\"og:url\" content=\"https:\/\/www.transtoyou.com\/fi\/product\/estramon-uno\/\" \/>\n<meta property=\"og:site_name\" content=\"Transtoyou - FI\" \/>\n<meta property=\"article:modified_time\" content=\"2026-02-26T14:51:25+00:00\" \/>\n<meta name=\"twitter:card\" content=\"summary_large_image\" \/>\n<meta name=\"twitter:label1\" content=\"Arvioitu lukuaika\" \/>\n\t<meta name=\"twitter:data1\" content=\"5 minuuttia\" \/>\n<script type=\"application\/ld+json\" class=\"yoast-schema-graph\">{\"@context\":\"https:\/\/schema.org\",\"@graph\":[{\"@type\":\"WebPage\",\"@id\":\"https:\/\/www.transtoyou.com\/fi\/product\/estramon-uno\/\",\"url\":\"https:\/\/www.transtoyou.com\/fi\/product\/estramon-uno\/\",\"name\":\"Estramon Uno | Menopaussin Oireiden Helpotuslaastari - Transtoyou\",\"isPartOf\":{\"@id\":\"https:\/\/www.transtoyou.com\/fi\/#website\"},\"primaryImageOfPage\":{\"@id\":\"https:\/\/www.transtoyou.com\/fi\/product\/estramon-uno\/#primaryimage\"},\"image\":{\"@id\":\"https:\/\/www.transtoyou.com\/fi\/product\/estramon-uno\/#primaryimage\"},\"thumbnailUrl\":\"https:\/\/www.transtoyou.com\/fi\/wp-content\/uploads\/sites\/16\/2026\/02\/tty-no-product-image-10.webp\",\"datePublished\":\"2026-02-24T12:50:31+00:00\",\"dateModified\":\"2026-02-26T14:51:25+00:00\",\"description\":\"Estramon Uno HRT-laastari vaihdevuosien oireiden lievitt\u00e4miseen, saatavilla Transtoyou:sta. Opi, miten se toimii ja sopiiko t\u00e4m\u00e4 hoito sinulle.\",\"breadcrumb\":{\"@id\":\"https:\/\/www.transtoyou.com\/fi\/product\/estramon-uno\/#breadcrumb\"},\"inLanguage\":\"fi\",\"potentialAction\":[{\"@type\":\"ReadAction\",\"target\":[\"https:\/\/www.transtoyou.com\/fi\/product\/estramon-uno\/\"]}]},{\"@type\":\"ImageObject\",\"inLanguage\":\"fi\",\"@id\":\"https:\/\/www.transtoyou.com\/fi\/product\/estramon-uno\/#primaryimage\",\"url\":\"https:\/\/www.transtoyou.com\/fi\/wp-content\/uploads\/sites\/16\/2026\/02\/tty-no-product-image-10.webp\",\"contentUrl\":\"https:\/\/www.transtoyou.com\/fi\/wp-content\/uploads\/sites\/16\/2026\/02\/tty-no-product-image-10.webp\",\"width\":1000,\"height\":1000,\"caption\":\"Oletusarvoinen tuotekuva\"},{\"@type\":\"WebSite\",\"@id\":\"https:\/\/www.transtoyou.com\/fi\/#website\",\"url\":\"https:\/\/www.transtoyou.com\/fi\/\",\"name\":\"Transtoyou - FI\",\"description\":\"\",\"publisher\":{\"@id\":\"https:\/\/www.transtoyou.com\/fi\/#organization\"},\"potentialAction\":[{\"@type\":\"SearchAction\",\"target\":{\"@type\":\"EntryPoint\",\"urlTemplate\":\"https:\/\/www.transtoyou.com\/fi\/?s={search_term_string}\"},\"query-input\":{\"@type\":\"PropertyValueSpecification\",\"valueRequired\":true,\"valueName\":\"search_term_string\"}}],\"inLanguage\":\"fi\"},{\"@type\":\"Organization\",\"@id\":\"https:\/\/www.transtoyou.com\/fi\/#organization\",\"name\":\"Transtoyou - FI\",\"url\":\"https:\/\/www.transtoyou.com\/fi\/\",\"logo\":{\"@type\":\"ImageObject\",\"inLanguage\":\"fi\",\"@id\":\"https:\/\/www.transtoyou.com\/fi\/#\/schema\/logo\/image\/\",\"url\":\"https:\/\/www.transtoyou.com\/fi\/wp-content\/uploads\/sites\/16\/2026\/01\/logo-tty-menu-bar-300x87-1.webp\",\"contentUrl\":\"https:\/\/www.transtoyou.com\/fi\/wp-content\/uploads\/sites\/16\/2026\/01\/logo-tty-menu-bar-300x87-1.webp\",\"width\":300,\"height\":87,\"caption\":\"Transtoyou - FI\"},\"image\":{\"@id\":\"https:\/\/www.transtoyou.com\/fi\/#\/schema\/logo\/image\/\"}}]}<\/script>\n<!-- \/ Yoast SEO plugin. -->","yoast_head_json":{"title":"Estramon Uno | Menopaussin Oireiden Helpotuslaastari - Transtoyou","description":"Estramon Uno HRT-laastari vaihdevuosien oireiden lievitt\u00e4miseen, saatavilla Transtoyou:sta. Opi, miten se toimii ja sopiiko t\u00e4m\u00e4 hoito sinulle.","robots":{"index":"noindex","follow":"follow","max-snippet":"max-snippet:-1","max-image-preview":"max-image-preview:large","max-video-preview":"max-video-preview:-1"},"og_locale":"fi_FI","og_type":"article","og_title":"Estramon Uno | Menopaussin Oireiden Helpotuslaastari - Transtoyou","og_description":"Estramon Uno HRT-laastari vaihdevuosien oireiden lievitt\u00e4miseen, saatavilla Transtoyou:sta. Opi, miten se toimii ja sopiiko t\u00e4m\u00e4 hoito sinulle.","og_url":"https:\/\/www.transtoyou.com\/fi\/product\/estramon-uno\/","og_site_name":"Transtoyou - FI","article_modified_time":"2026-02-26T14:51:25+00:00","twitter_card":"summary_large_image","twitter_misc":{"Arvioitu lukuaika":"5 minuuttia"},"schema":{"@context":"https:\/\/schema.org","@graph":[{"@type":"WebPage","@id":"https:\/\/www.transtoyou.com\/fi\/product\/estramon-uno\/","url":"https:\/\/www.transtoyou.com\/fi\/product\/estramon-uno\/","name":"Estramon Uno | Menopaussin Oireiden Helpotuslaastari - Transtoyou","isPartOf":{"@id":"https:\/\/www.transtoyou.com\/fi\/#website"},"primaryImageOfPage":{"@id":"https:\/\/www.transtoyou.com\/fi\/product\/estramon-uno\/#primaryimage"},"image":{"@id":"https:\/\/www.transtoyou.com\/fi\/product\/estramon-uno\/#primaryimage"},"thumbnailUrl":"https:\/\/www.transtoyou.com\/fi\/wp-content\/uploads\/sites\/16\/2026\/02\/tty-no-product-image-10.webp","datePublished":"2026-02-24T12:50:31+00:00","dateModified":"2026-02-26T14:51:25+00:00","description":"Estramon Uno HRT-laastari vaihdevuosien oireiden lievitt\u00e4miseen, saatavilla Transtoyou:sta. Opi, miten se toimii ja sopiiko t\u00e4m\u00e4 hoito sinulle.","breadcrumb":{"@id":"https:\/\/www.transtoyou.com\/fi\/product\/estramon-uno\/#breadcrumb"},"inLanguage":"fi","potentialAction":[{"@type":"ReadAction","target":["https:\/\/www.transtoyou.com\/fi\/product\/estramon-uno\/"]}]},{"@type":"ImageObject","inLanguage":"fi","@id":"https:\/\/www.transtoyou.com\/fi\/product\/estramon-uno\/#primaryimage","url":"https:\/\/www.transtoyou.com\/fi\/wp-content\/uploads\/sites\/16\/2026\/02\/tty-no-product-image-10.webp","contentUrl":"https:\/\/www.transtoyou.com\/fi\/wp-content\/uploads\/sites\/16\/2026\/02\/tty-no-product-image-10.webp","width":1000,"height":1000,"caption":"Oletusarvoinen tuotekuva"},{"@type":"WebSite","@id":"https:\/\/www.transtoyou.com\/fi\/#website","url":"https:\/\/www.transtoyou.com\/fi\/","name":"Transtoyou - FI","description":"","publisher":{"@id":"https:\/\/www.transtoyou.com\/fi\/#organization"},"potentialAction":[{"@type":"SearchAction","target":{"@type":"EntryPoint","urlTemplate":"https:\/\/www.transtoyou.com\/fi\/?s={search_term_string}"},"query-input":{"@type":"PropertyValueSpecification","valueRequired":true,"valueName":"search_term_string"}}],"inLanguage":"fi"},{"@type":"Organization","@id":"https:\/\/www.transtoyou.com\/fi\/#organization","name":"Transtoyou - FI","url":"https:\/\/www.transtoyou.com\/fi\/","logo":{"@type":"ImageObject","inLanguage":"fi","@id":"https:\/\/www.transtoyou.com\/fi\/#\/schema\/logo\/image\/","url":"https:\/\/www.transtoyou.com\/fi\/wp-content\/uploads\/sites\/16\/2026\/01\/logo-tty-menu-bar-300x87-1.webp","contentUrl":"https:\/\/www.transtoyou.com\/fi\/wp-content\/uploads\/sites\/16\/2026\/01\/logo-tty-menu-bar-300x87-1.webp","width":300,"height":87,"caption":"Transtoyou - FI"},"image":{"@id":"https:\/\/www.transtoyou.com\/fi\/#\/schema\/logo\/image\/"}}]}},"_links":{"self":[{"href":"https:\/\/www.transtoyou.com\/fi\/wp-json\/wp\/v2\/product\/1600","targetHints":{"allow":["GET"]}}],"collection":[{"href":"https:\/\/www.transtoyou.com\/fi\/wp-json\/wp\/v2\/product"}],"about":[{"href":"https:\/\/www.transtoyou.com\/fi\/wp-json\/wp\/v2\/types\/product"}],"replies":[{"embeddable":true,"href":"https:\/\/www.transtoyou.com\/fi\/wp-json\/wp\/v2\/comments?post=1600"}],"wp:featuredmedia":[{"embeddable":true,"href":"https:\/\/www.transtoyou.com\/fi\/wp-json\/wp\/v2\/media\/1602"}],"wp:attachment":[{"href":"https:\/\/www.transtoyou.com\/fi\/wp-json\/wp\/v2\/media?parent=1600"}],"wp:term":[{"taxonomy":"product_brand","embeddable":true,"href":"https:\/\/www.transtoyou.com\/fi\/wp-json\/wp\/v2\/product_brand?post=1600"},{"taxonomy":"product_cat","embeddable":true,"href":"https:\/\/www.transtoyou.com\/fi\/wp-json\/wp\/v2\/product_cat?post=1600"},{"taxonomy":"product_tag","embeddable":true,"href":"https:\/\/www.transtoyou.com\/fi\/wp-json\/wp\/v2\/product_tag?post=1600"},{"taxonomy":"expert","embeddable":true,"href":"https:\/\/www.transtoyou.com\/fi\/wp-json\/wp\/v2\/expert?post=1600"}],"curies":[{"name":"wp","href":"https:\/\/api.w.org\/{rel}","templated":true}]}}