{"id":1649,"date":"2026-02-25T13:20:26","date_gmt":"2026-02-25T13:20:26","guid":{"rendered":"https:\/\/www.transtoyou.com\/fi\/product\/evorel-sequi\/"},"modified":"2026-02-25T13:51:11","modified_gmt":"2026-02-25T13:51:11","slug":"evorel-sequi","status":"publish","type":"product","link":"https:\/\/www.transtoyou.com\/fi\/product\/evorel-sequi\/","title":{"rendered":"Evorel Sequi"},"content":{"rendered":"<h2>Mik\u00e4 on Evorel Sequi?<\/h2>\n<p>Evorel Sequi on sekvenssinen yhdistetty <a href=\"\/fi\/treatment\/hormone-replacement-therapy\/\">hormonihoito (HRT)<\/a>, joka tulee iholaastareina. Se sis\u00e4lt\u00e4\u00e4 kahta hormonia: estradiolia, joka on estrogeenin muoto, ja norethisteroni-asetaattia, joka on progesteronin tyyppi (tunnetaan my\u00f6s progestogeenina).<\/p>\n<p>Evorel Sequi on suunniteltu lievitt\u00e4m\u00e4\u00e4n vaihdevuosien hormonaalisista muutoksista johtuvia oireita. Sit\u00e4 m\u00e4\u00e4r\u00e4t\u00e4\u00e4n yleens\u00e4, jos olet perimenopaussissa (kuukautisesi ovat ep\u00e4s\u00e4\u00e4nn\u00f6lliset mutta eiv\u00e4t t\u00e4ysin loppuneet) tai jos olet vaihdevuosien varhaisvaiheessa ja sinulla on viel\u00e4 kohtu.<\/p>\n<p>Koska Evorel Sequi seuraa sekvenssist\u00e4 hoitosykli\u00e4, k\u00e4yt\u00e4t ensin pelk\u00e4st\u00e4\u00e4n estrogeenia sis\u00e4lt\u00e4vi\u00e4 laastareita, mink\u00e4 j\u00e4lkeen k\u00e4yt\u00e4t yhdistettyj\u00e4 estrogeeni- ja progesteronilaastareita. T\u00e4m\u00e4 malli johtaa usein kuukausittaiseen vet\u00e4ytymisvuotoon, joka muistuttaa kevyit\u00e4 kuukautisia.<\/p>\n<p>Evorel Sequi on transdermaalinen HRT, mik\u00e4 tarkoittaa, ett\u00e4 hormonit toimitetaan ihosi kautta suoraan verenkiertoosi. T\u00e4m\u00e4 tarjoaa tasaiset hormonitasot ja v\u00e4ltt\u00e4\u00e4 ruoansulatusj\u00e4rjestelm\u00e4n l\u00e4pi kulkemisen.<\/p>\n<h2>Mihin Evorel Sequi&#8217;ta k\u00e4ytet\u00e4\u00e4n?<\/h2>\n<p>Evorel Sequi&#8217;ta k\u00e4ytet\u00e4\u00e4n <a href=\"\/fi\/treatment\/menopause-pms-relief\/\">vaihdevuosioireiden hoitoon<\/a>, joita aiheuttaa alhaiset estrogeenitasot.<\/p>\n<p>Vaihdevuosien aikana kehosi tuottaa v\u00e4hemm\u00e4n estrogeenia. T\u00e4m\u00e4 luonnollinen muutos voi aiheuttaa oireita, kuten:<\/p>\n<ul>\n<li>Kuumia aaltoja<\/li>\n<li>Y\u00f6hiostumista<\/li>\n<li>Unih\u00e4iri\u00f6it\u00e4<\/li>\n<li>Mielialan vaihteluita<\/li>\n<li>Em\u00e4ttimen kuivuutta<\/li>\n<li>V\u00e4hentynyt libido<\/li>\n<li>V\u00e4syneisyys<\/li>\n<li>Aivosumu<\/li>\n<\/ul>\n<p>Kuumat aallot ja y\u00f6hiostuminen tunnetaan vasomotorisina oireina, mik\u00e4 tarkoittaa, ett\u00e4 kehosi sis\u00e4inen l\u00e4mp\u00f6tilans\u00e4\u00e4t\u00f6 h\u00e4iriintyy hormonaalisten muutosten vuoksi.<\/p>\n<p>Evorel Sequi voi my\u00f6s auttaa yll\u00e4pit\u00e4m\u00e4\u00e4n luun tiheytt\u00e4. Vaihdevuosien j\u00e4lkeen alhaisemmat estrogeenitasot lis\u00e4\u00e4v\u00e4t osteoporoosin riski\u00e4, joka on tila, jossa luut ohenevat ja muuttuvat hauraammiksi. Hormonihoito voi auttaa hidastamaan luukatoa naisilla, joilla on lis\u00e4\u00e4ntynyt murtumariskin.<\/p>\n<p>Evorel Sequi on erityisen sopiva, jos sinulla on edelleen satunnaista luonnollista vuotoa tai olet ensimm\u00e4isen vuoden sis\u00e4ll\u00e4 viimeisist\u00e4 kuukautisistasi.<\/p>\n<h2>Kuinka Evorel Sequi toimii?<\/h2>\n<p>Evorel Sequi toimii korvaamalla vaihdevuosien aikana v\u00e4henevi\u00e4 hormoneja.<\/p>\n<h4>Estradioli (estrogeeni)<\/h4>\n<p>Estradioli on kemiallisesti samanlainen kuin estrogeeni, jota kehosi tuottaa luonnollisesti. Se auttaa:<\/p>\n<ul>\n<li>V\u00e4hent\u00e4m\u00e4\u00e4n kuumia aaltoja ja y\u00f6hiostumista<\/li>\n<li>Parantamaan em\u00e4ttimen kuivuutta<\/li>\n<li>Tukemaan mielialaa ja unta<\/li>\n<li>Yll\u00e4pit\u00e4m\u00e4\u00e4n luun vahvuutta<\/li>\n<\/ul>\n<p>Palauttamalla estrogeenitasot Evorel Sequi auttaa vakauttamaan kehosi j\u00e4rjestelmi\u00e4, joita vaihdevuodet vaikuttavat.<\/p>\n<h4>Norethisteroni (progestogeeni)<\/h4>\n<p>Jos sinulla on edelleen kohtu, pelkk\u00e4 estrogeeni voi aiheuttaa kohdun limakalvon (kutsutaan endometriumiksi) liiallista paksuuntumista. Ajan my\u00f6t\u00e4 t\u00e4m\u00e4 lis\u00e4\u00e4 endometrioosiriskin.<\/p>\n<p>Norethisteroni suojaa kohdun limakalvoa est\u00e4m\u00e4ll\u00e4 liiallista paksuuntumista. Sekvenssisess\u00e4 HRT:ss\u00e4, kuten Evorel Sequi&#8217;ssa, progesteronia lis\u00e4t\u00e4\u00e4n osana sykli\u00e4, mik\u00e4 voi aiheuttaa ennakoitavan kuukausittaisen vuodon.<\/p>\n<p>Koska Evorel Sequi toimitetaan ihon kautta, se tarjoaa tasaisen hormonin imeytymisen ja voi v\u00e4hent\u00e4\u00e4 tiettyj\u00e4 riskej\u00e4 verrattuna suun kautta otettaviin hormonitabletteihin.<\/p>\n<h2>Kuka ei saa k\u00e4ytt\u00e4\u00e4 Evorel Sequi&#8217;ta?<\/h2>\n<p>Et saa k\u00e4ytt\u00e4\u00e4 Evorel Sequi&#8217;ta, jos:<\/p>\n<ul>\n<li>Sinulla on tai on ollut rintasy\u00f6p\u00e4<\/li>\n<li>Sinulla on estrogeeniriippuvainen sy\u00f6p\u00e4 (kuten kohdun limakalvon sy\u00f6p\u00e4)<\/li>\n<li>Sinulla on selitt\u00e4m\u00e4t\u00f6nt\u00e4 em\u00e4tinvuotoa<\/li>\n<li>Sinulla on hoitamattomia endometrioshyperplasiaa<\/li>\n<li>Sinulla on tai on ollut veritulppia (syv\u00e4 laskimotukos tai keuhkoembolia)<\/li>\n<li>Sinulla on tunnettu veritulppatauti<\/li>\n<li>Olet \u00e4skett\u00e4in saanut syd\u00e4nkohtauksen tai aivohalvauksen<\/li>\n<li>Sinulla on vakava maksasairaus<\/li>\n<li>Olet allerginen estradiolille tai norethisteronille<\/li>\n<\/ul>\n<p>Ilmoita aina l\u00e4\u00e4k\u00e4rillesi t\u00e4ydellisest\u00e4 sairaushistoriastasi ennen hormonikorvaushoidon aloittamista.<\/p>\n<h3>Raskaus ja imetys<\/h3>\n<p>Evorel Sequi ei ole ehk\u00e4isyv\u00e4line.<\/p>\n<p>Et saa k\u00e4ytt\u00e4\u00e4 Evorel Sequi&#8217;ta, jos olet raskaana tai ep\u00e4ilet olevasi raskaana. Raskaus on edelleen mahdollista perimenopaussin aikana.<\/p>\n<p>Evorel Sequi&#8217;ta ei tule k\u00e4ytt\u00e4\u00e4 imetyksen aikana.<\/p>\n<p>Jos ep\u00e4ilet raskautta laastarin k\u00e4yt\u00f6n aikana, poista se ja ota heti yhteytt\u00e4 l\u00e4\u00e4k\u00e4riisi.<\/p>\n<h2>Kuinka k\u00e4ytt\u00e4\u00e4 Evorel Sequi&#8217;ta ja annostus<\/h2>\n<p>K\u00e4yt\u00e4 aina Evorel Sequi&#8217;ta tarkalleen niin kuin on m\u00e4\u00e4r\u00e4tty.<\/p>\n<p>Evorel Sequi sis\u00e4lt\u00e4\u00e4 kahta tyyppi\u00e4 laastareita, joita k\u00e4ytet\u00e4\u00e4n per\u00e4kk\u00e4in:<\/p>\n<ul>\n<li>Pelk\u00e4st\u00e4\u00e4n estrogeenia sis\u00e4lt\u00e4v\u00e4t laastarit (syklin ensimm\u00e4inen osa)<\/li>\n<li>Yhdistetyt estrogeeni- ja progesteronilaastarit (syklin toinen osa)<\/li>\n<\/ul>\n<p>Vaihtoehtoisesti vaihdat laastaria yleens\u00e4 kaksi kertaa viikossa, noudattaen l\u00e4\u00e4k\u00e4risi antamaa aikataulua.<\/p>\n<p>Kuinka laittaa:<\/p>\n<ul>\n<li>Levit\u00e4 puhtaalle, kuivalle, ehj\u00e4lle iholle<\/li>\n<li>Aseta alas vatsaan tai pakaroihin<\/li>\n<li>\u00c4l\u00e4 levit\u00e4 rintoihisi<\/li>\n<li>Paina tiukasti v\u00e4hint\u00e4\u00e4n 10 sekuntia<\/li>\n<li>Vaihtoehtoisesti levityspaikkoja \u00e4rsytyksen est\u00e4miseksi<\/li>\n<\/ul>\n<p>Saatat kokea ennakoitavan kuukausittaisen vuodon progesteronivaiheessa. T\u00e4m\u00e4 on odotettavissa sekvenssisess\u00e4 HRT:ss\u00e4.<\/p>\n<p>L\u00e4\u00e4k\u00e4risi m\u00e4\u00e4r\u00e4\u00e4 alhaisimman tehokkaan annoksen ja tarkistaa hoitosi s\u00e4\u00e4nn\u00f6llisesti.<\/p>\n<h2>Mahdolliset haittavaikutukset<\/h2>\n<p>Kuten kaikki l\u00e4\u00e4kkeet, Evorel Sequi voi aiheuttaa haittavaikutuksia, vaikka kaikki eiv\u00e4t niit\u00e4 koe.<\/p>\n<p>Yleisi\u00e4 haittavaikutuksia ovat:<\/p>\n<ul>\n<li>Rintojen arkuus<\/li>\n<li>P\u00e4\u00e4ns\u00e4rky<\/li>\n<li>Pahoinvointi<\/li>\n<li>Mielialan muutokset<\/li>\n<li>Iho\u00e4rsytys levityskohdassa<\/li>\n<li>Suunniteltu kuukausittainen vuoto<\/li>\n<li>Vuoto syklien v\u00e4lill\u00e4<\/li>\n<\/ul>\n<p>Harvinaisempia mutta vakavia riskej\u00e4, jotka liittyv\u00e4t HRT:hen, ovat:<\/p>\n<ul>\n<li>Veritulpat<\/li>\n<li>Aivohalvaus<\/li>\n<li>Rintasy\u00f6p\u00e4<\/li>\n<li>Munasarjasy\u00f6p\u00e4<\/li>\n<li>Syd\u00e4nsairaus<\/li>\n<\/ul>\n<p>Henkil\u00f6kohtainen riskisi riippuu i\u00e4st\u00e4si, sairaushistoriastasi, perhesuhteistasi ja siit\u00e4, kuinka kauan k\u00e4yt\u00e4t hormonikorvaushoitoa.<\/p>\n<p>S\u00e4\u00e4nn\u00f6lliset seurantak\u00e4ynnit ovat t\u00e4rkeit\u00e4.<\/p>\n<h2>T\u00e4rkeit\u00e4 turvallisuustietoja<\/h2>\n<p>Ennen Evorel Sequi&#8217;n aloittamista sinun tulisi k\u00e4yd\u00e4 l\u00e4\u00e4k\u00e4rin konsultaatiossa.<\/p>\n<p>Kerro l\u00e4\u00e4k\u00e4rillesi, jos sinulla on koskaan ollut:<\/p>\n<ul>\n<li><a href=\"\/fi\/treatment\/high-blood-pressure\">Korkea verenpaine<\/a><\/li>\n<li><a href=\"\/fi\/treatment\/diabetes\">Diabetes<\/a><\/li>\n<li><a href=\"\/fi\/treatment\/headache-and-migraines\/\">Migreeni<\/a><\/li>\n<li>Sapekivimuodostus<\/li>\n<li>Maksavaivat<\/li>\n<li>Fibroidit<\/li>\n<li><a href=\"\/fi\/treatment\/endometriosis\/\">Endometrioosi<\/a><\/li>\n<li>Korkeat triglyseridit<\/li>\n<li>Perhesuhteissa rintasy\u00f6p\u00e4\u00e4<\/li>\n<\/ul>\n<p>Evorel Sequi&#8217;ta k\u00e4ytett\u00e4ess\u00e4:<\/p>\n<ul>\n<li>Osallistu s\u00e4\u00e4nn\u00f6llisiin tarkastuksiin<\/li>\n<li>Jatka rutiininomaista rintasy\u00f6v\u00e4n seulontaa<\/li>\n<li>Suorita rintojen itse-tarkastuksia<\/li>\n<li>Ilmoita ep\u00e4tavallisesta em\u00e4tinvuodosta<\/li>\n<\/ul>\n<p>Hormonihoitoa tulisi tarkistaa v\u00e4hint\u00e4\u00e4n kerran vuodessa hy\u00f6tyjen ja riskien arvioimiseksi.<\/p>\n<h2>Milloin hakea l\u00e4\u00e4k\u00e4rin apua<\/h2>\n<p>Lopeta Evorel Sequi&#8217;n k\u00e4ytt\u00f6 ja hae kiireellist\u00e4 l\u00e4\u00e4k\u00e4rinhoitoa, jos koet:<\/p>\n<ul>\n<li>Kivulias turvotus yhdess\u00e4 jalassa<\/li>\n<li>\u00c4killinen rintakipu<\/li>\n<li>Hengitysvaikeuksia<\/li>\n<li>Vakava \u00e4killinen p\u00e4\u00e4ns\u00e4rky<\/li>\n<li>N\u00e4k\u00f6- tai puheongelmia<\/li>\n<li>Heikkoutta kehosi yhdell\u00e4 puolella<\/li>\n<li>Ihon tai silmien keltainen v\u00e4ri<\/li>\n<li>Vakavan allergisen reaktion merkkej\u00e4<\/li>\n<\/ul>\n<p>Ota heti yhteytt\u00e4 l\u00e4\u00e4k\u00e4riisi, jos huomaat:<\/p>\n<ul>\n<li>Odottamaton runsas vuoto<\/li>\n<li>Uusi rintakohouma<\/li>\n<li>Kest\u00e4v\u00e4\u00e4 vatsakipua<\/li>\n<li>\u00c4killisi\u00e4 merkitt\u00e4vi\u00e4 muutoksia terveydentilassasi<\/li>\n<\/ul>\n<p>Jos et ole varma, liittyv\u00e4tk\u00f6 oireesi hormonikorvaushoitoon, voit helposti varata turvallisen videokonsultaation jonkin lisensoidun l\u00e4\u00e4k\u00e4rimme kanssa Transtoyou&#8217;ssa. He arvioivat oireesi ja neuvovat sinua turvallisimmista seuraavista askelista. Jos koet vakavia tai \u00e4killisi\u00e4 oireita, hae kiireellist\u00e4 l\u00e4\u00e4k\u00e4rinhoitoa heti.<\/p>\n","protected":false},"excerpt":{"rendered":"<ul>\n<li>Evorel Sequi: Per\u00e4kk\u00e4iset yhdistetyt HRT-laastarit vaihdevuosien oireiden lievitt\u00e4miseen samalla, kun ne suojaavat kohtua.<\/li>\n<li>Vaikuttava aine: Estradioli (estogeeni) ja Norethisteroni-asetaatti (progesteroni)<\/li>\n<li>K\u00e4ytet\u00e4\u00e4n: Hormonaaliseen korvaushoitoon (HRT)<\/li>\n<\/ul>\n","protected":false},"featured_media":1651,"comment_status":"open","ping_status":"closed","template":"","meta":[],"product_brand":[],"product_cat":[120,126],"product_tag":[],"expert":[16],"class_list":{"0":"post-1649","1":"product","2":"type-product","3":"status-publish","4":"has-post-thumbnail","6":"product_cat-hormonihoito-hrt","7":"product_cat-vaihdevuosi-ja-pms-helpotus","8":"expert-dr-c-alexandru","10":"first","11":"instock","12":"shipping-taxable","13":"product-type-variable"},"yoast_head":"<!-- This site is optimized with the Yoast SEO plugin v27.0 - https:\/\/yoast.com\/product\/yoast-seo-wordpress\/ -->\n<title>Evorel Sequi | HRT-laastarit vaihdevuosiin - Transtoyou<\/title>\n<meta name=\"description\" content=\"Evorel Sequi HRT -laastarit Transtoyou: helpotusta vaihdevuosioireisiin estrogeenin ja progesteronin avulla.\" \/>\n<meta name=\"robots\" content=\"noindex, follow, max-snippet:-1, max-image-preview:large, max-video-preview:-1\" \/>\n<meta property=\"og:locale\" content=\"fi_FI\" \/>\n<meta property=\"og:type\" content=\"article\" \/>\n<meta property=\"og:title\" content=\"Evorel Sequi | HRT-laastarit vaihdevuosiin - Transtoyou\" \/>\n<meta property=\"og:description\" content=\"Evorel Sequi HRT -laastarit Transtoyou: helpotusta vaihdevuosioireisiin estrogeenin ja progesteronin avulla.\" \/>\n<meta property=\"og:url\" content=\"https:\/\/www.transtoyou.com\/fi\/product\/evorel-sequi\/\" \/>\n<meta property=\"og:site_name\" content=\"Transtoyou - FI\" \/>\n<meta property=\"article:modified_time\" content=\"2026-02-25T13:51:11+00:00\" \/>\n<meta name=\"twitter:card\" content=\"summary_large_image\" \/>\n<meta name=\"twitter:label1\" content=\"Arvioitu lukuaika\" \/>\n\t<meta name=\"twitter:data1\" content=\"5 minuuttia\" \/>\n<script type=\"application\/ld+json\" class=\"yoast-schema-graph\">{\"@context\":\"https:\/\/schema.org\",\"@graph\":[{\"@type\":\"WebPage\",\"@id\":\"https:\/\/www.transtoyou.com\/fi\/product\/evorel-sequi\/\",\"url\":\"https:\/\/www.transtoyou.com\/fi\/product\/evorel-sequi\/\",\"name\":\"Evorel Sequi | HRT-laastarit vaihdevuosiin - Transtoyou\",\"isPartOf\":{\"@id\":\"https:\/\/www.transtoyou.com\/fi\/#website\"},\"primaryImageOfPage\":{\"@id\":\"https:\/\/www.transtoyou.com\/fi\/product\/evorel-sequi\/#primaryimage\"},\"image\":{\"@id\":\"https:\/\/www.transtoyou.com\/fi\/product\/evorel-sequi\/#primaryimage\"},\"thumbnailUrl\":\"https:\/\/www.transtoyou.com\/fi\/wp-content\/uploads\/sites\/16\/2026\/02\/tty-no-product-image-11.webp\",\"datePublished\":\"2026-02-25T13:20:26+00:00\",\"dateModified\":\"2026-02-25T13:51:11+00:00\",\"description\":\"Evorel Sequi HRT -laastarit Transtoyou: helpotusta vaihdevuosioireisiin estrogeenin ja progesteronin avulla.\",\"breadcrumb\":{\"@id\":\"https:\/\/www.transtoyou.com\/fi\/product\/evorel-sequi\/#breadcrumb\"},\"inLanguage\":\"fi\",\"potentialAction\":[{\"@type\":\"ReadAction\",\"target\":[\"https:\/\/www.transtoyou.com\/fi\/product\/evorel-sequi\/\"]}]},{\"@type\":\"ImageObject\",\"inLanguage\":\"fi\",\"@id\":\"https:\/\/www.transtoyou.com\/fi\/product\/evorel-sequi\/#primaryimage\",\"url\":\"https:\/\/www.transtoyou.com\/fi\/wp-content\/uploads\/sites\/16\/2026\/02\/tty-no-product-image-11.webp\",\"contentUrl\":\"https:\/\/www.transtoyou.com\/fi\/wp-content\/uploads\/sites\/16\/2026\/02\/tty-no-product-image-11.webp\",\"width\":1000,\"height\":1000,\"caption\":\"Oletusarvoinen tuotekuva\"},{\"@type\":\"WebSite\",\"@id\":\"https:\/\/www.transtoyou.com\/fi\/#website\",\"url\":\"https:\/\/www.transtoyou.com\/fi\/\",\"name\":\"Transtoyou - FI\",\"description\":\"\",\"publisher\":{\"@id\":\"https:\/\/www.transtoyou.com\/fi\/#organization\"},\"potentialAction\":[{\"@type\":\"SearchAction\",\"target\":{\"@type\":\"EntryPoint\",\"urlTemplate\":\"https:\/\/www.transtoyou.com\/fi\/?s={search_term_string}\"},\"query-input\":{\"@type\":\"PropertyValueSpecification\",\"valueRequired\":true,\"valueName\":\"search_term_string\"}}],\"inLanguage\":\"fi\"},{\"@type\":\"Organization\",\"@id\":\"https:\/\/www.transtoyou.com\/fi\/#organization\",\"name\":\"Transtoyou - FI\",\"url\":\"https:\/\/www.transtoyou.com\/fi\/\",\"logo\":{\"@type\":\"ImageObject\",\"inLanguage\":\"fi\",\"@id\":\"https:\/\/www.transtoyou.com\/fi\/#\/schema\/logo\/image\/\",\"url\":\"https:\/\/www.transtoyou.com\/fi\/wp-content\/uploads\/sites\/16\/2026\/01\/logo-tty-menu-bar-300x87-1.webp\",\"contentUrl\":\"https:\/\/www.transtoyou.com\/fi\/wp-content\/uploads\/sites\/16\/2026\/01\/logo-tty-menu-bar-300x87-1.webp\",\"width\":300,\"height\":87,\"caption\":\"Transtoyou - FI\"},\"image\":{\"@id\":\"https:\/\/www.transtoyou.com\/fi\/#\/schema\/logo\/image\/\"}}]}<\/script>\n<!-- \/ Yoast SEO plugin. -->","yoast_head_json":{"title":"Evorel Sequi | HRT-laastarit vaihdevuosiin - Transtoyou","description":"Evorel Sequi HRT -laastarit Transtoyou: helpotusta vaihdevuosioireisiin estrogeenin ja progesteronin avulla.","robots":{"index":"noindex","follow":"follow","max-snippet":"max-snippet:-1","max-image-preview":"max-image-preview:large","max-video-preview":"max-video-preview:-1"},"og_locale":"fi_FI","og_type":"article","og_title":"Evorel Sequi | HRT-laastarit vaihdevuosiin - Transtoyou","og_description":"Evorel Sequi HRT -laastarit Transtoyou: helpotusta vaihdevuosioireisiin estrogeenin ja progesteronin avulla.","og_url":"https:\/\/www.transtoyou.com\/fi\/product\/evorel-sequi\/","og_site_name":"Transtoyou - FI","article_modified_time":"2026-02-25T13:51:11+00:00","twitter_card":"summary_large_image","twitter_misc":{"Arvioitu lukuaika":"5 minuuttia"},"schema":{"@context":"https:\/\/schema.org","@graph":[{"@type":"WebPage","@id":"https:\/\/www.transtoyou.com\/fi\/product\/evorel-sequi\/","url":"https:\/\/www.transtoyou.com\/fi\/product\/evorel-sequi\/","name":"Evorel Sequi | HRT-laastarit vaihdevuosiin - Transtoyou","isPartOf":{"@id":"https:\/\/www.transtoyou.com\/fi\/#website"},"primaryImageOfPage":{"@id":"https:\/\/www.transtoyou.com\/fi\/product\/evorel-sequi\/#primaryimage"},"image":{"@id":"https:\/\/www.transtoyou.com\/fi\/product\/evorel-sequi\/#primaryimage"},"thumbnailUrl":"https:\/\/www.transtoyou.com\/fi\/wp-content\/uploads\/sites\/16\/2026\/02\/tty-no-product-image-11.webp","datePublished":"2026-02-25T13:20:26+00:00","dateModified":"2026-02-25T13:51:11+00:00","description":"Evorel Sequi HRT -laastarit Transtoyou: helpotusta vaihdevuosioireisiin estrogeenin ja progesteronin avulla.","breadcrumb":{"@id":"https:\/\/www.transtoyou.com\/fi\/product\/evorel-sequi\/#breadcrumb"},"inLanguage":"fi","potentialAction":[{"@type":"ReadAction","target":["https:\/\/www.transtoyou.com\/fi\/product\/evorel-sequi\/"]}]},{"@type":"ImageObject","inLanguage":"fi","@id":"https:\/\/www.transtoyou.com\/fi\/product\/evorel-sequi\/#primaryimage","url":"https:\/\/www.transtoyou.com\/fi\/wp-content\/uploads\/sites\/16\/2026\/02\/tty-no-product-image-11.webp","contentUrl":"https:\/\/www.transtoyou.com\/fi\/wp-content\/uploads\/sites\/16\/2026\/02\/tty-no-product-image-11.webp","width":1000,"height":1000,"caption":"Oletusarvoinen tuotekuva"},{"@type":"WebSite","@id":"https:\/\/www.transtoyou.com\/fi\/#website","url":"https:\/\/www.transtoyou.com\/fi\/","name":"Transtoyou - FI","description":"","publisher":{"@id":"https:\/\/www.transtoyou.com\/fi\/#organization"},"potentialAction":[{"@type":"SearchAction","target":{"@type":"EntryPoint","urlTemplate":"https:\/\/www.transtoyou.com\/fi\/?s={search_term_string}"},"query-input":{"@type":"PropertyValueSpecification","valueRequired":true,"valueName":"search_term_string"}}],"inLanguage":"fi"},{"@type":"Organization","@id":"https:\/\/www.transtoyou.com\/fi\/#organization","name":"Transtoyou - FI","url":"https:\/\/www.transtoyou.com\/fi\/","logo":{"@type":"ImageObject","inLanguage":"fi","@id":"https:\/\/www.transtoyou.com\/fi\/#\/schema\/logo\/image\/","url":"https:\/\/www.transtoyou.com\/fi\/wp-content\/uploads\/sites\/16\/2026\/01\/logo-tty-menu-bar-300x87-1.webp","contentUrl":"https:\/\/www.transtoyou.com\/fi\/wp-content\/uploads\/sites\/16\/2026\/01\/logo-tty-menu-bar-300x87-1.webp","width":300,"height":87,"caption":"Transtoyou - FI"},"image":{"@id":"https:\/\/www.transtoyou.com\/fi\/#\/schema\/logo\/image\/"}}]}},"_links":{"self":[{"href":"https:\/\/www.transtoyou.com\/fi\/wp-json\/wp\/v2\/product\/1649","targetHints":{"allow":["GET"]}}],"collection":[{"href":"https:\/\/www.transtoyou.com\/fi\/wp-json\/wp\/v2\/product"}],"about":[{"href":"https:\/\/www.transtoyou.com\/fi\/wp-json\/wp\/v2\/types\/product"}],"replies":[{"embeddable":true,"href":"https:\/\/www.transtoyou.com\/fi\/wp-json\/wp\/v2\/comments?post=1649"}],"wp:featuredmedia":[{"embeddable":true,"href":"https:\/\/www.transtoyou.com\/fi\/wp-json\/wp\/v2\/media\/1651"}],"wp:attachment":[{"href":"https:\/\/www.transtoyou.com\/fi\/wp-json\/wp\/v2\/media?parent=1649"}],"wp:term":[{"taxonomy":"product_brand","embeddable":true,"href":"https:\/\/www.transtoyou.com\/fi\/wp-json\/wp\/v2\/product_brand?post=1649"},{"taxonomy":"product_cat","embeddable":true,"href":"https:\/\/www.transtoyou.com\/fi\/wp-json\/wp\/v2\/product_cat?post=1649"},{"taxonomy":"product_tag","embeddable":true,"href":"https:\/\/www.transtoyou.com\/fi\/wp-json\/wp\/v2\/product_tag?post=1649"},{"taxonomy":"expert","embeddable":true,"href":"https:\/\/www.transtoyou.com\/fi\/wp-json\/wp\/v2\/expert?post=1649"}],"curies":[{"name":"wp","href":"https:\/\/api.w.org\/{rel}","templated":true}]}}