{"id":1699,"date":"2026-02-28T12:00:16","date_gmt":"2026-02-28T12:00:16","guid":{"rendered":"https:\/\/www.transtoyou.com\/fi\/product\/oestrogel\/"},"modified":"2026-02-28T12:00:56","modified_gmt":"2026-02-28T12:00:56","slug":"oestrogel","status":"publish","type":"product","link":"https:\/\/www.transtoyou.com\/fi\/product\/oestrogel\/","title":{"rendered":"Oestrogel"},"content":{"rendered":"<p>Oestrogel on transdermaalinen geeli, joka toimittaa estradiolia ihon kautta palauttaakseen estrogeenitasot kehossa. Sit\u00e4 k\u00e4ytet\u00e4\u00e4n hormonihoidossa henkil\u00f6ille, jotka kokevat vaihdevuosiin liittyvi\u00e4 oireita, ja sit\u00e4 voidaan my\u00f6s k\u00e4ytt\u00e4\u00e4 osana feminisoivaa hormonihoitoa transsukupuolisille naisille.<\/p>\n<p>Vaihdevuosien aikana estrogeenin v\u00e4heneminen voi johtaa oireisiin, kuten kuumiin aaltoihin, \u00f6iseen hikoiluun, unih\u00e4iri\u00f6ihin ja em\u00e4ttimen kuivumiseen. Oestrogel auttaa lievitt\u00e4m\u00e4\u00e4n n\u00e4it\u00e4 oireita t\u00e4ydent\u00e4m\u00e4ll\u00e4 estradiolitasoja ihon kautta, v\u00e4ltt\u00e4en ruoansulatusj\u00e4rjestelm\u00e4\u00e4 ja tarjoten ei-suun kautta otettavan vaihtoehdon hoitoon. Geeli\u00e4 k\u00e4ytet\u00e4\u00e4n yleens\u00e4 kerran p\u00e4iv\u00e4ss\u00e4 puhtaalle, kuivalle iholle k\u00e4sivarsilla tai reiden alueella.<\/p>\n<p>Sukupuolta vahvistavassa hoidossa Oestrogel tarjoaa asteittaisen ja hallitun estradiolin vapautumisen, mik\u00e4 tukee fyysisi\u00e4 muutoksia, kuten rintakeh\u00e4n kehityst\u00e4, pehme\u00e4mp\u00e4\u00e4 ihoa ja rasvan jakautumista transsukupuolisilla naisilla. Sen helppok\u00e4ytt\u00f6isyys ja s\u00e4\u00e4dett\u00e4v\u00e4 annostus tekev\u00e4t siit\u00e4 sopivan vaihtoehdon niille, jotka etsiv\u00e4t joustavuutta feminisoivassa ohjelmassaan.<\/p>\n<p>Geeli kuivuu nopeasti, ei j\u00e4t\u00e4 j\u00e4\u00e4mi\u00e4 ja mahdollistaa annostuksen r\u00e4\u00e4t\u00e4l\u00f6imisen yksil\u00f6llisten tarpeiden mukaan. Olipa kyseess\u00e4 vaihdevuosioireiden lievitt\u00e4minen tai osa sukupuolisiirtym\u00e4suunnitelmaa, Oestrogel tarjoaa k\u00e4tev\u00e4n ja johdonmukaisen hormonin toimitustavan, joka integroituu helposti p\u00e4ivitt\u00e4isiin rutiineihin.<\/p>\n","protected":false},"excerpt":{"rendered":"<ul>\n<li>Transdermaalinen estrogeeni-geeli<\/li>\n<li>K\u00e4ytet\u00e4\u00e4n vaihdevuosien ja siirtym\u00e4n aikana<\/li>\n<li>Muokattava p\u00e4ivitt\u00e4inen annostus<\/li>\n<\/ul>\n","protected":false},"featured_media":1703,"comment_status":"open","ping_status":"closed","template":"","meta":[],"product_brand":[],"product_cat":[97,120],"product_tag":[],"expert":[16],"class_list":{"0":"post-1699","1":"product","2":"type-product","3":"status-publish","4":"has-post-thumbnail","6":"product_cat-estrogeeni-ja-feminiininen-terapia","7":"product_cat-hormonihoito-hrt","8":"expert-dr-c-alexandru","10":"first","11":"instock","12":"shipping-taxable","13":"product-type-variable"},"yoast_head":"<!-- This site is optimized with the Yoast SEO plugin v27.0 - https:\/\/yoast.com\/product\/yoast-seo-wordpress\/ -->\n<title>Oestrogel | Hormonaalinen Tasapaino Tuki - Transtoyou<\/title>\n<meta name=\"description\" content=\"L\u00f6yd\u00e4 Oestrogel Transtoyou: p\u00e4\u00e4sy hormonaaliseen hoitoosi. Varmista ostoksesi t\u00e4n\u00e4\u00e4n tehokkaita tuloksia ja vaivattomuutta varten.\" \/>\n<meta name=\"robots\" content=\"noindex, follow, max-snippet:-1, max-image-preview:large, max-video-preview:-1\" \/>\n<meta property=\"og:locale\" content=\"fi_FI\" \/>\n<meta property=\"og:type\" content=\"article\" \/>\n<meta property=\"og:title\" content=\"Oestrogel | Hormonaalinen Tasapaino Tuki - Transtoyou\" \/>\n<meta property=\"og:description\" content=\"L\u00f6yd\u00e4 Oestrogel Transtoyou: p\u00e4\u00e4sy hormonaaliseen hoitoosi. Varmista ostoksesi t\u00e4n\u00e4\u00e4n tehokkaita tuloksia ja vaivattomuutta varten.\" \/>\n<meta property=\"og:url\" content=\"https:\/\/www.transtoyou.com\/fi\/product\/oestrogel\/\" \/>\n<meta property=\"og:site_name\" content=\"Transtoyou - FI\" \/>\n<meta property=\"article:modified_time\" content=\"2026-02-28T12:00:56+00:00\" \/>\n<meta name=\"twitter:card\" content=\"summary_large_image\" \/>\n<meta name=\"twitter:label1\" content=\"Arvioitu lukuaika\" \/>\n\t<meta name=\"twitter:data1\" content=\"1 minuutti\" \/>\n<script type=\"application\/ld+json\" class=\"yoast-schema-graph\">{\"@context\":\"https:\/\/schema.org\",\"@graph\":[{\"@type\":\"WebPage\",\"@id\":\"https:\/\/www.transtoyou.com\/fi\/product\/oestrogel\/\",\"url\":\"https:\/\/www.transtoyou.com\/fi\/product\/oestrogel\/\",\"name\":\"Oestrogel | Hormonaalinen Tasapaino Tuki - Transtoyou\",\"isPartOf\":{\"@id\":\"https:\/\/www.transtoyou.com\/fi\/#website\"},\"primaryImageOfPage\":{\"@id\":\"https:\/\/www.transtoyou.com\/fi\/product\/oestrogel\/#primaryimage\"},\"image\":{\"@id\":\"https:\/\/www.transtoyou.com\/fi\/product\/oestrogel\/#primaryimage\"},\"thumbnailUrl\":\"https:\/\/www.transtoyou.com\/fi\/wp-content\/uploads\/sites\/16\/2026\/02\/tty-no-product-image-16.webp\",\"datePublished\":\"2026-02-28T12:00:16+00:00\",\"dateModified\":\"2026-02-28T12:00:56+00:00\",\"description\":\"L\u00f6yd\u00e4 Oestrogel Transtoyou: p\u00e4\u00e4sy hormonaaliseen hoitoosi. Varmista ostoksesi t\u00e4n\u00e4\u00e4n tehokkaita tuloksia ja vaivattomuutta varten.\",\"breadcrumb\":{\"@id\":\"https:\/\/www.transtoyou.com\/fi\/product\/oestrogel\/#breadcrumb\"},\"inLanguage\":\"fi\",\"potentialAction\":[{\"@type\":\"ReadAction\",\"target\":[\"https:\/\/www.transtoyou.com\/fi\/product\/oestrogel\/\"]}]},{\"@type\":\"ImageObject\",\"inLanguage\":\"fi\",\"@id\":\"https:\/\/www.transtoyou.com\/fi\/product\/oestrogel\/#primaryimage\",\"url\":\"https:\/\/www.transtoyou.com\/fi\/wp-content\/uploads\/sites\/16\/2026\/02\/tty-no-product-image-16.webp\",\"contentUrl\":\"https:\/\/www.transtoyou.com\/fi\/wp-content\/uploads\/sites\/16\/2026\/02\/tty-no-product-image-16.webp\",\"width\":1000,\"height\":1000,\"caption\":\"Oletusarvoinen tuotekuva\"},{\"@type\":\"WebSite\",\"@id\":\"https:\/\/www.transtoyou.com\/fi\/#website\",\"url\":\"https:\/\/www.transtoyou.com\/fi\/\",\"name\":\"Transtoyou - FI\",\"description\":\"\",\"publisher\":{\"@id\":\"https:\/\/www.transtoyou.com\/fi\/#organization\"},\"potentialAction\":[{\"@type\":\"SearchAction\",\"target\":{\"@type\":\"EntryPoint\",\"urlTemplate\":\"https:\/\/www.transtoyou.com\/fi\/?s={search_term_string}\"},\"query-input\":{\"@type\":\"PropertyValueSpecification\",\"valueRequired\":true,\"valueName\":\"search_term_string\"}}],\"inLanguage\":\"fi\"},{\"@type\":\"Organization\",\"@id\":\"https:\/\/www.transtoyou.com\/fi\/#organization\",\"name\":\"Transtoyou - FI\",\"url\":\"https:\/\/www.transtoyou.com\/fi\/\",\"logo\":{\"@type\":\"ImageObject\",\"inLanguage\":\"fi\",\"@id\":\"https:\/\/www.transtoyou.com\/fi\/#\/schema\/logo\/image\/\",\"url\":\"https:\/\/www.transtoyou.com\/fi\/wp-content\/uploads\/sites\/16\/2026\/01\/logo-tty-menu-bar-300x87-1.webp\",\"contentUrl\":\"https:\/\/www.transtoyou.com\/fi\/wp-content\/uploads\/sites\/16\/2026\/01\/logo-tty-menu-bar-300x87-1.webp\",\"width\":300,\"height\":87,\"caption\":\"Transtoyou - FI\"},\"image\":{\"@id\":\"https:\/\/www.transtoyou.com\/fi\/#\/schema\/logo\/image\/\"}}]}<\/script>\n<!-- \/ Yoast SEO plugin. -->","yoast_head_json":{"title":"Oestrogel | Hormonaalinen Tasapaino Tuki - Transtoyou","description":"L\u00f6yd\u00e4 Oestrogel Transtoyou: p\u00e4\u00e4sy hormonaaliseen hoitoosi. Varmista ostoksesi t\u00e4n\u00e4\u00e4n tehokkaita tuloksia ja vaivattomuutta varten.","robots":{"index":"noindex","follow":"follow","max-snippet":"max-snippet:-1","max-image-preview":"max-image-preview:large","max-video-preview":"max-video-preview:-1"},"og_locale":"fi_FI","og_type":"article","og_title":"Oestrogel | Hormonaalinen Tasapaino Tuki - Transtoyou","og_description":"L\u00f6yd\u00e4 Oestrogel Transtoyou: p\u00e4\u00e4sy hormonaaliseen hoitoosi. Varmista ostoksesi t\u00e4n\u00e4\u00e4n tehokkaita tuloksia ja vaivattomuutta varten.","og_url":"https:\/\/www.transtoyou.com\/fi\/product\/oestrogel\/","og_site_name":"Transtoyou - FI","article_modified_time":"2026-02-28T12:00:56+00:00","twitter_card":"summary_large_image","twitter_misc":{"Arvioitu lukuaika":"1 minuutti"},"schema":{"@context":"https:\/\/schema.org","@graph":[{"@type":"WebPage","@id":"https:\/\/www.transtoyou.com\/fi\/product\/oestrogel\/","url":"https:\/\/www.transtoyou.com\/fi\/product\/oestrogel\/","name":"Oestrogel | Hormonaalinen Tasapaino Tuki - Transtoyou","isPartOf":{"@id":"https:\/\/www.transtoyou.com\/fi\/#website"},"primaryImageOfPage":{"@id":"https:\/\/www.transtoyou.com\/fi\/product\/oestrogel\/#primaryimage"},"image":{"@id":"https:\/\/www.transtoyou.com\/fi\/product\/oestrogel\/#primaryimage"},"thumbnailUrl":"https:\/\/www.transtoyou.com\/fi\/wp-content\/uploads\/sites\/16\/2026\/02\/tty-no-product-image-16.webp","datePublished":"2026-02-28T12:00:16+00:00","dateModified":"2026-02-28T12:00:56+00:00","description":"L\u00f6yd\u00e4 Oestrogel Transtoyou: p\u00e4\u00e4sy hormonaaliseen hoitoosi. Varmista ostoksesi t\u00e4n\u00e4\u00e4n tehokkaita tuloksia ja vaivattomuutta varten.","breadcrumb":{"@id":"https:\/\/www.transtoyou.com\/fi\/product\/oestrogel\/#breadcrumb"},"inLanguage":"fi","potentialAction":[{"@type":"ReadAction","target":["https:\/\/www.transtoyou.com\/fi\/product\/oestrogel\/"]}]},{"@type":"ImageObject","inLanguage":"fi","@id":"https:\/\/www.transtoyou.com\/fi\/product\/oestrogel\/#primaryimage","url":"https:\/\/www.transtoyou.com\/fi\/wp-content\/uploads\/sites\/16\/2026\/02\/tty-no-product-image-16.webp","contentUrl":"https:\/\/www.transtoyou.com\/fi\/wp-content\/uploads\/sites\/16\/2026\/02\/tty-no-product-image-16.webp","width":1000,"height":1000,"caption":"Oletusarvoinen tuotekuva"},{"@type":"WebSite","@id":"https:\/\/www.transtoyou.com\/fi\/#website","url":"https:\/\/www.transtoyou.com\/fi\/","name":"Transtoyou - FI","description":"","publisher":{"@id":"https:\/\/www.transtoyou.com\/fi\/#organization"},"potentialAction":[{"@type":"SearchAction","target":{"@type":"EntryPoint","urlTemplate":"https:\/\/www.transtoyou.com\/fi\/?s={search_term_string}"},"query-input":{"@type":"PropertyValueSpecification","valueRequired":true,"valueName":"search_term_string"}}],"inLanguage":"fi"},{"@type":"Organization","@id":"https:\/\/www.transtoyou.com\/fi\/#organization","name":"Transtoyou - FI","url":"https:\/\/www.transtoyou.com\/fi\/","logo":{"@type":"ImageObject","inLanguage":"fi","@id":"https:\/\/www.transtoyou.com\/fi\/#\/schema\/logo\/image\/","url":"https:\/\/www.transtoyou.com\/fi\/wp-content\/uploads\/sites\/16\/2026\/01\/logo-tty-menu-bar-300x87-1.webp","contentUrl":"https:\/\/www.transtoyou.com\/fi\/wp-content\/uploads\/sites\/16\/2026\/01\/logo-tty-menu-bar-300x87-1.webp","width":300,"height":87,"caption":"Transtoyou - FI"},"image":{"@id":"https:\/\/www.transtoyou.com\/fi\/#\/schema\/logo\/image\/"}}]}},"_links":{"self":[{"href":"https:\/\/www.transtoyou.com\/fi\/wp-json\/wp\/v2\/product\/1699","targetHints":{"allow":["GET"]}}],"collection":[{"href":"https:\/\/www.transtoyou.com\/fi\/wp-json\/wp\/v2\/product"}],"about":[{"href":"https:\/\/www.transtoyou.com\/fi\/wp-json\/wp\/v2\/types\/product"}],"replies":[{"embeddable":true,"href":"https:\/\/www.transtoyou.com\/fi\/wp-json\/wp\/v2\/comments?post=1699"}],"wp:featuredmedia":[{"embeddable":true,"href":"https:\/\/www.transtoyou.com\/fi\/wp-json\/wp\/v2\/media\/1703"}],"wp:attachment":[{"href":"https:\/\/www.transtoyou.com\/fi\/wp-json\/wp\/v2\/media?parent=1699"}],"wp:term":[{"taxonomy":"product_brand","embeddable":true,"href":"https:\/\/www.transtoyou.com\/fi\/wp-json\/wp\/v2\/product_brand?post=1699"},{"taxonomy":"product_cat","embeddable":true,"href":"https:\/\/www.transtoyou.com\/fi\/wp-json\/wp\/v2\/product_cat?post=1699"},{"taxonomy":"product_tag","embeddable":true,"href":"https:\/\/www.transtoyou.com\/fi\/wp-json\/wp\/v2\/product_tag?post=1699"},{"taxonomy":"expert","embeddable":true,"href":"https:\/\/www.transtoyou.com\/fi\/wp-json\/wp\/v2\/expert?post=1699"}],"curies":[{"name":"wp","href":"https:\/\/api.w.org\/{rel}","templated":true}]}}