{"id":1741,"date":"2026-03-01T11:22:13","date_gmt":"2026-03-01T11:22:13","guid":{"rendered":"https:\/\/www.transtoyou.com\/fi\/product\/pentasa\/"},"modified":"2026-03-01T11:23:30","modified_gmt":"2026-03-01T11:23:30","slug":"pentasa","status":"publish","type":"product","link":"https:\/\/www.transtoyou.com\/fi\/product\/pentasa\/","title":{"rendered":"Pentasa"},"content":{"rendered":"<h2> mit\u00e4 on Pentasa?<\/h2>\n<p>Pentasa on reseptil\u00e4\u00e4ke, jota k\u00e4ytet\u00e4\u00e4n tulehduksellisen suolistosairauden (IBD) hoitoon, mukaan lukien haavainen paksusuolitulehdus ja tietyt Crohnin taudin muodot.<\/p>\n<p>Se sis\u00e4lt\u00e4\u00e4 vaikuttavana aineena mesalasiinia, joka on tulehdusta ehk\u00e4isev\u00e4 l\u00e4\u00e4ke ja toimii suoraan suolistossasi. Toisin kuin yleiset kipul\u00e4\u00e4kkeet, Pentasa kohdistuu tulehdukseen suolen limakalvolla.<\/p>\n<p>Tulehduksellinen suolistosairaus on pitk\u00e4aikainen tila, jossa immuunij\u00e4rjestelm\u00e4 hy\u00f6kk\u00e4\u00e4 virheellisesti ruoansulatuskanavaa vastaan. T\u00e4m\u00e4 aiheuttaa turvotusta, \u00e4rsytyst\u00e4 ja haavaumia (pieni\u00e4 haavoja) suolessa.<\/p>\n<p>Pentasa auttaa v\u00e4hent\u00e4m\u00e4\u00e4n t\u00e4t\u00e4 tulehdusta ja voi sek\u00e4:<\/p>\n<ul>\n<li>Hoitaa aktiivisia pahenemisvaiheita<\/li>\n<li>Auttaa pit\u00e4m\u00e4\u00e4n sairauden hallinnassa (yll\u00e4pitohoito)<\/li>\n<\/ul>\n<p>Pentasa on saatavana eri muodoissa, mukaan lukien pitk\u00e4vaikutteiset tabletit, rakeet ja per\u00e4puikot, riippuen siit\u00e4, mik\u00e4 osa suolistostasi tarvitsee hoitoa.<\/p>\n<h2> mihin sit\u00e4 k\u00e4ytet\u00e4\u00e4n?<\/h2>\n<p>Pentasaa k\u00e4ytet\u00e4\u00e4n hoitamaan:<\/p>\n<ul>\n<li>Haavainen paksusuolitulehdus<\/li>\n<li>Lievi\u00e4 tai keskivaikeita Crohnin tautia, joka vaikuttaa paksusuoleen<\/li>\n<\/ul>\n<h2>Haavainen paksusuolitulehdus<\/h2>\n<p>Haavainen paksusuolitulehdus vaikuttaa paksusuoleen (paksusuoli) ja per\u00e4suoleen. Se aiheuttaa tulehdusta ja haavaumia suolen limakalvolla. Oireita voivat olla:<\/p>\n<ul>\n<li>Ripuli, usein verell\u00e4 tai limalla<\/li>\n<li>Vatsakipu<\/li>\n<li>Tarve ulostaa<\/li>\n<li>V\u00e4syneisyys<\/li>\n<\/ul>\n<h2>Crohnin tauti<\/h2>\n<p>Crohnin tauti voi vaikuttaa mihin tahansa ruoansulatuskanavan osaan, mutta joskus se koskee paksusuolta. Se aiheuttaa tulehdusta, joka voi ulottua syvemm\u00e4lle suolen sein\u00e4m\u00e4\u00e4n.<\/p>\n<p>Pentasa on erityisen tehokas, kun tulehdus sijaitsee paksusuolessa tai ohutsuolen alaosassa.<\/p>\n<p>Pentasaa voidaan k\u00e4ytt\u00e4\u00e4:<\/p>\n<ul>\n<li>Pahenemisvaiheiden aikana oireiden v\u00e4hent\u00e4miseksi<\/li>\n<li>Pitk\u00e4aikaisesti uusiutumisen riskin v\u00e4hent\u00e4miseksi<\/li>\n<\/ul>\n<h2> miten tuote toimii?<\/h2>\n<p>Pentasa sis\u00e4lt\u00e4\u00e4 mesalasiinia, joka vaikuttaa suoraan suolen limakalvoon.<\/p>\n<p>Tulehduksellisessa suolistosairaudessa immuunij\u00e4rjestelm\u00e4 laukaisee jatkuvan tulehduksen suolistossa. T\u00e4m\u00e4 johtaa turvotukseen, kudosvaurioihin ja oireisiin, kuten verenvuotoon ja <a href=\"\/fi\/treatment\/diarrhoea\">ripuliin<\/a>.<\/p>\n<p>Mesalasiini toimii:<\/p>\n<ul>\n<li>V\u00e4hent\u00e4m\u00e4ll\u00e4 tulehdusta suolen limakalvolla<\/li>\n<li>Est\u00e4m\u00e4ll\u00e4 aineita, jotka aiheuttavat tulehdusreaktioita<\/li>\n<li>Auttamalla suolen limakalvon parantumisessa<\/li>\n<\/ul>\n<p>Pentasa on suunniteltu pitk\u00e4vaikutteiseksi valmisteeksi, mik\u00e4 tarkoittaa, ett\u00e4 se vapauttaa l\u00e4\u00e4kett\u00e4 hitaasti koko suolistossa. T\u00e4m\u00e4 mahdollistaa sen toimimisen tarkalleen siell\u00e4, miss\u00e4 tulehdus on l\u00e4sn\u00e4.<\/p>\n<p>Koska se vaikuttaa paikallisesti suolessa, sill\u00e4 on yleens\u00e4 v\u00e4hemm\u00e4n koko kehon sivuvaikutuksia verrattuna systeemisiin tulehduskipul\u00e4\u00e4kkeisiin.<\/p>\n<h2> kuka ei saa k\u00e4ytt\u00e4\u00e4 tuotetta?<\/h2>\n<p>\u00c4l\u00e4 k\u00e4yt\u00e4 Pentasaa, jos:<\/p>\n<ul>\n<li>Olet allerginen mesalasiinille tai salisylaateille (kuten aspiriinille)<\/li>\n<li>Sinulla on vaikea munuaisten vajaatoiminta<\/li>\n<li>Sinulla on vaikea maksan vajaatoiminta<\/li>\n<li>Sinulla on aiemmin ollut vakavia reaktioita mesalasiinille<\/li>\n<\/ul>\n<p>Pentasa ei ehk\u00e4 sovi, jos sinulla on lievi\u00e4 tai keskivaikeita munuais- tai maksavaivoja. S\u00e4\u00e4nn\u00f6llinen seuranta voi olla tarpeen.<\/p>\n<p>Ilmoita aina l\u00e4\u00e4k\u00e4rillesi koko sairaushistoriastasi ennen hoidon aloittamista.<\/p>\n<h3>Raskaus ja imetys<\/h3>\n<p>Pentasaa k\u00e4ytet\u00e4\u00e4n joskus raskauden aikana, jos se on selv\u00e4sti tarpeen, sill\u00e4 hallitsematon tulehduksellinen suolistosairaus voi my\u00f6s aiheuttaa riskej\u00e4. Kuitenkin sinun tulisi aina keskustella l\u00e4\u00e4k\u00e4risi kanssa ennen Pentasan k\u00e4ytt\u00f6\u00e4, jos olet raskaana tai suunnittelet raskautta.<\/p>\n<p>Pieni\u00e4 m\u00e4\u00e4ri\u00e4 mesalasiinia voi siirty\u00e4 \u00e4idinmaitoon. Jos imet\u00e4t, keskustele riskeist\u00e4 ja hy\u00f6dyist\u00e4 l\u00e4\u00e4k\u00e4risi kanssa.<\/p>\n<h2> miten k\u00e4ytt\u00e4\u00e4 ja annostus<\/h2>\n<p>K\u00e4yt\u00e4 Pentasaa aina tarkasti l\u00e4\u00e4k\u00e4risi ohjeiden mukaan.<\/p>\n<p>Annostus riippuu:<\/p>\n<ul>\n<li>Siit\u00e4, hoidatko pahenemisvaihetta vai yll\u00e4pid\u00e4tk\u00f6 remissiota<\/li>\n<li>Tilasi vakavuudesta<\/li>\n<li>Erityisest\u00e4 valmisteesta, joka on m\u00e4\u00e4r\u00e4tty<\/li>\n<\/ul>\n<p>Pentasan tabletteja tai rakeita otetaan yleens\u00e4:<\/p>\n<ul>\n<li>Kerran tai useita kertoja p\u00e4iv\u00e4ss\u00e4<\/li>\n<li>Veden kanssa<\/li>\n<li>Niell\u00e4\u00e4n kokonaisina (\u00e4l\u00e4 murskaa pitk\u00e4vaikutteisia tabletteja, ellei toisin ohjeisteta)<\/li>\n<\/ul>\n<p>Jos k\u00e4yt\u00e4t per\u00e4puikkoja tai per\u00e4suolen valmisteita, ne asetetaan per\u00e4suoleen ohjeiden mukaan.<\/p>\n<p>Parhaiden tulosten saavuttamiseksi ota Pentasaa s\u00e4\u00e4nn\u00f6llisesti, vaikka alkaisitkin tuntea olosi paremmaksi. Hoidon lopettaminen liian aikaisin voi lis\u00e4t\u00e4 uusiutumisriski\u00e4.<\/p>\n<h2> Mahdolliset sivuvaikutukset<\/h2>\n<p>Kuten kaikki l\u00e4\u00e4kkeet, Pentasa voi aiheuttaa sivuvaikutuksia, vaikka kaikki eiv\u00e4t koe niit\u00e4.<\/p>\n<p>Yleisi\u00e4 sivuvaikutuksia ovat:<\/p>\n<ul>\n<li>P\u00e4\u00e4ns\u00e4rky<\/li>\n<li>Oksetus<\/li>\n<li>Vatsakipu<\/li>\n<li>Ripuli<\/li>\n<li>Ihottuma<\/li>\n<\/ul>\n<p>Harvinaisempia mutta vakavampia sivuvaikutuksia voivat olla:<\/p>\n<ul>\n<li>Munuaisongelmat<\/li>\n<li>Maksavaivat<\/li>\n<li>Vakavat allergiset reaktiot<\/li>\n<li>Verih\u00e4iri\u00f6t<\/li>\n<\/ul>\n<p>Harvoin Pentasa voi aiheuttaa vatsakivun pahenemista tai vakavia yliherkkyysreaktioita. Jos oireet pahenevat \u00e4killisesti hoidon aloittamisen j\u00e4lkeen, ota yhteys l\u00e4\u00e4k\u00e4riin.<\/p>\n<p>S\u00e4\u00e4nn\u00f6llisi\u00e4 verikokeita ja virtsakokeita voidaan suositella munuaisten ja maksan toiminnan seuraamiseksi pitk\u00e4aikaisen hoidon aikana.<\/p>\n<h2> T\u00e4rkeit\u00e4 turvallisuustietoja<\/h2>\n<p>Ennen Pentasan aloittamista kerro l\u00e4\u00e4k\u00e4rillesi, jos:<\/p>\n<ul>\n<li>Sinulla on munuaisongelmia<\/li>\n<li>Sinulla on maksasairaus<\/li>\n<li>Sinulla on keuhkosairaus (kuten astma)<\/li>\n<li>Olet aiemmin reagoinut sulfasalatsiiniin<\/li>\n<li>Ot\u00e4t muita tulehduskipul\u00e4\u00e4kkeit\u00e4<\/li>\n<\/ul>\n<p>Pentasa toimii parhaiten osana pitk\u00e4aikaista hoitosuunnitelmaa. Vaikka oireet paranevat, yll\u00e4pitohoitoa saatetaan tarvita tulevien pahenemisvaiheiden est\u00e4miseksi.<\/p>\n<p>\u00c4l\u00e4 lopeta hoitoa ilman l\u00e4\u00e4k\u00e4rin neuvoa, sill\u00e4 t\u00e4m\u00e4 voi lis\u00e4t\u00e4 uusiutumisriski\u00e4.<\/p>\n<h2> Milloin hakea l\u00e4\u00e4k\u00e4rin apua<\/h2>\n<p>Hakeudu v\u00e4litt\u00f6m\u00e4sti l\u00e4\u00e4k\u00e4rin hoitoon, jos koet:<\/p>\n<ul>\n<li>Vakavaa vatsakipua<\/li>\n<li>Korkean kuumeen<\/li>\n<li>Iho- tai silm\u00e4valkoisten kellastumista<\/li>\n<li>Selitt\u00e4m\u00e4t\u00f6nt\u00e4 mustelmia tai verenvuotoa<\/li>\n<li>Vakavaa ihottumaa tai allergista reaktiota<\/li>\n<li>Virtsan m\u00e4\u00e4r\u00e4n v\u00e4henemist\u00e4<\/li>\n<\/ul>\n<p>Ota yhteytt\u00e4 l\u00e4\u00e4k\u00e4riisi, jos:<\/p>\n<ul>\n<li>Oireesi pahenevat<\/li>\n<li>Huomaat verenvuodon lis\u00e4\u00e4ntyv\u00e4n ulosteessasi<\/li>\n<li>Saat pysyvi\u00e4 sivuvaikutuksia<\/li>\n<li>Ep\u00e4r\u00f6it pahenemisvaihetta<\/li>\n<\/ul>\n<p>Jos et ole varma, ovatko oireesi liittyvi\u00e4 tulehdukselliseen suolistosairauteen vai l\u00e4\u00e4kitykseesi, voit varata turvallisen videokonsultaation lisensoidun l\u00e4\u00e4k\u00e4rin kanssa Transtoyou:lla saadaksesi henkil\u00f6kohtaista neuvontaa. Jos oireet ovat vakavia tai \u00e4killisi\u00e4, hae v\u00e4lit\u00f6nt\u00e4 l\u00e4\u00e4k\u00e4rinhoitoa.<\/p>\n","protected":false},"excerpt":{"rendered":"<ul>\n<li>Pentasa: Tulehdusta ehk\u00e4isev\u00e4 hoito, joka auttaa hallitsemaan haavainen paksusuolitulehdus ja Crohnin tauti.<\/li>\n<li>Vaikuttava aine: Mesalatsiini (tunnetaan my\u00f6s nimell\u00e4 mesalamiini)<\/li>\n<li>K\u00e4ytet\u00e4\u00e4n: Haavaisen paksusuolitulehduksen ja liev\u00e4n tai keskivaikean Crohnin taudin hoitoon ja yll\u00e4pitoon, joka vaikuttaa paksusuoleen.<\/li>\n<\/ul>\n","protected":false},"featured_media":1743,"comment_status":"open","ping_status":"closed","template":"","meta":[],"product_brand":[],"product_cat":[88,51],"product_tag":[],"expert":[16],"class_list":{"0":"post-1741","1":"product","2":"type-product","3":"status-publish","4":"has-post-thumbnail","6":"product_cat-ripuli","7":"product_cat-vatsakipu","8":"expert-dr-c-alexandru","10":"first","11":"instock","12":"shipping-taxable","13":"product-type-variable"},"yoast_head":"<!-- This site is optimized with the Yoast SEO plugin v27.0 - https:\/\/yoast.com\/product\/yoast-seo-wordpress\/ -->\n<title>Pentasa | IBD-hoito mesalasiinin avulla - Transtoyou<\/title>\n<meta name=\"description\" content=\"Pentasa Transtoyou&#039;lta, reseptil\u00e4\u00e4ke IBD-hoitoon mesalasiinilla haavaista paksusuolitulehdusta ja Crohnin tautia varten. Lue lis\u00e4\u00e4 t\u00e4n\u00e4\u00e4n.\" \/>\n<meta name=\"robots\" content=\"noindex, follow, max-snippet:-1, max-image-preview:large, max-video-preview:-1\" \/>\n<meta property=\"og:locale\" content=\"fi_FI\" \/>\n<meta property=\"og:type\" content=\"article\" \/>\n<meta property=\"og:title\" content=\"Pentasa | IBD-hoito mesalasiinin avulla - Transtoyou\" \/>\n<meta property=\"og:description\" content=\"Pentasa Transtoyou&#039;lta, reseptil\u00e4\u00e4ke IBD-hoitoon mesalasiinilla haavaista paksusuolitulehdusta ja Crohnin tautia varten. Lue lis\u00e4\u00e4 t\u00e4n\u00e4\u00e4n.\" \/>\n<meta property=\"og:url\" content=\"https:\/\/www.transtoyou.com\/fi\/product\/pentasa\/\" \/>\n<meta property=\"og:site_name\" content=\"Transtoyou - FI\" \/>\n<meta property=\"article:modified_time\" content=\"2026-03-01T11:23:30+00:00\" \/>\n<meta name=\"twitter:card\" content=\"summary_large_image\" \/>\n<meta name=\"twitter:label1\" content=\"Arvioitu lukuaika\" \/>\n\t<meta name=\"twitter:data1\" content=\"4 minuuttia\" \/>\n<script type=\"application\/ld+json\" class=\"yoast-schema-graph\">{\"@context\":\"https:\/\/schema.org\",\"@graph\":[{\"@type\":\"WebPage\",\"@id\":\"https:\/\/www.transtoyou.com\/fi\/product\/pentasa\/\",\"url\":\"https:\/\/www.transtoyou.com\/fi\/product\/pentasa\/\",\"name\":\"Pentasa | IBD-hoito mesalasiinin avulla - Transtoyou\",\"isPartOf\":{\"@id\":\"https:\/\/www.transtoyou.com\/fi\/#website\"},\"primaryImageOfPage\":{\"@id\":\"https:\/\/www.transtoyou.com\/fi\/product\/pentasa\/#primaryimage\"},\"image\":{\"@id\":\"https:\/\/www.transtoyou.com\/fi\/product\/pentasa\/#primaryimage\"},\"thumbnailUrl\":\"https:\/\/www.transtoyou.com\/fi\/wp-content\/uploads\/sites\/16\/2026\/03\/tty-no-product-image-1.webp\",\"datePublished\":\"2026-03-01T11:22:13+00:00\",\"dateModified\":\"2026-03-01T11:23:30+00:00\",\"description\":\"Pentasa Transtoyou'lta, reseptil\u00e4\u00e4ke IBD-hoitoon mesalasiinilla haavaista paksusuolitulehdusta ja Crohnin tautia varten. Lue lis\u00e4\u00e4 t\u00e4n\u00e4\u00e4n.\",\"breadcrumb\":{\"@id\":\"https:\/\/www.transtoyou.com\/fi\/product\/pentasa\/#breadcrumb\"},\"inLanguage\":\"fi\",\"potentialAction\":[{\"@type\":\"ReadAction\",\"target\":[\"https:\/\/www.transtoyou.com\/fi\/product\/pentasa\/\"]}]},{\"@type\":\"ImageObject\",\"inLanguage\":\"fi\",\"@id\":\"https:\/\/www.transtoyou.com\/fi\/product\/pentasa\/#primaryimage\",\"url\":\"https:\/\/www.transtoyou.com\/fi\/wp-content\/uploads\/sites\/16\/2026\/03\/tty-no-product-image-1.webp\",\"contentUrl\":\"https:\/\/www.transtoyou.com\/fi\/wp-content\/uploads\/sites\/16\/2026\/03\/tty-no-product-image-1.webp\",\"width\":1000,\"height\":1000,\"caption\":\"Oletusarvoinen tuotekuva\"},{\"@type\":\"WebSite\",\"@id\":\"https:\/\/www.transtoyou.com\/fi\/#website\",\"url\":\"https:\/\/www.transtoyou.com\/fi\/\",\"name\":\"Transtoyou - FI\",\"description\":\"\",\"publisher\":{\"@id\":\"https:\/\/www.transtoyou.com\/fi\/#organization\"},\"potentialAction\":[{\"@type\":\"SearchAction\",\"target\":{\"@type\":\"EntryPoint\",\"urlTemplate\":\"https:\/\/www.transtoyou.com\/fi\/?s={search_term_string}\"},\"query-input\":{\"@type\":\"PropertyValueSpecification\",\"valueRequired\":true,\"valueName\":\"search_term_string\"}}],\"inLanguage\":\"fi\"},{\"@type\":\"Organization\",\"@id\":\"https:\/\/www.transtoyou.com\/fi\/#organization\",\"name\":\"Transtoyou - FI\",\"url\":\"https:\/\/www.transtoyou.com\/fi\/\",\"logo\":{\"@type\":\"ImageObject\",\"inLanguage\":\"fi\",\"@id\":\"https:\/\/www.transtoyou.com\/fi\/#\/schema\/logo\/image\/\",\"url\":\"https:\/\/www.transtoyou.com\/fi\/wp-content\/uploads\/sites\/16\/2026\/01\/logo-tty-menu-bar-300x87-1.webp\",\"contentUrl\":\"https:\/\/www.transtoyou.com\/fi\/wp-content\/uploads\/sites\/16\/2026\/01\/logo-tty-menu-bar-300x87-1.webp\",\"width\":300,\"height\":87,\"caption\":\"Transtoyou - FI\"},\"image\":{\"@id\":\"https:\/\/www.transtoyou.com\/fi\/#\/schema\/logo\/image\/\"}}]}<\/script>\n<!-- \/ Yoast SEO plugin. -->","yoast_head_json":{"title":"Pentasa | IBD-hoito mesalasiinin avulla - Transtoyou","description":"Pentasa Transtoyou'lta, reseptil\u00e4\u00e4ke IBD-hoitoon mesalasiinilla haavaista paksusuolitulehdusta ja Crohnin tautia varten. Lue lis\u00e4\u00e4 t\u00e4n\u00e4\u00e4n.","robots":{"index":"noindex","follow":"follow","max-snippet":"max-snippet:-1","max-image-preview":"max-image-preview:large","max-video-preview":"max-video-preview:-1"},"og_locale":"fi_FI","og_type":"article","og_title":"Pentasa | IBD-hoito mesalasiinin avulla - Transtoyou","og_description":"Pentasa Transtoyou'lta, reseptil\u00e4\u00e4ke IBD-hoitoon mesalasiinilla haavaista paksusuolitulehdusta ja Crohnin tautia varten. Lue lis\u00e4\u00e4 t\u00e4n\u00e4\u00e4n.","og_url":"https:\/\/www.transtoyou.com\/fi\/product\/pentasa\/","og_site_name":"Transtoyou - FI","article_modified_time":"2026-03-01T11:23:30+00:00","twitter_card":"summary_large_image","twitter_misc":{"Arvioitu lukuaika":"4 minuuttia"},"schema":{"@context":"https:\/\/schema.org","@graph":[{"@type":"WebPage","@id":"https:\/\/www.transtoyou.com\/fi\/product\/pentasa\/","url":"https:\/\/www.transtoyou.com\/fi\/product\/pentasa\/","name":"Pentasa | IBD-hoito mesalasiinin avulla - Transtoyou","isPartOf":{"@id":"https:\/\/www.transtoyou.com\/fi\/#website"},"primaryImageOfPage":{"@id":"https:\/\/www.transtoyou.com\/fi\/product\/pentasa\/#primaryimage"},"image":{"@id":"https:\/\/www.transtoyou.com\/fi\/product\/pentasa\/#primaryimage"},"thumbnailUrl":"https:\/\/www.transtoyou.com\/fi\/wp-content\/uploads\/sites\/16\/2026\/03\/tty-no-product-image-1.webp","datePublished":"2026-03-01T11:22:13+00:00","dateModified":"2026-03-01T11:23:30+00:00","description":"Pentasa Transtoyou'lta, reseptil\u00e4\u00e4ke IBD-hoitoon mesalasiinilla haavaista paksusuolitulehdusta ja Crohnin tautia varten. Lue lis\u00e4\u00e4 t\u00e4n\u00e4\u00e4n.","breadcrumb":{"@id":"https:\/\/www.transtoyou.com\/fi\/product\/pentasa\/#breadcrumb"},"inLanguage":"fi","potentialAction":[{"@type":"ReadAction","target":["https:\/\/www.transtoyou.com\/fi\/product\/pentasa\/"]}]},{"@type":"ImageObject","inLanguage":"fi","@id":"https:\/\/www.transtoyou.com\/fi\/product\/pentasa\/#primaryimage","url":"https:\/\/www.transtoyou.com\/fi\/wp-content\/uploads\/sites\/16\/2026\/03\/tty-no-product-image-1.webp","contentUrl":"https:\/\/www.transtoyou.com\/fi\/wp-content\/uploads\/sites\/16\/2026\/03\/tty-no-product-image-1.webp","width":1000,"height":1000,"caption":"Oletusarvoinen tuotekuva"},{"@type":"WebSite","@id":"https:\/\/www.transtoyou.com\/fi\/#website","url":"https:\/\/www.transtoyou.com\/fi\/","name":"Transtoyou - FI","description":"","publisher":{"@id":"https:\/\/www.transtoyou.com\/fi\/#organization"},"potentialAction":[{"@type":"SearchAction","target":{"@type":"EntryPoint","urlTemplate":"https:\/\/www.transtoyou.com\/fi\/?s={search_term_string}"},"query-input":{"@type":"PropertyValueSpecification","valueRequired":true,"valueName":"search_term_string"}}],"inLanguage":"fi"},{"@type":"Organization","@id":"https:\/\/www.transtoyou.com\/fi\/#organization","name":"Transtoyou - FI","url":"https:\/\/www.transtoyou.com\/fi\/","logo":{"@type":"ImageObject","inLanguage":"fi","@id":"https:\/\/www.transtoyou.com\/fi\/#\/schema\/logo\/image\/","url":"https:\/\/www.transtoyou.com\/fi\/wp-content\/uploads\/sites\/16\/2026\/01\/logo-tty-menu-bar-300x87-1.webp","contentUrl":"https:\/\/www.transtoyou.com\/fi\/wp-content\/uploads\/sites\/16\/2026\/01\/logo-tty-menu-bar-300x87-1.webp","width":300,"height":87,"caption":"Transtoyou - FI"},"image":{"@id":"https:\/\/www.transtoyou.com\/fi\/#\/schema\/logo\/image\/"}}]}},"_links":{"self":[{"href":"https:\/\/www.transtoyou.com\/fi\/wp-json\/wp\/v2\/product\/1741","targetHints":{"allow":["GET"]}}],"collection":[{"href":"https:\/\/www.transtoyou.com\/fi\/wp-json\/wp\/v2\/product"}],"about":[{"href":"https:\/\/www.transtoyou.com\/fi\/wp-json\/wp\/v2\/types\/product"}],"replies":[{"embeddable":true,"href":"https:\/\/www.transtoyou.com\/fi\/wp-json\/wp\/v2\/comments?post=1741"}],"wp:featuredmedia":[{"embeddable":true,"href":"https:\/\/www.transtoyou.com\/fi\/wp-json\/wp\/v2\/media\/1743"}],"wp:attachment":[{"href":"https:\/\/www.transtoyou.com\/fi\/wp-json\/wp\/v2\/media?parent=1741"}],"wp:term":[{"taxonomy":"product_brand","embeddable":true,"href":"https:\/\/www.transtoyou.com\/fi\/wp-json\/wp\/v2\/product_brand?post=1741"},{"taxonomy":"product_cat","embeddable":true,"href":"https:\/\/www.transtoyou.com\/fi\/wp-json\/wp\/v2\/product_cat?post=1741"},{"taxonomy":"product_tag","embeddable":true,"href":"https:\/\/www.transtoyou.com\/fi\/wp-json\/wp\/v2\/product_tag?post=1741"},{"taxonomy":"expert","embeddable":true,"href":"https:\/\/www.transtoyou.com\/fi\/wp-json\/wp\/v2\/expert?post=1741"}],"curies":[{"name":"wp","href":"https:\/\/api.w.org\/{rel}","templated":true}]}}