{"id":1828,"date":"2026-03-05T10:10:18","date_gmt":"2026-03-05T10:10:18","guid":{"rendered":"https:\/\/www.transtoyou.com\/fi\/product\/sildenafil\/"},"modified":"2026-03-05T10:16:24","modified_gmt":"2026-03-05T10:16:24","slug":"sildenafiili","status":"publish","type":"product","link":"https:\/\/www.transtoyou.com\/fi\/product\/sildenafiili\/","title":{"rendered":"Sildenafil"},"content":{"rendered":"<p>Sildenafil on hoito erektioh\u00e4iri\u00f6\u00f6n, tilaan, jossa miehen on vaikeaa saavuttaa tai yll\u00e4pit\u00e4\u00e4 erektiota. Vaikuttava aine, jota kutsutaan my\u00f6s sildenafiliksi, parantaa verenkiertoa penikseen, kun mies on seksuaalisesti kiihottunut. Se ei lis\u00e4\u00e4 libidoa, mutta tukee fyysist\u00e4 reaktiota seksuaaliseen stimulaatioon.<\/p>\n<p>Alun perin kehitetty syd\u00e4meen liittyvien rintakipujen hoitoon, sildenafilin todettiin my\u00f6hemmin olevan tehokas erektio-ongelmien hoidossa. Sit\u00e4 k\u00e4ytet\u00e4\u00e4n usein br\u00e4ndinimell\u00e4 Viagra, vaikka geneeriset versiot ovat yht\u00e4 tehokkaita. Sildenafil alkaa tyypillisesti vaikuttaa 30\u201360 minuutissa ja voi pysy\u00e4 tehokkaana noin nelj\u00e4 tuntia, mik\u00e4 mahdollistaa rennomman kokemuksen.<\/p>\n<p>Suositeltu annos on 50 mg, otettuna tarpeen mukaan ennen seksuaalista toimintaa. Jotkut ihmiset saattavat kuitenkin hy\u00f6ty\u00e4 matalammista tai korkeammista annoksista yksil\u00f6llisen sietokyvyn ja vasteen mukaan. Sit\u00e4 ei tulisi ottaa useammin kuin kerran p\u00e4iv\u00e4ss\u00e4, ja se tulisi niell\u00e4 veden kanssa. Runsas ateria voi viiv\u00e4stytt\u00e4\u00e4 sen vaikutuksia.<\/p>\n<p>Yleisimm\u00e4t haittavaikutukset voivat sis\u00e4lt\u00e4\u00e4 p\u00e4\u00e4ns\u00e4rky\u00e4, kasvojen punoitusta, nen\u00e4n tukkoisuutta ja huimausta. Vakavammat vaikutukset, kuten n\u00e4\u00f6n muutokset tai pitkittyneet erektiot, ovat harvinaisia, mutta vaativat l\u00e4\u00e4k\u00e4rin hoitoa. Sildenafilia ei tulisi k\u00e4ytt\u00e4\u00e4 nitroa sis\u00e4lt\u00e4vien l\u00e4\u00e4kkeiden tai tiettyjen verenpainel\u00e4\u00e4kkeiden kanssa vakavien verenpaineen laskujen riskin vuoksi.<\/p>\n","protected":false},"excerpt":{"rendered":"<ul>\n<li>Alkaa vaikuttaa 30-60 minuutissa<\/li>\n<li>Vaikutukset kest\u00e4v\u00e4t jopa 4 tuntia<\/li>\n<li>Auttaa tukemaan luonnollisia erektioita<\/li>\n<\/ul>\n","protected":false},"featured_media":1847,"comment_status":"open","ping_status":"closed","template":"","meta":[],"product_brand":[],"product_cat":[96],"product_tag":[],"expert":[16],"class_list":{"0":"post-1828","1":"product","2":"type-product","3":"status-publish","4":"has-post-thumbnail","6":"product_cat-erektiohairioiden-hoidot","7":"expert-dr-c-alexandru","9":"first","10":"instock","11":"shipping-taxable","12":"product-type-variable"},"yoast_head":"<!-- This site is optimized with the Yoast SEO plugin v27.0 - https:\/\/yoast.com\/product\/yoast-seo-wordpress\/ -->\n<title>Sildenafil | Paranna Suorituskyky\u00e4 Huomaamattomasti - Transtoyou<\/title>\n<meta name=\"description\" content=\"Tutustu Sildenafiliin Transtoyou&#039;ssa, luotettavassa l\u00e4hteess\u00e4 laadukkaille terveydenhuollon tuotteille. Osta helposti ja nauti eduista!\" \/>\n<meta name=\"robots\" content=\"noindex, follow, max-snippet:-1, max-image-preview:large, max-video-preview:-1\" \/>\n<meta property=\"og:locale\" content=\"fi_FI\" \/>\n<meta property=\"og:type\" content=\"article\" \/>\n<meta property=\"og:title\" content=\"Sildenafil | Paranna Suorituskyky\u00e4 Huomaamattomasti - Transtoyou\" \/>\n<meta property=\"og:description\" content=\"Tutustu Sildenafiliin Transtoyou&#039;ssa, luotettavassa l\u00e4hteess\u00e4 laadukkaille terveydenhuollon tuotteille. Osta helposti ja nauti eduista!\" \/>\n<meta property=\"og:url\" content=\"https:\/\/www.transtoyou.com\/fi\/product\/sildenafil\/\" \/>\n<meta property=\"og:site_name\" content=\"Transtoyou - FI\" \/>\n<meta property=\"article:modified_time\" content=\"2026-03-05T10:16:24+00:00\" \/>\n<meta name=\"twitter:card\" content=\"summary_large_image\" \/>\n<meta name=\"twitter:label1\" content=\"Arvioitu lukuaika\" \/>\n\t<meta name=\"twitter:data1\" content=\"1 minuutti\" \/>\n<script type=\"application\/ld+json\" class=\"yoast-schema-graph\">{\"@context\":\"https:\/\/schema.org\",\"@graph\":[{\"@type\":\"WebPage\",\"@id\":\"https:\/\/www.transtoyou.com\/fi\/product\/sildenafil\/\",\"url\":\"https:\/\/www.transtoyou.com\/fi\/product\/sildenafil\/\",\"name\":\"Sildenafil | Paranna Suorituskyky\u00e4 Huomaamattomasti - Transtoyou\",\"isPartOf\":{\"@id\":\"https:\/\/www.transtoyou.com\/fi\/#website\"},\"primaryImageOfPage\":{\"@id\":\"https:\/\/www.transtoyou.com\/fi\/product\/sildenafil\/#primaryimage\"},\"image\":{\"@id\":\"https:\/\/www.transtoyou.com\/fi\/product\/sildenafil\/#primaryimage\"},\"thumbnailUrl\":\"https:\/\/www.transtoyou.com\/fi\/wp-content\/uploads\/sites\/16\/2026\/03\/tty-no-product-image-6.webp\",\"datePublished\":\"2026-03-05T10:10:18+00:00\",\"dateModified\":\"2026-03-05T10:16:24+00:00\",\"description\":\"Tutustu Sildenafiliin Transtoyou'ssa, luotettavassa l\u00e4hteess\u00e4 laadukkaille terveydenhuollon tuotteille. Osta helposti ja nauti eduista!\",\"breadcrumb\":{\"@id\":\"https:\/\/www.transtoyou.com\/fi\/product\/sildenafil\/#breadcrumb\"},\"inLanguage\":\"fi\",\"potentialAction\":[{\"@type\":\"ReadAction\",\"target\":[\"https:\/\/www.transtoyou.com\/fi\/product\/sildenafil\/\"]}]},{\"@type\":\"ImageObject\",\"inLanguage\":\"fi\",\"@id\":\"https:\/\/www.transtoyou.com\/fi\/product\/sildenafil\/#primaryimage\",\"url\":\"https:\/\/www.transtoyou.com\/fi\/wp-content\/uploads\/sites\/16\/2026\/03\/tty-no-product-image-6.webp\",\"contentUrl\":\"https:\/\/www.transtoyou.com\/fi\/wp-content\/uploads\/sites\/16\/2026\/03\/tty-no-product-image-6.webp\",\"width\":1000,\"height\":1000,\"caption\":\"Oletusarvoinen tuotekuva\"},{\"@type\":\"WebSite\",\"@id\":\"https:\/\/www.transtoyou.com\/fi\/#website\",\"url\":\"https:\/\/www.transtoyou.com\/fi\/\",\"name\":\"Transtoyou - FI\",\"description\":\"\",\"publisher\":{\"@id\":\"https:\/\/www.transtoyou.com\/fi\/#organization\"},\"potentialAction\":[{\"@type\":\"SearchAction\",\"target\":{\"@type\":\"EntryPoint\",\"urlTemplate\":\"https:\/\/www.transtoyou.com\/fi\/?s={search_term_string}\"},\"query-input\":{\"@type\":\"PropertyValueSpecification\",\"valueRequired\":true,\"valueName\":\"search_term_string\"}}],\"inLanguage\":\"fi\"},{\"@type\":\"Organization\",\"@id\":\"https:\/\/www.transtoyou.com\/fi\/#organization\",\"name\":\"Transtoyou - FI\",\"url\":\"https:\/\/www.transtoyou.com\/fi\/\",\"logo\":{\"@type\":\"ImageObject\",\"inLanguage\":\"fi\",\"@id\":\"https:\/\/www.transtoyou.com\/fi\/#\/schema\/logo\/image\/\",\"url\":\"https:\/\/www.transtoyou.com\/fi\/wp-content\/uploads\/sites\/16\/2026\/01\/logo-tty-menu-bar-300x87-1.webp\",\"contentUrl\":\"https:\/\/www.transtoyou.com\/fi\/wp-content\/uploads\/sites\/16\/2026\/01\/logo-tty-menu-bar-300x87-1.webp\",\"width\":300,\"height\":87,\"caption\":\"Transtoyou - FI\"},\"image\":{\"@id\":\"https:\/\/www.transtoyou.com\/fi\/#\/schema\/logo\/image\/\"}}]}<\/script>\n<!-- \/ Yoast SEO plugin. -->","yoast_head_json":{"title":"Sildenafil | Paranna Suorituskyky\u00e4 Huomaamattomasti - Transtoyou","description":"Tutustu Sildenafiliin Transtoyou'ssa, luotettavassa l\u00e4hteess\u00e4 laadukkaille terveydenhuollon tuotteille. Osta helposti ja nauti eduista!","robots":{"index":"noindex","follow":"follow","max-snippet":"max-snippet:-1","max-image-preview":"max-image-preview:large","max-video-preview":"max-video-preview:-1"},"og_locale":"fi_FI","og_type":"article","og_title":"Sildenafil | Paranna Suorituskyky\u00e4 Huomaamattomasti - Transtoyou","og_description":"Tutustu Sildenafiliin Transtoyou'ssa, luotettavassa l\u00e4hteess\u00e4 laadukkaille terveydenhuollon tuotteille. Osta helposti ja nauti eduista!","og_url":"https:\/\/www.transtoyou.com\/fi\/product\/sildenafil\/","og_site_name":"Transtoyou - FI","article_modified_time":"2026-03-05T10:16:24+00:00","twitter_card":"summary_large_image","twitter_misc":{"Arvioitu lukuaika":"1 minuutti"},"schema":{"@context":"https:\/\/schema.org","@graph":[{"@type":"WebPage","@id":"https:\/\/www.transtoyou.com\/fi\/product\/sildenafil\/","url":"https:\/\/www.transtoyou.com\/fi\/product\/sildenafil\/","name":"Sildenafil | Paranna Suorituskyky\u00e4 Huomaamattomasti - Transtoyou","isPartOf":{"@id":"https:\/\/www.transtoyou.com\/fi\/#website"},"primaryImageOfPage":{"@id":"https:\/\/www.transtoyou.com\/fi\/product\/sildenafil\/#primaryimage"},"image":{"@id":"https:\/\/www.transtoyou.com\/fi\/product\/sildenafil\/#primaryimage"},"thumbnailUrl":"https:\/\/www.transtoyou.com\/fi\/wp-content\/uploads\/sites\/16\/2026\/03\/tty-no-product-image-6.webp","datePublished":"2026-03-05T10:10:18+00:00","dateModified":"2026-03-05T10:16:24+00:00","description":"Tutustu Sildenafiliin Transtoyou'ssa, luotettavassa l\u00e4hteess\u00e4 laadukkaille terveydenhuollon tuotteille. Osta helposti ja nauti eduista!","breadcrumb":{"@id":"https:\/\/www.transtoyou.com\/fi\/product\/sildenafil\/#breadcrumb"},"inLanguage":"fi","potentialAction":[{"@type":"ReadAction","target":["https:\/\/www.transtoyou.com\/fi\/product\/sildenafil\/"]}]},{"@type":"ImageObject","inLanguage":"fi","@id":"https:\/\/www.transtoyou.com\/fi\/product\/sildenafil\/#primaryimage","url":"https:\/\/www.transtoyou.com\/fi\/wp-content\/uploads\/sites\/16\/2026\/03\/tty-no-product-image-6.webp","contentUrl":"https:\/\/www.transtoyou.com\/fi\/wp-content\/uploads\/sites\/16\/2026\/03\/tty-no-product-image-6.webp","width":1000,"height":1000,"caption":"Oletusarvoinen tuotekuva"},{"@type":"WebSite","@id":"https:\/\/www.transtoyou.com\/fi\/#website","url":"https:\/\/www.transtoyou.com\/fi\/","name":"Transtoyou - FI","description":"","publisher":{"@id":"https:\/\/www.transtoyou.com\/fi\/#organization"},"potentialAction":[{"@type":"SearchAction","target":{"@type":"EntryPoint","urlTemplate":"https:\/\/www.transtoyou.com\/fi\/?s={search_term_string}"},"query-input":{"@type":"PropertyValueSpecification","valueRequired":true,"valueName":"search_term_string"}}],"inLanguage":"fi"},{"@type":"Organization","@id":"https:\/\/www.transtoyou.com\/fi\/#organization","name":"Transtoyou - FI","url":"https:\/\/www.transtoyou.com\/fi\/","logo":{"@type":"ImageObject","inLanguage":"fi","@id":"https:\/\/www.transtoyou.com\/fi\/#\/schema\/logo\/image\/","url":"https:\/\/www.transtoyou.com\/fi\/wp-content\/uploads\/sites\/16\/2026\/01\/logo-tty-menu-bar-300x87-1.webp","contentUrl":"https:\/\/www.transtoyou.com\/fi\/wp-content\/uploads\/sites\/16\/2026\/01\/logo-tty-menu-bar-300x87-1.webp","width":300,"height":87,"caption":"Transtoyou - FI"},"image":{"@id":"https:\/\/www.transtoyou.com\/fi\/#\/schema\/logo\/image\/"}}]}},"_links":{"self":[{"href":"https:\/\/www.transtoyou.com\/fi\/wp-json\/wp\/v2\/product\/1828","targetHints":{"allow":["GET"]}}],"collection":[{"href":"https:\/\/www.transtoyou.com\/fi\/wp-json\/wp\/v2\/product"}],"about":[{"href":"https:\/\/www.transtoyou.com\/fi\/wp-json\/wp\/v2\/types\/product"}],"replies":[{"embeddable":true,"href":"https:\/\/www.transtoyou.com\/fi\/wp-json\/wp\/v2\/comments?post=1828"}],"wp:featuredmedia":[{"embeddable":true,"href":"https:\/\/www.transtoyou.com\/fi\/wp-json\/wp\/v2\/media\/1847"}],"wp:attachment":[{"href":"https:\/\/www.transtoyou.com\/fi\/wp-json\/wp\/v2\/media?parent=1828"}],"wp:term":[{"taxonomy":"product_brand","embeddable":true,"href":"https:\/\/www.transtoyou.com\/fi\/wp-json\/wp\/v2\/product_brand?post=1828"},{"taxonomy":"product_cat","embeddable":true,"href":"https:\/\/www.transtoyou.com\/fi\/wp-json\/wp\/v2\/product_cat?post=1828"},{"taxonomy":"product_tag","embeddable":true,"href":"https:\/\/www.transtoyou.com\/fi\/wp-json\/wp\/v2\/product_tag?post=1828"},{"taxonomy":"expert","embeddable":true,"href":"https:\/\/www.transtoyou.com\/fi\/wp-json\/wp\/v2\/expert?post=1828"}],"curies":[{"name":"wp","href":"https:\/\/api.w.org\/{rel}","templated":true}]}}