{"id":455,"date":"2026-01-22T13:45:31","date_gmt":"2026-01-22T13:45:31","guid":{"rendered":"https:\/\/www.transtoyou.com\/fi\/product\/vermox\/"},"modified":"2026-03-07T14:05:02","modified_gmt":"2026-03-07T14:05:02","slug":"vermox","status":"publish","type":"product","link":"https:\/\/www.transtoyou.com\/fi\/product\/vermox\/","title":{"rendered":"Vermox"},"content":{"rendered":"<p>Vermox on laajasti k\u00e4ytetty hoito suoliston matoinfektioihin, erityisesti tehokas pinwormeja, py\u00f6reit\u00e4 matoja, koukkumatoja ja suolinkaisia vastaan. Se sis\u00e4lt\u00e4\u00e4 vaikuttavaa ainetta mebendatsolia, joka h\u00e4iritsee matojen kyky\u00e4 ime\u00e4 glukoosia, joka on niiden p\u00e4\u00e4asiallinen energianl\u00e4hde. T\u00e4m\u00e4n seurauksena loiset menett\u00e4v\u00e4t energiaa, kuolevat ja poistuvat luonnollisesti kehosta ruoansulatusj\u00e4rjestelm\u00e4n kautta.<\/p>\n<p>Matoinfektiot voivat aiheuttaa oireita, kuten per\u00e4aukon kutinaa, levottomuutta, vatsakramppeja ja ravitsemuksellisia puutteita. Vermox tarjoaa suoraviivaisen ja tehokkaan tavan lievitt\u00e4\u00e4 n\u00e4it\u00e4 oireita ja eliminoida infektion. Se annetaan yleens\u00e4 kertahoitona, ja joissakin tapauksissa suositellaan toista annosta kahden viikon kuluttua uudelleeninfektoitumisen est\u00e4miseksi.<\/p>\n<p>T\u00e4m\u00e4 l\u00e4\u00e4kitys on yleens\u00e4 hyvin siedetty, ja haittavaikutukset ovat harvinaisia ja yleens\u00e4 lievi\u00e4. Kun niit\u00e4 esiintyy, ne voivat sis\u00e4lt\u00e4\u00e4 tilap\u00e4ist\u00e4 ruoansulatuskanavan ep\u00e4mukavuutta. Vermox pysyy ruoansulatuskanavassa ja imeytyy vain v\u00e4h\u00e4isesti verenkiertoon, mik\u00e4 v\u00e4hent\u00e4\u00e4 systeemisten haittavaikutusten riski\u00e4.<\/p>\n<p>Matoinfektioiden levi\u00e4misen est\u00e4miseksi suositellaan hygieniatoimenpiteit\u00e4, kuten s\u00e4\u00e4nn\u00f6llist\u00e4 k\u00e4sienpesua, lyhyit\u00e4 kynsi\u00e4 ja vuodevaatteiden sek\u00e4 vaatteiden usein pesemist\u00e4. Kaikkien kotitalouden j\u00e4senten hoitaminen samanaikaisesti voi auttaa est\u00e4m\u00e4\u00e4n infektion uusiutumista.<\/p>\n","protected":false},"excerpt":{"rendered":"<ul>\n<li>Tehokas useita matotyyppisi\u00e4 vastaan<\/li>\n<li>Yksi tai kaksi annosta hoitoa<\/li>\n<li>Perheyst\u00e4v\u00e4lliset vaihtoehdot<\/li>\n<\/ul>\n","protected":false},"featured_media":457,"comment_status":"open","ping_status":"closed","template":"","meta":[],"product_brand":[],"product_cat":[161],"product_tag":[],"expert":[],"class_list":{"0":"post-455","1":"product","2":"type-product","3":"status-publish","4":"has-post-thumbnail","6":"product_cat-muurahaiset","8":"first","9":"instock","10":"shipping-taxable","11":"product-type-variable"},"yoast_head":"<!-- This site is optimized with the Yoast SEO plugin v27.0 - https:\/\/yoast.com\/product\/yoast-seo-wordpress\/ -->\n<title>Vermox | Tehokas loisl\u00e4\u00e4kitys - Transtoyou<\/title>\n<meta name=\"description\" content=\"Vermox saatavilla Transtoyou&#039;ssa, luotettavassa terveysalustassa. Osta nyt tehokasta hoitoa loistartunnalle. K\u00e4tev\u00e4 ja luotettava p\u00e4\u00e4sy.\" \/>\n<meta name=\"robots\" content=\"noindex, follow, max-snippet:-1, max-image-preview:large, max-video-preview:-1\" \/>\n<meta property=\"og:locale\" content=\"fi_FI\" \/>\n<meta property=\"og:type\" content=\"article\" \/>\n<meta property=\"og:title\" content=\"Vermox | Tehokas loisl\u00e4\u00e4kitys - Transtoyou\" \/>\n<meta property=\"og:description\" content=\"Vermox saatavilla Transtoyou&#039;ssa, luotettavassa terveysalustassa. Osta nyt tehokasta hoitoa loistartunnalle. K\u00e4tev\u00e4 ja luotettava p\u00e4\u00e4sy.\" \/>\n<meta property=\"og:url\" content=\"https:\/\/www.transtoyou.com\/fi\/product\/vermox\/\" \/>\n<meta property=\"og:site_name\" content=\"Transtoyou - FI\" \/>\n<meta property=\"article:modified_time\" content=\"2026-03-07T14:05:02+00:00\" \/>\n<meta name=\"twitter:card\" content=\"summary_large_image\" \/>\n<meta name=\"twitter:label1\" content=\"Arvioitu lukuaika\" \/>\n\t<meta name=\"twitter:data1\" content=\"1 minuutti\" \/>\n<script type=\"application\/ld+json\" class=\"yoast-schema-graph\">{\"@context\":\"https:\/\/schema.org\",\"@graph\":[{\"@type\":\"WebPage\",\"@id\":\"https:\/\/www.transtoyou.com\/fi\/product\/vermox\/\",\"url\":\"https:\/\/www.transtoyou.com\/fi\/product\/vermox\/\",\"name\":\"Vermox | Tehokas loisl\u00e4\u00e4kitys - Transtoyou\",\"isPartOf\":{\"@id\":\"https:\/\/www.transtoyou.com\/fi\/#website\"},\"primaryImageOfPage\":{\"@id\":\"https:\/\/www.transtoyou.com\/fi\/product\/vermox\/#primaryimage\"},\"image\":{\"@id\":\"https:\/\/www.transtoyou.com\/fi\/product\/vermox\/#primaryimage\"},\"thumbnailUrl\":\"https:\/\/www.transtoyou.com\/fi\/wp-content\/uploads\/sites\/16\/2026\/01\/tty-no-product-image-5.webp\",\"datePublished\":\"2026-01-22T13:45:31+00:00\",\"dateModified\":\"2026-03-07T14:05:02+00:00\",\"description\":\"Vermox saatavilla Transtoyou'ssa, luotettavassa terveysalustassa. Osta nyt tehokasta hoitoa loistartunnalle. K\u00e4tev\u00e4 ja luotettava p\u00e4\u00e4sy.\",\"breadcrumb\":{\"@id\":\"https:\/\/www.transtoyou.com\/fi\/product\/vermox\/#breadcrumb\"},\"inLanguage\":\"fi\",\"potentialAction\":[{\"@type\":\"ReadAction\",\"target\":[\"https:\/\/www.transtoyou.com\/fi\/product\/vermox\/\"]}]},{\"@type\":\"ImageObject\",\"inLanguage\":\"fi\",\"@id\":\"https:\/\/www.transtoyou.com\/fi\/product\/vermox\/#primaryimage\",\"url\":\"https:\/\/www.transtoyou.com\/fi\/wp-content\/uploads\/sites\/16\/2026\/01\/tty-no-product-image-5.webp\",\"contentUrl\":\"https:\/\/www.transtoyou.com\/fi\/wp-content\/uploads\/sites\/16\/2026\/01\/tty-no-product-image-5.webp\",\"width\":1000,\"height\":1000,\"caption\":\"Oletusarvoinen tuotekuva\"},{\"@type\":\"WebSite\",\"@id\":\"https:\/\/www.transtoyou.com\/fi\/#website\",\"url\":\"https:\/\/www.transtoyou.com\/fi\/\",\"name\":\"Transtoyou - FI\",\"description\":\"\",\"publisher\":{\"@id\":\"https:\/\/www.transtoyou.com\/fi\/#organization\"},\"potentialAction\":[{\"@type\":\"SearchAction\",\"target\":{\"@type\":\"EntryPoint\",\"urlTemplate\":\"https:\/\/www.transtoyou.com\/fi\/?s={search_term_string}\"},\"query-input\":{\"@type\":\"PropertyValueSpecification\",\"valueRequired\":true,\"valueName\":\"search_term_string\"}}],\"inLanguage\":\"fi\"},{\"@type\":\"Organization\",\"@id\":\"https:\/\/www.transtoyou.com\/fi\/#organization\",\"name\":\"Transtoyou - FI\",\"url\":\"https:\/\/www.transtoyou.com\/fi\/\",\"logo\":{\"@type\":\"ImageObject\",\"inLanguage\":\"fi\",\"@id\":\"https:\/\/www.transtoyou.com\/fi\/#\/schema\/logo\/image\/\",\"url\":\"https:\/\/www.transtoyou.com\/fi\/wp-content\/uploads\/sites\/16\/2026\/01\/logo-tty-menu-bar-300x87-1.webp\",\"contentUrl\":\"https:\/\/www.transtoyou.com\/fi\/wp-content\/uploads\/sites\/16\/2026\/01\/logo-tty-menu-bar-300x87-1.webp\",\"width\":300,\"height\":87,\"caption\":\"Transtoyou - FI\"},\"image\":{\"@id\":\"https:\/\/www.transtoyou.com\/fi\/#\/schema\/logo\/image\/\"}}]}<\/script>\n<!-- \/ Yoast SEO plugin. -->","yoast_head_json":{"title":"Vermox | Tehokas loisl\u00e4\u00e4kitys - Transtoyou","description":"Vermox saatavilla Transtoyou'ssa, luotettavassa terveysalustassa. Osta nyt tehokasta hoitoa loistartunnalle. K\u00e4tev\u00e4 ja luotettava p\u00e4\u00e4sy.","robots":{"index":"noindex","follow":"follow","max-snippet":"max-snippet:-1","max-image-preview":"max-image-preview:large","max-video-preview":"max-video-preview:-1"},"og_locale":"fi_FI","og_type":"article","og_title":"Vermox | Tehokas loisl\u00e4\u00e4kitys - Transtoyou","og_description":"Vermox saatavilla Transtoyou'ssa, luotettavassa terveysalustassa. Osta nyt tehokasta hoitoa loistartunnalle. K\u00e4tev\u00e4 ja luotettava p\u00e4\u00e4sy.","og_url":"https:\/\/www.transtoyou.com\/fi\/product\/vermox\/","og_site_name":"Transtoyou - FI","article_modified_time":"2026-03-07T14:05:02+00:00","twitter_card":"summary_large_image","twitter_misc":{"Arvioitu lukuaika":"1 minuutti"},"schema":{"@context":"https:\/\/schema.org","@graph":[{"@type":"WebPage","@id":"https:\/\/www.transtoyou.com\/fi\/product\/vermox\/","url":"https:\/\/www.transtoyou.com\/fi\/product\/vermox\/","name":"Vermox | Tehokas loisl\u00e4\u00e4kitys - Transtoyou","isPartOf":{"@id":"https:\/\/www.transtoyou.com\/fi\/#website"},"primaryImageOfPage":{"@id":"https:\/\/www.transtoyou.com\/fi\/product\/vermox\/#primaryimage"},"image":{"@id":"https:\/\/www.transtoyou.com\/fi\/product\/vermox\/#primaryimage"},"thumbnailUrl":"https:\/\/www.transtoyou.com\/fi\/wp-content\/uploads\/sites\/16\/2026\/01\/tty-no-product-image-5.webp","datePublished":"2026-01-22T13:45:31+00:00","dateModified":"2026-03-07T14:05:02+00:00","description":"Vermox saatavilla Transtoyou'ssa, luotettavassa terveysalustassa. Osta nyt tehokasta hoitoa loistartunnalle. K\u00e4tev\u00e4 ja luotettava p\u00e4\u00e4sy.","breadcrumb":{"@id":"https:\/\/www.transtoyou.com\/fi\/product\/vermox\/#breadcrumb"},"inLanguage":"fi","potentialAction":[{"@type":"ReadAction","target":["https:\/\/www.transtoyou.com\/fi\/product\/vermox\/"]}]},{"@type":"ImageObject","inLanguage":"fi","@id":"https:\/\/www.transtoyou.com\/fi\/product\/vermox\/#primaryimage","url":"https:\/\/www.transtoyou.com\/fi\/wp-content\/uploads\/sites\/16\/2026\/01\/tty-no-product-image-5.webp","contentUrl":"https:\/\/www.transtoyou.com\/fi\/wp-content\/uploads\/sites\/16\/2026\/01\/tty-no-product-image-5.webp","width":1000,"height":1000,"caption":"Oletusarvoinen tuotekuva"},{"@type":"WebSite","@id":"https:\/\/www.transtoyou.com\/fi\/#website","url":"https:\/\/www.transtoyou.com\/fi\/","name":"Transtoyou - FI","description":"","publisher":{"@id":"https:\/\/www.transtoyou.com\/fi\/#organization"},"potentialAction":[{"@type":"SearchAction","target":{"@type":"EntryPoint","urlTemplate":"https:\/\/www.transtoyou.com\/fi\/?s={search_term_string}"},"query-input":{"@type":"PropertyValueSpecification","valueRequired":true,"valueName":"search_term_string"}}],"inLanguage":"fi"},{"@type":"Organization","@id":"https:\/\/www.transtoyou.com\/fi\/#organization","name":"Transtoyou - FI","url":"https:\/\/www.transtoyou.com\/fi\/","logo":{"@type":"ImageObject","inLanguage":"fi","@id":"https:\/\/www.transtoyou.com\/fi\/#\/schema\/logo\/image\/","url":"https:\/\/www.transtoyou.com\/fi\/wp-content\/uploads\/sites\/16\/2026\/01\/logo-tty-menu-bar-300x87-1.webp","contentUrl":"https:\/\/www.transtoyou.com\/fi\/wp-content\/uploads\/sites\/16\/2026\/01\/logo-tty-menu-bar-300x87-1.webp","width":300,"height":87,"caption":"Transtoyou - FI"},"image":{"@id":"https:\/\/www.transtoyou.com\/fi\/#\/schema\/logo\/image\/"}}]}},"_links":{"self":[{"href":"https:\/\/www.transtoyou.com\/fi\/wp-json\/wp\/v2\/product\/455","targetHints":{"allow":["GET"]}}],"collection":[{"href":"https:\/\/www.transtoyou.com\/fi\/wp-json\/wp\/v2\/product"}],"about":[{"href":"https:\/\/www.transtoyou.com\/fi\/wp-json\/wp\/v2\/types\/product"}],"replies":[{"embeddable":true,"href":"https:\/\/www.transtoyou.com\/fi\/wp-json\/wp\/v2\/comments?post=455"}],"wp:featuredmedia":[{"embeddable":true,"href":"https:\/\/www.transtoyou.com\/fi\/wp-json\/wp\/v2\/media\/457"}],"wp:attachment":[{"href":"https:\/\/www.transtoyou.com\/fi\/wp-json\/wp\/v2\/media?parent=455"}],"wp:term":[{"taxonomy":"product_brand","embeddable":true,"href":"https:\/\/www.transtoyou.com\/fi\/wp-json\/wp\/v2\/product_brand?post=455"},{"taxonomy":"product_cat","embeddable":true,"href":"https:\/\/www.transtoyou.com\/fi\/wp-json\/wp\/v2\/product_cat?post=455"},{"taxonomy":"product_tag","embeddable":true,"href":"https:\/\/www.transtoyou.com\/fi\/wp-json\/wp\/v2\/product_tag?post=455"},{"taxonomy":"expert","embeddable":true,"href":"https:\/\/www.transtoyou.com\/fi\/wp-json\/wp\/v2\/expert?post=455"}],"curies":[{"name":"wp","href":"https:\/\/api.w.org\/{rel}","templated":true}]}}