{"id":458,"date":"2026-01-22T14:01:01","date_gmt":"2026-01-22T14:01:01","guid":{"rendered":"https:\/\/www.transtoyou.com\/fi\/product\/molevac\/"},"modified":"2026-02-28T10:31:24","modified_gmt":"2026-02-28T10:31:24","slug":"molevac","status":"publish","type":"product","link":"https:\/\/www.transtoyou.com\/fi\/product\/molevac\/","title":{"rendered":"Molevac"},"content":{"rendered":"<p>Molevac on l\u00e4\u00e4kitys, jota k\u00e4ytet\u00e4\u00e4n suolistomatojen, erityisesti pinwormien, aiheuttamien infektioiden hoitoon. Pinwormi-infektiot ovat yleisi\u00e4, erityisesti lapsilla, ja ne voivat aiheuttaa oireita, kuten kutinaa (levottomuutta) per\u00e4aukon ymp\u00e4rill\u00e4, levottomuutta ja liev\u00e4\u00e4 vatsakipua. Molevac sis\u00e4lt\u00e4\u00e4 vaikuttavana aineena pyrviniumembonaattia, joka toimii halvaannuttamalla matoja, jotta ne voidaan poistaa luonnollisesti ulostamisen kautta.<\/p>\n<p>T\u00e4t\u00e4 hoitoa annetaan yleens\u00e4 kertaluonteisena suun kautta otettavana annoksena, ja toistuva annos suositellaan kahden viikon kuluttua uudelleeninfektoitumisen est\u00e4miseksi. Koska pinwormit levi\u00e4v\u00e4t helposti kosketuksen ja saastuneiden pintojen kautta, on suositeltavaa hoitaa kaikki kotitalouden j\u00e4senet samanaikaisesti uudelleeninfektoitumisen est\u00e4miseksi.<\/p>\n<p>Molevac on hyvin siedetty, ja sivuvaikutuksia esiintyy hyvin harvoin. Jotkut ihmiset saattavat huomata lievi\u00e4 ruoansulatuskanavan oireita, kuten pahoinvointia tai kramppeja, mutta n\u00e4m\u00e4 ovat yleens\u00e4 lyhytaikaisia. Hyv\u00e4 hygienia on olennaista hoidon aikana ja sen j\u00e4lkeen matojen edelleen levi\u00e4misen v\u00e4ltt\u00e4miseksi. T\u00e4m\u00e4 sis\u00e4lt\u00e4\u00e4 s\u00e4\u00e4nn\u00f6llisen k\u00e4sien pesun, vuodevaatteiden ja vaatteiden puhdistamisen sek\u00e4 kynsien lyhent\u00e4misen.<\/p>\n","protected":false},"excerpt":{"rendered":"<ul>\n<li>Yhden annoksen hoito<\/li>\n<li>Kohdistuu pinwormeihin<\/li>\n<li>Sopii monille ihmisille<\/li>\n<\/ul>\n","protected":false},"featured_media":459,"comment_status":"open","ping_status":"closed","template":"","meta":[],"product_brand":[],"product_cat":[161],"product_tag":[],"expert":[21],"class_list":{"0":"post-458","1":"product","2":"type-product","3":"status-publish","4":"has-post-thumbnail","6":"product_cat-muurahaiset","7":"expert-dr-m-sharoyko","9":"first","10":"outofstock","11":"shipping-taxable","12":"product-type-simple"},"yoast_head":"<!-- This site is optimized with the Yoast SEO plugin v27.0 - https:\/\/yoast.com\/product\/yoast-seo-wordpress\/ -->\n<title>Molevac | Tehokas loisl\u00e4\u00e4kitys - Transtoyou<\/title>\n<meta name=\"description\" content=\"L\u00f6yd\u00e4 Molevac tehokkaaseen loisten poistoon Transtoyousta. Tue suoliston terveytt\u00e4 todistetulla kaavallamme. Hanki omasi t\u00e4n\u00e4\u00e4n!\" \/>\n<meta name=\"robots\" content=\"noindex, follow, max-snippet:-1, max-image-preview:large, max-video-preview:-1\" \/>\n<meta property=\"og:locale\" content=\"fi_FI\" \/>\n<meta property=\"og:type\" content=\"article\" \/>\n<meta property=\"og:title\" content=\"Molevac | Tehokas loisl\u00e4\u00e4kitys - Transtoyou\" \/>\n<meta property=\"og:description\" content=\"L\u00f6yd\u00e4 Molevac tehokkaaseen loisten poistoon Transtoyousta. Tue suoliston terveytt\u00e4 todistetulla kaavallamme. Hanki omasi t\u00e4n\u00e4\u00e4n!\" \/>\n<meta property=\"og:url\" content=\"https:\/\/www.transtoyou.com\/fi\/product\/molevac\/\" \/>\n<meta property=\"og:site_name\" content=\"Transtoyou - FI\" \/>\n<meta property=\"article:modified_time\" content=\"2026-02-28T10:31:24+00:00\" \/>\n<meta name=\"twitter:card\" content=\"summary_large_image\" \/>\n<meta name=\"twitter:label1\" content=\"Arvioitu lukuaika\" \/>\n\t<meta name=\"twitter:data1\" content=\"1 minuutti\" \/>\n<script type=\"application\/ld+json\" class=\"yoast-schema-graph\">{\"@context\":\"https:\/\/schema.org\",\"@graph\":[{\"@type\":\"WebPage\",\"@id\":\"https:\/\/www.transtoyou.com\/fi\/product\/molevac\/\",\"url\":\"https:\/\/www.transtoyou.com\/fi\/product\/molevac\/\",\"name\":\"Molevac | Tehokas loisl\u00e4\u00e4kitys - Transtoyou\",\"isPartOf\":{\"@id\":\"https:\/\/www.transtoyou.com\/fi\/#website\"},\"primaryImageOfPage\":{\"@id\":\"https:\/\/www.transtoyou.com\/fi\/product\/molevac\/#primaryimage\"},\"image\":{\"@id\":\"https:\/\/www.transtoyou.com\/fi\/product\/molevac\/#primaryimage\"},\"thumbnailUrl\":\"https:\/\/www.transtoyou.com\/fi\/wp-content\/uploads\/sites\/16\/2026\/01\/tty-no-product-image-6.webp\",\"datePublished\":\"2026-01-22T14:01:01+00:00\",\"dateModified\":\"2026-02-28T10:31:24+00:00\",\"description\":\"L\u00f6yd\u00e4 Molevac tehokkaaseen loisten poistoon Transtoyousta. Tue suoliston terveytt\u00e4 todistetulla kaavallamme. Hanki omasi t\u00e4n\u00e4\u00e4n!\",\"breadcrumb\":{\"@id\":\"https:\/\/www.transtoyou.com\/fi\/product\/molevac\/#breadcrumb\"},\"inLanguage\":\"fi\",\"potentialAction\":[{\"@type\":\"ReadAction\",\"target\":[\"https:\/\/www.transtoyou.com\/fi\/product\/molevac\/\"]}]},{\"@type\":\"ImageObject\",\"inLanguage\":\"fi\",\"@id\":\"https:\/\/www.transtoyou.com\/fi\/product\/molevac\/#primaryimage\",\"url\":\"https:\/\/www.transtoyou.com\/fi\/wp-content\/uploads\/sites\/16\/2026\/01\/tty-no-product-image-6.webp\",\"contentUrl\":\"https:\/\/www.transtoyou.com\/fi\/wp-content\/uploads\/sites\/16\/2026\/01\/tty-no-product-image-6.webp\",\"width\":1000,\"height\":1000,\"caption\":\"Oletusarvoinen tuotekuva\"},{\"@type\":\"WebSite\",\"@id\":\"https:\/\/www.transtoyou.com\/fi\/#website\",\"url\":\"https:\/\/www.transtoyou.com\/fi\/\",\"name\":\"Transtoyou - FI\",\"description\":\"\",\"publisher\":{\"@id\":\"https:\/\/www.transtoyou.com\/fi\/#organization\"},\"potentialAction\":[{\"@type\":\"SearchAction\",\"target\":{\"@type\":\"EntryPoint\",\"urlTemplate\":\"https:\/\/www.transtoyou.com\/fi\/?s={search_term_string}\"},\"query-input\":{\"@type\":\"PropertyValueSpecification\",\"valueRequired\":true,\"valueName\":\"search_term_string\"}}],\"inLanguage\":\"fi\"},{\"@type\":\"Organization\",\"@id\":\"https:\/\/www.transtoyou.com\/fi\/#organization\",\"name\":\"Transtoyou - FI\",\"url\":\"https:\/\/www.transtoyou.com\/fi\/\",\"logo\":{\"@type\":\"ImageObject\",\"inLanguage\":\"fi\",\"@id\":\"https:\/\/www.transtoyou.com\/fi\/#\/schema\/logo\/image\/\",\"url\":\"https:\/\/www.transtoyou.com\/fi\/wp-content\/uploads\/sites\/16\/2026\/01\/logo-tty-menu-bar-300x87-1.webp\",\"contentUrl\":\"https:\/\/www.transtoyou.com\/fi\/wp-content\/uploads\/sites\/16\/2026\/01\/logo-tty-menu-bar-300x87-1.webp\",\"width\":300,\"height\":87,\"caption\":\"Transtoyou - FI\"},\"image\":{\"@id\":\"https:\/\/www.transtoyou.com\/fi\/#\/schema\/logo\/image\/\"}}]}<\/script>\n<!-- \/ Yoast SEO plugin. -->","yoast_head_json":{"title":"Molevac | Tehokas loisl\u00e4\u00e4kitys - Transtoyou","description":"L\u00f6yd\u00e4 Molevac tehokkaaseen loisten poistoon Transtoyousta. Tue suoliston terveytt\u00e4 todistetulla kaavallamme. Hanki omasi t\u00e4n\u00e4\u00e4n!","robots":{"index":"noindex","follow":"follow","max-snippet":"max-snippet:-1","max-image-preview":"max-image-preview:large","max-video-preview":"max-video-preview:-1"},"og_locale":"fi_FI","og_type":"article","og_title":"Molevac | Tehokas loisl\u00e4\u00e4kitys - Transtoyou","og_description":"L\u00f6yd\u00e4 Molevac tehokkaaseen loisten poistoon Transtoyousta. Tue suoliston terveytt\u00e4 todistetulla kaavallamme. Hanki omasi t\u00e4n\u00e4\u00e4n!","og_url":"https:\/\/www.transtoyou.com\/fi\/product\/molevac\/","og_site_name":"Transtoyou - FI","article_modified_time":"2026-02-28T10:31:24+00:00","twitter_card":"summary_large_image","twitter_misc":{"Arvioitu lukuaika":"1 minuutti"},"schema":{"@context":"https:\/\/schema.org","@graph":[{"@type":"WebPage","@id":"https:\/\/www.transtoyou.com\/fi\/product\/molevac\/","url":"https:\/\/www.transtoyou.com\/fi\/product\/molevac\/","name":"Molevac | Tehokas loisl\u00e4\u00e4kitys - Transtoyou","isPartOf":{"@id":"https:\/\/www.transtoyou.com\/fi\/#website"},"primaryImageOfPage":{"@id":"https:\/\/www.transtoyou.com\/fi\/product\/molevac\/#primaryimage"},"image":{"@id":"https:\/\/www.transtoyou.com\/fi\/product\/molevac\/#primaryimage"},"thumbnailUrl":"https:\/\/www.transtoyou.com\/fi\/wp-content\/uploads\/sites\/16\/2026\/01\/tty-no-product-image-6.webp","datePublished":"2026-01-22T14:01:01+00:00","dateModified":"2026-02-28T10:31:24+00:00","description":"L\u00f6yd\u00e4 Molevac tehokkaaseen loisten poistoon Transtoyousta. Tue suoliston terveytt\u00e4 todistetulla kaavallamme. Hanki omasi t\u00e4n\u00e4\u00e4n!","breadcrumb":{"@id":"https:\/\/www.transtoyou.com\/fi\/product\/molevac\/#breadcrumb"},"inLanguage":"fi","potentialAction":[{"@type":"ReadAction","target":["https:\/\/www.transtoyou.com\/fi\/product\/molevac\/"]}]},{"@type":"ImageObject","inLanguage":"fi","@id":"https:\/\/www.transtoyou.com\/fi\/product\/molevac\/#primaryimage","url":"https:\/\/www.transtoyou.com\/fi\/wp-content\/uploads\/sites\/16\/2026\/01\/tty-no-product-image-6.webp","contentUrl":"https:\/\/www.transtoyou.com\/fi\/wp-content\/uploads\/sites\/16\/2026\/01\/tty-no-product-image-6.webp","width":1000,"height":1000,"caption":"Oletusarvoinen tuotekuva"},{"@type":"WebSite","@id":"https:\/\/www.transtoyou.com\/fi\/#website","url":"https:\/\/www.transtoyou.com\/fi\/","name":"Transtoyou - FI","description":"","publisher":{"@id":"https:\/\/www.transtoyou.com\/fi\/#organization"},"potentialAction":[{"@type":"SearchAction","target":{"@type":"EntryPoint","urlTemplate":"https:\/\/www.transtoyou.com\/fi\/?s={search_term_string}"},"query-input":{"@type":"PropertyValueSpecification","valueRequired":true,"valueName":"search_term_string"}}],"inLanguage":"fi"},{"@type":"Organization","@id":"https:\/\/www.transtoyou.com\/fi\/#organization","name":"Transtoyou - FI","url":"https:\/\/www.transtoyou.com\/fi\/","logo":{"@type":"ImageObject","inLanguage":"fi","@id":"https:\/\/www.transtoyou.com\/fi\/#\/schema\/logo\/image\/","url":"https:\/\/www.transtoyou.com\/fi\/wp-content\/uploads\/sites\/16\/2026\/01\/logo-tty-menu-bar-300x87-1.webp","contentUrl":"https:\/\/www.transtoyou.com\/fi\/wp-content\/uploads\/sites\/16\/2026\/01\/logo-tty-menu-bar-300x87-1.webp","width":300,"height":87,"caption":"Transtoyou - FI"},"image":{"@id":"https:\/\/www.transtoyou.com\/fi\/#\/schema\/logo\/image\/"}}]}},"_links":{"self":[{"href":"https:\/\/www.transtoyou.com\/fi\/wp-json\/wp\/v2\/product\/458","targetHints":{"allow":["GET"]}}],"collection":[{"href":"https:\/\/www.transtoyou.com\/fi\/wp-json\/wp\/v2\/product"}],"about":[{"href":"https:\/\/www.transtoyou.com\/fi\/wp-json\/wp\/v2\/types\/product"}],"replies":[{"embeddable":true,"href":"https:\/\/www.transtoyou.com\/fi\/wp-json\/wp\/v2\/comments?post=458"}],"wp:featuredmedia":[{"embeddable":true,"href":"https:\/\/www.transtoyou.com\/fi\/wp-json\/wp\/v2\/media\/459"}],"wp:attachment":[{"href":"https:\/\/www.transtoyou.com\/fi\/wp-json\/wp\/v2\/media?parent=458"}],"wp:term":[{"taxonomy":"product_brand","embeddable":true,"href":"https:\/\/www.transtoyou.com\/fi\/wp-json\/wp\/v2\/product_brand?post=458"},{"taxonomy":"product_cat","embeddable":true,"href":"https:\/\/www.transtoyou.com\/fi\/wp-json\/wp\/v2\/product_cat?post=458"},{"taxonomy":"product_tag","embeddable":true,"href":"https:\/\/www.transtoyou.com\/fi\/wp-json\/wp\/v2\/product_tag?post=458"},{"taxonomy":"expert","embeddable":true,"href":"https:\/\/www.transtoyou.com\/fi\/wp-json\/wp\/v2\/expert?post=458"}],"curies":[{"name":"wp","href":"https:\/\/api.w.org\/{rel}","templated":true}]}}