{"id":463,"date":"2026-01-22T14:36:09","date_gmt":"2026-01-22T14:36:09","guid":{"rendered":"https:\/\/www.transtoyou.com\/fi\/product\/wegovy\/"},"modified":"2026-03-08T10:45:48","modified_gmt":"2026-03-08T10:45:48","slug":"wegovy","status":"publish","type":"product","link":"https:\/\/www.transtoyou.com\/fi\/product\/wegovy\/","title":{"rendered":"Wegovy"},"content":{"rendered":"<p>Wegovy on l\u00e4\u00e4k\u00e4rin m\u00e4\u00e4r\u00e4\u00e4m\u00e4 l\u00e4\u00e4kitys, joka on suunniteltu tukemaan pitk\u00e4aikaista painonhallintaa ylipainoisilla tai lihavilla aikuisilla. Se sis\u00e4lt\u00e4\u00e4 semaglutidia, yhdistett\u00e4, joka j\u00e4ljittelee kehossa luonnollisesti esiintyv\u00e4\u00e4 hormonia nimelt\u00e4 GLP-1, joka n\u00e4yttelee keskeist\u00e4 roolia ruokahalun ja ruokailun s\u00e4\u00e4telyss\u00e4. Kohdistamalla tiettyihin reseptoreihin aivoissa, Wegovy auttaa v\u00e4hent\u00e4m\u00e4\u00e4n n\u00e4lk\u00e4\u00e4, lis\u00e4\u00e4m\u00e4\u00e4n kyll\u00e4isyyden tunnetta ja rajoittamaan kokonaiskalorien saantia.<\/p>\n<p>Wegovy annostellaan kerran viikossa ihon alle esit\u00e4ytetyll\u00e4 kyn\u00e4ll\u00e4. Sit\u00e4 on tarkoitus k\u00e4ytt\u00e4\u00e4 yhdess\u00e4 v\u00e4h\u00e4kalorisen ruokavalion ja lis\u00e4\u00e4ntyneen liikunnan kanssa. Wegovya k\u00e4ytt\u00e4v\u00e4t ihmiset kokevat yleens\u00e4 asteittaista ja pysyv\u00e4\u00e4 painonlaskua ajan my\u00f6t\u00e4. T\u00e4m\u00e4 ei ainoastaan tue fyysisen terveyden parantamista, vaan my\u00f6s v\u00e4hent\u00e4\u00e4 painoon liittyvien sairauksien, kuten tyypin 2 diabeteksen, korkean verenpaineen ja syd\u00e4n- ja verisuonitautien riski\u00e4.<\/p>\n<p>L\u00e4\u00e4kitys aloitetaan alhaisella annoksella ja sit\u00e4 nostetaan v\u00e4hitellen usean viikon aikana t\u00e4yteen yll\u00e4pitoannokseen. T\u00e4m\u00e4 l\u00e4hestymistapa auttaa kehoa sopeutumaan ja v\u00e4hent\u00e4\u00e4 sivuvaikutusten, kuten pahoinvoinnin, oksentamisen tai ruoansulatusvaivojen, riski\u00e4. Wegovy ei toimi stimulanttiina tai vaikuta aineenvaihduntaan suoraan, vaan edist\u00e4\u00e4 terveellisempi\u00e4 ruokailutottumuksia s\u00e4\u00e4telem\u00e4ll\u00e4 ruokahalusignaaleja.<\/p>\n","protected":false},"excerpt":{"rendered":"<ul>\n<li>Viikoittainen injektio<\/li>\n<li>V\u00e4hent\u00e4\u00e4 ruokahalua<\/li>\n<li>Pitk\u00e4aikainen painonhallinta<\/li>\n<\/ul>\n","protected":false},"featured_media":465,"comment_status":"open","ping_status":"closed","template":"","meta":[],"product_brand":[],"product_cat":[158],"product_tag":[],"expert":[16],"class_list":{"0":"post-463","1":"product","2":"type-product","3":"status-publish","4":"has-post-thumbnail","6":"product_cat-painonpudotus","7":"expert-dr-c-alexandru","9":"first","10":"instock","11":"shipping-taxable","12":"product-type-variable"},"yoast_head":"<!-- This site is optimized with the Yoast SEO plugin v27.0 - https:\/\/yoast.com\/product\/yoast-seo-wordpress\/ -->\n<title>Wegovy | Tehokas Painonhallintaratkaisu - Transtoyou<\/title>\n<meta name=\"description\" content=\"L\u00f6yd\u00e4 Wegovy tehokkaaseen painonhallintaan Transtoyou:sta. Osta kliinisesti hyv\u00e4ksyttyj\u00e4 l\u00e4\u00e4kkeit\u00e4 terveysmatkallesi nyt.\" \/>\n<meta name=\"robots\" content=\"noindex, follow, max-snippet:-1, max-image-preview:large, max-video-preview:-1\" \/>\n<meta property=\"og:locale\" content=\"fi_FI\" \/>\n<meta property=\"og:type\" content=\"article\" \/>\n<meta property=\"og:title\" content=\"Wegovy | Tehokas Painonhallintaratkaisu - Transtoyou\" \/>\n<meta property=\"og:description\" content=\"L\u00f6yd\u00e4 Wegovy tehokkaaseen painonhallintaan Transtoyou:sta. Osta kliinisesti hyv\u00e4ksyttyj\u00e4 l\u00e4\u00e4kkeit\u00e4 terveysmatkallesi nyt.\" \/>\n<meta property=\"og:url\" content=\"https:\/\/www.transtoyou.com\/fi\/product\/wegovy\/\" \/>\n<meta property=\"og:site_name\" content=\"Transtoyou - FI\" \/>\n<meta property=\"article:modified_time\" content=\"2026-03-08T10:45:48+00:00\" \/>\n<meta name=\"twitter:card\" content=\"summary_large_image\" \/>\n<meta name=\"twitter:label1\" content=\"Arvioitu lukuaika\" \/>\n\t<meta name=\"twitter:data1\" content=\"1 minuutti\" \/>\n<script type=\"application\/ld+json\" class=\"yoast-schema-graph\">{\"@context\":\"https:\/\/schema.org\",\"@graph\":[{\"@type\":\"WebPage\",\"@id\":\"https:\/\/www.transtoyou.com\/fi\/product\/wegovy\/\",\"url\":\"https:\/\/www.transtoyou.com\/fi\/product\/wegovy\/\",\"name\":\"Wegovy | Tehokas Painonhallintaratkaisu - Transtoyou\",\"isPartOf\":{\"@id\":\"https:\/\/www.transtoyou.com\/fi\/#website\"},\"primaryImageOfPage\":{\"@id\":\"https:\/\/www.transtoyou.com\/fi\/product\/wegovy\/#primaryimage\"},\"image\":{\"@id\":\"https:\/\/www.transtoyou.com\/fi\/product\/wegovy\/#primaryimage\"},\"thumbnailUrl\":\"https:\/\/www.transtoyou.com\/fi\/wp-content\/uploads\/sites\/16\/2026\/01\/wegovy-transtoyou-overview.png\",\"datePublished\":\"2026-01-22T14:36:09+00:00\",\"dateModified\":\"2026-03-08T10:45:48+00:00\",\"description\":\"L\u00f6yd\u00e4 Wegovy tehokkaaseen painonhallintaan Transtoyou:sta. Osta kliinisesti hyv\u00e4ksyttyj\u00e4 l\u00e4\u00e4kkeit\u00e4 terveysmatkallesi nyt.\",\"breadcrumb\":{\"@id\":\"https:\/\/www.transtoyou.com\/fi\/product\/wegovy\/#breadcrumb\"},\"inLanguage\":\"fi\",\"potentialAction\":[{\"@type\":\"ReadAction\",\"target\":[\"https:\/\/www.transtoyou.com\/fi\/product\/wegovy\/\"]}]},{\"@type\":\"ImageObject\",\"inLanguage\":\"fi\",\"@id\":\"https:\/\/www.transtoyou.com\/fi\/product\/wegovy\/#primaryimage\",\"url\":\"https:\/\/www.transtoyou.com\/fi\/wp-content\/uploads\/sites\/16\/2026\/01\/wegovy-transtoyou-overview.png\",\"contentUrl\":\"https:\/\/www.transtoyou.com\/fi\/wp-content\/uploads\/sites\/16\/2026\/01\/wegovy-transtoyou-overview.png\",\"width\":1080,\"height\":1080,\"caption\":\"Wegovy Prik Pen - Transtoyou\"},{\"@type\":\"WebSite\",\"@id\":\"https:\/\/www.transtoyou.com\/fi\/#website\",\"url\":\"https:\/\/www.transtoyou.com\/fi\/\",\"name\":\"Transtoyou - FI\",\"description\":\"\",\"publisher\":{\"@id\":\"https:\/\/www.transtoyou.com\/fi\/#organization\"},\"potentialAction\":[{\"@type\":\"SearchAction\",\"target\":{\"@type\":\"EntryPoint\",\"urlTemplate\":\"https:\/\/www.transtoyou.com\/fi\/?s={search_term_string}\"},\"query-input\":{\"@type\":\"PropertyValueSpecification\",\"valueRequired\":true,\"valueName\":\"search_term_string\"}}],\"inLanguage\":\"fi\"},{\"@type\":\"Organization\",\"@id\":\"https:\/\/www.transtoyou.com\/fi\/#organization\",\"name\":\"Transtoyou - FI\",\"url\":\"https:\/\/www.transtoyou.com\/fi\/\",\"logo\":{\"@type\":\"ImageObject\",\"inLanguage\":\"fi\",\"@id\":\"https:\/\/www.transtoyou.com\/fi\/#\/schema\/logo\/image\/\",\"url\":\"https:\/\/www.transtoyou.com\/fi\/wp-content\/uploads\/sites\/16\/2026\/01\/logo-tty-menu-bar-300x87-1.webp\",\"contentUrl\":\"https:\/\/www.transtoyou.com\/fi\/wp-content\/uploads\/sites\/16\/2026\/01\/logo-tty-menu-bar-300x87-1.webp\",\"width\":300,\"height\":87,\"caption\":\"Transtoyou - FI\"},\"image\":{\"@id\":\"https:\/\/www.transtoyou.com\/fi\/#\/schema\/logo\/image\/\"}}]}<\/script>\n<!-- \/ Yoast SEO plugin. -->","yoast_head_json":{"title":"Wegovy | Tehokas Painonhallintaratkaisu - Transtoyou","description":"L\u00f6yd\u00e4 Wegovy tehokkaaseen painonhallintaan Transtoyou:sta. Osta kliinisesti hyv\u00e4ksyttyj\u00e4 l\u00e4\u00e4kkeit\u00e4 terveysmatkallesi nyt.","robots":{"index":"noindex","follow":"follow","max-snippet":"max-snippet:-1","max-image-preview":"max-image-preview:large","max-video-preview":"max-video-preview:-1"},"og_locale":"fi_FI","og_type":"article","og_title":"Wegovy | Tehokas Painonhallintaratkaisu - Transtoyou","og_description":"L\u00f6yd\u00e4 Wegovy tehokkaaseen painonhallintaan Transtoyou:sta. Osta kliinisesti hyv\u00e4ksyttyj\u00e4 l\u00e4\u00e4kkeit\u00e4 terveysmatkallesi nyt.","og_url":"https:\/\/www.transtoyou.com\/fi\/product\/wegovy\/","og_site_name":"Transtoyou - FI","article_modified_time":"2026-03-08T10:45:48+00:00","twitter_card":"summary_large_image","twitter_misc":{"Arvioitu lukuaika":"1 minuutti"},"schema":{"@context":"https:\/\/schema.org","@graph":[{"@type":"WebPage","@id":"https:\/\/www.transtoyou.com\/fi\/product\/wegovy\/","url":"https:\/\/www.transtoyou.com\/fi\/product\/wegovy\/","name":"Wegovy | Tehokas Painonhallintaratkaisu - Transtoyou","isPartOf":{"@id":"https:\/\/www.transtoyou.com\/fi\/#website"},"primaryImageOfPage":{"@id":"https:\/\/www.transtoyou.com\/fi\/product\/wegovy\/#primaryimage"},"image":{"@id":"https:\/\/www.transtoyou.com\/fi\/product\/wegovy\/#primaryimage"},"thumbnailUrl":"https:\/\/www.transtoyou.com\/fi\/wp-content\/uploads\/sites\/16\/2026\/01\/wegovy-transtoyou-overview.png","datePublished":"2026-01-22T14:36:09+00:00","dateModified":"2026-03-08T10:45:48+00:00","description":"L\u00f6yd\u00e4 Wegovy tehokkaaseen painonhallintaan Transtoyou:sta. Osta kliinisesti hyv\u00e4ksyttyj\u00e4 l\u00e4\u00e4kkeit\u00e4 terveysmatkallesi nyt.","breadcrumb":{"@id":"https:\/\/www.transtoyou.com\/fi\/product\/wegovy\/#breadcrumb"},"inLanguage":"fi","potentialAction":[{"@type":"ReadAction","target":["https:\/\/www.transtoyou.com\/fi\/product\/wegovy\/"]}]},{"@type":"ImageObject","inLanguage":"fi","@id":"https:\/\/www.transtoyou.com\/fi\/product\/wegovy\/#primaryimage","url":"https:\/\/www.transtoyou.com\/fi\/wp-content\/uploads\/sites\/16\/2026\/01\/wegovy-transtoyou-overview.png","contentUrl":"https:\/\/www.transtoyou.com\/fi\/wp-content\/uploads\/sites\/16\/2026\/01\/wegovy-transtoyou-overview.png","width":1080,"height":1080,"caption":"Wegovy Prik Pen - Transtoyou"},{"@type":"WebSite","@id":"https:\/\/www.transtoyou.com\/fi\/#website","url":"https:\/\/www.transtoyou.com\/fi\/","name":"Transtoyou - FI","description":"","publisher":{"@id":"https:\/\/www.transtoyou.com\/fi\/#organization"},"potentialAction":[{"@type":"SearchAction","target":{"@type":"EntryPoint","urlTemplate":"https:\/\/www.transtoyou.com\/fi\/?s={search_term_string}"},"query-input":{"@type":"PropertyValueSpecification","valueRequired":true,"valueName":"search_term_string"}}],"inLanguage":"fi"},{"@type":"Organization","@id":"https:\/\/www.transtoyou.com\/fi\/#organization","name":"Transtoyou - FI","url":"https:\/\/www.transtoyou.com\/fi\/","logo":{"@type":"ImageObject","inLanguage":"fi","@id":"https:\/\/www.transtoyou.com\/fi\/#\/schema\/logo\/image\/","url":"https:\/\/www.transtoyou.com\/fi\/wp-content\/uploads\/sites\/16\/2026\/01\/logo-tty-menu-bar-300x87-1.webp","contentUrl":"https:\/\/www.transtoyou.com\/fi\/wp-content\/uploads\/sites\/16\/2026\/01\/logo-tty-menu-bar-300x87-1.webp","width":300,"height":87,"caption":"Transtoyou - FI"},"image":{"@id":"https:\/\/www.transtoyou.com\/fi\/#\/schema\/logo\/image\/"}}]}},"_links":{"self":[{"href":"https:\/\/www.transtoyou.com\/fi\/wp-json\/wp\/v2\/product\/463","targetHints":{"allow":["GET"]}}],"collection":[{"href":"https:\/\/www.transtoyou.com\/fi\/wp-json\/wp\/v2\/product"}],"about":[{"href":"https:\/\/www.transtoyou.com\/fi\/wp-json\/wp\/v2\/types\/product"}],"replies":[{"embeddable":true,"href":"https:\/\/www.transtoyou.com\/fi\/wp-json\/wp\/v2\/comments?post=463"}],"wp:featuredmedia":[{"embeddable":true,"href":"https:\/\/www.transtoyou.com\/fi\/wp-json\/wp\/v2\/media\/465"}],"wp:attachment":[{"href":"https:\/\/www.transtoyou.com\/fi\/wp-json\/wp\/v2\/media?parent=463"}],"wp:term":[{"taxonomy":"product_brand","embeddable":true,"href":"https:\/\/www.transtoyou.com\/fi\/wp-json\/wp\/v2\/product_brand?post=463"},{"taxonomy":"product_cat","embeddable":true,"href":"https:\/\/www.transtoyou.com\/fi\/wp-json\/wp\/v2\/product_cat?post=463"},{"taxonomy":"product_tag","embeddable":true,"href":"https:\/\/www.transtoyou.com\/fi\/wp-json\/wp\/v2\/product_tag?post=463"},{"taxonomy":"expert","embeddable":true,"href":"https:\/\/www.transtoyou.com\/fi\/wp-json\/wp\/v2\/expert?post=463"}],"curies":[{"name":"wp","href":"https:\/\/api.w.org\/{rel}","templated":true}]}}