{"id":466,"date":"2026-01-22T14:53:45","date_gmt":"2026-01-22T14:53:45","guid":{"rendered":"https:\/\/www.transtoyou.com\/fi\/product\/saxenda\/"},"modified":"2026-03-05T09:41:12","modified_gmt":"2026-03-05T09:41:12","slug":"saxenda","status":"publish","type":"product","link":"https:\/\/www.transtoyou.com\/fi\/product\/saxenda\/","title":{"rendered":"Saxenda"},"content":{"rendered":"<p>Saxenda on injektoitava reseptil\u00e4\u00e4ke, joka on kehitetty auttamaan painonpudotuksessa aikuisilla, jotka ovat ylipainoisia tai lihavia. Se sis\u00e4lt\u00e4\u00e4 liraglutidia, yhdistett\u00e4, joka j\u00e4ljittelee kehossa luonnollista hormonia nimelt\u00e4 GLP-1. T\u00e4m\u00e4 hormoni vaikuttaa ruokahalun, verensokerin ja ruoansulatuksen s\u00e4\u00e4telyyn. Saxenda toimii vuorovaikutuksessa aivojen reseptoreiden kanssa, jotta tunnet olosi kyll\u00e4iseksi aikaisemmin ja v\u00e4hent\u00e4\u00e4 n\u00e4lk\u00e4\u00e4 aterioiden v\u00e4lill\u00e4.<\/p>\n<p>Toisin kuin monet perinteiset painonpudotusl\u00e4\u00e4kkeet, Saxenda annostellaan p\u00e4ivitt\u00e4isen\u00e4 injektiona ihon alle esit\u00e4ytetyll\u00e4 kyn\u00e4ll\u00e4. Se on tehokkaimmillaan k\u00e4ytettyn\u00e4 v\u00e4h\u00e4kalorisen ruokavalion ja lis\u00e4\u00e4ntyneen fyysisen aktiivisuuden ohella. Saxendaa k\u00e4ytt\u00e4v\u00e4t ihmiset kokevat usein asteittaista ja tasaista painonpudotusta ajan my\u00f6t\u00e4, mik\u00e4 voi johtaa parannuksiin muissa terveysongelmissa, kuten tyypin 2 diabeteksessa, korkeassa verenpaineessa tai kohonneessa kolesterolissa.<\/p>\n<p>Saxenda aloitetaan yleens\u00e4 alhaisella annoksella, jotta keho voi sopeutua, ja annosta nostetaan asteittain usean viikon aikana. T\u00e4m\u00e4 vaiheittainen l\u00e4hestymistapa auttaa minimoimaan yleisi\u00e4 haittavaikutuksia, kuten pahoinvointia tai vatsakipua. Vaikka l\u00e4\u00e4ke vaikuttaa ruokahaluun ja kyll\u00e4isyyteen, se ei nopeuta aineenvaihduntaa tai toimi stimulanttina.<\/p>\n","protected":false},"excerpt":{"rendered":"<ul>\n<li>Appetiitin s\u00e4\u00e4telyn tuki<\/li>\n<li>P\u00e4ivitt\u00e4inen injektio<\/li>\n<li>Edist\u00e4\u00e4 asteittaista painonpudotusta<\/li>\n<\/ul>\n","protected":false},"featured_media":468,"comment_status":"open","ping_status":"closed","template":"","meta":[],"product_brand":[],"product_cat":[158],"product_tag":[],"expert":[16],"class_list":{"0":"post-466","1":"product","2":"type-product","3":"status-publish","4":"has-post-thumbnail","6":"product_cat-painonpudotus","7":"expert-dr-c-alexandru","9":"first","10":"instock","11":"shipping-taxable","12":"product-type-variable"},"yoast_head":"<!-- This site is optimized with the Yoast SEO plugin v27.0 - https:\/\/yoast.com\/product\/yoast-seo-wordpress\/ -->\n<title>Saxenda | Tehokas Painonpudotusratkaisu - Transtoyou<\/title>\n<meta name=\"description\" content=\"Tutustu Saxendaan Transtoyou&#039;ssa, tehokkaaseen painonhallintaan. Kliinisesti arvioitu ja luotettava. Osta nyt terveytesi vuoksi.\" \/>\n<meta name=\"robots\" content=\"noindex, follow, max-snippet:-1, max-image-preview:large, max-video-preview:-1\" \/>\n<meta property=\"og:locale\" content=\"fi_FI\" \/>\n<meta property=\"og:type\" content=\"article\" \/>\n<meta property=\"og:title\" content=\"Saxenda | Tehokas Painonpudotusratkaisu - Transtoyou\" \/>\n<meta property=\"og:description\" content=\"Tutustu Saxendaan Transtoyou&#039;ssa, tehokkaaseen painonhallintaan. Kliinisesti arvioitu ja luotettava. Osta nyt terveytesi vuoksi.\" \/>\n<meta property=\"og:url\" content=\"https:\/\/www.transtoyou.com\/fi\/product\/saxenda\/\" \/>\n<meta property=\"og:site_name\" content=\"Transtoyou - FI\" \/>\n<meta property=\"article:modified_time\" content=\"2026-03-05T09:41:12+00:00\" \/>\n<meta name=\"twitter:card\" content=\"summary_large_image\" \/>\n<meta name=\"twitter:label1\" content=\"Arvioitu lukuaika\" \/>\n\t<meta name=\"twitter:data1\" content=\"1 minuutti\" \/>\n<script type=\"application\/ld+json\" class=\"yoast-schema-graph\">{\"@context\":\"https:\/\/schema.org\",\"@graph\":[{\"@type\":\"WebPage\",\"@id\":\"https:\/\/www.transtoyou.com\/fi\/product\/saxenda\/\",\"url\":\"https:\/\/www.transtoyou.com\/fi\/product\/saxenda\/\",\"name\":\"Saxenda | Tehokas Painonpudotusratkaisu - Transtoyou\",\"isPartOf\":{\"@id\":\"https:\/\/www.transtoyou.com\/fi\/#website\"},\"primaryImageOfPage\":{\"@id\":\"https:\/\/www.transtoyou.com\/fi\/product\/saxenda\/#primaryimage\"},\"image\":{\"@id\":\"https:\/\/www.transtoyou.com\/fi\/product\/saxenda\/#primaryimage\"},\"thumbnailUrl\":\"https:\/\/www.transtoyou.com\/fi\/wp-content\/uploads\/sites\/16\/2026\/01\/tty-no-product-image-8.webp\",\"datePublished\":\"2026-01-22T14:53:45+00:00\",\"dateModified\":\"2026-03-05T09:41:12+00:00\",\"description\":\"Tutustu Saxendaan Transtoyou'ssa, tehokkaaseen painonhallintaan. Kliinisesti arvioitu ja luotettava. Osta nyt terveytesi vuoksi.\",\"breadcrumb\":{\"@id\":\"https:\/\/www.transtoyou.com\/fi\/product\/saxenda\/#breadcrumb\"},\"inLanguage\":\"fi\",\"potentialAction\":[{\"@type\":\"ReadAction\",\"target\":[\"https:\/\/www.transtoyou.com\/fi\/product\/saxenda\/\"]}]},{\"@type\":\"ImageObject\",\"inLanguage\":\"fi\",\"@id\":\"https:\/\/www.transtoyou.com\/fi\/product\/saxenda\/#primaryimage\",\"url\":\"https:\/\/www.transtoyou.com\/fi\/wp-content\/uploads\/sites\/16\/2026\/01\/tty-no-product-image-8.webp\",\"contentUrl\":\"https:\/\/www.transtoyou.com\/fi\/wp-content\/uploads\/sites\/16\/2026\/01\/tty-no-product-image-8.webp\",\"width\":1000,\"height\":1000,\"caption\":\"Oletusarvoinen tuotekuva\"},{\"@type\":\"WebSite\",\"@id\":\"https:\/\/www.transtoyou.com\/fi\/#website\",\"url\":\"https:\/\/www.transtoyou.com\/fi\/\",\"name\":\"Transtoyou - FI\",\"description\":\"\",\"publisher\":{\"@id\":\"https:\/\/www.transtoyou.com\/fi\/#organization\"},\"potentialAction\":[{\"@type\":\"SearchAction\",\"target\":{\"@type\":\"EntryPoint\",\"urlTemplate\":\"https:\/\/www.transtoyou.com\/fi\/?s={search_term_string}\"},\"query-input\":{\"@type\":\"PropertyValueSpecification\",\"valueRequired\":true,\"valueName\":\"search_term_string\"}}],\"inLanguage\":\"fi\"},{\"@type\":\"Organization\",\"@id\":\"https:\/\/www.transtoyou.com\/fi\/#organization\",\"name\":\"Transtoyou - FI\",\"url\":\"https:\/\/www.transtoyou.com\/fi\/\",\"logo\":{\"@type\":\"ImageObject\",\"inLanguage\":\"fi\",\"@id\":\"https:\/\/www.transtoyou.com\/fi\/#\/schema\/logo\/image\/\",\"url\":\"https:\/\/www.transtoyou.com\/fi\/wp-content\/uploads\/sites\/16\/2026\/01\/logo-tty-menu-bar-300x87-1.webp\",\"contentUrl\":\"https:\/\/www.transtoyou.com\/fi\/wp-content\/uploads\/sites\/16\/2026\/01\/logo-tty-menu-bar-300x87-1.webp\",\"width\":300,\"height\":87,\"caption\":\"Transtoyou - FI\"},\"image\":{\"@id\":\"https:\/\/www.transtoyou.com\/fi\/#\/schema\/logo\/image\/\"}}]}<\/script>\n<!-- \/ Yoast SEO plugin. -->","yoast_head_json":{"title":"Saxenda | Tehokas Painonpudotusratkaisu - Transtoyou","description":"Tutustu Saxendaan Transtoyou'ssa, tehokkaaseen painonhallintaan. Kliinisesti arvioitu ja luotettava. Osta nyt terveytesi vuoksi.","robots":{"index":"noindex","follow":"follow","max-snippet":"max-snippet:-1","max-image-preview":"max-image-preview:large","max-video-preview":"max-video-preview:-1"},"og_locale":"fi_FI","og_type":"article","og_title":"Saxenda | Tehokas Painonpudotusratkaisu - Transtoyou","og_description":"Tutustu Saxendaan Transtoyou'ssa, tehokkaaseen painonhallintaan. Kliinisesti arvioitu ja luotettava. Osta nyt terveytesi vuoksi.","og_url":"https:\/\/www.transtoyou.com\/fi\/product\/saxenda\/","og_site_name":"Transtoyou - FI","article_modified_time":"2026-03-05T09:41:12+00:00","twitter_card":"summary_large_image","twitter_misc":{"Arvioitu lukuaika":"1 minuutti"},"schema":{"@context":"https:\/\/schema.org","@graph":[{"@type":"WebPage","@id":"https:\/\/www.transtoyou.com\/fi\/product\/saxenda\/","url":"https:\/\/www.transtoyou.com\/fi\/product\/saxenda\/","name":"Saxenda | Tehokas Painonpudotusratkaisu - Transtoyou","isPartOf":{"@id":"https:\/\/www.transtoyou.com\/fi\/#website"},"primaryImageOfPage":{"@id":"https:\/\/www.transtoyou.com\/fi\/product\/saxenda\/#primaryimage"},"image":{"@id":"https:\/\/www.transtoyou.com\/fi\/product\/saxenda\/#primaryimage"},"thumbnailUrl":"https:\/\/www.transtoyou.com\/fi\/wp-content\/uploads\/sites\/16\/2026\/01\/tty-no-product-image-8.webp","datePublished":"2026-01-22T14:53:45+00:00","dateModified":"2026-03-05T09:41:12+00:00","description":"Tutustu Saxendaan Transtoyou'ssa, tehokkaaseen painonhallintaan. Kliinisesti arvioitu ja luotettava. Osta nyt terveytesi vuoksi.","breadcrumb":{"@id":"https:\/\/www.transtoyou.com\/fi\/product\/saxenda\/#breadcrumb"},"inLanguage":"fi","potentialAction":[{"@type":"ReadAction","target":["https:\/\/www.transtoyou.com\/fi\/product\/saxenda\/"]}]},{"@type":"ImageObject","inLanguage":"fi","@id":"https:\/\/www.transtoyou.com\/fi\/product\/saxenda\/#primaryimage","url":"https:\/\/www.transtoyou.com\/fi\/wp-content\/uploads\/sites\/16\/2026\/01\/tty-no-product-image-8.webp","contentUrl":"https:\/\/www.transtoyou.com\/fi\/wp-content\/uploads\/sites\/16\/2026\/01\/tty-no-product-image-8.webp","width":1000,"height":1000,"caption":"Oletusarvoinen tuotekuva"},{"@type":"WebSite","@id":"https:\/\/www.transtoyou.com\/fi\/#website","url":"https:\/\/www.transtoyou.com\/fi\/","name":"Transtoyou - FI","description":"","publisher":{"@id":"https:\/\/www.transtoyou.com\/fi\/#organization"},"potentialAction":[{"@type":"SearchAction","target":{"@type":"EntryPoint","urlTemplate":"https:\/\/www.transtoyou.com\/fi\/?s={search_term_string}"},"query-input":{"@type":"PropertyValueSpecification","valueRequired":true,"valueName":"search_term_string"}}],"inLanguage":"fi"},{"@type":"Organization","@id":"https:\/\/www.transtoyou.com\/fi\/#organization","name":"Transtoyou - FI","url":"https:\/\/www.transtoyou.com\/fi\/","logo":{"@type":"ImageObject","inLanguage":"fi","@id":"https:\/\/www.transtoyou.com\/fi\/#\/schema\/logo\/image\/","url":"https:\/\/www.transtoyou.com\/fi\/wp-content\/uploads\/sites\/16\/2026\/01\/logo-tty-menu-bar-300x87-1.webp","contentUrl":"https:\/\/www.transtoyou.com\/fi\/wp-content\/uploads\/sites\/16\/2026\/01\/logo-tty-menu-bar-300x87-1.webp","width":300,"height":87,"caption":"Transtoyou - FI"},"image":{"@id":"https:\/\/www.transtoyou.com\/fi\/#\/schema\/logo\/image\/"}}]}},"_links":{"self":[{"href":"https:\/\/www.transtoyou.com\/fi\/wp-json\/wp\/v2\/product\/466","targetHints":{"allow":["GET"]}}],"collection":[{"href":"https:\/\/www.transtoyou.com\/fi\/wp-json\/wp\/v2\/product"}],"about":[{"href":"https:\/\/www.transtoyou.com\/fi\/wp-json\/wp\/v2\/types\/product"}],"replies":[{"embeddable":true,"href":"https:\/\/www.transtoyou.com\/fi\/wp-json\/wp\/v2\/comments?post=466"}],"wp:featuredmedia":[{"embeddable":true,"href":"https:\/\/www.transtoyou.com\/fi\/wp-json\/wp\/v2\/media\/468"}],"wp:attachment":[{"href":"https:\/\/www.transtoyou.com\/fi\/wp-json\/wp\/v2\/media?parent=466"}],"wp:term":[{"taxonomy":"product_brand","embeddable":true,"href":"https:\/\/www.transtoyou.com\/fi\/wp-json\/wp\/v2\/product_brand?post=466"},{"taxonomy":"product_cat","embeddable":true,"href":"https:\/\/www.transtoyou.com\/fi\/wp-json\/wp\/v2\/product_cat?post=466"},{"taxonomy":"product_tag","embeddable":true,"href":"https:\/\/www.transtoyou.com\/fi\/wp-json\/wp\/v2\/product_tag?post=466"},{"taxonomy":"expert","embeddable":true,"href":"https:\/\/www.transtoyou.com\/fi\/wp-json\/wp\/v2\/expert?post=466"}],"curies":[{"name":"wp","href":"https:\/\/api.w.org\/{rel}","templated":true}]}}