{"id":469,"date":"2026-01-22T15:10:21","date_gmt":"2026-01-22T15:10:21","guid":{"rendered":"https:\/\/www.transtoyou.com\/fi\/product\/orlistat\/"},"modified":"2026-03-01T09:31:27","modified_gmt":"2026-03-01T09:31:27","slug":"orlistat","status":"publish","type":"product","link":"https:\/\/www.transtoyou.com\/fi\/product\/orlistat\/","title":{"rendered":"Orlistat"},"content":{"rendered":"<p>Orlistat on painonpudotukseen tarkoitettu l\u00e4\u00e4kitys, joka est\u00e4\u00e4 rasvan imeytymisen sy\u00f6m\u00e4st\u00e4si ruoasta. Sit\u00e4 k\u00e4ytet\u00e4\u00e4n tyypillisesti aikuisilla, jotka ovat ylipainoisia tai lihavia ja haluavat hallita painoaan v\u00e4h\u00e4kalorisella, v\u00e4h\u00e4rasvaisella ruokavaliolla. Toisin kuin ruokahalua hillitsev\u00e4t l\u00e4\u00e4kkeet, jotka vaikuttavat aivoihin, Orlistat vaikuttaa paikallisesti ruoansulatuskanavassa, kohdistuen lipaasientsyymiin. T\u00e4m\u00e4 entsyymi on vastuussa ravintorasvan pilkkomisesta, jotta se voidaan imeytt\u00e4\u00e4 kehoon. Est\u00e4m\u00e4ll\u00e4 lipaasia Orlistat varmistaa, ett\u00e4 noin kolmasosa ravintorasvasta ei imeydy, vaan kulkee kehon l\u00e4pi luonnollisesti.<\/p>\n<p>Orlistat otetaan yleens\u00e4 kolme kertaa p\u00e4iv\u00e4ss\u00e4 jokaisen p\u00e4\u00e4aterian yhteydess\u00e4, joka sis\u00e4lt\u00e4\u00e4 rasvaa. Sen teho liittyy tiiviisti tasapainoisen ruokavalion yll\u00e4pit\u00e4miseen ja s\u00e4\u00e4nn\u00f6lliseen liikuntaan. Useimmat k\u00e4ytt\u00e4j\u00e4t alkavat n\u00e4hd\u00e4 v\u00e4hitellen painon v\u00e4henemist\u00e4 muutaman viikon kuluessa. Lis\u00e4ksi Orlistatin on osoitettu auttavan parantamaan verenpainetta, kolesterolitasoja ja verensokerin hallintaa painoon liittyviss\u00e4 terveysongelmissa.<\/p>\n<p>Yleisimm\u00e4t haittavaikutukset ovat ruoansulatusper\u00e4isi\u00e4 ja sis\u00e4lt\u00e4v\u00e4t \u00f6ljyisi\u00e4 tai rasvaisia ulosteita, lis\u00e4\u00e4ntyneit\u00e4 suolenliikkeit\u00e4 tai vatsakipua. N\u00e4m\u00e4 haittavaikutukset usein v\u00e4henev\u00e4t, kun keho tottuu l\u00e4\u00e4kitykseen ja k\u00e4ytt\u00e4j\u00e4t siirtyv\u00e4t v\u00e4h\u00e4rasvaiseen ruokavalioon. Rasvaliukoisten vitamiinien imeytymisen tukemiseksi suositellaan usein monivitamiini- tai lis\u00e4ravinteiden ottamista eri aikaan p\u00e4iv\u00e4st\u00e4 kuin Orlistat-annos.<\/p>\n","protected":false},"excerpt":{"rendered":"<ul>\n<li>V\u00e4hent\u00e4\u00e4 rasvan imeytymist\u00e4<\/li>\n<li>Ei-j\u00e4rjestelm\u00e4llinen painonpudotustuki<\/li>\n<li>Auttaa parantamaan aineenvaihdunnan terveytt\u00e4<\/li>\n<\/ul>\n","protected":false},"featured_media":471,"comment_status":"open","ping_status":"closed","template":"","meta":[],"product_brand":[],"product_cat":[158],"product_tag":[],"expert":[16],"class_list":{"0":"post-469","1":"product","2":"type-product","3":"status-publish","4":"has-post-thumbnail","6":"product_cat-painonpudotus","7":"expert-dr-c-alexandru","9":"first","10":"instock","11":"shipping-taxable","12":"product-type-variable"},"yoast_head":"<!-- This site is optimized with the Yoast SEO plugin v27.0 - https:\/\/yoast.com\/product\/yoast-seo-wordpress\/ -->\n<title>Orlistat | Tehokas Painonhallinta - Transtoyou<\/title>\n<meta name=\"description\" content=\"Orlistat: Tue painonhallintaa t\u00e4ll\u00e4 tehokkaalla tuotteella, saatavilla Transtoyou. Osta nyt luotettava ratkaisu hyvinvointisi tueksi.\" \/>\n<meta name=\"robots\" content=\"noindex, follow, max-snippet:-1, max-image-preview:large, max-video-preview:-1\" \/>\n<meta property=\"og:locale\" content=\"fi_FI\" \/>\n<meta property=\"og:type\" content=\"article\" \/>\n<meta property=\"og:title\" content=\"Orlistat | Tehokas Painonhallinta - Transtoyou\" \/>\n<meta property=\"og:description\" content=\"Orlistat: Tue painonhallintaa t\u00e4ll\u00e4 tehokkaalla tuotteella, saatavilla Transtoyou. Osta nyt luotettava ratkaisu hyvinvointisi tueksi.\" \/>\n<meta property=\"og:url\" content=\"https:\/\/www.transtoyou.com\/fi\/product\/orlistat\/\" \/>\n<meta property=\"og:site_name\" content=\"Transtoyou - FI\" \/>\n<meta property=\"article:modified_time\" content=\"2026-03-01T09:31:27+00:00\" \/>\n<meta name=\"twitter:card\" content=\"summary_large_image\" \/>\n<meta name=\"twitter:label1\" content=\"Arvioitu lukuaika\" \/>\n\t<meta name=\"twitter:data1\" content=\"1 minuutti\" \/>\n<script type=\"application\/ld+json\" class=\"yoast-schema-graph\">{\"@context\":\"https:\/\/schema.org\",\"@graph\":[{\"@type\":\"WebPage\",\"@id\":\"https:\/\/www.transtoyou.com\/fi\/product\/orlistat\/\",\"url\":\"https:\/\/www.transtoyou.com\/fi\/product\/orlistat\/\",\"name\":\"Orlistat | Tehokas Painonhallinta - Transtoyou\",\"isPartOf\":{\"@id\":\"https:\/\/www.transtoyou.com\/fi\/#website\"},\"primaryImageOfPage\":{\"@id\":\"https:\/\/www.transtoyou.com\/fi\/product\/orlistat\/#primaryimage\"},\"image\":{\"@id\":\"https:\/\/www.transtoyou.com\/fi\/product\/orlistat\/#primaryimage\"},\"thumbnailUrl\":\"https:\/\/www.transtoyou.com\/fi\/wp-content\/uploads\/sites\/16\/2026\/01\/tty-no-product-image-9.webp\",\"datePublished\":\"2026-01-22T15:10:21+00:00\",\"dateModified\":\"2026-03-01T09:31:27+00:00\",\"description\":\"Orlistat: Tue painonhallintaa t\u00e4ll\u00e4 tehokkaalla tuotteella, saatavilla Transtoyou. Osta nyt luotettava ratkaisu hyvinvointisi tueksi.\",\"breadcrumb\":{\"@id\":\"https:\/\/www.transtoyou.com\/fi\/product\/orlistat\/#breadcrumb\"},\"inLanguage\":\"fi\",\"potentialAction\":[{\"@type\":\"ReadAction\",\"target\":[\"https:\/\/www.transtoyou.com\/fi\/product\/orlistat\/\"]}]},{\"@type\":\"ImageObject\",\"inLanguage\":\"fi\",\"@id\":\"https:\/\/www.transtoyou.com\/fi\/product\/orlistat\/#primaryimage\",\"url\":\"https:\/\/www.transtoyou.com\/fi\/wp-content\/uploads\/sites\/16\/2026\/01\/tty-no-product-image-9.webp\",\"contentUrl\":\"https:\/\/www.transtoyou.com\/fi\/wp-content\/uploads\/sites\/16\/2026\/01\/tty-no-product-image-9.webp\",\"width\":1000,\"height\":1000,\"caption\":\"Oletus tuotekuva\"},{\"@type\":\"WebSite\",\"@id\":\"https:\/\/www.transtoyou.com\/fi\/#website\",\"url\":\"https:\/\/www.transtoyou.com\/fi\/\",\"name\":\"Transtoyou - FI\",\"description\":\"\",\"publisher\":{\"@id\":\"https:\/\/www.transtoyou.com\/fi\/#organization\"},\"potentialAction\":[{\"@type\":\"SearchAction\",\"target\":{\"@type\":\"EntryPoint\",\"urlTemplate\":\"https:\/\/www.transtoyou.com\/fi\/?s={search_term_string}\"},\"query-input\":{\"@type\":\"PropertyValueSpecification\",\"valueRequired\":true,\"valueName\":\"search_term_string\"}}],\"inLanguage\":\"fi\"},{\"@type\":\"Organization\",\"@id\":\"https:\/\/www.transtoyou.com\/fi\/#organization\",\"name\":\"Transtoyou - FI\",\"url\":\"https:\/\/www.transtoyou.com\/fi\/\",\"logo\":{\"@type\":\"ImageObject\",\"inLanguage\":\"fi\",\"@id\":\"https:\/\/www.transtoyou.com\/fi\/#\/schema\/logo\/image\/\",\"url\":\"https:\/\/www.transtoyou.com\/fi\/wp-content\/uploads\/sites\/16\/2026\/01\/logo-tty-menu-bar-300x87-1.webp\",\"contentUrl\":\"https:\/\/www.transtoyou.com\/fi\/wp-content\/uploads\/sites\/16\/2026\/01\/logo-tty-menu-bar-300x87-1.webp\",\"width\":300,\"height\":87,\"caption\":\"Transtoyou - FI\"},\"image\":{\"@id\":\"https:\/\/www.transtoyou.com\/fi\/#\/schema\/logo\/image\/\"}}]}<\/script>\n<!-- \/ Yoast SEO plugin. -->","yoast_head_json":{"title":"Orlistat | Tehokas Painonhallinta - Transtoyou","description":"Orlistat: Tue painonhallintaa t\u00e4ll\u00e4 tehokkaalla tuotteella, saatavilla Transtoyou. Osta nyt luotettava ratkaisu hyvinvointisi tueksi.","robots":{"index":"noindex","follow":"follow","max-snippet":"max-snippet:-1","max-image-preview":"max-image-preview:large","max-video-preview":"max-video-preview:-1"},"og_locale":"fi_FI","og_type":"article","og_title":"Orlistat | Tehokas Painonhallinta - Transtoyou","og_description":"Orlistat: Tue painonhallintaa t\u00e4ll\u00e4 tehokkaalla tuotteella, saatavilla Transtoyou. Osta nyt luotettava ratkaisu hyvinvointisi tueksi.","og_url":"https:\/\/www.transtoyou.com\/fi\/product\/orlistat\/","og_site_name":"Transtoyou - FI","article_modified_time":"2026-03-01T09:31:27+00:00","twitter_card":"summary_large_image","twitter_misc":{"Arvioitu lukuaika":"1 minuutti"},"schema":{"@context":"https:\/\/schema.org","@graph":[{"@type":"WebPage","@id":"https:\/\/www.transtoyou.com\/fi\/product\/orlistat\/","url":"https:\/\/www.transtoyou.com\/fi\/product\/orlistat\/","name":"Orlistat | Tehokas Painonhallinta - Transtoyou","isPartOf":{"@id":"https:\/\/www.transtoyou.com\/fi\/#website"},"primaryImageOfPage":{"@id":"https:\/\/www.transtoyou.com\/fi\/product\/orlistat\/#primaryimage"},"image":{"@id":"https:\/\/www.transtoyou.com\/fi\/product\/orlistat\/#primaryimage"},"thumbnailUrl":"https:\/\/www.transtoyou.com\/fi\/wp-content\/uploads\/sites\/16\/2026\/01\/tty-no-product-image-9.webp","datePublished":"2026-01-22T15:10:21+00:00","dateModified":"2026-03-01T09:31:27+00:00","description":"Orlistat: Tue painonhallintaa t\u00e4ll\u00e4 tehokkaalla tuotteella, saatavilla Transtoyou. Osta nyt luotettava ratkaisu hyvinvointisi tueksi.","breadcrumb":{"@id":"https:\/\/www.transtoyou.com\/fi\/product\/orlistat\/#breadcrumb"},"inLanguage":"fi","potentialAction":[{"@type":"ReadAction","target":["https:\/\/www.transtoyou.com\/fi\/product\/orlistat\/"]}]},{"@type":"ImageObject","inLanguage":"fi","@id":"https:\/\/www.transtoyou.com\/fi\/product\/orlistat\/#primaryimage","url":"https:\/\/www.transtoyou.com\/fi\/wp-content\/uploads\/sites\/16\/2026\/01\/tty-no-product-image-9.webp","contentUrl":"https:\/\/www.transtoyou.com\/fi\/wp-content\/uploads\/sites\/16\/2026\/01\/tty-no-product-image-9.webp","width":1000,"height":1000,"caption":"Oletus tuotekuva"},{"@type":"WebSite","@id":"https:\/\/www.transtoyou.com\/fi\/#website","url":"https:\/\/www.transtoyou.com\/fi\/","name":"Transtoyou - FI","description":"","publisher":{"@id":"https:\/\/www.transtoyou.com\/fi\/#organization"},"potentialAction":[{"@type":"SearchAction","target":{"@type":"EntryPoint","urlTemplate":"https:\/\/www.transtoyou.com\/fi\/?s={search_term_string}"},"query-input":{"@type":"PropertyValueSpecification","valueRequired":true,"valueName":"search_term_string"}}],"inLanguage":"fi"},{"@type":"Organization","@id":"https:\/\/www.transtoyou.com\/fi\/#organization","name":"Transtoyou - FI","url":"https:\/\/www.transtoyou.com\/fi\/","logo":{"@type":"ImageObject","inLanguage":"fi","@id":"https:\/\/www.transtoyou.com\/fi\/#\/schema\/logo\/image\/","url":"https:\/\/www.transtoyou.com\/fi\/wp-content\/uploads\/sites\/16\/2026\/01\/logo-tty-menu-bar-300x87-1.webp","contentUrl":"https:\/\/www.transtoyou.com\/fi\/wp-content\/uploads\/sites\/16\/2026\/01\/logo-tty-menu-bar-300x87-1.webp","width":300,"height":87,"caption":"Transtoyou - FI"},"image":{"@id":"https:\/\/www.transtoyou.com\/fi\/#\/schema\/logo\/image\/"}}]}},"_links":{"self":[{"href":"https:\/\/www.transtoyou.com\/fi\/wp-json\/wp\/v2\/product\/469","targetHints":{"allow":["GET"]}}],"collection":[{"href":"https:\/\/www.transtoyou.com\/fi\/wp-json\/wp\/v2\/product"}],"about":[{"href":"https:\/\/www.transtoyou.com\/fi\/wp-json\/wp\/v2\/types\/product"}],"replies":[{"embeddable":true,"href":"https:\/\/www.transtoyou.com\/fi\/wp-json\/wp\/v2\/comments?post=469"}],"wp:featuredmedia":[{"embeddable":true,"href":"https:\/\/www.transtoyou.com\/fi\/wp-json\/wp\/v2\/media\/471"}],"wp:attachment":[{"href":"https:\/\/www.transtoyou.com\/fi\/wp-json\/wp\/v2\/media?parent=469"}],"wp:term":[{"taxonomy":"product_brand","embeddable":true,"href":"https:\/\/www.transtoyou.com\/fi\/wp-json\/wp\/v2\/product_brand?post=469"},{"taxonomy":"product_cat","embeddable":true,"href":"https:\/\/www.transtoyou.com\/fi\/wp-json\/wp\/v2\/product_cat?post=469"},{"taxonomy":"product_tag","embeddable":true,"href":"https:\/\/www.transtoyou.com\/fi\/wp-json\/wp\/v2\/product_tag?post=469"},{"taxonomy":"expert","embeddable":true,"href":"https:\/\/www.transtoyou.com\/fi\/wp-json\/wp\/v2\/expert?post=469"}],"curies":[{"name":"wp","href":"https:\/\/api.w.org\/{rel}","templated":true}]}}