{"id":472,"date":"2026-01-22T15:27:04","date_gmt":"2026-01-22T15:27:04","guid":{"rendered":"https:\/\/www.transtoyou.com\/fi\/product\/xenical\/"},"modified":"2026-03-08T10:56:10","modified_gmt":"2026-03-08T10:56:10","slug":"xenical","status":"publish","type":"product","link":"https:\/\/www.transtoyou.com\/fi\/product\/xenical\/","title":{"rendered":"Xenical"},"content":{"rendered":"<p>Xenical on l\u00e4\u00e4k\u00e4rin m\u00e4\u00e4r\u00e4\u00e4m\u00e4 l\u00e4\u00e4kitys, joka auttaa tukemaan painonpudotusta ylipainoisilla tai lihavilla henkil\u00f6ill\u00e4. Se sis\u00e4lt\u00e4\u00e4 vaikuttavaa ainetta orlistatia, joka est\u00e4\u00e4 ravintorasvan imeytymist\u00e4. Toisin kuin ruokahalua hillitsev\u00e4t l\u00e4\u00e4kkeet, Xenical vaikuttaa paikallisesti ruoansulatusj\u00e4rjestelm\u00e4ss\u00e4 ja voi v\u00e4hent\u00e4\u00e4 rasvan imeytymist\u00e4 noin kolmanneksella kulutetusta rasvasta.<\/p>\n<p>Imeytym\u00e4t\u00f6n rasva poistuu sitten luonnollisesti ulosteen mukana. T\u00e4m\u00e4 auttaa v\u00e4hent\u00e4m\u00e4\u00e4n kalorien saantia, mik\u00e4 johtaa asteittaiseen ja pysyv\u00e4\u00e4n painonpudotukseen, kun se yhdistet\u00e4\u00e4n v\u00e4h\u00e4kaloriseen, v\u00e4h\u00e4rasvaiseen ruokavalioon. Xenicalia suositellaan tyypillisesti henkil\u00f6ille, joiden BMI on \u2265 30 kg\/m\u00b2 tai \u2265 28 kg\/m\u00b2, jos on olemassa painoon liittyvi\u00e4 terveysongelmia, kuten kohonnut verenpaine tai tyypin 2 diabetes.<\/p>\n<p>Xenicalia otetaan yleens\u00e4 kolme kertaa p\u00e4iv\u00e4ss\u00e4 jokaisen p\u00e4\u00e4aterian yhteydess\u00e4, joka sis\u00e4lt\u00e4\u00e4 rasvaa. On t\u00e4rke\u00e4\u00e4 noudattaa ravitsemuksellisesti tasapainoista, liev\u00e4sti v\u00e4h\u00e4kalorista ruokavaliota hoidon aikana. Varmistaaksesi rasvaliukoisten vitamiinien oikean imeytymisen, suositellaan p\u00e4ivitt\u00e4ist\u00e4 monivitamiinilis\u00e4\u00e4, joka sis\u00e4lt\u00e4\u00e4 A-, D-, E- ja K-vitamiineja, otettavaksi v\u00e4hint\u00e4\u00e4n kaksi tuntia ennen tai j\u00e4lkeen Xenicalin ottamisen.<\/p>\n<p>Yleisi\u00e4 haittavaikutuksia ovat liev\u00e4t ruoansulatuskanavan oireet, kuten \u00f6ljyiset tai rasvaiset ulosteet, lis\u00e4\u00e4ntynyt kaasuntuotanto tai useammin esiintyv\u00e4t suolenliikkeet. N\u00e4m\u00e4 vaikutukset paranevat usein jatkuvalla k\u00e4yt\u00f6ll\u00e4 ja v\u00e4h\u00e4rasvaisen ruokavalion noudattamisella. Harvoin orlistatin on raportoitu aiheuttavan kohonneita maksaentsyymej\u00e4 tai akuutteja munuaisvaurioita; ota yhteys l\u00e4\u00e4k\u00e4riisi, jos koet vatsakipua, tummaa virtsaa tai verta ulosteessa. Havainnoivat tutkimukset raportoivat keskim\u00e4\u00e4r\u00e4isest\u00e4 lumehoitokorjatusta painonpudotuksesta 3,2 kg vuoden aikana.<\/p>\n<p>Xenical voi auttaa parantamaan lihavuuteen liittyvi\u00e4 terveysmerkkej\u00e4, mukaan lukien kohtuulliset v\u00e4hennykset verensokerissa, kolesterolissa ja verenpaineessa, erityisesti yhdistettyn\u00e4 el\u00e4m\u00e4ntapamuutoksiin. Kuitenkin se on tarkoitettu krooniseen k\u00e4ytt\u00f6\u00f6n l\u00e4\u00e4k\u00e4rin valvonnassa.<\/p>\n","protected":false},"excerpt":{"rendered":"<ul>\n<li>Est\u00e4\u00e4 ravintorasvan imeytymisen<\/li>\n<li>Auttaa v\u00e4hitellen painonpudotuksessa<\/li>\n<li>Tukee lihavuuden hoitoa l\u00e4\u00e4k\u00e4rin ohjauksessa<\/li>\n<\/ul>\n","protected":false},"featured_media":474,"comment_status":"open","ping_status":"closed","template":"","meta":[],"product_brand":[],"product_cat":[158],"product_tag":[],"expert":[19],"class_list":{"0":"post-472","1":"product","2":"type-product","3":"status-publish","4":"has-post-thumbnail","6":"product_cat-painonpudotus","7":"expert-dr-j-vazquez","9":"first","10":"instock","11":"shipping-taxable","12":"product-type-variable"},"yoast_head":"<!-- This site is optimized with the Yoast SEO plugin v27.0 - https:\/\/yoast.com\/product\/yoast-seo-wordpress\/ -->\n<title>Xenical | Painonhallintatuki - Transtoyou<\/title>\n<meta name=\"description\" content=\"L\u00f6yd\u00e4 Xenical Transtoyou: tehokas ratkaisu painonhallintaan. Osta nyt l\u00e4\u00e4k\u00e4rin hyv\u00e4ksymi\u00e4 terveysratkaisuja.\" \/>\n<meta name=\"robots\" content=\"noindex, follow, max-snippet:-1, max-image-preview:large, max-video-preview:-1\" \/>\n<meta property=\"og:locale\" content=\"fi_FI\" \/>\n<meta property=\"og:type\" content=\"article\" \/>\n<meta property=\"og:title\" content=\"Xenical | Painonhallintatuki - Transtoyou\" \/>\n<meta property=\"og:description\" content=\"L\u00f6yd\u00e4 Xenical Transtoyou: tehokas ratkaisu painonhallintaan. Osta nyt l\u00e4\u00e4k\u00e4rin hyv\u00e4ksymi\u00e4 terveysratkaisuja.\" \/>\n<meta property=\"og:url\" content=\"https:\/\/www.transtoyou.com\/fi\/product\/xenical\/\" \/>\n<meta property=\"og:site_name\" content=\"Transtoyou - FI\" \/>\n<meta property=\"article:modified_time\" content=\"2026-03-08T10:56:10+00:00\" \/>\n<meta name=\"twitter:card\" content=\"summary_large_image\" \/>\n<meta name=\"twitter:label1\" content=\"Arvioitu lukuaika\" \/>\n\t<meta name=\"twitter:data1\" content=\"1 minuutti\" \/>\n<script type=\"application\/ld+json\" class=\"yoast-schema-graph\">{\"@context\":\"https:\/\/schema.org\",\"@graph\":[{\"@type\":\"WebPage\",\"@id\":\"https:\/\/www.transtoyou.com\/fi\/product\/xenical\/\",\"url\":\"https:\/\/www.transtoyou.com\/fi\/product\/xenical\/\",\"name\":\"Xenical | Painonhallintatuki - Transtoyou\",\"isPartOf\":{\"@id\":\"https:\/\/www.transtoyou.com\/fi\/#website\"},\"primaryImageOfPage\":{\"@id\":\"https:\/\/www.transtoyou.com\/fi\/product\/xenical\/#primaryimage\"},\"image\":{\"@id\":\"https:\/\/www.transtoyou.com\/fi\/product\/xenical\/#primaryimage\"},\"thumbnailUrl\":\"https:\/\/www.transtoyou.com\/fi\/wp-content\/uploads\/sites\/16\/2026\/01\/tty-no-product-image-10.webp\",\"datePublished\":\"2026-01-22T15:27:04+00:00\",\"dateModified\":\"2026-03-08T10:56:10+00:00\",\"description\":\"L\u00f6yd\u00e4 Xenical Transtoyou: tehokas ratkaisu painonhallintaan. Osta nyt l\u00e4\u00e4k\u00e4rin hyv\u00e4ksymi\u00e4 terveysratkaisuja.\",\"breadcrumb\":{\"@id\":\"https:\/\/www.transtoyou.com\/fi\/product\/xenical\/#breadcrumb\"},\"inLanguage\":\"fi\",\"potentialAction\":[{\"@type\":\"ReadAction\",\"target\":[\"https:\/\/www.transtoyou.com\/fi\/product\/xenical\/\"]}]},{\"@type\":\"ImageObject\",\"inLanguage\":\"fi\",\"@id\":\"https:\/\/www.transtoyou.com\/fi\/product\/xenical\/#primaryimage\",\"url\":\"https:\/\/www.transtoyou.com\/fi\/wp-content\/uploads\/sites\/16\/2026\/01\/tty-no-product-image-10.webp\",\"contentUrl\":\"https:\/\/www.transtoyou.com\/fi\/wp-content\/uploads\/sites\/16\/2026\/01\/tty-no-product-image-10.webp\",\"width\":1000,\"height\":1000,\"caption\":\"Oletusarvoinen tuotekuva\"},{\"@type\":\"WebSite\",\"@id\":\"https:\/\/www.transtoyou.com\/fi\/#website\",\"url\":\"https:\/\/www.transtoyou.com\/fi\/\",\"name\":\"Transtoyou - FI\",\"description\":\"\",\"publisher\":{\"@id\":\"https:\/\/www.transtoyou.com\/fi\/#organization\"},\"potentialAction\":[{\"@type\":\"SearchAction\",\"target\":{\"@type\":\"EntryPoint\",\"urlTemplate\":\"https:\/\/www.transtoyou.com\/fi\/?s={search_term_string}\"},\"query-input\":{\"@type\":\"PropertyValueSpecification\",\"valueRequired\":true,\"valueName\":\"search_term_string\"}}],\"inLanguage\":\"fi\"},{\"@type\":\"Organization\",\"@id\":\"https:\/\/www.transtoyou.com\/fi\/#organization\",\"name\":\"Transtoyou - FI\",\"url\":\"https:\/\/www.transtoyou.com\/fi\/\",\"logo\":{\"@type\":\"ImageObject\",\"inLanguage\":\"fi\",\"@id\":\"https:\/\/www.transtoyou.com\/fi\/#\/schema\/logo\/image\/\",\"url\":\"https:\/\/www.transtoyou.com\/fi\/wp-content\/uploads\/sites\/16\/2026\/01\/logo-tty-menu-bar-300x87-1.webp\",\"contentUrl\":\"https:\/\/www.transtoyou.com\/fi\/wp-content\/uploads\/sites\/16\/2026\/01\/logo-tty-menu-bar-300x87-1.webp\",\"width\":300,\"height\":87,\"caption\":\"Transtoyou - FI\"},\"image\":{\"@id\":\"https:\/\/www.transtoyou.com\/fi\/#\/schema\/logo\/image\/\"}}]}<\/script>\n<!-- \/ Yoast SEO plugin. -->","yoast_head_json":{"title":"Xenical | Painonhallintatuki - Transtoyou","description":"L\u00f6yd\u00e4 Xenical Transtoyou: tehokas ratkaisu painonhallintaan. Osta nyt l\u00e4\u00e4k\u00e4rin hyv\u00e4ksymi\u00e4 terveysratkaisuja.","robots":{"index":"noindex","follow":"follow","max-snippet":"max-snippet:-1","max-image-preview":"max-image-preview:large","max-video-preview":"max-video-preview:-1"},"og_locale":"fi_FI","og_type":"article","og_title":"Xenical | Painonhallintatuki - Transtoyou","og_description":"L\u00f6yd\u00e4 Xenical Transtoyou: tehokas ratkaisu painonhallintaan. Osta nyt l\u00e4\u00e4k\u00e4rin hyv\u00e4ksymi\u00e4 terveysratkaisuja.","og_url":"https:\/\/www.transtoyou.com\/fi\/product\/xenical\/","og_site_name":"Transtoyou - FI","article_modified_time":"2026-03-08T10:56:10+00:00","twitter_card":"summary_large_image","twitter_misc":{"Arvioitu lukuaika":"1 minuutti"},"schema":{"@context":"https:\/\/schema.org","@graph":[{"@type":"WebPage","@id":"https:\/\/www.transtoyou.com\/fi\/product\/xenical\/","url":"https:\/\/www.transtoyou.com\/fi\/product\/xenical\/","name":"Xenical | Painonhallintatuki - Transtoyou","isPartOf":{"@id":"https:\/\/www.transtoyou.com\/fi\/#website"},"primaryImageOfPage":{"@id":"https:\/\/www.transtoyou.com\/fi\/product\/xenical\/#primaryimage"},"image":{"@id":"https:\/\/www.transtoyou.com\/fi\/product\/xenical\/#primaryimage"},"thumbnailUrl":"https:\/\/www.transtoyou.com\/fi\/wp-content\/uploads\/sites\/16\/2026\/01\/tty-no-product-image-10.webp","datePublished":"2026-01-22T15:27:04+00:00","dateModified":"2026-03-08T10:56:10+00:00","description":"L\u00f6yd\u00e4 Xenical Transtoyou: tehokas ratkaisu painonhallintaan. Osta nyt l\u00e4\u00e4k\u00e4rin hyv\u00e4ksymi\u00e4 terveysratkaisuja.","breadcrumb":{"@id":"https:\/\/www.transtoyou.com\/fi\/product\/xenical\/#breadcrumb"},"inLanguage":"fi","potentialAction":[{"@type":"ReadAction","target":["https:\/\/www.transtoyou.com\/fi\/product\/xenical\/"]}]},{"@type":"ImageObject","inLanguage":"fi","@id":"https:\/\/www.transtoyou.com\/fi\/product\/xenical\/#primaryimage","url":"https:\/\/www.transtoyou.com\/fi\/wp-content\/uploads\/sites\/16\/2026\/01\/tty-no-product-image-10.webp","contentUrl":"https:\/\/www.transtoyou.com\/fi\/wp-content\/uploads\/sites\/16\/2026\/01\/tty-no-product-image-10.webp","width":1000,"height":1000,"caption":"Oletusarvoinen tuotekuva"},{"@type":"WebSite","@id":"https:\/\/www.transtoyou.com\/fi\/#website","url":"https:\/\/www.transtoyou.com\/fi\/","name":"Transtoyou - FI","description":"","publisher":{"@id":"https:\/\/www.transtoyou.com\/fi\/#organization"},"potentialAction":[{"@type":"SearchAction","target":{"@type":"EntryPoint","urlTemplate":"https:\/\/www.transtoyou.com\/fi\/?s={search_term_string}"},"query-input":{"@type":"PropertyValueSpecification","valueRequired":true,"valueName":"search_term_string"}}],"inLanguage":"fi"},{"@type":"Organization","@id":"https:\/\/www.transtoyou.com\/fi\/#organization","name":"Transtoyou - FI","url":"https:\/\/www.transtoyou.com\/fi\/","logo":{"@type":"ImageObject","inLanguage":"fi","@id":"https:\/\/www.transtoyou.com\/fi\/#\/schema\/logo\/image\/","url":"https:\/\/www.transtoyou.com\/fi\/wp-content\/uploads\/sites\/16\/2026\/01\/logo-tty-menu-bar-300x87-1.webp","contentUrl":"https:\/\/www.transtoyou.com\/fi\/wp-content\/uploads\/sites\/16\/2026\/01\/logo-tty-menu-bar-300x87-1.webp","width":300,"height":87,"caption":"Transtoyou - FI"},"image":{"@id":"https:\/\/www.transtoyou.com\/fi\/#\/schema\/logo\/image\/"}}]}},"_links":{"self":[{"href":"https:\/\/www.transtoyou.com\/fi\/wp-json\/wp\/v2\/product\/472","targetHints":{"allow":["GET"]}}],"collection":[{"href":"https:\/\/www.transtoyou.com\/fi\/wp-json\/wp\/v2\/product"}],"about":[{"href":"https:\/\/www.transtoyou.com\/fi\/wp-json\/wp\/v2\/types\/product"}],"replies":[{"embeddable":true,"href":"https:\/\/www.transtoyou.com\/fi\/wp-json\/wp\/v2\/comments?post=472"}],"wp:featuredmedia":[{"embeddable":true,"href":"https:\/\/www.transtoyou.com\/fi\/wp-json\/wp\/v2\/media\/474"}],"wp:attachment":[{"href":"https:\/\/www.transtoyou.com\/fi\/wp-json\/wp\/v2\/media?parent=472"}],"wp:term":[{"taxonomy":"product_brand","embeddable":true,"href":"https:\/\/www.transtoyou.com\/fi\/wp-json\/wp\/v2\/product_brand?post=472"},{"taxonomy":"product_cat","embeddable":true,"href":"https:\/\/www.transtoyou.com\/fi\/wp-json\/wp\/v2\/product_cat?post=472"},{"taxonomy":"product_tag","embeddable":true,"href":"https:\/\/www.transtoyou.com\/fi\/wp-json\/wp\/v2\/product_tag?post=472"},{"taxonomy":"expert","embeddable":true,"href":"https:\/\/www.transtoyou.com\/fi\/wp-json\/wp\/v2\/expert?post=472"}],"curies":[{"name":"wp","href":"https:\/\/api.w.org\/{rel}","templated":true}]}}