{"id":475,"date":"2026-01-22T15:43:02","date_gmt":"2026-01-22T15:43:02","guid":{"rendered":"https:\/\/www.transtoyou.com\/fi\/product\/diflucan\/"},"modified":"2026-01-22T15:44:13","modified_gmt":"2026-01-22T15:44:13","slug":"diflukaan","status":"publish","type":"product","link":"https:\/\/www.transtoyou.com\/fi\/product\/diflukaan\/","title":{"rendered":"Diflucan"},"content":{"rendered":"<p>Diflucan on suun kautta otettava antifungaalinen l\u00e4\u00e4kitys, jota k\u00e4ytet\u00e4\u00e4n em\u00e4ttimen hiivatulehdusten hoitoon, joita aiheuttaa Candida. Se sis\u00e4lt\u00e4\u00e4 fluconazolea, systeemist\u00e4 antifungaalista ainetta, joka kohdistuu juurisyyn h\u00e4iritsem\u00e4ll\u00e4 sienisolun kalvoa. Toisin kuin paikalliset hoidot, se otetaan kertaluonteisena suun kautta annettavana annoksena.<\/p>\n<p>Candida-infektiot, joita yleisesti kutsutaan hiivatulehduksiksi, voivat aiheuttaa kutinaa, \u00e4rsytyst\u00e4, turvotusta ja ep\u00e4normaalia vuotoa luonnollisen em\u00e4ttimen mikrobiomin h\u00e4iriintymisen vuoksi. Diflucan toimii est\u00e4m\u00e4ll\u00e4 ergosterolin muodostumista, joka on olennainen osa sienisolun sein\u00e4m\u00e4\u00e4, mik\u00e4 johtaa sienisolujen kuolemaan ja infektion h\u00e4vi\u00e4miseen.<\/p>\n<p>Koska se otetaan suun kautta, Diflucan toimii systeemisesti ja voi olla erityisen hy\u00f6dyllinen henkil\u00f6ille, jotka suosivat kertahoitoa tai eiv\u00e4t voi k\u00e4ytt\u00e4\u00e4 em\u00e4ttimen tuotteita. Monet ihmiset voivat kokea oireiden lievittymist\u00e4 24\u201348 tunnin kuluessa, vaikka t\u00e4ydelliseen parantumiseen saattaa tarvita useita p\u00e4ivi\u00e4.<\/p>\n<p>Haittavaikutukset ovat yleens\u00e4 lievi\u00e4 ja voivat sis\u00e4lt\u00e4\u00e4 pahoinvointia, p\u00e4\u00e4ns\u00e4rky\u00e4, vatsakipua tai ripulia. Sit\u00e4 tulisi k\u00e4ytt\u00e4\u00e4 varoen henkil\u00f6ill\u00e4, joilla on maksasairauksia tai jotka k\u00e4ytt\u00e4v\u00e4t l\u00e4\u00e4kkeit\u00e4, jotka vaikuttavat fluconazoleen, erityisesti niit\u00e4, jotka vaikuttavat syd\u00e4men rytmiin tai maksaentsyymeihin.<\/p>\n<p>Diflucania k\u00e4ytet\u00e4\u00e4n usein yksitt\u00e4isiin hiivatulehdusjaksoihin, mutta sit\u00e4 voidaan my\u00f6s m\u00e4\u00e4r\u00e4t\u00e4 osana pidempiaikaista suunnitelmaa toistuville infektioille. Sit\u00e4 ei suositella varhaisessa raskaudessa ilman l\u00e4\u00e4k\u00e4rin neuvoja; kertaluonteinen 150 mg annos n\u00e4ytt\u00e4\u00e4 aiheuttavan alhaisia riskej\u00e4, mutta toistuvat tai suuret annokset voivat aiheuttaa mahdollisia haittoja.<\/p>\n","protected":false},"excerpt":{"rendered":"<ul>\n<li>Yhden annoksen hiivatulehdushoito<\/li>\n<li>Kohdistuu Candidaan systeemisesti<\/li>\n<li>Tehokas suun kautta otettava sienil\u00e4\u00e4kitys<\/li>\n<\/ul>\n","protected":false},"featured_media":477,"comment_status":"open","ping_status":"closed","template":"","meta":[],"product_brand":[],"product_cat":[70,155],"product_tag":[],"expert":[19],"class_list":{"0":"post-475","1":"product","2":"type-product","3":"status-publish","4":"has-post-thumbnail","6":"product_cat-kandida","7":"product_cat-vaginaaliset-infektiot-antifungaalit","8":"expert-dr-j-vazquez","10":"first","11":"instock","12":"shipping-taxable","13":"product-type-variable"},"yoast_head":"<!-- This site is optimized with the Yoast SEO plugin v27.0 - https:\/\/yoast.com\/product\/yoast-seo-wordpress\/ -->\n<title>Diflucan | Tehokas sienitautien hoito - Transtoyou<\/title>\n<meta name=\"description\" content=\"Ratkaise sienitulehdukset Diflucanilla, saatavilla Transtoyousta. Osta nyt tehokasta hoitoa ja helpota oireitasi t\u00e4n\u00e4\u00e4n.\" \/>\n<meta name=\"robots\" content=\"noindex, follow, max-snippet:-1, max-image-preview:large, max-video-preview:-1\" \/>\n<meta property=\"og:locale\" content=\"fi_FI\" \/>\n<meta property=\"og:type\" content=\"article\" \/>\n<meta property=\"og:title\" content=\"Diflucan | Tehokas sienitautien hoito - Transtoyou\" \/>\n<meta property=\"og:description\" content=\"Ratkaise sienitulehdukset Diflucanilla, saatavilla Transtoyousta. Osta nyt tehokasta hoitoa ja helpota oireitasi t\u00e4n\u00e4\u00e4n.\" \/>\n<meta property=\"og:url\" content=\"https:\/\/www.transtoyou.com\/fi\/product\/diflukaan\/\" \/>\n<meta property=\"og:site_name\" content=\"Transtoyou - FI\" \/>\n<meta property=\"article:modified_time\" content=\"2026-01-22T15:44:13+00:00\" \/>\n<meta name=\"twitter:card\" content=\"summary_large_image\" \/>\n<meta name=\"twitter:label1\" content=\"Arvioitu lukuaika\" \/>\n\t<meta name=\"twitter:data1\" content=\"1 minuutti\" \/>\n<script type=\"application\/ld+json\" class=\"yoast-schema-graph\">{\"@context\":\"https:\/\/schema.org\",\"@graph\":[{\"@type\":\"WebPage\",\"@id\":\"https:\/\/www.transtoyou.com\/fi\/product\/diflukaan\/\",\"url\":\"https:\/\/www.transtoyou.com\/fi\/product\/diflukaan\/\",\"name\":\"Diflucan | Tehokas sienitautien hoito - Transtoyou\",\"isPartOf\":{\"@id\":\"https:\/\/www.transtoyou.com\/fi\/#website\"},\"primaryImageOfPage\":{\"@id\":\"https:\/\/www.transtoyou.com\/fi\/product\/diflukaan\/#primaryimage\"},\"image\":{\"@id\":\"https:\/\/www.transtoyou.com\/fi\/product\/diflukaan\/#primaryimage\"},\"thumbnailUrl\":\"https:\/\/www.transtoyou.com\/fi\/wp-content\/uploads\/sites\/16\/2026\/01\/tty-no-product-image-11.webp\",\"datePublished\":\"2026-01-22T15:43:02+00:00\",\"dateModified\":\"2026-01-22T15:44:13+00:00\",\"description\":\"Ratkaise sienitulehdukset Diflucanilla, saatavilla Transtoyousta. Osta nyt tehokasta hoitoa ja helpota oireitasi t\u00e4n\u00e4\u00e4n.\",\"breadcrumb\":{\"@id\":\"https:\/\/www.transtoyou.com\/fi\/product\/diflukaan\/#breadcrumb\"},\"inLanguage\":\"fi\",\"potentialAction\":[{\"@type\":\"ReadAction\",\"target\":[\"https:\/\/www.transtoyou.com\/fi\/product\/diflukaan\/\"]}]},{\"@type\":\"ImageObject\",\"inLanguage\":\"fi\",\"@id\":\"https:\/\/www.transtoyou.com\/fi\/product\/diflukaan\/#primaryimage\",\"url\":\"https:\/\/www.transtoyou.com\/fi\/wp-content\/uploads\/sites\/16\/2026\/01\/tty-no-product-image-11.webp\",\"contentUrl\":\"https:\/\/www.transtoyou.com\/fi\/wp-content\/uploads\/sites\/16\/2026\/01\/tty-no-product-image-11.webp\",\"width\":1000,\"height\":1000,\"caption\":\"Oletusarvoinen tuotekuva\"},{\"@type\":\"WebSite\",\"@id\":\"https:\/\/www.transtoyou.com\/fi\/#website\",\"url\":\"https:\/\/www.transtoyou.com\/fi\/\",\"name\":\"Transtoyou - FI\",\"description\":\"\",\"publisher\":{\"@id\":\"https:\/\/www.transtoyou.com\/fi\/#organization\"},\"potentialAction\":[{\"@type\":\"SearchAction\",\"target\":{\"@type\":\"EntryPoint\",\"urlTemplate\":\"https:\/\/www.transtoyou.com\/fi\/?s={search_term_string}\"},\"query-input\":{\"@type\":\"PropertyValueSpecification\",\"valueRequired\":true,\"valueName\":\"search_term_string\"}}],\"inLanguage\":\"fi\"},{\"@type\":\"Organization\",\"@id\":\"https:\/\/www.transtoyou.com\/fi\/#organization\",\"name\":\"Transtoyou - FI\",\"url\":\"https:\/\/www.transtoyou.com\/fi\/\",\"logo\":{\"@type\":\"ImageObject\",\"inLanguage\":\"fi\",\"@id\":\"https:\/\/www.transtoyou.com\/fi\/#\/schema\/logo\/image\/\",\"url\":\"https:\/\/www.transtoyou.com\/fi\/wp-content\/uploads\/sites\/16\/2026\/01\/logo-tty-menu-bar-300x87-1.webp\",\"contentUrl\":\"https:\/\/www.transtoyou.com\/fi\/wp-content\/uploads\/sites\/16\/2026\/01\/logo-tty-menu-bar-300x87-1.webp\",\"width\":300,\"height\":87,\"caption\":\"Transtoyou - FI\"},\"image\":{\"@id\":\"https:\/\/www.transtoyou.com\/fi\/#\/schema\/logo\/image\/\"}}]}<\/script>\n<!-- \/ Yoast SEO plugin. -->","yoast_head_json":{"title":"Diflucan | Tehokas sienitautien hoito - Transtoyou","description":"Ratkaise sienitulehdukset Diflucanilla, saatavilla Transtoyousta. Osta nyt tehokasta hoitoa ja helpota oireitasi t\u00e4n\u00e4\u00e4n.","robots":{"index":"noindex","follow":"follow","max-snippet":"max-snippet:-1","max-image-preview":"max-image-preview:large","max-video-preview":"max-video-preview:-1"},"og_locale":"fi_FI","og_type":"article","og_title":"Diflucan | Tehokas sienitautien hoito - Transtoyou","og_description":"Ratkaise sienitulehdukset Diflucanilla, saatavilla Transtoyousta. Osta nyt tehokasta hoitoa ja helpota oireitasi t\u00e4n\u00e4\u00e4n.","og_url":"https:\/\/www.transtoyou.com\/fi\/product\/diflukaan\/","og_site_name":"Transtoyou - FI","article_modified_time":"2026-01-22T15:44:13+00:00","twitter_card":"summary_large_image","twitter_misc":{"Arvioitu lukuaika":"1 minuutti"},"schema":{"@context":"https:\/\/schema.org","@graph":[{"@type":"WebPage","@id":"https:\/\/www.transtoyou.com\/fi\/product\/diflukaan\/","url":"https:\/\/www.transtoyou.com\/fi\/product\/diflukaan\/","name":"Diflucan | Tehokas sienitautien hoito - Transtoyou","isPartOf":{"@id":"https:\/\/www.transtoyou.com\/fi\/#website"},"primaryImageOfPage":{"@id":"https:\/\/www.transtoyou.com\/fi\/product\/diflukaan\/#primaryimage"},"image":{"@id":"https:\/\/www.transtoyou.com\/fi\/product\/diflukaan\/#primaryimage"},"thumbnailUrl":"https:\/\/www.transtoyou.com\/fi\/wp-content\/uploads\/sites\/16\/2026\/01\/tty-no-product-image-11.webp","datePublished":"2026-01-22T15:43:02+00:00","dateModified":"2026-01-22T15:44:13+00:00","description":"Ratkaise sienitulehdukset Diflucanilla, saatavilla Transtoyousta. Osta nyt tehokasta hoitoa ja helpota oireitasi t\u00e4n\u00e4\u00e4n.","breadcrumb":{"@id":"https:\/\/www.transtoyou.com\/fi\/product\/diflukaan\/#breadcrumb"},"inLanguage":"fi","potentialAction":[{"@type":"ReadAction","target":["https:\/\/www.transtoyou.com\/fi\/product\/diflukaan\/"]}]},{"@type":"ImageObject","inLanguage":"fi","@id":"https:\/\/www.transtoyou.com\/fi\/product\/diflukaan\/#primaryimage","url":"https:\/\/www.transtoyou.com\/fi\/wp-content\/uploads\/sites\/16\/2026\/01\/tty-no-product-image-11.webp","contentUrl":"https:\/\/www.transtoyou.com\/fi\/wp-content\/uploads\/sites\/16\/2026\/01\/tty-no-product-image-11.webp","width":1000,"height":1000,"caption":"Oletusarvoinen tuotekuva"},{"@type":"WebSite","@id":"https:\/\/www.transtoyou.com\/fi\/#website","url":"https:\/\/www.transtoyou.com\/fi\/","name":"Transtoyou - FI","description":"","publisher":{"@id":"https:\/\/www.transtoyou.com\/fi\/#organization"},"potentialAction":[{"@type":"SearchAction","target":{"@type":"EntryPoint","urlTemplate":"https:\/\/www.transtoyou.com\/fi\/?s={search_term_string}"},"query-input":{"@type":"PropertyValueSpecification","valueRequired":true,"valueName":"search_term_string"}}],"inLanguage":"fi"},{"@type":"Organization","@id":"https:\/\/www.transtoyou.com\/fi\/#organization","name":"Transtoyou - FI","url":"https:\/\/www.transtoyou.com\/fi\/","logo":{"@type":"ImageObject","inLanguage":"fi","@id":"https:\/\/www.transtoyou.com\/fi\/#\/schema\/logo\/image\/","url":"https:\/\/www.transtoyou.com\/fi\/wp-content\/uploads\/sites\/16\/2026\/01\/logo-tty-menu-bar-300x87-1.webp","contentUrl":"https:\/\/www.transtoyou.com\/fi\/wp-content\/uploads\/sites\/16\/2026\/01\/logo-tty-menu-bar-300x87-1.webp","width":300,"height":87,"caption":"Transtoyou - FI"},"image":{"@id":"https:\/\/www.transtoyou.com\/fi\/#\/schema\/logo\/image\/"}}]}},"_links":{"self":[{"href":"https:\/\/www.transtoyou.com\/fi\/wp-json\/wp\/v2\/product\/475","targetHints":{"allow":["GET"]}}],"collection":[{"href":"https:\/\/www.transtoyou.com\/fi\/wp-json\/wp\/v2\/product"}],"about":[{"href":"https:\/\/www.transtoyou.com\/fi\/wp-json\/wp\/v2\/types\/product"}],"replies":[{"embeddable":true,"href":"https:\/\/www.transtoyou.com\/fi\/wp-json\/wp\/v2\/comments?post=475"}],"wp:featuredmedia":[{"embeddable":true,"href":"https:\/\/www.transtoyou.com\/fi\/wp-json\/wp\/v2\/media\/477"}],"wp:attachment":[{"href":"https:\/\/www.transtoyou.com\/fi\/wp-json\/wp\/v2\/media?parent=475"}],"wp:term":[{"taxonomy":"product_brand","embeddable":true,"href":"https:\/\/www.transtoyou.com\/fi\/wp-json\/wp\/v2\/product_brand?post=475"},{"taxonomy":"product_cat","embeddable":true,"href":"https:\/\/www.transtoyou.com\/fi\/wp-json\/wp\/v2\/product_cat?post=475"},{"taxonomy":"product_tag","embeddable":true,"href":"https:\/\/www.transtoyou.com\/fi\/wp-json\/wp\/v2\/product_tag?post=475"},{"taxonomy":"expert","embeddable":true,"href":"https:\/\/www.transtoyou.com\/fi\/wp-json\/wp\/v2\/expert?post=475"}],"curies":[{"name":"wp","href":"https:\/\/api.w.org\/{rel}","templated":true}]}}