{"id":493,"date":"2026-01-22T17:21:16","date_gmt":"2026-01-22T17:21:16","guid":{"rendered":"https:\/\/www.transtoyou.com\/fi\/product\/aciclovir\/"},"modified":"2026-02-12T14:13:42","modified_gmt":"2026-02-12T14:13:42","slug":"aciclovir","status":"publish","type":"product","link":"https:\/\/www.transtoyou.com\/fi\/product\/aciclovir\/","title":{"rendered":"Asikloviiri"},"content":{"rendered":"<p>Asikloviiri on virusl\u00e4\u00e4ke, jota k\u00e4ytet\u00e4\u00e4n herpesvirusinfektioiden (kuten HSV ja VZV) hoitoon, mukaan lukien sukupuoliyhteydess\u00e4 tarttuva herpes, huuliherpes ja vy\u00f6ruusu. Se toimii hidastamalla herpesviruksen kasvua ja levi\u00e4mist\u00e4 kehossa, mik\u00e4 auttaa v\u00e4hent\u00e4m\u00e4\u00e4n puhkeamisten vakavuutta ja kestoa. Asikloviiri ei paranna herpesinfektioita, mutta voi tehokkaasti hallita oireita ja v\u00e4hent\u00e4\u00e4 uusiutumisten tiheytt\u00e4.<\/p>\n<p>L\u00e4\u00e4ke on saatavilla eri muodoissa, mukaan lukien tabletit, voiteet ja suonensis\u00e4iset liuokset. Ihon liittyviss\u00e4 puhkeamissa, kuten huuliherpeksess\u00e4 tai vy\u00f6ruusussa, voidetta levitet\u00e4\u00e4n usein suoraan vaikuttavalle alueelle. Laajemmissa tai vakavammissa infektioissa tabletit tai suonensis\u00e4inen antaminen ovat osoitettuja.<\/p>\n<p>Asikloviiri toimii h\u00e4iritsem\u00e4ll\u00e4 viruksen kyky\u00e4 kopioida geneettist\u00e4 materiaaliaan. T\u00e4m\u00e4 tarkoittaa, ett\u00e4 vaikka virus pysyy lepovaiheessa kehossa, aktiivinen kopiointi estyy, mik\u00e4 auttaa rajoittamaan infektiota ja edist\u00e4m\u00e4\u00e4n nopeampaa paranemista.<\/p>\n<p>Useimmat ihmiset huomaavat oireiden lievittymist\u00e4 muutaman p\u00e4iv\u00e4n kuluessa hoidon aloittamisesta, erityisesti kun l\u00e4\u00e4ke otetaan ensimm\u00e4isten puhkeamisoireiden yhteydess\u00e4.<\/p>\n<p>Tyypilliset hoitojaksot kest\u00e4v\u00e4t viidest\u00e4 kymmeneen p\u00e4iv\u00e4\u00e4n, riippuen tilasta ja antotavasta. Sukupuoliyhteydess\u00e4 tarttuvan herpeksen osalta tyypillinen aikuisannos on 400 mg kolme kertaa p\u00e4iv\u00e4ss\u00e4 5\u201310 p\u00e4iv\u00e4n ajan. Toistuvien puhkeamisten yhteydess\u00e4 jotkut henkil\u00f6t voivat ottaa Asikloviiria p\u00e4ivitt\u00e4in tukahduttavana hoitona v\u00e4hent\u00e4\u00e4kseen puhkeamisia.<\/p>\n","protected":false},"excerpt":{"rendered":"<ul>\n<li>Tehokas herpesviruksia vastaan<\/li>\n<li>V\u00e4hent\u00e4\u00e4 puhkeamisen vakavuutta ja kestoa<\/li>\n<li>Saatavilla voiteena ja tablettimuodossa<\/li>\n<\/ul>\n","protected":false},"featured_media":1332,"comment_status":"open","ping_status":"closed","template":"","meta":[],"product_brand":[],"product_cat":[116,74,144],"product_tag":[],"expert":[21],"class_list":{"0":"post-493","1":"product","2":"type-product","3":"status-publish","4":"has-post-thumbnail","6":"product_cat-herpes","7":"product_cat-huuliherpes","8":"product_cat-tiilet","9":"expert-dr-m-sharoyko","11":"first","12":"instock","13":"shipping-taxable","14":"purchasable","15":"product-type-variable"},"yoast_head":"<!-- This site is optimized with the Yoast SEO plugin v27.0 - https:\/\/yoast.com\/product\/yoast-seo-wordpress\/ -->\n<title>Atsikloviiri | Tehokas virusl\u00e4\u00e4kitys - Transtoyou<\/title>\n<meta name=\"description\" content=\"Acycloviri saatavilla Transtoyou: luotettava l\u00e4hde tehokkaaseen virushoitoon. Osta nyt ja saa nopea p\u00e4\u00e4sy laadukkaisiin terveydenhuollon tuotteisiin.\" \/>\n<meta name=\"robots\" content=\"noindex, follow, max-snippet:-1, max-image-preview:large, max-video-preview:-1\" \/>\n<meta property=\"og:locale\" content=\"fi_FI\" \/>\n<meta property=\"og:type\" content=\"article\" \/>\n<meta property=\"og:title\" content=\"Atsikloviiri | Tehokas virusl\u00e4\u00e4kitys - Transtoyou\" \/>\n<meta property=\"og:description\" content=\"Acycloviri saatavilla Transtoyou: luotettava l\u00e4hde tehokkaaseen virushoitoon. Osta nyt ja saa nopea p\u00e4\u00e4sy laadukkaisiin terveydenhuollon tuotteisiin.\" \/>\n<meta property=\"og:url\" content=\"https:\/\/www.transtoyou.com\/fi\/product\/aciclovir\/\" \/>\n<meta property=\"og:site_name\" content=\"Transtoyou - FI\" \/>\n<meta property=\"article:modified_time\" content=\"2026-02-12T14:13:42+00:00\" \/>\n<meta name=\"twitter:card\" content=\"summary_large_image\" \/>\n<meta name=\"twitter:label1\" content=\"Arvioitu lukuaika\" \/>\n\t<meta name=\"twitter:data1\" content=\"1 minuutti\" \/>\n<script type=\"application\/ld+json\" class=\"yoast-schema-graph\">{\"@context\":\"https:\/\/schema.org\",\"@graph\":[{\"@type\":\"WebPage\",\"@id\":\"https:\/\/www.transtoyou.com\/fi\/product\/aciclovir\/\",\"url\":\"https:\/\/www.transtoyou.com\/fi\/product\/aciclovir\/\",\"name\":\"Atsikloviiri | Tehokas virusl\u00e4\u00e4kitys - Transtoyou\",\"isPartOf\":{\"@id\":\"https:\/\/www.transtoyou.com\/fi\/#website\"},\"primaryImageOfPage\":{\"@id\":\"https:\/\/www.transtoyou.com\/fi\/product\/aciclovir\/#primaryimage\"},\"image\":{\"@id\":\"https:\/\/www.transtoyou.com\/fi\/product\/aciclovir\/#primaryimage\"},\"thumbnailUrl\":\"https:\/\/www.transtoyou.com\/fi\/wp-content\/uploads\/sites\/16\/2026\/02\/Aciclovir-mean-image.png\",\"datePublished\":\"2026-01-22T17:21:16+00:00\",\"dateModified\":\"2026-02-12T14:13:42+00:00\",\"description\":\"Acycloviri saatavilla Transtoyou: luotettava l\u00e4hde tehokkaaseen virushoitoon. Osta nyt ja saa nopea p\u00e4\u00e4sy laadukkaisiin terveydenhuollon tuotteisiin.\",\"breadcrumb\":{\"@id\":\"https:\/\/www.transtoyou.com\/fi\/product\/aciclovir\/#breadcrumb\"},\"inLanguage\":\"fi\",\"potentialAction\":[{\"@type\":\"ReadAction\",\"target\":[\"https:\/\/www.transtoyou.com\/fi\/product\/aciclovir\/\"]}]},{\"@type\":\"ImageObject\",\"inLanguage\":\"fi\",\"@id\":\"https:\/\/www.transtoyou.com\/fi\/product\/aciclovir\/#primaryimage\",\"url\":\"https:\/\/www.transtoyou.com\/fi\/wp-content\/uploads\/sites\/16\/2026\/02\/Aciclovir-mean-image.png\",\"contentUrl\":\"https:\/\/www.transtoyou.com\/fi\/wp-content\/uploads\/sites\/16\/2026\/02\/Aciclovir-mean-image.png\",\"width\":1080,\"height\":1080,\"caption\":\"Acyclovir-tilaus verkossa - Transtoyou\"},{\"@type\":\"WebSite\",\"@id\":\"https:\/\/www.transtoyou.com\/fi\/#website\",\"url\":\"https:\/\/www.transtoyou.com\/fi\/\",\"name\":\"Transtoyou - FI\",\"description\":\"\",\"publisher\":{\"@id\":\"https:\/\/www.transtoyou.com\/fi\/#organization\"},\"potentialAction\":[{\"@type\":\"SearchAction\",\"target\":{\"@type\":\"EntryPoint\",\"urlTemplate\":\"https:\/\/www.transtoyou.com\/fi\/?s={search_term_string}\"},\"query-input\":{\"@type\":\"PropertyValueSpecification\",\"valueRequired\":true,\"valueName\":\"search_term_string\"}}],\"inLanguage\":\"fi\"},{\"@type\":\"Organization\",\"@id\":\"https:\/\/www.transtoyou.com\/fi\/#organization\",\"name\":\"Transtoyou - FI\",\"url\":\"https:\/\/www.transtoyou.com\/fi\/\",\"logo\":{\"@type\":\"ImageObject\",\"inLanguage\":\"fi\",\"@id\":\"https:\/\/www.transtoyou.com\/fi\/#\/schema\/logo\/image\/\",\"url\":\"https:\/\/www.transtoyou.com\/fi\/wp-content\/uploads\/sites\/16\/2026\/01\/logo-tty-menu-bar-300x87-1.webp\",\"contentUrl\":\"https:\/\/www.transtoyou.com\/fi\/wp-content\/uploads\/sites\/16\/2026\/01\/logo-tty-menu-bar-300x87-1.webp\",\"width\":300,\"height\":87,\"caption\":\"Transtoyou - FI\"},\"image\":{\"@id\":\"https:\/\/www.transtoyou.com\/fi\/#\/schema\/logo\/image\/\"}}]}<\/script>\n<!-- \/ Yoast SEO plugin. -->","yoast_head_json":{"title":"Atsikloviiri | Tehokas virusl\u00e4\u00e4kitys - Transtoyou","description":"Acycloviri saatavilla Transtoyou: luotettava l\u00e4hde tehokkaaseen virushoitoon. Osta nyt ja saa nopea p\u00e4\u00e4sy laadukkaisiin terveydenhuollon tuotteisiin.","robots":{"index":"noindex","follow":"follow","max-snippet":"max-snippet:-1","max-image-preview":"max-image-preview:large","max-video-preview":"max-video-preview:-1"},"og_locale":"fi_FI","og_type":"article","og_title":"Atsikloviiri | Tehokas virusl\u00e4\u00e4kitys - Transtoyou","og_description":"Acycloviri saatavilla Transtoyou: luotettava l\u00e4hde tehokkaaseen virushoitoon. Osta nyt ja saa nopea p\u00e4\u00e4sy laadukkaisiin terveydenhuollon tuotteisiin.","og_url":"https:\/\/www.transtoyou.com\/fi\/product\/aciclovir\/","og_site_name":"Transtoyou - FI","article_modified_time":"2026-02-12T14:13:42+00:00","twitter_card":"summary_large_image","twitter_misc":{"Arvioitu lukuaika":"1 minuutti"},"schema":{"@context":"https:\/\/schema.org","@graph":[{"@type":"WebPage","@id":"https:\/\/www.transtoyou.com\/fi\/product\/aciclovir\/","url":"https:\/\/www.transtoyou.com\/fi\/product\/aciclovir\/","name":"Atsikloviiri | Tehokas virusl\u00e4\u00e4kitys - Transtoyou","isPartOf":{"@id":"https:\/\/www.transtoyou.com\/fi\/#website"},"primaryImageOfPage":{"@id":"https:\/\/www.transtoyou.com\/fi\/product\/aciclovir\/#primaryimage"},"image":{"@id":"https:\/\/www.transtoyou.com\/fi\/product\/aciclovir\/#primaryimage"},"thumbnailUrl":"https:\/\/www.transtoyou.com\/fi\/wp-content\/uploads\/sites\/16\/2026\/02\/Aciclovir-mean-image.png","datePublished":"2026-01-22T17:21:16+00:00","dateModified":"2026-02-12T14:13:42+00:00","description":"Acycloviri saatavilla Transtoyou: luotettava l\u00e4hde tehokkaaseen virushoitoon. Osta nyt ja saa nopea p\u00e4\u00e4sy laadukkaisiin terveydenhuollon tuotteisiin.","breadcrumb":{"@id":"https:\/\/www.transtoyou.com\/fi\/product\/aciclovir\/#breadcrumb"},"inLanguage":"fi","potentialAction":[{"@type":"ReadAction","target":["https:\/\/www.transtoyou.com\/fi\/product\/aciclovir\/"]}]},{"@type":"ImageObject","inLanguage":"fi","@id":"https:\/\/www.transtoyou.com\/fi\/product\/aciclovir\/#primaryimage","url":"https:\/\/www.transtoyou.com\/fi\/wp-content\/uploads\/sites\/16\/2026\/02\/Aciclovir-mean-image.png","contentUrl":"https:\/\/www.transtoyou.com\/fi\/wp-content\/uploads\/sites\/16\/2026\/02\/Aciclovir-mean-image.png","width":1080,"height":1080,"caption":"Acyclovir-tilaus verkossa - Transtoyou"},{"@type":"WebSite","@id":"https:\/\/www.transtoyou.com\/fi\/#website","url":"https:\/\/www.transtoyou.com\/fi\/","name":"Transtoyou - FI","description":"","publisher":{"@id":"https:\/\/www.transtoyou.com\/fi\/#organization"},"potentialAction":[{"@type":"SearchAction","target":{"@type":"EntryPoint","urlTemplate":"https:\/\/www.transtoyou.com\/fi\/?s={search_term_string}"},"query-input":{"@type":"PropertyValueSpecification","valueRequired":true,"valueName":"search_term_string"}}],"inLanguage":"fi"},{"@type":"Organization","@id":"https:\/\/www.transtoyou.com\/fi\/#organization","name":"Transtoyou - FI","url":"https:\/\/www.transtoyou.com\/fi\/","logo":{"@type":"ImageObject","inLanguage":"fi","@id":"https:\/\/www.transtoyou.com\/fi\/#\/schema\/logo\/image\/","url":"https:\/\/www.transtoyou.com\/fi\/wp-content\/uploads\/sites\/16\/2026\/01\/logo-tty-menu-bar-300x87-1.webp","contentUrl":"https:\/\/www.transtoyou.com\/fi\/wp-content\/uploads\/sites\/16\/2026\/01\/logo-tty-menu-bar-300x87-1.webp","width":300,"height":87,"caption":"Transtoyou - FI"},"image":{"@id":"https:\/\/www.transtoyou.com\/fi\/#\/schema\/logo\/image\/"}}]}},"_links":{"self":[{"href":"https:\/\/www.transtoyou.com\/fi\/wp-json\/wp\/v2\/product\/493","targetHints":{"allow":["GET"]}}],"collection":[{"href":"https:\/\/www.transtoyou.com\/fi\/wp-json\/wp\/v2\/product"}],"about":[{"href":"https:\/\/www.transtoyou.com\/fi\/wp-json\/wp\/v2\/types\/product"}],"replies":[{"embeddable":true,"href":"https:\/\/www.transtoyou.com\/fi\/wp-json\/wp\/v2\/comments?post=493"}],"wp:featuredmedia":[{"embeddable":true,"href":"https:\/\/www.transtoyou.com\/fi\/wp-json\/wp\/v2\/media\/1332"}],"wp:attachment":[{"href":"https:\/\/www.transtoyou.com\/fi\/wp-json\/wp\/v2\/media?parent=493"}],"wp:term":[{"taxonomy":"product_brand","embeddable":true,"href":"https:\/\/www.transtoyou.com\/fi\/wp-json\/wp\/v2\/product_brand?post=493"},{"taxonomy":"product_cat","embeddable":true,"href":"https:\/\/www.transtoyou.com\/fi\/wp-json\/wp\/v2\/product_cat?post=493"},{"taxonomy":"product_tag","embeddable":true,"href":"https:\/\/www.transtoyou.com\/fi\/wp-json\/wp\/v2\/product_tag?post=493"},{"taxonomy":"expert","embeddable":true,"href":"https:\/\/www.transtoyou.com\/fi\/wp-json\/wp\/v2\/expert?post=493"}],"curies":[{"name":"wp","href":"https:\/\/api.w.org\/{rel}","templated":true}]}}