{"id":496,"date":"2026-01-22T17:37:31","date_gmt":"2026-01-22T17:37:31","guid":{"rendered":"https:\/\/www.transtoyou.com\/fi\/product\/aldara\/"},"modified":"2026-02-12T07:37:10","modified_gmt":"2026-02-12T07:37:10","slug":"aldara","status":"publish","type":"product","link":"https:\/\/www.transtoyou.com\/fi\/product\/aldara\/","title":{"rendered":"Aldara"},"content":{"rendered":"<p>Aldara on paikallisesti k\u00e4ytett\u00e4v\u00e4 voide, joka sis\u00e4lt\u00e4\u00e4 imikvimodia, immuunivastetta muokkaavaa ainetta, jota k\u00e4ytet\u00e4\u00e4n ulkoisten sukupuoli- ja per\u00e4aukkokondyloomien sek\u00e4 muiden ihosairauksien, kuten tavallisten syylien ja tiettyjen esisy\u00f6p\u00e4- tai sy\u00f6p\u00e4tilojen, kuten aktinisen keratoosin ja pinnallisen basalioman, hoitoon. T\u00e4m\u00e4 voide toimii stimuloimalla kehon immuunij\u00e4rjestelm\u00e4\u00e4 taistelemaan virusten, kuten ihmisen papilloomaviruksen (HPV), aiheuttamia ep\u00e4normaaleja ihokasvuja vastaan tai auringon aiheuttamaa vauriota vastaan.<\/p>\n<p>Avainainesosa, imikvimodi, kannustaa ihoa tuottamaan luonnollisia kemikaaleja, kuten interferonia, jotka auttavat tuhoamaan virusinfektoituneita soluja. Toisin kuin hoidot, jotka poistavat syyl\u00e4t fyysisesti, Aldara aktivoi immuunij\u00e4rjestelm\u00e4n tunnistamaan ja eliminoimaan syyn ihon sis\u00e4lt\u00e4. T\u00e4m\u00e4 l\u00e4hestymistapa voi v\u00e4hent\u00e4\u00e4 uusiutumisen mahdollisuutta ja taistella virusta vastaan ihon sis\u00e4ll\u00e4. T\u00e4m\u00e4 l\u00e4hestymistapa v\u00e4hent\u00e4\u00e4 uusiutumisen mahdollisuutta ja on erityisen arvokas herkki\u00e4 alueita, kuten sukupuoli- tai per\u00e4aukkoseutua, hoidettaessa.<\/p>\n<p>Aldaraa levitet\u00e4\u00e4n tyypillisesti suoraan vaikuttavalle alueelle kolme kertaa viikossa, yleens\u00e4 nukkumaan menness\u00e4. Se j\u00e4tet\u00e4\u00e4n iholle kuudeksi kymmeneksi tunniksi ja pest\u00e4\u00e4n sitten pois. Hoidon kesto voi vaihdella, mutta n\u00e4kyv\u00e4\u00e4 parannusta voidaan odottaa muutaman viikon kuluessa. Koko hoitojakso voi kest\u00e4\u00e4 jopa 16 viikkoa, riippuen vasteesta.<\/p>\n<p>K\u00e4ytt\u00e4jien tulisi pest\u00e4 k\u00e4det ennen ja j\u00e4lkeen levityksen, eik\u00e4 voidetta tule k\u00e4ytt\u00e4\u00e4 limakalvoilla tai avoimilla haavoilla. Yleisi\u00e4 haittavaikutuksia ovat liev\u00e4 punoitus, kutina, polttava tunne ja hilseily levityskohdassa. N\u00e4m\u00e4 ovat yleens\u00e4 tilap\u00e4isi\u00e4 ja voivat viitata siihen, ett\u00e4 immuunivaste aktivoituu. Jos reaktio muuttuu vakavaksi, hoito voidaan keskeytt\u00e4\u00e4 muutamaksi p\u00e4iv\u00e4ksi.<\/p>\n","protected":false},"excerpt":{"rendered":"<ul>\n<li>Stimuloituu immuunivastetta<\/li>\n<li>Aktininen keratoosi ja pinnallinen basaalisolukarsinooma<\/li>\n<li>Paihtava, itseannosteltava hoito<\/li>\n<\/ul>\n","protected":false},"featured_media":1418,"comment_status":"open","ping_status":"closed","template":"","meta":[],"product_brand":[],"product_cat":[105,157],"product_tag":[],"expert":[21],"class_list":{"0":"post-496","1":"product","2":"type-product","3":"status-publish","4":"has-post-thumbnail","6":"product_cat-sukuelinten-syylat","7":"product_cat-syylat","8":"expert-dr-m-sharoyko","10":"first","11":"instock","12":"shipping-taxable","13":"purchasable","14":"product-type-variable"},"yoast_head":"<!-- This site is optimized with the Yoast SEO plugin v27.0 - https:\/\/yoast.com\/product\/yoast-seo-wordpress\/ -->\n<title>Aldara | Ihoterveyden Huippuosaaminen - Transtoyou<\/title>\n<meta name=\"description\" content=\"Aldara-voide Transtoyou&#039;ssa, tehokas ratkaisu tiettyihin ihosairauksiin. Osta nyt k\u00e4tev\u00e4 apu ihonhoitoosi.\" \/>\n<meta name=\"robots\" content=\"noindex, follow, max-snippet:-1, max-image-preview:large, max-video-preview:-1\" \/>\n<meta property=\"og:locale\" content=\"fi_FI\" \/>\n<meta property=\"og:type\" content=\"article\" \/>\n<meta property=\"og:title\" content=\"Aldara | Ihoterveyden Huippuosaaminen - Transtoyou\" \/>\n<meta property=\"og:description\" content=\"Aldara-voide Transtoyou&#039;ssa, tehokas ratkaisu tiettyihin ihosairauksiin. Osta nyt k\u00e4tev\u00e4 apu ihonhoitoosi.\" \/>\n<meta property=\"og:url\" content=\"https:\/\/www.transtoyou.com\/fi\/product\/aldara\/\" \/>\n<meta property=\"og:site_name\" content=\"Transtoyou - FI\" \/>\n<meta property=\"article:modified_time\" content=\"2026-02-12T07:37:10+00:00\" \/>\n<meta name=\"twitter:card\" content=\"summary_large_image\" \/>\n<meta name=\"twitter:label1\" content=\"Arvioitu lukuaika\" \/>\n\t<meta name=\"twitter:data1\" content=\"1 minuutti\" \/>\n<script type=\"application\/ld+json\" class=\"yoast-schema-graph\">{\"@context\":\"https:\/\/schema.org\",\"@graph\":[{\"@type\":\"WebPage\",\"@id\":\"https:\/\/www.transtoyou.com\/fi\/product\/aldara\/\",\"url\":\"https:\/\/www.transtoyou.com\/fi\/product\/aldara\/\",\"name\":\"Aldara | Ihoterveyden Huippuosaaminen - Transtoyou\",\"isPartOf\":{\"@id\":\"https:\/\/www.transtoyou.com\/fi\/#website\"},\"primaryImageOfPage\":{\"@id\":\"https:\/\/www.transtoyou.com\/fi\/product\/aldara\/#primaryimage\"},\"image\":{\"@id\":\"https:\/\/www.transtoyou.com\/fi\/product\/aldara\/#primaryimage\"},\"thumbnailUrl\":\"https:\/\/www.transtoyou.com\/fi\/wp-content\/uploads\/sites\/16\/2026\/02\/Aldara-5-2.png\",\"datePublished\":\"2026-01-22T17:37:31+00:00\",\"dateModified\":\"2026-02-12T07:37:10+00:00\",\"description\":\"Aldara-voide Transtoyou'ssa, tehokas ratkaisu tiettyihin ihosairauksiin. Osta nyt k\u00e4tev\u00e4 apu ihonhoitoosi.\",\"breadcrumb\":{\"@id\":\"https:\/\/www.transtoyou.com\/fi\/product\/aldara\/#breadcrumb\"},\"inLanguage\":\"fi\",\"potentialAction\":[{\"@type\":\"ReadAction\",\"target\":[\"https:\/\/www.transtoyou.com\/fi\/product\/aldara\/\"]}]},{\"@type\":\"ImageObject\",\"inLanguage\":\"fi\",\"@id\":\"https:\/\/www.transtoyou.com\/fi\/product\/aldara\/#primaryimage\",\"url\":\"https:\/\/www.transtoyou.com\/fi\/wp-content\/uploads\/sites\/16\/2026\/02\/Aldara-5-2.png\",\"contentUrl\":\"https:\/\/www.transtoyou.com\/fi\/wp-content\/uploads\/sites\/16\/2026\/02\/Aldara-5-2.png\",\"width\":1080,\"height\":1080,\"caption\":\"Aldara 5% 12 kpl voide - Transtoyou\"},{\"@type\":\"WebSite\",\"@id\":\"https:\/\/www.transtoyou.com\/fi\/#website\",\"url\":\"https:\/\/www.transtoyou.com\/fi\/\",\"name\":\"Transtoyou - FI\",\"description\":\"\",\"publisher\":{\"@id\":\"https:\/\/www.transtoyou.com\/fi\/#organization\"},\"potentialAction\":[{\"@type\":\"SearchAction\",\"target\":{\"@type\":\"EntryPoint\",\"urlTemplate\":\"https:\/\/www.transtoyou.com\/fi\/?s={search_term_string}\"},\"query-input\":{\"@type\":\"PropertyValueSpecification\",\"valueRequired\":true,\"valueName\":\"search_term_string\"}}],\"inLanguage\":\"fi\"},{\"@type\":\"Organization\",\"@id\":\"https:\/\/www.transtoyou.com\/fi\/#organization\",\"name\":\"Transtoyou - FI\",\"url\":\"https:\/\/www.transtoyou.com\/fi\/\",\"logo\":{\"@type\":\"ImageObject\",\"inLanguage\":\"fi\",\"@id\":\"https:\/\/www.transtoyou.com\/fi\/#\/schema\/logo\/image\/\",\"url\":\"https:\/\/www.transtoyou.com\/fi\/wp-content\/uploads\/sites\/16\/2026\/01\/logo-tty-menu-bar-300x87-1.webp\",\"contentUrl\":\"https:\/\/www.transtoyou.com\/fi\/wp-content\/uploads\/sites\/16\/2026\/01\/logo-tty-menu-bar-300x87-1.webp\",\"width\":300,\"height\":87,\"caption\":\"Transtoyou - FI\"},\"image\":{\"@id\":\"https:\/\/www.transtoyou.com\/fi\/#\/schema\/logo\/image\/\"}}]}<\/script>\n<!-- \/ Yoast SEO plugin. -->","yoast_head_json":{"title":"Aldara | Ihoterveyden Huippuosaaminen - Transtoyou","description":"Aldara-voide Transtoyou'ssa, tehokas ratkaisu tiettyihin ihosairauksiin. Osta nyt k\u00e4tev\u00e4 apu ihonhoitoosi.","robots":{"index":"noindex","follow":"follow","max-snippet":"max-snippet:-1","max-image-preview":"max-image-preview:large","max-video-preview":"max-video-preview:-1"},"og_locale":"fi_FI","og_type":"article","og_title":"Aldara | Ihoterveyden Huippuosaaminen - Transtoyou","og_description":"Aldara-voide Transtoyou'ssa, tehokas ratkaisu tiettyihin ihosairauksiin. Osta nyt k\u00e4tev\u00e4 apu ihonhoitoosi.","og_url":"https:\/\/www.transtoyou.com\/fi\/product\/aldara\/","og_site_name":"Transtoyou - FI","article_modified_time":"2026-02-12T07:37:10+00:00","twitter_card":"summary_large_image","twitter_misc":{"Arvioitu lukuaika":"1 minuutti"},"schema":{"@context":"https:\/\/schema.org","@graph":[{"@type":"WebPage","@id":"https:\/\/www.transtoyou.com\/fi\/product\/aldara\/","url":"https:\/\/www.transtoyou.com\/fi\/product\/aldara\/","name":"Aldara | Ihoterveyden Huippuosaaminen - Transtoyou","isPartOf":{"@id":"https:\/\/www.transtoyou.com\/fi\/#website"},"primaryImageOfPage":{"@id":"https:\/\/www.transtoyou.com\/fi\/product\/aldara\/#primaryimage"},"image":{"@id":"https:\/\/www.transtoyou.com\/fi\/product\/aldara\/#primaryimage"},"thumbnailUrl":"https:\/\/www.transtoyou.com\/fi\/wp-content\/uploads\/sites\/16\/2026\/02\/Aldara-5-2.png","datePublished":"2026-01-22T17:37:31+00:00","dateModified":"2026-02-12T07:37:10+00:00","description":"Aldara-voide Transtoyou'ssa, tehokas ratkaisu tiettyihin ihosairauksiin. Osta nyt k\u00e4tev\u00e4 apu ihonhoitoosi.","breadcrumb":{"@id":"https:\/\/www.transtoyou.com\/fi\/product\/aldara\/#breadcrumb"},"inLanguage":"fi","potentialAction":[{"@type":"ReadAction","target":["https:\/\/www.transtoyou.com\/fi\/product\/aldara\/"]}]},{"@type":"ImageObject","inLanguage":"fi","@id":"https:\/\/www.transtoyou.com\/fi\/product\/aldara\/#primaryimage","url":"https:\/\/www.transtoyou.com\/fi\/wp-content\/uploads\/sites\/16\/2026\/02\/Aldara-5-2.png","contentUrl":"https:\/\/www.transtoyou.com\/fi\/wp-content\/uploads\/sites\/16\/2026\/02\/Aldara-5-2.png","width":1080,"height":1080,"caption":"Aldara 5% 12 kpl voide - Transtoyou"},{"@type":"WebSite","@id":"https:\/\/www.transtoyou.com\/fi\/#website","url":"https:\/\/www.transtoyou.com\/fi\/","name":"Transtoyou - FI","description":"","publisher":{"@id":"https:\/\/www.transtoyou.com\/fi\/#organization"},"potentialAction":[{"@type":"SearchAction","target":{"@type":"EntryPoint","urlTemplate":"https:\/\/www.transtoyou.com\/fi\/?s={search_term_string}"},"query-input":{"@type":"PropertyValueSpecification","valueRequired":true,"valueName":"search_term_string"}}],"inLanguage":"fi"},{"@type":"Organization","@id":"https:\/\/www.transtoyou.com\/fi\/#organization","name":"Transtoyou - FI","url":"https:\/\/www.transtoyou.com\/fi\/","logo":{"@type":"ImageObject","inLanguage":"fi","@id":"https:\/\/www.transtoyou.com\/fi\/#\/schema\/logo\/image\/","url":"https:\/\/www.transtoyou.com\/fi\/wp-content\/uploads\/sites\/16\/2026\/01\/logo-tty-menu-bar-300x87-1.webp","contentUrl":"https:\/\/www.transtoyou.com\/fi\/wp-content\/uploads\/sites\/16\/2026\/01\/logo-tty-menu-bar-300x87-1.webp","width":300,"height":87,"caption":"Transtoyou - FI"},"image":{"@id":"https:\/\/www.transtoyou.com\/fi\/#\/schema\/logo\/image\/"}}]}},"_links":{"self":[{"href":"https:\/\/www.transtoyou.com\/fi\/wp-json\/wp\/v2\/product\/496","targetHints":{"allow":["GET"]}}],"collection":[{"href":"https:\/\/www.transtoyou.com\/fi\/wp-json\/wp\/v2\/product"}],"about":[{"href":"https:\/\/www.transtoyou.com\/fi\/wp-json\/wp\/v2\/types\/product"}],"replies":[{"embeddable":true,"href":"https:\/\/www.transtoyou.com\/fi\/wp-json\/wp\/v2\/comments?post=496"}],"wp:featuredmedia":[{"embeddable":true,"href":"https:\/\/www.transtoyou.com\/fi\/wp-json\/wp\/v2\/media\/1418"}],"wp:attachment":[{"href":"https:\/\/www.transtoyou.com\/fi\/wp-json\/wp\/v2\/media?parent=496"}],"wp:term":[{"taxonomy":"product_brand","embeddable":true,"href":"https:\/\/www.transtoyou.com\/fi\/wp-json\/wp\/v2\/product_brand?post=496"},{"taxonomy":"product_cat","embeddable":true,"href":"https:\/\/www.transtoyou.com\/fi\/wp-json\/wp\/v2\/product_cat?post=496"},{"taxonomy":"product_tag","embeddable":true,"href":"https:\/\/www.transtoyou.com\/fi\/wp-json\/wp\/v2\/product_tag?post=496"},{"taxonomy":"expert","embeddable":true,"href":"https:\/\/www.transtoyou.com\/fi\/wp-json\/wp\/v2\/expert?post=496"}],"curies":[{"name":"wp","href":"https:\/\/api.w.org\/{rel}","templated":true}]}}