{"id":502,"date":"2026-01-22T18:09:53","date_gmt":"2026-01-22T18:09:53","guid":{"rendered":"https:\/\/www.transtoyou.com\/fi\/product\/eltroxin\/"},"modified":"2026-01-22T18:11:15","modified_gmt":"2026-01-22T18:11:15","slug":"eltroksiini","status":"publish","type":"product","link":"https:\/\/www.transtoyou.com\/fi\/product\/eltroksiini\/","title":{"rendered":"Eltroxin"},"content":{"rendered":"<p>Eltroxin on synteettinen muoto tyroksiinista (levotyroksiini), hormonista, joka n\u00e4yttelee t\u00e4rke\u00e4\u00e4 roolia kehon aineenvaihdunnan, energiatuotannon ja kokonaisvaltaisen hormonaalisen tasapainon s\u00e4\u00e4telyss\u00e4. Sit\u00e4 m\u00e4\u00e4r\u00e4t\u00e4\u00e4n kilpirauhasen vajaatoiminnan hoitoon, tilaan, jossa kilpirauhanen ei tuota tarpeeksi luonnollista kilpirauhashormonia.<\/p>\n<p>Kun kilpirauhashormonitasot ovat matalat, kehon j\u00e4rjestelm\u00e4t hidastuvat. Yleisi\u00e4 oireita ovat v\u00e4symys, painonnousu, kylm\u00e4herkkyys, kuiva iho, masennus ja keskittymisvaikeudet. Eltroxin toimii palauttamalla normaalit tyroksiinitasot vereen, auttaen k\u00e4\u00e4nt\u00e4m\u00e4\u00e4n n\u00e4m\u00e4 oireet ja tukemaan normaalia fysiologista toimintaa.<\/p>\n<p>Eltroxin otetaan suun kautta, yleens\u00e4 kerran p\u00e4iv\u00e4ss\u00e4 tyhj\u00e4\u00e4n vatsaan, mieluiten aamulla. S\u00e4\u00e4nn\u00f6llinen p\u00e4ivitt\u00e4inen k\u00e4ytt\u00f6 auttaa vakauttamaan hormonitasoja, ja useimmat ihmiset alkavat huomata parannuksia energiassa, mielialassa ja aineenvaihdunnassa muutaman viikon kuluessa. Annos r\u00e4\u00e4t\u00e4l\u00f6id\u00e4\u00e4n yksil\u00f6llisesti kilpirauhashormonitasojen, i\u00e4n, painon ja muiden sairauksien perusteella.<\/p>\n<p>Useimmat potilaat alkavat huomata parannuksia energiassa, mielialassa ja aineenvaihdunnassa 1\u20132 viikon kuluessa, vaikka t\u00e4ydellinen terapeuttinen vaikutus voi kest\u00e4\u00e4 useita viikkoja. Annos yksil\u00f6id\u00e4\u00e4n TSH- ja vapaan T4-tason sek\u00e4 potilaan i\u00e4n, kehon painon ja samanaikaisten sairauksien perusteella.<\/p>\n<p>Pitk\u00e4aikainen hoito Eltroxinin kanssa on usein tarpeen, sill\u00e4 kilpirauhasen vajaatoiminta on tyypillisesti krooninen tila. S\u00e4\u00e4nn\u00f6lliset verikokeet ovat tarpeen kilpirauhasen toiminnan seuraamiseksi ja oikean annoksen varmistamiseksi.<\/p>\n<p>Eltroxin on yleens\u00e4 hyvin siedetty. Liev\u00e4t haittavaikutukset voivat ilmet\u00e4, jos annos on liian korkea, mukaan lukien levottomuus, nopea syd\u00e4menly\u00f6nti, hikoilu tai unettomuus, jotka ovat merkkej\u00e4 liiallisesta kilpirauhashormonista. Sit\u00e4 ei tulisi k\u00e4ytt\u00e4\u00e4 hoitamattoman lis\u00e4munuaisen vajaatoiminnan tapauksissa tai ihmisill\u00e4, jotka ovat allergisia millek\u00e4\u00e4n sen ainesosista.<\/p>\n","protected":false},"excerpt":{"rendered":"<ul>\n<li>Hoitaa vajaatoimista kilpirauhasta<\/li>\n<li>Palauttaa hormonaalisen tasapainon<\/li>\n<li>P\u00e4ivitt\u00e4inen suun kautta otettava tabletti<\/li>\n<\/ul>\n","protected":false},"featured_media":504,"comment_status":"open","ping_status":"closed","template":"","meta":[],"product_brand":[],"product_cat":[151],"product_tag":[],"expert":[21],"class_list":{"0":"post-502","1":"product","2":"type-product","3":"status-publish","4":"has-post-thumbnail","6":"product_cat-kilpirauhasen-hairiot","7":"expert-dr-m-sharoyko","9":"first","10":"instock","11":"shipping-taxable","12":"product-type-variable"},"yoast_head":"<!-- This site is optimized with the Yoast SEO plugin v27.0 - https:\/\/yoast.com\/product\/yoast-seo-wordpress\/ -->\n<title>Eltroxin | Tukee Kilpirauhasen Terveytt\u00e4 - Transtoyou<\/title>\n<meta name=\"description\" content=\"Eltroxin saatavilla Transtoyou: tue kilpirauhasen terveytt\u00e4 tehokkaasti. Osta nyt laatua ja mukavuutta hyvinvointisi hallintaan.\" \/>\n<meta name=\"robots\" content=\"noindex, follow, max-snippet:-1, max-image-preview:large, max-video-preview:-1\" \/>\n<meta property=\"og:locale\" content=\"fi_FI\" \/>\n<meta property=\"og:type\" content=\"article\" \/>\n<meta property=\"og:title\" content=\"Eltroxin | Tukee Kilpirauhasen Terveytt\u00e4 - Transtoyou\" \/>\n<meta property=\"og:description\" content=\"Eltroxin saatavilla Transtoyou: tue kilpirauhasen terveytt\u00e4 tehokkaasti. Osta nyt laatua ja mukavuutta hyvinvointisi hallintaan.\" \/>\n<meta property=\"og:url\" content=\"https:\/\/www.transtoyou.com\/fi\/product\/eltroksiini\/\" \/>\n<meta property=\"og:site_name\" content=\"Transtoyou - FI\" \/>\n<meta property=\"article:modified_time\" content=\"2026-01-22T18:11:15+00:00\" \/>\n<meta name=\"twitter:card\" content=\"summary_large_image\" \/>\n<meta name=\"twitter:label1\" content=\"Arvioitu lukuaika\" \/>\n\t<meta name=\"twitter:data1\" content=\"1 minuutti\" \/>\n<script type=\"application\/ld+json\" class=\"yoast-schema-graph\">{\"@context\":\"https:\/\/schema.org\",\"@graph\":[{\"@type\":\"WebPage\",\"@id\":\"https:\/\/www.transtoyou.com\/fi\/product\/eltroksiini\/\",\"url\":\"https:\/\/www.transtoyou.com\/fi\/product\/eltroksiini\/\",\"name\":\"Eltroxin | Tukee Kilpirauhasen Terveytt\u00e4 - Transtoyou\",\"isPartOf\":{\"@id\":\"https:\/\/www.transtoyou.com\/fi\/#website\"},\"primaryImageOfPage\":{\"@id\":\"https:\/\/www.transtoyou.com\/fi\/product\/eltroksiini\/#primaryimage\"},\"image\":{\"@id\":\"https:\/\/www.transtoyou.com\/fi\/product\/eltroksiini\/#primaryimage\"},\"thumbnailUrl\":\"https:\/\/www.transtoyou.com\/fi\/wp-content\/uploads\/sites\/16\/2026\/01\/tty-no-product-image-20.webp\",\"datePublished\":\"2026-01-22T18:09:53+00:00\",\"dateModified\":\"2026-01-22T18:11:15+00:00\",\"description\":\"Eltroxin saatavilla Transtoyou: tue kilpirauhasen terveytt\u00e4 tehokkaasti. Osta nyt laatua ja mukavuutta hyvinvointisi hallintaan.\",\"breadcrumb\":{\"@id\":\"https:\/\/www.transtoyou.com\/fi\/product\/eltroksiini\/#breadcrumb\"},\"inLanguage\":\"fi\",\"potentialAction\":[{\"@type\":\"ReadAction\",\"target\":[\"https:\/\/www.transtoyou.com\/fi\/product\/eltroksiini\/\"]}]},{\"@type\":\"ImageObject\",\"inLanguage\":\"fi\",\"@id\":\"https:\/\/www.transtoyou.com\/fi\/product\/eltroksiini\/#primaryimage\",\"url\":\"https:\/\/www.transtoyou.com\/fi\/wp-content\/uploads\/sites\/16\/2026\/01\/tty-no-product-image-20.webp\",\"contentUrl\":\"https:\/\/www.transtoyou.com\/fi\/wp-content\/uploads\/sites\/16\/2026\/01\/tty-no-product-image-20.webp\",\"width\":1000,\"height\":1000,\"caption\":\"Oletusarvoinen tuotekuva\"},{\"@type\":\"WebSite\",\"@id\":\"https:\/\/www.transtoyou.com\/fi\/#website\",\"url\":\"https:\/\/www.transtoyou.com\/fi\/\",\"name\":\"Transtoyou - FI\",\"description\":\"\",\"publisher\":{\"@id\":\"https:\/\/www.transtoyou.com\/fi\/#organization\"},\"potentialAction\":[{\"@type\":\"SearchAction\",\"target\":{\"@type\":\"EntryPoint\",\"urlTemplate\":\"https:\/\/www.transtoyou.com\/fi\/?s={search_term_string}\"},\"query-input\":{\"@type\":\"PropertyValueSpecification\",\"valueRequired\":true,\"valueName\":\"search_term_string\"}}],\"inLanguage\":\"fi\"},{\"@type\":\"Organization\",\"@id\":\"https:\/\/www.transtoyou.com\/fi\/#organization\",\"name\":\"Transtoyou - FI\",\"url\":\"https:\/\/www.transtoyou.com\/fi\/\",\"logo\":{\"@type\":\"ImageObject\",\"inLanguage\":\"fi\",\"@id\":\"https:\/\/www.transtoyou.com\/fi\/#\/schema\/logo\/image\/\",\"url\":\"https:\/\/www.transtoyou.com\/fi\/wp-content\/uploads\/sites\/16\/2026\/01\/logo-tty-menu-bar-300x87-1.webp\",\"contentUrl\":\"https:\/\/www.transtoyou.com\/fi\/wp-content\/uploads\/sites\/16\/2026\/01\/logo-tty-menu-bar-300x87-1.webp\",\"width\":300,\"height\":87,\"caption\":\"Transtoyou - FI\"},\"image\":{\"@id\":\"https:\/\/www.transtoyou.com\/fi\/#\/schema\/logo\/image\/\"}}]}<\/script>\n<!-- \/ Yoast SEO plugin. -->","yoast_head_json":{"title":"Eltroxin | Tukee Kilpirauhasen Terveytt\u00e4 - Transtoyou","description":"Eltroxin saatavilla Transtoyou: tue kilpirauhasen terveytt\u00e4 tehokkaasti. Osta nyt laatua ja mukavuutta hyvinvointisi hallintaan.","robots":{"index":"noindex","follow":"follow","max-snippet":"max-snippet:-1","max-image-preview":"max-image-preview:large","max-video-preview":"max-video-preview:-1"},"og_locale":"fi_FI","og_type":"article","og_title":"Eltroxin | Tukee Kilpirauhasen Terveytt\u00e4 - Transtoyou","og_description":"Eltroxin saatavilla Transtoyou: tue kilpirauhasen terveytt\u00e4 tehokkaasti. Osta nyt laatua ja mukavuutta hyvinvointisi hallintaan.","og_url":"https:\/\/www.transtoyou.com\/fi\/product\/eltroksiini\/","og_site_name":"Transtoyou - FI","article_modified_time":"2026-01-22T18:11:15+00:00","twitter_card":"summary_large_image","twitter_misc":{"Arvioitu lukuaika":"1 minuutti"},"schema":{"@context":"https:\/\/schema.org","@graph":[{"@type":"WebPage","@id":"https:\/\/www.transtoyou.com\/fi\/product\/eltroksiini\/","url":"https:\/\/www.transtoyou.com\/fi\/product\/eltroksiini\/","name":"Eltroxin | Tukee Kilpirauhasen Terveytt\u00e4 - Transtoyou","isPartOf":{"@id":"https:\/\/www.transtoyou.com\/fi\/#website"},"primaryImageOfPage":{"@id":"https:\/\/www.transtoyou.com\/fi\/product\/eltroksiini\/#primaryimage"},"image":{"@id":"https:\/\/www.transtoyou.com\/fi\/product\/eltroksiini\/#primaryimage"},"thumbnailUrl":"https:\/\/www.transtoyou.com\/fi\/wp-content\/uploads\/sites\/16\/2026\/01\/tty-no-product-image-20.webp","datePublished":"2026-01-22T18:09:53+00:00","dateModified":"2026-01-22T18:11:15+00:00","description":"Eltroxin saatavilla Transtoyou: tue kilpirauhasen terveytt\u00e4 tehokkaasti. Osta nyt laatua ja mukavuutta hyvinvointisi hallintaan.","breadcrumb":{"@id":"https:\/\/www.transtoyou.com\/fi\/product\/eltroksiini\/#breadcrumb"},"inLanguage":"fi","potentialAction":[{"@type":"ReadAction","target":["https:\/\/www.transtoyou.com\/fi\/product\/eltroksiini\/"]}]},{"@type":"ImageObject","inLanguage":"fi","@id":"https:\/\/www.transtoyou.com\/fi\/product\/eltroksiini\/#primaryimage","url":"https:\/\/www.transtoyou.com\/fi\/wp-content\/uploads\/sites\/16\/2026\/01\/tty-no-product-image-20.webp","contentUrl":"https:\/\/www.transtoyou.com\/fi\/wp-content\/uploads\/sites\/16\/2026\/01\/tty-no-product-image-20.webp","width":1000,"height":1000,"caption":"Oletusarvoinen tuotekuva"},{"@type":"WebSite","@id":"https:\/\/www.transtoyou.com\/fi\/#website","url":"https:\/\/www.transtoyou.com\/fi\/","name":"Transtoyou - FI","description":"","publisher":{"@id":"https:\/\/www.transtoyou.com\/fi\/#organization"},"potentialAction":[{"@type":"SearchAction","target":{"@type":"EntryPoint","urlTemplate":"https:\/\/www.transtoyou.com\/fi\/?s={search_term_string}"},"query-input":{"@type":"PropertyValueSpecification","valueRequired":true,"valueName":"search_term_string"}}],"inLanguage":"fi"},{"@type":"Organization","@id":"https:\/\/www.transtoyou.com\/fi\/#organization","name":"Transtoyou - FI","url":"https:\/\/www.transtoyou.com\/fi\/","logo":{"@type":"ImageObject","inLanguage":"fi","@id":"https:\/\/www.transtoyou.com\/fi\/#\/schema\/logo\/image\/","url":"https:\/\/www.transtoyou.com\/fi\/wp-content\/uploads\/sites\/16\/2026\/01\/logo-tty-menu-bar-300x87-1.webp","contentUrl":"https:\/\/www.transtoyou.com\/fi\/wp-content\/uploads\/sites\/16\/2026\/01\/logo-tty-menu-bar-300x87-1.webp","width":300,"height":87,"caption":"Transtoyou - FI"},"image":{"@id":"https:\/\/www.transtoyou.com\/fi\/#\/schema\/logo\/image\/"}}]}},"_links":{"self":[{"href":"https:\/\/www.transtoyou.com\/fi\/wp-json\/wp\/v2\/product\/502","targetHints":{"allow":["GET"]}}],"collection":[{"href":"https:\/\/www.transtoyou.com\/fi\/wp-json\/wp\/v2\/product"}],"about":[{"href":"https:\/\/www.transtoyou.com\/fi\/wp-json\/wp\/v2\/types\/product"}],"replies":[{"embeddable":true,"href":"https:\/\/www.transtoyou.com\/fi\/wp-json\/wp\/v2\/comments?post=502"}],"wp:featuredmedia":[{"embeddable":true,"href":"https:\/\/www.transtoyou.com\/fi\/wp-json\/wp\/v2\/media\/504"}],"wp:attachment":[{"href":"https:\/\/www.transtoyou.com\/fi\/wp-json\/wp\/v2\/media?parent=502"}],"wp:term":[{"taxonomy":"product_brand","embeddable":true,"href":"https:\/\/www.transtoyou.com\/fi\/wp-json\/wp\/v2\/product_brand?post=502"},{"taxonomy":"product_cat","embeddable":true,"href":"https:\/\/www.transtoyou.com\/fi\/wp-json\/wp\/v2\/product_cat?post=502"},{"taxonomy":"product_tag","embeddable":true,"href":"https:\/\/www.transtoyou.com\/fi\/wp-json\/wp\/v2\/product_tag?post=502"},{"taxonomy":"expert","embeddable":true,"href":"https:\/\/www.transtoyou.com\/fi\/wp-json\/wp\/v2\/expert?post=502"}],"curies":[{"name":"wp","href":"https:\/\/api.w.org\/{rel}","templated":true}]}}