{"id":505,"date":"2026-01-22T18:26:08","date_gmt":"2026-01-22T18:26:08","guid":{"rendered":"https:\/\/www.transtoyou.com\/fi\/product\/zyban\/"},"modified":"2026-01-22T18:27:27","modified_gmt":"2026-01-22T18:27:27","slug":"zyban","status":"publish","type":"product","link":"https:\/\/www.transtoyou.com\/fi\/product\/zyban\/","title":{"rendered":"Zyban"},"content":{"rendered":"<p>Zyban on reseptil\u00e4\u00e4ke, jota k\u00e4ytet\u00e4\u00e4n auttamaan ihmisi\u00e4 lopettamaan tupakointi. Se sis\u00e4lt\u00e4\u00e4 bupropionia, yhdistett\u00e4, joka alun perin kehitettiin masennusl\u00e4\u00e4kkeeksi, mutta my\u00f6hemmin havaittiin, ett\u00e4 se v\u00e4hent\u00e4\u00e4 merkitt\u00e4v\u00e4sti nikotiininhimoa ja vieroitusoireita. Toisin kuin nikotiinikorvaushoidot, Zyban ei sis\u00e4ll\u00e4 nikotiinia. Sen sijaan se vaikuttaa muuttamalla tiettyjen neurotransmitterien, erityisesti dopamiinin ja noradrenaliinin, tasoja aivoissa, jotka liittyv\u00e4t riippuvuuteen ja mielialan s\u00e4\u00e4telyyn.<\/p>\n<p>Zyban otetaan tablettina, ja se aloitetaan tyypillisesti yksi tai kaksi viikkoa ennen suunniteltua lopettamisp\u00e4iv\u00e4\u00e4. T\u00e4m\u00e4 antaa l\u00e4\u00e4kkeelle mahdollisuuden kerty\u00e4 elimist\u00f6\u00f6n ja alkaa v\u00e4hent\u00e4\u00e4 himoa siihen menness\u00e4, kun tupakointi loppuu. Hoito jatkuu yleens\u00e4 7\u201312 viikkoa yksil\u00f6llisest\u00e4 edistymisest\u00e4 ja l\u00e4\u00e4k\u00e4rin suosituksista riippuen.<\/p>\n<p>Zyban on erityisen hy\u00f6dyllinen henkil\u00f6ille, jotka ovat yritt\u00e4neet muita tupakoinnin lopettamiskeinoja ilman menestyst\u00e4 tai niille, jotka suosivat ei-nikotiinipohjaista l\u00e4hestymistapaa. K\u00e4ytettyn\u00e4 k\u00e4ytt\u00e4ytymisen tukemisen rinnalla Zyban on osoittautunut merkitt\u00e4v\u00e4sti lis\u00e4\u00e4v\u00e4n onnistuneen lopettamisen mahdollisuuksia.<\/p>\n<p>Haittavaikutuksia voivat olla suun kuivuminen, unettomuus, p\u00e4\u00e4ns\u00e4rky tai ruokahalun muutokset. On t\u00e4rke\u00e4\u00e4 olla ylitt\u00e4m\u00e4tt\u00e4 m\u00e4\u00e4r\u00e4tty\u00e4 annosta, sill\u00e4 suuremmat annokset voivat lis\u00e4t\u00e4 kouristuskohtauksen riski\u00e4. Zybania ei tulisi k\u00e4ytt\u00e4\u00e4 yhdess\u00e4 muiden l\u00e4\u00e4kkeiden kanssa, jotka my\u00f6s vaikuttavat serotoniiniin, tai henkil\u00f6ill\u00e4, joilla on ollut kouristuskohtauksia tai sy\u00f6mish\u00e4iri\u00f6it\u00e4.<\/p>\n","protected":false},"excerpt":{"rendered":"<ul>\n<li>Ei nikotiinia sis\u00e4lt\u00e4v\u00e4 tupakoinnin lopettamiseen tarkoitettu apuv\u00e4line<\/li>\n<li>V\u00e4hent\u00e4\u00e4 himoa ja vieroitusoireita<\/li>\n<li>Aloita 1 viikko ennen lopettamisp\u00e4iv\u00e4\u00e4<\/li>\n<\/ul>\n","protected":false},"featured_media":507,"comment_status":"open","ping_status":"closed","template":"","meta":[],"product_brand":[],"product_cat":[147],"product_tag":[],"expert":[16],"class_list":{"0":"post-505","1":"product","2":"type-product","3":"status-publish","4":"has-post-thumbnail","6":"product_cat-tupakoinnin-lopettamisen-apuvalineet","7":"expert-dr-c-alexandru","9":"first","10":"instock","11":"shipping-taxable","12":"product-type-variable"},"yoast_head":"<!-- This site is optimized with the Yoast SEO plugin v27.0 - https:\/\/yoast.com\/product\/yoast-seo-wordpress\/ -->\n<title>Zyban | Tupakoinnin lopettamisen apu - Transtoyou<\/title>\n<meta name=\"description\" content=\"L\u00f6yd\u00e4 Zyban Transtoyou&#039;sta, luotettavasta terveysratkaisujen l\u00e4hteest\u00e4. Osta nyt tehokasta tukea tupakoinnin lopettamiseen. Hanki omasi t\u00e4n\u00e4\u00e4n!\" \/>\n<meta name=\"robots\" content=\"noindex, follow, max-snippet:-1, max-image-preview:large, max-video-preview:-1\" \/>\n<meta property=\"og:locale\" content=\"fi_FI\" \/>\n<meta property=\"og:type\" content=\"article\" \/>\n<meta property=\"og:title\" content=\"Zyban | Tupakoinnin lopettamisen apu - Transtoyou\" \/>\n<meta property=\"og:description\" content=\"L\u00f6yd\u00e4 Zyban Transtoyou&#039;sta, luotettavasta terveysratkaisujen l\u00e4hteest\u00e4. Osta nyt tehokasta tukea tupakoinnin lopettamiseen. Hanki omasi t\u00e4n\u00e4\u00e4n!\" \/>\n<meta property=\"og:url\" content=\"https:\/\/www.transtoyou.com\/fi\/product\/zyban\/\" \/>\n<meta property=\"og:site_name\" content=\"Transtoyou - FI\" \/>\n<meta property=\"article:modified_time\" content=\"2026-01-22T18:27:27+00:00\" \/>\n<meta name=\"twitter:card\" content=\"summary_large_image\" \/>\n<meta name=\"twitter:label1\" content=\"Arvioitu lukuaika\" \/>\n\t<meta name=\"twitter:data1\" content=\"1 minuutti\" \/>\n<script type=\"application\/ld+json\" class=\"yoast-schema-graph\">{\"@context\":\"https:\/\/schema.org\",\"@graph\":[{\"@type\":\"WebPage\",\"@id\":\"https:\/\/www.transtoyou.com\/fi\/product\/zyban\/\",\"url\":\"https:\/\/www.transtoyou.com\/fi\/product\/zyban\/\",\"name\":\"Zyban | Tupakoinnin lopettamisen apu - Transtoyou\",\"isPartOf\":{\"@id\":\"https:\/\/www.transtoyou.com\/fi\/#website\"},\"primaryImageOfPage\":{\"@id\":\"https:\/\/www.transtoyou.com\/fi\/product\/zyban\/#primaryimage\"},\"image\":{\"@id\":\"https:\/\/www.transtoyou.com\/fi\/product\/zyban\/#primaryimage\"},\"thumbnailUrl\":\"https:\/\/www.transtoyou.com\/fi\/wp-content\/uploads\/sites\/16\/2026\/01\/tty-no-product-image-21.webp\",\"datePublished\":\"2026-01-22T18:26:08+00:00\",\"dateModified\":\"2026-01-22T18:27:27+00:00\",\"description\":\"L\u00f6yd\u00e4 Zyban Transtoyou'sta, luotettavasta terveysratkaisujen l\u00e4hteest\u00e4. Osta nyt tehokasta tukea tupakoinnin lopettamiseen. Hanki omasi t\u00e4n\u00e4\u00e4n!\",\"breadcrumb\":{\"@id\":\"https:\/\/www.transtoyou.com\/fi\/product\/zyban\/#breadcrumb\"},\"inLanguage\":\"fi\",\"potentialAction\":[{\"@type\":\"ReadAction\",\"target\":[\"https:\/\/www.transtoyou.com\/fi\/product\/zyban\/\"]}]},{\"@type\":\"ImageObject\",\"inLanguage\":\"fi\",\"@id\":\"https:\/\/www.transtoyou.com\/fi\/product\/zyban\/#primaryimage\",\"url\":\"https:\/\/www.transtoyou.com\/fi\/wp-content\/uploads\/sites\/16\/2026\/01\/tty-no-product-image-21.webp\",\"contentUrl\":\"https:\/\/www.transtoyou.com\/fi\/wp-content\/uploads\/sites\/16\/2026\/01\/tty-no-product-image-21.webp\",\"width\":1000,\"height\":1000,\"caption\":\"Oletusarvoinen tuotekuva\"},{\"@type\":\"WebSite\",\"@id\":\"https:\/\/www.transtoyou.com\/fi\/#website\",\"url\":\"https:\/\/www.transtoyou.com\/fi\/\",\"name\":\"Transtoyou - FI\",\"description\":\"\",\"publisher\":{\"@id\":\"https:\/\/www.transtoyou.com\/fi\/#organization\"},\"potentialAction\":[{\"@type\":\"SearchAction\",\"target\":{\"@type\":\"EntryPoint\",\"urlTemplate\":\"https:\/\/www.transtoyou.com\/fi\/?s={search_term_string}\"},\"query-input\":{\"@type\":\"PropertyValueSpecification\",\"valueRequired\":true,\"valueName\":\"search_term_string\"}}],\"inLanguage\":\"fi\"},{\"@type\":\"Organization\",\"@id\":\"https:\/\/www.transtoyou.com\/fi\/#organization\",\"name\":\"Transtoyou - FI\",\"url\":\"https:\/\/www.transtoyou.com\/fi\/\",\"logo\":{\"@type\":\"ImageObject\",\"inLanguage\":\"fi\",\"@id\":\"https:\/\/www.transtoyou.com\/fi\/#\/schema\/logo\/image\/\",\"url\":\"https:\/\/www.transtoyou.com\/fi\/wp-content\/uploads\/sites\/16\/2026\/01\/logo-tty-menu-bar-300x87-1.webp\",\"contentUrl\":\"https:\/\/www.transtoyou.com\/fi\/wp-content\/uploads\/sites\/16\/2026\/01\/logo-tty-menu-bar-300x87-1.webp\",\"width\":300,\"height\":87,\"caption\":\"Transtoyou - FI\"},\"image\":{\"@id\":\"https:\/\/www.transtoyou.com\/fi\/#\/schema\/logo\/image\/\"}}]}<\/script>\n<!-- \/ Yoast SEO plugin. -->","yoast_head_json":{"title":"Zyban | Tupakoinnin lopettamisen apu - Transtoyou","description":"L\u00f6yd\u00e4 Zyban Transtoyou'sta, luotettavasta terveysratkaisujen l\u00e4hteest\u00e4. Osta nyt tehokasta tukea tupakoinnin lopettamiseen. Hanki omasi t\u00e4n\u00e4\u00e4n!","robots":{"index":"noindex","follow":"follow","max-snippet":"max-snippet:-1","max-image-preview":"max-image-preview:large","max-video-preview":"max-video-preview:-1"},"og_locale":"fi_FI","og_type":"article","og_title":"Zyban | Tupakoinnin lopettamisen apu - Transtoyou","og_description":"L\u00f6yd\u00e4 Zyban Transtoyou'sta, luotettavasta terveysratkaisujen l\u00e4hteest\u00e4. Osta nyt tehokasta tukea tupakoinnin lopettamiseen. Hanki omasi t\u00e4n\u00e4\u00e4n!","og_url":"https:\/\/www.transtoyou.com\/fi\/product\/zyban\/","og_site_name":"Transtoyou - FI","article_modified_time":"2026-01-22T18:27:27+00:00","twitter_card":"summary_large_image","twitter_misc":{"Arvioitu lukuaika":"1 minuutti"},"schema":{"@context":"https:\/\/schema.org","@graph":[{"@type":"WebPage","@id":"https:\/\/www.transtoyou.com\/fi\/product\/zyban\/","url":"https:\/\/www.transtoyou.com\/fi\/product\/zyban\/","name":"Zyban | Tupakoinnin lopettamisen apu - Transtoyou","isPartOf":{"@id":"https:\/\/www.transtoyou.com\/fi\/#website"},"primaryImageOfPage":{"@id":"https:\/\/www.transtoyou.com\/fi\/product\/zyban\/#primaryimage"},"image":{"@id":"https:\/\/www.transtoyou.com\/fi\/product\/zyban\/#primaryimage"},"thumbnailUrl":"https:\/\/www.transtoyou.com\/fi\/wp-content\/uploads\/sites\/16\/2026\/01\/tty-no-product-image-21.webp","datePublished":"2026-01-22T18:26:08+00:00","dateModified":"2026-01-22T18:27:27+00:00","description":"L\u00f6yd\u00e4 Zyban Transtoyou'sta, luotettavasta terveysratkaisujen l\u00e4hteest\u00e4. Osta nyt tehokasta tukea tupakoinnin lopettamiseen. Hanki omasi t\u00e4n\u00e4\u00e4n!","breadcrumb":{"@id":"https:\/\/www.transtoyou.com\/fi\/product\/zyban\/#breadcrumb"},"inLanguage":"fi","potentialAction":[{"@type":"ReadAction","target":["https:\/\/www.transtoyou.com\/fi\/product\/zyban\/"]}]},{"@type":"ImageObject","inLanguage":"fi","@id":"https:\/\/www.transtoyou.com\/fi\/product\/zyban\/#primaryimage","url":"https:\/\/www.transtoyou.com\/fi\/wp-content\/uploads\/sites\/16\/2026\/01\/tty-no-product-image-21.webp","contentUrl":"https:\/\/www.transtoyou.com\/fi\/wp-content\/uploads\/sites\/16\/2026\/01\/tty-no-product-image-21.webp","width":1000,"height":1000,"caption":"Oletusarvoinen tuotekuva"},{"@type":"WebSite","@id":"https:\/\/www.transtoyou.com\/fi\/#website","url":"https:\/\/www.transtoyou.com\/fi\/","name":"Transtoyou - FI","description":"","publisher":{"@id":"https:\/\/www.transtoyou.com\/fi\/#organization"},"potentialAction":[{"@type":"SearchAction","target":{"@type":"EntryPoint","urlTemplate":"https:\/\/www.transtoyou.com\/fi\/?s={search_term_string}"},"query-input":{"@type":"PropertyValueSpecification","valueRequired":true,"valueName":"search_term_string"}}],"inLanguage":"fi"},{"@type":"Organization","@id":"https:\/\/www.transtoyou.com\/fi\/#organization","name":"Transtoyou - FI","url":"https:\/\/www.transtoyou.com\/fi\/","logo":{"@type":"ImageObject","inLanguage":"fi","@id":"https:\/\/www.transtoyou.com\/fi\/#\/schema\/logo\/image\/","url":"https:\/\/www.transtoyou.com\/fi\/wp-content\/uploads\/sites\/16\/2026\/01\/logo-tty-menu-bar-300x87-1.webp","contentUrl":"https:\/\/www.transtoyou.com\/fi\/wp-content\/uploads\/sites\/16\/2026\/01\/logo-tty-menu-bar-300x87-1.webp","width":300,"height":87,"caption":"Transtoyou - FI"},"image":{"@id":"https:\/\/www.transtoyou.com\/fi\/#\/schema\/logo\/image\/"}}]}},"_links":{"self":[{"href":"https:\/\/www.transtoyou.com\/fi\/wp-json\/wp\/v2\/product\/505","targetHints":{"allow":["GET"]}}],"collection":[{"href":"https:\/\/www.transtoyou.com\/fi\/wp-json\/wp\/v2\/product"}],"about":[{"href":"https:\/\/www.transtoyou.com\/fi\/wp-json\/wp\/v2\/types\/product"}],"replies":[{"embeddable":true,"href":"https:\/\/www.transtoyou.com\/fi\/wp-json\/wp\/v2\/comments?post=505"}],"wp:featuredmedia":[{"embeddable":true,"href":"https:\/\/www.transtoyou.com\/fi\/wp-json\/wp\/v2\/media\/507"}],"wp:attachment":[{"href":"https:\/\/www.transtoyou.com\/fi\/wp-json\/wp\/v2\/media?parent=505"}],"wp:term":[{"taxonomy":"product_brand","embeddable":true,"href":"https:\/\/www.transtoyou.com\/fi\/wp-json\/wp\/v2\/product_brand?post=505"},{"taxonomy":"product_cat","embeddable":true,"href":"https:\/\/www.transtoyou.com\/fi\/wp-json\/wp\/v2\/product_cat?post=505"},{"taxonomy":"product_tag","embeddable":true,"href":"https:\/\/www.transtoyou.com\/fi\/wp-json\/wp\/v2\/product_tag?post=505"},{"taxonomy":"expert","embeddable":true,"href":"https:\/\/www.transtoyou.com\/fi\/wp-json\/wp\/v2\/expert?post=505"}],"curies":[{"name":"wp","href":"https:\/\/api.w.org\/{rel}","templated":true}]}}