{"id":508,"date":"2026-01-22T18:42:55","date_gmt":"2026-01-22T18:42:55","guid":{"rendered":"https:\/\/www.transtoyou.com\/fi\/product\/nicorette\/"},"modified":"2026-01-22T18:44:05","modified_gmt":"2026-01-22T18:44:05","slug":"nicorette","status":"publish","type":"product","link":"https:\/\/www.transtoyou.com\/fi\/product\/nicorette\/","title":{"rendered":"Nicorette"},"content":{"rendered":"<p>Nicorette on laajalti tunnettu nikotiinikorvaushoidon (NRT) br\u00e4ndi, joka on suunniteltu tukemaan henkil\u00f6it\u00e4, jotka yritt\u00e4v\u00e4t lopettaa tupakoinnin. Se on saatavilla eri muodoissa. Nicorette toimittaa hallittuja m\u00e4\u00e4ri\u00e4 nikotiinia kehoon ilman savukkeissa esiintyvi\u00e4 haitallisia aineita. T\u00e4m\u00e4 auttaa v\u00e4hent\u00e4m\u00e4\u00e4n vieroitusoireita ja himoa, mik\u00e4 tekee tupakoinnin lopettamisesta helpompaa.<\/p>\n<p>V\u00e4hent\u00e4m\u00e4ll\u00e4 v\u00e4hitellen kehon riippuvuutta nikotiinista, Nicorette antaa tupakoitsijoille mahdollisuuden keskitty\u00e4 tupakointitottumuksen murtamiseen ilman voimakkaita fyysisi\u00e4 vieroitusoireita. Jokainen Nicorette-tuote tarjoaa joustavan tavan r\u00e4\u00e4t\u00e4l\u00f6id\u00e4 lopettamissuunnitelma yksil\u00f6llisten mieltymysten ja el\u00e4m\u00e4ntapojen mukaan. Esimerkiksi laastarit tarjoavat tasaista nikotiinia koko p\u00e4iv\u00e4n ajan, kun taas purukumi tai pastillit tarjoavat v\u00e4lit\u00f6nt\u00e4 helpotusta himoihin.<\/p>\n<p>Nicorette-tuotteita k\u00e4ytet\u00e4\u00e4n tyypillisesti 8\u201312 viikon ajan, ja annosta v\u00e4hennet\u00e4\u00e4n ajan my\u00f6t\u00e4. Niit\u00e4 voidaan k\u00e4ytt\u00e4\u00e4 yksin\u00e4\u00e4n tai yhdistelm\u00e4n\u00e4, esimerkiksi yhdist\u00e4m\u00e4ll\u00e4 laastari purukumiin.<\/p>\n<p>Haittavaikutuksia voivat olla liev\u00e4 kurkun tai suun \u00e4rsytys, ysk\u00e4, ihon herkkyys (laastareista) tai vatsavaivat. N\u00e4m\u00e4 vaikutukset ovat yleens\u00e4 tilap\u00e4isi\u00e4. Nicorette ei ole suositeltavaa raskauden tai imetyksen aikana, ellei l\u00e4\u00e4k\u00e4ri ole hyv\u00e4ksynyt sit\u00e4.<\/p>\n","protected":false},"excerpt":{"rendered":"<ul>\n<li>V\u00e4hent\u00e4\u00e4 nikotiinihimotusta<\/li>\n<li>Useita muotoja saatavilla<\/li>\n<li>Auttaa lopettamaan tupakoinnin v\u00e4hitellen<\/li>\n<\/ul>\n","protected":false},"featured_media":510,"comment_status":"open","ping_status":"closed","template":"","meta":[],"product_brand":[],"product_cat":[147],"product_tag":[],"expert":[16],"class_list":{"0":"post-508","1":"product","2":"type-product","3":"status-publish","4":"has-post-thumbnail","6":"product_cat-tupakoinnin-lopettamisen-apuvalineet","7":"expert-dr-c-alexandru","9":"first","10":"instock","11":"shipping-taxable","12":"product-type-variable"},"yoast_head":"<!-- This site is optimized with the Yoast SEO plugin v27.0 - https:\/\/yoast.com\/product\/yoast-seo-wordpress\/ -->\n<title>Nicorette | Tupakoinnin Lopettamisen Apuv\u00e4line &amp; Himojen Helpotus - Transtoyou<\/title>\n<meta name=\"description\" content=\"Nicorette, saatavilla Transtoyou:sta, auttaa lievitt\u00e4m\u00e4\u00e4n tupakoinnin vieroitusoireita hallitulla nikotiinilla. Osta nyt joustavia lopetussuunnitelmia!\" \/>\n<meta name=\"robots\" content=\"noindex, follow, max-snippet:-1, max-image-preview:large, max-video-preview:-1\" \/>\n<meta property=\"og:locale\" content=\"fi_FI\" \/>\n<meta property=\"og:type\" content=\"article\" \/>\n<meta property=\"og:title\" content=\"Nicorette | Tupakoinnin Lopettamisen Apuv\u00e4line &amp; Himojen Helpotus - Transtoyou\" \/>\n<meta property=\"og:description\" content=\"Nicorette, saatavilla Transtoyou:sta, auttaa lievitt\u00e4m\u00e4\u00e4n tupakoinnin vieroitusoireita hallitulla nikotiinilla. Osta nyt joustavia lopetussuunnitelmia!\" \/>\n<meta property=\"og:url\" content=\"https:\/\/www.transtoyou.com\/fi\/product\/nicorette\/\" \/>\n<meta property=\"og:site_name\" content=\"Transtoyou - FI\" \/>\n<meta property=\"article:modified_time\" content=\"2026-01-22T18:44:05+00:00\" \/>\n<meta name=\"twitter:card\" content=\"summary_large_image\" \/>\n<meta name=\"twitter:label1\" content=\"Arvioitu lukuaika\" \/>\n\t<meta name=\"twitter:data1\" content=\"1 minuutti\" \/>\n<script type=\"application\/ld+json\" class=\"yoast-schema-graph\">{\"@context\":\"https:\/\/schema.org\",\"@graph\":[{\"@type\":\"WebPage\",\"@id\":\"https:\/\/www.transtoyou.com\/fi\/product\/nicorette\/\",\"url\":\"https:\/\/www.transtoyou.com\/fi\/product\/nicorette\/\",\"name\":\"Nicorette | Tupakoinnin Lopettamisen Apuv\u00e4line & Himojen Helpotus - Transtoyou\",\"isPartOf\":{\"@id\":\"https:\/\/www.transtoyou.com\/fi\/#website\"},\"primaryImageOfPage\":{\"@id\":\"https:\/\/www.transtoyou.com\/fi\/product\/nicorette\/#primaryimage\"},\"image\":{\"@id\":\"https:\/\/www.transtoyou.com\/fi\/product\/nicorette\/#primaryimage\"},\"thumbnailUrl\":\"https:\/\/www.transtoyou.com\/fi\/wp-content\/uploads\/sites\/16\/2026\/01\/tty-no-product-image-22.webp\",\"datePublished\":\"2026-01-22T18:42:55+00:00\",\"dateModified\":\"2026-01-22T18:44:05+00:00\",\"description\":\"Nicorette, saatavilla Transtoyou:sta, auttaa lievitt\u00e4m\u00e4\u00e4n tupakoinnin vieroitusoireita hallitulla nikotiinilla. Osta nyt joustavia lopetussuunnitelmia!\",\"breadcrumb\":{\"@id\":\"https:\/\/www.transtoyou.com\/fi\/product\/nicorette\/#breadcrumb\"},\"inLanguage\":\"fi\",\"potentialAction\":[{\"@type\":\"ReadAction\",\"target\":[\"https:\/\/www.transtoyou.com\/fi\/product\/nicorette\/\"]}]},{\"@type\":\"ImageObject\",\"inLanguage\":\"fi\",\"@id\":\"https:\/\/www.transtoyou.com\/fi\/product\/nicorette\/#primaryimage\",\"url\":\"https:\/\/www.transtoyou.com\/fi\/wp-content\/uploads\/sites\/16\/2026\/01\/tty-no-product-image-22.webp\",\"contentUrl\":\"https:\/\/www.transtoyou.com\/fi\/wp-content\/uploads\/sites\/16\/2026\/01\/tty-no-product-image-22.webp\",\"width\":1000,\"height\":1000,\"caption\":\"Oletusarvoinen tuotekuva\"},{\"@type\":\"WebSite\",\"@id\":\"https:\/\/www.transtoyou.com\/fi\/#website\",\"url\":\"https:\/\/www.transtoyou.com\/fi\/\",\"name\":\"Transtoyou - FI\",\"description\":\"\",\"publisher\":{\"@id\":\"https:\/\/www.transtoyou.com\/fi\/#organization\"},\"potentialAction\":[{\"@type\":\"SearchAction\",\"target\":{\"@type\":\"EntryPoint\",\"urlTemplate\":\"https:\/\/www.transtoyou.com\/fi\/?s={search_term_string}\"},\"query-input\":{\"@type\":\"PropertyValueSpecification\",\"valueRequired\":true,\"valueName\":\"search_term_string\"}}],\"inLanguage\":\"fi\"},{\"@type\":\"Organization\",\"@id\":\"https:\/\/www.transtoyou.com\/fi\/#organization\",\"name\":\"Transtoyou - FI\",\"url\":\"https:\/\/www.transtoyou.com\/fi\/\",\"logo\":{\"@type\":\"ImageObject\",\"inLanguage\":\"fi\",\"@id\":\"https:\/\/www.transtoyou.com\/fi\/#\/schema\/logo\/image\/\",\"url\":\"https:\/\/www.transtoyou.com\/fi\/wp-content\/uploads\/sites\/16\/2026\/01\/logo-tty-menu-bar-300x87-1.webp\",\"contentUrl\":\"https:\/\/www.transtoyou.com\/fi\/wp-content\/uploads\/sites\/16\/2026\/01\/logo-tty-menu-bar-300x87-1.webp\",\"width\":300,\"height\":87,\"caption\":\"Transtoyou - FI\"},\"image\":{\"@id\":\"https:\/\/www.transtoyou.com\/fi\/#\/schema\/logo\/image\/\"}}]}<\/script>\n<!-- \/ Yoast SEO plugin. -->","yoast_head_json":{"title":"Nicorette | Tupakoinnin Lopettamisen Apuv\u00e4line & Himojen Helpotus - Transtoyou","description":"Nicorette, saatavilla Transtoyou:sta, auttaa lievitt\u00e4m\u00e4\u00e4n tupakoinnin vieroitusoireita hallitulla nikotiinilla. Osta nyt joustavia lopetussuunnitelmia!","robots":{"index":"noindex","follow":"follow","max-snippet":"max-snippet:-1","max-image-preview":"max-image-preview:large","max-video-preview":"max-video-preview:-1"},"og_locale":"fi_FI","og_type":"article","og_title":"Nicorette | Tupakoinnin Lopettamisen Apuv\u00e4line & Himojen Helpotus - Transtoyou","og_description":"Nicorette, saatavilla Transtoyou:sta, auttaa lievitt\u00e4m\u00e4\u00e4n tupakoinnin vieroitusoireita hallitulla nikotiinilla. Osta nyt joustavia lopetussuunnitelmia!","og_url":"https:\/\/www.transtoyou.com\/fi\/product\/nicorette\/","og_site_name":"Transtoyou - FI","article_modified_time":"2026-01-22T18:44:05+00:00","twitter_card":"summary_large_image","twitter_misc":{"Arvioitu lukuaika":"1 minuutti"},"schema":{"@context":"https:\/\/schema.org","@graph":[{"@type":"WebPage","@id":"https:\/\/www.transtoyou.com\/fi\/product\/nicorette\/","url":"https:\/\/www.transtoyou.com\/fi\/product\/nicorette\/","name":"Nicorette | Tupakoinnin Lopettamisen Apuv\u00e4line & Himojen Helpotus - Transtoyou","isPartOf":{"@id":"https:\/\/www.transtoyou.com\/fi\/#website"},"primaryImageOfPage":{"@id":"https:\/\/www.transtoyou.com\/fi\/product\/nicorette\/#primaryimage"},"image":{"@id":"https:\/\/www.transtoyou.com\/fi\/product\/nicorette\/#primaryimage"},"thumbnailUrl":"https:\/\/www.transtoyou.com\/fi\/wp-content\/uploads\/sites\/16\/2026\/01\/tty-no-product-image-22.webp","datePublished":"2026-01-22T18:42:55+00:00","dateModified":"2026-01-22T18:44:05+00:00","description":"Nicorette, saatavilla Transtoyou:sta, auttaa lievitt\u00e4m\u00e4\u00e4n tupakoinnin vieroitusoireita hallitulla nikotiinilla. Osta nyt joustavia lopetussuunnitelmia!","breadcrumb":{"@id":"https:\/\/www.transtoyou.com\/fi\/product\/nicorette\/#breadcrumb"},"inLanguage":"fi","potentialAction":[{"@type":"ReadAction","target":["https:\/\/www.transtoyou.com\/fi\/product\/nicorette\/"]}]},{"@type":"ImageObject","inLanguage":"fi","@id":"https:\/\/www.transtoyou.com\/fi\/product\/nicorette\/#primaryimage","url":"https:\/\/www.transtoyou.com\/fi\/wp-content\/uploads\/sites\/16\/2026\/01\/tty-no-product-image-22.webp","contentUrl":"https:\/\/www.transtoyou.com\/fi\/wp-content\/uploads\/sites\/16\/2026\/01\/tty-no-product-image-22.webp","width":1000,"height":1000,"caption":"Oletusarvoinen tuotekuva"},{"@type":"WebSite","@id":"https:\/\/www.transtoyou.com\/fi\/#website","url":"https:\/\/www.transtoyou.com\/fi\/","name":"Transtoyou - FI","description":"","publisher":{"@id":"https:\/\/www.transtoyou.com\/fi\/#organization"},"potentialAction":[{"@type":"SearchAction","target":{"@type":"EntryPoint","urlTemplate":"https:\/\/www.transtoyou.com\/fi\/?s={search_term_string}"},"query-input":{"@type":"PropertyValueSpecification","valueRequired":true,"valueName":"search_term_string"}}],"inLanguage":"fi"},{"@type":"Organization","@id":"https:\/\/www.transtoyou.com\/fi\/#organization","name":"Transtoyou - FI","url":"https:\/\/www.transtoyou.com\/fi\/","logo":{"@type":"ImageObject","inLanguage":"fi","@id":"https:\/\/www.transtoyou.com\/fi\/#\/schema\/logo\/image\/","url":"https:\/\/www.transtoyou.com\/fi\/wp-content\/uploads\/sites\/16\/2026\/01\/logo-tty-menu-bar-300x87-1.webp","contentUrl":"https:\/\/www.transtoyou.com\/fi\/wp-content\/uploads\/sites\/16\/2026\/01\/logo-tty-menu-bar-300x87-1.webp","width":300,"height":87,"caption":"Transtoyou - FI"},"image":{"@id":"https:\/\/www.transtoyou.com\/fi\/#\/schema\/logo\/image\/"}}]}},"_links":{"self":[{"href":"https:\/\/www.transtoyou.com\/fi\/wp-json\/wp\/v2\/product\/508","targetHints":{"allow":["GET"]}}],"collection":[{"href":"https:\/\/www.transtoyou.com\/fi\/wp-json\/wp\/v2\/product"}],"about":[{"href":"https:\/\/www.transtoyou.com\/fi\/wp-json\/wp\/v2\/types\/product"}],"replies":[{"embeddable":true,"href":"https:\/\/www.transtoyou.com\/fi\/wp-json\/wp\/v2\/comments?post=508"}],"wp:featuredmedia":[{"embeddable":true,"href":"https:\/\/www.transtoyou.com\/fi\/wp-json\/wp\/v2\/media\/510"}],"wp:attachment":[{"href":"https:\/\/www.transtoyou.com\/fi\/wp-json\/wp\/v2\/media?parent=508"}],"wp:term":[{"taxonomy":"product_brand","embeddable":true,"href":"https:\/\/www.transtoyou.com\/fi\/wp-json\/wp\/v2\/product_brand?post=508"},{"taxonomy":"product_cat","embeddable":true,"href":"https:\/\/www.transtoyou.com\/fi\/wp-json\/wp\/v2\/product_cat?post=508"},{"taxonomy":"product_tag","embeddable":true,"href":"https:\/\/www.transtoyou.com\/fi\/wp-json\/wp\/v2\/product_tag?post=508"},{"taxonomy":"expert","embeddable":true,"href":"https:\/\/www.transtoyou.com\/fi\/wp-json\/wp\/v2\/expert?post=508"}],"curies":[{"name":"wp","href":"https:\/\/api.w.org\/{rel}","templated":true}]}}