{"id":511,"date":"2026-01-22T18:58:34","date_gmt":"2026-01-22T18:58:34","guid":{"rendered":"https:\/\/www.transtoyou.com\/fi\/product\/decigatan\/"},"modified":"2026-01-22T18:59:41","modified_gmt":"2026-01-22T18:59:41","slug":"decigatan","status":"publish","type":"product","link":"https:\/\/www.transtoyou.com\/fi\/product\/decigatan\/","title":{"rendered":"Decigatan"},"content":{"rendered":"<p>Decigatan on reseptil\u00e4\u00e4ke, joka on suunniteltu tukemaan henkil\u00f6it\u00e4, jotka haluavat lopettaa tupakoinnin. Se sis\u00e4lt\u00e4\u00e4 sytisiini\u00e4, kasvipohjaista yhdistett\u00e4, joka auttaa v\u00e4hent\u00e4m\u00e4\u00e4n tupakoinnin himoa ja vieroitusoireita osittain stimuloimalla nikotiinireseptoreita aivoissa. T\u00e4m\u00e4 toiminta helpottaa siirtymist\u00e4 nikotiiniriippuvuudesta ja v\u00e4hent\u00e4\u00e4 tupakoinnin palkitsevia vaikutuksia.<\/p>\n<p>Toisin kuin nikotiinikorvaushoidot, jotka tarjoavat nikotiinia kehoon, Decigatan toimii j\u00e4ljittelem\u00e4ll\u00e4 osaa nikotiinin vaikutuksista samalla kun se est\u00e4\u00e4 sen voimakkaampia addiktiivisia ominaisuuksia. T\u00e4m\u00e4 kaksoismekanismi auttaa tupakoitsijoita v\u00e4hent\u00e4m\u00e4\u00e4n v\u00e4hitellen riippuvuuttaan savukkeista samalla kun he kokevat v\u00e4hemm\u00e4n himoa ja v\u00e4hemm\u00e4n ep\u00e4mukavuutta lopettamisprosessin aikana.<\/p>\n<p>Decigatania otetaan tyypillisesti 25 p\u00e4iv\u00e4n ajan, ja annosta v\u00e4hennet\u00e4\u00e4n asteittain. T\u00e4n\u00e4 aikana k\u00e4ytt\u00e4ji\u00e4 kannustetaan lopettamaan tupakointi kokonaan ensimm\u00e4isten viiden p\u00e4iv\u00e4n aikana. Rakennettu hoitosuunnitelma tukee sek\u00e4 fyysist\u00e4 ett\u00e4 psykologista vieroitusta, mik\u00e4 helpottaa tupakointitottumuksesta irrottautumista.<\/p>\n<p>Useimmat k\u00e4ytt\u00e4j\u00e4t siet\u00e4v\u00e4t Decigatania hyvin, vaikka jotkut saattavat kokea lievi\u00e4 haittavaikutuksia, kuten pahoinvointia, suun kuivumista tai unih\u00e4iri\u00f6it\u00e4. Kuten mink\u00e4 tahansa l\u00e4\u00e4kkeen kohdalla, on t\u00e4rke\u00e4\u00e4 noudattaa annosteluaikataulua huolellisesti ja v\u00e4ltt\u00e4\u00e4 tupakointia hoidon aikana, sill\u00e4 molempien yhdist\u00e4minen voi johtaa haittavaikutuksiin tai tehon heikkenemiseen.<\/p>\n<p>Decigatania ei suositella raskauden tai imetyksen aikana, eik\u00e4 sit\u00e4 tulisi k\u00e4ytt\u00e4\u00e4 tiettyjen sairauksien kanssa ilman l\u00e4\u00e4k\u00e4rin ohjausta.<\/p>\n","protected":false},"excerpt":{"rendered":"<ul>\n<li>V\u00e4hent\u00e4\u00e4 nikotiininhimoa<\/li>\n<li>25 p\u00e4iv\u00e4n hoitokuuri<\/li>\n<li>Kasvipohjainen vaikuttava aine<\/li>\n<\/ul>\n","protected":false},"featured_media":513,"comment_status":"open","ping_status":"closed","template":"","meta":[],"product_brand":[],"product_cat":[147],"product_tag":[],"expert":[16],"class_list":{"0":"post-511","1":"product","2":"type-product","3":"status-publish","4":"has-post-thumbnail","6":"product_cat-tupakoinnin-lopettamisen-apuvalineet","7":"expert-dr-c-alexandru","9":"first","10":"instock","11":"shipping-taxable","12":"product-type-variable"},"yoast_head":"<!-- This site is optimized with the Yoast SEO plugin v27.0 - https:\/\/yoast.com\/product\/yoast-seo-wordpress\/ -->\n<title>Decigatan | Tupakoinnin lopettamisen tuki - Transtoyou<\/title>\n<meta name=\"description\" content=\"Decigatan, reseptil\u00e4\u00e4ke tupakoinnin lopettamiseen, v\u00e4hent\u00e4\u00e4 himoja ja vieroitusoireita. Konsultoi l\u00e4\u00e4k\u00e4reit\u00e4mme r\u00e4\u00e4t\u00e4l\u00f6ity\u00e4 hoitosuunnitelmaa varten.\" \/>\n<meta name=\"robots\" content=\"noindex, follow, max-snippet:-1, max-image-preview:large, max-video-preview:-1\" \/>\n<meta property=\"og:locale\" content=\"fi_FI\" \/>\n<meta property=\"og:type\" content=\"article\" \/>\n<meta property=\"og:title\" content=\"Decigatan | Tupakoinnin lopettamisen tuki - Transtoyou\" \/>\n<meta property=\"og:description\" content=\"Decigatan, reseptil\u00e4\u00e4ke tupakoinnin lopettamiseen, v\u00e4hent\u00e4\u00e4 himoja ja vieroitusoireita. Konsultoi l\u00e4\u00e4k\u00e4reit\u00e4mme r\u00e4\u00e4t\u00e4l\u00f6ity\u00e4 hoitosuunnitelmaa varten.\" \/>\n<meta property=\"og:url\" content=\"https:\/\/www.transtoyou.com\/fi\/product\/decigatan\/\" \/>\n<meta property=\"og:site_name\" content=\"Transtoyou - FI\" \/>\n<meta property=\"article:modified_time\" content=\"2026-01-22T18:59:41+00:00\" \/>\n<meta name=\"twitter:card\" content=\"summary_large_image\" \/>\n<meta name=\"twitter:label1\" content=\"Arvioitu lukuaika\" \/>\n\t<meta name=\"twitter:data1\" content=\"1 minuutti\" \/>\n<script type=\"application\/ld+json\" class=\"yoast-schema-graph\">{\"@context\":\"https:\/\/schema.org\",\"@graph\":[{\"@type\":\"WebPage\",\"@id\":\"https:\/\/www.transtoyou.com\/fi\/product\/decigatan\/\",\"url\":\"https:\/\/www.transtoyou.com\/fi\/product\/decigatan\/\",\"name\":\"Decigatan | Tupakoinnin lopettamisen tuki - Transtoyou\",\"isPartOf\":{\"@id\":\"https:\/\/www.transtoyou.com\/fi\/#website\"},\"primaryImageOfPage\":{\"@id\":\"https:\/\/www.transtoyou.com\/fi\/product\/decigatan\/#primaryimage\"},\"image\":{\"@id\":\"https:\/\/www.transtoyou.com\/fi\/product\/decigatan\/#primaryimage\"},\"thumbnailUrl\":\"https:\/\/www.transtoyou.com\/fi\/wp-content\/uploads\/sites\/16\/2026\/01\/tty-no-product-image-23.webp\",\"datePublished\":\"2026-01-22T18:58:34+00:00\",\"dateModified\":\"2026-01-22T18:59:41+00:00\",\"description\":\"Decigatan, reseptil\u00e4\u00e4ke tupakoinnin lopettamiseen, v\u00e4hent\u00e4\u00e4 himoja ja vieroitusoireita. Konsultoi l\u00e4\u00e4k\u00e4reit\u00e4mme r\u00e4\u00e4t\u00e4l\u00f6ity\u00e4 hoitosuunnitelmaa varten.\",\"breadcrumb\":{\"@id\":\"https:\/\/www.transtoyou.com\/fi\/product\/decigatan\/#breadcrumb\"},\"inLanguage\":\"fi\",\"potentialAction\":[{\"@type\":\"ReadAction\",\"target\":[\"https:\/\/www.transtoyou.com\/fi\/product\/decigatan\/\"]}]},{\"@type\":\"ImageObject\",\"inLanguage\":\"fi\",\"@id\":\"https:\/\/www.transtoyou.com\/fi\/product\/decigatan\/#primaryimage\",\"url\":\"https:\/\/www.transtoyou.com\/fi\/wp-content\/uploads\/sites\/16\/2026\/01\/tty-no-product-image-23.webp\",\"contentUrl\":\"https:\/\/www.transtoyou.com\/fi\/wp-content\/uploads\/sites\/16\/2026\/01\/tty-no-product-image-23.webp\",\"width\":1000,\"height\":1000,\"caption\":\"Oletusarvoinen tuotekuva\"},{\"@type\":\"WebSite\",\"@id\":\"https:\/\/www.transtoyou.com\/fi\/#website\",\"url\":\"https:\/\/www.transtoyou.com\/fi\/\",\"name\":\"Transtoyou - FI\",\"description\":\"\",\"publisher\":{\"@id\":\"https:\/\/www.transtoyou.com\/fi\/#organization\"},\"potentialAction\":[{\"@type\":\"SearchAction\",\"target\":{\"@type\":\"EntryPoint\",\"urlTemplate\":\"https:\/\/www.transtoyou.com\/fi\/?s={search_term_string}\"},\"query-input\":{\"@type\":\"PropertyValueSpecification\",\"valueRequired\":true,\"valueName\":\"search_term_string\"}}],\"inLanguage\":\"fi\"},{\"@type\":\"Organization\",\"@id\":\"https:\/\/www.transtoyou.com\/fi\/#organization\",\"name\":\"Transtoyou - FI\",\"url\":\"https:\/\/www.transtoyou.com\/fi\/\",\"logo\":{\"@type\":\"ImageObject\",\"inLanguage\":\"fi\",\"@id\":\"https:\/\/www.transtoyou.com\/fi\/#\/schema\/logo\/image\/\",\"url\":\"https:\/\/www.transtoyou.com\/fi\/wp-content\/uploads\/sites\/16\/2026\/01\/logo-tty-menu-bar-300x87-1.webp\",\"contentUrl\":\"https:\/\/www.transtoyou.com\/fi\/wp-content\/uploads\/sites\/16\/2026\/01\/logo-tty-menu-bar-300x87-1.webp\",\"width\":300,\"height\":87,\"caption\":\"Transtoyou - FI\"},\"image\":{\"@id\":\"https:\/\/www.transtoyou.com\/fi\/#\/schema\/logo\/image\/\"}}]}<\/script>\n<!-- \/ Yoast SEO plugin. -->","yoast_head_json":{"title":"Decigatan | Tupakoinnin lopettamisen tuki - Transtoyou","description":"Decigatan, reseptil\u00e4\u00e4ke tupakoinnin lopettamiseen, v\u00e4hent\u00e4\u00e4 himoja ja vieroitusoireita. Konsultoi l\u00e4\u00e4k\u00e4reit\u00e4mme r\u00e4\u00e4t\u00e4l\u00f6ity\u00e4 hoitosuunnitelmaa varten.","robots":{"index":"noindex","follow":"follow","max-snippet":"max-snippet:-1","max-image-preview":"max-image-preview:large","max-video-preview":"max-video-preview:-1"},"og_locale":"fi_FI","og_type":"article","og_title":"Decigatan | Tupakoinnin lopettamisen tuki - Transtoyou","og_description":"Decigatan, reseptil\u00e4\u00e4ke tupakoinnin lopettamiseen, v\u00e4hent\u00e4\u00e4 himoja ja vieroitusoireita. Konsultoi l\u00e4\u00e4k\u00e4reit\u00e4mme r\u00e4\u00e4t\u00e4l\u00f6ity\u00e4 hoitosuunnitelmaa varten.","og_url":"https:\/\/www.transtoyou.com\/fi\/product\/decigatan\/","og_site_name":"Transtoyou - FI","article_modified_time":"2026-01-22T18:59:41+00:00","twitter_card":"summary_large_image","twitter_misc":{"Arvioitu lukuaika":"1 minuutti"},"schema":{"@context":"https:\/\/schema.org","@graph":[{"@type":"WebPage","@id":"https:\/\/www.transtoyou.com\/fi\/product\/decigatan\/","url":"https:\/\/www.transtoyou.com\/fi\/product\/decigatan\/","name":"Decigatan | Tupakoinnin lopettamisen tuki - Transtoyou","isPartOf":{"@id":"https:\/\/www.transtoyou.com\/fi\/#website"},"primaryImageOfPage":{"@id":"https:\/\/www.transtoyou.com\/fi\/product\/decigatan\/#primaryimage"},"image":{"@id":"https:\/\/www.transtoyou.com\/fi\/product\/decigatan\/#primaryimage"},"thumbnailUrl":"https:\/\/www.transtoyou.com\/fi\/wp-content\/uploads\/sites\/16\/2026\/01\/tty-no-product-image-23.webp","datePublished":"2026-01-22T18:58:34+00:00","dateModified":"2026-01-22T18:59:41+00:00","description":"Decigatan, reseptil\u00e4\u00e4ke tupakoinnin lopettamiseen, v\u00e4hent\u00e4\u00e4 himoja ja vieroitusoireita. Konsultoi l\u00e4\u00e4k\u00e4reit\u00e4mme r\u00e4\u00e4t\u00e4l\u00f6ity\u00e4 hoitosuunnitelmaa varten.","breadcrumb":{"@id":"https:\/\/www.transtoyou.com\/fi\/product\/decigatan\/#breadcrumb"},"inLanguage":"fi","potentialAction":[{"@type":"ReadAction","target":["https:\/\/www.transtoyou.com\/fi\/product\/decigatan\/"]}]},{"@type":"ImageObject","inLanguage":"fi","@id":"https:\/\/www.transtoyou.com\/fi\/product\/decigatan\/#primaryimage","url":"https:\/\/www.transtoyou.com\/fi\/wp-content\/uploads\/sites\/16\/2026\/01\/tty-no-product-image-23.webp","contentUrl":"https:\/\/www.transtoyou.com\/fi\/wp-content\/uploads\/sites\/16\/2026\/01\/tty-no-product-image-23.webp","width":1000,"height":1000,"caption":"Oletusarvoinen tuotekuva"},{"@type":"WebSite","@id":"https:\/\/www.transtoyou.com\/fi\/#website","url":"https:\/\/www.transtoyou.com\/fi\/","name":"Transtoyou - FI","description":"","publisher":{"@id":"https:\/\/www.transtoyou.com\/fi\/#organization"},"potentialAction":[{"@type":"SearchAction","target":{"@type":"EntryPoint","urlTemplate":"https:\/\/www.transtoyou.com\/fi\/?s={search_term_string}"},"query-input":{"@type":"PropertyValueSpecification","valueRequired":true,"valueName":"search_term_string"}}],"inLanguage":"fi"},{"@type":"Organization","@id":"https:\/\/www.transtoyou.com\/fi\/#organization","name":"Transtoyou - FI","url":"https:\/\/www.transtoyou.com\/fi\/","logo":{"@type":"ImageObject","inLanguage":"fi","@id":"https:\/\/www.transtoyou.com\/fi\/#\/schema\/logo\/image\/","url":"https:\/\/www.transtoyou.com\/fi\/wp-content\/uploads\/sites\/16\/2026\/01\/logo-tty-menu-bar-300x87-1.webp","contentUrl":"https:\/\/www.transtoyou.com\/fi\/wp-content\/uploads\/sites\/16\/2026\/01\/logo-tty-menu-bar-300x87-1.webp","width":300,"height":87,"caption":"Transtoyou - FI"},"image":{"@id":"https:\/\/www.transtoyou.com\/fi\/#\/schema\/logo\/image\/"}}]}},"_links":{"self":[{"href":"https:\/\/www.transtoyou.com\/fi\/wp-json\/wp\/v2\/product\/511","targetHints":{"allow":["GET"]}}],"collection":[{"href":"https:\/\/www.transtoyou.com\/fi\/wp-json\/wp\/v2\/product"}],"about":[{"href":"https:\/\/www.transtoyou.com\/fi\/wp-json\/wp\/v2\/types\/product"}],"replies":[{"embeddable":true,"href":"https:\/\/www.transtoyou.com\/fi\/wp-json\/wp\/v2\/comments?post=511"}],"wp:featuredmedia":[{"embeddable":true,"href":"https:\/\/www.transtoyou.com\/fi\/wp-json\/wp\/v2\/media\/513"}],"wp:attachment":[{"href":"https:\/\/www.transtoyou.com\/fi\/wp-json\/wp\/v2\/media?parent=511"}],"wp:term":[{"taxonomy":"product_brand","embeddable":true,"href":"https:\/\/www.transtoyou.com\/fi\/wp-json\/wp\/v2\/product_brand?post=511"},{"taxonomy":"product_cat","embeddable":true,"href":"https:\/\/www.transtoyou.com\/fi\/wp-json\/wp\/v2\/product_cat?post=511"},{"taxonomy":"product_tag","embeddable":true,"href":"https:\/\/www.transtoyou.com\/fi\/wp-json\/wp\/v2\/product_tag?post=511"},{"taxonomy":"expert","embeddable":true,"href":"https:\/\/www.transtoyou.com\/fi\/wp-json\/wp\/v2\/expert?post=511"}],"curies":[{"name":"wp","href":"https:\/\/api.w.org\/{rel}","templated":true}]}}