{"id":517,"date":"2026-01-22T19:27:54","date_gmt":"2026-01-22T19:27:54","guid":{"rendered":"https:\/\/www.transtoyou.com\/fi\/product\/valtrex\/"},"modified":"2026-01-22T19:28:59","modified_gmt":"2026-01-22T19:28:59","slug":"valtrex","status":"publish","type":"product","link":"https:\/\/www.transtoyou.com\/fi\/product\/valtrex\/","title":{"rendered":"Valtrex"},"content":{"rendered":"<p>Valtrex on antiviraalinen l\u00e4\u00e4kitys (viruksia torjuva l\u00e4\u00e4ke), jota k\u00e4ytet\u00e4\u00e4n herpesvirusten aiheuttamien infektioiden hoitoon. Se on acikloviirin prodrug, mik\u00e4 tarkoittaa, ett\u00e4 kehosi muuntaa sen aktiiviseen muotoonsa (aciclovir) sen ottamisen j\u00e4lkeen. Acikloviiri toimii est\u00e4m\u00e4ll\u00e4 virusta replikoimasta DNA:taan (geneettist\u00e4 materiaalia), mik\u00e4 est\u00e4\u00e4 sen lis\u00e4\u00e4ntymisen ja levi\u00e4misen (est\u00e4\u00e4 viruksen replikaation).<\/p>\n<p>Valtrexia m\u00e4\u00e4r\u00e4t\u00e4\u00e4n p\u00e4\u00e4asiassa herpesvirusten aiheuttamille infektioille, mukaan lukien huuliherpes (suuhuuhtelu), sukupuolielinten herpes, vy\u00f6ruusu (herpes zoster), herpesviruksen aiheuttamat silm\u00e4infektiot ja sytomegaloviruksen (CMV) infektioiden ehk\u00e4isemiseksi elinsiirron saaneilla henkil\u00f6ill\u00e4. Sit\u00e4 k\u00e4ytet\u00e4\u00e4n my\u00f6s pitk\u00e4aikaisesti puhkeamisten tiheyden v\u00e4hent\u00e4miseksi.<\/p>\n<p>Valtrex vaikuttaa kehoon hallitsemalla virusta aktiivisten puhkeamien aikana ja v\u00e4hent\u00e4m\u00e4ll\u00e4 tulevien puhkeamien riski\u00e4. Se toimii hyvin, kun se aloitetaan varhain oireiden alussa, usein ensimm\u00e4isten 1\u20131,5 tunnin aikana. Koska se kohdistuu vain virusinfektoituneisiin soluihin, terveet solut s\u00e4\u00e4styv\u00e4t yleens\u00e4, mik\u00e4 johtaa v\u00e4hemm\u00e4n sivuvaikutuksiin.<\/p>\n<p>Valtrexin p\u00e4\u00e4edut ovat sen nopea vaikutus, helppok\u00e4ytt\u00f6isyys (suun kautta otettava tabletti), v\u00e4hemm\u00e4n p\u00e4ivitt\u00e4isi\u00e4 annoksia verrattuna vanhempiin antiviraalisiin l\u00e4\u00e4kkeisiin ja vahva n\u00e4ytt\u00f6 tehokkuudesta. Se v\u00e4hent\u00e4\u00e4 kipua ja paranemisaikaa puhkeamien aikana ja voi my\u00f6s v\u00e4hent\u00e4\u00e4 viruksen siirt\u00e4misen mahdollisuuksia muille, kun sit\u00e4 k\u00e4ytet\u00e4\u00e4n p\u00e4ivitt\u00e4in.<\/p>\n<p>Valtrex ei paranna herpesinfektiota, mutta auttaa hallitsemaan sit\u00e4 tehokkaasti ja tekee el\u00e4misest\u00e4 t\u00e4m\u00e4n tilan kanssa helpompaa.<\/p>\n","protected":false},"excerpt":{"rendered":"<ul>\n<li>Antivirus herpesviruksia vastaan<\/li>\n<li>Auttaa v\u00e4hent\u00e4m\u00e4\u00e4n puhkeamisia ja oireita<\/li>\n<li>Kerran p\u00e4iv\u00e4ss\u00e4 otettava vaihtoehto ehk\u00e4isyyn<\/li>\n<\/ul>\n","protected":false},"featured_media":519,"comment_status":"open","ping_status":"closed","template":"","meta":[],"product_brand":[],"product_cat":[116,74,144],"product_tag":[],"expert":[17],"class_list":{"0":"post-517","1":"product","2":"type-product","3":"status-publish","4":"has-post-thumbnail","6":"product_cat-herpes","7":"product_cat-huuliherpes","8":"product_cat-tiilet","9":"expert-dr-c-munoz-parada","11":"first","12":"instock","13":"shipping-taxable","14":"product-type-variable"},"yoast_head":"<!-- This site is optimized with the Yoast SEO plugin v27.0 - https:\/\/yoast.com\/product\/yoast-seo-wordpress\/ -->\n<title>Valtrex | Tehokas antiviraalituki - Transtoyou<\/title>\n<meta name=\"description\" content=\"Valtrex saatavilla Transtoyou: luotettavaa antiviraalista tukea. Tutustu sen etuihin herpes-oireiden hallinnassa. Osta nyt tehokasta hoitoa.\" \/>\n<meta name=\"robots\" content=\"noindex, follow, max-snippet:-1, max-image-preview:large, max-video-preview:-1\" \/>\n<meta property=\"og:locale\" content=\"fi_FI\" \/>\n<meta property=\"og:type\" content=\"article\" \/>\n<meta property=\"og:title\" content=\"Valtrex | Tehokas antiviraalituki - Transtoyou\" \/>\n<meta property=\"og:description\" content=\"Valtrex saatavilla Transtoyou: luotettavaa antiviraalista tukea. Tutustu sen etuihin herpes-oireiden hallinnassa. Osta nyt tehokasta hoitoa.\" \/>\n<meta property=\"og:url\" content=\"https:\/\/www.transtoyou.com\/fi\/product\/valtrex\/\" \/>\n<meta property=\"og:site_name\" content=\"Transtoyou - FI\" \/>\n<meta property=\"article:modified_time\" content=\"2026-01-22T19:28:59+00:00\" \/>\n<meta name=\"twitter:card\" content=\"summary_large_image\" \/>\n<meta name=\"twitter:label1\" content=\"Arvioitu lukuaika\" \/>\n\t<meta name=\"twitter:data1\" content=\"1 minuutti\" \/>\n<script type=\"application\/ld+json\" class=\"yoast-schema-graph\">{\"@context\":\"https:\/\/schema.org\",\"@graph\":[{\"@type\":\"WebPage\",\"@id\":\"https:\/\/www.transtoyou.com\/fi\/product\/valtrex\/\",\"url\":\"https:\/\/www.transtoyou.com\/fi\/product\/valtrex\/\",\"name\":\"Valtrex | Tehokas antiviraalituki - Transtoyou\",\"isPartOf\":{\"@id\":\"https:\/\/www.transtoyou.com\/fi\/#website\"},\"primaryImageOfPage\":{\"@id\":\"https:\/\/www.transtoyou.com\/fi\/product\/valtrex\/#primaryimage\"},\"image\":{\"@id\":\"https:\/\/www.transtoyou.com\/fi\/product\/valtrex\/#primaryimage\"},\"thumbnailUrl\":\"https:\/\/www.transtoyou.com\/fi\/wp-content\/uploads\/sites\/16\/2026\/01\/tty-no-product-image-25.webp\",\"datePublished\":\"2026-01-22T19:27:54+00:00\",\"dateModified\":\"2026-01-22T19:28:59+00:00\",\"description\":\"Valtrex saatavilla Transtoyou: luotettavaa antiviraalista tukea. Tutustu sen etuihin herpes-oireiden hallinnassa. Osta nyt tehokasta hoitoa.\",\"breadcrumb\":{\"@id\":\"https:\/\/www.transtoyou.com\/fi\/product\/valtrex\/#breadcrumb\"},\"inLanguage\":\"fi\",\"potentialAction\":[{\"@type\":\"ReadAction\",\"target\":[\"https:\/\/www.transtoyou.com\/fi\/product\/valtrex\/\"]}]},{\"@type\":\"ImageObject\",\"inLanguage\":\"fi\",\"@id\":\"https:\/\/www.transtoyou.com\/fi\/product\/valtrex\/#primaryimage\",\"url\":\"https:\/\/www.transtoyou.com\/fi\/wp-content\/uploads\/sites\/16\/2026\/01\/tty-no-product-image-25.webp\",\"contentUrl\":\"https:\/\/www.transtoyou.com\/fi\/wp-content\/uploads\/sites\/16\/2026\/01\/tty-no-product-image-25.webp\",\"width\":1000,\"height\":1000,\"caption\":\"Oletusarvoinen tuotekuva\"},{\"@type\":\"WebSite\",\"@id\":\"https:\/\/www.transtoyou.com\/fi\/#website\",\"url\":\"https:\/\/www.transtoyou.com\/fi\/\",\"name\":\"Transtoyou - FI\",\"description\":\"\",\"publisher\":{\"@id\":\"https:\/\/www.transtoyou.com\/fi\/#organization\"},\"potentialAction\":[{\"@type\":\"SearchAction\",\"target\":{\"@type\":\"EntryPoint\",\"urlTemplate\":\"https:\/\/www.transtoyou.com\/fi\/?s={search_term_string}\"},\"query-input\":{\"@type\":\"PropertyValueSpecification\",\"valueRequired\":true,\"valueName\":\"search_term_string\"}}],\"inLanguage\":\"fi\"},{\"@type\":\"Organization\",\"@id\":\"https:\/\/www.transtoyou.com\/fi\/#organization\",\"name\":\"Transtoyou - FI\",\"url\":\"https:\/\/www.transtoyou.com\/fi\/\",\"logo\":{\"@type\":\"ImageObject\",\"inLanguage\":\"fi\",\"@id\":\"https:\/\/www.transtoyou.com\/fi\/#\/schema\/logo\/image\/\",\"url\":\"https:\/\/www.transtoyou.com\/fi\/wp-content\/uploads\/sites\/16\/2026\/01\/logo-tty-menu-bar-300x87-1.webp\",\"contentUrl\":\"https:\/\/www.transtoyou.com\/fi\/wp-content\/uploads\/sites\/16\/2026\/01\/logo-tty-menu-bar-300x87-1.webp\",\"width\":300,\"height\":87,\"caption\":\"Transtoyou - FI\"},\"image\":{\"@id\":\"https:\/\/www.transtoyou.com\/fi\/#\/schema\/logo\/image\/\"}}]}<\/script>\n<!-- \/ Yoast SEO plugin. -->","yoast_head_json":{"title":"Valtrex | Tehokas antiviraalituki - Transtoyou","description":"Valtrex saatavilla Transtoyou: luotettavaa antiviraalista tukea. Tutustu sen etuihin herpes-oireiden hallinnassa. Osta nyt tehokasta hoitoa.","robots":{"index":"noindex","follow":"follow","max-snippet":"max-snippet:-1","max-image-preview":"max-image-preview:large","max-video-preview":"max-video-preview:-1"},"og_locale":"fi_FI","og_type":"article","og_title":"Valtrex | Tehokas antiviraalituki - Transtoyou","og_description":"Valtrex saatavilla Transtoyou: luotettavaa antiviraalista tukea. Tutustu sen etuihin herpes-oireiden hallinnassa. Osta nyt tehokasta hoitoa.","og_url":"https:\/\/www.transtoyou.com\/fi\/product\/valtrex\/","og_site_name":"Transtoyou - FI","article_modified_time":"2026-01-22T19:28:59+00:00","twitter_card":"summary_large_image","twitter_misc":{"Arvioitu lukuaika":"1 minuutti"},"schema":{"@context":"https:\/\/schema.org","@graph":[{"@type":"WebPage","@id":"https:\/\/www.transtoyou.com\/fi\/product\/valtrex\/","url":"https:\/\/www.transtoyou.com\/fi\/product\/valtrex\/","name":"Valtrex | Tehokas antiviraalituki - Transtoyou","isPartOf":{"@id":"https:\/\/www.transtoyou.com\/fi\/#website"},"primaryImageOfPage":{"@id":"https:\/\/www.transtoyou.com\/fi\/product\/valtrex\/#primaryimage"},"image":{"@id":"https:\/\/www.transtoyou.com\/fi\/product\/valtrex\/#primaryimage"},"thumbnailUrl":"https:\/\/www.transtoyou.com\/fi\/wp-content\/uploads\/sites\/16\/2026\/01\/tty-no-product-image-25.webp","datePublished":"2026-01-22T19:27:54+00:00","dateModified":"2026-01-22T19:28:59+00:00","description":"Valtrex saatavilla Transtoyou: luotettavaa antiviraalista tukea. Tutustu sen etuihin herpes-oireiden hallinnassa. Osta nyt tehokasta hoitoa.","breadcrumb":{"@id":"https:\/\/www.transtoyou.com\/fi\/product\/valtrex\/#breadcrumb"},"inLanguage":"fi","potentialAction":[{"@type":"ReadAction","target":["https:\/\/www.transtoyou.com\/fi\/product\/valtrex\/"]}]},{"@type":"ImageObject","inLanguage":"fi","@id":"https:\/\/www.transtoyou.com\/fi\/product\/valtrex\/#primaryimage","url":"https:\/\/www.transtoyou.com\/fi\/wp-content\/uploads\/sites\/16\/2026\/01\/tty-no-product-image-25.webp","contentUrl":"https:\/\/www.transtoyou.com\/fi\/wp-content\/uploads\/sites\/16\/2026\/01\/tty-no-product-image-25.webp","width":1000,"height":1000,"caption":"Oletusarvoinen tuotekuva"},{"@type":"WebSite","@id":"https:\/\/www.transtoyou.com\/fi\/#website","url":"https:\/\/www.transtoyou.com\/fi\/","name":"Transtoyou - FI","description":"","publisher":{"@id":"https:\/\/www.transtoyou.com\/fi\/#organization"},"potentialAction":[{"@type":"SearchAction","target":{"@type":"EntryPoint","urlTemplate":"https:\/\/www.transtoyou.com\/fi\/?s={search_term_string}"},"query-input":{"@type":"PropertyValueSpecification","valueRequired":true,"valueName":"search_term_string"}}],"inLanguage":"fi"},{"@type":"Organization","@id":"https:\/\/www.transtoyou.com\/fi\/#organization","name":"Transtoyou - FI","url":"https:\/\/www.transtoyou.com\/fi\/","logo":{"@type":"ImageObject","inLanguage":"fi","@id":"https:\/\/www.transtoyou.com\/fi\/#\/schema\/logo\/image\/","url":"https:\/\/www.transtoyou.com\/fi\/wp-content\/uploads\/sites\/16\/2026\/01\/logo-tty-menu-bar-300x87-1.webp","contentUrl":"https:\/\/www.transtoyou.com\/fi\/wp-content\/uploads\/sites\/16\/2026\/01\/logo-tty-menu-bar-300x87-1.webp","width":300,"height":87,"caption":"Transtoyou - FI"},"image":{"@id":"https:\/\/www.transtoyou.com\/fi\/#\/schema\/logo\/image\/"}}]}},"_links":{"self":[{"href":"https:\/\/www.transtoyou.com\/fi\/wp-json\/wp\/v2\/product\/517","targetHints":{"allow":["GET"]}}],"collection":[{"href":"https:\/\/www.transtoyou.com\/fi\/wp-json\/wp\/v2\/product"}],"about":[{"href":"https:\/\/www.transtoyou.com\/fi\/wp-json\/wp\/v2\/types\/product"}],"replies":[{"embeddable":true,"href":"https:\/\/www.transtoyou.com\/fi\/wp-json\/wp\/v2\/comments?post=517"}],"wp:featuredmedia":[{"embeddable":true,"href":"https:\/\/www.transtoyou.com\/fi\/wp-json\/wp\/v2\/media\/519"}],"wp:attachment":[{"href":"https:\/\/www.transtoyou.com\/fi\/wp-json\/wp\/v2\/media?parent=517"}],"wp:term":[{"taxonomy":"product_brand","embeddable":true,"href":"https:\/\/www.transtoyou.com\/fi\/wp-json\/wp\/v2\/product_brand?post=517"},{"taxonomy":"product_cat","embeddable":true,"href":"https:\/\/www.transtoyou.com\/fi\/wp-json\/wp\/v2\/product_cat?post=517"},{"taxonomy":"product_tag","embeddable":true,"href":"https:\/\/www.transtoyou.com\/fi\/wp-json\/wp\/v2\/product_tag?post=517"},{"taxonomy":"expert","embeddable":true,"href":"https:\/\/www.transtoyou.com\/fi\/wp-json\/wp\/v2\/expert?post=517"}],"curies":[{"name":"wp","href":"https:\/\/api.w.org\/{rel}","templated":true}]}}