{"id":520,"date":"2026-01-22T19:41:54","date_gmt":"2026-01-22T19:41:54","guid":{"rendered":"https:\/\/www.transtoyou.com\/fi\/product\/valaciclovir\/"},"modified":"2026-03-06T14:57:44","modified_gmt":"2026-03-06T14:57:44","slug":"valaciclovir","status":"publish","type":"product","link":"https:\/\/www.transtoyou.com\/fi\/product\/valaciclovir\/","title":{"rendered":"Valaciclovir"},"content":{"rendered":"<p>Valasikloviiri on antiviraalinen l\u00e4\u00e4kitys (viruksia torjuva l\u00e4\u00e4ke), jota k\u00e4ytet\u00e4\u00e4n herpesvirusten aiheuttamien infektioiden hoitoon. Se on asikloviirin prodrug, mik\u00e4 tarkoittaa, ett\u00e4 kehosi muuntaa sen aktiiviseen muotoonsa (asikloviiri) sen ottamisen j\u00e4lkeen. Asikloviiri toimii h\u00e4iritsem\u00e4ll\u00e4 viruksen kyky\u00e4 kopioida DNA:taan (est\u00e4\u00e4 viruksen lis\u00e4\u00e4ntymist\u00e4), mik\u00e4 tehokkaasti est\u00e4\u00e4 sen lis\u00e4\u00e4ntymisen ja levi\u00e4misen.<\/p>\n<p>Valasikloviiria k\u00e4ytet\u00e4\u00e4n ensisijaisesti herpes simplex -infektioiden hoitoon ja ehk\u00e4isyyn, mukaan lukien huuliherpes ja sukupuolielinten herpes, vy\u00f6ruusu (herpes zoster) tai herpesviruksen aiheuttamat silm\u00e4infektiot. Se on erityisen hy\u00f6dyllinen kivun, oireiden keston ja uusiutumisen v\u00e4hent\u00e4misess\u00e4.<\/p>\n<p>T\u00e4m\u00e4 l\u00e4\u00e4ke auttaa v\u00e4hent\u00e4m\u00e4\u00e4n puhkeamisten vakavuutta ja voi lyhent\u00e4\u00e4 paranamisaikaa. Ennaltaehk\u00e4isev\u00e4n\u00e4 hoitona se v\u00e4hent\u00e4\u00e4 uusiutumisten m\u00e4\u00e4r\u00e4\u00e4 ja voi tehd\u00e4 puhkeamisista v\u00e4hemm\u00e4n vakavia. Se alkaa vaikuttaa nopeasti (1\u20131,5 tuntia nauttimisen j\u00e4lkeen), ja koska se otetaan suun kautta, se on k\u00e4tev\u00e4 ja helppo k\u00e4ytt\u00e4\u00e4. Monet ihmiset hy\u00f6tyv\u00e4t sen pitk\u00e4kestoisesta vaikutuksesta, jossa on suhteellisen v\u00e4h\u00e4n haittavaikutuksia.<\/p>\n<p>Valasikloviiri ei paranna herpesinfektiota, mutta se tekee viruksen kanssa el\u00e4misest\u00e4 hallittavampaa rajoittamalla sen vaikutusta p\u00e4ivitt\u00e4iseen el\u00e4m\u00e4\u00e4n.<\/p>\n","protected":false},"excerpt":{"rendered":"<ul>\n<li>Antiviraalinen herpesviruksia vastaan<\/li>\n<li>Auttaa v\u00e4hent\u00e4m\u00e4\u00e4n puhkeamisia ja oireita<\/li>\n<li>Kerran p\u00e4iv\u00e4ss\u00e4 otettava vaihtoehto ehk\u00e4isyyn<\/li>\n<\/ul>\n","protected":false},"featured_media":522,"comment_status":"open","ping_status":"closed","template":"","meta":[],"product_brand":[],"product_cat":[116,74,144],"product_tag":[],"expert":[17],"class_list":{"0":"post-520","1":"product","2":"type-product","3":"status-publish","4":"has-post-thumbnail","6":"product_cat-herpes","7":"product_cat-huuliherpes","8":"product_cat-tiilet","9":"expert-dr-c-munoz-parada","11":"first","12":"instock","13":"shipping-taxable","14":"product-type-variable"},"yoast_head":"<!-- This site is optimized with the Yoast SEO plugin v27.0 - https:\/\/yoast.com\/product\/yoast-seo-wordpress\/ -->\n<title>Valaciclovir | Nopea taistelu herpes- ja vy\u00f6ruusua vastaan - Transtoyou<\/title>\n<meta name=\"description\" content=\"Valaciclovir, tehokas antiviraalinen herpeshoito, v\u00e4hent\u00e4\u00e4 oireita ja uusiutumista. L\u00f6yd\u00e4 edut Transtoyou&#039;sta t\u00e4n\u00e4\u00e4n.\" \/>\n<meta name=\"robots\" content=\"noindex, follow, max-snippet:-1, max-image-preview:large, max-video-preview:-1\" \/>\n<meta property=\"og:locale\" content=\"fi_FI\" \/>\n<meta property=\"og:type\" content=\"article\" \/>\n<meta property=\"og:title\" content=\"Valaciclovir | Nopea taistelu herpes- ja vy\u00f6ruusua vastaan - Transtoyou\" \/>\n<meta property=\"og:description\" content=\"Valaciclovir, tehokas antiviraalinen herpeshoito, v\u00e4hent\u00e4\u00e4 oireita ja uusiutumista. L\u00f6yd\u00e4 edut Transtoyou&#039;sta t\u00e4n\u00e4\u00e4n.\" \/>\n<meta property=\"og:url\" content=\"https:\/\/www.transtoyou.com\/fi\/product\/valaciclovir\/\" \/>\n<meta property=\"og:site_name\" content=\"Transtoyou - FI\" \/>\n<meta property=\"article:modified_time\" content=\"2026-03-06T14:57:44+00:00\" \/>\n<meta name=\"twitter:card\" content=\"summary_large_image\" \/>\n<meta name=\"twitter:label1\" content=\"Arvioitu lukuaika\" \/>\n\t<meta name=\"twitter:data1\" content=\"1 minuutti\" \/>\n<script type=\"application\/ld+json\" class=\"yoast-schema-graph\">{\"@context\":\"https:\/\/schema.org\",\"@graph\":[{\"@type\":\"WebPage\",\"@id\":\"https:\/\/www.transtoyou.com\/fi\/product\/valaciclovir\/\",\"url\":\"https:\/\/www.transtoyou.com\/fi\/product\/valaciclovir\/\",\"name\":\"Valaciclovir | Nopea taistelu herpes- ja vy\u00f6ruusua vastaan - Transtoyou\",\"isPartOf\":{\"@id\":\"https:\/\/www.transtoyou.com\/fi\/#website\"},\"primaryImageOfPage\":{\"@id\":\"https:\/\/www.transtoyou.com\/fi\/product\/valaciclovir\/#primaryimage\"},\"image\":{\"@id\":\"https:\/\/www.transtoyou.com\/fi\/product\/valaciclovir\/#primaryimage\"},\"thumbnailUrl\":\"https:\/\/www.transtoyou.com\/fi\/wp-content\/uploads\/sites\/16\/2026\/01\/tty-no-product-image-26.webp\",\"datePublished\":\"2026-01-22T19:41:54+00:00\",\"dateModified\":\"2026-03-06T14:57:44+00:00\",\"description\":\"Valaciclovir, tehokas antiviraalinen herpeshoito, v\u00e4hent\u00e4\u00e4 oireita ja uusiutumista. L\u00f6yd\u00e4 edut Transtoyou'sta t\u00e4n\u00e4\u00e4n.\",\"breadcrumb\":{\"@id\":\"https:\/\/www.transtoyou.com\/fi\/product\/valaciclovir\/#breadcrumb\"},\"inLanguage\":\"fi\",\"potentialAction\":[{\"@type\":\"ReadAction\",\"target\":[\"https:\/\/www.transtoyou.com\/fi\/product\/valaciclovir\/\"]}]},{\"@type\":\"ImageObject\",\"inLanguage\":\"fi\",\"@id\":\"https:\/\/www.transtoyou.com\/fi\/product\/valaciclovir\/#primaryimage\",\"url\":\"https:\/\/www.transtoyou.com\/fi\/wp-content\/uploads\/sites\/16\/2026\/01\/tty-no-product-image-26.webp\",\"contentUrl\":\"https:\/\/www.transtoyou.com\/fi\/wp-content\/uploads\/sites\/16\/2026\/01\/tty-no-product-image-26.webp\",\"width\":1000,\"height\":1000,\"caption\":\"Oletusarvoinen tuotekuva\"},{\"@type\":\"WebSite\",\"@id\":\"https:\/\/www.transtoyou.com\/fi\/#website\",\"url\":\"https:\/\/www.transtoyou.com\/fi\/\",\"name\":\"Transtoyou - FI\",\"description\":\"\",\"publisher\":{\"@id\":\"https:\/\/www.transtoyou.com\/fi\/#organization\"},\"potentialAction\":[{\"@type\":\"SearchAction\",\"target\":{\"@type\":\"EntryPoint\",\"urlTemplate\":\"https:\/\/www.transtoyou.com\/fi\/?s={search_term_string}\"},\"query-input\":{\"@type\":\"PropertyValueSpecification\",\"valueRequired\":true,\"valueName\":\"search_term_string\"}}],\"inLanguage\":\"fi\"},{\"@type\":\"Organization\",\"@id\":\"https:\/\/www.transtoyou.com\/fi\/#organization\",\"name\":\"Transtoyou - FI\",\"url\":\"https:\/\/www.transtoyou.com\/fi\/\",\"logo\":{\"@type\":\"ImageObject\",\"inLanguage\":\"fi\",\"@id\":\"https:\/\/www.transtoyou.com\/fi\/#\/schema\/logo\/image\/\",\"url\":\"https:\/\/www.transtoyou.com\/fi\/wp-content\/uploads\/sites\/16\/2026\/01\/logo-tty-menu-bar-300x87-1.webp\",\"contentUrl\":\"https:\/\/www.transtoyou.com\/fi\/wp-content\/uploads\/sites\/16\/2026\/01\/logo-tty-menu-bar-300x87-1.webp\",\"width\":300,\"height\":87,\"caption\":\"Transtoyou - FI\"},\"image\":{\"@id\":\"https:\/\/www.transtoyou.com\/fi\/#\/schema\/logo\/image\/\"}}]}<\/script>\n<!-- \/ Yoast SEO plugin. -->","yoast_head_json":{"title":"Valaciclovir | Nopea taistelu herpes- ja vy\u00f6ruusua vastaan - Transtoyou","description":"Valaciclovir, tehokas antiviraalinen herpeshoito, v\u00e4hent\u00e4\u00e4 oireita ja uusiutumista. L\u00f6yd\u00e4 edut Transtoyou'sta t\u00e4n\u00e4\u00e4n.","robots":{"index":"noindex","follow":"follow","max-snippet":"max-snippet:-1","max-image-preview":"max-image-preview:large","max-video-preview":"max-video-preview:-1"},"og_locale":"fi_FI","og_type":"article","og_title":"Valaciclovir | Nopea taistelu herpes- ja vy\u00f6ruusua vastaan - Transtoyou","og_description":"Valaciclovir, tehokas antiviraalinen herpeshoito, v\u00e4hent\u00e4\u00e4 oireita ja uusiutumista. L\u00f6yd\u00e4 edut Transtoyou'sta t\u00e4n\u00e4\u00e4n.","og_url":"https:\/\/www.transtoyou.com\/fi\/product\/valaciclovir\/","og_site_name":"Transtoyou - FI","article_modified_time":"2026-03-06T14:57:44+00:00","twitter_card":"summary_large_image","twitter_misc":{"Arvioitu lukuaika":"1 minuutti"},"schema":{"@context":"https:\/\/schema.org","@graph":[{"@type":"WebPage","@id":"https:\/\/www.transtoyou.com\/fi\/product\/valaciclovir\/","url":"https:\/\/www.transtoyou.com\/fi\/product\/valaciclovir\/","name":"Valaciclovir | Nopea taistelu herpes- ja vy\u00f6ruusua vastaan - Transtoyou","isPartOf":{"@id":"https:\/\/www.transtoyou.com\/fi\/#website"},"primaryImageOfPage":{"@id":"https:\/\/www.transtoyou.com\/fi\/product\/valaciclovir\/#primaryimage"},"image":{"@id":"https:\/\/www.transtoyou.com\/fi\/product\/valaciclovir\/#primaryimage"},"thumbnailUrl":"https:\/\/www.transtoyou.com\/fi\/wp-content\/uploads\/sites\/16\/2026\/01\/tty-no-product-image-26.webp","datePublished":"2026-01-22T19:41:54+00:00","dateModified":"2026-03-06T14:57:44+00:00","description":"Valaciclovir, tehokas antiviraalinen herpeshoito, v\u00e4hent\u00e4\u00e4 oireita ja uusiutumista. L\u00f6yd\u00e4 edut Transtoyou'sta t\u00e4n\u00e4\u00e4n.","breadcrumb":{"@id":"https:\/\/www.transtoyou.com\/fi\/product\/valaciclovir\/#breadcrumb"},"inLanguage":"fi","potentialAction":[{"@type":"ReadAction","target":["https:\/\/www.transtoyou.com\/fi\/product\/valaciclovir\/"]}]},{"@type":"ImageObject","inLanguage":"fi","@id":"https:\/\/www.transtoyou.com\/fi\/product\/valaciclovir\/#primaryimage","url":"https:\/\/www.transtoyou.com\/fi\/wp-content\/uploads\/sites\/16\/2026\/01\/tty-no-product-image-26.webp","contentUrl":"https:\/\/www.transtoyou.com\/fi\/wp-content\/uploads\/sites\/16\/2026\/01\/tty-no-product-image-26.webp","width":1000,"height":1000,"caption":"Oletusarvoinen tuotekuva"},{"@type":"WebSite","@id":"https:\/\/www.transtoyou.com\/fi\/#website","url":"https:\/\/www.transtoyou.com\/fi\/","name":"Transtoyou - FI","description":"","publisher":{"@id":"https:\/\/www.transtoyou.com\/fi\/#organization"},"potentialAction":[{"@type":"SearchAction","target":{"@type":"EntryPoint","urlTemplate":"https:\/\/www.transtoyou.com\/fi\/?s={search_term_string}"},"query-input":{"@type":"PropertyValueSpecification","valueRequired":true,"valueName":"search_term_string"}}],"inLanguage":"fi"},{"@type":"Organization","@id":"https:\/\/www.transtoyou.com\/fi\/#organization","name":"Transtoyou - FI","url":"https:\/\/www.transtoyou.com\/fi\/","logo":{"@type":"ImageObject","inLanguage":"fi","@id":"https:\/\/www.transtoyou.com\/fi\/#\/schema\/logo\/image\/","url":"https:\/\/www.transtoyou.com\/fi\/wp-content\/uploads\/sites\/16\/2026\/01\/logo-tty-menu-bar-300x87-1.webp","contentUrl":"https:\/\/www.transtoyou.com\/fi\/wp-content\/uploads\/sites\/16\/2026\/01\/logo-tty-menu-bar-300x87-1.webp","width":300,"height":87,"caption":"Transtoyou - FI"},"image":{"@id":"https:\/\/www.transtoyou.com\/fi\/#\/schema\/logo\/image\/"}}]}},"_links":{"self":[{"href":"https:\/\/www.transtoyou.com\/fi\/wp-json\/wp\/v2\/product\/520","targetHints":{"allow":["GET"]}}],"collection":[{"href":"https:\/\/www.transtoyou.com\/fi\/wp-json\/wp\/v2\/product"}],"about":[{"href":"https:\/\/www.transtoyou.com\/fi\/wp-json\/wp\/v2\/types\/product"}],"replies":[{"embeddable":true,"href":"https:\/\/www.transtoyou.com\/fi\/wp-json\/wp\/v2\/comments?post=520"}],"wp:featuredmedia":[{"embeddable":true,"href":"https:\/\/www.transtoyou.com\/fi\/wp-json\/wp\/v2\/media\/522"}],"wp:attachment":[{"href":"https:\/\/www.transtoyou.com\/fi\/wp-json\/wp\/v2\/media?parent=520"}],"wp:term":[{"taxonomy":"product_brand","embeddable":true,"href":"https:\/\/www.transtoyou.com\/fi\/wp-json\/wp\/v2\/product_brand?post=520"},{"taxonomy":"product_cat","embeddable":true,"href":"https:\/\/www.transtoyou.com\/fi\/wp-json\/wp\/v2\/product_cat?post=520"},{"taxonomy":"product_tag","embeddable":true,"href":"https:\/\/www.transtoyou.com\/fi\/wp-json\/wp\/v2\/product_tag?post=520"},{"taxonomy":"expert","embeddable":true,"href":"https:\/\/www.transtoyou.com\/fi\/wp-json\/wp\/v2\/expert?post=520"}],"curies":[{"name":"wp","href":"https:\/\/api.w.org\/{rel}","templated":true}]}}