{"id":523,"date":"2026-01-22T19:55:01","date_gmt":"2026-01-22T19:55:01","guid":{"rendered":"https:\/\/www.transtoyou.com\/fi\/product\/xyloproct\/"},"modified":"2026-03-08T10:55:06","modified_gmt":"2026-03-08T10:55:06","slug":"xyloproct","status":"publish","type":"product","link":"https:\/\/www.transtoyou.com\/fi\/product\/xyloproct\/","title":{"rendered":"Xyloproct"},"content":{"rendered":"<p>Xyloproct on paikallinen hoito, joka on suunniteltu lievitt\u00e4m\u00e4\u00e4n per\u00e4pukamien ja muiden anaali- tai per\u00e4suolentilojen aiheuttamia oireita. Se yhdist\u00e4\u00e4 lidokaiinin (paikallispuudute) ja hydrokortisonin (tulehdusta est\u00e4v\u00e4 steroidi). N\u00e4m\u00e4 ainesosat toimivat yhdess\u00e4 tarjoten nopeaa helpotusta kipuun, kutinaan, turvotukseen ja \u00e4rsytykseen (rauhoittaa tulehdusta ja ep\u00e4mukavuutta).<\/p>\n<p>Lidokaiini puuduttaa alueen (lievitt\u00e4\u00e4 kipua ja kutinaa est\u00e4m\u00e4ll\u00e4 hermosignaaleja), kun taas hydrokortison v\u00e4hent\u00e4\u00e4 punoitusta, turvotusta ja kutinaa (tulehdusta est\u00e4v\u00e4 ja kutinaa lievitt\u00e4v\u00e4 vaikutus).<\/p>\n<p>Xyloproctia k\u00e4ytet\u00e4\u00e4n tulehduksen ja kutinan hoitoon, joka liittyy per\u00e4pukamiin (turvonneet verisuonet per\u00e4suolen alueella) ja anaaliin ep\u00e4mukavuuteen. Se tarjoaa kohdennettua, nopeasti vaikuttavaa helpotusta oireisiin, kuten kipuun, turvotukseen, kutinaan ja arkuuteen. Valmiste toimitetaan yleens\u00e4 pehme\u00e4n\u00e4 voiteena.<\/p>\n<p>Xyloproctin p\u00e4\u00e4edut sis\u00e4lt\u00e4v\u00e4t nopean oireiden lievityksen, yhdistetyn terapeuttisen vaikutuksen (puudute, tulehdusta est\u00e4v\u00e4, antiseptinen ja parantava) sek\u00e4 helppok\u00e4ytt\u00f6isyyden. Se on kattava hoito akuutteihin per\u00e4pukamajaksoihin ja niihin liittyv\u00e4\u00e4n per\u00e4suolen ep\u00e4mukavuuteen.<\/p>\n","protected":false},"excerpt":{"rendered":"<ul>\n<li>Helpottaa per\u00e4pukamien oireita nopeasti<\/li>\n<li>Yhdist\u00e4\u00e4 kivunlievityksen ja tulehdusta ehk\u00e4isev\u00e4n vaikutuksen<\/li>\n<li>Helppok\u00e4ytt\u00f6inen per\u00e4aukkoon tarkoitettu applikaattori<\/li>\n<\/ul>\n","protected":false},"featured_media":525,"comment_status":"open","ping_status":"closed","template":"","meta":[],"product_brand":[],"product_cat":[114],"product_tag":[],"expert":[17],"class_list":{"0":"post-523","1":"product","2":"type-product","3":"status-publish","4":"has-post-thumbnail","6":"product_cat-perapukamat","7":"expert-dr-c-munoz-parada","9":"first","10":"instock","11":"shipping-taxable","12":"product-type-variable"},"yoast_head":"<!-- This site is optimized with the Yoast SEO plugin v27.0 - https:\/\/yoast.com\/product\/yoast-seo-wordpress\/ -->\n<title>Xyloproct | Nopea helpotus per\u00e4pukamille - Transtoyou<\/title>\n<meta name=\"description\" content=\"Xyloproct, saatavilla t\u00e4\u00e4lt\u00e4, tarjoaa nopeaa helpotusta per\u00e4pukamien oireisiin lidokaiinin ja hydrokortisonin avulla. Hanki kohdennettua mukavuutta t\u00e4n\u00e4\u00e4n!\" \/>\n<meta name=\"robots\" content=\"noindex, follow, max-snippet:-1, max-image-preview:large, max-video-preview:-1\" \/>\n<meta property=\"og:locale\" content=\"fi_FI\" \/>\n<meta property=\"og:type\" content=\"article\" \/>\n<meta property=\"og:title\" content=\"Xyloproct | Nopea helpotus per\u00e4pukamille - Transtoyou\" \/>\n<meta property=\"og:description\" content=\"Xyloproct, saatavilla t\u00e4\u00e4lt\u00e4, tarjoaa nopeaa helpotusta per\u00e4pukamien oireisiin lidokaiinin ja hydrokortisonin avulla. Hanki kohdennettua mukavuutta t\u00e4n\u00e4\u00e4n!\" \/>\n<meta property=\"og:url\" content=\"https:\/\/www.transtoyou.com\/fi\/product\/xyloproct\/\" \/>\n<meta property=\"og:site_name\" content=\"Transtoyou - FI\" \/>\n<meta property=\"article:modified_time\" content=\"2026-03-08T10:55:06+00:00\" \/>\n<meta name=\"twitter:card\" content=\"summary_large_image\" \/>\n<meta name=\"twitter:label1\" content=\"Arvioitu lukuaika\" \/>\n\t<meta name=\"twitter:data1\" content=\"1 minuutti\" \/>\n<script type=\"application\/ld+json\" class=\"yoast-schema-graph\">{\"@context\":\"https:\/\/schema.org\",\"@graph\":[{\"@type\":\"WebPage\",\"@id\":\"https:\/\/www.transtoyou.com\/fi\/product\/xyloproct\/\",\"url\":\"https:\/\/www.transtoyou.com\/fi\/product\/xyloproct\/\",\"name\":\"Xyloproct | Nopea helpotus per\u00e4pukamille - Transtoyou\",\"isPartOf\":{\"@id\":\"https:\/\/www.transtoyou.com\/fi\/#website\"},\"primaryImageOfPage\":{\"@id\":\"https:\/\/www.transtoyou.com\/fi\/product\/xyloproct\/#primaryimage\"},\"image\":{\"@id\":\"https:\/\/www.transtoyou.com\/fi\/product\/xyloproct\/#primaryimage\"},\"thumbnailUrl\":\"https:\/\/www.transtoyou.com\/fi\/wp-content\/uploads\/sites\/16\/2026\/01\/tty-no-product-image-27.webp\",\"datePublished\":\"2026-01-22T19:55:01+00:00\",\"dateModified\":\"2026-03-08T10:55:06+00:00\",\"description\":\"Xyloproct, saatavilla t\u00e4\u00e4lt\u00e4, tarjoaa nopeaa helpotusta per\u00e4pukamien oireisiin lidokaiinin ja hydrokortisonin avulla. Hanki kohdennettua mukavuutta t\u00e4n\u00e4\u00e4n!\",\"breadcrumb\":{\"@id\":\"https:\/\/www.transtoyou.com\/fi\/product\/xyloproct\/#breadcrumb\"},\"inLanguage\":\"fi\",\"potentialAction\":[{\"@type\":\"ReadAction\",\"target\":[\"https:\/\/www.transtoyou.com\/fi\/product\/xyloproct\/\"]}]},{\"@type\":\"ImageObject\",\"inLanguage\":\"fi\",\"@id\":\"https:\/\/www.transtoyou.com\/fi\/product\/xyloproct\/#primaryimage\",\"url\":\"https:\/\/www.transtoyou.com\/fi\/wp-content\/uploads\/sites\/16\/2026\/01\/tty-no-product-image-27.webp\",\"contentUrl\":\"https:\/\/www.transtoyou.com\/fi\/wp-content\/uploads\/sites\/16\/2026\/01\/tty-no-product-image-27.webp\",\"width\":1000,\"height\":1000,\"caption\":\"Oletusarvoinen tuotekuva\"},{\"@type\":\"WebSite\",\"@id\":\"https:\/\/www.transtoyou.com\/fi\/#website\",\"url\":\"https:\/\/www.transtoyou.com\/fi\/\",\"name\":\"Transtoyou - FI\",\"description\":\"\",\"publisher\":{\"@id\":\"https:\/\/www.transtoyou.com\/fi\/#organization\"},\"potentialAction\":[{\"@type\":\"SearchAction\",\"target\":{\"@type\":\"EntryPoint\",\"urlTemplate\":\"https:\/\/www.transtoyou.com\/fi\/?s={search_term_string}\"},\"query-input\":{\"@type\":\"PropertyValueSpecification\",\"valueRequired\":true,\"valueName\":\"search_term_string\"}}],\"inLanguage\":\"fi\"},{\"@type\":\"Organization\",\"@id\":\"https:\/\/www.transtoyou.com\/fi\/#organization\",\"name\":\"Transtoyou - FI\",\"url\":\"https:\/\/www.transtoyou.com\/fi\/\",\"logo\":{\"@type\":\"ImageObject\",\"inLanguage\":\"fi\",\"@id\":\"https:\/\/www.transtoyou.com\/fi\/#\/schema\/logo\/image\/\",\"url\":\"https:\/\/www.transtoyou.com\/fi\/wp-content\/uploads\/sites\/16\/2026\/01\/logo-tty-menu-bar-300x87-1.webp\",\"contentUrl\":\"https:\/\/www.transtoyou.com\/fi\/wp-content\/uploads\/sites\/16\/2026\/01\/logo-tty-menu-bar-300x87-1.webp\",\"width\":300,\"height\":87,\"caption\":\"Transtoyou - FI\"},\"image\":{\"@id\":\"https:\/\/www.transtoyou.com\/fi\/#\/schema\/logo\/image\/\"}}]}<\/script>\n<!-- \/ Yoast SEO plugin. -->","yoast_head_json":{"title":"Xyloproct | Nopea helpotus per\u00e4pukamille - Transtoyou","description":"Xyloproct, saatavilla t\u00e4\u00e4lt\u00e4, tarjoaa nopeaa helpotusta per\u00e4pukamien oireisiin lidokaiinin ja hydrokortisonin avulla. Hanki kohdennettua mukavuutta t\u00e4n\u00e4\u00e4n!","robots":{"index":"noindex","follow":"follow","max-snippet":"max-snippet:-1","max-image-preview":"max-image-preview:large","max-video-preview":"max-video-preview:-1"},"og_locale":"fi_FI","og_type":"article","og_title":"Xyloproct | Nopea helpotus per\u00e4pukamille - Transtoyou","og_description":"Xyloproct, saatavilla t\u00e4\u00e4lt\u00e4, tarjoaa nopeaa helpotusta per\u00e4pukamien oireisiin lidokaiinin ja hydrokortisonin avulla. Hanki kohdennettua mukavuutta t\u00e4n\u00e4\u00e4n!","og_url":"https:\/\/www.transtoyou.com\/fi\/product\/xyloproct\/","og_site_name":"Transtoyou - FI","article_modified_time":"2026-03-08T10:55:06+00:00","twitter_card":"summary_large_image","twitter_misc":{"Arvioitu lukuaika":"1 minuutti"},"schema":{"@context":"https:\/\/schema.org","@graph":[{"@type":"WebPage","@id":"https:\/\/www.transtoyou.com\/fi\/product\/xyloproct\/","url":"https:\/\/www.transtoyou.com\/fi\/product\/xyloproct\/","name":"Xyloproct | Nopea helpotus per\u00e4pukamille - Transtoyou","isPartOf":{"@id":"https:\/\/www.transtoyou.com\/fi\/#website"},"primaryImageOfPage":{"@id":"https:\/\/www.transtoyou.com\/fi\/product\/xyloproct\/#primaryimage"},"image":{"@id":"https:\/\/www.transtoyou.com\/fi\/product\/xyloproct\/#primaryimage"},"thumbnailUrl":"https:\/\/www.transtoyou.com\/fi\/wp-content\/uploads\/sites\/16\/2026\/01\/tty-no-product-image-27.webp","datePublished":"2026-01-22T19:55:01+00:00","dateModified":"2026-03-08T10:55:06+00:00","description":"Xyloproct, saatavilla t\u00e4\u00e4lt\u00e4, tarjoaa nopeaa helpotusta per\u00e4pukamien oireisiin lidokaiinin ja hydrokortisonin avulla. Hanki kohdennettua mukavuutta t\u00e4n\u00e4\u00e4n!","breadcrumb":{"@id":"https:\/\/www.transtoyou.com\/fi\/product\/xyloproct\/#breadcrumb"},"inLanguage":"fi","potentialAction":[{"@type":"ReadAction","target":["https:\/\/www.transtoyou.com\/fi\/product\/xyloproct\/"]}]},{"@type":"ImageObject","inLanguage":"fi","@id":"https:\/\/www.transtoyou.com\/fi\/product\/xyloproct\/#primaryimage","url":"https:\/\/www.transtoyou.com\/fi\/wp-content\/uploads\/sites\/16\/2026\/01\/tty-no-product-image-27.webp","contentUrl":"https:\/\/www.transtoyou.com\/fi\/wp-content\/uploads\/sites\/16\/2026\/01\/tty-no-product-image-27.webp","width":1000,"height":1000,"caption":"Oletusarvoinen tuotekuva"},{"@type":"WebSite","@id":"https:\/\/www.transtoyou.com\/fi\/#website","url":"https:\/\/www.transtoyou.com\/fi\/","name":"Transtoyou - FI","description":"","publisher":{"@id":"https:\/\/www.transtoyou.com\/fi\/#organization"},"potentialAction":[{"@type":"SearchAction","target":{"@type":"EntryPoint","urlTemplate":"https:\/\/www.transtoyou.com\/fi\/?s={search_term_string}"},"query-input":{"@type":"PropertyValueSpecification","valueRequired":true,"valueName":"search_term_string"}}],"inLanguage":"fi"},{"@type":"Organization","@id":"https:\/\/www.transtoyou.com\/fi\/#organization","name":"Transtoyou - FI","url":"https:\/\/www.transtoyou.com\/fi\/","logo":{"@type":"ImageObject","inLanguage":"fi","@id":"https:\/\/www.transtoyou.com\/fi\/#\/schema\/logo\/image\/","url":"https:\/\/www.transtoyou.com\/fi\/wp-content\/uploads\/sites\/16\/2026\/01\/logo-tty-menu-bar-300x87-1.webp","contentUrl":"https:\/\/www.transtoyou.com\/fi\/wp-content\/uploads\/sites\/16\/2026\/01\/logo-tty-menu-bar-300x87-1.webp","width":300,"height":87,"caption":"Transtoyou - FI"},"image":{"@id":"https:\/\/www.transtoyou.com\/fi\/#\/schema\/logo\/image\/"}}]}},"_links":{"self":[{"href":"https:\/\/www.transtoyou.com\/fi\/wp-json\/wp\/v2\/product\/523","targetHints":{"allow":["GET"]}}],"collection":[{"href":"https:\/\/www.transtoyou.com\/fi\/wp-json\/wp\/v2\/product"}],"about":[{"href":"https:\/\/www.transtoyou.com\/fi\/wp-json\/wp\/v2\/types\/product"}],"replies":[{"embeddable":true,"href":"https:\/\/www.transtoyou.com\/fi\/wp-json\/wp\/v2\/comments?post=523"}],"wp:featuredmedia":[{"embeddable":true,"href":"https:\/\/www.transtoyou.com\/fi\/wp-json\/wp\/v2\/media\/525"}],"wp:attachment":[{"href":"https:\/\/www.transtoyou.com\/fi\/wp-json\/wp\/v2\/media?parent=523"}],"wp:term":[{"taxonomy":"product_brand","embeddable":true,"href":"https:\/\/www.transtoyou.com\/fi\/wp-json\/wp\/v2\/product_brand?post=523"},{"taxonomy":"product_cat","embeddable":true,"href":"https:\/\/www.transtoyou.com\/fi\/wp-json\/wp\/v2\/product_cat?post=523"},{"taxonomy":"product_tag","embeddable":true,"href":"https:\/\/www.transtoyou.com\/fi\/wp-json\/wp\/v2\/product_tag?post=523"},{"taxonomy":"expert","embeddable":true,"href":"https:\/\/www.transtoyou.com\/fi\/wp-json\/wp\/v2\/expert?post=523"}],"curies":[{"name":"wp","href":"https:\/\/api.w.org\/{rel}","templated":true}]}}