{"id":574,"date":"2026-01-23T16:06:31","date_gmt":"2026-01-23T16:06:31","guid":{"rendered":"https:\/\/www.transtoyou.com\/fi\/product\/sandrena\/"},"modified":"2026-01-23T16:07:32","modified_gmt":"2026-01-23T16:07:32","slug":"sandrena","status":"publish","type":"product","link":"https:\/\/www.transtoyou.com\/fi\/product\/sandrena\/","title":{"rendered":"Sandrena"},"content":{"rendered":"<p>Sandrena on transdermaalinen geeli, joka sis\u00e4lt\u00e4\u00e4 estradiolihydraattia, joka on estrogeenimuoto. Se hoitaa estrogeenivajeeseen liittyvi\u00e4 oireita luonnollisen tai kirurgisen vaihdevuoden aikana, kuten kuumia aaltoja, y\u00f6n hikoilua ja em\u00e4ttimen kuivuutta. Sandrena voi my\u00f6s olla hy\u00f6dyllinen varhaisessa ehk\u00e4isyss\u00e4 vaihdevuosien j\u00e4lkeist\u00e4 osteoporoosia vastaan.<\/p>\n<p>L\u00e4\u00e4ke toimii toimittamalla estradiolia suoraan ihon kautta verenkiertoon, ohittaen maksan ja v\u00e4hent\u00e4en hormonivaihteluita verrattuna suun kautta otettaviin estrogeeneihin. Estradioli sitoutuu estrogeenireseptoreihin, mik\u00e4 tuottaa anti-osteoporoottisia, lipiditasapainoa s\u00e4\u00e4televi\u00e4 ja verisuoniston toimintaa vakauttavia vaikutuksia. Se yll\u00e4pit\u00e4\u00e4 my\u00f6s ihon, virtsateiden ja luiden terveytt\u00e4.<\/p>\n<p>Kehossa Sandrena nostaa tehokkaasti estradiolitasoja palauttaakseen hormonaalisen tasapainon, parantaen vaihdevuosioireita samalla kun se yll\u00e4pit\u00e4\u00e4 suotuisaa estradioli-estroni-suhdetta. Se tarjoaa vakaat veritasot v\u00e4h\u00e4isill\u00e4 p\u00e4ivitt\u00e4isill\u00e4 vaihteluilla ja sit\u00e4 voidaan helposti s\u00e4\u00e4t\u00e4\u00e4 yksil\u00f6llisten terapeuttisten tarpeiden mukaan.<\/p>\n<p>Sandrena on yleens\u00e4 hyvin siedetty, vaikka se vaatii yhdist\u00e4mist\u00e4 progestogeeniin naisilla, joilla on ehj\u00e4 kohtu, est\u00e4\u00e4kseen endometriumin hyperplasiaa.<\/p>\n","protected":false},"excerpt":{"rendered":"<ul>\n<li>Helpotusta vaihdevuosioireisiin<\/li>\n<li>Transdermaalinen estrogeeni-geelinhoito<\/li>\n<li>Auttaa ehk\u00e4isem\u00e4\u00e4n varhaista osteoporoosia<\/li>\n<\/ul>\n","protected":false},"featured_media":576,"comment_status":"open","ping_status":"closed","template":"","meta":[],"product_brand":[],"product_cat":[97,120],"product_tag":[],"expert":[17],"class_list":{"0":"post-574","1":"product","2":"type-product","3":"status-publish","4":"has-post-thumbnail","6":"product_cat-estrogeeni-ja-feminiininen-terapia","7":"product_cat-hormonihoito-hrt","8":"expert-dr-c-munoz-parada","10":"first","11":"instock","12":"shipping-taxable","13":"product-type-variable"},"yoast_head":"<!-- This site is optimized with the Yoast SEO plugin v27.0 - https:\/\/yoast.com\/product\/yoast-seo-wordpress\/ -->\n<title>Sandrena | Luotettava hormonaalisen tasapainon tuki - Transtoyou<\/title>\n<meta name=\"description\" content=\"Sandrena nyt saatavilla Transtoyou&#039;ssa, tarjoten hormonaalista tukea kliinisesti arvioiduilla hy\u00f6dyill\u00e4. Osta t\u00e4n\u00e4\u00e4n luotettavia terveysratkaisuja.\" \/>\n<meta name=\"robots\" content=\"noindex, follow, max-snippet:-1, max-image-preview:large, max-video-preview:-1\" \/>\n<meta property=\"og:locale\" content=\"fi_FI\" \/>\n<meta property=\"og:type\" content=\"article\" \/>\n<meta property=\"og:title\" content=\"Sandrena | Luotettava hormonaalisen tasapainon tuki - Transtoyou\" \/>\n<meta property=\"og:description\" content=\"Sandrena nyt saatavilla Transtoyou&#039;ssa, tarjoten hormonaalista tukea kliinisesti arvioiduilla hy\u00f6dyill\u00e4. Osta t\u00e4n\u00e4\u00e4n luotettavia terveysratkaisuja.\" \/>\n<meta property=\"og:url\" content=\"https:\/\/www.transtoyou.com\/fi\/product\/sandrena\/\" \/>\n<meta property=\"og:site_name\" content=\"Transtoyou - FI\" \/>\n<meta property=\"article:modified_time\" content=\"2026-01-23T16:07:32+00:00\" \/>\n<meta name=\"twitter:card\" content=\"summary_large_image\" \/>\n<meta name=\"twitter:label1\" content=\"Arvioitu lukuaika\" \/>\n\t<meta name=\"twitter:data1\" content=\"1 minuutti\" \/>\n<script type=\"application\/ld+json\" class=\"yoast-schema-graph\">{\"@context\":\"https:\/\/schema.org\",\"@graph\":[{\"@type\":\"WebPage\",\"@id\":\"https:\/\/www.transtoyou.com\/fi\/product\/sandrena\/\",\"url\":\"https:\/\/www.transtoyou.com\/fi\/product\/sandrena\/\",\"name\":\"Sandrena | Luotettava hormonaalisen tasapainon tuki - Transtoyou\",\"isPartOf\":{\"@id\":\"https:\/\/www.transtoyou.com\/fi\/#website\"},\"primaryImageOfPage\":{\"@id\":\"https:\/\/www.transtoyou.com\/fi\/product\/sandrena\/#primaryimage\"},\"image\":{\"@id\":\"https:\/\/www.transtoyou.com\/fi\/product\/sandrena\/#primaryimage\"},\"thumbnailUrl\":\"https:\/\/www.transtoyou.com\/fi\/wp-content\/uploads\/sites\/16\/2026\/01\/tty-no-product-image-29.webp\",\"datePublished\":\"2026-01-23T16:06:31+00:00\",\"dateModified\":\"2026-01-23T16:07:32+00:00\",\"description\":\"Sandrena nyt saatavilla Transtoyou'ssa, tarjoten hormonaalista tukea kliinisesti arvioiduilla hy\u00f6dyill\u00e4. Osta t\u00e4n\u00e4\u00e4n luotettavia terveysratkaisuja.\",\"breadcrumb\":{\"@id\":\"https:\/\/www.transtoyou.com\/fi\/product\/sandrena\/#breadcrumb\"},\"inLanguage\":\"fi\",\"potentialAction\":[{\"@type\":\"ReadAction\",\"target\":[\"https:\/\/www.transtoyou.com\/fi\/product\/sandrena\/\"]}]},{\"@type\":\"ImageObject\",\"inLanguage\":\"fi\",\"@id\":\"https:\/\/www.transtoyou.com\/fi\/product\/sandrena\/#primaryimage\",\"url\":\"https:\/\/www.transtoyou.com\/fi\/wp-content\/uploads\/sites\/16\/2026\/01\/tty-no-product-image-29.webp\",\"contentUrl\":\"https:\/\/www.transtoyou.com\/fi\/wp-content\/uploads\/sites\/16\/2026\/01\/tty-no-product-image-29.webp\",\"width\":1000,\"height\":1000,\"caption\":\"Oletusarvoinen tuotekuva\"},{\"@type\":\"WebSite\",\"@id\":\"https:\/\/www.transtoyou.com\/fi\/#website\",\"url\":\"https:\/\/www.transtoyou.com\/fi\/\",\"name\":\"Transtoyou - FI\",\"description\":\"\",\"publisher\":{\"@id\":\"https:\/\/www.transtoyou.com\/fi\/#organization\"},\"potentialAction\":[{\"@type\":\"SearchAction\",\"target\":{\"@type\":\"EntryPoint\",\"urlTemplate\":\"https:\/\/www.transtoyou.com\/fi\/?s={search_term_string}\"},\"query-input\":{\"@type\":\"PropertyValueSpecification\",\"valueRequired\":true,\"valueName\":\"search_term_string\"}}],\"inLanguage\":\"fi\"},{\"@type\":\"Organization\",\"@id\":\"https:\/\/www.transtoyou.com\/fi\/#organization\",\"name\":\"Transtoyou - FI\",\"url\":\"https:\/\/www.transtoyou.com\/fi\/\",\"logo\":{\"@type\":\"ImageObject\",\"inLanguage\":\"fi\",\"@id\":\"https:\/\/www.transtoyou.com\/fi\/#\/schema\/logo\/image\/\",\"url\":\"https:\/\/www.transtoyou.com\/fi\/wp-content\/uploads\/sites\/16\/2026\/01\/logo-tty-menu-bar-300x87-1.webp\",\"contentUrl\":\"https:\/\/www.transtoyou.com\/fi\/wp-content\/uploads\/sites\/16\/2026\/01\/logo-tty-menu-bar-300x87-1.webp\",\"width\":300,\"height\":87,\"caption\":\"Transtoyou - FI\"},\"image\":{\"@id\":\"https:\/\/www.transtoyou.com\/fi\/#\/schema\/logo\/image\/\"}}]}<\/script>\n<!-- \/ Yoast SEO plugin. -->","yoast_head_json":{"title":"Sandrena | Luotettava hormonaalisen tasapainon tuki - Transtoyou","description":"Sandrena nyt saatavilla Transtoyou'ssa, tarjoten hormonaalista tukea kliinisesti arvioiduilla hy\u00f6dyill\u00e4. Osta t\u00e4n\u00e4\u00e4n luotettavia terveysratkaisuja.","robots":{"index":"noindex","follow":"follow","max-snippet":"max-snippet:-1","max-image-preview":"max-image-preview:large","max-video-preview":"max-video-preview:-1"},"og_locale":"fi_FI","og_type":"article","og_title":"Sandrena | Luotettava hormonaalisen tasapainon tuki - Transtoyou","og_description":"Sandrena nyt saatavilla Transtoyou'ssa, tarjoten hormonaalista tukea kliinisesti arvioiduilla hy\u00f6dyill\u00e4. Osta t\u00e4n\u00e4\u00e4n luotettavia terveysratkaisuja.","og_url":"https:\/\/www.transtoyou.com\/fi\/product\/sandrena\/","og_site_name":"Transtoyou - FI","article_modified_time":"2026-01-23T16:07:32+00:00","twitter_card":"summary_large_image","twitter_misc":{"Arvioitu lukuaika":"1 minuutti"},"schema":{"@context":"https:\/\/schema.org","@graph":[{"@type":"WebPage","@id":"https:\/\/www.transtoyou.com\/fi\/product\/sandrena\/","url":"https:\/\/www.transtoyou.com\/fi\/product\/sandrena\/","name":"Sandrena | Luotettava hormonaalisen tasapainon tuki - Transtoyou","isPartOf":{"@id":"https:\/\/www.transtoyou.com\/fi\/#website"},"primaryImageOfPage":{"@id":"https:\/\/www.transtoyou.com\/fi\/product\/sandrena\/#primaryimage"},"image":{"@id":"https:\/\/www.transtoyou.com\/fi\/product\/sandrena\/#primaryimage"},"thumbnailUrl":"https:\/\/www.transtoyou.com\/fi\/wp-content\/uploads\/sites\/16\/2026\/01\/tty-no-product-image-29.webp","datePublished":"2026-01-23T16:06:31+00:00","dateModified":"2026-01-23T16:07:32+00:00","description":"Sandrena nyt saatavilla Transtoyou'ssa, tarjoten hormonaalista tukea kliinisesti arvioiduilla hy\u00f6dyill\u00e4. Osta t\u00e4n\u00e4\u00e4n luotettavia terveysratkaisuja.","breadcrumb":{"@id":"https:\/\/www.transtoyou.com\/fi\/product\/sandrena\/#breadcrumb"},"inLanguage":"fi","potentialAction":[{"@type":"ReadAction","target":["https:\/\/www.transtoyou.com\/fi\/product\/sandrena\/"]}]},{"@type":"ImageObject","inLanguage":"fi","@id":"https:\/\/www.transtoyou.com\/fi\/product\/sandrena\/#primaryimage","url":"https:\/\/www.transtoyou.com\/fi\/wp-content\/uploads\/sites\/16\/2026\/01\/tty-no-product-image-29.webp","contentUrl":"https:\/\/www.transtoyou.com\/fi\/wp-content\/uploads\/sites\/16\/2026\/01\/tty-no-product-image-29.webp","width":1000,"height":1000,"caption":"Oletusarvoinen tuotekuva"},{"@type":"WebSite","@id":"https:\/\/www.transtoyou.com\/fi\/#website","url":"https:\/\/www.transtoyou.com\/fi\/","name":"Transtoyou - FI","description":"","publisher":{"@id":"https:\/\/www.transtoyou.com\/fi\/#organization"},"potentialAction":[{"@type":"SearchAction","target":{"@type":"EntryPoint","urlTemplate":"https:\/\/www.transtoyou.com\/fi\/?s={search_term_string}"},"query-input":{"@type":"PropertyValueSpecification","valueRequired":true,"valueName":"search_term_string"}}],"inLanguage":"fi"},{"@type":"Organization","@id":"https:\/\/www.transtoyou.com\/fi\/#organization","name":"Transtoyou - FI","url":"https:\/\/www.transtoyou.com\/fi\/","logo":{"@type":"ImageObject","inLanguage":"fi","@id":"https:\/\/www.transtoyou.com\/fi\/#\/schema\/logo\/image\/","url":"https:\/\/www.transtoyou.com\/fi\/wp-content\/uploads\/sites\/16\/2026\/01\/logo-tty-menu-bar-300x87-1.webp","contentUrl":"https:\/\/www.transtoyou.com\/fi\/wp-content\/uploads\/sites\/16\/2026\/01\/logo-tty-menu-bar-300x87-1.webp","width":300,"height":87,"caption":"Transtoyou - FI"},"image":{"@id":"https:\/\/www.transtoyou.com\/fi\/#\/schema\/logo\/image\/"}}]}},"_links":{"self":[{"href":"https:\/\/www.transtoyou.com\/fi\/wp-json\/wp\/v2\/product\/574","targetHints":{"allow":["GET"]}}],"collection":[{"href":"https:\/\/www.transtoyou.com\/fi\/wp-json\/wp\/v2\/product"}],"about":[{"href":"https:\/\/www.transtoyou.com\/fi\/wp-json\/wp\/v2\/types\/product"}],"replies":[{"embeddable":true,"href":"https:\/\/www.transtoyou.com\/fi\/wp-json\/wp\/v2\/comments?post=574"}],"wp:featuredmedia":[{"embeddable":true,"href":"https:\/\/www.transtoyou.com\/fi\/wp-json\/wp\/v2\/media\/576"}],"wp:attachment":[{"href":"https:\/\/www.transtoyou.com\/fi\/wp-json\/wp\/v2\/media?parent=574"}],"wp:term":[{"taxonomy":"product_brand","embeddable":true,"href":"https:\/\/www.transtoyou.com\/fi\/wp-json\/wp\/v2\/product_brand?post=574"},{"taxonomy":"product_cat","embeddable":true,"href":"https:\/\/www.transtoyou.com\/fi\/wp-json\/wp\/v2\/product_cat?post=574"},{"taxonomy":"product_tag","embeddable":true,"href":"https:\/\/www.transtoyou.com\/fi\/wp-json\/wp\/v2\/product_tag?post=574"},{"taxonomy":"expert","embeddable":true,"href":"https:\/\/www.transtoyou.com\/fi\/wp-json\/wp\/v2\/expert?post=574"}],"curies":[{"name":"wp","href":"https:\/\/api.w.org\/{rel}","templated":true}]}}