{"id":577,"date":"2026-01-23T16:21:37","date_gmt":"2026-01-23T16:21:37","guid":{"rendered":"https:\/\/www.transtoyou.com\/fi\/product\/spedra\/"},"modified":"2026-03-05T11:32:28","modified_gmt":"2026-03-05T11:32:28","slug":"spedra","status":"publish","type":"product","link":"https:\/\/www.transtoyou.com\/fi\/product\/spedra\/","title":{"rendered":"Spedra"},"content":{"rendered":"<p>Spedra on nopeasti vaikuttava l\u00e4\u00e4kitys, jota k\u00e4ytet\u00e4\u00e4n erektioh\u00e4iri\u00f6n (ED) hoitoon. Se sis\u00e4lt\u00e4\u00e4 avanafilia, joka on selektiivinen fosfodiesteraasi tyyppi 5 (PDE5) est\u00e4j\u00e4. Kun mies saa seksuaalista stimulaatiota, verenvirtaus lis\u00e4\u00e4ntyy, mik\u00e4 tuottaa erektion. Avanafil est\u00e4\u00e4 PDE5-entsyymin, mik\u00e4 pident\u00e4\u00e4 erektioprosessia.<\/p>\n<p>Spedra on tarkoitettu ED:lle, mukaan lukien liev\u00e4t ja vaikeat oireet, kunhan seksuaalista stimulaatiota on l\u00e4sn\u00e4. Se ei ole tehokas ilman sit\u00e4. Vaikutus alkaa 15\u201330 minuutissa, ja vaikutukset voivat kest\u00e4\u00e4 jopa 2 tuntia yksil\u00f6st\u00e4 riippuen.<\/p>\n<p>T\u00e4t\u00e4 l\u00e4\u00e4kityst\u00e4 siedet\u00e4\u00e4n hyvin, ja sill\u00e4 on my\u00f6nteinen turvallisuusprofiili k\u00e4ytett\u00e4ess\u00e4 l\u00e4\u00e4k\u00e4rin ohjeiden mukaan. Sit\u00e4 voivat k\u00e4ytt\u00e4\u00e4 kaikki ik\u00e4ryhm\u00e4t, mukaan lukien vanhemmat aikuiset, ja sen etuna on nopea imeytyminen. Toisin kuin joillakin PDE5-est\u00e4jill\u00e4, Spedran ruoka-aineiden vuorovaikutukset ovat v\u00e4h\u00e4isi\u00e4, vaikka runsasrasvainen ateria saattaa hieman viiv\u00e4stytt\u00e4\u00e4 imeytymist\u00e4.<\/p>\n","protected":false},"excerpt":{"rendered":"<ul>\n<li>Nopea vaikutus 15\u201330 minuutissa<\/li>\n<li>Tehokas jopa 2 tuntia<\/li>\n<li>Voidaan ottaa ruoan kanssa tai ilman<\/li>\n<\/ul>\n","protected":false},"featured_media":579,"comment_status":"open","ping_status":"closed","template":"","meta":[],"product_brand":[],"product_cat":[96],"product_tag":[],"expert":[17],"class_list":{"0":"post-577","1":"product","2":"type-product","3":"status-publish","4":"has-post-thumbnail","6":"product_cat-erektiohairioiden-hoidot","7":"expert-dr-c-munoz-parada","9":"first","10":"instock","11":"shipping-taxable","12":"product-type-variable"},"yoast_head":"<!-- This site is optimized with the Yoast SEO plugin v27.0 - https:\/\/yoast.com\/product\/yoast-seo-wordpress\/ -->\n<title>Spedra | Nopeasti vaikuttava ED-ratkaisu - Transtoyou<\/title>\n<meta name=\"description\" content=\"Spedra, nyt saatavilla Transtoyou&#039;ssa. Paranna hyvinvointiasi t\u00e4ll\u00e4 ainutlaatuisella l\u00e4\u00e4kkeell\u00e4. Tutustu etuihin ja osta t\u00e4n\u00e4\u00e4n!\" \/>\n<meta name=\"robots\" content=\"noindex, follow, max-snippet:-1, max-image-preview:large, max-video-preview:-1\" \/>\n<meta property=\"og:locale\" content=\"fi_FI\" \/>\n<meta property=\"og:type\" content=\"article\" \/>\n<meta property=\"og:title\" content=\"Spedra | Nopeasti vaikuttava ED-ratkaisu - Transtoyou\" \/>\n<meta property=\"og:description\" content=\"Spedra, nyt saatavilla Transtoyou&#039;ssa. Paranna hyvinvointiasi t\u00e4ll\u00e4 ainutlaatuisella l\u00e4\u00e4kkeell\u00e4. Tutustu etuihin ja osta t\u00e4n\u00e4\u00e4n!\" \/>\n<meta property=\"og:url\" content=\"https:\/\/www.transtoyou.com\/fi\/product\/spedra\/\" \/>\n<meta property=\"og:site_name\" content=\"Transtoyou - FI\" \/>\n<meta property=\"article:modified_time\" content=\"2026-03-05T11:32:28+00:00\" \/>\n<meta name=\"twitter:card\" content=\"summary_large_image\" \/>\n<meta name=\"twitter:label1\" content=\"Arvioitu lukuaika\" \/>\n\t<meta name=\"twitter:data1\" content=\"1 minuutti\" \/>\n<script type=\"application\/ld+json\" class=\"yoast-schema-graph\">{\"@context\":\"https:\/\/schema.org\",\"@graph\":[{\"@type\":\"WebPage\",\"@id\":\"https:\/\/www.transtoyou.com\/fi\/product\/spedra\/\",\"url\":\"https:\/\/www.transtoyou.com\/fi\/product\/spedra\/\",\"name\":\"Spedra | Nopeasti vaikuttava ED-ratkaisu - Transtoyou\",\"isPartOf\":{\"@id\":\"https:\/\/www.transtoyou.com\/fi\/#website\"},\"primaryImageOfPage\":{\"@id\":\"https:\/\/www.transtoyou.com\/fi\/product\/spedra\/#primaryimage\"},\"image\":{\"@id\":\"https:\/\/www.transtoyou.com\/fi\/product\/spedra\/#primaryimage\"},\"thumbnailUrl\":\"https:\/\/www.transtoyou.com\/fi\/wp-content\/uploads\/sites\/16\/2026\/01\/tty-no-product-image-30.webp\",\"datePublished\":\"2026-01-23T16:21:37+00:00\",\"dateModified\":\"2026-03-05T11:32:28+00:00\",\"description\":\"Spedra, nyt saatavilla Transtoyou'ssa. Paranna hyvinvointiasi t\u00e4ll\u00e4 ainutlaatuisella l\u00e4\u00e4kkeell\u00e4. Tutustu etuihin ja osta t\u00e4n\u00e4\u00e4n!\",\"breadcrumb\":{\"@id\":\"https:\/\/www.transtoyou.com\/fi\/product\/spedra\/#breadcrumb\"},\"inLanguage\":\"fi\",\"potentialAction\":[{\"@type\":\"ReadAction\",\"target\":[\"https:\/\/www.transtoyou.com\/fi\/product\/spedra\/\"]}]},{\"@type\":\"ImageObject\",\"inLanguage\":\"fi\",\"@id\":\"https:\/\/www.transtoyou.com\/fi\/product\/spedra\/#primaryimage\",\"url\":\"https:\/\/www.transtoyou.com\/fi\/wp-content\/uploads\/sites\/16\/2026\/01\/tty-no-product-image-30.webp\",\"contentUrl\":\"https:\/\/www.transtoyou.com\/fi\/wp-content\/uploads\/sites\/16\/2026\/01\/tty-no-product-image-30.webp\",\"width\":1000,\"height\":1000,\"caption\":\"Oletusarvoinen tuotekuva\"},{\"@type\":\"WebSite\",\"@id\":\"https:\/\/www.transtoyou.com\/fi\/#website\",\"url\":\"https:\/\/www.transtoyou.com\/fi\/\",\"name\":\"Transtoyou - FI\",\"description\":\"\",\"publisher\":{\"@id\":\"https:\/\/www.transtoyou.com\/fi\/#organization\"},\"potentialAction\":[{\"@type\":\"SearchAction\",\"target\":{\"@type\":\"EntryPoint\",\"urlTemplate\":\"https:\/\/www.transtoyou.com\/fi\/?s={search_term_string}\"},\"query-input\":{\"@type\":\"PropertyValueSpecification\",\"valueRequired\":true,\"valueName\":\"search_term_string\"}}],\"inLanguage\":\"fi\"},{\"@type\":\"Organization\",\"@id\":\"https:\/\/www.transtoyou.com\/fi\/#organization\",\"name\":\"Transtoyou - FI\",\"url\":\"https:\/\/www.transtoyou.com\/fi\/\",\"logo\":{\"@type\":\"ImageObject\",\"inLanguage\":\"fi\",\"@id\":\"https:\/\/www.transtoyou.com\/fi\/#\/schema\/logo\/image\/\",\"url\":\"https:\/\/www.transtoyou.com\/fi\/wp-content\/uploads\/sites\/16\/2026\/01\/logo-tty-menu-bar-300x87-1.webp\",\"contentUrl\":\"https:\/\/www.transtoyou.com\/fi\/wp-content\/uploads\/sites\/16\/2026\/01\/logo-tty-menu-bar-300x87-1.webp\",\"width\":300,\"height\":87,\"caption\":\"Transtoyou - FI\"},\"image\":{\"@id\":\"https:\/\/www.transtoyou.com\/fi\/#\/schema\/logo\/image\/\"}}]}<\/script>\n<!-- \/ Yoast SEO plugin. -->","yoast_head_json":{"title":"Spedra | Nopeasti vaikuttava ED-ratkaisu - Transtoyou","description":"Spedra, nyt saatavilla Transtoyou'ssa. Paranna hyvinvointiasi t\u00e4ll\u00e4 ainutlaatuisella l\u00e4\u00e4kkeell\u00e4. Tutustu etuihin ja osta t\u00e4n\u00e4\u00e4n!","robots":{"index":"noindex","follow":"follow","max-snippet":"max-snippet:-1","max-image-preview":"max-image-preview:large","max-video-preview":"max-video-preview:-1"},"og_locale":"fi_FI","og_type":"article","og_title":"Spedra | Nopeasti vaikuttava ED-ratkaisu - Transtoyou","og_description":"Spedra, nyt saatavilla Transtoyou'ssa. Paranna hyvinvointiasi t\u00e4ll\u00e4 ainutlaatuisella l\u00e4\u00e4kkeell\u00e4. Tutustu etuihin ja osta t\u00e4n\u00e4\u00e4n!","og_url":"https:\/\/www.transtoyou.com\/fi\/product\/spedra\/","og_site_name":"Transtoyou - FI","article_modified_time":"2026-03-05T11:32:28+00:00","twitter_card":"summary_large_image","twitter_misc":{"Arvioitu lukuaika":"1 minuutti"},"schema":{"@context":"https:\/\/schema.org","@graph":[{"@type":"WebPage","@id":"https:\/\/www.transtoyou.com\/fi\/product\/spedra\/","url":"https:\/\/www.transtoyou.com\/fi\/product\/spedra\/","name":"Spedra | Nopeasti vaikuttava ED-ratkaisu - Transtoyou","isPartOf":{"@id":"https:\/\/www.transtoyou.com\/fi\/#website"},"primaryImageOfPage":{"@id":"https:\/\/www.transtoyou.com\/fi\/product\/spedra\/#primaryimage"},"image":{"@id":"https:\/\/www.transtoyou.com\/fi\/product\/spedra\/#primaryimage"},"thumbnailUrl":"https:\/\/www.transtoyou.com\/fi\/wp-content\/uploads\/sites\/16\/2026\/01\/tty-no-product-image-30.webp","datePublished":"2026-01-23T16:21:37+00:00","dateModified":"2026-03-05T11:32:28+00:00","description":"Spedra, nyt saatavilla Transtoyou'ssa. Paranna hyvinvointiasi t\u00e4ll\u00e4 ainutlaatuisella l\u00e4\u00e4kkeell\u00e4. Tutustu etuihin ja osta t\u00e4n\u00e4\u00e4n!","breadcrumb":{"@id":"https:\/\/www.transtoyou.com\/fi\/product\/spedra\/#breadcrumb"},"inLanguage":"fi","potentialAction":[{"@type":"ReadAction","target":["https:\/\/www.transtoyou.com\/fi\/product\/spedra\/"]}]},{"@type":"ImageObject","inLanguage":"fi","@id":"https:\/\/www.transtoyou.com\/fi\/product\/spedra\/#primaryimage","url":"https:\/\/www.transtoyou.com\/fi\/wp-content\/uploads\/sites\/16\/2026\/01\/tty-no-product-image-30.webp","contentUrl":"https:\/\/www.transtoyou.com\/fi\/wp-content\/uploads\/sites\/16\/2026\/01\/tty-no-product-image-30.webp","width":1000,"height":1000,"caption":"Oletusarvoinen tuotekuva"},{"@type":"WebSite","@id":"https:\/\/www.transtoyou.com\/fi\/#website","url":"https:\/\/www.transtoyou.com\/fi\/","name":"Transtoyou - FI","description":"","publisher":{"@id":"https:\/\/www.transtoyou.com\/fi\/#organization"},"potentialAction":[{"@type":"SearchAction","target":{"@type":"EntryPoint","urlTemplate":"https:\/\/www.transtoyou.com\/fi\/?s={search_term_string}"},"query-input":{"@type":"PropertyValueSpecification","valueRequired":true,"valueName":"search_term_string"}}],"inLanguage":"fi"},{"@type":"Organization","@id":"https:\/\/www.transtoyou.com\/fi\/#organization","name":"Transtoyou - FI","url":"https:\/\/www.transtoyou.com\/fi\/","logo":{"@type":"ImageObject","inLanguage":"fi","@id":"https:\/\/www.transtoyou.com\/fi\/#\/schema\/logo\/image\/","url":"https:\/\/www.transtoyou.com\/fi\/wp-content\/uploads\/sites\/16\/2026\/01\/logo-tty-menu-bar-300x87-1.webp","contentUrl":"https:\/\/www.transtoyou.com\/fi\/wp-content\/uploads\/sites\/16\/2026\/01\/logo-tty-menu-bar-300x87-1.webp","width":300,"height":87,"caption":"Transtoyou - FI"},"image":{"@id":"https:\/\/www.transtoyou.com\/fi\/#\/schema\/logo\/image\/"}}]}},"_links":{"self":[{"href":"https:\/\/www.transtoyou.com\/fi\/wp-json\/wp\/v2\/product\/577","targetHints":{"allow":["GET"]}}],"collection":[{"href":"https:\/\/www.transtoyou.com\/fi\/wp-json\/wp\/v2\/product"}],"about":[{"href":"https:\/\/www.transtoyou.com\/fi\/wp-json\/wp\/v2\/types\/product"}],"replies":[{"embeddable":true,"href":"https:\/\/www.transtoyou.com\/fi\/wp-json\/wp\/v2\/comments?post=577"}],"wp:featuredmedia":[{"embeddable":true,"href":"https:\/\/www.transtoyou.com\/fi\/wp-json\/wp\/v2\/media\/579"}],"wp:attachment":[{"href":"https:\/\/www.transtoyou.com\/fi\/wp-json\/wp\/v2\/media?parent=577"}],"wp:term":[{"taxonomy":"product_brand","embeddable":true,"href":"https:\/\/www.transtoyou.com\/fi\/wp-json\/wp\/v2\/product_brand?post=577"},{"taxonomy":"product_cat","embeddable":true,"href":"https:\/\/www.transtoyou.com\/fi\/wp-json\/wp\/v2\/product_cat?post=577"},{"taxonomy":"product_tag","embeddable":true,"href":"https:\/\/www.transtoyou.com\/fi\/wp-json\/wp\/v2\/product_tag?post=577"},{"taxonomy":"expert","embeddable":true,"href":"https:\/\/www.transtoyou.com\/fi\/wp-json\/wp\/v2\/expert?post=577"}],"curies":[{"name":"wp","href":"https:\/\/api.w.org\/{rel}","templated":true}]}}