{"id":580,"date":"2026-01-23T16:35:16","date_gmt":"2026-01-23T16:35:16","guid":{"rendered":"https:\/\/www.transtoyou.com\/fi\/product\/fucidin\/"},"modified":"2026-01-23T16:36:20","modified_gmt":"2026-01-23T16:36:20","slug":"fucidin","status":"publish","type":"product","link":"https:\/\/www.transtoyou.com\/fi\/product\/fucidin\/","title":{"rendered":"Fucidin"},"content":{"rendered":"<p>Fucidin on paikallisesti k\u00e4ytett\u00e4v\u00e4 antibiootti, jota k\u00e4ytet\u00e4\u00e4n tiettyjen bakteerien aiheuttamien ihoinfektioiden hoitoon. Se sis\u00e4lt\u00e4\u00e4 fusidiinihappoa, steroidimaisen antibiootin, joka est\u00e4\u00e4 bakteerien proteiinisynteesiprosessin, pys\u00e4ytt\u00e4en tehokkaasti bakteerien kasvun ja levi\u00e4misen.<\/p>\n<p>Fucidinia m\u00e4\u00e4r\u00e4t\u00e4\u00e4n yleisesti paikallisiin ihoinfektioihin, kuten impetigoon, infektoituneeseen ekseemaan, follikuliittiin, kiehuviin (kiehuviin), infektoituneisiin haavaumiin ja infektoituneisiin hy\u00f6nteisten pistoihin.<\/p>\n<p>Se auttaa v\u00e4hent\u00e4m\u00e4\u00e4n punoitusta, tulehdusta, turvotusta ja eritteit\u00e4, joita infektio aiheuttaa. Sill\u00e4 ei ole sienil\u00e4\u00e4kkeit\u00e4 tai virusl\u00e4\u00e4kkeit\u00e4, joten se ei ole tehokas sieni- tai virusinfektioiden hoidossa.<\/p>\n<p>Fucidinin t\u00e4rkeimm\u00e4t hy\u00f6dyt ovat sen korkea teho bakteereita vastaan, nopea oireiden lievitys ja hyv\u00e4 ihotoleranssi. Se sopii lyhytaikaiseen k\u00e4ytt\u00f6\u00f6n ja sit\u00e4 voidaan k\u00e4ytt\u00e4\u00e4 sideharsojen kanssa tai ilman riippuen vaurion vakavuudesta ja sijainnista. Se on erityisen hy\u00f6dyllinen, kun systeemisi\u00e4 antibiootteja ei tarvita tai jotta v\u00e4ltet\u00e4\u00e4n suun kautta otettavien antibioottien k\u00e4ytt\u00f6.<\/p>\n","protected":false},"excerpt":{"rendered":"<ul>\n<li>Kohdistuu bakteerien aiheuttamiin ihoinfektioihin<\/li>\n<li>Soveltuu infektoituneeseen ekseemaan<\/li>\n<li>Nopeasti vaikuttava paikallinen antibioottivoide<\/li>\n<\/ul>\n","protected":false},"featured_media":582,"comment_status":"open","ping_status":"closed","template":"","meta":[],"product_brand":[],"product_cat":[90],"product_tag":[],"expert":[17],"class_list":{"0":"post-580","1":"product","2":"type-product","3":"status-publish","4":"has-post-thumbnail","6":"product_cat-ekseema","7":"expert-dr-c-munoz-parada","9":"first","10":"instock","11":"shipping-taxable","12":"product-type-variable"},"yoast_head":"<!-- This site is optimized with the Yoast SEO plugin v27.0 - https:\/\/yoast.com\/product\/yoast-seo-wordpress\/ -->\n<title>Fucidin | Tehokas Ihotulehdusten Hoito - Transtoyou<\/title>\n<meta name=\"description\" content=\"Fucidin, paikallinen antibiootti, hoitaa tehokkaasti ihotulehduksia. Osta nyt nopeaan oireiden lievitykseen ja hyv\u00e4\u00e4n ihotoleranssiin Transtoyousta.\" \/>\n<meta name=\"robots\" content=\"noindex, follow, max-snippet:-1, max-image-preview:large, max-video-preview:-1\" \/>\n<meta property=\"og:locale\" content=\"fi_FI\" \/>\n<meta property=\"og:type\" content=\"article\" \/>\n<meta property=\"og:title\" content=\"Fucidin | Tehokas Ihotulehdusten Hoito - Transtoyou\" \/>\n<meta property=\"og:description\" content=\"Fucidin, paikallinen antibiootti, hoitaa tehokkaasti ihotulehduksia. Osta nyt nopeaan oireiden lievitykseen ja hyv\u00e4\u00e4n ihotoleranssiin Transtoyousta.\" \/>\n<meta property=\"og:url\" content=\"https:\/\/www.transtoyou.com\/fi\/product\/fucidin\/\" \/>\n<meta property=\"og:site_name\" content=\"Transtoyou - FI\" \/>\n<meta property=\"article:modified_time\" content=\"2026-01-23T16:36:20+00:00\" \/>\n<meta name=\"twitter:card\" content=\"summary_large_image\" \/>\n<meta name=\"twitter:label1\" content=\"Arvioitu lukuaika\" \/>\n\t<meta name=\"twitter:data1\" content=\"1 minuutti\" \/>\n<script type=\"application\/ld+json\" class=\"yoast-schema-graph\">{\"@context\":\"https:\/\/schema.org\",\"@graph\":[{\"@type\":\"WebPage\",\"@id\":\"https:\/\/www.transtoyou.com\/fi\/product\/fucidin\/\",\"url\":\"https:\/\/www.transtoyou.com\/fi\/product\/fucidin\/\",\"name\":\"Fucidin | Tehokas Ihotulehdusten Hoito - Transtoyou\",\"isPartOf\":{\"@id\":\"https:\/\/www.transtoyou.com\/fi\/#website\"},\"primaryImageOfPage\":{\"@id\":\"https:\/\/www.transtoyou.com\/fi\/product\/fucidin\/#primaryimage\"},\"image\":{\"@id\":\"https:\/\/www.transtoyou.com\/fi\/product\/fucidin\/#primaryimage\"},\"thumbnailUrl\":\"https:\/\/www.transtoyou.com\/fi\/wp-content\/uploads\/sites\/16\/2026\/01\/tty-no-product-image-31.webp\",\"datePublished\":\"2026-01-23T16:35:16+00:00\",\"dateModified\":\"2026-01-23T16:36:20+00:00\",\"description\":\"Fucidin, paikallinen antibiootti, hoitaa tehokkaasti ihotulehduksia. Osta nyt nopeaan oireiden lievitykseen ja hyv\u00e4\u00e4n ihotoleranssiin Transtoyousta.\",\"breadcrumb\":{\"@id\":\"https:\/\/www.transtoyou.com\/fi\/product\/fucidin\/#breadcrumb\"},\"inLanguage\":\"fi\",\"potentialAction\":[{\"@type\":\"ReadAction\",\"target\":[\"https:\/\/www.transtoyou.com\/fi\/product\/fucidin\/\"]}]},{\"@type\":\"ImageObject\",\"inLanguage\":\"fi\",\"@id\":\"https:\/\/www.transtoyou.com\/fi\/product\/fucidin\/#primaryimage\",\"url\":\"https:\/\/www.transtoyou.com\/fi\/wp-content\/uploads\/sites\/16\/2026\/01\/tty-no-product-image-31.webp\",\"contentUrl\":\"https:\/\/www.transtoyou.com\/fi\/wp-content\/uploads\/sites\/16\/2026\/01\/tty-no-product-image-31.webp\",\"width\":1000,\"height\":1000,\"caption\":\"Oletusarvoinen tuotekuva\"},{\"@type\":\"WebSite\",\"@id\":\"https:\/\/www.transtoyou.com\/fi\/#website\",\"url\":\"https:\/\/www.transtoyou.com\/fi\/\",\"name\":\"Transtoyou - FI\",\"description\":\"\",\"publisher\":{\"@id\":\"https:\/\/www.transtoyou.com\/fi\/#organization\"},\"potentialAction\":[{\"@type\":\"SearchAction\",\"target\":{\"@type\":\"EntryPoint\",\"urlTemplate\":\"https:\/\/www.transtoyou.com\/fi\/?s={search_term_string}\"},\"query-input\":{\"@type\":\"PropertyValueSpecification\",\"valueRequired\":true,\"valueName\":\"search_term_string\"}}],\"inLanguage\":\"fi\"},{\"@type\":\"Organization\",\"@id\":\"https:\/\/www.transtoyou.com\/fi\/#organization\",\"name\":\"Transtoyou - FI\",\"url\":\"https:\/\/www.transtoyou.com\/fi\/\",\"logo\":{\"@type\":\"ImageObject\",\"inLanguage\":\"fi\",\"@id\":\"https:\/\/www.transtoyou.com\/fi\/#\/schema\/logo\/image\/\",\"url\":\"https:\/\/www.transtoyou.com\/fi\/wp-content\/uploads\/sites\/16\/2026\/01\/logo-tty-menu-bar-300x87-1.webp\",\"contentUrl\":\"https:\/\/www.transtoyou.com\/fi\/wp-content\/uploads\/sites\/16\/2026\/01\/logo-tty-menu-bar-300x87-1.webp\",\"width\":300,\"height\":87,\"caption\":\"Transtoyou - FI\"},\"image\":{\"@id\":\"https:\/\/www.transtoyou.com\/fi\/#\/schema\/logo\/image\/\"}}]}<\/script>\n<!-- \/ Yoast SEO plugin. -->","yoast_head_json":{"title":"Fucidin | Tehokas Ihotulehdusten Hoito - Transtoyou","description":"Fucidin, paikallinen antibiootti, hoitaa tehokkaasti ihotulehduksia. Osta nyt nopeaan oireiden lievitykseen ja hyv\u00e4\u00e4n ihotoleranssiin Transtoyousta.","robots":{"index":"noindex","follow":"follow","max-snippet":"max-snippet:-1","max-image-preview":"max-image-preview:large","max-video-preview":"max-video-preview:-1"},"og_locale":"fi_FI","og_type":"article","og_title":"Fucidin | Tehokas Ihotulehdusten Hoito - Transtoyou","og_description":"Fucidin, paikallinen antibiootti, hoitaa tehokkaasti ihotulehduksia. Osta nyt nopeaan oireiden lievitykseen ja hyv\u00e4\u00e4n ihotoleranssiin Transtoyousta.","og_url":"https:\/\/www.transtoyou.com\/fi\/product\/fucidin\/","og_site_name":"Transtoyou - FI","article_modified_time":"2026-01-23T16:36:20+00:00","twitter_card":"summary_large_image","twitter_misc":{"Arvioitu lukuaika":"1 minuutti"},"schema":{"@context":"https:\/\/schema.org","@graph":[{"@type":"WebPage","@id":"https:\/\/www.transtoyou.com\/fi\/product\/fucidin\/","url":"https:\/\/www.transtoyou.com\/fi\/product\/fucidin\/","name":"Fucidin | Tehokas Ihotulehdusten Hoito - Transtoyou","isPartOf":{"@id":"https:\/\/www.transtoyou.com\/fi\/#website"},"primaryImageOfPage":{"@id":"https:\/\/www.transtoyou.com\/fi\/product\/fucidin\/#primaryimage"},"image":{"@id":"https:\/\/www.transtoyou.com\/fi\/product\/fucidin\/#primaryimage"},"thumbnailUrl":"https:\/\/www.transtoyou.com\/fi\/wp-content\/uploads\/sites\/16\/2026\/01\/tty-no-product-image-31.webp","datePublished":"2026-01-23T16:35:16+00:00","dateModified":"2026-01-23T16:36:20+00:00","description":"Fucidin, paikallinen antibiootti, hoitaa tehokkaasti ihotulehduksia. Osta nyt nopeaan oireiden lievitykseen ja hyv\u00e4\u00e4n ihotoleranssiin Transtoyousta.","breadcrumb":{"@id":"https:\/\/www.transtoyou.com\/fi\/product\/fucidin\/#breadcrumb"},"inLanguage":"fi","potentialAction":[{"@type":"ReadAction","target":["https:\/\/www.transtoyou.com\/fi\/product\/fucidin\/"]}]},{"@type":"ImageObject","inLanguage":"fi","@id":"https:\/\/www.transtoyou.com\/fi\/product\/fucidin\/#primaryimage","url":"https:\/\/www.transtoyou.com\/fi\/wp-content\/uploads\/sites\/16\/2026\/01\/tty-no-product-image-31.webp","contentUrl":"https:\/\/www.transtoyou.com\/fi\/wp-content\/uploads\/sites\/16\/2026\/01\/tty-no-product-image-31.webp","width":1000,"height":1000,"caption":"Oletusarvoinen tuotekuva"},{"@type":"WebSite","@id":"https:\/\/www.transtoyou.com\/fi\/#website","url":"https:\/\/www.transtoyou.com\/fi\/","name":"Transtoyou - FI","description":"","publisher":{"@id":"https:\/\/www.transtoyou.com\/fi\/#organization"},"potentialAction":[{"@type":"SearchAction","target":{"@type":"EntryPoint","urlTemplate":"https:\/\/www.transtoyou.com\/fi\/?s={search_term_string}"},"query-input":{"@type":"PropertyValueSpecification","valueRequired":true,"valueName":"search_term_string"}}],"inLanguage":"fi"},{"@type":"Organization","@id":"https:\/\/www.transtoyou.com\/fi\/#organization","name":"Transtoyou - FI","url":"https:\/\/www.transtoyou.com\/fi\/","logo":{"@type":"ImageObject","inLanguage":"fi","@id":"https:\/\/www.transtoyou.com\/fi\/#\/schema\/logo\/image\/","url":"https:\/\/www.transtoyou.com\/fi\/wp-content\/uploads\/sites\/16\/2026\/01\/logo-tty-menu-bar-300x87-1.webp","contentUrl":"https:\/\/www.transtoyou.com\/fi\/wp-content\/uploads\/sites\/16\/2026\/01\/logo-tty-menu-bar-300x87-1.webp","width":300,"height":87,"caption":"Transtoyou - FI"},"image":{"@id":"https:\/\/www.transtoyou.com\/fi\/#\/schema\/logo\/image\/"}}]}},"_links":{"self":[{"href":"https:\/\/www.transtoyou.com\/fi\/wp-json\/wp\/v2\/product\/580","targetHints":{"allow":["GET"]}}],"collection":[{"href":"https:\/\/www.transtoyou.com\/fi\/wp-json\/wp\/v2\/product"}],"about":[{"href":"https:\/\/www.transtoyou.com\/fi\/wp-json\/wp\/v2\/types\/product"}],"replies":[{"embeddable":true,"href":"https:\/\/www.transtoyou.com\/fi\/wp-json\/wp\/v2\/comments?post=580"}],"wp:featuredmedia":[{"embeddable":true,"href":"https:\/\/www.transtoyou.com\/fi\/wp-json\/wp\/v2\/media\/582"}],"wp:attachment":[{"href":"https:\/\/www.transtoyou.com\/fi\/wp-json\/wp\/v2\/media?parent=580"}],"wp:term":[{"taxonomy":"product_brand","embeddable":true,"href":"https:\/\/www.transtoyou.com\/fi\/wp-json\/wp\/v2\/product_brand?post=580"},{"taxonomy":"product_cat","embeddable":true,"href":"https:\/\/www.transtoyou.com\/fi\/wp-json\/wp\/v2\/product_cat?post=580"},{"taxonomy":"product_tag","embeddable":true,"href":"https:\/\/www.transtoyou.com\/fi\/wp-json\/wp\/v2\/product_tag?post=580"},{"taxonomy":"expert","embeddable":true,"href":"https:\/\/www.transtoyou.com\/fi\/wp-json\/wp\/v2\/expert?post=580"}],"curies":[{"name":"wp","href":"https:\/\/api.w.org\/{rel}","templated":true}]}}