{"id":583,"date":"2026-01-23T16:50:08","date_gmt":"2026-01-23T16:50:08","guid":{"rendered":"https:\/\/www.transtoyou.com\/fi\/product\/diprosone\/"},"modified":"2026-01-23T16:51:11","modified_gmt":"2026-01-23T16:51:11","slug":"diprosone","status":"publish","type":"product","link":"https:\/\/www.transtoyou.com\/fi\/product\/diprosone\/","title":{"rendered":"Diprosone"},"content":{"rendered":"<p>Diprosone on voimakas paikallinen kortikosteroidi, joka sis\u00e4lt\u00e4\u00e4 betametasonia. Se toimii v\u00e4hent\u00e4m\u00e4ll\u00e4 tulehdusta, turvotusta, punoitusta ja kutinaa ihosairauksissa, jotka reagoivat kortikosteroideihin. Sen tulehdusta est\u00e4v\u00e4 vaikutus johtuu sen kyvyst\u00e4 est\u00e4\u00e4 kehon aineiden, kuten prostaglandiinien, histamiinien ja kinaanien, toimintaa, jotka aiheuttavat tulehdusta. Se toimii my\u00f6s immunosuppressanttina ja antiproliferatiivisena, auttaen rauhoittamaan ihon puhkeamia ja v\u00e4hent\u00e4m\u00e4\u00e4n ihosolujen liikakasvua.<\/p>\n<p>T\u00e4t\u00e4 l\u00e4\u00e4kett\u00e4 k\u00e4ytet\u00e4\u00e4n ensisijaisesti tulehduksellisiin ja kutiseviin ihosairauksiin, kuten ekseemaan, psoriaasiin, kontaktidermatiittiin, seborrheiseen dermatiittiin, hy\u00f6nteisten pistoihin ja muihin ihosairauksiin.<\/p>\n<p>Kun Diprosonea levitet\u00e4\u00e4n suoraan iholle, se lievitt\u00e4\u00e4 oireita supistamalla verisuonia vaurioituneella alueella, v\u00e4hent\u00e4en punoitusta ja turvotusta. Se my\u00f6s rauhoittaa yliaktiivisia immuunivasteita ja hidastaa liiallista ihosolujen tuotantoa, mik\u00e4 on yleist\u00e4 kroonisissa sairauksissa, kuten psoriaasissa.<\/p>\n<p>Diprosonen keskeiset hy\u00f6dyt sis\u00e4lt\u00e4v\u00e4t nopean helpotuksen punoitukseen, kutinaan ja tulehdukseen, jopa vastustuskykyisiss\u00e4 ihosairauksissa. Sit\u00e4 m\u00e4\u00e4r\u00e4t\u00e4\u00e4n usein lyhytaikaiseen k\u00e4ytt\u00f6\u00f6n, ja se on saatavilla eri muodoissa (voide, salva, emulsio) riippuen ihon ongelman sijainnista ja vakavuudesta. Vaikka se on tehokas ja hyvin siedetty, sen k\u00e4ytt\u00f6\u00e4 tulisi rajoittaa pienille alueille ja lyhyille ajanjaksoille, jotta v\u00e4hennet\u00e4\u00e4n ihon ohenemisen tai systeemisen imeytymisen riski\u00e4.<\/p>\n","protected":false},"excerpt":{"rendered":"<ul>\n<li>Nopea helpotus tulehtuneelle iholle<\/li>\n<li>Auttaa v\u00e4hent\u00e4m\u00e4\u00e4n kutinaa ja punoitusta<\/li>\n<li>Sopii ekseemaan ja psoriaasiin<\/li>\n<\/ul>\n","protected":false},"featured_media":585,"comment_status":"open","ping_status":"closed","template":"","meta":[],"product_brand":[],"product_cat":[90,140],"product_tag":[],"expert":[17],"class_list":{"0":"post-583","1":"product","2":"type-product","3":"status-publish","4":"has-post-thumbnail","6":"product_cat-ekseema","7":"product_cat-psoriasis","8":"expert-dr-c-munoz-parada","10":"first","11":"instock","12":"shipping-taxable","13":"product-type-variable"},"yoast_head":"<!-- This site is optimized with the Yoast SEO plugin v27.0 - https:\/\/yoast.com\/product\/yoast-seo-wordpress\/ -->\n<title>Diprosone | Edistynyt Ihonhoitohelpotus - Transtoyou<\/title>\n<meta name=\"description\" content=\"Diprosone, saatavilla Transtoyou&#039;ssa, tarjoaa tehokasta helpotusta ihotulehduksiin. Osta nyt luotettavaa hoitoa ja asiantuntevia hyvinvointiratkaisuja.\" \/>\n<meta name=\"robots\" content=\"noindex, follow, max-snippet:-1, max-image-preview:large, max-video-preview:-1\" \/>\n<meta property=\"og:locale\" content=\"fi_FI\" \/>\n<meta property=\"og:type\" content=\"article\" \/>\n<meta property=\"og:title\" content=\"Diprosone | Edistynyt Ihonhoitohelpotus - Transtoyou\" \/>\n<meta property=\"og:description\" content=\"Diprosone, saatavilla Transtoyou&#039;ssa, tarjoaa tehokasta helpotusta ihotulehduksiin. Osta nyt luotettavaa hoitoa ja asiantuntevia hyvinvointiratkaisuja.\" \/>\n<meta property=\"og:url\" content=\"https:\/\/www.transtoyou.com\/fi\/product\/diprosone\/\" \/>\n<meta property=\"og:site_name\" content=\"Transtoyou - FI\" \/>\n<meta property=\"article:modified_time\" content=\"2026-01-23T16:51:11+00:00\" \/>\n<meta name=\"twitter:card\" content=\"summary_large_image\" \/>\n<meta name=\"twitter:label1\" content=\"Arvioitu lukuaika\" \/>\n\t<meta name=\"twitter:data1\" content=\"1 minuutti\" \/>\n<script type=\"application\/ld+json\" class=\"yoast-schema-graph\">{\"@context\":\"https:\/\/schema.org\",\"@graph\":[{\"@type\":\"WebPage\",\"@id\":\"https:\/\/www.transtoyou.com\/fi\/product\/diprosone\/\",\"url\":\"https:\/\/www.transtoyou.com\/fi\/product\/diprosone\/\",\"name\":\"Diprosone | Edistynyt Ihonhoitohelpotus - Transtoyou\",\"isPartOf\":{\"@id\":\"https:\/\/www.transtoyou.com\/fi\/#website\"},\"primaryImageOfPage\":{\"@id\":\"https:\/\/www.transtoyou.com\/fi\/product\/diprosone\/#primaryimage\"},\"image\":{\"@id\":\"https:\/\/www.transtoyou.com\/fi\/product\/diprosone\/#primaryimage\"},\"thumbnailUrl\":\"https:\/\/www.transtoyou.com\/fi\/wp-content\/uploads\/sites\/16\/2026\/01\/tty-no-product-image-32.webp\",\"datePublished\":\"2026-01-23T16:50:08+00:00\",\"dateModified\":\"2026-01-23T16:51:11+00:00\",\"description\":\"Diprosone, saatavilla Transtoyou'ssa, tarjoaa tehokasta helpotusta ihotulehduksiin. Osta nyt luotettavaa hoitoa ja asiantuntevia hyvinvointiratkaisuja.\",\"breadcrumb\":{\"@id\":\"https:\/\/www.transtoyou.com\/fi\/product\/diprosone\/#breadcrumb\"},\"inLanguage\":\"fi\",\"potentialAction\":[{\"@type\":\"ReadAction\",\"target\":[\"https:\/\/www.transtoyou.com\/fi\/product\/diprosone\/\"]}]},{\"@type\":\"ImageObject\",\"inLanguage\":\"fi\",\"@id\":\"https:\/\/www.transtoyou.com\/fi\/product\/diprosone\/#primaryimage\",\"url\":\"https:\/\/www.transtoyou.com\/fi\/wp-content\/uploads\/sites\/16\/2026\/01\/tty-no-product-image-32.webp\",\"contentUrl\":\"https:\/\/www.transtoyou.com\/fi\/wp-content\/uploads\/sites\/16\/2026\/01\/tty-no-product-image-32.webp\",\"width\":1000,\"height\":1000,\"caption\":\"Oletusarvoinen tuotekuva\"},{\"@type\":\"WebSite\",\"@id\":\"https:\/\/www.transtoyou.com\/fi\/#website\",\"url\":\"https:\/\/www.transtoyou.com\/fi\/\",\"name\":\"Transtoyou - FI\",\"description\":\"\",\"publisher\":{\"@id\":\"https:\/\/www.transtoyou.com\/fi\/#organization\"},\"potentialAction\":[{\"@type\":\"SearchAction\",\"target\":{\"@type\":\"EntryPoint\",\"urlTemplate\":\"https:\/\/www.transtoyou.com\/fi\/?s={search_term_string}\"},\"query-input\":{\"@type\":\"PropertyValueSpecification\",\"valueRequired\":true,\"valueName\":\"search_term_string\"}}],\"inLanguage\":\"fi\"},{\"@type\":\"Organization\",\"@id\":\"https:\/\/www.transtoyou.com\/fi\/#organization\",\"name\":\"Transtoyou - FI\",\"url\":\"https:\/\/www.transtoyou.com\/fi\/\",\"logo\":{\"@type\":\"ImageObject\",\"inLanguage\":\"fi\",\"@id\":\"https:\/\/www.transtoyou.com\/fi\/#\/schema\/logo\/image\/\",\"url\":\"https:\/\/www.transtoyou.com\/fi\/wp-content\/uploads\/sites\/16\/2026\/01\/logo-tty-menu-bar-300x87-1.webp\",\"contentUrl\":\"https:\/\/www.transtoyou.com\/fi\/wp-content\/uploads\/sites\/16\/2026\/01\/logo-tty-menu-bar-300x87-1.webp\",\"width\":300,\"height\":87,\"caption\":\"Transtoyou - FI\"},\"image\":{\"@id\":\"https:\/\/www.transtoyou.com\/fi\/#\/schema\/logo\/image\/\"}}]}<\/script>\n<!-- \/ Yoast SEO plugin. -->","yoast_head_json":{"title":"Diprosone | Edistynyt Ihonhoitohelpotus - Transtoyou","description":"Diprosone, saatavilla Transtoyou'ssa, tarjoaa tehokasta helpotusta ihotulehduksiin. Osta nyt luotettavaa hoitoa ja asiantuntevia hyvinvointiratkaisuja.","robots":{"index":"noindex","follow":"follow","max-snippet":"max-snippet:-1","max-image-preview":"max-image-preview:large","max-video-preview":"max-video-preview:-1"},"og_locale":"fi_FI","og_type":"article","og_title":"Diprosone | Edistynyt Ihonhoitohelpotus - Transtoyou","og_description":"Diprosone, saatavilla Transtoyou'ssa, tarjoaa tehokasta helpotusta ihotulehduksiin. Osta nyt luotettavaa hoitoa ja asiantuntevia hyvinvointiratkaisuja.","og_url":"https:\/\/www.transtoyou.com\/fi\/product\/diprosone\/","og_site_name":"Transtoyou - FI","article_modified_time":"2026-01-23T16:51:11+00:00","twitter_card":"summary_large_image","twitter_misc":{"Arvioitu lukuaika":"1 minuutti"},"schema":{"@context":"https:\/\/schema.org","@graph":[{"@type":"WebPage","@id":"https:\/\/www.transtoyou.com\/fi\/product\/diprosone\/","url":"https:\/\/www.transtoyou.com\/fi\/product\/diprosone\/","name":"Diprosone | Edistynyt Ihonhoitohelpotus - Transtoyou","isPartOf":{"@id":"https:\/\/www.transtoyou.com\/fi\/#website"},"primaryImageOfPage":{"@id":"https:\/\/www.transtoyou.com\/fi\/product\/diprosone\/#primaryimage"},"image":{"@id":"https:\/\/www.transtoyou.com\/fi\/product\/diprosone\/#primaryimage"},"thumbnailUrl":"https:\/\/www.transtoyou.com\/fi\/wp-content\/uploads\/sites\/16\/2026\/01\/tty-no-product-image-32.webp","datePublished":"2026-01-23T16:50:08+00:00","dateModified":"2026-01-23T16:51:11+00:00","description":"Diprosone, saatavilla Transtoyou'ssa, tarjoaa tehokasta helpotusta ihotulehduksiin. Osta nyt luotettavaa hoitoa ja asiantuntevia hyvinvointiratkaisuja.","breadcrumb":{"@id":"https:\/\/www.transtoyou.com\/fi\/product\/diprosone\/#breadcrumb"},"inLanguage":"fi","potentialAction":[{"@type":"ReadAction","target":["https:\/\/www.transtoyou.com\/fi\/product\/diprosone\/"]}]},{"@type":"ImageObject","inLanguage":"fi","@id":"https:\/\/www.transtoyou.com\/fi\/product\/diprosone\/#primaryimage","url":"https:\/\/www.transtoyou.com\/fi\/wp-content\/uploads\/sites\/16\/2026\/01\/tty-no-product-image-32.webp","contentUrl":"https:\/\/www.transtoyou.com\/fi\/wp-content\/uploads\/sites\/16\/2026\/01\/tty-no-product-image-32.webp","width":1000,"height":1000,"caption":"Oletusarvoinen tuotekuva"},{"@type":"WebSite","@id":"https:\/\/www.transtoyou.com\/fi\/#website","url":"https:\/\/www.transtoyou.com\/fi\/","name":"Transtoyou - FI","description":"","publisher":{"@id":"https:\/\/www.transtoyou.com\/fi\/#organization"},"potentialAction":[{"@type":"SearchAction","target":{"@type":"EntryPoint","urlTemplate":"https:\/\/www.transtoyou.com\/fi\/?s={search_term_string}"},"query-input":{"@type":"PropertyValueSpecification","valueRequired":true,"valueName":"search_term_string"}}],"inLanguage":"fi"},{"@type":"Organization","@id":"https:\/\/www.transtoyou.com\/fi\/#organization","name":"Transtoyou - FI","url":"https:\/\/www.transtoyou.com\/fi\/","logo":{"@type":"ImageObject","inLanguage":"fi","@id":"https:\/\/www.transtoyou.com\/fi\/#\/schema\/logo\/image\/","url":"https:\/\/www.transtoyou.com\/fi\/wp-content\/uploads\/sites\/16\/2026\/01\/logo-tty-menu-bar-300x87-1.webp","contentUrl":"https:\/\/www.transtoyou.com\/fi\/wp-content\/uploads\/sites\/16\/2026\/01\/logo-tty-menu-bar-300x87-1.webp","width":300,"height":87,"caption":"Transtoyou - FI"},"image":{"@id":"https:\/\/www.transtoyou.com\/fi\/#\/schema\/logo\/image\/"}}]}},"_links":{"self":[{"href":"https:\/\/www.transtoyou.com\/fi\/wp-json\/wp\/v2\/product\/583","targetHints":{"allow":["GET"]}}],"collection":[{"href":"https:\/\/www.transtoyou.com\/fi\/wp-json\/wp\/v2\/product"}],"about":[{"href":"https:\/\/www.transtoyou.com\/fi\/wp-json\/wp\/v2\/types\/product"}],"replies":[{"embeddable":true,"href":"https:\/\/www.transtoyou.com\/fi\/wp-json\/wp\/v2\/comments?post=583"}],"wp:featuredmedia":[{"embeddable":true,"href":"https:\/\/www.transtoyou.com\/fi\/wp-json\/wp\/v2\/media\/585"}],"wp:attachment":[{"href":"https:\/\/www.transtoyou.com\/fi\/wp-json\/wp\/v2\/media?parent=583"}],"wp:term":[{"taxonomy":"product_brand","embeddable":true,"href":"https:\/\/www.transtoyou.com\/fi\/wp-json\/wp\/v2\/product_brand?post=583"},{"taxonomy":"product_cat","embeddable":true,"href":"https:\/\/www.transtoyou.com\/fi\/wp-json\/wp\/v2\/product_cat?post=583"},{"taxonomy":"product_tag","embeddable":true,"href":"https:\/\/www.transtoyou.com\/fi\/wp-json\/wp\/v2\/product_tag?post=583"},{"taxonomy":"expert","embeddable":true,"href":"https:\/\/www.transtoyou.com\/fi\/wp-json\/wp\/v2\/expert?post=583"}],"curies":[{"name":"wp","href":"https:\/\/api.w.org\/{rel}","templated":true}]}}