{"id":586,"date":"2026-01-23T17:04:27","date_gmt":"2026-01-23T17:04:27","guid":{"rendered":"https:\/\/www.transtoyou.com\/fi\/product\/elidel\/"},"modified":"2026-01-23T17:05:29","modified_gmt":"2026-01-23T17:05:29","slug":"elidel","status":"publish","type":"product","link":"https:\/\/www.transtoyou.com\/fi\/product\/elidel\/","title":{"rendered":"Elidel"},"content":{"rendered":"<p>Elidel on voide, jota k\u00e4ytet\u00e4\u00e4n liev\u00e4n tai kohtalaisen atooppisen dermatiitin (ekseeman) hoitoon. Se kuuluu paikallisten kalsineuriinin est\u00e4jien l\u00e4\u00e4keryhm\u00e4\u00e4n. Toisin kuin kortikosteroidit, se ei ohentaa ihoa ja on erityisen hy\u00f6dyllinen herkille alueille, kuten kasvoille, kaulalle ja ihon taitteille.<\/p>\n<p>Pimekrolimuusi, Elidelin vaikuttava aine, toimii kohdistamalla ihon immuunij\u00e4rjestelm\u00e4\u00e4n. Se est\u00e4\u00e4 tietyn entsyymin, kalsineuriinin, joka on vastuussa tulehduksellisten solujen aktivoimisesta. Est\u00e4m\u00e4ll\u00e4 t\u00e4m\u00e4n prosessin Elidel v\u00e4hent\u00e4\u00e4 tulehdusta aiheuttavien aineiden, kuten interleukiinien ja histamiinin, vapautumista, mik\u00e4 auttaa lievitt\u00e4m\u00e4\u00e4n punoitusta, kutinaa ja turvotusta. Se est\u00e4\u00e4 my\u00f6s sy\u00f6tt\u00f6solujen aktivoinnin, jotka osallistuvat allergisiin reaktioihin.<\/p>\n<p>Elidel on tarkoitettu ihmisille, jotka eiv\u00e4t voi k\u00e4ytt\u00e4\u00e4 kortikosteroideja tai alueille, joille steroidit eiv\u00e4t sovi, kuten kasvoille tai kaulalle.<\/p>\n<p>Elidel vaikuttaa suoraan siell\u00e4, miss\u00e4 sit\u00e4 k\u00e4ytet\u00e4\u00e4n, ja vain pieni m\u00e4\u00e4r\u00e4 p\u00e4\u00e4see verenkiertoon. Se auttaa est\u00e4m\u00e4\u00e4n puhkeamisten pahenemista ja sit\u00e4 voidaan k\u00e4ytt\u00e4\u00e4 pitk\u00e4\u00e4n hallitsemaan toistuvia puhkeamisia. Elidelin t\u00e4rkeimm\u00e4t hy\u00f6dyt ovat sen tehokkuus tulehduksen ja kutinan v\u00e4hent\u00e4misess\u00e4 sek\u00e4 sen soveltuvuus herkille ihoalueille.<\/p>\n<p>Useimmat k\u00e4ytt\u00e4j\u00e4t kokevat parannusta ensimm\u00e4isten viikkojen aikana. Sit\u00e4 voidaan k\u00e4ytt\u00e4\u00e4 turvallisesti pitk\u00e4\u00e4n kest\u00e4vin\u00e4 jaksoina oireiden hallitsemiseksi ja ekseeman hallinnan yll\u00e4pit\u00e4miseksi.<\/p>\n","protected":false},"excerpt":{"rendered":"<ul>\n<li>Steroidittomat ekseeman hoidot<\/li>\n<li>Sopii herkille ihoalueille<\/li>\n<li>Pitk\u00e4aikaiseen vaihtelevaan k\u00e4ytt\u00f6\u00f6n<\/li>\n<\/ul>\n","protected":false},"featured_media":588,"comment_status":"open","ping_status":"closed","template":"","meta":[],"product_brand":[],"product_cat":[90],"product_tag":[],"expert":[17],"class_list":{"0":"post-586","1":"product","2":"type-product","3":"status-publish","4":"has-post-thumbnail","6":"product_cat-ekseema","7":"expert-dr-c-munoz-parada","9":"first","10":"instock","11":"shipping-taxable","12":"product-type-variable"},"yoast_head":"<!-- This site is optimized with the Yoast SEO plugin v27.0 - https:\/\/yoast.com\/product\/yoast-seo-wordpress\/ -->\n<title>Elidel | Rauhoita ekseemaa, hell\u00e4 iholle - Transtoyou<\/title>\n<meta name=\"description\" content=\"Elidel-voide hoitaa ekseemaa tehokkaasti, kohdistuen tulehdukseen ilman ihon ohentamista. Ihanteellinen herkille alueille. Saatavilla helposti ostettavaksi.\" \/>\n<meta name=\"robots\" content=\"noindex, follow, max-snippet:-1, max-image-preview:large, max-video-preview:-1\" \/>\n<meta property=\"og:locale\" content=\"fi_FI\" \/>\n<meta property=\"og:type\" content=\"article\" \/>\n<meta property=\"og:title\" content=\"Elidel | Rauhoita ekseemaa, hell\u00e4 iholle - Transtoyou\" \/>\n<meta property=\"og:description\" content=\"Elidel-voide hoitaa ekseemaa tehokkaasti, kohdistuen tulehdukseen ilman ihon ohentamista. Ihanteellinen herkille alueille. Saatavilla helposti ostettavaksi.\" \/>\n<meta property=\"og:url\" content=\"https:\/\/www.transtoyou.com\/fi\/product\/elidel\/\" \/>\n<meta property=\"og:site_name\" content=\"Transtoyou - FI\" \/>\n<meta property=\"article:modified_time\" content=\"2026-01-23T17:05:29+00:00\" \/>\n<meta name=\"twitter:card\" content=\"summary_large_image\" \/>\n<meta name=\"twitter:label1\" content=\"Arvioitu lukuaika\" \/>\n\t<meta name=\"twitter:data1\" content=\"1 minuutti\" \/>\n<script type=\"application\/ld+json\" class=\"yoast-schema-graph\">{\"@context\":\"https:\/\/schema.org\",\"@graph\":[{\"@type\":\"WebPage\",\"@id\":\"https:\/\/www.transtoyou.com\/fi\/product\/elidel\/\",\"url\":\"https:\/\/www.transtoyou.com\/fi\/product\/elidel\/\",\"name\":\"Elidel | Rauhoita ekseemaa, hell\u00e4 iholle - Transtoyou\",\"isPartOf\":{\"@id\":\"https:\/\/www.transtoyou.com\/fi\/#website\"},\"primaryImageOfPage\":{\"@id\":\"https:\/\/www.transtoyou.com\/fi\/product\/elidel\/#primaryimage\"},\"image\":{\"@id\":\"https:\/\/www.transtoyou.com\/fi\/product\/elidel\/#primaryimage\"},\"thumbnailUrl\":\"https:\/\/www.transtoyou.com\/fi\/wp-content\/uploads\/sites\/16\/2026\/01\/tty-no-product-image-33.webp\",\"datePublished\":\"2026-01-23T17:04:27+00:00\",\"dateModified\":\"2026-01-23T17:05:29+00:00\",\"description\":\"Elidel-voide hoitaa ekseemaa tehokkaasti, kohdistuen tulehdukseen ilman ihon ohentamista. Ihanteellinen herkille alueille. Saatavilla helposti ostettavaksi.\",\"breadcrumb\":{\"@id\":\"https:\/\/www.transtoyou.com\/fi\/product\/elidel\/#breadcrumb\"},\"inLanguage\":\"fi\",\"potentialAction\":[{\"@type\":\"ReadAction\",\"target\":[\"https:\/\/www.transtoyou.com\/fi\/product\/elidel\/\"]}]},{\"@type\":\"ImageObject\",\"inLanguage\":\"fi\",\"@id\":\"https:\/\/www.transtoyou.com\/fi\/product\/elidel\/#primaryimage\",\"url\":\"https:\/\/www.transtoyou.com\/fi\/wp-content\/uploads\/sites\/16\/2026\/01\/tty-no-product-image-33.webp\",\"contentUrl\":\"https:\/\/www.transtoyou.com\/fi\/wp-content\/uploads\/sites\/16\/2026\/01\/tty-no-product-image-33.webp\",\"width\":1000,\"height\":1000,\"caption\":\"Oletusarvoinen tuotekuva\"},{\"@type\":\"WebSite\",\"@id\":\"https:\/\/www.transtoyou.com\/fi\/#website\",\"url\":\"https:\/\/www.transtoyou.com\/fi\/\",\"name\":\"Transtoyou - FI\",\"description\":\"\",\"publisher\":{\"@id\":\"https:\/\/www.transtoyou.com\/fi\/#organization\"},\"potentialAction\":[{\"@type\":\"SearchAction\",\"target\":{\"@type\":\"EntryPoint\",\"urlTemplate\":\"https:\/\/www.transtoyou.com\/fi\/?s={search_term_string}\"},\"query-input\":{\"@type\":\"PropertyValueSpecification\",\"valueRequired\":true,\"valueName\":\"search_term_string\"}}],\"inLanguage\":\"fi\"},{\"@type\":\"Organization\",\"@id\":\"https:\/\/www.transtoyou.com\/fi\/#organization\",\"name\":\"Transtoyou - FI\",\"url\":\"https:\/\/www.transtoyou.com\/fi\/\",\"logo\":{\"@type\":\"ImageObject\",\"inLanguage\":\"fi\",\"@id\":\"https:\/\/www.transtoyou.com\/fi\/#\/schema\/logo\/image\/\",\"url\":\"https:\/\/www.transtoyou.com\/fi\/wp-content\/uploads\/sites\/16\/2026\/01\/logo-tty-menu-bar-300x87-1.webp\",\"contentUrl\":\"https:\/\/www.transtoyou.com\/fi\/wp-content\/uploads\/sites\/16\/2026\/01\/logo-tty-menu-bar-300x87-1.webp\",\"width\":300,\"height\":87,\"caption\":\"Transtoyou - FI\"},\"image\":{\"@id\":\"https:\/\/www.transtoyou.com\/fi\/#\/schema\/logo\/image\/\"}}]}<\/script>\n<!-- \/ Yoast SEO plugin. -->","yoast_head_json":{"title":"Elidel | Rauhoita ekseemaa, hell\u00e4 iholle - Transtoyou","description":"Elidel-voide hoitaa ekseemaa tehokkaasti, kohdistuen tulehdukseen ilman ihon ohentamista. Ihanteellinen herkille alueille. Saatavilla helposti ostettavaksi.","robots":{"index":"noindex","follow":"follow","max-snippet":"max-snippet:-1","max-image-preview":"max-image-preview:large","max-video-preview":"max-video-preview:-1"},"og_locale":"fi_FI","og_type":"article","og_title":"Elidel | Rauhoita ekseemaa, hell\u00e4 iholle - Transtoyou","og_description":"Elidel-voide hoitaa ekseemaa tehokkaasti, kohdistuen tulehdukseen ilman ihon ohentamista. Ihanteellinen herkille alueille. Saatavilla helposti ostettavaksi.","og_url":"https:\/\/www.transtoyou.com\/fi\/product\/elidel\/","og_site_name":"Transtoyou - FI","article_modified_time":"2026-01-23T17:05:29+00:00","twitter_card":"summary_large_image","twitter_misc":{"Arvioitu lukuaika":"1 minuutti"},"schema":{"@context":"https:\/\/schema.org","@graph":[{"@type":"WebPage","@id":"https:\/\/www.transtoyou.com\/fi\/product\/elidel\/","url":"https:\/\/www.transtoyou.com\/fi\/product\/elidel\/","name":"Elidel | Rauhoita ekseemaa, hell\u00e4 iholle - Transtoyou","isPartOf":{"@id":"https:\/\/www.transtoyou.com\/fi\/#website"},"primaryImageOfPage":{"@id":"https:\/\/www.transtoyou.com\/fi\/product\/elidel\/#primaryimage"},"image":{"@id":"https:\/\/www.transtoyou.com\/fi\/product\/elidel\/#primaryimage"},"thumbnailUrl":"https:\/\/www.transtoyou.com\/fi\/wp-content\/uploads\/sites\/16\/2026\/01\/tty-no-product-image-33.webp","datePublished":"2026-01-23T17:04:27+00:00","dateModified":"2026-01-23T17:05:29+00:00","description":"Elidel-voide hoitaa ekseemaa tehokkaasti, kohdistuen tulehdukseen ilman ihon ohentamista. Ihanteellinen herkille alueille. Saatavilla helposti ostettavaksi.","breadcrumb":{"@id":"https:\/\/www.transtoyou.com\/fi\/product\/elidel\/#breadcrumb"},"inLanguage":"fi","potentialAction":[{"@type":"ReadAction","target":["https:\/\/www.transtoyou.com\/fi\/product\/elidel\/"]}]},{"@type":"ImageObject","inLanguage":"fi","@id":"https:\/\/www.transtoyou.com\/fi\/product\/elidel\/#primaryimage","url":"https:\/\/www.transtoyou.com\/fi\/wp-content\/uploads\/sites\/16\/2026\/01\/tty-no-product-image-33.webp","contentUrl":"https:\/\/www.transtoyou.com\/fi\/wp-content\/uploads\/sites\/16\/2026\/01\/tty-no-product-image-33.webp","width":1000,"height":1000,"caption":"Oletusarvoinen tuotekuva"},{"@type":"WebSite","@id":"https:\/\/www.transtoyou.com\/fi\/#website","url":"https:\/\/www.transtoyou.com\/fi\/","name":"Transtoyou - FI","description":"","publisher":{"@id":"https:\/\/www.transtoyou.com\/fi\/#organization"},"potentialAction":[{"@type":"SearchAction","target":{"@type":"EntryPoint","urlTemplate":"https:\/\/www.transtoyou.com\/fi\/?s={search_term_string}"},"query-input":{"@type":"PropertyValueSpecification","valueRequired":true,"valueName":"search_term_string"}}],"inLanguage":"fi"},{"@type":"Organization","@id":"https:\/\/www.transtoyou.com\/fi\/#organization","name":"Transtoyou - FI","url":"https:\/\/www.transtoyou.com\/fi\/","logo":{"@type":"ImageObject","inLanguage":"fi","@id":"https:\/\/www.transtoyou.com\/fi\/#\/schema\/logo\/image\/","url":"https:\/\/www.transtoyou.com\/fi\/wp-content\/uploads\/sites\/16\/2026\/01\/logo-tty-menu-bar-300x87-1.webp","contentUrl":"https:\/\/www.transtoyou.com\/fi\/wp-content\/uploads\/sites\/16\/2026\/01\/logo-tty-menu-bar-300x87-1.webp","width":300,"height":87,"caption":"Transtoyou - FI"},"image":{"@id":"https:\/\/www.transtoyou.com\/fi\/#\/schema\/logo\/image\/"}}]}},"_links":{"self":[{"href":"https:\/\/www.transtoyou.com\/fi\/wp-json\/wp\/v2\/product\/586","targetHints":{"allow":["GET"]}}],"collection":[{"href":"https:\/\/www.transtoyou.com\/fi\/wp-json\/wp\/v2\/product"}],"about":[{"href":"https:\/\/www.transtoyou.com\/fi\/wp-json\/wp\/v2\/types\/product"}],"replies":[{"embeddable":true,"href":"https:\/\/www.transtoyou.com\/fi\/wp-json\/wp\/v2\/comments?post=586"}],"wp:featuredmedia":[{"embeddable":true,"href":"https:\/\/www.transtoyou.com\/fi\/wp-json\/wp\/v2\/media\/588"}],"wp:attachment":[{"href":"https:\/\/www.transtoyou.com\/fi\/wp-json\/wp\/v2\/media?parent=586"}],"wp:term":[{"taxonomy":"product_brand","embeddable":true,"href":"https:\/\/www.transtoyou.com\/fi\/wp-json\/wp\/v2\/product_brand?post=586"},{"taxonomy":"product_cat","embeddable":true,"href":"https:\/\/www.transtoyou.com\/fi\/wp-json\/wp\/v2\/product_cat?post=586"},{"taxonomy":"product_tag","embeddable":true,"href":"https:\/\/www.transtoyou.com\/fi\/wp-json\/wp\/v2\/product_tag?post=586"},{"taxonomy":"expert","embeddable":true,"href":"https:\/\/www.transtoyou.com\/fi\/wp-json\/wp\/v2\/expert?post=586"}],"curies":[{"name":"wp","href":"https:\/\/api.w.org\/{rel}","templated":true}]}}