{"id":601,"date":"2026-01-23T18:19:34","date_gmt":"2026-01-23T18:19:34","guid":{"rendered":"https:\/\/www.transtoyou.com\/fi\/product\/yasmin\/"},"modified":"2026-01-23T18:20:39","modified_gmt":"2026-01-23T18:20:39","slug":"yasmin","status":"publish","type":"product","link":"https:\/\/www.transtoyou.com\/fi\/product\/yasmin\/","title":{"rendered":"Yasmin"},"content":{"rendered":"<p>Yasmin on yhdistelm\u00e4ehk\u00e4isytabletti, joka sis\u00e4lt\u00e4\u00e4 kahta vaikuttavaa ainetta: etinyyliestradiolia (estrogeeni) ja drospirenonia (progesteroni). Sit\u00e4 k\u00e4ytet\u00e4\u00e4n raskauden ehk\u00e4isyyn, ja sit\u00e4 otetaan p\u00e4ivitt\u00e4in 21 p\u00e4iv\u00e4n ajan, jonka j\u00e4lkeen on 7 p\u00e4iv\u00e4n tauko. Yasmin toimii p\u00e4\u00e4asiassa est\u00e4m\u00e4ll\u00e4 ovulaatiota (munan vapautumista munasarjoista). Se my\u00f6s paksuntaa kohdunkaulan limaa, mik\u00e4 vaikeuttaa siitti\u00f6iden p\u00e4\u00e4sy\u00e4 munasoluun, ja muuttaa kohdun limakalvoa est\u00e4\u00e4kseen kiinnittymisen.<\/p>\n<p>Yasminia k\u00e4ytet\u00e4\u00e4n ehk\u00e4isyyn aikuisilla naisilla. Vaikka sen p\u00e4\u00e4asiallinen tarkoitus on ehk\u00e4ist\u00e4 raskautta, monet ihmiset kokevat my\u00f6s lis\u00e4hy\u00f6tyj\u00e4, kuten s\u00e4\u00e4nn\u00f6llisemm\u00e4t kuukautiset, kevyemm\u00e4t kuukautiset ja v\u00e4hemm\u00e4n kuukautiskipuja. Jotkut huomaavat my\u00f6s parannuksia aknessa ja rasvaisessa ihossa drospirenonin antiandrogeenisen vaikutuksen vuoksi.<\/p>\n<p>Kehossa Yasminin hormonit j\u00e4ljittelev\u00e4t luonnollisia naisten sukupuolihormoneja, mik\u00e4 auttaa s\u00e4\u00e4telem\u00e4\u00e4n kuukautiskiertoa ja v\u00e4hent\u00e4m\u00e4\u00e4n hormonaalisia vaihteluita. Toisin kuin jotkut muut progesteronit, drospirenonilla on antiandrogeenisia ominaisuuksia, mik\u00e4 tarkoittaa, ett\u00e4 se voi vastustaa miessukupuolihormonien, kuten testosteronin, vaikutuksia. T\u00e4m\u00e4 voi auttaa v\u00e4hent\u00e4m\u00e4\u00e4n aknea, nesteturvotusta ja turvotusta. Transsukupuolisilla miehill\u00e4, jotka k\u00e4ytt\u00e4v\u00e4t testosteronia ja tarvitsevat silti ehk\u00e4isy\u00e4, t\u00e4m\u00e4 antiandrogeeninen vaikutus voi hieman v\u00e4hent\u00e4\u00e4 joitakin maskuliinisia muutoksia.<\/p>\n<p>Yasminia otetaan kerran p\u00e4iv\u00e4ss\u00e4, mieluiten samaan aikaan joka p\u00e4iv\u00e4. Sen ehk\u00e4isyteho on luotettava, kun sit\u00e4 otetaan oikein ja johdonmukaisesti. Yksi Yasminin eduista on, ett\u00e4 se yhdist\u00e4\u00e4 korkean ehk\u00e4isytehon suotuisaan haittavaikutusprofiiliin useimmilla k\u00e4ytt\u00e4jill\u00e4. Se liittyy my\u00f6s alhaisempaan nesteturvotuksen ja painonnousun riskiin verrattuna muihin pillereihin.<\/p>\n","protected":false},"excerpt":{"rendered":"<ul>\n<li>Tehokas p\u00e4ivitt\u00e4inen hormonaalinen ehk\u00e4isy<\/li>\n<li>Auttaa v\u00e4hent\u00e4m\u00e4\u00e4n aknea ja turvotusta<\/li>\n<li>S\u00e4\u00e4telee kuukautiskiertoja johdonmukaisesti<\/li>\n<\/ul>\n","protected":false},"featured_media":603,"comment_status":"open","ping_status":"closed","template":"","meta":[],"product_brand":[],"product_cat":[75],"product_tag":[],"expert":[17],"class_list":{"0":"post-601","1":"product","2":"type-product","3":"status-publish","4":"has-post-thumbnail","6":"product_cat-yhdistelmapilleri","7":"expert-dr-c-munoz-parada","9":"first","10":"instock","11":"shipping-taxable","12":"product-type-variable"},"yoast_head":"<!-- This site is optimized with the Yoast SEO plugin v27.0 - https:\/\/yoast.com\/product\/yoast-seo-wordpress\/ -->\n<title>Yasmin | Luotettava ehk\u00e4isyratkaisu - Transtoyou<\/title>\n<meta name=\"description\" content=\"Tutustu Yasminiin, saatavilla Transtoyousta. Hy\u00f6dynn\u00e4 luotettavaa ehk\u00e4isyapua. Osta nyt k\u00e4tev\u00e4sti ja nauti laadukkaista terveydenhuoltoratkaisuista.\" \/>\n<meta name=\"robots\" content=\"noindex, follow, max-snippet:-1, max-image-preview:large, max-video-preview:-1\" \/>\n<meta property=\"og:locale\" content=\"fi_FI\" \/>\n<meta property=\"og:type\" content=\"article\" \/>\n<meta property=\"og:title\" content=\"Yasmin | Luotettava ehk\u00e4isyratkaisu - Transtoyou\" \/>\n<meta property=\"og:description\" content=\"Tutustu Yasminiin, saatavilla Transtoyousta. Hy\u00f6dynn\u00e4 luotettavaa ehk\u00e4isyapua. Osta nyt k\u00e4tev\u00e4sti ja nauti laadukkaista terveydenhuoltoratkaisuista.\" \/>\n<meta property=\"og:url\" content=\"https:\/\/www.transtoyou.com\/fi\/product\/yasmin\/\" \/>\n<meta property=\"og:site_name\" content=\"Transtoyou - FI\" \/>\n<meta property=\"article:modified_time\" content=\"2026-01-23T18:20:39+00:00\" \/>\n<meta name=\"twitter:card\" content=\"summary_large_image\" \/>\n<meta name=\"twitter:label1\" content=\"Arvioitu lukuaika\" \/>\n\t<meta name=\"twitter:data1\" content=\"1 minuutti\" \/>\n<script type=\"application\/ld+json\" class=\"yoast-schema-graph\">{\"@context\":\"https:\/\/schema.org\",\"@graph\":[{\"@type\":\"WebPage\",\"@id\":\"https:\/\/www.transtoyou.com\/fi\/product\/yasmin\/\",\"url\":\"https:\/\/www.transtoyou.com\/fi\/product\/yasmin\/\",\"name\":\"Yasmin | Luotettava ehk\u00e4isyratkaisu - Transtoyou\",\"isPartOf\":{\"@id\":\"https:\/\/www.transtoyou.com\/fi\/#website\"},\"primaryImageOfPage\":{\"@id\":\"https:\/\/www.transtoyou.com\/fi\/product\/yasmin\/#primaryimage\"},\"image\":{\"@id\":\"https:\/\/www.transtoyou.com\/fi\/product\/yasmin\/#primaryimage\"},\"thumbnailUrl\":\"https:\/\/www.transtoyou.com\/fi\/wp-content\/uploads\/sites\/16\/2026\/01\/tty-no-product-image-38.webp\",\"datePublished\":\"2026-01-23T18:19:34+00:00\",\"dateModified\":\"2026-01-23T18:20:39+00:00\",\"description\":\"Tutustu Yasminiin, saatavilla Transtoyousta. Hy\u00f6dynn\u00e4 luotettavaa ehk\u00e4isyapua. Osta nyt k\u00e4tev\u00e4sti ja nauti laadukkaista terveydenhuoltoratkaisuista.\",\"breadcrumb\":{\"@id\":\"https:\/\/www.transtoyou.com\/fi\/product\/yasmin\/#breadcrumb\"},\"inLanguage\":\"fi\",\"potentialAction\":[{\"@type\":\"ReadAction\",\"target\":[\"https:\/\/www.transtoyou.com\/fi\/product\/yasmin\/\"]}]},{\"@type\":\"ImageObject\",\"inLanguage\":\"fi\",\"@id\":\"https:\/\/www.transtoyou.com\/fi\/product\/yasmin\/#primaryimage\",\"url\":\"https:\/\/www.transtoyou.com\/fi\/wp-content\/uploads\/sites\/16\/2026\/01\/tty-no-product-image-38.webp\",\"contentUrl\":\"https:\/\/www.transtoyou.com\/fi\/wp-content\/uploads\/sites\/16\/2026\/01\/tty-no-product-image-38.webp\",\"width\":1000,\"height\":1000,\"caption\":\"Oletusarvoinen tuotekuva\"},{\"@type\":\"WebSite\",\"@id\":\"https:\/\/www.transtoyou.com\/fi\/#website\",\"url\":\"https:\/\/www.transtoyou.com\/fi\/\",\"name\":\"Transtoyou - FI\",\"description\":\"\",\"publisher\":{\"@id\":\"https:\/\/www.transtoyou.com\/fi\/#organization\"},\"potentialAction\":[{\"@type\":\"SearchAction\",\"target\":{\"@type\":\"EntryPoint\",\"urlTemplate\":\"https:\/\/www.transtoyou.com\/fi\/?s={search_term_string}\"},\"query-input\":{\"@type\":\"PropertyValueSpecification\",\"valueRequired\":true,\"valueName\":\"search_term_string\"}}],\"inLanguage\":\"fi\"},{\"@type\":\"Organization\",\"@id\":\"https:\/\/www.transtoyou.com\/fi\/#organization\",\"name\":\"Transtoyou - FI\",\"url\":\"https:\/\/www.transtoyou.com\/fi\/\",\"logo\":{\"@type\":\"ImageObject\",\"inLanguage\":\"fi\",\"@id\":\"https:\/\/www.transtoyou.com\/fi\/#\/schema\/logo\/image\/\",\"url\":\"https:\/\/www.transtoyou.com\/fi\/wp-content\/uploads\/sites\/16\/2026\/01\/logo-tty-menu-bar-300x87-1.webp\",\"contentUrl\":\"https:\/\/www.transtoyou.com\/fi\/wp-content\/uploads\/sites\/16\/2026\/01\/logo-tty-menu-bar-300x87-1.webp\",\"width\":300,\"height\":87,\"caption\":\"Transtoyou - FI\"},\"image\":{\"@id\":\"https:\/\/www.transtoyou.com\/fi\/#\/schema\/logo\/image\/\"}}]}<\/script>\n<!-- \/ Yoast SEO plugin. -->","yoast_head_json":{"title":"Yasmin | Luotettava ehk\u00e4isyratkaisu - Transtoyou","description":"Tutustu Yasminiin, saatavilla Transtoyousta. Hy\u00f6dynn\u00e4 luotettavaa ehk\u00e4isyapua. Osta nyt k\u00e4tev\u00e4sti ja nauti laadukkaista terveydenhuoltoratkaisuista.","robots":{"index":"noindex","follow":"follow","max-snippet":"max-snippet:-1","max-image-preview":"max-image-preview:large","max-video-preview":"max-video-preview:-1"},"og_locale":"fi_FI","og_type":"article","og_title":"Yasmin | Luotettava ehk\u00e4isyratkaisu - Transtoyou","og_description":"Tutustu Yasminiin, saatavilla Transtoyousta. Hy\u00f6dynn\u00e4 luotettavaa ehk\u00e4isyapua. Osta nyt k\u00e4tev\u00e4sti ja nauti laadukkaista terveydenhuoltoratkaisuista.","og_url":"https:\/\/www.transtoyou.com\/fi\/product\/yasmin\/","og_site_name":"Transtoyou - FI","article_modified_time":"2026-01-23T18:20:39+00:00","twitter_card":"summary_large_image","twitter_misc":{"Arvioitu lukuaika":"1 minuutti"},"schema":{"@context":"https:\/\/schema.org","@graph":[{"@type":"WebPage","@id":"https:\/\/www.transtoyou.com\/fi\/product\/yasmin\/","url":"https:\/\/www.transtoyou.com\/fi\/product\/yasmin\/","name":"Yasmin | Luotettava ehk\u00e4isyratkaisu - Transtoyou","isPartOf":{"@id":"https:\/\/www.transtoyou.com\/fi\/#website"},"primaryImageOfPage":{"@id":"https:\/\/www.transtoyou.com\/fi\/product\/yasmin\/#primaryimage"},"image":{"@id":"https:\/\/www.transtoyou.com\/fi\/product\/yasmin\/#primaryimage"},"thumbnailUrl":"https:\/\/www.transtoyou.com\/fi\/wp-content\/uploads\/sites\/16\/2026\/01\/tty-no-product-image-38.webp","datePublished":"2026-01-23T18:19:34+00:00","dateModified":"2026-01-23T18:20:39+00:00","description":"Tutustu Yasminiin, saatavilla Transtoyousta. Hy\u00f6dynn\u00e4 luotettavaa ehk\u00e4isyapua. Osta nyt k\u00e4tev\u00e4sti ja nauti laadukkaista terveydenhuoltoratkaisuista.","breadcrumb":{"@id":"https:\/\/www.transtoyou.com\/fi\/product\/yasmin\/#breadcrumb"},"inLanguage":"fi","potentialAction":[{"@type":"ReadAction","target":["https:\/\/www.transtoyou.com\/fi\/product\/yasmin\/"]}]},{"@type":"ImageObject","inLanguage":"fi","@id":"https:\/\/www.transtoyou.com\/fi\/product\/yasmin\/#primaryimage","url":"https:\/\/www.transtoyou.com\/fi\/wp-content\/uploads\/sites\/16\/2026\/01\/tty-no-product-image-38.webp","contentUrl":"https:\/\/www.transtoyou.com\/fi\/wp-content\/uploads\/sites\/16\/2026\/01\/tty-no-product-image-38.webp","width":1000,"height":1000,"caption":"Oletusarvoinen tuotekuva"},{"@type":"WebSite","@id":"https:\/\/www.transtoyou.com\/fi\/#website","url":"https:\/\/www.transtoyou.com\/fi\/","name":"Transtoyou - FI","description":"","publisher":{"@id":"https:\/\/www.transtoyou.com\/fi\/#organization"},"potentialAction":[{"@type":"SearchAction","target":{"@type":"EntryPoint","urlTemplate":"https:\/\/www.transtoyou.com\/fi\/?s={search_term_string}"},"query-input":{"@type":"PropertyValueSpecification","valueRequired":true,"valueName":"search_term_string"}}],"inLanguage":"fi"},{"@type":"Organization","@id":"https:\/\/www.transtoyou.com\/fi\/#organization","name":"Transtoyou - FI","url":"https:\/\/www.transtoyou.com\/fi\/","logo":{"@type":"ImageObject","inLanguage":"fi","@id":"https:\/\/www.transtoyou.com\/fi\/#\/schema\/logo\/image\/","url":"https:\/\/www.transtoyou.com\/fi\/wp-content\/uploads\/sites\/16\/2026\/01\/logo-tty-menu-bar-300x87-1.webp","contentUrl":"https:\/\/www.transtoyou.com\/fi\/wp-content\/uploads\/sites\/16\/2026\/01\/logo-tty-menu-bar-300x87-1.webp","width":300,"height":87,"caption":"Transtoyou - FI"},"image":{"@id":"https:\/\/www.transtoyou.com\/fi\/#\/schema\/logo\/image\/"}}]}},"_links":{"self":[{"href":"https:\/\/www.transtoyou.com\/fi\/wp-json\/wp\/v2\/product\/601","targetHints":{"allow":["GET"]}}],"collection":[{"href":"https:\/\/www.transtoyou.com\/fi\/wp-json\/wp\/v2\/product"}],"about":[{"href":"https:\/\/www.transtoyou.com\/fi\/wp-json\/wp\/v2\/types\/product"}],"replies":[{"embeddable":true,"href":"https:\/\/www.transtoyou.com\/fi\/wp-json\/wp\/v2\/comments?post=601"}],"wp:featuredmedia":[{"embeddable":true,"href":"https:\/\/www.transtoyou.com\/fi\/wp-json\/wp\/v2\/media\/603"}],"wp:attachment":[{"href":"https:\/\/www.transtoyou.com\/fi\/wp-json\/wp\/v2\/media?parent=601"}],"wp:term":[{"taxonomy":"product_brand","embeddable":true,"href":"https:\/\/www.transtoyou.com\/fi\/wp-json\/wp\/v2\/product_brand?post=601"},{"taxonomy":"product_cat","embeddable":true,"href":"https:\/\/www.transtoyou.com\/fi\/wp-json\/wp\/v2\/product_cat?post=601"},{"taxonomy":"product_tag","embeddable":true,"href":"https:\/\/www.transtoyou.com\/fi\/wp-json\/wp\/v2\/product_tag?post=601"},{"taxonomy":"expert","embeddable":true,"href":"https:\/\/www.transtoyou.com\/fi\/wp-json\/wp\/v2\/expert?post=601"}],"curies":[{"name":"wp","href":"https:\/\/api.w.org\/{rel}","templated":true}]}}