{"id":607,"date":"2026-01-23T18:50:32","date_gmt":"2026-01-23T18:50:32","guid":{"rendered":"https:\/\/www.transtoyou.com\/fi\/product\/famenita\/"},"modified":"2026-01-23T18:51:35","modified_gmt":"2026-01-23T18:51:35","slug":"famenita","status":"publish","type":"product","link":"https:\/\/www.transtoyou.com\/fi\/product\/famenita\/","title":{"rendered":"Famenita"},"content":{"rendered":"<p>Famenita on pehme\u00e4 kapseli, joka sis\u00e4lt\u00e4\u00e4 mikronisoitua progesteronia, kehon tuottamaa luonnollista hormonia. Sit\u00e4 k\u00e4ytet\u00e4\u00e4n tukemaan hormonitasapainoa erilaisissa tilanteissa, kuten hormonihoidossa (HRT), kuukautiskipujen hallinnassa, hedelm\u00e4llisyyshoidossa, vaihdevuosioireiden lievitt\u00e4misess\u00e4 ja endometrioosin hoidossa.<\/p>\n<p>HRT:ss\u00e4 Famenitaa k\u00e4ytet\u00e4\u00e4n yhdess\u00e4 estrogeenin kanssa suojaamaan kohdun limakalvoa henkil\u00f6ill\u00e4, jotka eiv\u00e4t ole k\u00e4yneet hysterektomiassa. Pelkk\u00e4 estrogeeni voi aiheuttaa kohdun limakalvon paksuuntumista, mik\u00e4 voi lis\u00e4t\u00e4 terveysriskej\u00e4. Famenita auttaa vastustamaan t\u00e4t\u00e4 stabiloimalla kohdun limakalvoa.<\/p>\n<p>Hedelm\u00e4llisyyshoidoissa Famenita tukee kuukautiskierron luteaalivaihetta ja auttaa valmistamaan kohtua raskautta varten. Sit\u00e4 voidaan my\u00f6s m\u00e4\u00e4r\u00e4t\u00e4 kivun v\u00e4hent\u00e4miseksi ja kuukautiskiertojen s\u00e4\u00e4nn\u00f6llist\u00e4miseksi endometrioosista tai ep\u00e4s\u00e4\u00e4nn\u00f6llisist\u00e4 kuukautisista k\u00e4rsiville. Vaihdevuosista tai kuukautisia edelt\u00e4vist\u00e4 oireista k\u00e4rsiville Famenita voi lievitt\u00e4\u00e4 mielialan vaihteluita, turvotusta ja muita hormoneihin liittyvi\u00e4 ep\u00e4mukavuuksia.<\/p>\n<p>Famenita on bioidenttist\u00e4, kasvipohjaista progesteronia, jota voidaan ottaa suun kautta tai k\u00e4ytt\u00e4\u00e4 em\u00e4ttimen kautta riippuen k\u00e4ytt\u00f6tarkoituksesta.<\/p>\n","protected":false},"excerpt":{"rendered":"<ul>\n<li>Luonnollinen progesteronikapseli<\/li>\n<li>Tukee HRT:t\u00e4, hedelm\u00e4llisyytt\u00e4 ja kuukautiskierron s\u00e4\u00e4tely\u00e4<\/li>\n<li>Voidaan k\u00e4ytt\u00e4\u00e4 suun kautta tai em\u00e4ttimen kautta<\/li>\n<\/ul>\n","protected":false},"featured_media":609,"comment_status":"open","ping_status":"closed","template":"","meta":[],"product_brand":[],"product_cat":[93,101,120,128,126],"product_tag":[],"expert":[21],"class_list":{"0":"post-607","1":"product","2":"type-product","3":"status-publish","4":"has-post-thumbnail","6":"product_cat-endometrioosi","7":"product_cat-hedelmallisyys-ja-ovulaatio","8":"product_cat-hormonihoito-hrt","9":"product_cat-kivuliaat-kuukautiset","10":"product_cat-vaihdevuosi-ja-pms-helpotus","11":"expert-dr-m-sharoyko","13":"first","14":"instock","15":"shipping-taxable","16":"product-type-variable"},"yoast_head":"<!-- This site is optimized with the Yoast SEO plugin v27.0 - https:\/\/yoast.com\/product\/yoast-seo-wordpress\/ -->\n<title>Famenita | Luonnollinen Hormoni Tuki - Transtoyou<\/title>\n<meta name=\"description\" content=\"Famenita, saatavilla t\u00e4\u00e4lt\u00e4, tukee hormonitasapainoa HRT:ss\u00e4, kuukautiskivun lievityksess\u00e4 ja endometrioosissa. Osta nyt luonnollinen progesteroniratkaisu.\" \/>\n<meta name=\"robots\" content=\"noindex, follow, max-snippet:-1, max-image-preview:large, max-video-preview:-1\" \/>\n<meta property=\"og:locale\" content=\"fi_FI\" \/>\n<meta property=\"og:type\" content=\"article\" \/>\n<meta property=\"og:title\" content=\"Famenita | Luonnollinen Hormoni Tuki - Transtoyou\" \/>\n<meta property=\"og:description\" content=\"Famenita, saatavilla t\u00e4\u00e4lt\u00e4, tukee hormonitasapainoa HRT:ss\u00e4, kuukautiskivun lievityksess\u00e4 ja endometrioosissa. Osta nyt luonnollinen progesteroniratkaisu.\" \/>\n<meta property=\"og:url\" content=\"https:\/\/www.transtoyou.com\/fi\/product\/famenita\/\" \/>\n<meta property=\"og:site_name\" content=\"Transtoyou - FI\" \/>\n<meta property=\"article:modified_time\" content=\"2026-01-23T18:51:35+00:00\" \/>\n<meta name=\"twitter:card\" content=\"summary_large_image\" \/>\n<meta name=\"twitter:label1\" content=\"Arvioitu lukuaika\" \/>\n\t<meta name=\"twitter:data1\" content=\"1 minuutti\" \/>\n<script type=\"application\/ld+json\" class=\"yoast-schema-graph\">{\"@context\":\"https:\/\/schema.org\",\"@graph\":[{\"@type\":\"WebPage\",\"@id\":\"https:\/\/www.transtoyou.com\/fi\/product\/famenita\/\",\"url\":\"https:\/\/www.transtoyou.com\/fi\/product\/famenita\/\",\"name\":\"Famenita | Luonnollinen Hormoni Tuki - Transtoyou\",\"isPartOf\":{\"@id\":\"https:\/\/www.transtoyou.com\/fi\/#website\"},\"primaryImageOfPage\":{\"@id\":\"https:\/\/www.transtoyou.com\/fi\/product\/famenita\/#primaryimage\"},\"image\":{\"@id\":\"https:\/\/www.transtoyou.com\/fi\/product\/famenita\/#primaryimage\"},\"thumbnailUrl\":\"https:\/\/www.transtoyou.com\/fi\/wp-content\/uploads\/sites\/16\/2026\/01\/tty-no-product-image-40.webp\",\"datePublished\":\"2026-01-23T18:50:32+00:00\",\"dateModified\":\"2026-01-23T18:51:35+00:00\",\"description\":\"Famenita, saatavilla t\u00e4\u00e4lt\u00e4, tukee hormonitasapainoa HRT:ss\u00e4, kuukautiskivun lievityksess\u00e4 ja endometrioosissa. Osta nyt luonnollinen progesteroniratkaisu.\",\"breadcrumb\":{\"@id\":\"https:\/\/www.transtoyou.com\/fi\/product\/famenita\/#breadcrumb\"},\"inLanguage\":\"fi\",\"potentialAction\":[{\"@type\":\"ReadAction\",\"target\":[\"https:\/\/www.transtoyou.com\/fi\/product\/famenita\/\"]}]},{\"@type\":\"ImageObject\",\"inLanguage\":\"fi\",\"@id\":\"https:\/\/www.transtoyou.com\/fi\/product\/famenita\/#primaryimage\",\"url\":\"https:\/\/www.transtoyou.com\/fi\/wp-content\/uploads\/sites\/16\/2026\/01\/tty-no-product-image-40.webp\",\"contentUrl\":\"https:\/\/www.transtoyou.com\/fi\/wp-content\/uploads\/sites\/16\/2026\/01\/tty-no-product-image-40.webp\",\"width\":1000,\"height\":1000,\"caption\":\"Oletusarvoinen tuotekuva\"},{\"@type\":\"WebSite\",\"@id\":\"https:\/\/www.transtoyou.com\/fi\/#website\",\"url\":\"https:\/\/www.transtoyou.com\/fi\/\",\"name\":\"Transtoyou - FI\",\"description\":\"\",\"publisher\":{\"@id\":\"https:\/\/www.transtoyou.com\/fi\/#organization\"},\"potentialAction\":[{\"@type\":\"SearchAction\",\"target\":{\"@type\":\"EntryPoint\",\"urlTemplate\":\"https:\/\/www.transtoyou.com\/fi\/?s={search_term_string}\"},\"query-input\":{\"@type\":\"PropertyValueSpecification\",\"valueRequired\":true,\"valueName\":\"search_term_string\"}}],\"inLanguage\":\"fi\"},{\"@type\":\"Organization\",\"@id\":\"https:\/\/www.transtoyou.com\/fi\/#organization\",\"name\":\"Transtoyou - FI\",\"url\":\"https:\/\/www.transtoyou.com\/fi\/\",\"logo\":{\"@type\":\"ImageObject\",\"inLanguage\":\"fi\",\"@id\":\"https:\/\/www.transtoyou.com\/fi\/#\/schema\/logo\/image\/\",\"url\":\"https:\/\/www.transtoyou.com\/fi\/wp-content\/uploads\/sites\/16\/2026\/01\/logo-tty-menu-bar-300x87-1.webp\",\"contentUrl\":\"https:\/\/www.transtoyou.com\/fi\/wp-content\/uploads\/sites\/16\/2026\/01\/logo-tty-menu-bar-300x87-1.webp\",\"width\":300,\"height\":87,\"caption\":\"Transtoyou - FI\"},\"image\":{\"@id\":\"https:\/\/www.transtoyou.com\/fi\/#\/schema\/logo\/image\/\"}}]}<\/script>\n<!-- \/ Yoast SEO plugin. -->","yoast_head_json":{"title":"Famenita | Luonnollinen Hormoni Tuki - Transtoyou","description":"Famenita, saatavilla t\u00e4\u00e4lt\u00e4, tukee hormonitasapainoa HRT:ss\u00e4, kuukautiskivun lievityksess\u00e4 ja endometrioosissa. Osta nyt luonnollinen progesteroniratkaisu.","robots":{"index":"noindex","follow":"follow","max-snippet":"max-snippet:-1","max-image-preview":"max-image-preview:large","max-video-preview":"max-video-preview:-1"},"og_locale":"fi_FI","og_type":"article","og_title":"Famenita | Luonnollinen Hormoni Tuki - Transtoyou","og_description":"Famenita, saatavilla t\u00e4\u00e4lt\u00e4, tukee hormonitasapainoa HRT:ss\u00e4, kuukautiskivun lievityksess\u00e4 ja endometrioosissa. Osta nyt luonnollinen progesteroniratkaisu.","og_url":"https:\/\/www.transtoyou.com\/fi\/product\/famenita\/","og_site_name":"Transtoyou - FI","article_modified_time":"2026-01-23T18:51:35+00:00","twitter_card":"summary_large_image","twitter_misc":{"Arvioitu lukuaika":"1 minuutti"},"schema":{"@context":"https:\/\/schema.org","@graph":[{"@type":"WebPage","@id":"https:\/\/www.transtoyou.com\/fi\/product\/famenita\/","url":"https:\/\/www.transtoyou.com\/fi\/product\/famenita\/","name":"Famenita | Luonnollinen Hormoni Tuki - Transtoyou","isPartOf":{"@id":"https:\/\/www.transtoyou.com\/fi\/#website"},"primaryImageOfPage":{"@id":"https:\/\/www.transtoyou.com\/fi\/product\/famenita\/#primaryimage"},"image":{"@id":"https:\/\/www.transtoyou.com\/fi\/product\/famenita\/#primaryimage"},"thumbnailUrl":"https:\/\/www.transtoyou.com\/fi\/wp-content\/uploads\/sites\/16\/2026\/01\/tty-no-product-image-40.webp","datePublished":"2026-01-23T18:50:32+00:00","dateModified":"2026-01-23T18:51:35+00:00","description":"Famenita, saatavilla t\u00e4\u00e4lt\u00e4, tukee hormonitasapainoa HRT:ss\u00e4, kuukautiskivun lievityksess\u00e4 ja endometrioosissa. Osta nyt luonnollinen progesteroniratkaisu.","breadcrumb":{"@id":"https:\/\/www.transtoyou.com\/fi\/product\/famenita\/#breadcrumb"},"inLanguage":"fi","potentialAction":[{"@type":"ReadAction","target":["https:\/\/www.transtoyou.com\/fi\/product\/famenita\/"]}]},{"@type":"ImageObject","inLanguage":"fi","@id":"https:\/\/www.transtoyou.com\/fi\/product\/famenita\/#primaryimage","url":"https:\/\/www.transtoyou.com\/fi\/wp-content\/uploads\/sites\/16\/2026\/01\/tty-no-product-image-40.webp","contentUrl":"https:\/\/www.transtoyou.com\/fi\/wp-content\/uploads\/sites\/16\/2026\/01\/tty-no-product-image-40.webp","width":1000,"height":1000,"caption":"Oletusarvoinen tuotekuva"},{"@type":"WebSite","@id":"https:\/\/www.transtoyou.com\/fi\/#website","url":"https:\/\/www.transtoyou.com\/fi\/","name":"Transtoyou - FI","description":"","publisher":{"@id":"https:\/\/www.transtoyou.com\/fi\/#organization"},"potentialAction":[{"@type":"SearchAction","target":{"@type":"EntryPoint","urlTemplate":"https:\/\/www.transtoyou.com\/fi\/?s={search_term_string}"},"query-input":{"@type":"PropertyValueSpecification","valueRequired":true,"valueName":"search_term_string"}}],"inLanguage":"fi"},{"@type":"Organization","@id":"https:\/\/www.transtoyou.com\/fi\/#organization","name":"Transtoyou - FI","url":"https:\/\/www.transtoyou.com\/fi\/","logo":{"@type":"ImageObject","inLanguage":"fi","@id":"https:\/\/www.transtoyou.com\/fi\/#\/schema\/logo\/image\/","url":"https:\/\/www.transtoyou.com\/fi\/wp-content\/uploads\/sites\/16\/2026\/01\/logo-tty-menu-bar-300x87-1.webp","contentUrl":"https:\/\/www.transtoyou.com\/fi\/wp-content\/uploads\/sites\/16\/2026\/01\/logo-tty-menu-bar-300x87-1.webp","width":300,"height":87,"caption":"Transtoyou - FI"},"image":{"@id":"https:\/\/www.transtoyou.com\/fi\/#\/schema\/logo\/image\/"}}]}},"_links":{"self":[{"href":"https:\/\/www.transtoyou.com\/fi\/wp-json\/wp\/v2\/product\/607","targetHints":{"allow":["GET"]}}],"collection":[{"href":"https:\/\/www.transtoyou.com\/fi\/wp-json\/wp\/v2\/product"}],"about":[{"href":"https:\/\/www.transtoyou.com\/fi\/wp-json\/wp\/v2\/types\/product"}],"replies":[{"embeddable":true,"href":"https:\/\/www.transtoyou.com\/fi\/wp-json\/wp\/v2\/comments?post=607"}],"wp:featuredmedia":[{"embeddable":true,"href":"https:\/\/www.transtoyou.com\/fi\/wp-json\/wp\/v2\/media\/609"}],"wp:attachment":[{"href":"https:\/\/www.transtoyou.com\/fi\/wp-json\/wp\/v2\/media?parent=607"}],"wp:term":[{"taxonomy":"product_brand","embeddable":true,"href":"https:\/\/www.transtoyou.com\/fi\/wp-json\/wp\/v2\/product_brand?post=607"},{"taxonomy":"product_cat","embeddable":true,"href":"https:\/\/www.transtoyou.com\/fi\/wp-json\/wp\/v2\/product_cat?post=607"},{"taxonomy":"product_tag","embeddable":true,"href":"https:\/\/www.transtoyou.com\/fi\/wp-json\/wp\/v2\/product_tag?post=607"},{"taxonomy":"expert","embeddable":true,"href":"https:\/\/www.transtoyou.com\/fi\/wp-json\/wp\/v2\/expert?post=607"}],"curies":[{"name":"wp","href":"https:\/\/api.w.org\/{rel}","templated":true}]}}