{"id":616,"date":"2026-01-23T19:33:38","date_gmt":"2026-01-23T19:33:38","guid":{"rendered":"https:\/\/www.transtoyou.com\/fi\/product\/mirena\/"},"modified":"2026-01-23T19:34:38","modified_gmt":"2026-01-23T19:34:38","slug":"mirena","status":"publish","type":"product","link":"https:\/\/www.transtoyou.com\/fi\/product\/mirena\/","title":{"rendered":"Mirena"},"content":{"rendered":"<p>Mirena on hormoneita vapauttava kohdunsis\u00e4inen laite, joka tarjoaa pitk\u00e4kestoista ehk\u00e4isy\u00e4 ja jota k\u00e4ytet\u00e4\u00e4n my\u00f6s runsaan kuukautisvuodon v\u00e4hent\u00e4miseen. Se sis\u00e4lt\u00e4\u00e4 levonorgestreeli\u00e4, progestiinia, joka vapautuu hitaasti kohtuun usean vuoden ajan. Kun laite on asetettu, Mirena tarjoaa luotettavaa suojaa raskaudelta jopa viiden vuoden ajan samalla kun se auttaa tukahduttamaan tai kevent\u00e4m\u00e4\u00e4n kuukautisvuotoa.<\/p>\n<p>Laite asetetaan kohtuun lyhyess\u00e4 toimistomenettelyss\u00e4. Se toimii paksuntamalla kohdunkaulan limaa est\u00e4\u00e4kseen siitti\u00f6iden p\u00e4\u00e4syn, muuttamalla kohdun limakalvoa est\u00e4\u00e4kseen kiinnittymisen ja joillakin yksil\u00f6ill\u00e4 se saattaa tukahduttaa ovulaation. Hormoni toimitetaan suoraan kohtuun, joten systeeminen hormonialtistus pysyy alhaisena.<\/p>\n<p>Mirena valitaan usein ei vain ehk\u00e4isyetuuksiensa vuoksi, vaan my\u00f6s sen kyvyn vuoksi v\u00e4hent\u00e4\u00e4 kuukautisvuotoa merkitt\u00e4v\u00e4sti. Monet k\u00e4ytt\u00e4j\u00e4t kokevat kevyempi\u00e4 kuukautisia, ja joissakin tapauksissa kuukautiset loppuvat kokonaan. Sit\u00e4 k\u00e4ytet\u00e4\u00e4n usein henkil\u00f6ill\u00e4, joilla on runsaita tai kivuliaita kuukautisia tai jotka suosivat pitk\u00e4aikaista, v\u00e4h\u00e4n yll\u00e4pitoa vaativaa ratkaisua, joka v\u00e4ltt\u00e4\u00e4 p\u00e4ivitt\u00e4isi\u00e4 pillereit\u00e4.<\/p>\n<p>Koska Mirena on estrogeenia sis\u00e4lt\u00e4m\u00e4t\u00f6n hormonaalinen IUD, se on hyv\u00e4 vaihtoehto niille, jotka eiv\u00e4t voi tai eiv\u00e4t halua k\u00e4ytt\u00e4\u00e4 estrogeenia sis\u00e4lt\u00e4vi\u00e4 ehk\u00e4isyv\u00e4lineit\u00e4. Se voidaan poistaa milloin tahansa, ja hedelm\u00e4llisyys palautuu tyypillisesti nopeasti poiston j\u00e4lkeen.<\/p>\n","protected":false},"excerpt":{"rendered":"<ul>\n<li>Hormonaalinen kierukka jopa 5 vuotta<\/li>\n<li>V\u00e4hent\u00e4\u00e4 tai pys\u00e4ytt\u00e4\u00e4 kuukautiset<\/li>\n<li>Estrogeeni\u00e4 sis\u00e4lt\u00e4m\u00e4t\u00f6n ehk\u00e4isyvaihtoehto<\/li>\n<\/ul>\n","protected":false},"featured_media":617,"comment_status":"open","ping_status":"closed","template":"","meta":[],"product_brand":[],"product_cat":[122,129],"product_tag":[],"expert":[19],"class_list":{"0":"post-616","1":"product","2":"type-product","3":"status-publish","4":"has-post-thumbnail","6":"product_cat-kierukka","7":"product_cat-menstruationin-estaminen","8":"expert-dr-j-vazquez","10":"first","11":"instock","12":"shipping-taxable","13":"product-type-simple"},"yoast_head":"<!-- This site is optimized with the Yoast SEO plugin v27.0 - https:\/\/yoast.com\/product\/yoast-seo-wordpress\/ -->\n<title>Mirena | Tehokas ehk\u00e4isyratkaisu - Transtoyou<\/title>\n<meta name=\"description\" content=\"Mirena: Luotettava ehk\u00e4isyratkaisu saatavilla t\u00e4\u00e4ll\u00e4. Tutustu etuihin ja osta t\u00e4n\u00e4\u00e4n Transtoyou:sta k\u00e4tev\u00e4\u00e4 ja luotettavaa terveydenhuoltoa.\" \/>\n<meta name=\"robots\" content=\"noindex, follow, max-snippet:-1, max-image-preview:large, max-video-preview:-1\" \/>\n<meta property=\"og:locale\" content=\"fi_FI\" \/>\n<meta property=\"og:type\" content=\"article\" \/>\n<meta property=\"og:title\" content=\"Mirena | Tehokas ehk\u00e4isyratkaisu - Transtoyou\" \/>\n<meta property=\"og:description\" content=\"Mirena: Luotettava ehk\u00e4isyratkaisu saatavilla t\u00e4\u00e4ll\u00e4. Tutustu etuihin ja osta t\u00e4n\u00e4\u00e4n Transtoyou:sta k\u00e4tev\u00e4\u00e4 ja luotettavaa terveydenhuoltoa.\" \/>\n<meta property=\"og:url\" content=\"https:\/\/www.transtoyou.com\/fi\/product\/mirena\/\" \/>\n<meta property=\"og:site_name\" content=\"Transtoyou - FI\" \/>\n<meta property=\"article:modified_time\" content=\"2026-01-23T19:34:38+00:00\" \/>\n<meta name=\"twitter:card\" content=\"summary_large_image\" \/>\n<meta name=\"twitter:label1\" content=\"Arvioitu lukuaika\" \/>\n\t<meta name=\"twitter:data1\" content=\"1 minuutti\" \/>\n<script type=\"application\/ld+json\" class=\"yoast-schema-graph\">{\"@context\":\"https:\/\/schema.org\",\"@graph\":[{\"@type\":\"WebPage\",\"@id\":\"https:\/\/www.transtoyou.com\/fi\/product\/mirena\/\",\"url\":\"https:\/\/www.transtoyou.com\/fi\/product\/mirena\/\",\"name\":\"Mirena | Tehokas ehk\u00e4isyratkaisu - Transtoyou\",\"isPartOf\":{\"@id\":\"https:\/\/www.transtoyou.com\/fi\/#website\"},\"primaryImageOfPage\":{\"@id\":\"https:\/\/www.transtoyou.com\/fi\/product\/mirena\/#primaryimage\"},\"image\":{\"@id\":\"https:\/\/www.transtoyou.com\/fi\/product\/mirena\/#primaryimage\"},\"thumbnailUrl\":\"https:\/\/www.transtoyou.com\/fi\/wp-content\/uploads\/sites\/16\/2026\/01\/tty-no-product-image-43.webp\",\"datePublished\":\"2026-01-23T19:33:38+00:00\",\"dateModified\":\"2026-01-23T19:34:38+00:00\",\"description\":\"Mirena: Luotettava ehk\u00e4isyratkaisu saatavilla t\u00e4\u00e4ll\u00e4. Tutustu etuihin ja osta t\u00e4n\u00e4\u00e4n Transtoyou:sta k\u00e4tev\u00e4\u00e4 ja luotettavaa terveydenhuoltoa.\",\"breadcrumb\":{\"@id\":\"https:\/\/www.transtoyou.com\/fi\/product\/mirena\/#breadcrumb\"},\"inLanguage\":\"fi\",\"potentialAction\":[{\"@type\":\"ReadAction\",\"target\":[\"https:\/\/www.transtoyou.com\/fi\/product\/mirena\/\"]}]},{\"@type\":\"ImageObject\",\"inLanguage\":\"fi\",\"@id\":\"https:\/\/www.transtoyou.com\/fi\/product\/mirena\/#primaryimage\",\"url\":\"https:\/\/www.transtoyou.com\/fi\/wp-content\/uploads\/sites\/16\/2026\/01\/tty-no-product-image-43.webp\",\"contentUrl\":\"https:\/\/www.transtoyou.com\/fi\/wp-content\/uploads\/sites\/16\/2026\/01\/tty-no-product-image-43.webp\",\"width\":1000,\"height\":1000,\"caption\":\"Oletusarvoinen tuotekuva\"},{\"@type\":\"WebSite\",\"@id\":\"https:\/\/www.transtoyou.com\/fi\/#website\",\"url\":\"https:\/\/www.transtoyou.com\/fi\/\",\"name\":\"Transtoyou - FI\",\"description\":\"\",\"publisher\":{\"@id\":\"https:\/\/www.transtoyou.com\/fi\/#organization\"},\"potentialAction\":[{\"@type\":\"SearchAction\",\"target\":{\"@type\":\"EntryPoint\",\"urlTemplate\":\"https:\/\/www.transtoyou.com\/fi\/?s={search_term_string}\"},\"query-input\":{\"@type\":\"PropertyValueSpecification\",\"valueRequired\":true,\"valueName\":\"search_term_string\"}}],\"inLanguage\":\"fi\"},{\"@type\":\"Organization\",\"@id\":\"https:\/\/www.transtoyou.com\/fi\/#organization\",\"name\":\"Transtoyou - FI\",\"url\":\"https:\/\/www.transtoyou.com\/fi\/\",\"logo\":{\"@type\":\"ImageObject\",\"inLanguage\":\"fi\",\"@id\":\"https:\/\/www.transtoyou.com\/fi\/#\/schema\/logo\/image\/\",\"url\":\"https:\/\/www.transtoyou.com\/fi\/wp-content\/uploads\/sites\/16\/2026\/01\/logo-tty-menu-bar-300x87-1.webp\",\"contentUrl\":\"https:\/\/www.transtoyou.com\/fi\/wp-content\/uploads\/sites\/16\/2026\/01\/logo-tty-menu-bar-300x87-1.webp\",\"width\":300,\"height\":87,\"caption\":\"Transtoyou - FI\"},\"image\":{\"@id\":\"https:\/\/www.transtoyou.com\/fi\/#\/schema\/logo\/image\/\"}}]}<\/script>\n<!-- \/ Yoast SEO plugin. -->","yoast_head_json":{"title":"Mirena | Tehokas ehk\u00e4isyratkaisu - Transtoyou","description":"Mirena: Luotettava ehk\u00e4isyratkaisu saatavilla t\u00e4\u00e4ll\u00e4. Tutustu etuihin ja osta t\u00e4n\u00e4\u00e4n Transtoyou:sta k\u00e4tev\u00e4\u00e4 ja luotettavaa terveydenhuoltoa.","robots":{"index":"noindex","follow":"follow","max-snippet":"max-snippet:-1","max-image-preview":"max-image-preview:large","max-video-preview":"max-video-preview:-1"},"og_locale":"fi_FI","og_type":"article","og_title":"Mirena | Tehokas ehk\u00e4isyratkaisu - Transtoyou","og_description":"Mirena: Luotettava ehk\u00e4isyratkaisu saatavilla t\u00e4\u00e4ll\u00e4. Tutustu etuihin ja osta t\u00e4n\u00e4\u00e4n Transtoyou:sta k\u00e4tev\u00e4\u00e4 ja luotettavaa terveydenhuoltoa.","og_url":"https:\/\/www.transtoyou.com\/fi\/product\/mirena\/","og_site_name":"Transtoyou - FI","article_modified_time":"2026-01-23T19:34:38+00:00","twitter_card":"summary_large_image","twitter_misc":{"Arvioitu lukuaika":"1 minuutti"},"schema":{"@context":"https:\/\/schema.org","@graph":[{"@type":"WebPage","@id":"https:\/\/www.transtoyou.com\/fi\/product\/mirena\/","url":"https:\/\/www.transtoyou.com\/fi\/product\/mirena\/","name":"Mirena | Tehokas ehk\u00e4isyratkaisu - Transtoyou","isPartOf":{"@id":"https:\/\/www.transtoyou.com\/fi\/#website"},"primaryImageOfPage":{"@id":"https:\/\/www.transtoyou.com\/fi\/product\/mirena\/#primaryimage"},"image":{"@id":"https:\/\/www.transtoyou.com\/fi\/product\/mirena\/#primaryimage"},"thumbnailUrl":"https:\/\/www.transtoyou.com\/fi\/wp-content\/uploads\/sites\/16\/2026\/01\/tty-no-product-image-43.webp","datePublished":"2026-01-23T19:33:38+00:00","dateModified":"2026-01-23T19:34:38+00:00","description":"Mirena: Luotettava ehk\u00e4isyratkaisu saatavilla t\u00e4\u00e4ll\u00e4. Tutustu etuihin ja osta t\u00e4n\u00e4\u00e4n Transtoyou:sta k\u00e4tev\u00e4\u00e4 ja luotettavaa terveydenhuoltoa.","breadcrumb":{"@id":"https:\/\/www.transtoyou.com\/fi\/product\/mirena\/#breadcrumb"},"inLanguage":"fi","potentialAction":[{"@type":"ReadAction","target":["https:\/\/www.transtoyou.com\/fi\/product\/mirena\/"]}]},{"@type":"ImageObject","inLanguage":"fi","@id":"https:\/\/www.transtoyou.com\/fi\/product\/mirena\/#primaryimage","url":"https:\/\/www.transtoyou.com\/fi\/wp-content\/uploads\/sites\/16\/2026\/01\/tty-no-product-image-43.webp","contentUrl":"https:\/\/www.transtoyou.com\/fi\/wp-content\/uploads\/sites\/16\/2026\/01\/tty-no-product-image-43.webp","width":1000,"height":1000,"caption":"Oletusarvoinen tuotekuva"},{"@type":"WebSite","@id":"https:\/\/www.transtoyou.com\/fi\/#website","url":"https:\/\/www.transtoyou.com\/fi\/","name":"Transtoyou - FI","description":"","publisher":{"@id":"https:\/\/www.transtoyou.com\/fi\/#organization"},"potentialAction":[{"@type":"SearchAction","target":{"@type":"EntryPoint","urlTemplate":"https:\/\/www.transtoyou.com\/fi\/?s={search_term_string}"},"query-input":{"@type":"PropertyValueSpecification","valueRequired":true,"valueName":"search_term_string"}}],"inLanguage":"fi"},{"@type":"Organization","@id":"https:\/\/www.transtoyou.com\/fi\/#organization","name":"Transtoyou - FI","url":"https:\/\/www.transtoyou.com\/fi\/","logo":{"@type":"ImageObject","inLanguage":"fi","@id":"https:\/\/www.transtoyou.com\/fi\/#\/schema\/logo\/image\/","url":"https:\/\/www.transtoyou.com\/fi\/wp-content\/uploads\/sites\/16\/2026\/01\/logo-tty-menu-bar-300x87-1.webp","contentUrl":"https:\/\/www.transtoyou.com\/fi\/wp-content\/uploads\/sites\/16\/2026\/01\/logo-tty-menu-bar-300x87-1.webp","width":300,"height":87,"caption":"Transtoyou - FI"},"image":{"@id":"https:\/\/www.transtoyou.com\/fi\/#\/schema\/logo\/image\/"}}]}},"_links":{"self":[{"href":"https:\/\/www.transtoyou.com\/fi\/wp-json\/wp\/v2\/product\/616","targetHints":{"allow":["GET"]}}],"collection":[{"href":"https:\/\/www.transtoyou.com\/fi\/wp-json\/wp\/v2\/product"}],"about":[{"href":"https:\/\/www.transtoyou.com\/fi\/wp-json\/wp\/v2\/types\/product"}],"replies":[{"embeddable":true,"href":"https:\/\/www.transtoyou.com\/fi\/wp-json\/wp\/v2\/comments?post=616"}],"wp:featuredmedia":[{"embeddable":true,"href":"https:\/\/www.transtoyou.com\/fi\/wp-json\/wp\/v2\/media\/617"}],"wp:attachment":[{"href":"https:\/\/www.transtoyou.com\/fi\/wp-json\/wp\/v2\/media?parent=616"}],"wp:term":[{"taxonomy":"product_brand","embeddable":true,"href":"https:\/\/www.transtoyou.com\/fi\/wp-json\/wp\/v2\/product_brand?post=616"},{"taxonomy":"product_cat","embeddable":true,"href":"https:\/\/www.transtoyou.com\/fi\/wp-json\/wp\/v2\/product_cat?post=616"},{"taxonomy":"product_tag","embeddable":true,"href":"https:\/\/www.transtoyou.com\/fi\/wp-json\/wp\/v2\/product_tag?post=616"},{"taxonomy":"expert","embeddable":true,"href":"https:\/\/www.transtoyou.com\/fi\/wp-json\/wp\/v2\/expert?post=616"}],"curies":[{"name":"wp","href":"https:\/\/api.w.org\/{rel}","templated":true}]}}