{"id":618,"date":"2026-01-23T19:47:42","date_gmt":"2026-01-23T19:47:42","guid":{"rendered":"https:\/\/www.transtoyou.com\/fi\/product\/kyleena\/"},"modified":"2026-01-23T19:48:41","modified_gmt":"2026-01-23T19:48:41","slug":"kyleena","status":"publish","type":"product","link":"https:\/\/www.transtoyou.com\/fi\/product\/kyleena\/","title":{"rendered":"Kyleena"},"content":{"rendered":"<p>Kyleena on pieni, joustava kohdunsis\u00e4inen laite, joka vapauttaa alhaisen annoksen levonorgestreeli\u00e4 suoraan kohtuun. Se tarjoaa pitk\u00e4vaikutteista palautuvaa ehk\u00e4isy\u00e4 jopa viideksi vuodeksi ja kuuluu tehokkaimpiin ehk\u00e4isymenetelmiin, joita on saatavilla. Kun se on asetettu, Kyleena toimii jatkuvasti ilman p\u00e4ivitt\u00e4ist\u00e4 huomiota.<\/p>\n<p>Laite asetetaan kohtuun yksinkertaisessa toimenpiteess\u00e4. Se vapauttaa hitaasti levonorgestreeli\u00e4, joka paksuntaa kohdunkaulan limaa est\u00e4\u00e4kseen siitti\u00f6it\u00e4 p\u00e4\u00e4sem\u00e4st\u00e4 munasoluun ja voi my\u00f6s est\u00e4\u00e4 ovulaation joillakin ihmisill\u00e4. Hormonia vapautuu paikallisesti pienin\u00e4 m\u00e4\u00e4rin\u00e4, mik\u00e4 v\u00e4hent\u00e4\u00e4 systeemisten haittavaikutusten todenn\u00e4k\u00f6isyytt\u00e4.<\/p>\n<p>Kyleena on pienempi kuin jotkut muut kohdunsis\u00e4iset laitteet ja sit\u00e4 valitsevat usein henkil\u00f6t, jotka suosivat alhaisen annoksen hormonaalista vaihtoehtoa tai jotka eiv\u00e4t ole saaneet lapsia. Se on tehokas 24 tunnin kuluessa asettamisesta ja voidaan poistaa milloin tahansa, jolloin hedelm\u00e4llisyys palautuu nopeasti. Toisin kuin p\u00e4ivitt\u00e4iset pillerit tai injektiot, Kyleena tarjoaa jatkuvaa suojaa ilman, ett\u00e4 k\u00e4ytt\u00e4j\u00e4n tarvitsee toimia s\u00e4\u00e4nn\u00f6llisesti.<\/p>\n<p>T\u00e4m\u00e4 kohdunsis\u00e4inen laite on huomaamaton ja eritt\u00e4in luotettava ehk\u00e4isymenetelm\u00e4, joka mahdollistaa k\u00e4ytt\u00e4jien v\u00e4ltt\u00e4\u00e4 estrogeeni\u00e4 ja valita pitk\u00e4aikaisen, v\u00e4h\u00e4n yll\u00e4pitoa vaativan ratkaisun. Kyleena ei sis\u00e4ll\u00e4 kuparia eik\u00e4 sit\u00e4 ole tarkoitettu h\u00e4t\u00e4ehk\u00e4isyyn. Voit pyyt\u00e4\u00e4 Kyleenaa Transtoyousta, mutta sinun on varattava aika ammattilaiselle, joka voi asentaa kohdunsis\u00e4isen laitteen puolestasi.<\/p>\n","protected":false},"excerpt":{"rendered":"<ul>\n<li>Pitk\u00e4vaikutteinen hormonaalinen kierukka<\/li>\n<li>Tehokas jopa viisi vuotta<\/li>\n<li>Alhainen annos ja estrogeeniton<\/li>\n<\/ul>\n","protected":false},"featured_media":620,"comment_status":"open","ping_status":"closed","template":"","meta":[],"product_brand":[],"product_cat":[122,129],"product_tag":[],"expert":[19],"class_list":{"0":"post-618","1":"product","2":"type-product","3":"status-publish","4":"has-post-thumbnail","6":"product_cat-kierukka","7":"product_cat-menstruationin-estaminen","8":"expert-dr-j-vazquez","10":"first","11":"instock","12":"shipping-taxable","13":"product-type-variable"},"yoast_head":"<!-- This site is optimized with the Yoast SEO plugin v27.0 - https:\/\/yoast.com\/product\/yoast-seo-wordpress\/ -->\n<title>Kyleena | Tehokas Pitk\u00e4aikainen Ehk\u00e4isy - Transtoyou<\/title>\n<meta name=\"description\" content=\"Kyleena, saatavilla Transtoyou, tarjoaa luotettavaa ja pitk\u00e4aikaista ehk\u00e4isy\u00e4. Tutustu sen etuihin t\u00e4n\u00e4\u00e4n perhesuunnittelun tarpeisiisi.\" \/>\n<meta name=\"robots\" content=\"noindex, follow, max-snippet:-1, max-image-preview:large, max-video-preview:-1\" \/>\n<meta property=\"og:locale\" content=\"fi_FI\" \/>\n<meta property=\"og:type\" content=\"article\" \/>\n<meta property=\"og:title\" content=\"Kyleena | Tehokas Pitk\u00e4aikainen Ehk\u00e4isy - Transtoyou\" \/>\n<meta property=\"og:description\" content=\"Kyleena, saatavilla Transtoyou, tarjoaa luotettavaa ja pitk\u00e4aikaista ehk\u00e4isy\u00e4. Tutustu sen etuihin t\u00e4n\u00e4\u00e4n perhesuunnittelun tarpeisiisi.\" \/>\n<meta property=\"og:url\" content=\"https:\/\/www.transtoyou.com\/fi\/product\/kyleena\/\" \/>\n<meta property=\"og:site_name\" content=\"Transtoyou - FI\" \/>\n<meta property=\"article:modified_time\" content=\"2026-01-23T19:48:41+00:00\" \/>\n<meta name=\"twitter:card\" content=\"summary_large_image\" \/>\n<meta name=\"twitter:label1\" content=\"Arvioitu lukuaika\" \/>\n\t<meta name=\"twitter:data1\" content=\"1 minuutti\" \/>\n<script type=\"application\/ld+json\" class=\"yoast-schema-graph\">{\"@context\":\"https:\/\/schema.org\",\"@graph\":[{\"@type\":\"WebPage\",\"@id\":\"https:\/\/www.transtoyou.com\/fi\/product\/kyleena\/\",\"url\":\"https:\/\/www.transtoyou.com\/fi\/product\/kyleena\/\",\"name\":\"Kyleena | Tehokas Pitk\u00e4aikainen Ehk\u00e4isy - Transtoyou\",\"isPartOf\":{\"@id\":\"https:\/\/www.transtoyou.com\/fi\/#website\"},\"primaryImageOfPage\":{\"@id\":\"https:\/\/www.transtoyou.com\/fi\/product\/kyleena\/#primaryimage\"},\"image\":{\"@id\":\"https:\/\/www.transtoyou.com\/fi\/product\/kyleena\/#primaryimage\"},\"thumbnailUrl\":\"https:\/\/www.transtoyou.com\/fi\/wp-content\/uploads\/sites\/16\/2026\/01\/tty-no-product-image-44.webp\",\"datePublished\":\"2026-01-23T19:47:42+00:00\",\"dateModified\":\"2026-01-23T19:48:41+00:00\",\"description\":\"Kyleena, saatavilla Transtoyou, tarjoaa luotettavaa ja pitk\u00e4aikaista ehk\u00e4isy\u00e4. Tutustu sen etuihin t\u00e4n\u00e4\u00e4n perhesuunnittelun tarpeisiisi.\",\"breadcrumb\":{\"@id\":\"https:\/\/www.transtoyou.com\/fi\/product\/kyleena\/#breadcrumb\"},\"inLanguage\":\"fi\",\"potentialAction\":[{\"@type\":\"ReadAction\",\"target\":[\"https:\/\/www.transtoyou.com\/fi\/product\/kyleena\/\"]}]},{\"@type\":\"ImageObject\",\"inLanguage\":\"fi\",\"@id\":\"https:\/\/www.transtoyou.com\/fi\/product\/kyleena\/#primaryimage\",\"url\":\"https:\/\/www.transtoyou.com\/fi\/wp-content\/uploads\/sites\/16\/2026\/01\/tty-no-product-image-44.webp\",\"contentUrl\":\"https:\/\/www.transtoyou.com\/fi\/wp-content\/uploads\/sites\/16\/2026\/01\/tty-no-product-image-44.webp\",\"width\":1000,\"height\":1000,\"caption\":\"Oletusarvoinen tuotekuva\"},{\"@type\":\"WebSite\",\"@id\":\"https:\/\/www.transtoyou.com\/fi\/#website\",\"url\":\"https:\/\/www.transtoyou.com\/fi\/\",\"name\":\"Transtoyou - FI\",\"description\":\"\",\"publisher\":{\"@id\":\"https:\/\/www.transtoyou.com\/fi\/#organization\"},\"potentialAction\":[{\"@type\":\"SearchAction\",\"target\":{\"@type\":\"EntryPoint\",\"urlTemplate\":\"https:\/\/www.transtoyou.com\/fi\/?s={search_term_string}\"},\"query-input\":{\"@type\":\"PropertyValueSpecification\",\"valueRequired\":true,\"valueName\":\"search_term_string\"}}],\"inLanguage\":\"fi\"},{\"@type\":\"Organization\",\"@id\":\"https:\/\/www.transtoyou.com\/fi\/#organization\",\"name\":\"Transtoyou - FI\",\"url\":\"https:\/\/www.transtoyou.com\/fi\/\",\"logo\":{\"@type\":\"ImageObject\",\"inLanguage\":\"fi\",\"@id\":\"https:\/\/www.transtoyou.com\/fi\/#\/schema\/logo\/image\/\",\"url\":\"https:\/\/www.transtoyou.com\/fi\/wp-content\/uploads\/sites\/16\/2026\/01\/logo-tty-menu-bar-300x87-1.webp\",\"contentUrl\":\"https:\/\/www.transtoyou.com\/fi\/wp-content\/uploads\/sites\/16\/2026\/01\/logo-tty-menu-bar-300x87-1.webp\",\"width\":300,\"height\":87,\"caption\":\"Transtoyou - FI\"},\"image\":{\"@id\":\"https:\/\/www.transtoyou.com\/fi\/#\/schema\/logo\/image\/\"}}]}<\/script>\n<!-- \/ Yoast SEO plugin. -->","yoast_head_json":{"title":"Kyleena | Tehokas Pitk\u00e4aikainen Ehk\u00e4isy - Transtoyou","description":"Kyleena, saatavilla Transtoyou, tarjoaa luotettavaa ja pitk\u00e4aikaista ehk\u00e4isy\u00e4. Tutustu sen etuihin t\u00e4n\u00e4\u00e4n perhesuunnittelun tarpeisiisi.","robots":{"index":"noindex","follow":"follow","max-snippet":"max-snippet:-1","max-image-preview":"max-image-preview:large","max-video-preview":"max-video-preview:-1"},"og_locale":"fi_FI","og_type":"article","og_title":"Kyleena | Tehokas Pitk\u00e4aikainen Ehk\u00e4isy - Transtoyou","og_description":"Kyleena, saatavilla Transtoyou, tarjoaa luotettavaa ja pitk\u00e4aikaista ehk\u00e4isy\u00e4. Tutustu sen etuihin t\u00e4n\u00e4\u00e4n perhesuunnittelun tarpeisiisi.","og_url":"https:\/\/www.transtoyou.com\/fi\/product\/kyleena\/","og_site_name":"Transtoyou - FI","article_modified_time":"2026-01-23T19:48:41+00:00","twitter_card":"summary_large_image","twitter_misc":{"Arvioitu lukuaika":"1 minuutti"},"schema":{"@context":"https:\/\/schema.org","@graph":[{"@type":"WebPage","@id":"https:\/\/www.transtoyou.com\/fi\/product\/kyleena\/","url":"https:\/\/www.transtoyou.com\/fi\/product\/kyleena\/","name":"Kyleena | Tehokas Pitk\u00e4aikainen Ehk\u00e4isy - Transtoyou","isPartOf":{"@id":"https:\/\/www.transtoyou.com\/fi\/#website"},"primaryImageOfPage":{"@id":"https:\/\/www.transtoyou.com\/fi\/product\/kyleena\/#primaryimage"},"image":{"@id":"https:\/\/www.transtoyou.com\/fi\/product\/kyleena\/#primaryimage"},"thumbnailUrl":"https:\/\/www.transtoyou.com\/fi\/wp-content\/uploads\/sites\/16\/2026\/01\/tty-no-product-image-44.webp","datePublished":"2026-01-23T19:47:42+00:00","dateModified":"2026-01-23T19:48:41+00:00","description":"Kyleena, saatavilla Transtoyou, tarjoaa luotettavaa ja pitk\u00e4aikaista ehk\u00e4isy\u00e4. Tutustu sen etuihin t\u00e4n\u00e4\u00e4n perhesuunnittelun tarpeisiisi.","breadcrumb":{"@id":"https:\/\/www.transtoyou.com\/fi\/product\/kyleena\/#breadcrumb"},"inLanguage":"fi","potentialAction":[{"@type":"ReadAction","target":["https:\/\/www.transtoyou.com\/fi\/product\/kyleena\/"]}]},{"@type":"ImageObject","inLanguage":"fi","@id":"https:\/\/www.transtoyou.com\/fi\/product\/kyleena\/#primaryimage","url":"https:\/\/www.transtoyou.com\/fi\/wp-content\/uploads\/sites\/16\/2026\/01\/tty-no-product-image-44.webp","contentUrl":"https:\/\/www.transtoyou.com\/fi\/wp-content\/uploads\/sites\/16\/2026\/01\/tty-no-product-image-44.webp","width":1000,"height":1000,"caption":"Oletusarvoinen tuotekuva"},{"@type":"WebSite","@id":"https:\/\/www.transtoyou.com\/fi\/#website","url":"https:\/\/www.transtoyou.com\/fi\/","name":"Transtoyou - FI","description":"","publisher":{"@id":"https:\/\/www.transtoyou.com\/fi\/#organization"},"potentialAction":[{"@type":"SearchAction","target":{"@type":"EntryPoint","urlTemplate":"https:\/\/www.transtoyou.com\/fi\/?s={search_term_string}"},"query-input":{"@type":"PropertyValueSpecification","valueRequired":true,"valueName":"search_term_string"}}],"inLanguage":"fi"},{"@type":"Organization","@id":"https:\/\/www.transtoyou.com\/fi\/#organization","name":"Transtoyou - FI","url":"https:\/\/www.transtoyou.com\/fi\/","logo":{"@type":"ImageObject","inLanguage":"fi","@id":"https:\/\/www.transtoyou.com\/fi\/#\/schema\/logo\/image\/","url":"https:\/\/www.transtoyou.com\/fi\/wp-content\/uploads\/sites\/16\/2026\/01\/logo-tty-menu-bar-300x87-1.webp","contentUrl":"https:\/\/www.transtoyou.com\/fi\/wp-content\/uploads\/sites\/16\/2026\/01\/logo-tty-menu-bar-300x87-1.webp","width":300,"height":87,"caption":"Transtoyou - FI"},"image":{"@id":"https:\/\/www.transtoyou.com\/fi\/#\/schema\/logo\/image\/"}}]}},"_links":{"self":[{"href":"https:\/\/www.transtoyou.com\/fi\/wp-json\/wp\/v2\/product\/618","targetHints":{"allow":["GET"]}}],"collection":[{"href":"https:\/\/www.transtoyou.com\/fi\/wp-json\/wp\/v2\/product"}],"about":[{"href":"https:\/\/www.transtoyou.com\/fi\/wp-json\/wp\/v2\/types\/product"}],"replies":[{"embeddable":true,"href":"https:\/\/www.transtoyou.com\/fi\/wp-json\/wp\/v2\/comments?post=618"}],"wp:featuredmedia":[{"embeddable":true,"href":"https:\/\/www.transtoyou.com\/fi\/wp-json\/wp\/v2\/media\/620"}],"wp:attachment":[{"href":"https:\/\/www.transtoyou.com\/fi\/wp-json\/wp\/v2\/media?parent=618"}],"wp:term":[{"taxonomy":"product_brand","embeddable":true,"href":"https:\/\/www.transtoyou.com\/fi\/wp-json\/wp\/v2\/product_brand?post=618"},{"taxonomy":"product_cat","embeddable":true,"href":"https:\/\/www.transtoyou.com\/fi\/wp-json\/wp\/v2\/product_cat?post=618"},{"taxonomy":"product_tag","embeddable":true,"href":"https:\/\/www.transtoyou.com\/fi\/wp-json\/wp\/v2\/product_tag?post=618"},{"taxonomy":"expert","embeddable":true,"href":"https:\/\/www.transtoyou.com\/fi\/wp-json\/wp\/v2\/expert?post=618"}],"curies":[{"name":"wp","href":"https:\/\/api.w.org\/{rel}","templated":true}]}}