{"id":621,"date":"2026-01-23T20:02:38","date_gmt":"2026-01-23T20:02:38","guid":{"rendered":"https:\/\/www.transtoyou.com\/fi\/product\/zumenon\/"},"modified":"2026-01-23T20:03:43","modified_gmt":"2026-01-23T20:03:43","slug":"zumenon","status":"publish","type":"product","link":"https:\/\/www.transtoyou.com\/fi\/product\/zumenon\/","title":{"rendered":"Zumenon"},"content":{"rendered":"<p>Zumenon on reseptil\u00e4\u00e4ke hormonihoitoon. Jokainen tabletti sis\u00e4lt\u00e4\u00e4 estradiolia, joka on kehon luonnollisesti tuottaman estrogeenin kaltainen muoto. Sit\u00e4 k\u00e4ytet\u00e4\u00e4n estrogeenivajeen oireiden hoitoon vaihdevuosiin siirtyneill\u00e4 henkil\u00f6ill\u00e4, ja sit\u00e4 voidaan my\u00f6s k\u00e4ytt\u00e4\u00e4 estrogeeni- ja naisellistavan hormonihoidon yhteydess\u00e4.<\/p>\n<p>Vaihdevuosien aikana Zumenon auttaa v\u00e4hent\u00e4m\u00e4\u00e4n oireita, kuten kuumia aaltoja, \u00f6isi\u00e4 hikoiluja, mielialan vaihteluita ja em\u00e4ttimen kuivuutta. N\u00e4m\u00e4 oireet johtuvat usein estrogeenitasojen laskusta. Palauttamalla estradiolitasot Zumenon tukee hormonaalista tasapainoa ja parantaa mukavuutta vaihdevuosien j\u00e4lkeisen\u00e4 aikana.<\/p>\n<p>Zumenonia k\u00e4ytet\u00e4\u00e4n my\u00f6s sukupuolta vahvistavassa hormonihoidossa. Transnaisilla Zumenonin estradioli voi tukea naisellisia fyysisi\u00e4 muutoksia, kuten rasvan jakautumista, ihon pehmenemist\u00e4 ja rintakeh\u00e4n kehityst\u00e4. Suun kautta otettava muoto voi olla mieluisampi henkil\u00f6ille, jotka haluavat yksinkertaisen ja tutun annostelumenetelm\u00e4n.<\/p>\n<p>Zumenon otetaan tyypillisesti kerran p\u00e4iv\u00e4ss\u00e4, ja annostusta voidaan s\u00e4\u00e4t\u00e4\u00e4 yksil\u00f6llisten hoitotavoitteiden mukaan. Sit\u00e4 voidaan k\u00e4ytt\u00e4\u00e4 yksin\u00e4\u00e4n tai yhdess\u00e4 progesteronin kanssa henkil\u00f6ill\u00e4, joilla on kohtu. Olipa kyse vaihdevuosista tai sukupuolimuutoksesta, Zumenon tarjoaa suoraviivaisen tavan t\u00e4ydent\u00e4\u00e4 estrogeenitasoja ja tukea pitk\u00e4aikaista hormonaalista tasapainoa.<\/p>\n","protected":false},"excerpt":{"rendered":"<ul>\n<li>P\u00e4ivitt\u00e4inen suun kautta otettava estrogeeni-tabletti<\/li>\n<li>K\u00e4ytet\u00e4\u00e4n vaihdevuosien ja siirtym\u00e4vaiheen aikana<\/li>\n<li>Tukee hormonaalista tasapainoa<\/li>\n<\/ul>\n","protected":false},"featured_media":623,"comment_status":"open","ping_status":"closed","template":"","meta":[],"product_brand":[],"product_cat":[97,120],"product_tag":[],"expert":[19],"class_list":{"0":"post-621","1":"product","2":"type-product","3":"status-publish","4":"has-post-thumbnail","6":"product_cat-estrogeeni-ja-feminiininen-terapia","7":"product_cat-hormonihoito-hrt","8":"expert-dr-j-vazquez","10":"first","11":"instock","12":"shipping-taxable","13":"product-type-variable"},"yoast_head":"<!-- This site is optimized with the Yoast SEO plugin v27.0 - https:\/\/yoast.com\/product\/yoast-seo-wordpress\/ -->\n<title>Zumenon | Hormonaalisen Tasapainon Tuki - Transtoyou<\/title>\n<meta name=\"description\" content=\"Zumenon, saatavilla t\u00e4\u00e4lt\u00e4, tarjoaa hormoniterapian etuja. Osta nyt tehokasta helpotusta ja parannettua hyvinvointia Transtoyoun luotettavalla palvelulla.\" \/>\n<meta name=\"robots\" content=\"noindex, follow, max-snippet:-1, max-image-preview:large, max-video-preview:-1\" \/>\n<meta property=\"og:locale\" content=\"fi_FI\" \/>\n<meta property=\"og:type\" content=\"article\" \/>\n<meta property=\"og:title\" content=\"Zumenon | Hormonaalisen Tasapainon Tuki - Transtoyou\" \/>\n<meta property=\"og:description\" content=\"Zumenon, saatavilla t\u00e4\u00e4lt\u00e4, tarjoaa hormoniterapian etuja. Osta nyt tehokasta helpotusta ja parannettua hyvinvointia Transtoyoun luotettavalla palvelulla.\" \/>\n<meta property=\"og:url\" content=\"https:\/\/www.transtoyou.com\/fi\/product\/zumenon\/\" \/>\n<meta property=\"og:site_name\" content=\"Transtoyou - FI\" \/>\n<meta property=\"article:modified_time\" content=\"2026-01-23T20:03:43+00:00\" \/>\n<meta name=\"twitter:card\" content=\"summary_large_image\" \/>\n<meta name=\"twitter:label1\" content=\"Arvioitu lukuaika\" \/>\n\t<meta name=\"twitter:data1\" content=\"1 minuutti\" \/>\n<script type=\"application\/ld+json\" class=\"yoast-schema-graph\">{\"@context\":\"https:\/\/schema.org\",\"@graph\":[{\"@type\":\"WebPage\",\"@id\":\"https:\/\/www.transtoyou.com\/fi\/product\/zumenon\/\",\"url\":\"https:\/\/www.transtoyou.com\/fi\/product\/zumenon\/\",\"name\":\"Zumenon | Hormonaalisen Tasapainon Tuki - Transtoyou\",\"isPartOf\":{\"@id\":\"https:\/\/www.transtoyou.com\/fi\/#website\"},\"primaryImageOfPage\":{\"@id\":\"https:\/\/www.transtoyou.com\/fi\/product\/zumenon\/#primaryimage\"},\"image\":{\"@id\":\"https:\/\/www.transtoyou.com\/fi\/product\/zumenon\/#primaryimage\"},\"thumbnailUrl\":\"https:\/\/www.transtoyou.com\/fi\/wp-content\/uploads\/sites\/16\/2026\/01\/tty-no-product-image-45.webp\",\"datePublished\":\"2026-01-23T20:02:38+00:00\",\"dateModified\":\"2026-01-23T20:03:43+00:00\",\"description\":\"Zumenon, saatavilla t\u00e4\u00e4lt\u00e4, tarjoaa hormoniterapian etuja. Osta nyt tehokasta helpotusta ja parannettua hyvinvointia Transtoyoun luotettavalla palvelulla.\",\"breadcrumb\":{\"@id\":\"https:\/\/www.transtoyou.com\/fi\/product\/zumenon\/#breadcrumb\"},\"inLanguage\":\"fi\",\"potentialAction\":[{\"@type\":\"ReadAction\",\"target\":[\"https:\/\/www.transtoyou.com\/fi\/product\/zumenon\/\"]}]},{\"@type\":\"ImageObject\",\"inLanguage\":\"fi\",\"@id\":\"https:\/\/www.transtoyou.com\/fi\/product\/zumenon\/#primaryimage\",\"url\":\"https:\/\/www.transtoyou.com\/fi\/wp-content\/uploads\/sites\/16\/2026\/01\/tty-no-product-image-45.webp\",\"contentUrl\":\"https:\/\/www.transtoyou.com\/fi\/wp-content\/uploads\/sites\/16\/2026\/01\/tty-no-product-image-45.webp\",\"width\":1000,\"height\":1000,\"caption\":\"Oletusarvoinen tuotekuva\"},{\"@type\":\"WebSite\",\"@id\":\"https:\/\/www.transtoyou.com\/fi\/#website\",\"url\":\"https:\/\/www.transtoyou.com\/fi\/\",\"name\":\"Transtoyou - FI\",\"description\":\"\",\"publisher\":{\"@id\":\"https:\/\/www.transtoyou.com\/fi\/#organization\"},\"potentialAction\":[{\"@type\":\"SearchAction\",\"target\":{\"@type\":\"EntryPoint\",\"urlTemplate\":\"https:\/\/www.transtoyou.com\/fi\/?s={search_term_string}\"},\"query-input\":{\"@type\":\"PropertyValueSpecification\",\"valueRequired\":true,\"valueName\":\"search_term_string\"}}],\"inLanguage\":\"fi\"},{\"@type\":\"Organization\",\"@id\":\"https:\/\/www.transtoyou.com\/fi\/#organization\",\"name\":\"Transtoyou - FI\",\"url\":\"https:\/\/www.transtoyou.com\/fi\/\",\"logo\":{\"@type\":\"ImageObject\",\"inLanguage\":\"fi\",\"@id\":\"https:\/\/www.transtoyou.com\/fi\/#\/schema\/logo\/image\/\",\"url\":\"https:\/\/www.transtoyou.com\/fi\/wp-content\/uploads\/sites\/16\/2026\/01\/logo-tty-menu-bar-300x87-1.webp\",\"contentUrl\":\"https:\/\/www.transtoyou.com\/fi\/wp-content\/uploads\/sites\/16\/2026\/01\/logo-tty-menu-bar-300x87-1.webp\",\"width\":300,\"height\":87,\"caption\":\"Transtoyou - FI\"},\"image\":{\"@id\":\"https:\/\/www.transtoyou.com\/fi\/#\/schema\/logo\/image\/\"}}]}<\/script>\n<!-- \/ Yoast SEO plugin. -->","yoast_head_json":{"title":"Zumenon | Hormonaalisen Tasapainon Tuki - Transtoyou","description":"Zumenon, saatavilla t\u00e4\u00e4lt\u00e4, tarjoaa hormoniterapian etuja. Osta nyt tehokasta helpotusta ja parannettua hyvinvointia Transtoyoun luotettavalla palvelulla.","robots":{"index":"noindex","follow":"follow","max-snippet":"max-snippet:-1","max-image-preview":"max-image-preview:large","max-video-preview":"max-video-preview:-1"},"og_locale":"fi_FI","og_type":"article","og_title":"Zumenon | Hormonaalisen Tasapainon Tuki - Transtoyou","og_description":"Zumenon, saatavilla t\u00e4\u00e4lt\u00e4, tarjoaa hormoniterapian etuja. Osta nyt tehokasta helpotusta ja parannettua hyvinvointia Transtoyoun luotettavalla palvelulla.","og_url":"https:\/\/www.transtoyou.com\/fi\/product\/zumenon\/","og_site_name":"Transtoyou - FI","article_modified_time":"2026-01-23T20:03:43+00:00","twitter_card":"summary_large_image","twitter_misc":{"Arvioitu lukuaika":"1 minuutti"},"schema":{"@context":"https:\/\/schema.org","@graph":[{"@type":"WebPage","@id":"https:\/\/www.transtoyou.com\/fi\/product\/zumenon\/","url":"https:\/\/www.transtoyou.com\/fi\/product\/zumenon\/","name":"Zumenon | Hormonaalisen Tasapainon Tuki - Transtoyou","isPartOf":{"@id":"https:\/\/www.transtoyou.com\/fi\/#website"},"primaryImageOfPage":{"@id":"https:\/\/www.transtoyou.com\/fi\/product\/zumenon\/#primaryimage"},"image":{"@id":"https:\/\/www.transtoyou.com\/fi\/product\/zumenon\/#primaryimage"},"thumbnailUrl":"https:\/\/www.transtoyou.com\/fi\/wp-content\/uploads\/sites\/16\/2026\/01\/tty-no-product-image-45.webp","datePublished":"2026-01-23T20:02:38+00:00","dateModified":"2026-01-23T20:03:43+00:00","description":"Zumenon, saatavilla t\u00e4\u00e4lt\u00e4, tarjoaa hormoniterapian etuja. Osta nyt tehokasta helpotusta ja parannettua hyvinvointia Transtoyoun luotettavalla palvelulla.","breadcrumb":{"@id":"https:\/\/www.transtoyou.com\/fi\/product\/zumenon\/#breadcrumb"},"inLanguage":"fi","potentialAction":[{"@type":"ReadAction","target":["https:\/\/www.transtoyou.com\/fi\/product\/zumenon\/"]}]},{"@type":"ImageObject","inLanguage":"fi","@id":"https:\/\/www.transtoyou.com\/fi\/product\/zumenon\/#primaryimage","url":"https:\/\/www.transtoyou.com\/fi\/wp-content\/uploads\/sites\/16\/2026\/01\/tty-no-product-image-45.webp","contentUrl":"https:\/\/www.transtoyou.com\/fi\/wp-content\/uploads\/sites\/16\/2026\/01\/tty-no-product-image-45.webp","width":1000,"height":1000,"caption":"Oletusarvoinen tuotekuva"},{"@type":"WebSite","@id":"https:\/\/www.transtoyou.com\/fi\/#website","url":"https:\/\/www.transtoyou.com\/fi\/","name":"Transtoyou - FI","description":"","publisher":{"@id":"https:\/\/www.transtoyou.com\/fi\/#organization"},"potentialAction":[{"@type":"SearchAction","target":{"@type":"EntryPoint","urlTemplate":"https:\/\/www.transtoyou.com\/fi\/?s={search_term_string}"},"query-input":{"@type":"PropertyValueSpecification","valueRequired":true,"valueName":"search_term_string"}}],"inLanguage":"fi"},{"@type":"Organization","@id":"https:\/\/www.transtoyou.com\/fi\/#organization","name":"Transtoyou - FI","url":"https:\/\/www.transtoyou.com\/fi\/","logo":{"@type":"ImageObject","inLanguage":"fi","@id":"https:\/\/www.transtoyou.com\/fi\/#\/schema\/logo\/image\/","url":"https:\/\/www.transtoyou.com\/fi\/wp-content\/uploads\/sites\/16\/2026\/01\/logo-tty-menu-bar-300x87-1.webp","contentUrl":"https:\/\/www.transtoyou.com\/fi\/wp-content\/uploads\/sites\/16\/2026\/01\/logo-tty-menu-bar-300x87-1.webp","width":300,"height":87,"caption":"Transtoyou - FI"},"image":{"@id":"https:\/\/www.transtoyou.com\/fi\/#\/schema\/logo\/image\/"}}]}},"_links":{"self":[{"href":"https:\/\/www.transtoyou.com\/fi\/wp-json\/wp\/v2\/product\/621","targetHints":{"allow":["GET"]}}],"collection":[{"href":"https:\/\/www.transtoyou.com\/fi\/wp-json\/wp\/v2\/product"}],"about":[{"href":"https:\/\/www.transtoyou.com\/fi\/wp-json\/wp\/v2\/types\/product"}],"replies":[{"embeddable":true,"href":"https:\/\/www.transtoyou.com\/fi\/wp-json\/wp\/v2\/comments?post=621"}],"wp:featuredmedia":[{"embeddable":true,"href":"https:\/\/www.transtoyou.com\/fi\/wp-json\/wp\/v2\/media\/623"}],"wp:attachment":[{"href":"https:\/\/www.transtoyou.com\/fi\/wp-json\/wp\/v2\/media?parent=621"}],"wp:term":[{"taxonomy":"product_brand","embeddable":true,"href":"https:\/\/www.transtoyou.com\/fi\/wp-json\/wp\/v2\/product_brand?post=621"},{"taxonomy":"product_cat","embeddable":true,"href":"https:\/\/www.transtoyou.com\/fi\/wp-json\/wp\/v2\/product_cat?post=621"},{"taxonomy":"product_tag","embeddable":true,"href":"https:\/\/www.transtoyou.com\/fi\/wp-json\/wp\/v2\/product_tag?post=621"},{"taxonomy":"expert","embeddable":true,"href":"https:\/\/www.transtoyou.com\/fi\/wp-json\/wp\/v2\/expert?post=621"}],"curies":[{"name":"wp","href":"https:\/\/api.w.org\/{rel}","templated":true}]}}