{"id":624,"date":"2026-01-23T20:17:02","date_gmt":"2026-01-23T20:17:02","guid":{"rendered":"https:\/\/www.transtoyou.com\/fi\/product\/utrogestan\/"},"modified":"2026-03-06T14:09:58","modified_gmt":"2026-03-06T14:09:58","slug":"utrogestaani","status":"publish","type":"product","link":"https:\/\/www.transtoyou.com\/fi\/product\/utrogestaani\/","title":{"rendered":"Utrogestan"},"content":{"rendered":"<p>Utrogestan on pehme\u00e4 kapseli, joka sis\u00e4lt\u00e4\u00e4 mikronisoitua progesteronia, hormonia, jota keho tuottaa luonnollisesti. Sit\u00e4 k\u00e4ytet\u00e4\u00e4n erilaisissa tilanteissa, joissa progesteronia tarvitaan, mukaan lukien hormonikorvaushoito, hedelm\u00e4llisyyden tuki ja kuukautiskierron ongelmien hallinta. Kapselit voidaan ottaa suun kautta tai laittaa em\u00e4ttimeen riippuen k\u00e4ytt\u00f6aiheesta ja mieltymyksist\u00e4.<\/p>\n<p>Hormonikorvaushoidossa Utrogestania yhdistet\u00e4\u00e4n usein estrogeenik\u00e4sittelyihin, jotta kohdun limakalvoa suojataan. Pelkk\u00e4 estrogeeni voi aiheuttaa kohdun limakalvon liiallista kasvua, mik\u00e4 lis\u00e4\u00e4 komplikaatioriski\u00e4. Utrogestan auttaa tasapainottamaan t\u00e4t\u00e4 vaikutusta, mik\u00e4 tekee siit\u00e4 sopivan ihmisille, jotka k\u00e4ytt\u00e4v\u00e4t estrogeenia ja joilla on edelleen kohtu.<\/p>\n<p>Hedelm\u00e4llisyyshoidossa Utrogestania k\u00e4ytet\u00e4\u00e4n tukemaan kuukautiskierron luteaalivaihetta, auttaen valmistamaan kohtua mahdolliseen raskauteen. Sit\u00e4 voidaan my\u00f6s k\u00e4ytt\u00e4\u00e4 apuv\u00e4lineellisten lis\u00e4\u00e4ntymismenetelmien, kuten IVF:n, protokollassa tukemaan kiinnittymist\u00e4. Ihmisille, joilla on ep\u00e4s\u00e4\u00e4nn\u00f6llisi\u00e4 kuukautisia, kivuliaita kuukautisia tai kuukautisia edelt\u00e4vi\u00e4 oireita, Utrogestan voi auttaa s\u00e4\u00e4telem\u00e4\u00e4n kiertoa ja lievitt\u00e4m\u00e4\u00e4n ep\u00e4mukavuutta.<\/p>\n<p>Utrogestan on per\u00e4isin kasvil\u00e4hteist\u00e4 ja se on bioidenttinen kehon tuottamalle luonnolliselle hormonille. Se tarjoaa joustavuutta annostelussa ja on usein suosittu vaihtoehto niille, jotka etsiv\u00e4t luonnollisempaa vaihtoehtoa hormoniperusteisissa hoidoissa. Olipa kyse hedelm\u00e4llisyydest\u00e4, kuukautisten s\u00e4\u00e4telyst\u00e4 tai yhdistettyn\u00e4 estrogeeniterapiaan, Utrogestanilla on t\u00e4rke\u00e4 rooli hormonaalisen tasapainon tukemisessa.<\/p>\n","protected":false},"excerpt":{"rendered":"<ul>\n<li>Luonnollinen progesteronihormoni<\/li>\n<li>K\u00e4ytet\u00e4\u00e4n hormonihoidossa ja hedelm\u00e4llisyydess\u00e4<\/li>\n<li>Auttaa hallitsemaan kuukautiskiertoja<\/li>\n<\/ul>\n","protected":false},"featured_media":626,"comment_status":"open","ping_status":"closed","template":"","meta":[],"product_brand":[],"product_cat":[101,120,128],"product_tag":[],"expert":[17],"class_list":{"0":"post-624","1":"product","2":"type-product","3":"status-publish","4":"has-post-thumbnail","6":"product_cat-hedelmallisyys-ja-ovulaatio","7":"product_cat-hormonihoito-hrt","8":"product_cat-kivuliaat-kuukautiset","9":"expert-dr-c-munoz-parada","11":"first","12":"instock","13":"shipping-taxable","14":"product-type-variable"},"yoast_head":"<!-- This site is optimized with the Yoast SEO plugin v27.0 - https:\/\/yoast.com\/product\/yoast-seo-wordpress\/ -->\n<title>Utrogestan | Tuki Hormonaaliselle Tasapainolle - Transtoyou<\/title>\n<meta name=\"description\" content=\"Utrogestan, saatavilla Transtoyou, tarjoaa luonnollista progesteronitukea. Osta nyt luotettava ja tehokas terveysratkaisu.\" \/>\n<meta name=\"robots\" content=\"noindex, follow, max-snippet:-1, max-image-preview:large, max-video-preview:-1\" \/>\n<meta property=\"og:locale\" content=\"fi_FI\" \/>\n<meta property=\"og:type\" content=\"article\" \/>\n<meta property=\"og:title\" content=\"Utrogestan | Tuki Hormonaaliselle Tasapainolle - Transtoyou\" \/>\n<meta property=\"og:description\" content=\"Utrogestan, saatavilla Transtoyou, tarjoaa luonnollista progesteronitukea. Osta nyt luotettava ja tehokas terveysratkaisu.\" \/>\n<meta property=\"og:url\" content=\"https:\/\/www.transtoyou.com\/fi\/product\/utrogestan\/\" \/>\n<meta property=\"og:site_name\" content=\"Transtoyou - FI\" \/>\n<meta property=\"article:modified_time\" content=\"2026-03-06T14:09:58+00:00\" \/>\n<meta name=\"twitter:card\" content=\"summary_large_image\" \/>\n<meta name=\"twitter:label1\" content=\"Arvioitu lukuaika\" \/>\n\t<meta name=\"twitter:data1\" content=\"1 minuutti\" \/>\n<script type=\"application\/ld+json\" class=\"yoast-schema-graph\">{\"@context\":\"https:\/\/schema.org\",\"@graph\":[{\"@type\":\"WebPage\",\"@id\":\"https:\/\/www.transtoyou.com\/fi\/product\/utrogestan\/\",\"url\":\"https:\/\/www.transtoyou.com\/fi\/product\/utrogestan\/\",\"name\":\"Utrogestan | Tuki Hormonaaliselle Tasapainolle - Transtoyou\",\"isPartOf\":{\"@id\":\"https:\/\/www.transtoyou.com\/fi\/#website\"},\"primaryImageOfPage\":{\"@id\":\"https:\/\/www.transtoyou.com\/fi\/product\/utrogestan\/#primaryimage\"},\"image\":{\"@id\":\"https:\/\/www.transtoyou.com\/fi\/product\/utrogestan\/#primaryimage\"},\"thumbnailUrl\":\"https:\/\/www.transtoyou.com\/fi\/wp-content\/uploads\/sites\/16\/2026\/01\/tty-no-product-image-46.webp\",\"datePublished\":\"2026-01-23T20:17:02+00:00\",\"dateModified\":\"2026-03-06T14:09:58+00:00\",\"description\":\"Utrogestan, saatavilla Transtoyou, tarjoaa luonnollista progesteronitukea. Osta nyt luotettava ja tehokas terveysratkaisu.\",\"breadcrumb\":{\"@id\":\"https:\/\/www.transtoyou.com\/fi\/product\/utrogestan\/#breadcrumb\"},\"inLanguage\":\"fi\",\"potentialAction\":[{\"@type\":\"ReadAction\",\"target\":[\"https:\/\/www.transtoyou.com\/fi\/product\/utrogestan\/\"]}]},{\"@type\":\"ImageObject\",\"inLanguage\":\"fi\",\"@id\":\"https:\/\/www.transtoyou.com\/fi\/product\/utrogestan\/#primaryimage\",\"url\":\"https:\/\/www.transtoyou.com\/fi\/wp-content\/uploads\/sites\/16\/2026\/01\/tty-no-product-image-46.webp\",\"contentUrl\":\"https:\/\/www.transtoyou.com\/fi\/wp-content\/uploads\/sites\/16\/2026\/01\/tty-no-product-image-46.webp\",\"width\":1000,\"height\":1000,\"caption\":\"Oletusarvoinen tuotekuva\"},{\"@type\":\"WebSite\",\"@id\":\"https:\/\/www.transtoyou.com\/fi\/#website\",\"url\":\"https:\/\/www.transtoyou.com\/fi\/\",\"name\":\"Transtoyou - FI\",\"description\":\"\",\"publisher\":{\"@id\":\"https:\/\/www.transtoyou.com\/fi\/#organization\"},\"potentialAction\":[{\"@type\":\"SearchAction\",\"target\":{\"@type\":\"EntryPoint\",\"urlTemplate\":\"https:\/\/www.transtoyou.com\/fi\/?s={search_term_string}\"},\"query-input\":{\"@type\":\"PropertyValueSpecification\",\"valueRequired\":true,\"valueName\":\"search_term_string\"}}],\"inLanguage\":\"fi\"},{\"@type\":\"Organization\",\"@id\":\"https:\/\/www.transtoyou.com\/fi\/#organization\",\"name\":\"Transtoyou - FI\",\"url\":\"https:\/\/www.transtoyou.com\/fi\/\",\"logo\":{\"@type\":\"ImageObject\",\"inLanguage\":\"fi\",\"@id\":\"https:\/\/www.transtoyou.com\/fi\/#\/schema\/logo\/image\/\",\"url\":\"https:\/\/www.transtoyou.com\/fi\/wp-content\/uploads\/sites\/16\/2026\/01\/logo-tty-menu-bar-300x87-1.webp\",\"contentUrl\":\"https:\/\/www.transtoyou.com\/fi\/wp-content\/uploads\/sites\/16\/2026\/01\/logo-tty-menu-bar-300x87-1.webp\",\"width\":300,\"height\":87,\"caption\":\"Transtoyou - FI\"},\"image\":{\"@id\":\"https:\/\/www.transtoyou.com\/fi\/#\/schema\/logo\/image\/\"}}]}<\/script>\n<!-- \/ Yoast SEO plugin. -->","yoast_head_json":{"title":"Utrogestan | Tuki Hormonaaliselle Tasapainolle - Transtoyou","description":"Utrogestan, saatavilla Transtoyou, tarjoaa luonnollista progesteronitukea. Osta nyt luotettava ja tehokas terveysratkaisu.","robots":{"index":"noindex","follow":"follow","max-snippet":"max-snippet:-1","max-image-preview":"max-image-preview:large","max-video-preview":"max-video-preview:-1"},"og_locale":"fi_FI","og_type":"article","og_title":"Utrogestan | Tuki Hormonaaliselle Tasapainolle - Transtoyou","og_description":"Utrogestan, saatavilla Transtoyou, tarjoaa luonnollista progesteronitukea. Osta nyt luotettava ja tehokas terveysratkaisu.","og_url":"https:\/\/www.transtoyou.com\/fi\/product\/utrogestan\/","og_site_name":"Transtoyou - FI","article_modified_time":"2026-03-06T14:09:58+00:00","twitter_card":"summary_large_image","twitter_misc":{"Arvioitu lukuaika":"1 minuutti"},"schema":{"@context":"https:\/\/schema.org","@graph":[{"@type":"WebPage","@id":"https:\/\/www.transtoyou.com\/fi\/product\/utrogestan\/","url":"https:\/\/www.transtoyou.com\/fi\/product\/utrogestan\/","name":"Utrogestan | Tuki Hormonaaliselle Tasapainolle - Transtoyou","isPartOf":{"@id":"https:\/\/www.transtoyou.com\/fi\/#website"},"primaryImageOfPage":{"@id":"https:\/\/www.transtoyou.com\/fi\/product\/utrogestan\/#primaryimage"},"image":{"@id":"https:\/\/www.transtoyou.com\/fi\/product\/utrogestan\/#primaryimage"},"thumbnailUrl":"https:\/\/www.transtoyou.com\/fi\/wp-content\/uploads\/sites\/16\/2026\/01\/tty-no-product-image-46.webp","datePublished":"2026-01-23T20:17:02+00:00","dateModified":"2026-03-06T14:09:58+00:00","description":"Utrogestan, saatavilla Transtoyou, tarjoaa luonnollista progesteronitukea. Osta nyt luotettava ja tehokas terveysratkaisu.","breadcrumb":{"@id":"https:\/\/www.transtoyou.com\/fi\/product\/utrogestan\/#breadcrumb"},"inLanguage":"fi","potentialAction":[{"@type":"ReadAction","target":["https:\/\/www.transtoyou.com\/fi\/product\/utrogestan\/"]}]},{"@type":"ImageObject","inLanguage":"fi","@id":"https:\/\/www.transtoyou.com\/fi\/product\/utrogestan\/#primaryimage","url":"https:\/\/www.transtoyou.com\/fi\/wp-content\/uploads\/sites\/16\/2026\/01\/tty-no-product-image-46.webp","contentUrl":"https:\/\/www.transtoyou.com\/fi\/wp-content\/uploads\/sites\/16\/2026\/01\/tty-no-product-image-46.webp","width":1000,"height":1000,"caption":"Oletusarvoinen tuotekuva"},{"@type":"WebSite","@id":"https:\/\/www.transtoyou.com\/fi\/#website","url":"https:\/\/www.transtoyou.com\/fi\/","name":"Transtoyou - FI","description":"","publisher":{"@id":"https:\/\/www.transtoyou.com\/fi\/#organization"},"potentialAction":[{"@type":"SearchAction","target":{"@type":"EntryPoint","urlTemplate":"https:\/\/www.transtoyou.com\/fi\/?s={search_term_string}"},"query-input":{"@type":"PropertyValueSpecification","valueRequired":true,"valueName":"search_term_string"}}],"inLanguage":"fi"},{"@type":"Organization","@id":"https:\/\/www.transtoyou.com\/fi\/#organization","name":"Transtoyou - FI","url":"https:\/\/www.transtoyou.com\/fi\/","logo":{"@type":"ImageObject","inLanguage":"fi","@id":"https:\/\/www.transtoyou.com\/fi\/#\/schema\/logo\/image\/","url":"https:\/\/www.transtoyou.com\/fi\/wp-content\/uploads\/sites\/16\/2026\/01\/logo-tty-menu-bar-300x87-1.webp","contentUrl":"https:\/\/www.transtoyou.com\/fi\/wp-content\/uploads\/sites\/16\/2026\/01\/logo-tty-menu-bar-300x87-1.webp","width":300,"height":87,"caption":"Transtoyou - FI"},"image":{"@id":"https:\/\/www.transtoyou.com\/fi\/#\/schema\/logo\/image\/"}}]}},"_links":{"self":[{"href":"https:\/\/www.transtoyou.com\/fi\/wp-json\/wp\/v2\/product\/624","targetHints":{"allow":["GET"]}}],"collection":[{"href":"https:\/\/www.transtoyou.com\/fi\/wp-json\/wp\/v2\/product"}],"about":[{"href":"https:\/\/www.transtoyou.com\/fi\/wp-json\/wp\/v2\/types\/product"}],"replies":[{"embeddable":true,"href":"https:\/\/www.transtoyou.com\/fi\/wp-json\/wp\/v2\/comments?post=624"}],"wp:featuredmedia":[{"embeddable":true,"href":"https:\/\/www.transtoyou.com\/fi\/wp-json\/wp\/v2\/media\/626"}],"wp:attachment":[{"href":"https:\/\/www.transtoyou.com\/fi\/wp-json\/wp\/v2\/media?parent=624"}],"wp:term":[{"taxonomy":"product_brand","embeddable":true,"href":"https:\/\/www.transtoyou.com\/fi\/wp-json\/wp\/v2\/product_brand?post=624"},{"taxonomy":"product_cat","embeddable":true,"href":"https:\/\/www.transtoyou.com\/fi\/wp-json\/wp\/v2\/product_cat?post=624"},{"taxonomy":"product_tag","embeddable":true,"href":"https:\/\/www.transtoyou.com\/fi\/wp-json\/wp\/v2\/product_tag?post=624"},{"taxonomy":"expert","embeddable":true,"href":"https:\/\/www.transtoyou.com\/fi\/wp-json\/wp\/v2\/expert?post=624"}],"curies":[{"name":"wp","href":"https:\/\/api.w.org\/{rel}","templated":true}]}}