{"id":636,"date":"2026-01-23T21:25:38","date_gmt":"2026-01-23T21:25:38","guid":{"rendered":"https:\/\/www.transtoyou.com\/fi\/product\/femoston\/"},"modified":"2026-01-23T21:26:31","modified_gmt":"2026-01-23T21:26:31","slug":"femoston","status":"publish","type":"product","link":"https:\/\/www.transtoyou.com\/fi\/product\/femoston\/","title":{"rendered":"Femoston"},"content":{"rendered":"<p>Femoston on tabletti, jota k\u00e4ytet\u00e4\u00e4n osana hormonihoitoa lievitt\u00e4m\u00e4\u00e4n matalista estrogeenitasoista johtuvia oireita. Se sis\u00e4lt\u00e4\u00e4 kahta hormonia: estradiolia, joka on estrogeenimuoto, ja dydrogesteronia, progestogeeni\u00e4, joka auttaa suojaamaan kohdun limakalvoa. T\u00e4m\u00e4 yhdistelm\u00e4 on tyypillisesti k\u00e4yt\u00f6ss\u00e4 henkil\u00f6ill\u00e4, jotka ovat saavuttaneet vaihdevuodet ja joilla on edelleen kohtu.<\/p>\n<p>Vaihdevuosioireet, kuten kuumat aallot, y\u00f6hikoilu, mielialan vaihtelut ja em\u00e4ttimen kuivuus, johtuvat alentuneista estrogeenitasoista. Femoston t\u00e4ydent\u00e4\u00e4 t\u00e4t\u00e4 hormonia palauttaakseen tasapainon ja v\u00e4hent\u00e4\u00e4kseen ep\u00e4mukavuutta. Progestogeeni auttaa est\u00e4m\u00e4\u00e4n kohdun limakalvon paksuuntumista liikaa, mik\u00e4 voi tapahtua, kun estrogeenia k\u00e4ytet\u00e4\u00e4n yksin.<\/p>\n<p>Femostonia otetaan kerran p\u00e4iv\u00e4ss\u00e4, ja saatavilla on erilaisia \u200b\u200bvalmisteita riippuen siit\u00e4, tarvitaanko jatkuvaa vai syklist\u00e4 hormonimallia. S\u00e4\u00e4nn\u00f6llinen k\u00e4ytt\u00f6 auttaa hallitsemaan sek\u00e4 lyhytaikaisia estrogeenivajeen oireita ett\u00e4 edist\u00e4\u00e4 pitk\u00e4aikaisia \u200b\u200btavoitteita, jotka liittyv\u00e4t hormonitasapainoon ja el\u00e4m\u00e4nlaatuun.<\/p>\n","protected":false},"excerpt":{"rendered":"<ul>\n<li>P\u00e4ivitt\u00e4inen suun kautta otettava hormoni-tabletti<\/li>\n<li>Helpottaa vaihdevuosia<\/li>\n<li>Yhdist\u00e4\u00e4 estrogeeni\u00e4 ja progesteronia<\/li>\n<\/ul>\n","protected":false},"featured_media":638,"comment_status":"open","ping_status":"closed","template":"","meta":[],"product_brand":[],"product_cat":[120,126],"product_tag":[],"expert":[16],"class_list":{"0":"post-636","1":"product","2":"type-product","3":"status-publish","4":"has-post-thumbnail","6":"product_cat-hormonihoito-hrt","7":"product_cat-vaihdevuosi-ja-pms-helpotus","8":"expert-dr-c-alexandru","10":"first","11":"instock","12":"shipping-taxable","13":"product-type-variable"},"yoast_head":"<!-- This site is optimized with the Yoast SEO plugin v27.0 - https:\/\/yoast.com\/product\/yoast-seo-wordpress\/ -->\n<title>Femoston | Hormonaalisen Tasapainon Tuki - Transtoyou<\/title>\n<meta name=\"description\" content=\"Femoston, saatavilla Transtoyou. L\u00f6yd\u00e4 sen hy\u00f6dyt hormonitasapainolle ja hyvinvoinnille. Osta nyt luotettava ratkaisu.\" \/>\n<meta name=\"robots\" content=\"noindex, follow, max-snippet:-1, max-image-preview:large, max-video-preview:-1\" \/>\n<meta property=\"og:locale\" content=\"fi_FI\" \/>\n<meta property=\"og:type\" content=\"article\" \/>\n<meta property=\"og:title\" content=\"Femoston | Hormonaalisen Tasapainon Tuki - Transtoyou\" \/>\n<meta property=\"og:description\" content=\"Femoston, saatavilla Transtoyou. L\u00f6yd\u00e4 sen hy\u00f6dyt hormonitasapainolle ja hyvinvoinnille. Osta nyt luotettava ratkaisu.\" \/>\n<meta property=\"og:url\" content=\"https:\/\/www.transtoyou.com\/fi\/product\/femoston\/\" \/>\n<meta property=\"og:site_name\" content=\"Transtoyou - FI\" \/>\n<meta property=\"article:modified_time\" content=\"2026-01-23T21:26:31+00:00\" \/>\n<meta name=\"twitter:card\" content=\"summary_large_image\" \/>\n<meta name=\"twitter:label1\" content=\"Arvioitu lukuaika\" \/>\n\t<meta name=\"twitter:data1\" content=\"1 minuutti\" \/>\n<script type=\"application\/ld+json\" class=\"yoast-schema-graph\">{\"@context\":\"https:\/\/schema.org\",\"@graph\":[{\"@type\":\"WebPage\",\"@id\":\"https:\/\/www.transtoyou.com\/fi\/product\/femoston\/\",\"url\":\"https:\/\/www.transtoyou.com\/fi\/product\/femoston\/\",\"name\":\"Femoston | Hormonaalisen Tasapainon Tuki - Transtoyou\",\"isPartOf\":{\"@id\":\"https:\/\/www.transtoyou.com\/fi\/#website\"},\"primaryImageOfPage\":{\"@id\":\"https:\/\/www.transtoyou.com\/fi\/product\/femoston\/#primaryimage\"},\"image\":{\"@id\":\"https:\/\/www.transtoyou.com\/fi\/product\/femoston\/#primaryimage\"},\"thumbnailUrl\":\"https:\/\/www.transtoyou.com\/fi\/wp-content\/uploads\/sites\/16\/2026\/01\/tty-no-product-image-50.webp\",\"datePublished\":\"2026-01-23T21:25:38+00:00\",\"dateModified\":\"2026-01-23T21:26:31+00:00\",\"description\":\"Femoston, saatavilla Transtoyou. L\u00f6yd\u00e4 sen hy\u00f6dyt hormonitasapainolle ja hyvinvoinnille. Osta nyt luotettava ratkaisu.\",\"breadcrumb\":{\"@id\":\"https:\/\/www.transtoyou.com\/fi\/product\/femoston\/#breadcrumb\"},\"inLanguage\":\"fi\",\"potentialAction\":[{\"@type\":\"ReadAction\",\"target\":[\"https:\/\/www.transtoyou.com\/fi\/product\/femoston\/\"]}]},{\"@type\":\"ImageObject\",\"inLanguage\":\"fi\",\"@id\":\"https:\/\/www.transtoyou.com\/fi\/product\/femoston\/#primaryimage\",\"url\":\"https:\/\/www.transtoyou.com\/fi\/wp-content\/uploads\/sites\/16\/2026\/01\/tty-no-product-image-50.webp\",\"contentUrl\":\"https:\/\/www.transtoyou.com\/fi\/wp-content\/uploads\/sites\/16\/2026\/01\/tty-no-product-image-50.webp\",\"width\":1000,\"height\":1000,\"caption\":\"Oletusarvoinen tuotekuva\"},{\"@type\":\"WebSite\",\"@id\":\"https:\/\/www.transtoyou.com\/fi\/#website\",\"url\":\"https:\/\/www.transtoyou.com\/fi\/\",\"name\":\"Transtoyou - FI\",\"description\":\"\",\"publisher\":{\"@id\":\"https:\/\/www.transtoyou.com\/fi\/#organization\"},\"potentialAction\":[{\"@type\":\"SearchAction\",\"target\":{\"@type\":\"EntryPoint\",\"urlTemplate\":\"https:\/\/www.transtoyou.com\/fi\/?s={search_term_string}\"},\"query-input\":{\"@type\":\"PropertyValueSpecification\",\"valueRequired\":true,\"valueName\":\"search_term_string\"}}],\"inLanguage\":\"fi\"},{\"@type\":\"Organization\",\"@id\":\"https:\/\/www.transtoyou.com\/fi\/#organization\",\"name\":\"Transtoyou - FI\",\"url\":\"https:\/\/www.transtoyou.com\/fi\/\",\"logo\":{\"@type\":\"ImageObject\",\"inLanguage\":\"fi\",\"@id\":\"https:\/\/www.transtoyou.com\/fi\/#\/schema\/logo\/image\/\",\"url\":\"https:\/\/www.transtoyou.com\/fi\/wp-content\/uploads\/sites\/16\/2026\/01\/logo-tty-menu-bar-300x87-1.webp\",\"contentUrl\":\"https:\/\/www.transtoyou.com\/fi\/wp-content\/uploads\/sites\/16\/2026\/01\/logo-tty-menu-bar-300x87-1.webp\",\"width\":300,\"height\":87,\"caption\":\"Transtoyou - FI\"},\"image\":{\"@id\":\"https:\/\/www.transtoyou.com\/fi\/#\/schema\/logo\/image\/\"}}]}<\/script>\n<!-- \/ Yoast SEO plugin. -->","yoast_head_json":{"title":"Femoston | Hormonaalisen Tasapainon Tuki - Transtoyou","description":"Femoston, saatavilla Transtoyou. L\u00f6yd\u00e4 sen hy\u00f6dyt hormonitasapainolle ja hyvinvoinnille. Osta nyt luotettava ratkaisu.","robots":{"index":"noindex","follow":"follow","max-snippet":"max-snippet:-1","max-image-preview":"max-image-preview:large","max-video-preview":"max-video-preview:-1"},"og_locale":"fi_FI","og_type":"article","og_title":"Femoston | Hormonaalisen Tasapainon Tuki - Transtoyou","og_description":"Femoston, saatavilla Transtoyou. L\u00f6yd\u00e4 sen hy\u00f6dyt hormonitasapainolle ja hyvinvoinnille. Osta nyt luotettava ratkaisu.","og_url":"https:\/\/www.transtoyou.com\/fi\/product\/femoston\/","og_site_name":"Transtoyou - FI","article_modified_time":"2026-01-23T21:26:31+00:00","twitter_card":"summary_large_image","twitter_misc":{"Arvioitu lukuaika":"1 minuutti"},"schema":{"@context":"https:\/\/schema.org","@graph":[{"@type":"WebPage","@id":"https:\/\/www.transtoyou.com\/fi\/product\/femoston\/","url":"https:\/\/www.transtoyou.com\/fi\/product\/femoston\/","name":"Femoston | Hormonaalisen Tasapainon Tuki - Transtoyou","isPartOf":{"@id":"https:\/\/www.transtoyou.com\/fi\/#website"},"primaryImageOfPage":{"@id":"https:\/\/www.transtoyou.com\/fi\/product\/femoston\/#primaryimage"},"image":{"@id":"https:\/\/www.transtoyou.com\/fi\/product\/femoston\/#primaryimage"},"thumbnailUrl":"https:\/\/www.transtoyou.com\/fi\/wp-content\/uploads\/sites\/16\/2026\/01\/tty-no-product-image-50.webp","datePublished":"2026-01-23T21:25:38+00:00","dateModified":"2026-01-23T21:26:31+00:00","description":"Femoston, saatavilla Transtoyou. L\u00f6yd\u00e4 sen hy\u00f6dyt hormonitasapainolle ja hyvinvoinnille. Osta nyt luotettava ratkaisu.","breadcrumb":{"@id":"https:\/\/www.transtoyou.com\/fi\/product\/femoston\/#breadcrumb"},"inLanguage":"fi","potentialAction":[{"@type":"ReadAction","target":["https:\/\/www.transtoyou.com\/fi\/product\/femoston\/"]}]},{"@type":"ImageObject","inLanguage":"fi","@id":"https:\/\/www.transtoyou.com\/fi\/product\/femoston\/#primaryimage","url":"https:\/\/www.transtoyou.com\/fi\/wp-content\/uploads\/sites\/16\/2026\/01\/tty-no-product-image-50.webp","contentUrl":"https:\/\/www.transtoyou.com\/fi\/wp-content\/uploads\/sites\/16\/2026\/01\/tty-no-product-image-50.webp","width":1000,"height":1000,"caption":"Oletusarvoinen tuotekuva"},{"@type":"WebSite","@id":"https:\/\/www.transtoyou.com\/fi\/#website","url":"https:\/\/www.transtoyou.com\/fi\/","name":"Transtoyou - FI","description":"","publisher":{"@id":"https:\/\/www.transtoyou.com\/fi\/#organization"},"potentialAction":[{"@type":"SearchAction","target":{"@type":"EntryPoint","urlTemplate":"https:\/\/www.transtoyou.com\/fi\/?s={search_term_string}"},"query-input":{"@type":"PropertyValueSpecification","valueRequired":true,"valueName":"search_term_string"}}],"inLanguage":"fi"},{"@type":"Organization","@id":"https:\/\/www.transtoyou.com\/fi\/#organization","name":"Transtoyou - FI","url":"https:\/\/www.transtoyou.com\/fi\/","logo":{"@type":"ImageObject","inLanguage":"fi","@id":"https:\/\/www.transtoyou.com\/fi\/#\/schema\/logo\/image\/","url":"https:\/\/www.transtoyou.com\/fi\/wp-content\/uploads\/sites\/16\/2026\/01\/logo-tty-menu-bar-300x87-1.webp","contentUrl":"https:\/\/www.transtoyou.com\/fi\/wp-content\/uploads\/sites\/16\/2026\/01\/logo-tty-menu-bar-300x87-1.webp","width":300,"height":87,"caption":"Transtoyou - FI"},"image":{"@id":"https:\/\/www.transtoyou.com\/fi\/#\/schema\/logo\/image\/"}}]}},"_links":{"self":[{"href":"https:\/\/www.transtoyou.com\/fi\/wp-json\/wp\/v2\/product\/636","targetHints":{"allow":["GET"]}}],"collection":[{"href":"https:\/\/www.transtoyou.com\/fi\/wp-json\/wp\/v2\/product"}],"about":[{"href":"https:\/\/www.transtoyou.com\/fi\/wp-json\/wp\/v2\/types\/product"}],"replies":[{"embeddable":true,"href":"https:\/\/www.transtoyou.com\/fi\/wp-json\/wp\/v2\/comments?post=636"}],"wp:featuredmedia":[{"embeddable":true,"href":"https:\/\/www.transtoyou.com\/fi\/wp-json\/wp\/v2\/media\/638"}],"wp:attachment":[{"href":"https:\/\/www.transtoyou.com\/fi\/wp-json\/wp\/v2\/media?parent=636"}],"wp:term":[{"taxonomy":"product_brand","embeddable":true,"href":"https:\/\/www.transtoyou.com\/fi\/wp-json\/wp\/v2\/product_brand?post=636"},{"taxonomy":"product_cat","embeddable":true,"href":"https:\/\/www.transtoyou.com\/fi\/wp-json\/wp\/v2\/product_cat?post=636"},{"taxonomy":"product_tag","embeddable":true,"href":"https:\/\/www.transtoyou.com\/fi\/wp-json\/wp\/v2\/product_tag?post=636"},{"taxonomy":"expert","embeddable":true,"href":"https:\/\/www.transtoyou.com\/fi\/wp-json\/wp\/v2\/expert?post=636"}],"curies":[{"name":"wp","href":"https:\/\/api.w.org\/{rel}","templated":true}]}}