{"id":639,"date":"2026-01-23T21:39:24","date_gmt":"2026-01-23T21:39:24","guid":{"rendered":"https:\/\/www.transtoyou.com\/fi\/product\/lenzetto\/"},"modified":"2026-01-23T21:40:27","modified_gmt":"2026-01-23T21:40:27","slug":"lenzetto","status":"publish","type":"product","link":"https:\/\/www.transtoyou.com\/fi\/product\/lenzetto\/","title":{"rendered":"Lenzetto"},"content":{"rendered":"<p>Lenzetto on suihke, jota k\u00e4ytet\u00e4\u00e4n estrogeenin toimittamiseen ihon kautta verenkiertoon. Se sis\u00e4lt\u00e4\u00e4 estradiolia, joka on muoto estrogeenista, joka on identtinen kehossa luonnollisesti tuotetun hormonin kanssa. T\u00e4m\u00e4 l\u00e4\u00e4kitys on tarkoitettu hormonihoitoon, jota k\u00e4ytet\u00e4\u00e4n alhaisten estrogeenitasojen aiheuttamien oireiden hoitoon, ja se sopii my\u00f6s k\u00e4ytett\u00e4v\u00e4ksi feminiinisen hormonihoidon yhteydess\u00e4.<\/p>\n<p>Vaihdevuosien aikana tai tilanteissa, joissa estrogeenia tarvitaan muista syist\u00e4, ihmiset voivat kokea oireita, kuten kuumia aaltoja, y\u00f6hikoilua, mielialan vaihteluita ja em\u00e4ttimen kuivuutta. Lenzetto palauttaa estrogeenitasot auttaakseen v\u00e4hent\u00e4m\u00e4\u00e4n n\u00e4iden oireiden vakavuutta. Koska suihke levitet\u00e4\u00e4n iholle, se kiert\u00e4\u00e4 ruoansulatusj\u00e4rjestelm\u00e4n ja tarjoaa joustavan, ei-suun kautta otettavan vaihtoehdon tabletteihin tai laastareihin.<\/p>\n<p>Suihke levitet\u00e4\u00e4n kerran p\u00e4iv\u00e4ss\u00e4 puhtaalle, kuivalle iholle, tyypillisesti sisemm\u00e4lle kyyn\u00e4rvarrelle. Se kuivuu nopeasti eik\u00e4 j\u00e4t\u00e4 j\u00e4\u00e4mi\u00e4. Lenzetto mahdollistaa henkil\u00f6kohtaisen annostelun ja huomaamattoman, v\u00e4h\u00e4n yll\u00e4pitoa vaativan menetelm\u00e4n estrogeenin toimittamiseksi sek\u00e4 vaihdevuosien helpotukseen ett\u00e4 feminiiniseen hoitoon.<\/p>\n","protected":false},"excerpt":{"rendered":"<ul>\n<li>Estrogeenisuihke ihon imeytymiseen<\/li>\n<li>K\u00e4ytet\u00e4\u00e4n vaihdevuosiin<\/li>\n<li>S\u00e4\u00e4dett\u00e4v\u00e4 p\u00e4ivitt\u00e4inen annostus<\/li>\n<\/ul>\n","protected":false},"featured_media":641,"comment_status":"open","ping_status":"closed","template":"","meta":[],"product_brand":[],"product_cat":[120],"product_tag":[],"expert":[16],"class_list":{"0":"post-639","1":"product","2":"type-product","3":"status-publish","4":"has-post-thumbnail","6":"product_cat-hormonihoito-hrt","7":"expert-dr-c-alexandru","9":"first","10":"instock","11":"shipping-taxable","12":"product-type-variable"},"yoast_head":"<!-- This site is optimized with the Yoast SEO plugin v27.0 - https:\/\/yoast.com\/product\/yoast-seo-wordpress\/ -->\n<title>Lenzetto | Helppo K\u00e4ytt\u00f6 Hormonisuihke - Transtoyou<\/title>\n<meta name=\"description\" content=\"Lenzetto, saatavilla Transtoyou&#039;sta, tarjoaa tehokasta helpotusta vaihdevuosien oireisiin. Tutustu sen etuihin ja osta nyt k\u00e4tev\u00e4 ratkaisu.\" \/>\n<meta name=\"robots\" content=\"noindex, follow, max-snippet:-1, max-image-preview:large, max-video-preview:-1\" \/>\n<meta property=\"og:locale\" content=\"fi_FI\" \/>\n<meta property=\"og:type\" content=\"article\" \/>\n<meta property=\"og:title\" content=\"Lenzetto | Helppo K\u00e4ytt\u00f6 Hormonisuihke - Transtoyou\" \/>\n<meta property=\"og:description\" content=\"Lenzetto, saatavilla Transtoyou&#039;sta, tarjoaa tehokasta helpotusta vaihdevuosien oireisiin. Tutustu sen etuihin ja osta nyt k\u00e4tev\u00e4 ratkaisu.\" \/>\n<meta property=\"og:url\" content=\"https:\/\/www.transtoyou.com\/fi\/product\/lenzetto\/\" \/>\n<meta property=\"og:site_name\" content=\"Transtoyou - FI\" \/>\n<meta property=\"article:modified_time\" content=\"2026-01-23T21:40:27+00:00\" \/>\n<meta name=\"twitter:card\" content=\"summary_large_image\" \/>\n<meta name=\"twitter:label1\" content=\"Arvioitu lukuaika\" \/>\n\t<meta name=\"twitter:data1\" content=\"1 minuutti\" \/>\n<script type=\"application\/ld+json\" class=\"yoast-schema-graph\">{\"@context\":\"https:\/\/schema.org\",\"@graph\":[{\"@type\":\"WebPage\",\"@id\":\"https:\/\/www.transtoyou.com\/fi\/product\/lenzetto\/\",\"url\":\"https:\/\/www.transtoyou.com\/fi\/product\/lenzetto\/\",\"name\":\"Lenzetto | Helppo K\u00e4ytt\u00f6 Hormonisuihke - Transtoyou\",\"isPartOf\":{\"@id\":\"https:\/\/www.transtoyou.com\/fi\/#website\"},\"primaryImageOfPage\":{\"@id\":\"https:\/\/www.transtoyou.com\/fi\/product\/lenzetto\/#primaryimage\"},\"image\":{\"@id\":\"https:\/\/www.transtoyou.com\/fi\/product\/lenzetto\/#primaryimage\"},\"thumbnailUrl\":\"https:\/\/www.transtoyou.com\/fi\/wp-content\/uploads\/sites\/16\/2026\/01\/tty-no-product-image-51.webp\",\"datePublished\":\"2026-01-23T21:39:24+00:00\",\"dateModified\":\"2026-01-23T21:40:27+00:00\",\"description\":\"Lenzetto, saatavilla Transtoyou'sta, tarjoaa tehokasta helpotusta vaihdevuosien oireisiin. Tutustu sen etuihin ja osta nyt k\u00e4tev\u00e4 ratkaisu.\",\"breadcrumb\":{\"@id\":\"https:\/\/www.transtoyou.com\/fi\/product\/lenzetto\/#breadcrumb\"},\"inLanguage\":\"fi\",\"potentialAction\":[{\"@type\":\"ReadAction\",\"target\":[\"https:\/\/www.transtoyou.com\/fi\/product\/lenzetto\/\"]}]},{\"@type\":\"ImageObject\",\"inLanguage\":\"fi\",\"@id\":\"https:\/\/www.transtoyou.com\/fi\/product\/lenzetto\/#primaryimage\",\"url\":\"https:\/\/www.transtoyou.com\/fi\/wp-content\/uploads\/sites\/16\/2026\/01\/tty-no-product-image-51.webp\",\"contentUrl\":\"https:\/\/www.transtoyou.com\/fi\/wp-content\/uploads\/sites\/16\/2026\/01\/tty-no-product-image-51.webp\",\"width\":1000,\"height\":1000,\"caption\":\"Oletusarvoinen tuotekuva\"},{\"@type\":\"WebSite\",\"@id\":\"https:\/\/www.transtoyou.com\/fi\/#website\",\"url\":\"https:\/\/www.transtoyou.com\/fi\/\",\"name\":\"Transtoyou - FI\",\"description\":\"\",\"publisher\":{\"@id\":\"https:\/\/www.transtoyou.com\/fi\/#organization\"},\"potentialAction\":[{\"@type\":\"SearchAction\",\"target\":{\"@type\":\"EntryPoint\",\"urlTemplate\":\"https:\/\/www.transtoyou.com\/fi\/?s={search_term_string}\"},\"query-input\":{\"@type\":\"PropertyValueSpecification\",\"valueRequired\":true,\"valueName\":\"search_term_string\"}}],\"inLanguage\":\"fi\"},{\"@type\":\"Organization\",\"@id\":\"https:\/\/www.transtoyou.com\/fi\/#organization\",\"name\":\"Transtoyou - FI\",\"url\":\"https:\/\/www.transtoyou.com\/fi\/\",\"logo\":{\"@type\":\"ImageObject\",\"inLanguage\":\"fi\",\"@id\":\"https:\/\/www.transtoyou.com\/fi\/#\/schema\/logo\/image\/\",\"url\":\"https:\/\/www.transtoyou.com\/fi\/wp-content\/uploads\/sites\/16\/2026\/01\/logo-tty-menu-bar-300x87-1.webp\",\"contentUrl\":\"https:\/\/www.transtoyou.com\/fi\/wp-content\/uploads\/sites\/16\/2026\/01\/logo-tty-menu-bar-300x87-1.webp\",\"width\":300,\"height\":87,\"caption\":\"Transtoyou - FI\"},\"image\":{\"@id\":\"https:\/\/www.transtoyou.com\/fi\/#\/schema\/logo\/image\/\"}}]}<\/script>\n<!-- \/ Yoast SEO plugin. -->","yoast_head_json":{"title":"Lenzetto | Helppo K\u00e4ytt\u00f6 Hormonisuihke - Transtoyou","description":"Lenzetto, saatavilla Transtoyou'sta, tarjoaa tehokasta helpotusta vaihdevuosien oireisiin. Tutustu sen etuihin ja osta nyt k\u00e4tev\u00e4 ratkaisu.","robots":{"index":"noindex","follow":"follow","max-snippet":"max-snippet:-1","max-image-preview":"max-image-preview:large","max-video-preview":"max-video-preview:-1"},"og_locale":"fi_FI","og_type":"article","og_title":"Lenzetto | Helppo K\u00e4ytt\u00f6 Hormonisuihke - Transtoyou","og_description":"Lenzetto, saatavilla Transtoyou'sta, tarjoaa tehokasta helpotusta vaihdevuosien oireisiin. Tutustu sen etuihin ja osta nyt k\u00e4tev\u00e4 ratkaisu.","og_url":"https:\/\/www.transtoyou.com\/fi\/product\/lenzetto\/","og_site_name":"Transtoyou - FI","article_modified_time":"2026-01-23T21:40:27+00:00","twitter_card":"summary_large_image","twitter_misc":{"Arvioitu lukuaika":"1 minuutti"},"schema":{"@context":"https:\/\/schema.org","@graph":[{"@type":"WebPage","@id":"https:\/\/www.transtoyou.com\/fi\/product\/lenzetto\/","url":"https:\/\/www.transtoyou.com\/fi\/product\/lenzetto\/","name":"Lenzetto | Helppo K\u00e4ytt\u00f6 Hormonisuihke - Transtoyou","isPartOf":{"@id":"https:\/\/www.transtoyou.com\/fi\/#website"},"primaryImageOfPage":{"@id":"https:\/\/www.transtoyou.com\/fi\/product\/lenzetto\/#primaryimage"},"image":{"@id":"https:\/\/www.transtoyou.com\/fi\/product\/lenzetto\/#primaryimage"},"thumbnailUrl":"https:\/\/www.transtoyou.com\/fi\/wp-content\/uploads\/sites\/16\/2026\/01\/tty-no-product-image-51.webp","datePublished":"2026-01-23T21:39:24+00:00","dateModified":"2026-01-23T21:40:27+00:00","description":"Lenzetto, saatavilla Transtoyou'sta, tarjoaa tehokasta helpotusta vaihdevuosien oireisiin. Tutustu sen etuihin ja osta nyt k\u00e4tev\u00e4 ratkaisu.","breadcrumb":{"@id":"https:\/\/www.transtoyou.com\/fi\/product\/lenzetto\/#breadcrumb"},"inLanguage":"fi","potentialAction":[{"@type":"ReadAction","target":["https:\/\/www.transtoyou.com\/fi\/product\/lenzetto\/"]}]},{"@type":"ImageObject","inLanguage":"fi","@id":"https:\/\/www.transtoyou.com\/fi\/product\/lenzetto\/#primaryimage","url":"https:\/\/www.transtoyou.com\/fi\/wp-content\/uploads\/sites\/16\/2026\/01\/tty-no-product-image-51.webp","contentUrl":"https:\/\/www.transtoyou.com\/fi\/wp-content\/uploads\/sites\/16\/2026\/01\/tty-no-product-image-51.webp","width":1000,"height":1000,"caption":"Oletusarvoinen tuotekuva"},{"@type":"WebSite","@id":"https:\/\/www.transtoyou.com\/fi\/#website","url":"https:\/\/www.transtoyou.com\/fi\/","name":"Transtoyou - FI","description":"","publisher":{"@id":"https:\/\/www.transtoyou.com\/fi\/#organization"},"potentialAction":[{"@type":"SearchAction","target":{"@type":"EntryPoint","urlTemplate":"https:\/\/www.transtoyou.com\/fi\/?s={search_term_string}"},"query-input":{"@type":"PropertyValueSpecification","valueRequired":true,"valueName":"search_term_string"}}],"inLanguage":"fi"},{"@type":"Organization","@id":"https:\/\/www.transtoyou.com\/fi\/#organization","name":"Transtoyou - FI","url":"https:\/\/www.transtoyou.com\/fi\/","logo":{"@type":"ImageObject","inLanguage":"fi","@id":"https:\/\/www.transtoyou.com\/fi\/#\/schema\/logo\/image\/","url":"https:\/\/www.transtoyou.com\/fi\/wp-content\/uploads\/sites\/16\/2026\/01\/logo-tty-menu-bar-300x87-1.webp","contentUrl":"https:\/\/www.transtoyou.com\/fi\/wp-content\/uploads\/sites\/16\/2026\/01\/logo-tty-menu-bar-300x87-1.webp","width":300,"height":87,"caption":"Transtoyou - FI"},"image":{"@id":"https:\/\/www.transtoyou.com\/fi\/#\/schema\/logo\/image\/"}}]}},"_links":{"self":[{"href":"https:\/\/www.transtoyou.com\/fi\/wp-json\/wp\/v2\/product\/639","targetHints":{"allow":["GET"]}}],"collection":[{"href":"https:\/\/www.transtoyou.com\/fi\/wp-json\/wp\/v2\/product"}],"about":[{"href":"https:\/\/www.transtoyou.com\/fi\/wp-json\/wp\/v2\/types\/product"}],"replies":[{"embeddable":true,"href":"https:\/\/www.transtoyou.com\/fi\/wp-json\/wp\/v2\/comments?post=639"}],"wp:featuredmedia":[{"embeddable":true,"href":"https:\/\/www.transtoyou.com\/fi\/wp-json\/wp\/v2\/media\/641"}],"wp:attachment":[{"href":"https:\/\/www.transtoyou.com\/fi\/wp-json\/wp\/v2\/media?parent=639"}],"wp:term":[{"taxonomy":"product_brand","embeddable":true,"href":"https:\/\/www.transtoyou.com\/fi\/wp-json\/wp\/v2\/product_brand?post=639"},{"taxonomy":"product_cat","embeddable":true,"href":"https:\/\/www.transtoyou.com\/fi\/wp-json\/wp\/v2\/product_cat?post=639"},{"taxonomy":"product_tag","embeddable":true,"href":"https:\/\/www.transtoyou.com\/fi\/wp-json\/wp\/v2\/product_tag?post=639"},{"taxonomy":"expert","embeddable":true,"href":"https:\/\/www.transtoyou.com\/fi\/wp-json\/wp\/v2\/expert?post=639"}],"curies":[{"name":"wp","href":"https:\/\/api.w.org\/{rel}","templated":true}]}}