{"id":648,"date":"2026-01-23T22:28:17","date_gmt":"2026-01-23T22:28:17","guid":{"rendered":"https:\/\/www.transtoyou.com\/fi\/product\/metoprolol\/"},"modified":"2026-02-26T08:51:24","modified_gmt":"2026-02-26T08:51:24","slug":"metoprololi","status":"publish","type":"product","link":"https:\/\/www.transtoyou.com\/fi\/product\/metoprololi\/","title":{"rendered":"Metoprololi"},"content":{"rendered":"<p>Metoprololi on l\u00e4\u00e4kitys, joka kuuluu beetasalpaajien luokkaan ja jota m\u00e4\u00e4r\u00e4t\u00e4\u00e4n yleisesti korkean verenpaineen hallintaan. Hidastamalla syd\u00e4men sykett\u00e4 ja v\u00e4hent\u00e4m\u00e4ll\u00e4 syd\u00e4men supistusten voimaa se auttaa syd\u00e4nt\u00e4 toimimaan tehokkaammin ja v\u00e4hent\u00e4\u00e4 painetta verisuonissa. T\u00e4m\u00e4 tekee siit\u00e4 vaihtoehdon sek\u00e4 alkuvaiheen ett\u00e4 pitk\u00e4aikaisissa hoitosuunnitelmissa hypertensiolle.<\/p>\n<p>Kun verenpaine pysyy koholla pitk\u00e4\u00e4n, se lis\u00e4\u00e4 vakavien terveyskomplikaatioiden riski\u00e4, kuten syd\u00e4ninfarkti, aivohalvaus tai munuaisvaurio. Metoprololi toimii est\u00e4m\u00e4ll\u00e4 tiettyjen luonnollisten kemikaalien, kuten adrenaliinin, vaikutusta syd\u00e4mess\u00e4 ja verisuonissa. T\u00e4m\u00e4n seurauksena se alentaa syd\u00e4men sykett\u00e4 ja helpottaa syd\u00e4n- ja verisuonij\u00e4rjestelm\u00e4n kuormitusta.<\/p>\n<p>Metoprololia otetaan tyypillisesti tablettimuodossa kerran tai kaksi kertaa p\u00e4iv\u00e4ss\u00e4. Metoprololia k\u00e4ytt\u00e4v\u00e4t ihmiset eiv\u00e4t yleens\u00e4 tunne sen vaikutuksia suoraan, mutta ajan my\u00f6t\u00e4 se auttaa suojaamaan syd\u00e4nt\u00e4 ja verisuonia pitk\u00e4aikaisen hypertension aiheuttamalta vahingolta. S\u00e4\u00e4nn\u00f6llinen k\u00e4ytt\u00f6 on olennaista, jotta verenpaine pysyy vakaana ja komplikaatioilta voidaan v\u00e4ltty\u00e4, vaikka oireita ei olisikaan.<\/p>\n<p>Metoprololi voi aiheuttaa joitakin lievi\u00e4 haittavaikutuksia, kuten v\u00e4symyst\u00e4, kylmi\u00e4 raajoja tai huimausta, erityisesti l\u00e4\u00e4kityksen alussa. N\u00e4m\u00e4 yleens\u00e4 v\u00e4henev\u00e4t kehon sopeutuessa. Kuten kaikissa verenpainehoidoissa, s\u00e4\u00e4nn\u00f6llinen seuranta ja l\u00e4\u00e4k\u00e4rin tarkastus ovat t\u00e4rkeit\u00e4 turvallisuuden ja tehokkuuden varmistamiseksi.<\/p>\n","protected":false},"excerpt":{"rendered":"<ul>\n<li>P\u00e4ivitt\u00e4inen syd\u00e4men selektiivinen salpaaja<\/li>\n<li>Todistettu v\u00e4hent\u00e4m\u00e4\u00e4n syd\u00e4ninfarktin j\u00e4lkeisi\u00e4 kuolemia<\/li>\n<li>Hillitsee pulssia, painetta, syd\u00e4mentykytyksi\u00e4<\/li>\n<\/ul>\n","protected":false},"featured_media":650,"comment_status":"open","ping_status":"closed","template":"","meta":[],"product_brand":[],"product_cat":[117],"product_tag":[],"expert":[21],"class_list":{"0":"post-648","1":"product","2":"type-product","3":"status-publish","4":"has-post-thumbnail","6":"product_cat-korkea-verenpaine","7":"expert-dr-m-sharoyko","9":"first","10":"instock","11":"shipping-taxable","12":"product-type-variable"},"yoast_head":"<!-- This site is optimized with the Yoast SEO plugin v27.0 - https:\/\/yoast.com\/product\/yoast-seo-wordpress\/ -->\n<title>Metoprololi | Tehokas verenpaineen hallinta - Transtoyou<\/title>\n<meta name=\"description\" content=\"Tutustu Metoprololiin, beetasalpaajaan korkeaan verenpaineeseen, saatavilla Transtoyou. V\u00e4hent\u00e4\u00e4 syd\u00e4men kuormitusta ja parantaa syd\u00e4nterveytt\u00e4.\" \/>\n<meta name=\"robots\" content=\"noindex, follow, max-snippet:-1, max-image-preview:large, max-video-preview:-1\" \/>\n<meta property=\"og:locale\" content=\"fi_FI\" \/>\n<meta property=\"og:type\" content=\"article\" \/>\n<meta property=\"og:title\" content=\"Metoprololi | Tehokas verenpaineen hallinta - Transtoyou\" \/>\n<meta property=\"og:description\" content=\"Tutustu Metoprololiin, beetasalpaajaan korkeaan verenpaineeseen, saatavilla Transtoyou. V\u00e4hent\u00e4\u00e4 syd\u00e4men kuormitusta ja parantaa syd\u00e4nterveytt\u00e4.\" \/>\n<meta property=\"og:url\" content=\"https:\/\/www.transtoyou.com\/fi\/product\/metoprolol\/\" \/>\n<meta property=\"og:site_name\" content=\"Transtoyou - FI\" \/>\n<meta property=\"article:modified_time\" content=\"2026-02-26T08:51:24+00:00\" \/>\n<meta name=\"twitter:card\" content=\"summary_large_image\" \/>\n<meta name=\"twitter:label1\" content=\"Arvioitu lukuaika\" \/>\n\t<meta name=\"twitter:data1\" content=\"1 minuutti\" \/>\n<script type=\"application\/ld+json\" class=\"yoast-schema-graph\">{\"@context\":\"https:\/\/schema.org\",\"@graph\":[{\"@type\":\"WebPage\",\"@id\":\"https:\/\/www.transtoyou.com\/fi\/product\/metoprolol\/\",\"url\":\"https:\/\/www.transtoyou.com\/fi\/product\/metoprolol\/\",\"name\":\"Metoprololi | Tehokas verenpaineen hallinta - Transtoyou\",\"isPartOf\":{\"@id\":\"https:\/\/www.transtoyou.com\/fi\/#website\"},\"primaryImageOfPage\":{\"@id\":\"https:\/\/www.transtoyou.com\/fi\/product\/metoprolol\/#primaryimage\"},\"image\":{\"@id\":\"https:\/\/www.transtoyou.com\/fi\/product\/metoprolol\/#primaryimage\"},\"thumbnailUrl\":\"https:\/\/www.transtoyou.com\/fi\/wp-content\/uploads\/sites\/16\/2026\/01\/tty-no-product-image-54.webp\",\"datePublished\":\"2026-01-23T22:28:17+00:00\",\"dateModified\":\"2026-02-26T08:51:24+00:00\",\"description\":\"Tutustu Metoprololiin, beetasalpaajaan korkeaan verenpaineeseen, saatavilla Transtoyou. V\u00e4hent\u00e4\u00e4 syd\u00e4men kuormitusta ja parantaa syd\u00e4nterveytt\u00e4.\",\"breadcrumb\":{\"@id\":\"https:\/\/www.transtoyou.com\/fi\/product\/metoprolol\/#breadcrumb\"},\"inLanguage\":\"fi\",\"potentialAction\":[{\"@type\":\"ReadAction\",\"target\":[\"https:\/\/www.transtoyou.com\/fi\/product\/metoprolol\/\"]}]},{\"@type\":\"ImageObject\",\"inLanguage\":\"fi\",\"@id\":\"https:\/\/www.transtoyou.com\/fi\/product\/metoprolol\/#primaryimage\",\"url\":\"https:\/\/www.transtoyou.com\/fi\/wp-content\/uploads\/sites\/16\/2026\/01\/tty-no-product-image-54.webp\",\"contentUrl\":\"https:\/\/www.transtoyou.com\/fi\/wp-content\/uploads\/sites\/16\/2026\/01\/tty-no-product-image-54.webp\",\"width\":1000,\"height\":1000,\"caption\":\"Oletusarvoinen tuotekuva\"},{\"@type\":\"WebSite\",\"@id\":\"https:\/\/www.transtoyou.com\/fi\/#website\",\"url\":\"https:\/\/www.transtoyou.com\/fi\/\",\"name\":\"Transtoyou - FI\",\"description\":\"\",\"publisher\":{\"@id\":\"https:\/\/www.transtoyou.com\/fi\/#organization\"},\"potentialAction\":[{\"@type\":\"SearchAction\",\"target\":{\"@type\":\"EntryPoint\",\"urlTemplate\":\"https:\/\/www.transtoyou.com\/fi\/?s={search_term_string}\"},\"query-input\":{\"@type\":\"PropertyValueSpecification\",\"valueRequired\":true,\"valueName\":\"search_term_string\"}}],\"inLanguage\":\"fi\"},{\"@type\":\"Organization\",\"@id\":\"https:\/\/www.transtoyou.com\/fi\/#organization\",\"name\":\"Transtoyou - FI\",\"url\":\"https:\/\/www.transtoyou.com\/fi\/\",\"logo\":{\"@type\":\"ImageObject\",\"inLanguage\":\"fi\",\"@id\":\"https:\/\/www.transtoyou.com\/fi\/#\/schema\/logo\/image\/\",\"url\":\"https:\/\/www.transtoyou.com\/fi\/wp-content\/uploads\/sites\/16\/2026\/01\/logo-tty-menu-bar-300x87-1.webp\",\"contentUrl\":\"https:\/\/www.transtoyou.com\/fi\/wp-content\/uploads\/sites\/16\/2026\/01\/logo-tty-menu-bar-300x87-1.webp\",\"width\":300,\"height\":87,\"caption\":\"Transtoyou - FI\"},\"image\":{\"@id\":\"https:\/\/www.transtoyou.com\/fi\/#\/schema\/logo\/image\/\"}}]}<\/script>\n<!-- \/ Yoast SEO plugin. -->","yoast_head_json":{"title":"Metoprololi | Tehokas verenpaineen hallinta - Transtoyou","description":"Tutustu Metoprololiin, beetasalpaajaan korkeaan verenpaineeseen, saatavilla Transtoyou. V\u00e4hent\u00e4\u00e4 syd\u00e4men kuormitusta ja parantaa syd\u00e4nterveytt\u00e4.","robots":{"index":"noindex","follow":"follow","max-snippet":"max-snippet:-1","max-image-preview":"max-image-preview:large","max-video-preview":"max-video-preview:-1"},"og_locale":"fi_FI","og_type":"article","og_title":"Metoprololi | Tehokas verenpaineen hallinta - Transtoyou","og_description":"Tutustu Metoprololiin, beetasalpaajaan korkeaan verenpaineeseen, saatavilla Transtoyou. V\u00e4hent\u00e4\u00e4 syd\u00e4men kuormitusta ja parantaa syd\u00e4nterveytt\u00e4.","og_url":"https:\/\/www.transtoyou.com\/fi\/product\/metoprolol\/","og_site_name":"Transtoyou - FI","article_modified_time":"2026-02-26T08:51:24+00:00","twitter_card":"summary_large_image","twitter_misc":{"Arvioitu lukuaika":"1 minuutti"},"schema":{"@context":"https:\/\/schema.org","@graph":[{"@type":"WebPage","@id":"https:\/\/www.transtoyou.com\/fi\/product\/metoprolol\/","url":"https:\/\/www.transtoyou.com\/fi\/product\/metoprolol\/","name":"Metoprololi | Tehokas verenpaineen hallinta - Transtoyou","isPartOf":{"@id":"https:\/\/www.transtoyou.com\/fi\/#website"},"primaryImageOfPage":{"@id":"https:\/\/www.transtoyou.com\/fi\/product\/metoprolol\/#primaryimage"},"image":{"@id":"https:\/\/www.transtoyou.com\/fi\/product\/metoprolol\/#primaryimage"},"thumbnailUrl":"https:\/\/www.transtoyou.com\/fi\/wp-content\/uploads\/sites\/16\/2026\/01\/tty-no-product-image-54.webp","datePublished":"2026-01-23T22:28:17+00:00","dateModified":"2026-02-26T08:51:24+00:00","description":"Tutustu Metoprololiin, beetasalpaajaan korkeaan verenpaineeseen, saatavilla Transtoyou. V\u00e4hent\u00e4\u00e4 syd\u00e4men kuormitusta ja parantaa syd\u00e4nterveytt\u00e4.","breadcrumb":{"@id":"https:\/\/www.transtoyou.com\/fi\/product\/metoprolol\/#breadcrumb"},"inLanguage":"fi","potentialAction":[{"@type":"ReadAction","target":["https:\/\/www.transtoyou.com\/fi\/product\/metoprolol\/"]}]},{"@type":"ImageObject","inLanguage":"fi","@id":"https:\/\/www.transtoyou.com\/fi\/product\/metoprolol\/#primaryimage","url":"https:\/\/www.transtoyou.com\/fi\/wp-content\/uploads\/sites\/16\/2026\/01\/tty-no-product-image-54.webp","contentUrl":"https:\/\/www.transtoyou.com\/fi\/wp-content\/uploads\/sites\/16\/2026\/01\/tty-no-product-image-54.webp","width":1000,"height":1000,"caption":"Oletusarvoinen tuotekuva"},{"@type":"WebSite","@id":"https:\/\/www.transtoyou.com\/fi\/#website","url":"https:\/\/www.transtoyou.com\/fi\/","name":"Transtoyou - FI","description":"","publisher":{"@id":"https:\/\/www.transtoyou.com\/fi\/#organization"},"potentialAction":[{"@type":"SearchAction","target":{"@type":"EntryPoint","urlTemplate":"https:\/\/www.transtoyou.com\/fi\/?s={search_term_string}"},"query-input":{"@type":"PropertyValueSpecification","valueRequired":true,"valueName":"search_term_string"}}],"inLanguage":"fi"},{"@type":"Organization","@id":"https:\/\/www.transtoyou.com\/fi\/#organization","name":"Transtoyou - FI","url":"https:\/\/www.transtoyou.com\/fi\/","logo":{"@type":"ImageObject","inLanguage":"fi","@id":"https:\/\/www.transtoyou.com\/fi\/#\/schema\/logo\/image\/","url":"https:\/\/www.transtoyou.com\/fi\/wp-content\/uploads\/sites\/16\/2026\/01\/logo-tty-menu-bar-300x87-1.webp","contentUrl":"https:\/\/www.transtoyou.com\/fi\/wp-content\/uploads\/sites\/16\/2026\/01\/logo-tty-menu-bar-300x87-1.webp","width":300,"height":87,"caption":"Transtoyou - FI"},"image":{"@id":"https:\/\/www.transtoyou.com\/fi\/#\/schema\/logo\/image\/"}}]}},"_links":{"self":[{"href":"https:\/\/www.transtoyou.com\/fi\/wp-json\/wp\/v2\/product\/648","targetHints":{"allow":["GET"]}}],"collection":[{"href":"https:\/\/www.transtoyou.com\/fi\/wp-json\/wp\/v2\/product"}],"about":[{"href":"https:\/\/www.transtoyou.com\/fi\/wp-json\/wp\/v2\/types\/product"}],"replies":[{"embeddable":true,"href":"https:\/\/www.transtoyou.com\/fi\/wp-json\/wp\/v2\/comments?post=648"}],"wp:featuredmedia":[{"embeddable":true,"href":"https:\/\/www.transtoyou.com\/fi\/wp-json\/wp\/v2\/media\/650"}],"wp:attachment":[{"href":"https:\/\/www.transtoyou.com\/fi\/wp-json\/wp\/v2\/media?parent=648"}],"wp:term":[{"taxonomy":"product_brand","embeddable":true,"href":"https:\/\/www.transtoyou.com\/fi\/wp-json\/wp\/v2\/product_brand?post=648"},{"taxonomy":"product_cat","embeddable":true,"href":"https:\/\/www.transtoyou.com\/fi\/wp-json\/wp\/v2\/product_cat?post=648"},{"taxonomy":"product_tag","embeddable":true,"href":"https:\/\/www.transtoyou.com\/fi\/wp-json\/wp\/v2\/product_tag?post=648"},{"taxonomy":"expert","embeddable":true,"href":"https:\/\/www.transtoyou.com\/fi\/wp-json\/wp\/v2\/expert?post=648"}],"curies":[{"name":"wp","href":"https:\/\/api.w.org\/{rel}","templated":true}]}}