{"id":651,"date":"2026-01-23T22:43:30","date_gmt":"2026-01-23T22:43:30","guid":{"rendered":"https:\/\/www.transtoyou.com\/fi\/product\/testavan\/"},"modified":"2026-03-01T09:41:03","modified_gmt":"2026-03-01T09:41:03","slug":"testaava","status":"publish","type":"product","link":"https:\/\/www.transtoyou.com\/fi\/product\/testaava\/","title":{"rendered":"Testaus"},"content":{"rendered":"<p>Testavan on testosteronigeeli, joka levitet\u00e4\u00e4n suoraan iholle ja on suunniteltu hoitamaan alhaisia testosteronitasoja aikuisilla miehill\u00e4 ja henkil\u00f6ill\u00e4, jotka saavat maskulinisoivaa hormonihoitoa. Se tarjoaa ei-invasiivisen ja k\u00e4tev\u00e4n vaihtoehdon injektioille, yll\u00e4pit\u00e4en tasaisia hormonitasoja p\u00e4ivitt\u00e4isen paikallisen k\u00e4yt\u00f6n kautta. Testavan on my\u00f6s k\u00e4yt\u00f6ss\u00e4 testosteronipohjaisessa hoidossa vanhemmilla aikuisilla, miss\u00e4 se voi auttaa tukemaan elinvoimaa ja energiaa joillakin kliinisesti todetuista testosteronivajeista k\u00e4rsivill\u00e4 henkil\u00f6ill\u00e4.<\/p>\n<p>Geeli sis\u00e4lt\u00e4\u00e4 testosteronia koostumuksessa, joka imeytyy nopeasti ihon l\u00e4pi, tuoden hormonin verenkiertoon. Sen on todettu vaikuttavan esimerkiksi mielialan parantamiseen, lihasmassan lis\u00e4\u00e4ntymiseen, energian lis\u00e4\u00e4ntymiseen, libidon kohentumiseen ja sukupuoli-identiteetti\u00e4 vahvistavassa hoidossa maskulinisoivien fyysisten piirteiden, kuten kasvojen karvoituksen, \u00e4\u00e4nen syventymisen ja kuukautisten loppumisen, kehittymiseen.<\/p>\n<p>Testavan levitet\u00e4\u00e4n kerran p\u00e4iv\u00e4ss\u00e4, tyypillisesti yl\u00e4k\u00e4sivarteen tai olkap\u00e4\u00e4lle. Nopeasti kuivuva geeli ei v\u00e4ltt\u00e4m\u00e4tt\u00e4 vaadi t\u00e4ydellist\u00e4 hieromista, mutta se tulisi levitt\u00e4\u00e4 kevyesti ohjeiden mukaan, ja varotoimia on noudatettava, jotta v\u00e4ltet\u00e4\u00e4n kosketus muihin. Sen helppok\u00e4ytt\u00f6isyys tekee siit\u00e4 suositun vaihtoehdon henkil\u00f6ille, jotka valitsevat paikallisen l\u00e4hestymistavan hormonihoitoon tai haluavat v\u00e4ltt\u00e4\u00e4 usein toistuvia injektioita.<\/p>\n<p>Kuten kaikissa testosteronihoidoissa, Testavan vaatii s\u00e4\u00e4nn\u00f6llist\u00e4 hormonitasojen ja muiden terveysparametrien seurantaa. Haittavaikutuksia voivat olla ihon \u00e4rsytys levitysalueella, akne, mielialan muutokset tai lis\u00e4\u00e4ntynyt punasolujen m\u00e4\u00e4r\u00e4. Se on vasta-aiheista henkil\u00f6ill\u00e4, joilla on ollut eturauhas- tai rintasy\u00f6p\u00e4\u00e4, ja se on ehdottomasti vasta-aiheista raskaana oleville tai raskaaksi tuleville henkil\u00f6ille.<\/p>\n","protected":false},"excerpt":{"rendered":"<ul>\n<li>Pintak\u00e4ytt\u00f6inen testosteronigeeli<\/li>\n<li>Voi tukea maskulinisaatiota ja energiaa<\/li>\n<li>P\u00e4ivitt\u00e4inen, ei-invasiivinen k\u00e4ytt\u00f6<\/li>\n<\/ul>\n","protected":false},"featured_media":654,"comment_status":"open","ping_status":"closed","template":"","meta":[],"product_brand":[],"product_cat":[149,150],"product_tag":[],"expert":[19],"class_list":{"0":"post-651","1":"product","2":"type-product","3":"status-publish","4":"has-post-thumbnail","6":"product_cat-testosteroni-ikaantymisen-estaminen","7":"product_cat-testosteroni-ja-maskulinisoiva-terapia","8":"expert-dr-j-vazquez","10":"first","11":"instock","12":"shipping-taxable","13":"product-type-variable"},"yoast_head":"<!-- This site is optimized with the Yoast SEO plugin v27.0 - https:\/\/yoast.com\/product\/yoast-seo-wordpress\/ -->\n<title>Testavan | K\u00e4tev\u00e4 p\u00e4ivitt\u00e4inen testosteronigeeli - Transtoyou<\/title>\n<meta name=\"description\" content=\"Testavan testosteroni geeli lis\u00e4\u00e4 energiaa ja elinvoimaa. Osta nyt ei-invasiivinen ratkaisu matalaan testosteroniin Transtoyousta.\" \/>\n<meta name=\"robots\" content=\"noindex, follow, max-snippet:-1, max-image-preview:large, max-video-preview:-1\" \/>\n<meta property=\"og:locale\" content=\"fi_FI\" \/>\n<meta property=\"og:type\" content=\"article\" \/>\n<meta property=\"og:title\" content=\"Testavan | K\u00e4tev\u00e4 p\u00e4ivitt\u00e4inen testosteronigeeli - Transtoyou\" \/>\n<meta property=\"og:description\" content=\"Testavan testosteroni geeli lis\u00e4\u00e4 energiaa ja elinvoimaa. Osta nyt ei-invasiivinen ratkaisu matalaan testosteroniin Transtoyousta.\" \/>\n<meta property=\"og:url\" content=\"https:\/\/www.transtoyou.com\/fi\/product\/testavan\/\" \/>\n<meta property=\"og:site_name\" content=\"Transtoyou - FI\" \/>\n<meta property=\"article:modified_time\" content=\"2026-03-01T09:41:03+00:00\" \/>\n<meta name=\"twitter:card\" content=\"summary_large_image\" \/>\n<meta name=\"twitter:label1\" content=\"Arvioitu lukuaika\" \/>\n\t<meta name=\"twitter:data1\" content=\"1 minuutti\" \/>\n<script type=\"application\/ld+json\" class=\"yoast-schema-graph\">{\"@context\":\"https:\/\/schema.org\",\"@graph\":[{\"@type\":\"WebPage\",\"@id\":\"https:\/\/www.transtoyou.com\/fi\/product\/testavan\/\",\"url\":\"https:\/\/www.transtoyou.com\/fi\/product\/testavan\/\",\"name\":\"Testavan | K\u00e4tev\u00e4 p\u00e4ivitt\u00e4inen testosteronigeeli - Transtoyou\",\"isPartOf\":{\"@id\":\"https:\/\/www.transtoyou.com\/fi\/#website\"},\"primaryImageOfPage\":{\"@id\":\"https:\/\/www.transtoyou.com\/fi\/product\/testavan\/#primaryimage\"},\"image\":{\"@id\":\"https:\/\/www.transtoyou.com\/fi\/product\/testavan\/#primaryimage\"},\"thumbnailUrl\":\"https:\/\/www.transtoyou.com\/fi\/wp-content\/uploads\/sites\/16\/2026\/01\/tty-no-product-image-55.webp\",\"datePublished\":\"2026-01-23T22:43:30+00:00\",\"dateModified\":\"2026-03-01T09:41:03+00:00\",\"description\":\"Testavan testosteroni geeli lis\u00e4\u00e4 energiaa ja elinvoimaa. Osta nyt ei-invasiivinen ratkaisu matalaan testosteroniin Transtoyousta.\",\"breadcrumb\":{\"@id\":\"https:\/\/www.transtoyou.com\/fi\/product\/testavan\/#breadcrumb\"},\"inLanguage\":\"fi\",\"potentialAction\":[{\"@type\":\"ReadAction\",\"target\":[\"https:\/\/www.transtoyou.com\/fi\/product\/testavan\/\"]}]},{\"@type\":\"ImageObject\",\"inLanguage\":\"fi\",\"@id\":\"https:\/\/www.transtoyou.com\/fi\/product\/testavan\/#primaryimage\",\"url\":\"https:\/\/www.transtoyou.com\/fi\/wp-content\/uploads\/sites\/16\/2026\/01\/tty-no-product-image-55.webp\",\"contentUrl\":\"https:\/\/www.transtoyou.com\/fi\/wp-content\/uploads\/sites\/16\/2026\/01\/tty-no-product-image-55.webp\",\"width\":1000,\"height\":1000,\"caption\":\"Oletusarvoinen tuotekuva\"},{\"@type\":\"WebSite\",\"@id\":\"https:\/\/www.transtoyou.com\/fi\/#website\",\"url\":\"https:\/\/www.transtoyou.com\/fi\/\",\"name\":\"Transtoyou - FI\",\"description\":\"\",\"publisher\":{\"@id\":\"https:\/\/www.transtoyou.com\/fi\/#organization\"},\"potentialAction\":[{\"@type\":\"SearchAction\",\"target\":{\"@type\":\"EntryPoint\",\"urlTemplate\":\"https:\/\/www.transtoyou.com\/fi\/?s={search_term_string}\"},\"query-input\":{\"@type\":\"PropertyValueSpecification\",\"valueRequired\":true,\"valueName\":\"search_term_string\"}}],\"inLanguage\":\"fi\"},{\"@type\":\"Organization\",\"@id\":\"https:\/\/www.transtoyou.com\/fi\/#organization\",\"name\":\"Transtoyou - FI\",\"url\":\"https:\/\/www.transtoyou.com\/fi\/\",\"logo\":{\"@type\":\"ImageObject\",\"inLanguage\":\"fi\",\"@id\":\"https:\/\/www.transtoyou.com\/fi\/#\/schema\/logo\/image\/\",\"url\":\"https:\/\/www.transtoyou.com\/fi\/wp-content\/uploads\/sites\/16\/2026\/01\/logo-tty-menu-bar-300x87-1.webp\",\"contentUrl\":\"https:\/\/www.transtoyou.com\/fi\/wp-content\/uploads\/sites\/16\/2026\/01\/logo-tty-menu-bar-300x87-1.webp\",\"width\":300,\"height\":87,\"caption\":\"Transtoyou - FI\"},\"image\":{\"@id\":\"https:\/\/www.transtoyou.com\/fi\/#\/schema\/logo\/image\/\"}}]}<\/script>\n<!-- \/ Yoast SEO plugin. -->","yoast_head_json":{"title":"Testavan | K\u00e4tev\u00e4 p\u00e4ivitt\u00e4inen testosteronigeeli - Transtoyou","description":"Testavan testosteroni geeli lis\u00e4\u00e4 energiaa ja elinvoimaa. Osta nyt ei-invasiivinen ratkaisu matalaan testosteroniin Transtoyousta.","robots":{"index":"noindex","follow":"follow","max-snippet":"max-snippet:-1","max-image-preview":"max-image-preview:large","max-video-preview":"max-video-preview:-1"},"og_locale":"fi_FI","og_type":"article","og_title":"Testavan | K\u00e4tev\u00e4 p\u00e4ivitt\u00e4inen testosteronigeeli - Transtoyou","og_description":"Testavan testosteroni geeli lis\u00e4\u00e4 energiaa ja elinvoimaa. Osta nyt ei-invasiivinen ratkaisu matalaan testosteroniin Transtoyousta.","og_url":"https:\/\/www.transtoyou.com\/fi\/product\/testavan\/","og_site_name":"Transtoyou - FI","article_modified_time":"2026-03-01T09:41:03+00:00","twitter_card":"summary_large_image","twitter_misc":{"Arvioitu lukuaika":"1 minuutti"},"schema":{"@context":"https:\/\/schema.org","@graph":[{"@type":"WebPage","@id":"https:\/\/www.transtoyou.com\/fi\/product\/testavan\/","url":"https:\/\/www.transtoyou.com\/fi\/product\/testavan\/","name":"Testavan | K\u00e4tev\u00e4 p\u00e4ivitt\u00e4inen testosteronigeeli - Transtoyou","isPartOf":{"@id":"https:\/\/www.transtoyou.com\/fi\/#website"},"primaryImageOfPage":{"@id":"https:\/\/www.transtoyou.com\/fi\/product\/testavan\/#primaryimage"},"image":{"@id":"https:\/\/www.transtoyou.com\/fi\/product\/testavan\/#primaryimage"},"thumbnailUrl":"https:\/\/www.transtoyou.com\/fi\/wp-content\/uploads\/sites\/16\/2026\/01\/tty-no-product-image-55.webp","datePublished":"2026-01-23T22:43:30+00:00","dateModified":"2026-03-01T09:41:03+00:00","description":"Testavan testosteroni geeli lis\u00e4\u00e4 energiaa ja elinvoimaa. Osta nyt ei-invasiivinen ratkaisu matalaan testosteroniin Transtoyousta.","breadcrumb":{"@id":"https:\/\/www.transtoyou.com\/fi\/product\/testavan\/#breadcrumb"},"inLanguage":"fi","potentialAction":[{"@type":"ReadAction","target":["https:\/\/www.transtoyou.com\/fi\/product\/testavan\/"]}]},{"@type":"ImageObject","inLanguage":"fi","@id":"https:\/\/www.transtoyou.com\/fi\/product\/testavan\/#primaryimage","url":"https:\/\/www.transtoyou.com\/fi\/wp-content\/uploads\/sites\/16\/2026\/01\/tty-no-product-image-55.webp","contentUrl":"https:\/\/www.transtoyou.com\/fi\/wp-content\/uploads\/sites\/16\/2026\/01\/tty-no-product-image-55.webp","width":1000,"height":1000,"caption":"Oletusarvoinen tuotekuva"},{"@type":"WebSite","@id":"https:\/\/www.transtoyou.com\/fi\/#website","url":"https:\/\/www.transtoyou.com\/fi\/","name":"Transtoyou - FI","description":"","publisher":{"@id":"https:\/\/www.transtoyou.com\/fi\/#organization"},"potentialAction":[{"@type":"SearchAction","target":{"@type":"EntryPoint","urlTemplate":"https:\/\/www.transtoyou.com\/fi\/?s={search_term_string}"},"query-input":{"@type":"PropertyValueSpecification","valueRequired":true,"valueName":"search_term_string"}}],"inLanguage":"fi"},{"@type":"Organization","@id":"https:\/\/www.transtoyou.com\/fi\/#organization","name":"Transtoyou - FI","url":"https:\/\/www.transtoyou.com\/fi\/","logo":{"@type":"ImageObject","inLanguage":"fi","@id":"https:\/\/www.transtoyou.com\/fi\/#\/schema\/logo\/image\/","url":"https:\/\/www.transtoyou.com\/fi\/wp-content\/uploads\/sites\/16\/2026\/01\/logo-tty-menu-bar-300x87-1.webp","contentUrl":"https:\/\/www.transtoyou.com\/fi\/wp-content\/uploads\/sites\/16\/2026\/01\/logo-tty-menu-bar-300x87-1.webp","width":300,"height":87,"caption":"Transtoyou - FI"},"image":{"@id":"https:\/\/www.transtoyou.com\/fi\/#\/schema\/logo\/image\/"}}]}},"_links":{"self":[{"href":"https:\/\/www.transtoyou.com\/fi\/wp-json\/wp\/v2\/product\/651","targetHints":{"allow":["GET"]}}],"collection":[{"href":"https:\/\/www.transtoyou.com\/fi\/wp-json\/wp\/v2\/product"}],"about":[{"href":"https:\/\/www.transtoyou.com\/fi\/wp-json\/wp\/v2\/types\/product"}],"replies":[{"embeddable":true,"href":"https:\/\/www.transtoyou.com\/fi\/wp-json\/wp\/v2\/comments?post=651"}],"wp:featuredmedia":[{"embeddable":true,"href":"https:\/\/www.transtoyou.com\/fi\/wp-json\/wp\/v2\/media\/654"}],"wp:attachment":[{"href":"https:\/\/www.transtoyou.com\/fi\/wp-json\/wp\/v2\/media?parent=651"}],"wp:term":[{"taxonomy":"product_brand","embeddable":true,"href":"https:\/\/www.transtoyou.com\/fi\/wp-json\/wp\/v2\/product_brand?post=651"},{"taxonomy":"product_cat","embeddable":true,"href":"https:\/\/www.transtoyou.com\/fi\/wp-json\/wp\/v2\/product_cat?post=651"},{"taxonomy":"product_tag","embeddable":true,"href":"https:\/\/www.transtoyou.com\/fi\/wp-json\/wp\/v2\/product_tag?post=651"},{"taxonomy":"expert","embeddable":true,"href":"https:\/\/www.transtoyou.com\/fi\/wp-json\/wp\/v2\/expert?post=651"}],"curies":[{"name":"wp","href":"https:\/\/api.w.org\/{rel}","templated":true}]}}