{"id":661,"date":"2026-01-23T23:32:42","date_gmt":"2026-01-23T23:32:42","guid":{"rendered":"https:\/\/www.transtoyou.com\/fi\/product\/tamiflu\/"},"modified":"2026-01-23T23:33:55","modified_gmt":"2026-01-23T23:33:55","slug":"tamiflu","status":"publish","type":"product","link":"https:\/\/www.transtoyou.com\/fi\/product\/tamiflu\/","title":{"rendered":"Tamiflu"},"content":{"rendered":"<p>Tamiflu, jonka vaikuttava aine on oseltamiviiri, on antiviraalinen l\u00e4\u00e4kitys, jota k\u00e4ytet\u00e4\u00e4n influenssan hoitoon ja ehk\u00e4isyyn, jota yleisesti kutsutaan flunssaksi. Se ei ole yleinen kylm\u00e4hoito, vaan kohdennettu hoito, joka toimii influenssavirus A- ja B-tyyppej\u00e4 vastaan, jotka ovat vastuussa kausiluonteisista flunssapuhkeamista.<\/p>\n<p>Tamiflu toimii est\u00e4m\u00e4ll\u00e4 neuraminidaasi-entsyymin, ainetta, jota flunssavirus tarvitsee levit\u00e4kseen tartunnan saaneista soluista terveisiin soluihin kehossa. Est\u00e4m\u00e4ll\u00e4 t\u00e4m\u00e4n entsyymin, Tamiflu auttaa rajoittamaan viruksen levi\u00e4mist\u00e4, mik\u00e4 voi v\u00e4hent\u00e4\u00e4 sek\u00e4 oireiden vakavuutta ett\u00e4 kestoa, kuten kuumetta, vilunv\u00e4ristyksi\u00e4, kurkkukipua, lihaskipuja ja v\u00e4symyst\u00e4.<\/p>\n<p>L\u00e4\u00e4kitys on tehokkaimmillaan, kun se aloitetaan 48 tunnin kuluessa oireiden alusta, vaikka se voi silti tarjota jonkin verran hy\u00f6ty\u00e4, jos sit\u00e4 otetaan my\u00f6hemmin. Sit\u00e4 m\u00e4\u00e4r\u00e4t\u00e4\u00e4n yleisesti henkil\u00f6ille, joilla on suurempi riski flunssan komplikaatioihin, kuten vanhemmille aikuisille, henkil\u00f6ille, joilla on taustalla olevia terveysongelmia, tai niille, joiden immuunij\u00e4rjestelm\u00e4 on heikentynyt. Joissakin tapauksissa Tamiflua k\u00e4ytet\u00e4\u00e4n my\u00f6s altistuksen j\u00e4lkeisen\u00e4 ehk\u00e4isytoimenpiteen\u00e4 henkil\u00f6ille, jotka ovat altistuneet flunssalle, mutta eiv\u00e4t viel\u00e4 osoita oireita.<\/p>\n<p>Tamiflua otetaan tyypillisesti viiden p\u00e4iv\u00e4n kuurina, ja kapseli otetaan kahdesti p\u00e4iv\u00e4ss\u00e4. Ehk\u00e4isyyn suositellaan kerran p\u00e4iv\u00e4ss\u00e4 annosta kymmenen p\u00e4iv\u00e4n ajan l\u00e4heisen kontaktin j\u00e4lkeen henkil\u00f6n kanssa, jolla on flunssa.<\/p>\n<p>Useimmat ihmiset siet\u00e4v\u00e4t Tamiflua hyvin. Jotkut saattavat kokea haittavaikutuksia, kuten pahoinvointia, oksentelua, p\u00e4\u00e4ns\u00e4rky\u00e4 tai vatsakipua, erityisesti hoidon alussa. L\u00e4\u00e4kkeen ottaminen ruoan kanssa voi auttaa v\u00e4hent\u00e4m\u00e4\u00e4n vatsaan liittyvi\u00e4 haittavaikutuksia.<\/p>\n","protected":false},"excerpt":{"rendered":"<ul>\n<li>Alkaa vaikuttaa muutamassa tunnissa lyhent\u00e4en flunssan vaivoja<\/li>\n<li>75 mg kapseli tai lasten suspensio vaihtoehtoja<\/li>\n<li>Todistettu v\u00e4hent\u00e4m\u00e4\u00e4n komplikaatioita korkean riskin ryhmiss\u00e4<\/li>\n<\/ul>\n","protected":false},"featured_media":663,"comment_status":"open","ping_status":"closed","template":"","meta":[],"product_brand":[],"product_cat":[104],"product_tag":[],"expert":[21],"class_list":{"0":"post-661","1":"product","2":"type-product","3":"status-publish","4":"has-post-thumbnail","6":"product_cat-flunssa-yska-vilustumislaakkeet","7":"expert-dr-m-sharoyko","9":"first","10":"instock","11":"shipping-taxable","12":"product-type-variable"},"yoast_head":"<!-- This site is optimized with the Yoast SEO plugin v27.0 - https:\/\/yoast.com\/product\/yoast-seo-wordpress\/ -->\n<title>Tamiflu | Kohdennettu flunssan helpotus ja ehk\u00e4isy - Transtoyou<\/title>\n<meta name=\"description\" content=\"Tamiflu, virusl\u00e4\u00e4ke A- ja B-tyyppiseen influenssaan, lievitt\u00e4\u00e4 oireita ja vakavuutta. Osta nyt Transtoyou&#039;sta tehokasta influenssasuojelua.\" \/>\n<meta name=\"robots\" content=\"noindex, follow, max-snippet:-1, max-image-preview:large, max-video-preview:-1\" \/>\n<meta property=\"og:locale\" content=\"fi_FI\" \/>\n<meta property=\"og:type\" content=\"article\" \/>\n<meta property=\"og:title\" content=\"Tamiflu | Kohdennettu flunssan helpotus ja ehk\u00e4isy - Transtoyou\" \/>\n<meta property=\"og:description\" content=\"Tamiflu, virusl\u00e4\u00e4ke A- ja B-tyyppiseen influenssaan, lievitt\u00e4\u00e4 oireita ja vakavuutta. Osta nyt Transtoyou&#039;sta tehokasta influenssasuojelua.\" \/>\n<meta property=\"og:url\" content=\"https:\/\/www.transtoyou.com\/fi\/product\/tamiflu\/\" \/>\n<meta property=\"og:site_name\" content=\"Transtoyou - FI\" \/>\n<meta property=\"article:modified_time\" content=\"2026-01-23T23:33:55+00:00\" \/>\n<meta name=\"twitter:card\" content=\"summary_large_image\" \/>\n<meta name=\"twitter:label1\" content=\"Arvioitu lukuaika\" \/>\n\t<meta name=\"twitter:data1\" content=\"1 minuutti\" \/>\n<script type=\"application\/ld+json\" class=\"yoast-schema-graph\">{\"@context\":\"https:\/\/schema.org\",\"@graph\":[{\"@type\":\"WebPage\",\"@id\":\"https:\/\/www.transtoyou.com\/fi\/product\/tamiflu\/\",\"url\":\"https:\/\/www.transtoyou.com\/fi\/product\/tamiflu\/\",\"name\":\"Tamiflu | Kohdennettu flunssan helpotus ja ehk\u00e4isy - Transtoyou\",\"isPartOf\":{\"@id\":\"https:\/\/www.transtoyou.com\/fi\/#website\"},\"primaryImageOfPage\":{\"@id\":\"https:\/\/www.transtoyou.com\/fi\/product\/tamiflu\/#primaryimage\"},\"image\":{\"@id\":\"https:\/\/www.transtoyou.com\/fi\/product\/tamiflu\/#primaryimage\"},\"thumbnailUrl\":\"https:\/\/www.transtoyou.com\/fi\/wp-content\/uploads\/sites\/16\/2026\/01\/tty-no-product-image-58.webp\",\"datePublished\":\"2026-01-23T23:32:42+00:00\",\"dateModified\":\"2026-01-23T23:33:55+00:00\",\"description\":\"Tamiflu, virusl\u00e4\u00e4ke A- ja B-tyyppiseen influenssaan, lievitt\u00e4\u00e4 oireita ja vakavuutta. Osta nyt Transtoyou'sta tehokasta influenssasuojelua.\",\"breadcrumb\":{\"@id\":\"https:\/\/www.transtoyou.com\/fi\/product\/tamiflu\/#breadcrumb\"},\"inLanguage\":\"fi\",\"potentialAction\":[{\"@type\":\"ReadAction\",\"target\":[\"https:\/\/www.transtoyou.com\/fi\/product\/tamiflu\/\"]}]},{\"@type\":\"ImageObject\",\"inLanguage\":\"fi\",\"@id\":\"https:\/\/www.transtoyou.com\/fi\/product\/tamiflu\/#primaryimage\",\"url\":\"https:\/\/www.transtoyou.com\/fi\/wp-content\/uploads\/sites\/16\/2026\/01\/tty-no-product-image-58.webp\",\"contentUrl\":\"https:\/\/www.transtoyou.com\/fi\/wp-content\/uploads\/sites\/16\/2026\/01\/tty-no-product-image-58.webp\",\"width\":1000,\"height\":1000,\"caption\":\"Oletusarvoinen tuotekuva\"},{\"@type\":\"WebSite\",\"@id\":\"https:\/\/www.transtoyou.com\/fi\/#website\",\"url\":\"https:\/\/www.transtoyou.com\/fi\/\",\"name\":\"Transtoyou - FI\",\"description\":\"\",\"publisher\":{\"@id\":\"https:\/\/www.transtoyou.com\/fi\/#organization\"},\"potentialAction\":[{\"@type\":\"SearchAction\",\"target\":{\"@type\":\"EntryPoint\",\"urlTemplate\":\"https:\/\/www.transtoyou.com\/fi\/?s={search_term_string}\"},\"query-input\":{\"@type\":\"PropertyValueSpecification\",\"valueRequired\":true,\"valueName\":\"search_term_string\"}}],\"inLanguage\":\"fi\"},{\"@type\":\"Organization\",\"@id\":\"https:\/\/www.transtoyou.com\/fi\/#organization\",\"name\":\"Transtoyou - FI\",\"url\":\"https:\/\/www.transtoyou.com\/fi\/\",\"logo\":{\"@type\":\"ImageObject\",\"inLanguage\":\"fi\",\"@id\":\"https:\/\/www.transtoyou.com\/fi\/#\/schema\/logo\/image\/\",\"url\":\"https:\/\/www.transtoyou.com\/fi\/wp-content\/uploads\/sites\/16\/2026\/01\/logo-tty-menu-bar-300x87-1.webp\",\"contentUrl\":\"https:\/\/www.transtoyou.com\/fi\/wp-content\/uploads\/sites\/16\/2026\/01\/logo-tty-menu-bar-300x87-1.webp\",\"width\":300,\"height\":87,\"caption\":\"Transtoyou - FI\"},\"image\":{\"@id\":\"https:\/\/www.transtoyou.com\/fi\/#\/schema\/logo\/image\/\"}}]}<\/script>\n<!-- \/ Yoast SEO plugin. -->","yoast_head_json":{"title":"Tamiflu | Kohdennettu flunssan helpotus ja ehk\u00e4isy - Transtoyou","description":"Tamiflu, virusl\u00e4\u00e4ke A- ja B-tyyppiseen influenssaan, lievitt\u00e4\u00e4 oireita ja vakavuutta. Osta nyt Transtoyou'sta tehokasta influenssasuojelua.","robots":{"index":"noindex","follow":"follow","max-snippet":"max-snippet:-1","max-image-preview":"max-image-preview:large","max-video-preview":"max-video-preview:-1"},"og_locale":"fi_FI","og_type":"article","og_title":"Tamiflu | Kohdennettu flunssan helpotus ja ehk\u00e4isy - Transtoyou","og_description":"Tamiflu, virusl\u00e4\u00e4ke A- ja B-tyyppiseen influenssaan, lievitt\u00e4\u00e4 oireita ja vakavuutta. Osta nyt Transtoyou'sta tehokasta influenssasuojelua.","og_url":"https:\/\/www.transtoyou.com\/fi\/product\/tamiflu\/","og_site_name":"Transtoyou - FI","article_modified_time":"2026-01-23T23:33:55+00:00","twitter_card":"summary_large_image","twitter_misc":{"Arvioitu lukuaika":"1 minuutti"},"schema":{"@context":"https:\/\/schema.org","@graph":[{"@type":"WebPage","@id":"https:\/\/www.transtoyou.com\/fi\/product\/tamiflu\/","url":"https:\/\/www.transtoyou.com\/fi\/product\/tamiflu\/","name":"Tamiflu | Kohdennettu flunssan helpotus ja ehk\u00e4isy - Transtoyou","isPartOf":{"@id":"https:\/\/www.transtoyou.com\/fi\/#website"},"primaryImageOfPage":{"@id":"https:\/\/www.transtoyou.com\/fi\/product\/tamiflu\/#primaryimage"},"image":{"@id":"https:\/\/www.transtoyou.com\/fi\/product\/tamiflu\/#primaryimage"},"thumbnailUrl":"https:\/\/www.transtoyou.com\/fi\/wp-content\/uploads\/sites\/16\/2026\/01\/tty-no-product-image-58.webp","datePublished":"2026-01-23T23:32:42+00:00","dateModified":"2026-01-23T23:33:55+00:00","description":"Tamiflu, virusl\u00e4\u00e4ke A- ja B-tyyppiseen influenssaan, lievitt\u00e4\u00e4 oireita ja vakavuutta. Osta nyt Transtoyou'sta tehokasta influenssasuojelua.","breadcrumb":{"@id":"https:\/\/www.transtoyou.com\/fi\/product\/tamiflu\/#breadcrumb"},"inLanguage":"fi","potentialAction":[{"@type":"ReadAction","target":["https:\/\/www.transtoyou.com\/fi\/product\/tamiflu\/"]}]},{"@type":"ImageObject","inLanguage":"fi","@id":"https:\/\/www.transtoyou.com\/fi\/product\/tamiflu\/#primaryimage","url":"https:\/\/www.transtoyou.com\/fi\/wp-content\/uploads\/sites\/16\/2026\/01\/tty-no-product-image-58.webp","contentUrl":"https:\/\/www.transtoyou.com\/fi\/wp-content\/uploads\/sites\/16\/2026\/01\/tty-no-product-image-58.webp","width":1000,"height":1000,"caption":"Oletusarvoinen tuotekuva"},{"@type":"WebSite","@id":"https:\/\/www.transtoyou.com\/fi\/#website","url":"https:\/\/www.transtoyou.com\/fi\/","name":"Transtoyou - FI","description":"","publisher":{"@id":"https:\/\/www.transtoyou.com\/fi\/#organization"},"potentialAction":[{"@type":"SearchAction","target":{"@type":"EntryPoint","urlTemplate":"https:\/\/www.transtoyou.com\/fi\/?s={search_term_string}"},"query-input":{"@type":"PropertyValueSpecification","valueRequired":true,"valueName":"search_term_string"}}],"inLanguage":"fi"},{"@type":"Organization","@id":"https:\/\/www.transtoyou.com\/fi\/#organization","name":"Transtoyou - FI","url":"https:\/\/www.transtoyou.com\/fi\/","logo":{"@type":"ImageObject","inLanguage":"fi","@id":"https:\/\/www.transtoyou.com\/fi\/#\/schema\/logo\/image\/","url":"https:\/\/www.transtoyou.com\/fi\/wp-content\/uploads\/sites\/16\/2026\/01\/logo-tty-menu-bar-300x87-1.webp","contentUrl":"https:\/\/www.transtoyou.com\/fi\/wp-content\/uploads\/sites\/16\/2026\/01\/logo-tty-menu-bar-300x87-1.webp","width":300,"height":87,"caption":"Transtoyou - FI"},"image":{"@id":"https:\/\/www.transtoyou.com\/fi\/#\/schema\/logo\/image\/"}}]}},"_links":{"self":[{"href":"https:\/\/www.transtoyou.com\/fi\/wp-json\/wp\/v2\/product\/661","targetHints":{"allow":["GET"]}}],"collection":[{"href":"https:\/\/www.transtoyou.com\/fi\/wp-json\/wp\/v2\/product"}],"about":[{"href":"https:\/\/www.transtoyou.com\/fi\/wp-json\/wp\/v2\/types\/product"}],"replies":[{"embeddable":true,"href":"https:\/\/www.transtoyou.com\/fi\/wp-json\/wp\/v2\/comments?post=661"}],"wp:featuredmedia":[{"embeddable":true,"href":"https:\/\/www.transtoyou.com\/fi\/wp-json\/wp\/v2\/media\/663"}],"wp:attachment":[{"href":"https:\/\/www.transtoyou.com\/fi\/wp-json\/wp\/v2\/media?parent=661"}],"wp:term":[{"taxonomy":"product_brand","embeddable":true,"href":"https:\/\/www.transtoyou.com\/fi\/wp-json\/wp\/v2\/product_brand?post=661"},{"taxonomy":"product_cat","embeddable":true,"href":"https:\/\/www.transtoyou.com\/fi\/wp-json\/wp\/v2\/product_cat?post=661"},{"taxonomy":"product_tag","embeddable":true,"href":"https:\/\/www.transtoyou.com\/fi\/wp-json\/wp\/v2\/product_tag?post=661"},{"taxonomy":"expert","embeddable":true,"href":"https:\/\/www.transtoyou.com\/fi\/wp-json\/wp\/v2\/expert?post=661"}],"curies":[{"name":"wp","href":"https:\/\/api.w.org\/{rel}","templated":true}]}}