{"id":671,"date":"2026-01-24T00:35:28","date_gmt":"2026-01-24T00:35:28","guid":{"rendered":"https:\/\/www.transtoyou.com\/fi\/product\/noriday\/"},"modified":"2026-01-24T00:36:30","modified_gmt":"2026-01-24T00:36:30","slug":"noriday","status":"publish","type":"product","link":"https:\/\/www.transtoyou.com\/fi\/product\/noriday\/","title":{"rendered":"Noriday"},"content":{"rendered":"<p>Noriday on progestiinipohjainen ehk\u00e4isypilleri, jota kutsutaan yleisesti minipilleriksi. Se sis\u00e4lt\u00e4\u00e4 norethisteronia, synteettist\u00e4 versiota hormonista progesteroni, ja sit\u00e4 k\u00e4ytet\u00e4\u00e4n raskauden ehk\u00e4isyyn. Noriday on estrogeenivapaa vaihtoehto, mik\u00e4 tekee siit\u00e4 sopivan henkil\u00f6ille, jotka eiv\u00e4t voi tai eiv\u00e4t halua k\u00e4ytt\u00e4\u00e4 estrogeeniin perustuvia ehk\u00e4isyvalmisteita.<\/p>\n<p>T\u00e4m\u00e4 pilleri toimii ensisijaisesti paksuntamalla kohdunkaulan limaa, mik\u00e4 auttaa v\u00e4hent\u00e4m\u00e4\u00e4n siitti\u00f6iden mahdollisuuksia p\u00e4\u00e4st\u00e4 munasoluun. Se vaikuttaa my\u00f6s kohdun limakalvoon v\u00e4hent\u00e4en kiinnittymisen todenn\u00e4k\u00f6isyytt\u00e4. Joillakin henkil\u00f6ill\u00e4 se voi my\u00f6s est\u00e4\u00e4 ovulaation, mutta t\u00e4m\u00e4 ei ole sen p\u00e4\u00e4asiallinen toimintatapa. Noriday on otettava joka p\u00e4iv\u00e4 samaan aikaan, ilman taukoja pakkausten v\u00e4lill\u00e4.<\/p>\n<p>Noriday voidaan katsoa sopivaksi imett\u00e4ville naisille, yli 35-vuotiaille tai henkil\u00f6ille, joilla on terveysriskej\u00e4, jotka tekev\u00e4t yhdistelm\u00e4pillerit sopimattomiksi. Sit\u00e4 voivat my\u00f6s valita henkil\u00f6t, jotka etsiv\u00e4t mataladoosista, hormonipohjaista ehk\u00e4isy\u00e4. Kuten monien minipillereiden kohdalla, jotkut k\u00e4ytt\u00e4j\u00e4t kokevat muutoksia kuukautisverenvuotoonsa, kuten tiputtelua, ep\u00e4s\u00e4\u00e4nn\u00f6llisi\u00e4 jaksoja tai kuukautisten t\u00e4ydellist\u00e4 puuttumista.<\/p>\n<p>Tehokkuuden yll\u00e4pit\u00e4miseksi Noriday on otettava kolmen tunnin sis\u00e4ll\u00e4 joka p\u00e4iv\u00e4. Jos se otetaan my\u00f6hemmin, ehk\u00e4isyteho voi heikenty\u00e4, ja lis\u00e4ehk\u00e4isy\u00e4 suositellaan seuraavaksi kahdeksi p\u00e4iv\u00e4ksi. Noriday tarjoaa huomaamattoman ja luotettavan vaihtoehdon niille, jotka etsiv\u00e4t hormonipohjaista ehk\u00e4isy\u00e4 ilman estrogeenia, kun sit\u00e4 k\u00e4ytet\u00e4\u00e4n oikein.<\/p>\n","protected":false},"excerpt":{"rendered":"<ul>\n<li>Estrogeeni\u00e4 sis\u00e4lt\u00e4m\u00e4t\u00f6n p\u00e4ivitt\u00e4inen pilleri<\/li>\n<li>Paksuntaa kohdunkaulan limaa ja muuttaa kohdun limakalvoa<\/li>\n<li>Suosittu estrogeeni-intoleranssista k\u00e4rsivien keskuudessa<\/li>\n<\/ul>\n","protected":false},"featured_media":673,"comment_status":"open","ping_status":"closed","template":"","meta":[],"product_brand":[],"product_cat":[133],"product_tag":[],"expert":[19],"class_list":{"0":"post-671","1":"product","2":"type-product","3":"status-publish","4":"has-post-thumbnail","6":"product_cat-mini-pilleri","7":"expert-dr-j-vazquez","9":"first","10":"instock","11":"shipping-taxable","12":"product-type-variable"},"yoast_head":"<!-- This site is optimized with the Yoast SEO plugin v27.0 - https:\/\/yoast.com\/product\/yoast-seo-wordpress\/ -->\n<title>Noriday | Estrogeeni-vapaa ehk\u00e4isypilleri - Transtoyou<\/title>\n<meta name=\"description\" content=\"Noriday mini-pilleri, estrogeeniton ehk\u00e4isyvalmiste, paksuntaa kohdunkaulan limaa est\u00e4\u00e4kseen raskautta. Osta Noriday t\u00e4n\u00e4\u00e4n hormonitasapainoiseksi valinnaksi.\" \/>\n<meta name=\"robots\" content=\"noindex, follow, max-snippet:-1, max-image-preview:large, max-video-preview:-1\" \/>\n<meta property=\"og:locale\" content=\"fi_FI\" \/>\n<meta property=\"og:type\" content=\"article\" \/>\n<meta property=\"og:title\" content=\"Noriday | Estrogeeni-vapaa ehk\u00e4isypilleri - Transtoyou\" \/>\n<meta property=\"og:description\" content=\"Noriday mini-pilleri, estrogeeniton ehk\u00e4isyvalmiste, paksuntaa kohdunkaulan limaa est\u00e4\u00e4kseen raskautta. Osta Noriday t\u00e4n\u00e4\u00e4n hormonitasapainoiseksi valinnaksi.\" \/>\n<meta property=\"og:url\" content=\"https:\/\/www.transtoyou.com\/fi\/product\/noriday\/\" \/>\n<meta property=\"og:site_name\" content=\"Transtoyou - FI\" \/>\n<meta property=\"article:modified_time\" content=\"2026-01-24T00:36:30+00:00\" \/>\n<meta name=\"twitter:card\" content=\"summary_large_image\" \/>\n<meta name=\"twitter:label1\" content=\"Arvioitu lukuaika\" \/>\n\t<meta name=\"twitter:data1\" content=\"1 minuutti\" \/>\n<script type=\"application\/ld+json\" class=\"yoast-schema-graph\">{\"@context\":\"https:\/\/schema.org\",\"@graph\":[{\"@type\":\"WebPage\",\"@id\":\"https:\/\/www.transtoyou.com\/fi\/product\/noriday\/\",\"url\":\"https:\/\/www.transtoyou.com\/fi\/product\/noriday\/\",\"name\":\"Noriday | Estrogeeni-vapaa ehk\u00e4isypilleri - Transtoyou\",\"isPartOf\":{\"@id\":\"https:\/\/www.transtoyou.com\/fi\/#website\"},\"primaryImageOfPage\":{\"@id\":\"https:\/\/www.transtoyou.com\/fi\/product\/noriday\/#primaryimage\"},\"image\":{\"@id\":\"https:\/\/www.transtoyou.com\/fi\/product\/noriday\/#primaryimage\"},\"thumbnailUrl\":\"https:\/\/www.transtoyou.com\/fi\/wp-content\/uploads\/sites\/16\/2026\/01\/tty-no-product-image-62.webp\",\"datePublished\":\"2026-01-24T00:35:28+00:00\",\"dateModified\":\"2026-01-24T00:36:30+00:00\",\"description\":\"Noriday mini-pilleri, estrogeeniton ehk\u00e4isyvalmiste, paksuntaa kohdunkaulan limaa est\u00e4\u00e4kseen raskautta. Osta Noriday t\u00e4n\u00e4\u00e4n hormonitasapainoiseksi valinnaksi.\",\"breadcrumb\":{\"@id\":\"https:\/\/www.transtoyou.com\/fi\/product\/noriday\/#breadcrumb\"},\"inLanguage\":\"fi\",\"potentialAction\":[{\"@type\":\"ReadAction\",\"target\":[\"https:\/\/www.transtoyou.com\/fi\/product\/noriday\/\"]}]},{\"@type\":\"ImageObject\",\"inLanguage\":\"fi\",\"@id\":\"https:\/\/www.transtoyou.com\/fi\/product\/noriday\/#primaryimage\",\"url\":\"https:\/\/www.transtoyou.com\/fi\/wp-content\/uploads\/sites\/16\/2026\/01\/tty-no-product-image-62.webp\",\"contentUrl\":\"https:\/\/www.transtoyou.com\/fi\/wp-content\/uploads\/sites\/16\/2026\/01\/tty-no-product-image-62.webp\",\"width\":1000,\"height\":1000,\"caption\":\"Oletusarvoinen tuotekuva\"},{\"@type\":\"WebSite\",\"@id\":\"https:\/\/www.transtoyou.com\/fi\/#website\",\"url\":\"https:\/\/www.transtoyou.com\/fi\/\",\"name\":\"Transtoyou - FI\",\"description\":\"\",\"publisher\":{\"@id\":\"https:\/\/www.transtoyou.com\/fi\/#organization\"},\"potentialAction\":[{\"@type\":\"SearchAction\",\"target\":{\"@type\":\"EntryPoint\",\"urlTemplate\":\"https:\/\/www.transtoyou.com\/fi\/?s={search_term_string}\"},\"query-input\":{\"@type\":\"PropertyValueSpecification\",\"valueRequired\":true,\"valueName\":\"search_term_string\"}}],\"inLanguage\":\"fi\"},{\"@type\":\"Organization\",\"@id\":\"https:\/\/www.transtoyou.com\/fi\/#organization\",\"name\":\"Transtoyou - FI\",\"url\":\"https:\/\/www.transtoyou.com\/fi\/\",\"logo\":{\"@type\":\"ImageObject\",\"inLanguage\":\"fi\",\"@id\":\"https:\/\/www.transtoyou.com\/fi\/#\/schema\/logo\/image\/\",\"url\":\"https:\/\/www.transtoyou.com\/fi\/wp-content\/uploads\/sites\/16\/2026\/01\/logo-tty-menu-bar-300x87-1.webp\",\"contentUrl\":\"https:\/\/www.transtoyou.com\/fi\/wp-content\/uploads\/sites\/16\/2026\/01\/logo-tty-menu-bar-300x87-1.webp\",\"width\":300,\"height\":87,\"caption\":\"Transtoyou - FI\"},\"image\":{\"@id\":\"https:\/\/www.transtoyou.com\/fi\/#\/schema\/logo\/image\/\"}}]}<\/script>\n<!-- \/ Yoast SEO plugin. -->","yoast_head_json":{"title":"Noriday | Estrogeeni-vapaa ehk\u00e4isypilleri - Transtoyou","description":"Noriday mini-pilleri, estrogeeniton ehk\u00e4isyvalmiste, paksuntaa kohdunkaulan limaa est\u00e4\u00e4kseen raskautta. Osta Noriday t\u00e4n\u00e4\u00e4n hormonitasapainoiseksi valinnaksi.","robots":{"index":"noindex","follow":"follow","max-snippet":"max-snippet:-1","max-image-preview":"max-image-preview:large","max-video-preview":"max-video-preview:-1"},"og_locale":"fi_FI","og_type":"article","og_title":"Noriday | Estrogeeni-vapaa ehk\u00e4isypilleri - Transtoyou","og_description":"Noriday mini-pilleri, estrogeeniton ehk\u00e4isyvalmiste, paksuntaa kohdunkaulan limaa est\u00e4\u00e4kseen raskautta. Osta Noriday t\u00e4n\u00e4\u00e4n hormonitasapainoiseksi valinnaksi.","og_url":"https:\/\/www.transtoyou.com\/fi\/product\/noriday\/","og_site_name":"Transtoyou - FI","article_modified_time":"2026-01-24T00:36:30+00:00","twitter_card":"summary_large_image","twitter_misc":{"Arvioitu lukuaika":"1 minuutti"},"schema":{"@context":"https:\/\/schema.org","@graph":[{"@type":"WebPage","@id":"https:\/\/www.transtoyou.com\/fi\/product\/noriday\/","url":"https:\/\/www.transtoyou.com\/fi\/product\/noriday\/","name":"Noriday | Estrogeeni-vapaa ehk\u00e4isypilleri - Transtoyou","isPartOf":{"@id":"https:\/\/www.transtoyou.com\/fi\/#website"},"primaryImageOfPage":{"@id":"https:\/\/www.transtoyou.com\/fi\/product\/noriday\/#primaryimage"},"image":{"@id":"https:\/\/www.transtoyou.com\/fi\/product\/noriday\/#primaryimage"},"thumbnailUrl":"https:\/\/www.transtoyou.com\/fi\/wp-content\/uploads\/sites\/16\/2026\/01\/tty-no-product-image-62.webp","datePublished":"2026-01-24T00:35:28+00:00","dateModified":"2026-01-24T00:36:30+00:00","description":"Noriday mini-pilleri, estrogeeniton ehk\u00e4isyvalmiste, paksuntaa kohdunkaulan limaa est\u00e4\u00e4kseen raskautta. Osta Noriday t\u00e4n\u00e4\u00e4n hormonitasapainoiseksi valinnaksi.","breadcrumb":{"@id":"https:\/\/www.transtoyou.com\/fi\/product\/noriday\/#breadcrumb"},"inLanguage":"fi","potentialAction":[{"@type":"ReadAction","target":["https:\/\/www.transtoyou.com\/fi\/product\/noriday\/"]}]},{"@type":"ImageObject","inLanguage":"fi","@id":"https:\/\/www.transtoyou.com\/fi\/product\/noriday\/#primaryimage","url":"https:\/\/www.transtoyou.com\/fi\/wp-content\/uploads\/sites\/16\/2026\/01\/tty-no-product-image-62.webp","contentUrl":"https:\/\/www.transtoyou.com\/fi\/wp-content\/uploads\/sites\/16\/2026\/01\/tty-no-product-image-62.webp","width":1000,"height":1000,"caption":"Oletusarvoinen tuotekuva"},{"@type":"WebSite","@id":"https:\/\/www.transtoyou.com\/fi\/#website","url":"https:\/\/www.transtoyou.com\/fi\/","name":"Transtoyou - FI","description":"","publisher":{"@id":"https:\/\/www.transtoyou.com\/fi\/#organization"},"potentialAction":[{"@type":"SearchAction","target":{"@type":"EntryPoint","urlTemplate":"https:\/\/www.transtoyou.com\/fi\/?s={search_term_string}"},"query-input":{"@type":"PropertyValueSpecification","valueRequired":true,"valueName":"search_term_string"}}],"inLanguage":"fi"},{"@type":"Organization","@id":"https:\/\/www.transtoyou.com\/fi\/#organization","name":"Transtoyou - FI","url":"https:\/\/www.transtoyou.com\/fi\/","logo":{"@type":"ImageObject","inLanguage":"fi","@id":"https:\/\/www.transtoyou.com\/fi\/#\/schema\/logo\/image\/","url":"https:\/\/www.transtoyou.com\/fi\/wp-content\/uploads\/sites\/16\/2026\/01\/logo-tty-menu-bar-300x87-1.webp","contentUrl":"https:\/\/www.transtoyou.com\/fi\/wp-content\/uploads\/sites\/16\/2026\/01\/logo-tty-menu-bar-300x87-1.webp","width":300,"height":87,"caption":"Transtoyou - FI"},"image":{"@id":"https:\/\/www.transtoyou.com\/fi\/#\/schema\/logo\/image\/"}}]}},"_links":{"self":[{"href":"https:\/\/www.transtoyou.com\/fi\/wp-json\/wp\/v2\/product\/671","targetHints":{"allow":["GET"]}}],"collection":[{"href":"https:\/\/www.transtoyou.com\/fi\/wp-json\/wp\/v2\/product"}],"about":[{"href":"https:\/\/www.transtoyou.com\/fi\/wp-json\/wp\/v2\/types\/product"}],"replies":[{"embeddable":true,"href":"https:\/\/www.transtoyou.com\/fi\/wp-json\/wp\/v2\/comments?post=671"}],"wp:featuredmedia":[{"embeddable":true,"href":"https:\/\/www.transtoyou.com\/fi\/wp-json\/wp\/v2\/media\/673"}],"wp:attachment":[{"href":"https:\/\/www.transtoyou.com\/fi\/wp-json\/wp\/v2\/media?parent=671"}],"wp:term":[{"taxonomy":"product_brand","embeddable":true,"href":"https:\/\/www.transtoyou.com\/fi\/wp-json\/wp\/v2\/product_brand?post=671"},{"taxonomy":"product_cat","embeddable":true,"href":"https:\/\/www.transtoyou.com\/fi\/wp-json\/wp\/v2\/product_cat?post=671"},{"taxonomy":"product_tag","embeddable":true,"href":"https:\/\/www.transtoyou.com\/fi\/wp-json\/wp\/v2\/product_tag?post=671"},{"taxonomy":"expert","embeddable":true,"href":"https:\/\/www.transtoyou.com\/fi\/wp-json\/wp\/v2\/expert?post=671"}],"curies":[{"name":"wp","href":"https:\/\/api.w.org\/{rel}","templated":true}]}}