{"id":677,"date":"2026-01-24T01:03:16","date_gmt":"2026-01-24T01:03:16","guid":{"rendered":"https:\/\/www.transtoyou.com\/fi\/product\/lyrica\/"},"modified":"2026-02-25T07:19:36","modified_gmt":"2026-02-25T07:19:36","slug":"lyrica","status":"publish","type":"product","link":"https:\/\/www.transtoyou.com\/fi\/product\/lyrica\/","title":{"rendered":"Lyrica"},"content":{"rendered":"<p>Lyrica, joka tunnetaan my\u00f6s geneerisell\u00e4 nimell\u00e4\u00e4n pregabalin, on reseptil\u00e4\u00e4ke, jota k\u00e4ytet\u00e4\u00e4n hermokivun ja fibromyalgian hoitoon. Se on my\u00f6s hyv\u00e4ksytty k\u00e4ytett\u00e4v\u00e4ksi yleistyneess\u00e4 ahdistuneisuush\u00e4iri\u00f6ss\u00e4 ja osittaisissa kohtauksissa lis\u00e4hoitona. Lyrica toimii rauhoittamalla yliaktiivisia hermosignaaleja aivoissa ja selk\u00e4ytimess\u00e4, jotka aiheuttavat kroonista kipua, herkkyytt\u00e4 tai ep\u00e4normaaleja tuntemuksia.<\/p>\n<p>Sit\u00e4 m\u00e4\u00e4r\u00e4t\u00e4\u00e4n yleisesti diabetekseen, vy\u00f6ruusuun (postherpeettinen neuralgia) tai selk\u00e4ydinvammaan liittyv\u00e4\u00e4n hermokipuun. Fibromyalgiassa se voi auttaa lievitt\u00e4m\u00e4\u00e4n laajalle levinnytt\u00e4 kipua, lihasheikkoutta ja v\u00e4symyst\u00e4. Toisin kuin opioidit, Lyrica ei vaikuta suoraan kipureseptoreihin, vaan s\u00e4\u00e4telee kalsiumkanavia hermostossa v\u00e4hent\u00e4\u00e4kseen liiallista hermotoimintaa.<\/p>\n<p>Lyrica otetaan suun kautta, yleens\u00e4 kaksi kertaa p\u00e4iv\u00e4ss\u00e4, ja annoksia s\u00e4\u00e4det\u00e4\u00e4n v\u00e4hitellen tehokkuuden ja siedett\u00e4vyyden tasapainottamiseksi. Useimmat k\u00e4ytt\u00e4j\u00e4t alkavat tuntea helpotusta ensimm\u00e4isen viikon aikana, vaikka t\u00e4ydelliseen hy\u00f6tyyn voi menn\u00e4 useita viikkoja. Joitakin yleisi\u00e4 haittavaikutuksia ovat huimaus, uneliaisuus, turvotus tai suun kuivuminen. N\u00e4m\u00e4 vaikutukset paranevat usein, kun keho tottuu l\u00e4\u00e4kkeeseen.<\/p>\n","protected":false},"excerpt":{"rendered":"<ul>\n<li>Kohdennettua helpotusta hermokipuun ja fibromyalgiaan<\/li>\n<li>Moduloi hermosignaaleja ep\u00e4mukavuuden v\u00e4hent\u00e4miseksi<\/li>\n<li>Ei-opioidinen, suun kautta otettava hoito, jota k\u00e4ytet\u00e4\u00e4n s\u00e4\u00e4nn\u00f6llisesti<\/li>\n<\/ul>\n","protected":false},"featured_media":679,"comment_status":"open","ping_status":"closed","template":"","meta":[],"product_brand":[],"product_cat":[103,134],"product_tag":[],"expert":[19],"class_list":{"0":"post-677","1":"product","2":"type-product","3":"status-publish","4":"has-post-thumbnail","6":"product_cat-fibromyalgia","7":"product_cat-hermokipu","8":"expert-dr-j-vazquez","10":"first","11":"instock","12":"shipping-taxable","13":"product-type-variable"},"yoast_head":"<!-- This site is optimized with the Yoast SEO plugin v27.0 - https:\/\/yoast.com\/product\/yoast-seo-wordpress\/ -->\n<title>Lyrica | Hermokipujen helpotus ja fibromyalgian tuki - Transtoyou<\/title>\n<meta name=\"description\" content=\"Lyrica lievitt\u00e4\u00e4 hermokipua, fibromyalgiaa ja ahdistusta. Tutustu sen etuihin t\u00e4n\u00e4\u00e4n Transtoyou&#039;ssa, miss\u00e4 asiantunteva hoito kohtaa mukavuuden.\" \/>\n<meta name=\"robots\" content=\"noindex, follow, max-snippet:-1, max-image-preview:large, max-video-preview:-1\" \/>\n<meta property=\"og:locale\" content=\"fi_FI\" \/>\n<meta property=\"og:type\" content=\"article\" \/>\n<meta property=\"og:title\" content=\"Lyrica | Hermokipujen helpotus ja fibromyalgian tuki - Transtoyou\" \/>\n<meta property=\"og:description\" content=\"Lyrica lievitt\u00e4\u00e4 hermokipua, fibromyalgiaa ja ahdistusta. Tutustu sen etuihin t\u00e4n\u00e4\u00e4n Transtoyou&#039;ssa, miss\u00e4 asiantunteva hoito kohtaa mukavuuden.\" \/>\n<meta property=\"og:url\" content=\"https:\/\/www.transtoyou.com\/fi\/product\/lyrica\/\" \/>\n<meta property=\"og:site_name\" content=\"Transtoyou - FI\" \/>\n<meta property=\"article:modified_time\" content=\"2026-02-25T07:19:36+00:00\" \/>\n<meta name=\"twitter:card\" content=\"summary_large_image\" \/>\n<meta name=\"twitter:label1\" content=\"Arvioitu lukuaika\" \/>\n\t<meta name=\"twitter:data1\" content=\"1 minuutti\" \/>\n<script type=\"application\/ld+json\" class=\"yoast-schema-graph\">{\"@context\":\"https:\/\/schema.org\",\"@graph\":[{\"@type\":\"WebPage\",\"@id\":\"https:\/\/www.transtoyou.com\/fi\/product\/lyrica\/\",\"url\":\"https:\/\/www.transtoyou.com\/fi\/product\/lyrica\/\",\"name\":\"Lyrica | Hermokipujen helpotus ja fibromyalgian tuki - Transtoyou\",\"isPartOf\":{\"@id\":\"https:\/\/www.transtoyou.com\/fi\/#website\"},\"primaryImageOfPage\":{\"@id\":\"https:\/\/www.transtoyou.com\/fi\/product\/lyrica\/#primaryimage\"},\"image\":{\"@id\":\"https:\/\/www.transtoyou.com\/fi\/product\/lyrica\/#primaryimage\"},\"thumbnailUrl\":\"https:\/\/www.transtoyou.com\/fi\/wp-content\/uploads\/sites\/16\/2026\/01\/tty-no-product-image-64.webp\",\"datePublished\":\"2026-01-24T01:03:16+00:00\",\"dateModified\":\"2026-02-25T07:19:36+00:00\",\"description\":\"Lyrica lievitt\u00e4\u00e4 hermokipua, fibromyalgiaa ja ahdistusta. Tutustu sen etuihin t\u00e4n\u00e4\u00e4n Transtoyou'ssa, miss\u00e4 asiantunteva hoito kohtaa mukavuuden.\",\"breadcrumb\":{\"@id\":\"https:\/\/www.transtoyou.com\/fi\/product\/lyrica\/#breadcrumb\"},\"inLanguage\":\"fi\",\"potentialAction\":[{\"@type\":\"ReadAction\",\"target\":[\"https:\/\/www.transtoyou.com\/fi\/product\/lyrica\/\"]}]},{\"@type\":\"ImageObject\",\"inLanguage\":\"fi\",\"@id\":\"https:\/\/www.transtoyou.com\/fi\/product\/lyrica\/#primaryimage\",\"url\":\"https:\/\/www.transtoyou.com\/fi\/wp-content\/uploads\/sites\/16\/2026\/01\/tty-no-product-image-64.webp\",\"contentUrl\":\"https:\/\/www.transtoyou.com\/fi\/wp-content\/uploads\/sites\/16\/2026\/01\/tty-no-product-image-64.webp\",\"width\":1000,\"height\":1000,\"caption\":\"Oletusarvoinen tuotekuva\"},{\"@type\":\"WebSite\",\"@id\":\"https:\/\/www.transtoyou.com\/fi\/#website\",\"url\":\"https:\/\/www.transtoyou.com\/fi\/\",\"name\":\"Transtoyou - FI\",\"description\":\"\",\"publisher\":{\"@id\":\"https:\/\/www.transtoyou.com\/fi\/#organization\"},\"potentialAction\":[{\"@type\":\"SearchAction\",\"target\":{\"@type\":\"EntryPoint\",\"urlTemplate\":\"https:\/\/www.transtoyou.com\/fi\/?s={search_term_string}\"},\"query-input\":{\"@type\":\"PropertyValueSpecification\",\"valueRequired\":true,\"valueName\":\"search_term_string\"}}],\"inLanguage\":\"fi\"},{\"@type\":\"Organization\",\"@id\":\"https:\/\/www.transtoyou.com\/fi\/#organization\",\"name\":\"Transtoyou - FI\",\"url\":\"https:\/\/www.transtoyou.com\/fi\/\",\"logo\":{\"@type\":\"ImageObject\",\"inLanguage\":\"fi\",\"@id\":\"https:\/\/www.transtoyou.com\/fi\/#\/schema\/logo\/image\/\",\"url\":\"https:\/\/www.transtoyou.com\/fi\/wp-content\/uploads\/sites\/16\/2026\/01\/logo-tty-menu-bar-300x87-1.webp\",\"contentUrl\":\"https:\/\/www.transtoyou.com\/fi\/wp-content\/uploads\/sites\/16\/2026\/01\/logo-tty-menu-bar-300x87-1.webp\",\"width\":300,\"height\":87,\"caption\":\"Transtoyou - FI\"},\"image\":{\"@id\":\"https:\/\/www.transtoyou.com\/fi\/#\/schema\/logo\/image\/\"}}]}<\/script>\n<!-- \/ Yoast SEO plugin. -->","yoast_head_json":{"title":"Lyrica | Hermokipujen helpotus ja fibromyalgian tuki - Transtoyou","description":"Lyrica lievitt\u00e4\u00e4 hermokipua, fibromyalgiaa ja ahdistusta. Tutustu sen etuihin t\u00e4n\u00e4\u00e4n Transtoyou'ssa, miss\u00e4 asiantunteva hoito kohtaa mukavuuden.","robots":{"index":"noindex","follow":"follow","max-snippet":"max-snippet:-1","max-image-preview":"max-image-preview:large","max-video-preview":"max-video-preview:-1"},"og_locale":"fi_FI","og_type":"article","og_title":"Lyrica | Hermokipujen helpotus ja fibromyalgian tuki - Transtoyou","og_description":"Lyrica lievitt\u00e4\u00e4 hermokipua, fibromyalgiaa ja ahdistusta. Tutustu sen etuihin t\u00e4n\u00e4\u00e4n Transtoyou'ssa, miss\u00e4 asiantunteva hoito kohtaa mukavuuden.","og_url":"https:\/\/www.transtoyou.com\/fi\/product\/lyrica\/","og_site_name":"Transtoyou - FI","article_modified_time":"2026-02-25T07:19:36+00:00","twitter_card":"summary_large_image","twitter_misc":{"Arvioitu lukuaika":"1 minuutti"},"schema":{"@context":"https:\/\/schema.org","@graph":[{"@type":"WebPage","@id":"https:\/\/www.transtoyou.com\/fi\/product\/lyrica\/","url":"https:\/\/www.transtoyou.com\/fi\/product\/lyrica\/","name":"Lyrica | Hermokipujen helpotus ja fibromyalgian tuki - Transtoyou","isPartOf":{"@id":"https:\/\/www.transtoyou.com\/fi\/#website"},"primaryImageOfPage":{"@id":"https:\/\/www.transtoyou.com\/fi\/product\/lyrica\/#primaryimage"},"image":{"@id":"https:\/\/www.transtoyou.com\/fi\/product\/lyrica\/#primaryimage"},"thumbnailUrl":"https:\/\/www.transtoyou.com\/fi\/wp-content\/uploads\/sites\/16\/2026\/01\/tty-no-product-image-64.webp","datePublished":"2026-01-24T01:03:16+00:00","dateModified":"2026-02-25T07:19:36+00:00","description":"Lyrica lievitt\u00e4\u00e4 hermokipua, fibromyalgiaa ja ahdistusta. Tutustu sen etuihin t\u00e4n\u00e4\u00e4n Transtoyou'ssa, miss\u00e4 asiantunteva hoito kohtaa mukavuuden.","breadcrumb":{"@id":"https:\/\/www.transtoyou.com\/fi\/product\/lyrica\/#breadcrumb"},"inLanguage":"fi","potentialAction":[{"@type":"ReadAction","target":["https:\/\/www.transtoyou.com\/fi\/product\/lyrica\/"]}]},{"@type":"ImageObject","inLanguage":"fi","@id":"https:\/\/www.transtoyou.com\/fi\/product\/lyrica\/#primaryimage","url":"https:\/\/www.transtoyou.com\/fi\/wp-content\/uploads\/sites\/16\/2026\/01\/tty-no-product-image-64.webp","contentUrl":"https:\/\/www.transtoyou.com\/fi\/wp-content\/uploads\/sites\/16\/2026\/01\/tty-no-product-image-64.webp","width":1000,"height":1000,"caption":"Oletusarvoinen tuotekuva"},{"@type":"WebSite","@id":"https:\/\/www.transtoyou.com\/fi\/#website","url":"https:\/\/www.transtoyou.com\/fi\/","name":"Transtoyou - FI","description":"","publisher":{"@id":"https:\/\/www.transtoyou.com\/fi\/#organization"},"potentialAction":[{"@type":"SearchAction","target":{"@type":"EntryPoint","urlTemplate":"https:\/\/www.transtoyou.com\/fi\/?s={search_term_string}"},"query-input":{"@type":"PropertyValueSpecification","valueRequired":true,"valueName":"search_term_string"}}],"inLanguage":"fi"},{"@type":"Organization","@id":"https:\/\/www.transtoyou.com\/fi\/#organization","name":"Transtoyou - FI","url":"https:\/\/www.transtoyou.com\/fi\/","logo":{"@type":"ImageObject","inLanguage":"fi","@id":"https:\/\/www.transtoyou.com\/fi\/#\/schema\/logo\/image\/","url":"https:\/\/www.transtoyou.com\/fi\/wp-content\/uploads\/sites\/16\/2026\/01\/logo-tty-menu-bar-300x87-1.webp","contentUrl":"https:\/\/www.transtoyou.com\/fi\/wp-content\/uploads\/sites\/16\/2026\/01\/logo-tty-menu-bar-300x87-1.webp","width":300,"height":87,"caption":"Transtoyou - FI"},"image":{"@id":"https:\/\/www.transtoyou.com\/fi\/#\/schema\/logo\/image\/"}}]}},"_links":{"self":[{"href":"https:\/\/www.transtoyou.com\/fi\/wp-json\/wp\/v2\/product\/677","targetHints":{"allow":["GET"]}}],"collection":[{"href":"https:\/\/www.transtoyou.com\/fi\/wp-json\/wp\/v2\/product"}],"about":[{"href":"https:\/\/www.transtoyou.com\/fi\/wp-json\/wp\/v2\/types\/product"}],"replies":[{"embeddable":true,"href":"https:\/\/www.transtoyou.com\/fi\/wp-json\/wp\/v2\/comments?post=677"}],"wp:featuredmedia":[{"embeddable":true,"href":"https:\/\/www.transtoyou.com\/fi\/wp-json\/wp\/v2\/media\/679"}],"wp:attachment":[{"href":"https:\/\/www.transtoyou.com\/fi\/wp-json\/wp\/v2\/media?parent=677"}],"wp:term":[{"taxonomy":"product_brand","embeddable":true,"href":"https:\/\/www.transtoyou.com\/fi\/wp-json\/wp\/v2\/product_brand?post=677"},{"taxonomy":"product_cat","embeddable":true,"href":"https:\/\/www.transtoyou.com\/fi\/wp-json\/wp\/v2\/product_cat?post=677"},{"taxonomy":"product_tag","embeddable":true,"href":"https:\/\/www.transtoyou.com\/fi\/wp-json\/wp\/v2\/product_tag?post=677"},{"taxonomy":"expert","embeddable":true,"href":"https:\/\/www.transtoyou.com\/fi\/wp-json\/wp\/v2\/expert?post=677"}],"curies":[{"name":"wp","href":"https:\/\/api.w.org\/{rel}","templated":true}]}}