{"id":689,"date":"2026-01-24T01:58:11","date_gmt":"2026-01-24T01:58:11","guid":{"rendered":"https:\/\/www.transtoyou.com\/fi\/product\/avodart\/"},"modified":"2026-01-24T01:59:10","modified_gmt":"2026-01-24T01:59:10","slug":"avodart","status":"publish","type":"product","link":"https:\/\/www.transtoyou.com\/fi\/product\/avodart\/","title":{"rendered":"Avodart"},"content":{"rendered":"<p>Avodart sis\u00e4lt\u00e4\u00e4 dutasteridia, l\u00e4\u00e4kett\u00e4, jota k\u00e4ytet\u00e4\u00e4n hyv\u00e4nlaatuiseen eturauhasen liikakasvuun, tilaan, jota yleisesti kutsutaan suurentuneeksi eturauhaiseksi. T\u00e4m\u00e4 tila vaikuttaa moniin miehiin i\u00e4n my\u00f6t\u00e4 ja voi johtaa virtsaamiseen liittyviin oireisiin, kuten tihe\u00e4\u00e4n virtsaamiseen, vaikeuksiin virtsan aloittamisessa tai lopettamisessa sek\u00e4 heikkoon virtsasuihkuun. Avodart toimii pienent\u00e4m\u00e4ll\u00e4 eturauhasta ajan my\u00f6t\u00e4, auttaen lievitt\u00e4m\u00e4\u00e4n n\u00e4it\u00e4 oireita ja parantamaan virtsan virtausta.<\/p>\n<p>Dutasteridi kuuluu l\u00e4\u00e4keryhm\u00e4\u00e4n, jota kutsutaan 5-alfa-reduktaasin est\u00e4jiksi. Se v\u00e4hent\u00e4\u00e4 dihydrotestosteronin tasoja, hormonia, joka saa eturauhasen kasvamaan. Alhaisemmat hormonitasot johtavat pienemp\u00e4\u00e4n eturauhashan, mik\u00e4 puolestaan v\u00e4hent\u00e4\u00e4 painetta virtsaputkessa ja helpottaa virtsaamista. Vaikutukset kehittyv\u00e4t v\u00e4hitellen ja parannus voi kest\u00e4\u00e4 useita kuukausia.<\/p>\n<p>Avodart otetaan p\u00e4ivitt\u00e4isen\u00e4 kapselina (kerran p\u00e4iv\u00e4ss\u00e4) ja se tulee niell\u00e4 kokonaisena veden kanssa. S\u00e4\u00e4nn\u00f6llisyys on t\u00e4rke\u00e4\u00e4, sill\u00e4 annosten unohtaminen voi v\u00e4hent\u00e4\u00e4 tehoa. Sit\u00e4 k\u00e4ytet\u00e4\u00e4n usein pitk\u00e4ll\u00e4 aikav\u00e4lill\u00e4 hy\u00f6tyjen yll\u00e4pit\u00e4miseksi ja komplikaatioriskin, kuten akuutin virtsanpid\u00e4tyksen tai eturauhasleikkauksen tarpeen, v\u00e4hent\u00e4miseksi.<\/p>\n<p>Avodartia siedet\u00e4\u00e4n yleens\u00e4 hyvin. Haittavaikutuksia voivat olla v\u00e4hentynyt libido, rintojen arkuus tai seksuaalinen toimintah\u00e4iri\u00f6. N\u00e4m\u00e4 vaikutukset yleens\u00e4 paranevat ajan my\u00f6t\u00e4 tai lopettamisen j\u00e4lkeen.<\/p>\n","protected":false},"excerpt":{"rendered":"<ul>\n<li>P\u00e4ivitt\u00e4inen kapseli suurentuneelle eturauhaselle<\/li>\n<li>V\u00e4hent\u00e4\u00e4 eturauhasen kokoa ja virtsaoireita<\/li>\n<li>Auttaa est\u00e4m\u00e4\u00e4n pitk\u00e4aikaisia eturauhaskomplikaatioita<\/li>\n<\/ul>\n","protected":false},"featured_media":691,"comment_status":"open","ping_status":"closed","template":"","meta":[],"product_brand":[],"product_cat":[139],"product_tag":[],"expert":[21],"class_list":{"0":"post-689","1":"product","2":"type-product","3":"status-publish","4":"has-post-thumbnail","6":"product_cat-eturauhasterveys","7":"expert-dr-m-sharoyko","9":"first","10":"instock","11":"shipping-taxable","12":"product-type-variable"},"yoast_head":"<!-- This site is optimized with the Yoast SEO plugin v27.0 - https:\/\/yoast.com\/product\/yoast-seo-wordpress\/ -->\n<title>Avodart | Helpota eturauhasen oireita nopeasti - Transtoyou<\/title>\n<meta name=\"description\" content=\"L\u00f6yd\u00e4 Avodart Transtoyou: kohdistuu suurentuneen eturauhasen oireisiin. Koe helpotus dutasteridilla parempaan virtsanvirtaukseen. Osta nyt.\" \/>\n<meta name=\"robots\" content=\"noindex, follow, max-snippet:-1, max-image-preview:large, max-video-preview:-1\" \/>\n<meta property=\"og:locale\" content=\"fi_FI\" \/>\n<meta property=\"og:type\" content=\"article\" \/>\n<meta property=\"og:title\" content=\"Avodart | Helpota eturauhasen oireita nopeasti - Transtoyou\" \/>\n<meta property=\"og:description\" content=\"L\u00f6yd\u00e4 Avodart Transtoyou: kohdistuu suurentuneen eturauhasen oireisiin. Koe helpotus dutasteridilla parempaan virtsanvirtaukseen. Osta nyt.\" \/>\n<meta property=\"og:url\" content=\"https:\/\/www.transtoyou.com\/fi\/product\/avodart\/\" \/>\n<meta property=\"og:site_name\" content=\"Transtoyou - FI\" \/>\n<meta property=\"article:modified_time\" content=\"2026-01-24T01:59:10+00:00\" \/>\n<meta name=\"twitter:card\" content=\"summary_large_image\" \/>\n<meta name=\"twitter:label1\" content=\"Arvioitu lukuaika\" \/>\n\t<meta name=\"twitter:data1\" content=\"1 minuutti\" \/>\n<script type=\"application\/ld+json\" class=\"yoast-schema-graph\">{\"@context\":\"https:\/\/schema.org\",\"@graph\":[{\"@type\":\"WebPage\",\"@id\":\"https:\/\/www.transtoyou.com\/fi\/product\/avodart\/\",\"url\":\"https:\/\/www.transtoyou.com\/fi\/product\/avodart\/\",\"name\":\"Avodart | Helpota eturauhasen oireita nopeasti - Transtoyou\",\"isPartOf\":{\"@id\":\"https:\/\/www.transtoyou.com\/fi\/#website\"},\"primaryImageOfPage\":{\"@id\":\"https:\/\/www.transtoyou.com\/fi\/product\/avodart\/#primaryimage\"},\"image\":{\"@id\":\"https:\/\/www.transtoyou.com\/fi\/product\/avodart\/#primaryimage\"},\"thumbnailUrl\":\"https:\/\/www.transtoyou.com\/fi\/wp-content\/uploads\/sites\/16\/2026\/01\/tty-no-product-image-68.webp\",\"datePublished\":\"2026-01-24T01:58:11+00:00\",\"dateModified\":\"2026-01-24T01:59:10+00:00\",\"description\":\"L\u00f6yd\u00e4 Avodart Transtoyou: kohdistuu suurentuneen eturauhasen oireisiin. Koe helpotus dutasteridilla parempaan virtsanvirtaukseen. Osta nyt.\",\"breadcrumb\":{\"@id\":\"https:\/\/www.transtoyou.com\/fi\/product\/avodart\/#breadcrumb\"},\"inLanguage\":\"fi\",\"potentialAction\":[{\"@type\":\"ReadAction\",\"target\":[\"https:\/\/www.transtoyou.com\/fi\/product\/avodart\/\"]}]},{\"@type\":\"ImageObject\",\"inLanguage\":\"fi\",\"@id\":\"https:\/\/www.transtoyou.com\/fi\/product\/avodart\/#primaryimage\",\"url\":\"https:\/\/www.transtoyou.com\/fi\/wp-content\/uploads\/sites\/16\/2026\/01\/tty-no-product-image-68.webp\",\"contentUrl\":\"https:\/\/www.transtoyou.com\/fi\/wp-content\/uploads\/sites\/16\/2026\/01\/tty-no-product-image-68.webp\",\"width\":1000,\"height\":1000,\"caption\":\"Oletusarvoinen tuotekuva\"},{\"@type\":\"WebSite\",\"@id\":\"https:\/\/www.transtoyou.com\/fi\/#website\",\"url\":\"https:\/\/www.transtoyou.com\/fi\/\",\"name\":\"Transtoyou - FI\",\"description\":\"\",\"publisher\":{\"@id\":\"https:\/\/www.transtoyou.com\/fi\/#organization\"},\"potentialAction\":[{\"@type\":\"SearchAction\",\"target\":{\"@type\":\"EntryPoint\",\"urlTemplate\":\"https:\/\/www.transtoyou.com\/fi\/?s={search_term_string}\"},\"query-input\":{\"@type\":\"PropertyValueSpecification\",\"valueRequired\":true,\"valueName\":\"search_term_string\"}}],\"inLanguage\":\"fi\"},{\"@type\":\"Organization\",\"@id\":\"https:\/\/www.transtoyou.com\/fi\/#organization\",\"name\":\"Transtoyou - FI\",\"url\":\"https:\/\/www.transtoyou.com\/fi\/\",\"logo\":{\"@type\":\"ImageObject\",\"inLanguage\":\"fi\",\"@id\":\"https:\/\/www.transtoyou.com\/fi\/#\/schema\/logo\/image\/\",\"url\":\"https:\/\/www.transtoyou.com\/fi\/wp-content\/uploads\/sites\/16\/2026\/01\/logo-tty-menu-bar-300x87-1.webp\",\"contentUrl\":\"https:\/\/www.transtoyou.com\/fi\/wp-content\/uploads\/sites\/16\/2026\/01\/logo-tty-menu-bar-300x87-1.webp\",\"width\":300,\"height\":87,\"caption\":\"Transtoyou - FI\"},\"image\":{\"@id\":\"https:\/\/www.transtoyou.com\/fi\/#\/schema\/logo\/image\/\"}}]}<\/script>\n<!-- \/ Yoast SEO plugin. -->","yoast_head_json":{"title":"Avodart | Helpota eturauhasen oireita nopeasti - Transtoyou","description":"L\u00f6yd\u00e4 Avodart Transtoyou: kohdistuu suurentuneen eturauhasen oireisiin. Koe helpotus dutasteridilla parempaan virtsanvirtaukseen. Osta nyt.","robots":{"index":"noindex","follow":"follow","max-snippet":"max-snippet:-1","max-image-preview":"max-image-preview:large","max-video-preview":"max-video-preview:-1"},"og_locale":"fi_FI","og_type":"article","og_title":"Avodart | Helpota eturauhasen oireita nopeasti - Transtoyou","og_description":"L\u00f6yd\u00e4 Avodart Transtoyou: kohdistuu suurentuneen eturauhasen oireisiin. Koe helpotus dutasteridilla parempaan virtsanvirtaukseen. Osta nyt.","og_url":"https:\/\/www.transtoyou.com\/fi\/product\/avodart\/","og_site_name":"Transtoyou - FI","article_modified_time":"2026-01-24T01:59:10+00:00","twitter_card":"summary_large_image","twitter_misc":{"Arvioitu lukuaika":"1 minuutti"},"schema":{"@context":"https:\/\/schema.org","@graph":[{"@type":"WebPage","@id":"https:\/\/www.transtoyou.com\/fi\/product\/avodart\/","url":"https:\/\/www.transtoyou.com\/fi\/product\/avodart\/","name":"Avodart | Helpota eturauhasen oireita nopeasti - Transtoyou","isPartOf":{"@id":"https:\/\/www.transtoyou.com\/fi\/#website"},"primaryImageOfPage":{"@id":"https:\/\/www.transtoyou.com\/fi\/product\/avodart\/#primaryimage"},"image":{"@id":"https:\/\/www.transtoyou.com\/fi\/product\/avodart\/#primaryimage"},"thumbnailUrl":"https:\/\/www.transtoyou.com\/fi\/wp-content\/uploads\/sites\/16\/2026\/01\/tty-no-product-image-68.webp","datePublished":"2026-01-24T01:58:11+00:00","dateModified":"2026-01-24T01:59:10+00:00","description":"L\u00f6yd\u00e4 Avodart Transtoyou: kohdistuu suurentuneen eturauhasen oireisiin. Koe helpotus dutasteridilla parempaan virtsanvirtaukseen. Osta nyt.","breadcrumb":{"@id":"https:\/\/www.transtoyou.com\/fi\/product\/avodart\/#breadcrumb"},"inLanguage":"fi","potentialAction":[{"@type":"ReadAction","target":["https:\/\/www.transtoyou.com\/fi\/product\/avodart\/"]}]},{"@type":"ImageObject","inLanguage":"fi","@id":"https:\/\/www.transtoyou.com\/fi\/product\/avodart\/#primaryimage","url":"https:\/\/www.transtoyou.com\/fi\/wp-content\/uploads\/sites\/16\/2026\/01\/tty-no-product-image-68.webp","contentUrl":"https:\/\/www.transtoyou.com\/fi\/wp-content\/uploads\/sites\/16\/2026\/01\/tty-no-product-image-68.webp","width":1000,"height":1000,"caption":"Oletusarvoinen tuotekuva"},{"@type":"WebSite","@id":"https:\/\/www.transtoyou.com\/fi\/#website","url":"https:\/\/www.transtoyou.com\/fi\/","name":"Transtoyou - FI","description":"","publisher":{"@id":"https:\/\/www.transtoyou.com\/fi\/#organization"},"potentialAction":[{"@type":"SearchAction","target":{"@type":"EntryPoint","urlTemplate":"https:\/\/www.transtoyou.com\/fi\/?s={search_term_string}"},"query-input":{"@type":"PropertyValueSpecification","valueRequired":true,"valueName":"search_term_string"}}],"inLanguage":"fi"},{"@type":"Organization","@id":"https:\/\/www.transtoyou.com\/fi\/#organization","name":"Transtoyou - FI","url":"https:\/\/www.transtoyou.com\/fi\/","logo":{"@type":"ImageObject","inLanguage":"fi","@id":"https:\/\/www.transtoyou.com\/fi\/#\/schema\/logo\/image\/","url":"https:\/\/www.transtoyou.com\/fi\/wp-content\/uploads\/sites\/16\/2026\/01\/logo-tty-menu-bar-300x87-1.webp","contentUrl":"https:\/\/www.transtoyou.com\/fi\/wp-content\/uploads\/sites\/16\/2026\/01\/logo-tty-menu-bar-300x87-1.webp","width":300,"height":87,"caption":"Transtoyou - FI"},"image":{"@id":"https:\/\/www.transtoyou.com\/fi\/#\/schema\/logo\/image\/"}}]}},"_links":{"self":[{"href":"https:\/\/www.transtoyou.com\/fi\/wp-json\/wp\/v2\/product\/689","targetHints":{"allow":["GET"]}}],"collection":[{"href":"https:\/\/www.transtoyou.com\/fi\/wp-json\/wp\/v2\/product"}],"about":[{"href":"https:\/\/www.transtoyou.com\/fi\/wp-json\/wp\/v2\/types\/product"}],"replies":[{"embeddable":true,"href":"https:\/\/www.transtoyou.com\/fi\/wp-json\/wp\/v2\/comments?post=689"}],"wp:featuredmedia":[{"embeddable":true,"href":"https:\/\/www.transtoyou.com\/fi\/wp-json\/wp\/v2\/media\/691"}],"wp:attachment":[{"href":"https:\/\/www.transtoyou.com\/fi\/wp-json\/wp\/v2\/media?parent=689"}],"wp:term":[{"taxonomy":"product_brand","embeddable":true,"href":"https:\/\/www.transtoyou.com\/fi\/wp-json\/wp\/v2\/product_brand?post=689"},{"taxonomy":"product_cat","embeddable":true,"href":"https:\/\/www.transtoyou.com\/fi\/wp-json\/wp\/v2\/product_cat?post=689"},{"taxonomy":"product_tag","embeddable":true,"href":"https:\/\/www.transtoyou.com\/fi\/wp-json\/wp\/v2\/product_tag?post=689"},{"taxonomy":"expert","embeddable":true,"href":"https:\/\/www.transtoyou.com\/fi\/wp-json\/wp\/v2\/expert?post=689"}],"curies":[{"name":"wp","href":"https:\/\/api.w.org\/{rel}","templated":true}]}}