{"id":698,"date":"2026-01-24T02:42:08","date_gmt":"2026-01-24T02:42:08","guid":{"rendered":"https:\/\/www.transtoyou.com\/fi\/product\/loceryl\/"},"modified":"2026-01-24T02:43:08","modified_gmt":"2026-01-24T02:43:08","slug":"loceryl","status":"publish","type":"product","link":"https:\/\/www.transtoyou.com\/fi\/product\/loceryl\/","title":{"rendered":"Loceryl"},"content":{"rendered":"<p>Loceryl on paikallinen antifungaalinen hoito, joka on erityisesti suunniteltu kohdistumaan kynsien sienitulehduksiin. Se sis\u00e4lt\u00e4\u00e4 vaikuttavaa ainetta amorolfiinia, joka h\u00e4iritsee sienisolujen kalvojen rakennetta. T\u00e4m\u00e4 est\u00e4\u00e4 sieni\u00e4 kasvamasta ja johtaa lopulta niiden kuolemaan.<\/p>\n<p>Loceryli\u00e4 k\u00e4ytet\u00e4\u00e4n yleisimmin onykomykoosin hoitoon, joka on pysyv\u00e4 sienitulehdus, joka aiheuttaa paksuuntuneita, v\u00e4rimuutoksia tai hauraampia kynsi\u00e4. Sit\u00e4 k\u00e4ytet\u00e4\u00e4n my\u00f6s joskus sienitulehduksiin, kuten urheilijan jalkaan, kun ne vaikuttavat kynnen ymp\u00e4r\u00f6iv\u00e4\u00e4n alueeseen. Toisin kuin suun kautta otettavat antifungaaliset l\u00e4\u00e4kkeet, Loceryl levitet\u00e4\u00e4n suoraan vaikuttavalle kynnelle ja ymp\u00e4r\u00f6iv\u00e4lle iholle, mik\u00e4 mahdollistaa paikallisen hoidon ilman systeemisi\u00e4 haittavaikutuksia.<\/p>\n<p>Lakkaa levitet\u00e4\u00e4n tyypillisesti kerran tai kahdesti viikossa, riippuen infektion vakavuudesta ja hoitosuunnitelmasta. Levityksen j\u00e4lkeen se kuivuu muodostaen suojaavan kalvon, mik\u00e4 mahdollistaa vaikuttavan aineen tunkeutuvan kynteen ajan my\u00f6t\u00e4. T\u00e4m\u00e4 hitaasti vapautuva vaikutus mahdollistaa l\u00e4\u00e4kkeen pysyv\u00e4n aktiivisena useita p\u00e4ivi\u00e4 jokaisella k\u00e4yt\u00f6ll\u00e4.<\/p>\n<p>N\u00e4kyv\u00e4 parannus voi kest\u00e4\u00e4 useita viikkoja, ja t\u00e4ydellinen hoito voi kest\u00e4\u00e4 6\u201312 kuukautta, sill\u00e4 infektoituneen kynnen on kasvettava ulos ja tultava korvatuksi terveell\u00e4 kudoksella.<\/p>\n<p>Haittavaikutukset ovat harvinaisia, mutta niihin voi kuulua liev\u00e4\u00e4 \u00e4rsytyst\u00e4, polttelua tai punoitusta kynnen ymp\u00e4rill\u00e4. Loceryl on yleens\u00e4 hyvin siedetty ja sit\u00e4 pidet\u00e4\u00e4n turvallisena pitk\u00e4aikaiseen k\u00e4ytt\u00f6\u00f6n.<\/p>\n","protected":false},"excerpt":{"rendered":"<ul>\n<li>Paikallinen antifungaalinen kynsien hoito<\/li>\n<li>Kohdistuu sienitulehduksiin kynsiss\u00e4<\/li>\n<li>Pitk\u00e4vaikutteinen lakkaformula<\/li>\n<\/ul>\n","protected":false},"featured_media":699,"comment_status":"open","ping_status":"closed","template":"","meta":[],"product_brand":[],"product_cat":[152],"product_tag":[],"expert":[18],"class_list":{"0":"post-698","1":"product","2":"type-product","3":"status-publish","4":"has-post-thumbnail","6":"product_cat-varpaankynsi-ja-urheilijan-jalkasieni","7":"expert-dr-g-varbanov","9":"first","10":"instock","11":"shipping-taxable","12":"product-type-simple"},"yoast_head":"<!-- This site is optimized with the Yoast SEO plugin v27.0 - https:\/\/yoast.com\/product\/yoast-seo-wordpress\/ -->\n<title>Loceryl | Tehokas sienitautien hoito - Transtoyou<\/title>\n<meta name=\"description\" content=\"Loceryl-sieni\u00e4 est\u00e4v\u00e4 lakka kohdistuu kynsifektioihin amorolfiinilla. Saatavilla t\u00e4\u00e4lt\u00e4, se tarjoaa paikallista hoitoa ilman systeemisi\u00e4 vaikutuksia.\" \/>\n<meta name=\"robots\" content=\"noindex, follow, max-snippet:-1, max-image-preview:large, max-video-preview:-1\" \/>\n<meta property=\"og:locale\" content=\"fi_FI\" \/>\n<meta property=\"og:type\" content=\"article\" \/>\n<meta property=\"og:title\" content=\"Loceryl | Tehokas sienitautien hoito - Transtoyou\" \/>\n<meta property=\"og:description\" content=\"Loceryl-sieni\u00e4 est\u00e4v\u00e4 lakka kohdistuu kynsifektioihin amorolfiinilla. Saatavilla t\u00e4\u00e4lt\u00e4, se tarjoaa paikallista hoitoa ilman systeemisi\u00e4 vaikutuksia.\" \/>\n<meta property=\"og:url\" content=\"https:\/\/www.transtoyou.com\/fi\/product\/loceryl\/\" \/>\n<meta property=\"og:site_name\" content=\"Transtoyou - FI\" \/>\n<meta property=\"article:modified_time\" content=\"2026-01-24T02:43:08+00:00\" \/>\n<meta name=\"twitter:card\" content=\"summary_large_image\" \/>\n<meta name=\"twitter:label1\" content=\"Arvioitu lukuaika\" \/>\n\t<meta name=\"twitter:data1\" content=\"1 minuutti\" \/>\n<script type=\"application\/ld+json\" class=\"yoast-schema-graph\">{\"@context\":\"https:\/\/schema.org\",\"@graph\":[{\"@type\":\"WebPage\",\"@id\":\"https:\/\/www.transtoyou.com\/fi\/product\/loceryl\/\",\"url\":\"https:\/\/www.transtoyou.com\/fi\/product\/loceryl\/\",\"name\":\"Loceryl | Tehokas sienitautien hoito - Transtoyou\",\"isPartOf\":{\"@id\":\"https:\/\/www.transtoyou.com\/fi\/#website\"},\"primaryImageOfPage\":{\"@id\":\"https:\/\/www.transtoyou.com\/fi\/product\/loceryl\/#primaryimage\"},\"image\":{\"@id\":\"https:\/\/www.transtoyou.com\/fi\/product\/loceryl\/#primaryimage\"},\"thumbnailUrl\":\"https:\/\/www.transtoyou.com\/fi\/wp-content\/uploads\/sites\/16\/2026\/01\/tty-no-product-image-71.webp\",\"datePublished\":\"2026-01-24T02:42:08+00:00\",\"dateModified\":\"2026-01-24T02:43:08+00:00\",\"description\":\"Loceryl-sieni\u00e4 est\u00e4v\u00e4 lakka kohdistuu kynsifektioihin amorolfiinilla. Saatavilla t\u00e4\u00e4lt\u00e4, se tarjoaa paikallista hoitoa ilman systeemisi\u00e4 vaikutuksia.\",\"breadcrumb\":{\"@id\":\"https:\/\/www.transtoyou.com\/fi\/product\/loceryl\/#breadcrumb\"},\"inLanguage\":\"fi\",\"potentialAction\":[{\"@type\":\"ReadAction\",\"target\":[\"https:\/\/www.transtoyou.com\/fi\/product\/loceryl\/\"]}]},{\"@type\":\"ImageObject\",\"inLanguage\":\"fi\",\"@id\":\"https:\/\/www.transtoyou.com\/fi\/product\/loceryl\/#primaryimage\",\"url\":\"https:\/\/www.transtoyou.com\/fi\/wp-content\/uploads\/sites\/16\/2026\/01\/tty-no-product-image-71.webp\",\"contentUrl\":\"https:\/\/www.transtoyou.com\/fi\/wp-content\/uploads\/sites\/16\/2026\/01\/tty-no-product-image-71.webp\",\"width\":1000,\"height\":1000,\"caption\":\"Oletusarvoinen tuotekuva\"},{\"@type\":\"WebSite\",\"@id\":\"https:\/\/www.transtoyou.com\/fi\/#website\",\"url\":\"https:\/\/www.transtoyou.com\/fi\/\",\"name\":\"Transtoyou - FI\",\"description\":\"\",\"publisher\":{\"@id\":\"https:\/\/www.transtoyou.com\/fi\/#organization\"},\"potentialAction\":[{\"@type\":\"SearchAction\",\"target\":{\"@type\":\"EntryPoint\",\"urlTemplate\":\"https:\/\/www.transtoyou.com\/fi\/?s={search_term_string}\"},\"query-input\":{\"@type\":\"PropertyValueSpecification\",\"valueRequired\":true,\"valueName\":\"search_term_string\"}}],\"inLanguage\":\"fi\"},{\"@type\":\"Organization\",\"@id\":\"https:\/\/www.transtoyou.com\/fi\/#organization\",\"name\":\"Transtoyou - FI\",\"url\":\"https:\/\/www.transtoyou.com\/fi\/\",\"logo\":{\"@type\":\"ImageObject\",\"inLanguage\":\"fi\",\"@id\":\"https:\/\/www.transtoyou.com\/fi\/#\/schema\/logo\/image\/\",\"url\":\"https:\/\/www.transtoyou.com\/fi\/wp-content\/uploads\/sites\/16\/2026\/01\/logo-tty-menu-bar-300x87-1.webp\",\"contentUrl\":\"https:\/\/www.transtoyou.com\/fi\/wp-content\/uploads\/sites\/16\/2026\/01\/logo-tty-menu-bar-300x87-1.webp\",\"width\":300,\"height\":87,\"caption\":\"Transtoyou - FI\"},\"image\":{\"@id\":\"https:\/\/www.transtoyou.com\/fi\/#\/schema\/logo\/image\/\"}}]}<\/script>\n<!-- \/ Yoast SEO plugin. -->","yoast_head_json":{"title":"Loceryl | Tehokas sienitautien hoito - Transtoyou","description":"Loceryl-sieni\u00e4 est\u00e4v\u00e4 lakka kohdistuu kynsifektioihin amorolfiinilla. Saatavilla t\u00e4\u00e4lt\u00e4, se tarjoaa paikallista hoitoa ilman systeemisi\u00e4 vaikutuksia.","robots":{"index":"noindex","follow":"follow","max-snippet":"max-snippet:-1","max-image-preview":"max-image-preview:large","max-video-preview":"max-video-preview:-1"},"og_locale":"fi_FI","og_type":"article","og_title":"Loceryl | Tehokas sienitautien hoito - Transtoyou","og_description":"Loceryl-sieni\u00e4 est\u00e4v\u00e4 lakka kohdistuu kynsifektioihin amorolfiinilla. Saatavilla t\u00e4\u00e4lt\u00e4, se tarjoaa paikallista hoitoa ilman systeemisi\u00e4 vaikutuksia.","og_url":"https:\/\/www.transtoyou.com\/fi\/product\/loceryl\/","og_site_name":"Transtoyou - FI","article_modified_time":"2026-01-24T02:43:08+00:00","twitter_card":"summary_large_image","twitter_misc":{"Arvioitu lukuaika":"1 minuutti"},"schema":{"@context":"https:\/\/schema.org","@graph":[{"@type":"WebPage","@id":"https:\/\/www.transtoyou.com\/fi\/product\/loceryl\/","url":"https:\/\/www.transtoyou.com\/fi\/product\/loceryl\/","name":"Loceryl | Tehokas sienitautien hoito - Transtoyou","isPartOf":{"@id":"https:\/\/www.transtoyou.com\/fi\/#website"},"primaryImageOfPage":{"@id":"https:\/\/www.transtoyou.com\/fi\/product\/loceryl\/#primaryimage"},"image":{"@id":"https:\/\/www.transtoyou.com\/fi\/product\/loceryl\/#primaryimage"},"thumbnailUrl":"https:\/\/www.transtoyou.com\/fi\/wp-content\/uploads\/sites\/16\/2026\/01\/tty-no-product-image-71.webp","datePublished":"2026-01-24T02:42:08+00:00","dateModified":"2026-01-24T02:43:08+00:00","description":"Loceryl-sieni\u00e4 est\u00e4v\u00e4 lakka kohdistuu kynsifektioihin amorolfiinilla. Saatavilla t\u00e4\u00e4lt\u00e4, se tarjoaa paikallista hoitoa ilman systeemisi\u00e4 vaikutuksia.","breadcrumb":{"@id":"https:\/\/www.transtoyou.com\/fi\/product\/loceryl\/#breadcrumb"},"inLanguage":"fi","potentialAction":[{"@type":"ReadAction","target":["https:\/\/www.transtoyou.com\/fi\/product\/loceryl\/"]}]},{"@type":"ImageObject","inLanguage":"fi","@id":"https:\/\/www.transtoyou.com\/fi\/product\/loceryl\/#primaryimage","url":"https:\/\/www.transtoyou.com\/fi\/wp-content\/uploads\/sites\/16\/2026\/01\/tty-no-product-image-71.webp","contentUrl":"https:\/\/www.transtoyou.com\/fi\/wp-content\/uploads\/sites\/16\/2026\/01\/tty-no-product-image-71.webp","width":1000,"height":1000,"caption":"Oletusarvoinen tuotekuva"},{"@type":"WebSite","@id":"https:\/\/www.transtoyou.com\/fi\/#website","url":"https:\/\/www.transtoyou.com\/fi\/","name":"Transtoyou - FI","description":"","publisher":{"@id":"https:\/\/www.transtoyou.com\/fi\/#organization"},"potentialAction":[{"@type":"SearchAction","target":{"@type":"EntryPoint","urlTemplate":"https:\/\/www.transtoyou.com\/fi\/?s={search_term_string}"},"query-input":{"@type":"PropertyValueSpecification","valueRequired":true,"valueName":"search_term_string"}}],"inLanguage":"fi"},{"@type":"Organization","@id":"https:\/\/www.transtoyou.com\/fi\/#organization","name":"Transtoyou - FI","url":"https:\/\/www.transtoyou.com\/fi\/","logo":{"@type":"ImageObject","inLanguage":"fi","@id":"https:\/\/www.transtoyou.com\/fi\/#\/schema\/logo\/image\/","url":"https:\/\/www.transtoyou.com\/fi\/wp-content\/uploads\/sites\/16\/2026\/01\/logo-tty-menu-bar-300x87-1.webp","contentUrl":"https:\/\/www.transtoyou.com\/fi\/wp-content\/uploads\/sites\/16\/2026\/01\/logo-tty-menu-bar-300x87-1.webp","width":300,"height":87,"caption":"Transtoyou - FI"},"image":{"@id":"https:\/\/www.transtoyou.com\/fi\/#\/schema\/logo\/image\/"}}]}},"_links":{"self":[{"href":"https:\/\/www.transtoyou.com\/fi\/wp-json\/wp\/v2\/product\/698","targetHints":{"allow":["GET"]}}],"collection":[{"href":"https:\/\/www.transtoyou.com\/fi\/wp-json\/wp\/v2\/product"}],"about":[{"href":"https:\/\/www.transtoyou.com\/fi\/wp-json\/wp\/v2\/types\/product"}],"replies":[{"embeddable":true,"href":"https:\/\/www.transtoyou.com\/fi\/wp-json\/wp\/v2\/comments?post=698"}],"wp:featuredmedia":[{"embeddable":true,"href":"https:\/\/www.transtoyou.com\/fi\/wp-json\/wp\/v2\/media\/699"}],"wp:attachment":[{"href":"https:\/\/www.transtoyou.com\/fi\/wp-json\/wp\/v2\/media?parent=698"}],"wp:term":[{"taxonomy":"product_brand","embeddable":true,"href":"https:\/\/www.transtoyou.com\/fi\/wp-json\/wp\/v2\/product_brand?post=698"},{"taxonomy":"product_cat","embeddable":true,"href":"https:\/\/www.transtoyou.com\/fi\/wp-json\/wp\/v2\/product_cat?post=698"},{"taxonomy":"product_tag","embeddable":true,"href":"https:\/\/www.transtoyou.com\/fi\/wp-json\/wp\/v2\/product_tag?post=698"},{"taxonomy":"expert","embeddable":true,"href":"https:\/\/www.transtoyou.com\/fi\/wp-json\/wp\/v2\/expert?post=698"}],"curies":[{"name":"wp","href":"https:\/\/api.w.org\/{rel}","templated":true}]}}