{"id":708,"date":"2026-01-24T03:45:41","date_gmt":"2026-01-24T03:45:41","guid":{"rendered":"https:\/\/www.transtoyou.com\/fi\/product\/sumatriptan\/"},"modified":"2026-03-05T14:37:20","modified_gmt":"2026-03-05T14:37:20","slug":"sumatriptaani","status":"publish","type":"product","link":"https:\/\/www.transtoyou.com\/fi\/product\/sumatriptaani\/","title":{"rendered":"Sumatriptaani"},"content":{"rendered":"<p>Sumatriptaani on l\u00e4\u00e4kitys, jota k\u00e4ytet\u00e4\u00e4n akuutin migreenikohtauksen ja klusterip\u00e4\u00e4ns\u00e4ryn hoitoon. Se kuuluu l\u00e4\u00e4keryhm\u00e4\u00e4n, jota kutsutaan triptaaneiksi, jotka on erityisesti suunniteltu lievitt\u00e4m\u00e4\u00e4n migreenin oireita sen alkaessa. Sumatriptaania ei k\u00e4ytet\u00e4 migreenin ehk\u00e4isyyn, vaan sen tarkoitus on keskeytt\u00e4\u00e4 kohtaus sen alkaessa.<\/p>\n<p>Migreenin oireita voivat olla pulsoiva p\u00e4\u00e4ns\u00e4rky, pahoinvointi, valo- tai \u00e4\u00e4niherkkyys sek\u00e4 n\u00e4k\u00f6h\u00e4iri\u00f6t. Sumatriptaani auttaa supistamalla aivojen laajentuneita verisuonia ja est\u00e4m\u00e4ll\u00e4 tiettyjen kemikaalien vapautumisen, joiden ajatellaan laukaisevan migreenin oireita. T\u00e4m\u00e4 vaikutus auttaa v\u00e4hent\u00e4m\u00e4\u00e4n kipua ja siihen liittyvi\u00e4 oireita suhteellisen lyhyess\u00e4 ajassa.<\/p>\n<p>Suun kautta otettavien tablettien tavanomainen annos on 50 mg tai 100 mg, otettuna migreenin alkaessa. Jos oireet palaavat, toinen annos voidaan ottaa v\u00e4hint\u00e4\u00e4n kahden tunnin kuluttua, mutta 24 tunnin aikana ei tulisi ottaa enemp\u00e4\u00e4 kuin kahta annosta.<\/p>\n<p>Sumatriptaani toimii parhaiten, kun se otetaan varhain migreenikohtauksen alussa, ennen kuin p\u00e4\u00e4ns\u00e4rky pahenee. Monet henkil\u00f6t kokevat merkitt\u00e4v\u00e4\u00e4 helpotusta 30\u201360 minuutin kuluessa l\u00e4\u00e4kkeen ottamisesta.<\/p>\n<p>Yleisi\u00e4 haittavaikutuksia voivat olla pistely, punoitus, v\u00e4symys tai paineen tunne rinnassa tai kurkussa. N\u00e4m\u00e4 vaikutukset ovat tyypillisesti lyhytaikaisia. Sumatriptaani ei v\u00e4ltt\u00e4m\u00e4tt\u00e4 sovi ihmisille, joilla on tiettyj\u00e4 syd\u00e4n- ja verisuonisairauksia, sill\u00e4 se vaikuttaa verisuoniin.<\/p>\n","protected":false},"excerpt":{"rendered":"<ul>\n<li>Nopea helpotus migreenin oireisiin<\/li>\n<li>Kohdistuu p\u00e4\u00e4ns\u00e4ryn verisuoniperustaan<\/li>\n<li>Hoitaa my\u00f6s klusterip\u00e4\u00e4ns\u00e4rkyj\u00e4 tehokkaasti<\/li>\n<\/ul>\n","protected":false},"featured_media":710,"comment_status":"open","ping_status":"closed","template":"","meta":[],"product_brand":[],"product_cat":[110],"product_tag":[],"expert":[16],"class_list":{"0":"post-708","1":"product","2":"type-product","3":"status-publish","4":"has-post-thumbnail","6":"product_cat-paansarky-ja-migreeni","7":"expert-dr-c-alexandru","9":"first","10":"instock","11":"shipping-taxable","12":"product-type-variable"},"yoast_head":"<!-- This site is optimized with the Yoast SEO plugin v27.0 - https:\/\/yoast.com\/product\/yoast-seo-wordpress\/ -->\n<title>Sumatriptaani | Helpota migreeni\u00e4 nopeasti - Transtoyou<\/title>\n<meta name=\"description\" content=\"Sumatriptaani saatavilla Transtoyou, lievitt\u00e4\u00e4 akuutteja migreenej\u00e4 nopeasti. Tarkista oireet tehokkaasti t\u00e4m\u00e4n luotettavan hoitovaihtoehdon avulla.\" \/>\n<meta name=\"robots\" content=\"noindex, follow, max-snippet:-1, max-image-preview:large, max-video-preview:-1\" \/>\n<meta property=\"og:locale\" content=\"fi_FI\" \/>\n<meta property=\"og:type\" content=\"article\" \/>\n<meta property=\"og:title\" content=\"Sumatriptaani | Helpota migreeni\u00e4 nopeasti - Transtoyou\" \/>\n<meta property=\"og:description\" content=\"Sumatriptaani saatavilla Transtoyou, lievitt\u00e4\u00e4 akuutteja migreenej\u00e4 nopeasti. Tarkista oireet tehokkaasti t\u00e4m\u00e4n luotettavan hoitovaihtoehdon avulla.\" \/>\n<meta property=\"og:url\" content=\"https:\/\/www.transtoyou.com\/fi\/product\/sumatriptan\/\" \/>\n<meta property=\"og:site_name\" content=\"Transtoyou - FI\" \/>\n<meta property=\"article:modified_time\" content=\"2026-03-05T14:37:20+00:00\" \/>\n<meta name=\"twitter:card\" content=\"summary_large_image\" \/>\n<meta name=\"twitter:label1\" content=\"Arvioitu lukuaika\" \/>\n\t<meta name=\"twitter:data1\" content=\"1 minuutti\" \/>\n<script type=\"application\/ld+json\" class=\"yoast-schema-graph\">{\"@context\":\"https:\/\/schema.org\",\"@graph\":[{\"@type\":\"WebPage\",\"@id\":\"https:\/\/www.transtoyou.com\/fi\/product\/sumatriptan\/\",\"url\":\"https:\/\/www.transtoyou.com\/fi\/product\/sumatriptan\/\",\"name\":\"Sumatriptaani | Helpota migreeni\u00e4 nopeasti - Transtoyou\",\"isPartOf\":{\"@id\":\"https:\/\/www.transtoyou.com\/fi\/#website\"},\"primaryImageOfPage\":{\"@id\":\"https:\/\/www.transtoyou.com\/fi\/product\/sumatriptan\/#primaryimage\"},\"image\":{\"@id\":\"https:\/\/www.transtoyou.com\/fi\/product\/sumatriptan\/#primaryimage\"},\"thumbnailUrl\":\"https:\/\/www.transtoyou.com\/fi\/wp-content\/uploads\/sites\/16\/2026\/01\/tty-no-product-image-75.webp\",\"datePublished\":\"2026-01-24T03:45:41+00:00\",\"dateModified\":\"2026-03-05T14:37:20+00:00\",\"description\":\"Sumatriptaani saatavilla Transtoyou, lievitt\u00e4\u00e4 akuutteja migreenej\u00e4 nopeasti. Tarkista oireet tehokkaasti t\u00e4m\u00e4n luotettavan hoitovaihtoehdon avulla.\",\"breadcrumb\":{\"@id\":\"https:\/\/www.transtoyou.com\/fi\/product\/sumatriptan\/#breadcrumb\"},\"inLanguage\":\"fi\",\"potentialAction\":[{\"@type\":\"ReadAction\",\"target\":[\"https:\/\/www.transtoyou.com\/fi\/product\/sumatriptan\/\"]}]},{\"@type\":\"ImageObject\",\"inLanguage\":\"fi\",\"@id\":\"https:\/\/www.transtoyou.com\/fi\/product\/sumatriptan\/#primaryimage\",\"url\":\"https:\/\/www.transtoyou.com\/fi\/wp-content\/uploads\/sites\/16\/2026\/01\/tty-no-product-image-75.webp\",\"contentUrl\":\"https:\/\/www.transtoyou.com\/fi\/wp-content\/uploads\/sites\/16\/2026\/01\/tty-no-product-image-75.webp\",\"width\":1000,\"height\":1000,\"caption\":\"Oletusarvoinen tuotekuva\"},{\"@type\":\"WebSite\",\"@id\":\"https:\/\/www.transtoyou.com\/fi\/#website\",\"url\":\"https:\/\/www.transtoyou.com\/fi\/\",\"name\":\"Transtoyou - FI\",\"description\":\"\",\"publisher\":{\"@id\":\"https:\/\/www.transtoyou.com\/fi\/#organization\"},\"potentialAction\":[{\"@type\":\"SearchAction\",\"target\":{\"@type\":\"EntryPoint\",\"urlTemplate\":\"https:\/\/www.transtoyou.com\/fi\/?s={search_term_string}\"},\"query-input\":{\"@type\":\"PropertyValueSpecification\",\"valueRequired\":true,\"valueName\":\"search_term_string\"}}],\"inLanguage\":\"fi\"},{\"@type\":\"Organization\",\"@id\":\"https:\/\/www.transtoyou.com\/fi\/#organization\",\"name\":\"Transtoyou - FI\",\"url\":\"https:\/\/www.transtoyou.com\/fi\/\",\"logo\":{\"@type\":\"ImageObject\",\"inLanguage\":\"fi\",\"@id\":\"https:\/\/www.transtoyou.com\/fi\/#\/schema\/logo\/image\/\",\"url\":\"https:\/\/www.transtoyou.com\/fi\/wp-content\/uploads\/sites\/16\/2026\/01\/logo-tty-menu-bar-300x87-1.webp\",\"contentUrl\":\"https:\/\/www.transtoyou.com\/fi\/wp-content\/uploads\/sites\/16\/2026\/01\/logo-tty-menu-bar-300x87-1.webp\",\"width\":300,\"height\":87,\"caption\":\"Transtoyou - FI\"},\"image\":{\"@id\":\"https:\/\/www.transtoyou.com\/fi\/#\/schema\/logo\/image\/\"}}]}<\/script>\n<!-- \/ Yoast SEO plugin. -->","yoast_head_json":{"title":"Sumatriptaani | Helpota migreeni\u00e4 nopeasti - Transtoyou","description":"Sumatriptaani saatavilla Transtoyou, lievitt\u00e4\u00e4 akuutteja migreenej\u00e4 nopeasti. Tarkista oireet tehokkaasti t\u00e4m\u00e4n luotettavan hoitovaihtoehdon avulla.","robots":{"index":"noindex","follow":"follow","max-snippet":"max-snippet:-1","max-image-preview":"max-image-preview:large","max-video-preview":"max-video-preview:-1"},"og_locale":"fi_FI","og_type":"article","og_title":"Sumatriptaani | Helpota migreeni\u00e4 nopeasti - Transtoyou","og_description":"Sumatriptaani saatavilla Transtoyou, lievitt\u00e4\u00e4 akuutteja migreenej\u00e4 nopeasti. Tarkista oireet tehokkaasti t\u00e4m\u00e4n luotettavan hoitovaihtoehdon avulla.","og_url":"https:\/\/www.transtoyou.com\/fi\/product\/sumatriptan\/","og_site_name":"Transtoyou - FI","article_modified_time":"2026-03-05T14:37:20+00:00","twitter_card":"summary_large_image","twitter_misc":{"Arvioitu lukuaika":"1 minuutti"},"schema":{"@context":"https:\/\/schema.org","@graph":[{"@type":"WebPage","@id":"https:\/\/www.transtoyou.com\/fi\/product\/sumatriptan\/","url":"https:\/\/www.transtoyou.com\/fi\/product\/sumatriptan\/","name":"Sumatriptaani | Helpota migreeni\u00e4 nopeasti - Transtoyou","isPartOf":{"@id":"https:\/\/www.transtoyou.com\/fi\/#website"},"primaryImageOfPage":{"@id":"https:\/\/www.transtoyou.com\/fi\/product\/sumatriptan\/#primaryimage"},"image":{"@id":"https:\/\/www.transtoyou.com\/fi\/product\/sumatriptan\/#primaryimage"},"thumbnailUrl":"https:\/\/www.transtoyou.com\/fi\/wp-content\/uploads\/sites\/16\/2026\/01\/tty-no-product-image-75.webp","datePublished":"2026-01-24T03:45:41+00:00","dateModified":"2026-03-05T14:37:20+00:00","description":"Sumatriptaani saatavilla Transtoyou, lievitt\u00e4\u00e4 akuutteja migreenej\u00e4 nopeasti. Tarkista oireet tehokkaasti t\u00e4m\u00e4n luotettavan hoitovaihtoehdon avulla.","breadcrumb":{"@id":"https:\/\/www.transtoyou.com\/fi\/product\/sumatriptan\/#breadcrumb"},"inLanguage":"fi","potentialAction":[{"@type":"ReadAction","target":["https:\/\/www.transtoyou.com\/fi\/product\/sumatriptan\/"]}]},{"@type":"ImageObject","inLanguage":"fi","@id":"https:\/\/www.transtoyou.com\/fi\/product\/sumatriptan\/#primaryimage","url":"https:\/\/www.transtoyou.com\/fi\/wp-content\/uploads\/sites\/16\/2026\/01\/tty-no-product-image-75.webp","contentUrl":"https:\/\/www.transtoyou.com\/fi\/wp-content\/uploads\/sites\/16\/2026\/01\/tty-no-product-image-75.webp","width":1000,"height":1000,"caption":"Oletusarvoinen tuotekuva"},{"@type":"WebSite","@id":"https:\/\/www.transtoyou.com\/fi\/#website","url":"https:\/\/www.transtoyou.com\/fi\/","name":"Transtoyou - FI","description":"","publisher":{"@id":"https:\/\/www.transtoyou.com\/fi\/#organization"},"potentialAction":[{"@type":"SearchAction","target":{"@type":"EntryPoint","urlTemplate":"https:\/\/www.transtoyou.com\/fi\/?s={search_term_string}"},"query-input":{"@type":"PropertyValueSpecification","valueRequired":true,"valueName":"search_term_string"}}],"inLanguage":"fi"},{"@type":"Organization","@id":"https:\/\/www.transtoyou.com\/fi\/#organization","name":"Transtoyou - FI","url":"https:\/\/www.transtoyou.com\/fi\/","logo":{"@type":"ImageObject","inLanguage":"fi","@id":"https:\/\/www.transtoyou.com\/fi\/#\/schema\/logo\/image\/","url":"https:\/\/www.transtoyou.com\/fi\/wp-content\/uploads\/sites\/16\/2026\/01\/logo-tty-menu-bar-300x87-1.webp","contentUrl":"https:\/\/www.transtoyou.com\/fi\/wp-content\/uploads\/sites\/16\/2026\/01\/logo-tty-menu-bar-300x87-1.webp","width":300,"height":87,"caption":"Transtoyou - FI"},"image":{"@id":"https:\/\/www.transtoyou.com\/fi\/#\/schema\/logo\/image\/"}}]}},"_links":{"self":[{"href":"https:\/\/www.transtoyou.com\/fi\/wp-json\/wp\/v2\/product\/708","targetHints":{"allow":["GET"]}}],"collection":[{"href":"https:\/\/www.transtoyou.com\/fi\/wp-json\/wp\/v2\/product"}],"about":[{"href":"https:\/\/www.transtoyou.com\/fi\/wp-json\/wp\/v2\/types\/product"}],"replies":[{"embeddable":true,"href":"https:\/\/www.transtoyou.com\/fi\/wp-json\/wp\/v2\/comments?post=708"}],"wp:featuredmedia":[{"embeddable":true,"href":"https:\/\/www.transtoyou.com\/fi\/wp-json\/wp\/v2\/media\/710"}],"wp:attachment":[{"href":"https:\/\/www.transtoyou.com\/fi\/wp-json\/wp\/v2\/media?parent=708"}],"wp:term":[{"taxonomy":"product_brand","embeddable":true,"href":"https:\/\/www.transtoyou.com\/fi\/wp-json\/wp\/v2\/product_brand?post=708"},{"taxonomy":"product_cat","embeddable":true,"href":"https:\/\/www.transtoyou.com\/fi\/wp-json\/wp\/v2\/product_cat?post=708"},{"taxonomy":"product_tag","embeddable":true,"href":"https:\/\/www.transtoyou.com\/fi\/wp-json\/wp\/v2\/product_tag?post=708"},{"taxonomy":"expert","embeddable":true,"href":"https:\/\/www.transtoyou.com\/fi\/wp-json\/wp\/v2\/expert?post=708"}],"curies":[{"name":"wp","href":"https:\/\/api.w.org\/{rel}","templated":true}]}}