{"id":711,"date":"2026-01-24T04:03:25","date_gmt":"2026-01-24T04:03:25","guid":{"rendered":"https:\/\/www.transtoyou.com\/fi\/product\/rizatriptan\/"},"modified":"2026-03-02T15:57:42","modified_gmt":"2026-03-02T15:57:42","slug":"rizatriptan","status":"publish","type":"product","link":"https:\/\/www.transtoyou.com\/fi\/product\/rizatriptan\/","title":{"rendered":"Rizatriptaani"},"content":{"rendered":"<p>Rizatriptaani on l\u00e4\u00e4k\u00e4rin m\u00e4\u00e4r\u00e4\u00e4m\u00e4 l\u00e4\u00e4kitys, joka luokitellaan selektiiviseksi serotoniinireseptoriagonistiksi, tunnetaan my\u00f6s nimell\u00e4 Triptan. Sit\u00e4 k\u00e4ytet\u00e4\u00e4n ensisijaisesti migreenikohtausten akuuttiin hoitoon, joko ilman tai kanssa auraa. Rizatriptaani vaikuttaa stimuloimalla serotoniinireseptoreita (5-HT1B ja 5-HT1D) aivoissa, mik\u00e4 johtaa laajentuneiden verisuonten supistumiseen. T\u00e4m\u00e4 verisuonten supistuminen auttaa lievitt\u00e4m\u00e4\u00e4n kipua, pahoinvointia sek\u00e4 valon ja \u00e4\u00e4nen herkkyytt\u00e4, jotka liittyv\u00e4t yleisesti migreeniin.<\/p>\n<p>T\u00e4m\u00e4 l\u00e4\u00e4kitys ei est\u00e4 migreeni\u00e4, mutta hoitaa tehokkaasti migreenikohtauksia niiden alkaessa. Rizatriptaani on tehokkaimmillaan, kun se otetaan ensimm\u00e4isten migreenioireiden ilmetess\u00e4. Se ei hoida muita p\u00e4\u00e4ns\u00e4rkytyyppej\u00e4, kuten j\u00e4nnitysp\u00e4\u00e4ns\u00e4rky\u00e4 tai klusterip\u00e4\u00e4ns\u00e4rky\u00e4.<\/p>\n<p>Rizatriptaanin vaikutus auttaa v\u00e4hent\u00e4m\u00e4\u00e4n tulehdusta aivojen verisuonten ymp\u00e4rill\u00e4, tarjoten kohdennettua helpotusta vaikuttamatta muihin kehon j\u00e4rjestelmiin. Se alkaa yleens\u00e4 vaikuttaa 30\u201360 minuutin kuluttua nauttimisesta ja voi tarjota helpotusta useiden tuntien ajan. Yksi Rizatriptaanin eduista on sen nopea vaikutus ja tehokkuus, jopa silloin kun migreenioireisiin liittyy pahoinvointia tai oksentelua.<\/p>\n<p>Potilaat kokevat usein v\u00e4hemm\u00e4n haittavaikutuksia verrattuna muihin migreenin hoitoihin, ja suun kautta liukeneva tablettivaihtoehto tarjoaa k\u00e4tevyytt\u00e4 ja nopeaa imeytymist\u00e4, erityisesti otettaessa ilman vett\u00e4.<\/p>\n","protected":false},"excerpt":{"rendered":"<ul>\n<li>Nopea migreenin helpotus<\/li>\n<li>Vaikuttaa 30 minuutin kuluessa<\/li>\n<li>K\u00e4tev\u00e4t suun kautta otettavat tabletit<\/li>\n<\/ul>\n","protected":false},"featured_media":713,"comment_status":"open","ping_status":"closed","template":"","meta":[],"product_brand":[],"product_cat":[110],"product_tag":[],"expert":[16],"class_list":{"0":"post-711","1":"product","2":"type-product","3":"status-publish","4":"has-post-thumbnail","6":"product_cat-paansarky-ja-migreeni","7":"expert-dr-c-alexandru","9":"first","10":"instock","11":"shipping-taxable","12":"product-type-variable"},"yoast_head":"<!-- This site is optimized with the Yoast SEO plugin v27.0 - https:\/\/yoast.com\/product\/yoast-seo-wordpress\/ -->\n<title>Rizatriptaani | Nopea helpotus migreenist\u00e4 - Transtoyou<\/title>\n<meta name=\"description\" content=\"Rizatriptan: Tehokasta migreenin lievityst\u00e4 Transtoyou&#039;ssa. P\u00e4\u00e4sy ammattilaishoitoon, turvalliset reseptit ja kohdennettua p\u00e4\u00e4ns\u00e4ryn helpotusta.\" \/>\n<meta name=\"robots\" content=\"noindex, follow, max-snippet:-1, max-image-preview:large, max-video-preview:-1\" \/>\n<meta property=\"og:locale\" content=\"fi_FI\" \/>\n<meta property=\"og:type\" content=\"article\" \/>\n<meta property=\"og:title\" content=\"Rizatriptaani | Nopea helpotus migreenist\u00e4 - Transtoyou\" \/>\n<meta property=\"og:description\" content=\"Rizatriptan: Tehokasta migreenin lievityst\u00e4 Transtoyou&#039;ssa. P\u00e4\u00e4sy ammattilaishoitoon, turvalliset reseptit ja kohdennettua p\u00e4\u00e4ns\u00e4ryn helpotusta.\" \/>\n<meta property=\"og:url\" content=\"https:\/\/www.transtoyou.com\/fi\/product\/rizatriptan\/\" \/>\n<meta property=\"og:site_name\" content=\"Transtoyou - FI\" \/>\n<meta property=\"article:modified_time\" content=\"2026-03-02T15:57:42+00:00\" \/>\n<meta name=\"twitter:card\" content=\"summary_large_image\" \/>\n<meta name=\"twitter:label1\" content=\"Arvioitu lukuaika\" \/>\n\t<meta name=\"twitter:data1\" content=\"1 minuutti\" \/>\n<script type=\"application\/ld+json\" class=\"yoast-schema-graph\">{\"@context\":\"https:\/\/schema.org\",\"@graph\":[{\"@type\":\"WebPage\",\"@id\":\"https:\/\/www.transtoyou.com\/fi\/product\/rizatriptan\/\",\"url\":\"https:\/\/www.transtoyou.com\/fi\/product\/rizatriptan\/\",\"name\":\"Rizatriptaani | Nopea helpotus migreenist\u00e4 - Transtoyou\",\"isPartOf\":{\"@id\":\"https:\/\/www.transtoyou.com\/fi\/#website\"},\"primaryImageOfPage\":{\"@id\":\"https:\/\/www.transtoyou.com\/fi\/product\/rizatriptan\/#primaryimage\"},\"image\":{\"@id\":\"https:\/\/www.transtoyou.com\/fi\/product\/rizatriptan\/#primaryimage\"},\"thumbnailUrl\":\"https:\/\/www.transtoyou.com\/fi\/wp-content\/uploads\/sites\/16\/2026\/01\/tty-no-product-image-76.webp\",\"datePublished\":\"2026-01-24T04:03:25+00:00\",\"dateModified\":\"2026-03-02T15:57:42+00:00\",\"description\":\"Rizatriptan: Tehokasta migreenin lievityst\u00e4 Transtoyou'ssa. P\u00e4\u00e4sy ammattilaishoitoon, turvalliset reseptit ja kohdennettua p\u00e4\u00e4ns\u00e4ryn helpotusta.\",\"breadcrumb\":{\"@id\":\"https:\/\/www.transtoyou.com\/fi\/product\/rizatriptan\/#breadcrumb\"},\"inLanguage\":\"fi\",\"potentialAction\":[{\"@type\":\"ReadAction\",\"target\":[\"https:\/\/www.transtoyou.com\/fi\/product\/rizatriptan\/\"]}]},{\"@type\":\"ImageObject\",\"inLanguage\":\"fi\",\"@id\":\"https:\/\/www.transtoyou.com\/fi\/product\/rizatriptan\/#primaryimage\",\"url\":\"https:\/\/www.transtoyou.com\/fi\/wp-content\/uploads\/sites\/16\/2026\/01\/tty-no-product-image-76.webp\",\"contentUrl\":\"https:\/\/www.transtoyou.com\/fi\/wp-content\/uploads\/sites\/16\/2026\/01\/tty-no-product-image-76.webp\",\"width\":1000,\"height\":1000,\"caption\":\"Oletusarvoinen tuotekuva\"},{\"@type\":\"WebSite\",\"@id\":\"https:\/\/www.transtoyou.com\/fi\/#website\",\"url\":\"https:\/\/www.transtoyou.com\/fi\/\",\"name\":\"Transtoyou - FI\",\"description\":\"\",\"publisher\":{\"@id\":\"https:\/\/www.transtoyou.com\/fi\/#organization\"},\"potentialAction\":[{\"@type\":\"SearchAction\",\"target\":{\"@type\":\"EntryPoint\",\"urlTemplate\":\"https:\/\/www.transtoyou.com\/fi\/?s={search_term_string}\"},\"query-input\":{\"@type\":\"PropertyValueSpecification\",\"valueRequired\":true,\"valueName\":\"search_term_string\"}}],\"inLanguage\":\"fi\"},{\"@type\":\"Organization\",\"@id\":\"https:\/\/www.transtoyou.com\/fi\/#organization\",\"name\":\"Transtoyou - FI\",\"url\":\"https:\/\/www.transtoyou.com\/fi\/\",\"logo\":{\"@type\":\"ImageObject\",\"inLanguage\":\"fi\",\"@id\":\"https:\/\/www.transtoyou.com\/fi\/#\/schema\/logo\/image\/\",\"url\":\"https:\/\/www.transtoyou.com\/fi\/wp-content\/uploads\/sites\/16\/2026\/01\/logo-tty-menu-bar-300x87-1.webp\",\"contentUrl\":\"https:\/\/www.transtoyou.com\/fi\/wp-content\/uploads\/sites\/16\/2026\/01\/logo-tty-menu-bar-300x87-1.webp\",\"width\":300,\"height\":87,\"caption\":\"Transtoyou - FI\"},\"image\":{\"@id\":\"https:\/\/www.transtoyou.com\/fi\/#\/schema\/logo\/image\/\"}}]}<\/script>\n<!-- \/ Yoast SEO plugin. -->","yoast_head_json":{"title":"Rizatriptaani | Nopea helpotus migreenist\u00e4 - Transtoyou","description":"Rizatriptan: Tehokasta migreenin lievityst\u00e4 Transtoyou'ssa. P\u00e4\u00e4sy ammattilaishoitoon, turvalliset reseptit ja kohdennettua p\u00e4\u00e4ns\u00e4ryn helpotusta.","robots":{"index":"noindex","follow":"follow","max-snippet":"max-snippet:-1","max-image-preview":"max-image-preview:large","max-video-preview":"max-video-preview:-1"},"og_locale":"fi_FI","og_type":"article","og_title":"Rizatriptaani | Nopea helpotus migreenist\u00e4 - Transtoyou","og_description":"Rizatriptan: Tehokasta migreenin lievityst\u00e4 Transtoyou'ssa. P\u00e4\u00e4sy ammattilaishoitoon, turvalliset reseptit ja kohdennettua p\u00e4\u00e4ns\u00e4ryn helpotusta.","og_url":"https:\/\/www.transtoyou.com\/fi\/product\/rizatriptan\/","og_site_name":"Transtoyou - FI","article_modified_time":"2026-03-02T15:57:42+00:00","twitter_card":"summary_large_image","twitter_misc":{"Arvioitu lukuaika":"1 minuutti"},"schema":{"@context":"https:\/\/schema.org","@graph":[{"@type":"WebPage","@id":"https:\/\/www.transtoyou.com\/fi\/product\/rizatriptan\/","url":"https:\/\/www.transtoyou.com\/fi\/product\/rizatriptan\/","name":"Rizatriptaani | Nopea helpotus migreenist\u00e4 - Transtoyou","isPartOf":{"@id":"https:\/\/www.transtoyou.com\/fi\/#website"},"primaryImageOfPage":{"@id":"https:\/\/www.transtoyou.com\/fi\/product\/rizatriptan\/#primaryimage"},"image":{"@id":"https:\/\/www.transtoyou.com\/fi\/product\/rizatriptan\/#primaryimage"},"thumbnailUrl":"https:\/\/www.transtoyou.com\/fi\/wp-content\/uploads\/sites\/16\/2026\/01\/tty-no-product-image-76.webp","datePublished":"2026-01-24T04:03:25+00:00","dateModified":"2026-03-02T15:57:42+00:00","description":"Rizatriptan: Tehokasta migreenin lievityst\u00e4 Transtoyou'ssa. P\u00e4\u00e4sy ammattilaishoitoon, turvalliset reseptit ja kohdennettua p\u00e4\u00e4ns\u00e4ryn helpotusta.","breadcrumb":{"@id":"https:\/\/www.transtoyou.com\/fi\/product\/rizatriptan\/#breadcrumb"},"inLanguage":"fi","potentialAction":[{"@type":"ReadAction","target":["https:\/\/www.transtoyou.com\/fi\/product\/rizatriptan\/"]}]},{"@type":"ImageObject","inLanguage":"fi","@id":"https:\/\/www.transtoyou.com\/fi\/product\/rizatriptan\/#primaryimage","url":"https:\/\/www.transtoyou.com\/fi\/wp-content\/uploads\/sites\/16\/2026\/01\/tty-no-product-image-76.webp","contentUrl":"https:\/\/www.transtoyou.com\/fi\/wp-content\/uploads\/sites\/16\/2026\/01\/tty-no-product-image-76.webp","width":1000,"height":1000,"caption":"Oletusarvoinen tuotekuva"},{"@type":"WebSite","@id":"https:\/\/www.transtoyou.com\/fi\/#website","url":"https:\/\/www.transtoyou.com\/fi\/","name":"Transtoyou - FI","description":"","publisher":{"@id":"https:\/\/www.transtoyou.com\/fi\/#organization"},"potentialAction":[{"@type":"SearchAction","target":{"@type":"EntryPoint","urlTemplate":"https:\/\/www.transtoyou.com\/fi\/?s={search_term_string}"},"query-input":{"@type":"PropertyValueSpecification","valueRequired":true,"valueName":"search_term_string"}}],"inLanguage":"fi"},{"@type":"Organization","@id":"https:\/\/www.transtoyou.com\/fi\/#organization","name":"Transtoyou - FI","url":"https:\/\/www.transtoyou.com\/fi\/","logo":{"@type":"ImageObject","inLanguage":"fi","@id":"https:\/\/www.transtoyou.com\/fi\/#\/schema\/logo\/image\/","url":"https:\/\/www.transtoyou.com\/fi\/wp-content\/uploads\/sites\/16\/2026\/01\/logo-tty-menu-bar-300x87-1.webp","contentUrl":"https:\/\/www.transtoyou.com\/fi\/wp-content\/uploads\/sites\/16\/2026\/01\/logo-tty-menu-bar-300x87-1.webp","width":300,"height":87,"caption":"Transtoyou - FI"},"image":{"@id":"https:\/\/www.transtoyou.com\/fi\/#\/schema\/logo\/image\/"}}]}},"_links":{"self":[{"href":"https:\/\/www.transtoyou.com\/fi\/wp-json\/wp\/v2\/product\/711","targetHints":{"allow":["GET"]}}],"collection":[{"href":"https:\/\/www.transtoyou.com\/fi\/wp-json\/wp\/v2\/product"}],"about":[{"href":"https:\/\/www.transtoyou.com\/fi\/wp-json\/wp\/v2\/types\/product"}],"replies":[{"embeddable":true,"href":"https:\/\/www.transtoyou.com\/fi\/wp-json\/wp\/v2\/comments?post=711"}],"wp:featuredmedia":[{"embeddable":true,"href":"https:\/\/www.transtoyou.com\/fi\/wp-json\/wp\/v2\/media\/713"}],"wp:attachment":[{"href":"https:\/\/www.transtoyou.com\/fi\/wp-json\/wp\/v2\/media?parent=711"}],"wp:term":[{"taxonomy":"product_brand","embeddable":true,"href":"https:\/\/www.transtoyou.com\/fi\/wp-json\/wp\/v2\/product_brand?post=711"},{"taxonomy":"product_cat","embeddable":true,"href":"https:\/\/www.transtoyou.com\/fi\/wp-json\/wp\/v2\/product_cat?post=711"},{"taxonomy":"product_tag","embeddable":true,"href":"https:\/\/www.transtoyou.com\/fi\/wp-json\/wp\/v2\/product_tag?post=711"},{"taxonomy":"expert","embeddable":true,"href":"https:\/\/www.transtoyou.com\/fi\/wp-json\/wp\/v2\/expert?post=711"}],"curies":[{"name":"wp","href":"https:\/\/api.w.org\/{rel}","templated":true}]}}